{"id":29075,"date":"2021-04-03T19:12:17","date_gmt":"2021-04-03T17:12:17","guid":{"rendered":"https:\/\/www.vita.sk\/affiliate-a-spolupraca\/"},"modified":"2025-09-26T14:55:21","modified_gmt":"2025-09-26T12:55:21","slug":"affiliate-a-spolupraca","status":"publish","type":"page","link":"https:\/\/www.vita.sk\/cs\/affiliate-a-spolupraca\/","title":{"rendered":"Affiliate a spolupr\u00e1ce"},"content":{"rendered":"<p>R\u00e1di byste prod\u00e1vali nebo propagovali <strong>certifikovan\u00e9 kurzy VITA<\/strong>? M\u00e1te <strong>vlastn\u00ed web<\/strong>, <strong>blog<\/strong> \u010di <strong>port\u00e1l<\/strong>, kter\u00fd m\u00e1 <strong>pravideln\u00e9 n\u00e1v\u0161t\u011bvn\u00edky a \u010dten\u00e1\u0159e<\/strong>? Cht\u011bli byste <strong>p\u0159ivyd\u011blat<\/strong> nebo <strong>vyd\u011bl\u00e1vat doporu\u010den\u00edm kurz\u016f VITA<\/strong>? L\u00edb\u00ed se v\u00e1m na\u0161e kurzy nebo byste je cht\u011bli doplnit do portfolia v\u00e1mi prod\u00e1van\u00fdch produkt\u016f?<\/p>\n<h2>M\u00e1te vlastn\u00ed web \u010di blog a chcete z\u00edskat provizi z prodeje kurz\u016f VITA<\/h2>\n<p>Ji\u017e p\u00e1r let <strong>spolupracujeme s Dognetem<\/strong>. Dognet je jeden z nejv\u011bt\u0161\u00edch a podle n\u00e1s nejlep\u0161\u00edch Affiliate platforem na Slovensku. Prost\u0159ednictv\u00edm Dognetu nab\u00edz\u00ed <strong>provizi<\/strong> p\u011bkn\u00fdch <strong>23% pro obsahov\u00e9 publishery, 15% pro cashback a 10% kuponov\u00fdch publisher\u016f<\/strong> z ka\u017ed\u00e9ho prodan\u00e9ho kurzu, kter\u00fd doporu\u010d\u00edte \u010di odpropagujete. D\u00e9lka sledov\u00e1n\u00ed cookies je 30 dn\u00ed. Provize se schvaluj\u00ed do maxim\u00e1ln\u011b 45 dn\u016f, zpravidla to b\u00fdv\u00e1 p\u0159ibli\u017en\u011b m\u011bs\u00edc.<\/p>\n<p>Pro publishery jsou k <strong>dispozici bannery<\/strong> v r\u016fzn\u00fdch velikostech a form\u00e1tech, <strong>XML feed, Dognet Media<\/strong> a <strong>podporujeme i influencery<\/strong> (\u010dti n\u00ed\u017ee \u010d\u00e1st pro influencery). Pro publishery je <strong>povolen cash-back, emailing, obsah<\/strong> i <strong>kup\u00f3nov\u00e9 weby.<\/strong><\/p>\n<p>Pokud V\u00e1s nab\u00eddka zaujala <strong>zaregistrujte se<\/strong> do <strong>Dognetu<\/strong> a <strong>zapojte se<\/strong> do <a href=\"https:\/\/www.dognet.sk\/kampane\/vsetky-kategorie\/vsetky-krajiny\/vsetky-typy\/Vita.sk\/\"><strong>kampane VITA.<\/strong><\/a><\/p>\n<p><a href=\"https:\/\/www.dognet.sk\/kampane\/vsetky-kategorie\/vsetky-krajiny\/vsetky-typy\/Vita.sk\/\"><img decoding=\"async\" class=\"aligncenter wp-image-7262 size-large\" src=\"https:\/\/www.vita.sk\/wp-content\/uploads\/2021\/08\/vita-dognet-spolupraca-1024x576.png\" alt=\"VITA Dognet Affiliate Spolupr\u00e1ca\" width=\"1024\" height=\"576\" srcset=\"https:\/\/www.vita.sk\/wp-content\/uploads\/2021\/08\/vita-dognet-spolupraca-1024x576.png 1024w, https:\/\/www.vita.sk\/wp-content\/uploads\/2021\/08\/vita-dognet-spolupraca-600x338.png 600w, https:\/\/www.vita.sk\/wp-content\/uploads\/2021\/08\/vita-dognet-spolupraca-300x169.png 300w, https:\/\/www.vita.sk\/wp-content\/uploads\/2021\/08\/vita-dognet-spolupraca-768x432.png 768w, https:\/\/www.vita.sk\/wp-content\/uploads\/2021\/08\/vita-dognet-spolupraca-1536x864.png 1536w, https:\/\/www.vita.sk\/wp-content\/uploads\/2021\/08\/vita-dognet-spolupraca.png 1920w\" sizes=\"(max-width: 1024px) 100vw, 1024px\" \/><\/a><\/p>\n<h2>Jsem influencer a r\u00e1d bych propagoval va\u0161e kurzy<\/h2>\n<p>Hled\u00e1me influencery ze segmentu: <strong>Vzd\u011bl\u00e1v\u00e1n\u00ed, kurzy, \u0161kolen\u00ed, IT a marketing<\/strong>. Minim\u00e1ln\u00ed po\u017eadavek <strong>dosahu influencera: 5 000.<\/strong><\/p>\n<p>M\u00e1te-li z\u00e1jem zapojit se do kampan\u011b, tak v <strong>administraci<\/strong> v sekci <strong>\u201eKampan\u011b\u201c<\/strong> vyhledejte <strong>kampa\u0148<\/strong> s n\u00e1zvem \u201e \u201e<a href=\"https:\/\/www.dognet.sk\/kampane\/vita-sk\/\"><strong>Vita.sk \u2013 Medi\u00e1ln\u00ed kampa\u0148<\/strong><\/a>\u201c a<strong> po\u017e\u00e1dejte o p\u0159id\u00e1n\u00ed.<\/strong> Inzerent v\u00e1s v kampani bu\u010f schv\u00e1l\u00ed nebo zam\u00edtne. Pros\u00edm, vypl\u0148te pozn\u00e1mku p\u0159i \u017e\u00e1dosti co nejp\u0159esn\u011bji, aby inzerent v\u011bd\u011bl, o jak\u00e9ho publishera se jedn\u00e1. N\u00e1sledn\u011b inzerent s v\u00e1mi nav\u00e1\u017ee kontakt a komunikace prob\u011bhne mezi v\u00e1mi a inzerentem.<\/p>\n<p>Mrkn\u011bte na na\u0161e firemn\u00ed hodnoty a filozofii \u010di se s n\u00ed ztoto\u017e\u0148ujete. R\u00e1di v\u011bnujeme na testov\u00e1n\u00ed p\u00e1r kurz\u016f zdarma. Pokud se V\u00e1m kurzy budou l\u00edbit, budeme r\u00e1di pokud je odpropagujete na sv\u00fdch soci\u00e1ln\u00edch s\u00edt\u00edch a \u00fa\u010dtech.<\/p>\n<p>M\u016f\u017eete s n\u00e1mi spolupracovat prost\u0159ednictv\u00edm <a href=\"https:\/\/www.dognet.sk\/zarabajte-na-svojom-instagrame-youtube-alebo-facebooku\/\"><strong>s\u00edt\u011b Dognet<\/strong><\/a>. Po registraci v t\u00e9to s\u00edti n\u00e1s sta\u010d\u00ed kontaktovat a p\u0159id\u011bl\u00edme V\u00e1m vlastn\u00ed jedine\u010dn\u00fd kup\u00f3n. Video jak funguje vyd\u011bl\u00e1v\u00e1n\u00ed influencer\u016f p\u0159es Dognetu:<\/p>\n<p><iframe class=\"aligncenter\" title=\"YouTube video player\" src=\"https:\/\/www.youtube.com\/embed\/rcJR1kdpV-Y\" width=\"560\" height=\"315\" frameborder=\"0\" allowfullscreen=\"allowfullscreen\"><span data-mce-type=\"bookmark\" style=\"display: inline-block; width: 0px; overflow: hidden; line-height: 0;\" class=\"mce_SELRES_start\">\ufeff<\/span><\/iframe><\/p>\n<h3>Postup funguje spolupr\u00e1ce s influencerem a jak za\u010d\u00edt<\/h3>\n<ol>\n<li><strong>Vyberete si kampa\u0148 VITA.sk: <a href=\"https:\/\/www.dognet.sk\/kampane\/vsetky-kategorie\/vsetky-krajiny\/vsetky-typy\/Vita.sk\/\">Zaregistrujete se na Dognet <\/a><\/strong>a pot\u00e9 data zapojit do kampan\u011b.<\/li>\n<li><strong>Z\u00edsk\u00e1te kup\u00f3n: <\/strong>Po\u017e\u00e1d\u00e1te o kup\u00f3n a dohodneme podm\u00ednky. Zn\u011bn\u00ed s obsahem kuponu si m\u016f\u017eete vybrat a spole\u010dn\u011b se domluv\u00edme.<\/li>\n<li><strong>Propagujte jej: <\/strong>Vyu\u017e\u00edv\u00e1te va\u0161e profily a propagujete kup\u00f3n<\/li>\n<li><strong>Publikum nakupuje: <\/strong>Lidem se to l\u00edb\u00ed, kup\u00f3n pou\u017e\u00edvaj\u00ed a nakupuj\u00ed<\/li>\n<li><strong>Vyd\u011bl\u00e1v\u00e1te:<\/strong> Pokud \u010dlov\u011bk pou\u017eije p\u0159i n\u00e1kupu kup\u00f3n, z\u00edsk\u00e1v\u00e1te provizi z prodeje<\/li>\n<li><strong>Vypl\u00e1c\u00edme: <\/strong>Sb\u00edr\u00e1te provize a n\u00e1sledn\u011b si je m\u016f\u017eete d\u00e1t vyplatit.<\/li>\n<\/ol>\n<h2>Chceme nab\u00eddnout PR \u010dl\u00e1nky, zp\u011btn\u00e9 odkazy<\/h2>\n<p>M\u00e1me z\u00e1jem o perspektivn\u00ed medi\u00e1ln\u00ed kampa\u0148 pro VITA.sk. Konkr\u00e9tn\u011b m\u00e1me z\u00e1jem o:<\/p>\n<p><strong>1. Publikov\u00e1n\u00ed PR \u010dl\u00e1nk\u016f.<\/strong><br \/>\nHled\u00e1me publishery ze segmentu: Vzd\u011bl\u00e1v\u00e1n\u00ed, kurzy, \u0161kolen\u00ed, IT, marketing. Za publikov\u00e1n\u00ed jednoho PR \u010dl\u00e1nku um\u00edme nab\u00eddnout: do 35 \u20ac.<\/p>\n<p><strong>2. Koupi zp\u011btn\u00fdch odkaz\u016f.<\/strong><br \/>\nHled\u00e1me publishery ze segmentu: Vzd\u011bl\u00e1v\u00e1n\u00ed, kurzy, \u0161kolen\u00ed, IT, marketing. Za publikov\u00e1n\u00ed jednoho zp\u011btn\u00e9ho odkazu um\u00edme nab\u00eddnout: do 35 \u20ac.<\/p>\n<p><strong>3. Publikov\u00e1n\u00ed recenz\u00ed.<\/strong><br \/>\nHled\u00e1me publishery ze segmentu: Vzd\u011bl\u00e1v\u00e1n\u00ed, kurzy, \u0161kolen\u00ed, IT, marketing. Minim\u00e1ln\u00ed po\u017eadavek m\u011bs\u00ed\u010dn\u00ed n\u00e1v\u0161t\u011bvnosti webu: 5 000 n\u00e1v\u0161t\u011bvn\u00edk\u016f.<br \/>\nZa publikov\u00e1n\u00ed jedn\u00e9 recenze um\u00edme nab\u00eddnout: do 35 \u20ac.<\/p>\n<p><strong>4. Spolupr\u00e1ci s influencery.<\/strong><br \/>\nHled\u00e1me influencery ze segmentu: Vzd\u011bl\u00e1v\u00e1n\u00ed, kurzy, \u0161kolen\u00ed, IT, marketing. Minim\u00e1ln\u00ed po\u017eadavek dosahu influencera: 5 000.<\/p>\n<h2>Jsme kup\u00f3nov\u00fd port\u00e1l a chceme nab\u00edzet kurzy VITA<\/h2>\n<p>Spolupracujeme tak\u00e9 s kup\u00f3nov\u00fdmi port\u00e1ly, kter\u00fdm nab\u00edz\u00edme 10% provizi prost\u0159ednictv\u00edm <strong><a href=\"https:\/\/www.dognet.sk\/kampane\/vita-sk\/\">Dognetu<\/a><\/strong>.<\/p>\n<h2>Jsem lektor a chci pro vytv\u00e1\u0159et a prod\u00e1vat kurzy na VITA.sk<\/h2>\n<p>M\u00e1\u0161 lidi co nau\u010dit a chce\u0161 posouvat sv\u00e9 znalosti d\u00e1l? Skv\u011bl\u00e9, ozvi se n\u00e1m na n\u00e1\u0161 email <a href=\"mailto:mamzaujem@vita.sk\"><strong>mamzaujem@vita.sk<\/strong><\/a> a dohodneme se jak spolu vytvo\u0159\u00edme kvalitn\u00ed online kurzy.<\/p>\n<h3><strong>Benefity spolupr\u00e1ce s VITA<\/strong><\/h3>\n<ul>\n<li><strong>Vyd\u011blat si v\u00edc<\/strong> \u2013 vytvo\u0159\u00ed\u0161 si vlastn\u00ed kurz, ur\u010d\u00ed\u0161 si cenu a vyd\u011bl\u00e1v\u00e1\u0161 ka\u017edou objedn\u00e1vkou kurzu<\/li>\n<li><strong>M\u00edt v\u011bt\u0161\u00ed kontrolu nad sv\u00fdm \u010dasem<\/strong> \u2013 jedin\u00e9 co pot\u0159ebuje\u0161 si naj\u00edt \u010das na nahr\u00e1n\u00ed kurzu do port\u00e1lu VITA. Nahr\u00e1v\u00e1\u0161 tehdy, kdy\u017e se na to c\u00edt\u00ed\u0161 a chce\u0161<\/li>\n<li><strong>Budovat si vlastn\u00ed zna\u010dku<\/strong> \u2013 jde hlavn\u011b o mo\u017enost prezentov\u00e1n\u00ed a zvy\u0161ov\u00e1n\u00ed si sv\u00fdch preferenc\u00ed<\/li>\n<li><strong>Zlep\u0161en\u00ed sv\u00fdch prezenta\u010dn\u00edch dovednost\u00ed<\/strong> &#8211; u\u010den\u00ed druh\u00fdch je skv\u011bl\u00e1 v\u011bc jak zlep\u0161it sv\u00e9 prezenta\u010dn\u00ed, komunika\u010dn\u00ed a lektorsk\u00e9 dovednosti<\/li>\n<li><strong>Z\u00edsk\u00e1n\u00ed nov\u00fdch z\u00e1kazn\u00edk\u016f<\/strong> \u2013 ka\u017ed\u00fd kvalitn\u00ed kurz s sebou p\u0159in\u00e1\u0161\u00ed krom\u011b spokojen\u00fdch student\u016f i mo\u017enost spolupr\u00e1ce se studenty \u010di firmami, kter\u00e9 si kurz zakoupili<\/li>\n<\/ul>\n<h3>M\u00e1m u\u017e nahran\u00e9 videoz\u00e1znamy ze sv\u00fdch kurz\u016f um\u00edm je nahr\u00e1t do VITA?<\/h3>\n<p>Tato mo\u017enost samoz\u0159ejm\u011b je k dispozici. Ide\u00e1ln\u00ed je si, ale proj\u00edt spole\u010dn\u011b konkr\u00e9tn\u00ed podm\u00ednky na osobn\u00ed sch\u016fzce \u010di p\u0159es videomeeting. V p\u0159\u00edpad\u011b ot\u00e1zek se v\u00edte na n\u00e1s obr\u00e1tit p\u0159\u00edmo i na<a href=\"mailto:mamzaujem@vita.sk\"><strong>\u00a0mamzaujem@vita.sk<\/strong><\/a>.<\/p>\n<h3>Jak\u00fdm zp\u016fsobem jsou vypl\u00e1ceny odm\u011bny lektor\u016f?<\/h3>\n<p>Odm\u011bny jsou vypl\u00e1ceny m\u011bs\u00ed\u010dn\u011b v z\u00e1vislosti na:<\/p>\n<ul>\n<li>zda si lektor p\u0159ipravuje v\u0161echny materi\u00e1ly s\u00e1m, nahr\u00e1v\u00e1 videa do na\u0161\u00ed platformy<\/li>\n<li>lektor m\u00e1 podklady, kter\u00e9 s n\u00e1mi konzultuje, zpracov\u00e1n\u00ed videa prob\u00edh\u00e1 za na\u0161\u00ed pomoci nebo samostatn\u011b<\/li>\n<li>marketing a reklama spolu s propagac\u00ed kurz\u016f<\/li>\n<\/ul>\n<h3>Kolik si um\u00edm vyd\u011blat?<\/h3>\n<p>Z\u00e1vis\u00ed to na tebe. Nab\u00edz\u00edme ti b\u00fdt krom\u011b lektora pro online kurzy i na\u0161\u00edm lektorem pro prezen\u010dn\u00ed kurzy. Hodinov\u00e9 sazby jsou <strong>12 a\u017e 35 Eur\/hod netto.<\/strong><\/p>\n<h2>R\u00e1di bychom byli v benefitech VITA, zviditelnili se a z\u00edskali nov\u00e9 klienty<\/h2>\n<p>Na\u0161im student\u016fm poskytujeme zaj\u00edmav\u00e9 benefity a slevy, kter\u00e9 um\u00ed pou\u017e\u00edvat nap\u0159\u00edklad k rozvoji sv\u00fdch znalost\u00ed nebo podnik\u00e1n\u00ed. Benefity jsou dostupn\u00e9 pouze pro plat\u00edc\u00ed z\u00e1kazn\u00edky.<\/p>\n<p><strong>Chcete poskytovat profesn\u00ed tituly (MBA, MSc, DBA, LLM) nebo mezin\u00e1rodn\u00ed certifika\u010dn\u00ed zkou\u0161ky<\/strong><\/p>\n<p>M\u00e1te firmu, ve kter\u00e9 zaji\u0161\u0165ujete vzd\u011bl\u00e1v\u00e1n\u00ed nebo n\u011bjak\u00fdm zp\u016fsobem realizujete vzd\u011bl\u00e1v\u00e1n\u00ed? Chcete b\u00fdt partnerem VITA, abyste mohli poskytovat profesn\u00ed tituly (MBA, MSc, DBA, LLM) nebo mezin\u00e1rodn\u00ed certifika\u010dn\u00ed zkou\u0161ky?<\/p>\n<p>Kontaktujte n\u00e1s emailem na <a href=\"mailto:mamzaujem@vita.sk\"><strong>mamzaujem@vita.sk<\/strong><\/a>\u00a0 a dohodneme si vz\u00e1jemn\u00e9 v\u00fdhodn\u00e9 podm\u00ednky spolupr\u00e1ce.<\/p>\n","protected":false},"excerpt":{"rendered":".","protected":false},"author":3,"featured_media":0,"parent":0,"menu_order":0,"comment_status":"closed","ping_status":"closed","template":"","meta":{"_acf_changed":false,"footnotes":""},"class_list":["post-29075","page","type-page","status-publish","hentry"],"yoast_head":"<!-- This site is optimized with the Yoast SEO Premium plugin v25.0 (Yoast SEO v25.0) - https:\/\/yoast.com\/wordpress\/plugins\/seo\/ -->\n<title>Affiliate a spolupr\u00e1ce | VITA<\/title>\n<meta name=\"robots\" content=\"index, follow, max-snippet:-1, max-image-preview:large, max-video-preview:-1\" \/>\n<link rel=\"canonical\" href=\"https:\/\/www.vita.sk\/cs\/affiliate-a-spolupraca\/\" \/>\n<meta property=\"og:locale\" content=\"cs_CZ\" \/>\n<meta property=\"og:type\" content=\"article\" \/>\n<meta property=\"og:title\" content=\"Affiliate a spolupr\u00e1ce\" \/>\n<meta property=\"og:description\" content=\"R\u00e1di byste prod\u00e1vali nebo propagovali certifikovan\u00e9 kurzy VITA? M\u00e1te vlastn\u00ed web, blog \u010di port\u00e1l, kter\u00fd m\u00e1 pravideln\u00e9 n\u00e1v\u0161t\u011bvn\u00edky a \u010dten\u00e1\u0159e? Cht\u011bli byste p\u0159ivyd\u011blat nebo vyd\u011bl\u00e1vat doporu\u010den\u00edm kurz\u016f VITA? L\u00edb\u00ed se v\u00e1m na\u0161e kurzy nebo byste je cht\u011bli doplnit do portfolia v\u00e1mi prod\u00e1van\u00fdch produkt\u016f? M\u00e1te vlastn\u00ed web \u010di blog a chcete z\u00edskat provizi z prodeje kurz\u016f [&hellip;]\" \/>\n<meta property=\"og:url\" content=\"https:\/\/www.vita.sk\/cs\/affiliate-a-spolupraca\/\" \/>\n<meta property=\"og:site_name\" content=\"VITA\" \/>\n<meta property=\"article:publisher\" content=\"https:\/\/www.facebook.com\/VitaAcademySK\" \/>\n<meta property=\"article:modified_time\" content=\"2025-09-26T12:55:21+00:00\" \/>\n<meta property=\"og:image\" content=\"https:\/\/www.vita.sk\/wp-content\/uploads\/2021\/08\/vita-dognet-spolupraca.png\" \/>\n\t<meta property=\"og:image:width\" content=\"1920\" \/>\n\t<meta property=\"og:image:height\" content=\"1080\" \/>\n\t<meta property=\"og:image:type\" content=\"image\/png\" \/>\n<meta name=\"twitter:card\" content=\"summary_large_image\" \/>\n<meta name=\"twitter:label1\" content=\"Odhadovan\u00e1 doba \u010dten\u00ed\" \/>\n\t<meta name=\"twitter:data1\" content=\"5 minut\" \/>\n<script type=\"application\/ld+json\" class=\"yoast-schema-graph\">{\n\t    \"@context\": \"https:\/\/schema.org\",\n\t    \"@graph\": [\n\t        {\n\t            \"@type\": \"WebPage\",\n\t            \"@id\": \"https:\/\/www.vita.sk\/cs\/affiliate-a-spolupraca\/\",\n\t            \"url\": \"https:\/\/www.vita.sk\/cs\/affiliate-a-spolupraca\/\",\n\t            \"name\": \"Affiliate a spolupr\u00e1ce | VITA\",\n\t            \"isPartOf\": {\n\t                \"@id\": \"https:\/\/www.vita.sk\/#website\"\n\t            },\n\t            \"primaryImageOfPage\": {\n\t                \"@id\": \"https:\/\/www.vita.sk\/cs\/affiliate-a-spolupraca\/#primaryimage\"\n\t            },\n\t            \"image\": {\n\t                \"@id\": \"https:\/\/www.vita.sk\/cs\/affiliate-a-spolupraca\/#primaryimage\"\n\t            },\n\t            \"thumbnailUrl\": \"https:\/\/www.vita.sk\/wp-content\/uploads\/2021\/08\/vita-dognet-spolupraca-1024x576.png\",\n\t            \"datePublished\": \"2021-04-03T17:12:17+00:00\",\n\t            \"dateModified\": \"2025-09-26T12:55:21+00:00\",\n\t            \"breadcrumb\": {\n\t                \"@id\": \"https:\/\/www.vita.sk\/cs\/affiliate-a-spolupraca\/#breadcrumb\"\n\t            },\n\t            \"inLanguage\": \"cs\",\n\t            \"potentialAction\": [\n\t                {\n\t                    \"@type\": \"ReadAction\",\n\t                    \"target\": [\n\t                        \"https:\/\/www.vita.sk\/cs\/affiliate-a-spolupraca\/\"\n\t                    ]\n\t                }\n\t            ]\n\t        },\n\t        {\n\t            \"@type\": \"ImageObject\",\n\t            \"inLanguage\": \"cs\",\n\t            \"@id\": \"https:\/\/www.vita.sk\/cs\/affiliate-a-spolupraca\/#primaryimage\",\n\t            \"url\": \"https:\/\/www.vita.sk\/wp-content\/uploads\/2021\/08\/vita-dognet-spolupraca-1024x576.png\",\n\t            \"contentUrl\": \"https:\/\/www.vita.sk\/wp-content\/uploads\/2021\/08\/vita-dognet-spolupraca-1024x576.png\"\n\t        },\n\t        {\n\t            \"@type\": \"BreadcrumbList\",\n\t            \"@id\": \"https:\/\/www.vita.sk\/cs\/affiliate-a-spolupraca\/#breadcrumb\",\n\t            \"itemListElement\": [\n\t                {\n\t                    \"@type\": \"ListItem\",\n\t                    \"position\": 1,\n\t                    \"name\": \"VITA Academy\",\n\t                    \"item\": \"https:\/\/www.vita.sk\/cs\/\"\n\t                },\n\t                {\n\t                    \"@type\": \"ListItem\",\n\t                    \"position\": 2,\n\t                    \"name\": \"Affiliate a spolupr\u00e1ce\"\n\t                }\n\t            ]\n\t        },\n\t        {\n\t            \"@type\": \"WebSite\",\n\t            \"@id\": \"https:\/\/www.vita.sk\/#website\",\n\t            \"url\": \"https:\/\/www.vita.sk\/\",\n\t            \"name\": \"VITA\",\n\t            \"description\": \"\",\n\t            \"publisher\": {\n\t                \"@id\": \"https:\/\/www.vita.sk\/#organization\"\n\t            },\n\t            \"potentialAction\": [\n\t                {\n\t                    \"@type\": \"SearchAction\",\n\t                    \"target\": {\n\t                        \"@type\": \"EntryPoint\",\n\t                        \"urlTemplate\": \"https:\/\/www.vita.sk\/?s={search_term_string}\"\n\t                    },\n\t                    \"query-input\": {\n\t                        \"@type\": \"PropertyValueSpecification\",\n\t                        \"valueRequired\": true,\n\t                        \"valueName\": \"search_term_string\"\n\t                    }\n\t                }\n\t            ],\n\t            \"inLanguage\": \"cs\"\n\t        },\n\t        {\n\t            \"email\": \"admin@vita.sk\",\n\t            \"logo\": \"https:\/\/www.vita.sk\/img\/vita_logo.png \",\n\t            \"address\": {\n\t                \"type\": \"PostalAddress\",\n\t                \"streetAddress\": \"Tom\u00e1\u0161ikova 50\/A\",\n\t                \"addressLocality\": \"Bratislava\",\n\t                \"postalCode\": \"83104\",\n\t                \"addressCountry\": {\n\t                    \"name\": \"SK\",\n\t                    \"type\": \"Country\"\n\t                }\n\t            },\n\t            \"contactPoint\": {\n\t                \"type\": \"ContactPoint\",\n\t                \"telephone\": \"+421 907 375\u00a0543\",\n\t                \"Email\": \"admin@vita.sk\",\n\t                \"contactType\": \"customer service\"\n\t            },\n\t            \"sameAs\": [\n\t                \"https:\/\/www.facebook.com\/VitaAcademySK\/\",\n\t                \"https:\/\/www.linkedin.com\/company\/vita-academy\/\"\n\t            ]\n\t        }\n\t    ]\n\t}<\/script>\n<!-- \/ Yoast SEO Premium plugin. -->","yoast_head_json":{"title":"Affiliate a spolupr\u00e1ce | VITA","robots":{"index":"index","follow":"follow","max-snippet":"max-snippet:-1","max-image-preview":"max-image-preview:large","max-video-preview":"max-video-preview:-1"},"canonical":"https:\/\/www.vita.sk\/cs\/affiliate-a-spolupraca\/","og_locale":"cs_CZ","og_type":"article","og_title":"Affiliate a spolupr\u00e1ce","og_description":"R\u00e1di byste prod\u00e1vali nebo propagovali certifikovan\u00e9 kurzy VITA? M\u00e1te vlastn\u00ed web, blog \u010di port\u00e1l, kter\u00fd m\u00e1 pravideln\u00e9 n\u00e1v\u0161t\u011bvn\u00edky a \u010dten\u00e1\u0159e? Cht\u011bli byste p\u0159ivyd\u011blat nebo vyd\u011bl\u00e1vat doporu\u010den\u00edm kurz\u016f VITA? L\u00edb\u00ed se v\u00e1m na\u0161e kurzy nebo byste je cht\u011bli doplnit do portfolia v\u00e1mi prod\u00e1van\u00fdch produkt\u016f? M\u00e1te vlastn\u00ed web \u010di blog a chcete z\u00edskat provizi z prodeje kurz\u016f [&hellip;]","og_url":"https:\/\/www.vita.sk\/cs\/affiliate-a-spolupraca\/","og_site_name":"VITA","article_publisher":"https:\/\/www.facebook.com\/VitaAcademySK","article_modified_time":"2025-09-26T12:55:21+00:00","og_image":[{"width":1920,"height":1080,"url":"https:\/\/www.vita.sk\/wp-content\/uploads\/2021\/08\/vita-dognet-spolupraca.png","type":"image\/png"}],"twitter_card":"summary_large_image","twitter_misc":{"Odhadovan\u00e1 doba \u010dten\u00ed":"5 minut"},"schema":{"@context":"https:\/\/schema.org","@graph":[{"@type":"WebPage","@id":"https:\/\/www.vita.sk\/cs\/affiliate-a-spolupraca\/","url":"https:\/\/www.vita.sk\/cs\/affiliate-a-spolupraca\/","name":"Affiliate a spolupr\u00e1ce | VITA","isPartOf":{"@id":"https:\/\/www.vita.sk\/#website"},"primaryImageOfPage":{"@id":"https:\/\/www.vita.sk\/cs\/affiliate-a-spolupraca\/#primaryimage"},"image":{"@id":"https:\/\/www.vita.sk\/cs\/affiliate-a-spolupraca\/#primaryimage"},"thumbnailUrl":"https:\/\/www.vita.sk\/wp-content\/uploads\/2021\/08\/vita-dognet-spolupraca-1024x576.png","datePublished":"2021-04-03T17:12:17+00:00","dateModified":"2025-09-26T12:55:21+00:00","breadcrumb":{"@id":"https:\/\/www.vita.sk\/cs\/affiliate-a-spolupraca\/#breadcrumb"},"inLanguage":"cs","potentialAction":[{"@type":"ReadAction","target":["https:\/\/www.vita.sk\/cs\/affiliate-a-spolupraca\/"]}]},{"@type":"ImageObject","inLanguage":"cs","@id":"https:\/\/www.vita.sk\/cs\/affiliate-a-spolupraca\/#primaryimage","url":"https:\/\/www.vita.sk\/wp-content\/uploads\/2021\/08\/vita-dognet-spolupraca-1024x576.png","contentUrl":"https:\/\/www.vita.sk\/wp-content\/uploads\/2021\/08\/vita-dognet-spolupraca-1024x576.png"},{"@type":"BreadcrumbList","@id":"https:\/\/www.vita.sk\/cs\/affiliate-a-spolupraca\/#breadcrumb","itemListElement":[{"@type":"ListItem","position":1,"name":"VITA Academy","item":"https:\/\/www.vita.sk\/cs\/"},{"@type":"ListItem","position":2,"name":"Affiliate a spolupr\u00e1ce"}]},{"@type":"WebSite","@id":"https:\/\/www.vita.sk\/#website","url":"https:\/\/www.vita.sk\/","name":"VITA","description":"","publisher":{"@id":"https:\/\/www.vita.sk\/#organization"},"potentialAction":[{"@type":"SearchAction","target":{"@type":"EntryPoint","urlTemplate":"https:\/\/www.vita.sk\/?s={search_term_string}"},"query-input":{"@type":"PropertyValueSpecification","valueRequired":true,"valueName":"search_term_string"}}],"inLanguage":"cs"},{"email":"admin@vita.sk","logo":"https:\/\/www.vita.sk\/img\/vita_logo.png ","address":{"type":"PostalAddress","streetAddress":"Tom\u00e1\u0161ikova 50\/A","addressLocality":"Bratislava","postalCode":"83104","addressCountry":{"name":"SK","type":"Country"}},"contactPoint":{"type":"ContactPoint","telephone":"+421 907 375\u00a0543","Email":"admin@vita.sk","contactType":"customer service"},"sameAs":["https:\/\/www.facebook.com\/VitaAcademySK\/","https:\/\/www.linkedin.com\/company\/vita-academy\/"]}]}},"acf":[],"_links":{"self":[{"href":"https:\/\/www.vita.sk\/cs\/wp-json\/wp\/v2\/pages\/29075","targetHints":{"allow":["GET"]}}],"collection":[{"href":"https:\/\/www.vita.sk\/cs\/wp-json\/wp\/v2\/pages"}],"about":[{"href":"https:\/\/www.vita.sk\/cs\/wp-json\/wp\/v2\/types\/page"}],"author":[{"embeddable":true,"href":"https:\/\/www.vita.sk\/cs\/wp-json\/wp\/v2\/users\/3"}],"replies":[{"embeddable":true,"href":"https:\/\/www.vita.sk\/cs\/wp-json\/wp\/v2\/comments?post=29075"}],"version-history":[{"count":0,"href":"https:\/\/www.vita.sk\/cs\/wp-json\/wp\/v2\/pages\/29075\/revisions"}],"wp:attachment":[{"href":"https:\/\/www.vita.sk\/cs\/wp-json\/wp\/v2\/media?parent=29075"}],"curies":[{"name":"wp","href":"https:\/\/api.w.org\/{rel}","templated":true}]}}