{"id":29097,"date":"2021-08-20T12:56:18","date_gmt":"2021-08-20T10:56:18","guid":{"rendered":"https:\/\/www.vita.sk\/chceme-vita-ako-noveho-dodavatela-kurzov\/"},"modified":"2025-09-26T15:26:17","modified_gmt":"2025-09-26T13:26:17","slug":"chceme-vita-ako-noveho-dodavatela-kurzov","status":"publish","type":"page","link":"https:\/\/www.vita.sk\/cs\/chceme-vita-ako-noveho-dodavatela-kurzov\/","title":{"rendered":"Chceme VITA jako nov\u00e9ho dodavatele kurz\u016f"},"content":{"rendered":"<p>M\u00e1te z\u00e1jem <strong>o nov\u00e9ho certifikovan\u00e9ho dodavatele vzd\u011bl\u00e1v\u00e1n\u00ed<\/strong>? R\u00e1di zajist\u00edme pro va\u0161i firmu a kolegy kvalitn\u00ed online kurzy.<\/p>\n<p>Rozum\u00edme, \u017ee n\u011bkter\u00e9 firmy maj\u00ed v procesech povinnost registrace nov\u00e9ho dodavatele. Abychom sn\u00ed\u017eili <strong>byrokracii<\/strong> a<strong> \u0161et\u0159ili p\u0159\u00edrodu<\/strong> p\u0159ed zbyte\u010dn\u00fdm zas\u00edl\u00e1n\u00edm vyti\u0161t\u011bn\u00fdch dokument\u016f, tak si <strong>m\u016f\u017eete st\u00e1hnout vzorov\u00e9 na\u0161e vypsan\u00e9 formul\u00e1\u0159e a dotazn\u00edky<\/strong> pro <strong>nov\u00e9 dodavatele<\/strong>.<\/p>\n<p>Jsou dostupn\u00e9 ve form\u00e1tech <strong>Word<\/strong> (DOCX),<strong> Excel <\/strong>(XLSX) a <strong>PDF<\/strong>:<\/p>\n<ol>\n<li><a href=\"https:\/\/www.vita.sk\/wp-content\/uploads\/2021\/08\/Novy_Dodavatel.xlsx\">Formul\u00e1\u0159 nov\u00fd dod\u00e1vatel (<strong>XLSX<\/strong>)<\/a><\/li>\n<li><a href=\"https:\/\/www.vita.sk\/wp-content\/uploads\/2021\/08\/Vstupny_Formular_pre_Novych_Dodavatelov.docx\">Formul\u00e1\u0159 nov\u00fd dod\u00e1vatel (<strong>DOCX<\/strong>)<\/a><\/li>\n<li><a href=\"https:\/\/www.vita.sk\/wp-content\/uploads\/2021\/12\/Vstupny_Formular_pre_Novych_Dodavatelov.pdf\">Vstupn\u00ed Formul\u00e1\u0159 pro Nov\u00e9 Dod\u00e1vatele (<strong>PDF<\/strong>)<\/a><\/li>\n<li><a href=\"https:\/\/www.vita.sk\/wp-content\/uploads\/2022\/05\/Vypis_Ucet_FIO-Banka.pdf\">V\u00fdpis z bankovn\u00edho \u00fa\u010dtu FIO Banka (<strong>PDF<\/strong>)<\/a><\/li>\n<li><a href=\"https:\/\/www.vita.sk\/wp-content\/uploads\/2022\/12\/Potvrdenie_vedeni_uctu_2022.pdf\">Potvrzen\u00ed o veden\u00ed bankovn\u00edho \u00fa\u010dtu FIO Banka (<strong>PDF<\/strong>)<\/a><\/li>\n<li><a href=\"https:\/\/www.vita.sk\/wp-content\/uploads\/2024\/10\/vita-academy-tatra-banka-potvrdenie.pdf\">V\u00fdpis a potvrzen\u00ed z bankovn\u00edho \u00fa\u010dtu Tatra Banka (<strong>PDF<\/strong>)<\/a><\/li>\n<li><a href=\"https:\/\/www.vita.sk\/wp-content\/uploads\/2024\/05\/VITA_Online_Kurzy_Programy.xlsx\">Seznam Kurz\u016f v Ro\u010dn\u00edm P\u0159edplatn\u00e9m (<strong>XLSX<\/strong>)<\/a><\/li>\n<\/ol>\n<p>V p\u0159\u00edpad\u011b, \u017ee po\u017eadujete vyplnit<strong> vlastn\u00ed vstupn\u00ed dotazn\u00edk<\/strong> pro nov\u00e9ho dodavatele <strong>vypl\u0148te n\u00e1sleduj\u00edc\u00ed formul\u00e1\u0159<\/strong> a <strong>nahrajte do n\u011bj<\/strong> sv\u016fj <strong>dotazn\u00edk<\/strong>.<\/p>\n","protected":false},"excerpt":{"rendered":"<p>M\u00e1te z\u00e1jem o nov\u00e9ho certifikovan\u00e9ho dodavatele vzd\u011bl\u00e1v\u00e1n\u00ed? R\u00e1di zajist\u00edme pro va\u0161i firmu a kolegy kvalitn\u00ed online kurzy. Rozum\u00edme, \u017ee n\u011bkter\u00e9 firmy maj\u00ed v procesech povinnost registrace nov\u00e9ho dodavatele. Abychom sn\u00ed\u017eili byrokracii a \u0161et\u0159ili p\u0159\u00edrodu p\u0159ed zbyte\u010dn\u00fdm zas\u00edl\u00e1n\u00edm vyti\u0161t\u011bn\u00fdch dokument\u016f, tak si m\u016f\u017eete st\u00e1hnout vzorov\u00e9 na\u0161e vypsan\u00e9 formul\u00e1\u0159e a dotazn\u00edky pro nov\u00e9 dodavatele.","protected":false},"author":1,"featured_media":0,"parent":0,"menu_order":0,"comment_status":"closed","ping_status":"closed","template":"page-i-want-vita.php","meta":{"_acf_changed":false,"footnotes":""},"class_list":["post-29097","page","type-page","status-publish","hentry"],"yoast_head":"<!-- This site is optimized with the Yoast SEO Premium plugin v25.0 (Yoast SEO v25.0) - https:\/\/yoast.com\/wordpress\/plugins\/seo\/ -->\n<title>Chceme VITA jako nov\u00e9ho dodavatele kurz\u016f | VITA<\/title>\n<meta name=\"description\" content=\"Chcete VITA ako dod\u00e1vate\u013ea kurzov? Zistite, ako spolupracova\u0165 a z\u00edska\u0165 kvalitn\u00e9 vzdel\u00e1vacie programy a online kurzy do va\u0161ej organiz\u00e1cie. \u2705\" \/>\n<meta name=\"robots\" content=\"index, follow, max-snippet:-1, max-image-preview:large, max-video-preview:-1\" \/>\n<link rel=\"canonical\" href=\"https:\/\/www.vita.sk\/cs\/chceme-vita-ako-noveho-dodavatela-kurzov\/\" \/>\n<meta property=\"og:locale\" content=\"cs_CZ\" \/>\n<meta property=\"og:type\" content=\"article\" \/>\n<meta property=\"og:title\" content=\"Chceme VITA jako nov\u00e9ho dodavatele kurz\u016f\" \/>\n<meta property=\"og:description\" content=\"Chcete VITA ako dod\u00e1vate\u013ea kurzov? Zistite, ako spolupracova\u0165 a z\u00edska\u0165 kvalitn\u00e9 vzdel\u00e1vacie programy a online kurzy do va\u0161ej organiz\u00e1cie. \u2705\" \/>\n<meta property=\"og:url\" content=\"https:\/\/www.vita.sk\/cs\/chceme-vita-ako-noveho-dodavatela-kurzov\/\" \/>\n<meta property=\"og:site_name\" content=\"VITA\" \/>\n<meta property=\"article:publisher\" content=\"https:\/\/www.facebook.com\/VitaAcademySK\" \/>\n<meta property=\"article:modified_time\" content=\"2025-09-26T13:26:17+00:00\" \/>\n<meta name=\"twitter:card\" content=\"summary_large_image\" \/>\n<meta name=\"twitter:label1\" content=\"Odhadovan\u00e1 doba \u010dten\u00ed\" \/>\n\t<meta name=\"twitter:data1\" content=\"1 minuta\" \/>\n<script type=\"application\/ld+json\" class=\"yoast-schema-graph\">{\n\t    \"@context\": \"https:\/\/schema.org\",\n\t    \"@graph\": [\n\t        {\n\t            \"@type\": \"WebPage\",\n\t            \"@id\": \"https:\/\/www.vita.sk\/cs\/chceme-vita-ako-noveho-dodavatela-kurzov\/\",\n\t            \"url\": \"https:\/\/www.vita.sk\/cs\/chceme-vita-ako-noveho-dodavatela-kurzov\/\",\n\t            \"name\": \"Chceme VITA jako nov\u00e9ho dodavatele kurz\u016f | VITA\",\n\t            \"isPartOf\": {\n\t                \"@id\": \"https:\/\/www.vita.sk\/#website\"\n\t            },\n\t            \"datePublished\": \"2021-08-20T10:56:18+00:00\",\n\t            \"dateModified\": \"2025-09-26T13:26:17+00:00\",\n\t            \"description\": \"Chcete VITA ako dod\u00e1vate\u013ea kurzov? Zistite, ako spolupracova\u0165 a z\u00edska\u0165 kvalitn\u00e9 vzdel\u00e1vacie programy a online kurzy do va\u0161ej organiz\u00e1cie. \u2705\",\n\t            \"breadcrumb\": {\n\t                \"@id\": \"https:\/\/www.vita.sk\/cs\/chceme-vita-ako-noveho-dodavatela-kurzov\/#breadcrumb\"\n\t            },\n\t            \"inLanguage\": \"cs\",\n\t            \"potentialAction\": [\n\t                {\n\t                    \"@type\": \"ReadAction\",\n\t                    \"target\": [\n\t                        \"https:\/\/www.vita.sk\/cs\/chceme-vita-ako-noveho-dodavatela-kurzov\/\"\n\t                    ]\n\t                }\n\t            ]\n\t        },\n\t        {\n\t            \"@type\": \"BreadcrumbList\",\n\t            \"@id\": \"https:\/\/www.vita.sk\/cs\/chceme-vita-ako-noveho-dodavatela-kurzov\/#breadcrumb\",\n\t            \"itemListElement\": [\n\t                {\n\t                    \"@type\": \"ListItem\",\n\t                    \"position\": 1,\n\t                    \"name\": \"VITA Academy\",\n\t                    \"item\": \"https:\/\/www.vita.sk\/cs\/\"\n\t                },\n\t                {\n\t                    \"@type\": \"ListItem\",\n\t                    \"position\": 2,\n\t                    \"name\": \"Chceme VITA jako nov\u00e9ho dodavatele kurz\u016f\"\n\t                }\n\t            ]\n\t        },\n\t        {\n\t            \"@type\": \"WebSite\",\n\t            \"@id\": \"https:\/\/www.vita.sk\/#website\",\n\t            \"url\": \"https:\/\/www.vita.sk\/\",\n\t            \"name\": \"VITA\",\n\t            \"description\": \"\",\n\t            \"publisher\": {\n\t                \"@id\": \"https:\/\/www.vita.sk\/#organization\"\n\t            },\n\t            \"potentialAction\": [\n\t                {\n\t                    \"@type\": \"SearchAction\",\n\t                    \"target\": {\n\t                        \"@type\": \"EntryPoint\",\n\t                        \"urlTemplate\": \"https:\/\/www.vita.sk\/?s={search_term_string}\"\n\t                    },\n\t                    \"query-input\": {\n\t                        \"@type\": \"PropertyValueSpecification\",\n\t                        \"valueRequired\": true,\n\t                        \"valueName\": \"search_term_string\"\n\t                    }\n\t                }\n\t            ],\n\t            \"inLanguage\": \"cs\"\n\t        },\n\t        {\n\t            \"email\": \"admin@vita.sk\",\n\t            \"logo\": \"https:\/\/www.vita.sk\/img\/vita_logo.png \",\n\t            \"address\": {\n\t                \"type\": \"PostalAddress\",\n\t                \"streetAddress\": \"Tom\u00e1\u0161ikova 50\/A\",\n\t                \"addressLocality\": \"Bratislava\",\n\t                \"postalCode\": \"83104\",\n\t                \"addressCountry\": {\n\t                    \"name\": \"SK\",\n\t                    \"type\": \"Country\"\n\t                }\n\t            },\n\t            \"contactPoint\": {\n\t                \"type\": \"ContactPoint\",\n\t                \"telephone\": \"+421 907 375\u00a0543\",\n\t                \"Email\": \"admin@vita.sk\",\n\t                \"contactType\": \"customer service\"\n\t            },\n\t            \"sameAs\": [\n\t                \"https:\/\/www.facebook.com\/VitaAcademySK\/\",\n\t                \"https:\/\/www.linkedin.com\/company\/vita-academy\/\"\n\t            ]\n\t        }\n\t    ]\n\t}<\/script>\n<!-- \/ Yoast SEO Premium plugin. -->","yoast_head_json":{"title":"Chceme VITA jako nov\u00e9ho dodavatele kurz\u016f | VITA","description":"Chcete VITA ako dod\u00e1vate\u013ea kurzov? Zistite, ako spolupracova\u0165 a z\u00edska\u0165 kvalitn\u00e9 vzdel\u00e1vacie programy a online kurzy do va\u0161ej organiz\u00e1cie. \u2705","robots":{"index":"index","follow":"follow","max-snippet":"max-snippet:-1","max-image-preview":"max-image-preview:large","max-video-preview":"max-video-preview:-1"},"canonical":"https:\/\/www.vita.sk\/cs\/chceme-vita-ako-noveho-dodavatela-kurzov\/","og_locale":"cs_CZ","og_type":"article","og_title":"Chceme VITA jako nov\u00e9ho dodavatele kurz\u016f","og_description":"Chcete VITA ako dod\u00e1vate\u013ea kurzov? Zistite, ako spolupracova\u0165 a z\u00edska\u0165 kvalitn\u00e9 vzdel\u00e1vacie programy a online kurzy do va\u0161ej organiz\u00e1cie. \u2705","og_url":"https:\/\/www.vita.sk\/cs\/chceme-vita-ako-noveho-dodavatela-kurzov\/","og_site_name":"VITA","article_publisher":"https:\/\/www.facebook.com\/VitaAcademySK","article_modified_time":"2025-09-26T13:26:17+00:00","twitter_card":"summary_large_image","twitter_misc":{"Odhadovan\u00e1 doba \u010dten\u00ed":"1 minuta"},"schema":{"@context":"https:\/\/schema.org","@graph":[{"@type":"WebPage","@id":"https:\/\/www.vita.sk\/cs\/chceme-vita-ako-noveho-dodavatela-kurzov\/","url":"https:\/\/www.vita.sk\/cs\/chceme-vita-ako-noveho-dodavatela-kurzov\/","name":"Chceme VITA jako nov\u00e9ho dodavatele kurz\u016f | VITA","isPartOf":{"@id":"https:\/\/www.vita.sk\/#website"},"datePublished":"2021-08-20T10:56:18+00:00","dateModified":"2025-09-26T13:26:17+00:00","description":"Chcete VITA ako dod\u00e1vate\u013ea kurzov? Zistite, ako spolupracova\u0165 a z\u00edska\u0165 kvalitn\u00e9 vzdel\u00e1vacie programy a online kurzy do va\u0161ej organiz\u00e1cie. \u2705","breadcrumb":{"@id":"https:\/\/www.vita.sk\/cs\/chceme-vita-ako-noveho-dodavatela-kurzov\/#breadcrumb"},"inLanguage":"cs","potentialAction":[{"@type":"ReadAction","target":["https:\/\/www.vita.sk\/cs\/chceme-vita-ako-noveho-dodavatela-kurzov\/"]}]},{"@type":"BreadcrumbList","@id":"https:\/\/www.vita.sk\/cs\/chceme-vita-ako-noveho-dodavatela-kurzov\/#breadcrumb","itemListElement":[{"@type":"ListItem","position":1,"name":"VITA Academy","item":"https:\/\/www.vita.sk\/cs\/"},{"@type":"ListItem","position":2,"name":"Chceme VITA jako nov\u00e9ho dodavatele kurz\u016f"}]},{"@type":"WebSite","@id":"https:\/\/www.vita.sk\/#website","url":"https:\/\/www.vita.sk\/","name":"VITA","description":"","publisher":{"@id":"https:\/\/www.vita.sk\/#organization"},"potentialAction":[{"@type":"SearchAction","target":{"@type":"EntryPoint","urlTemplate":"https:\/\/www.vita.sk\/?s={search_term_string}"},"query-input":{"@type":"PropertyValueSpecification","valueRequired":true,"valueName":"search_term_string"}}],"inLanguage":"cs"},{"email":"admin@vita.sk","logo":"https:\/\/www.vita.sk\/img\/vita_logo.png ","address":{"type":"PostalAddress","streetAddress":"Tom\u00e1\u0161ikova 50\/A","addressLocality":"Bratislava","postalCode":"83104","addressCountry":{"name":"SK","type":"Country"}},"contactPoint":{"type":"ContactPoint","telephone":"+421 907 375\u00a0543","Email":"admin@vita.sk","contactType":"customer service"},"sameAs":["https:\/\/www.facebook.com\/VitaAcademySK\/","https:\/\/www.linkedin.com\/company\/vita-academy\/"]}]}},"acf":[],"_links":{"self":[{"href":"https:\/\/www.vita.sk\/cs\/wp-json\/wp\/v2\/pages\/29097","targetHints":{"allow":["GET"]}}],"collection":[{"href":"https:\/\/www.vita.sk\/cs\/wp-json\/wp\/v2\/pages"}],"about":[{"href":"https:\/\/www.vita.sk\/cs\/wp-json\/wp\/v2\/types\/page"}],"author":[{"embeddable":true,"href":"https:\/\/www.vita.sk\/cs\/wp-json\/wp\/v2\/users\/1"}],"replies":[{"embeddable":true,"href":"https:\/\/www.vita.sk\/cs\/wp-json\/wp\/v2\/comments?post=29097"}],"version-history":[{"count":0,"href":"https:\/\/www.vita.sk\/cs\/wp-json\/wp\/v2\/pages\/29097\/revisions"}],"wp:attachment":[{"href":"https:\/\/www.vita.sk\/cs\/wp-json\/wp\/v2\/media?parent=29097"}],"curies":[{"name":"wp","href":"https:\/\/api.w.org\/{rel}","templated":true}]}}