{"id":29628,"date":"2024-03-23T20:14:49","date_gmt":"2024-03-23T19:14:49","guid":{"rendered":"https:\/\/www.vita.sk\/online-kurzy-urad-prace-zadarmo\/"},"modified":"2025-10-01T15:37:01","modified_gmt":"2025-10-01T13:37:01","slug":"online-kurzy-urad-prace-zadarmo","status":"publish","type":"page","link":"https:\/\/www.vita.sk\/cs\/online-kurzy-urad-prace-zadarmo\/","title":{"rendered":"Online Kurzy \u00da\u0159ad Pr\u00e1ce ZDARMA"},"content":{"rendered":"<p>Jste <strong>nezam\u011bstnan\u00ed a evidovan\u00ed na \u00da\u0159adu pr\u00e1ce<\/strong>? Nebo jste <strong>zam\u011bstn\u00e1n<\/strong>i a r\u00e1di byste se <strong>rekvalifikovali, zv\u00fd\u0161ili si kvalifikac<\/strong>i a odbornost p\u0159\u00edpadn\u011b si na\u0161li novou lep\u0161\u00ed placenou pr\u00e1ci?<\/p>\n<p><strong>Na\u0161e akreditovan\u00e9 online kurzy propl\u00e1cej\u00ed ve 100% v\u00fd\u0161i.<\/strong> Jako <strong>jedin\u00e1 firma na Slovensku<\/strong>\u00a0toti\u017e poskytujeme <strong>akreditovan\u00e9 a certifikovan\u00e9<\/strong> <strong>online kurzy.<\/strong><\/p>\n<p>Pom\u016f\u017eeme v\u00e1m se z\u00edsk\u00e1n\u00edm p\u0159\u00edsp\u011bvku na na\u0161e online kurzy zdarma p\u0159es nov\u00fd n\u00e1rodn\u00ed projekt Dovednosti pro trh pr\u00e1ce. D\u00e1me v\u00e1m p\u0159\u00edstup ke v\u0161em na\u0161im online akreditovan\u00fdm kurz\u016fm.<\/p>\n<p>Nebo jste <strong>zam\u011bstnavatel,<\/strong> kter\u00fd by cht\u011bl <strong>pro sv\u00e9 zam\u011bstnance z\u00edskat benefit online kurz\u016f zdarma a u\u0161et\u0159it,<\/strong> tak na <strong>n\u00e1kladech<\/strong> na <strong>vzd\u011bl\u00e1v\u00e1n\u00ed<\/strong>. Je d\u016fle\u017eit\u00e9 poznamenat, \u017ee vzd\u011bl\u00e1v\u00e1n\u00ed m\u016f\u017ee prob\u00edhat kdykoli podle dohody a tedy i mimo pracovn\u00ed hodiny. Doslova bezplatn\u011b m\u00e1te mo\u017enost z\u00edskat kurzy pro sv\u00e9 zam\u011bstnance, pokud jim doporu\u010d\u00edte registraci v tomto formul\u00e1\u0159i.<\/p>\n<h2>Komu je Projekt Dovednosti pro trh pr\u00e1ce ur\u010den<\/h2>\n<ol>\n<li>Nezam\u011bstnan\u00ed (Evidovan\u00ed jako Uchaze\u010di o Zam\u011bstn\u00e1n\u00ed)<\/li>\n<li>Zam\u011bstn\u00e1n\u00ed (Aktu\u00e1ln\u00ed Zam\u011bstnan\u00ed)<\/li>\n<li>Z\u00e1jemce, kter\u00fd se chce l\u00e9pe uplatnit na trhu pr\u00e1ce<\/li>\n<li>Z\u00e1jemce, kter\u00fd nechce ztratit pr\u00e1ci<\/li>\n<li>Z\u00e1jemce, kter\u00fd chce zm\u011bnit pr\u00e1ci, kde pot\u0159ebujete z\u00edskat nov\u00e9 znalosti a dovednosti<\/li>\n<li>Aktu\u00e1ln\u00ed zam\u011bstnavatel od v\u00e1s vy\u017eaduje nov\u00e9 znalosti<\/li>\n<li>Z\u00e1jemce, kter\u00fd si pot\u0159ebuje roz\u0161\u00ed\u0159it znalosti z oblasti, ve kter\u00e9 se chce uplatnit na trhu pr\u00e1ce<\/li>\n<\/ol>\n<p><strong>Prioritu maj\u00ed znev\u00fdhodn\u011bn\u00ed uchaze\u010di:<\/strong><\/p>\n<ol>\n<li>Ob\u010dan\u00e9 do 26 a nad 50 let<\/li>\n<li>Dlouhodob\u011b nezam\u011bstnan\u00ed<\/li>\n<li>Lid\u00e9 s ni\u017e\u0161\u00edm ne\u017e st\u0159edn\u00edm odborn\u00fdm vzd\u011bl\u00e1n\u00edm<\/li>\n<li>Samo\u017eivitel\u00e9<\/li>\n<li>Zdravotn\u011b posti\u017een\u00ed<\/li>\n<\/ol>\n<p><strong>Upozorn\u011bn\u00ed:<\/strong> Rekvalifika\u010dn\u00ed kurzy se nevztahuj\u00ed na \u017eivnostn\u00edky (aktivn\u00ed \u017eivnost), podnikatele (jednatele), denn\u00ed studenty a jin\u00e9 osoby samostatn\u011b v\u00fdd\u011ble\u010dn\u011b \u010dinn\u00e9 OSV\u010c.<\/p>\n<h2>Podm\u00ednky proplacen\u00ed rekvalifika\u010dn\u00edch kurz\u016f<\/h2>\n<p>Podm\u00ednky spl\u0148ujete pokud:<\/p>\n<ol>\n<li>Jste <strong>evidov\u00e1n\/-a na \u00daPSVaR<\/strong><\/li>\n<li>Pokud <strong>nejste evidov\u00e1n\/a zaregistrujte se<\/strong> <strong>jako z\u00e1jemce o zam\u011bstn\u00e1n\u00ed (ZoZ)<\/strong><\/li>\n<\/ol>\n<ul>\n<li>Konkr\u00e9tn\u00ed podm\u00ednky se mohou m\u00edrn\u011b li\u0161it od \u00fa\u0159adu k \u00fa\u0159adu, proto je dobr\u00e9 si to ov\u011b\u0159it na p\u0159\u00edslu\u0161n\u00e9m \u00daPSVaR.<\/li>\n<\/ul>\n<h2>Postup p\u0159i pod\u00e1v\u00e1n\u00ed \u017e\u00e1dosti o kurzy projekt Dovednosti pro trh pr\u00e1ce<\/h2>\n<p>Podm\u00ednky pro z\u00edsk\u00e1n\u00ed jsou pro v\u0161echny mo\u017enosti stejn\u00e9:<\/p>\n<ol>\n<li>Vypl\u0148te n\u00e1sleduj\u00edc\u00ed formul\u00e1\u0159 nebo n\u00e1m napi\u0161te email na info@vita.sk, \u017ee m\u00e1te z\u00e1jem o online kurzy zdarma p\u0159es \u00da\u0159ad Pr\u00e1ce<\/li>\n<li>Zaregistrujete se pro \u00da\u0159ad pr\u00e1ce a vypln\u00edte \u017e\u00e1dost o za\u0159azen\u00ed do evidence uchaze\u010d\u016f o zam\u011bstn\u00e1n\u00ed (n\u00ed\u017ee ke sta\u017een\u00ed)<\/li>\n<li>Na \u00da\u0159adu pr\u00e1ce nebo elektronicky vypln\u00edte po\u017eadavek \u010d\u00e1st \u010d.j. 1 (A) pro \u00da\u0159ad Pr\u00e1ce<\/li>\n<li>My jako Poskytovatel rekvalifikace zpracujeme po\u017eadavek \u010d\u00e1st \u010d.j. 2 (B), kterou v\u00e1m za\u0161leme po\u0161tou<\/li>\n<li>Po\u017eadavek \u010d\u00e1st \u010d.1 (A) a \u010d\u00e1st \u010d.2 (B) zanesete nebo za\u0161lete po\u0161tou na \u00da\u0159ad pr\u00e1ce, co nejd\u0159\u00edve od p\u0159evzet\u00ed od n\u00e1s<\/li>\n<li>\u00da\u0159ad pr\u00e1ce m\u00e1 21-30 dn\u00ed na schv\u00e1len\u00ed po\u017eadavku<\/li>\n<li>Podle dat na schv\u00e1len\u00e9m po\u017eadavku si dohodneme term\u00edn n\u00e1stupu a ukon\u010den\u00ed<\/li>\n<li>Po absolvov\u00e1n\u00ed v\u00e1m jako poskytovatel vystav\u00edme v\u0161echny pot\u0159ebn\u00e9 doklady o ukon\u010den\u00ed (fakturu, osv\u011bd\u010den\u00ed) a potvrzen\u00ed o absolvov\u00e1n\u00ed kurzu, kter\u00e9 zas\u00edl\u00e1me<\/li>\n<li>Ihned po ukon\u010den\u00ed kurzu p\u0159ed\u00e1te na \u00da\u0159ad pr\u00e1ce vypln\u011bn\u00e9 dokumenty a \u017e\u00e1dost o \u00fahradu.<\/li>\n<\/ol>\n<p><strong>\u010c\u00e1stka<\/strong>, kterou je mo\u017eno si <strong>proplatit<\/strong> dle na\u0161ich zku\u0161enost\u00ed je <strong>od 900 do 1200 EUR s DPH<\/strong>. <strong>Na\u0161e kurzy jsou akreditov\u00e1ny<\/strong> a proto <strong>je propl\u00e1cena 100% v\u00fd\u0161e ceny kurz\u016f<\/strong>. Pro <strong>nezam\u011bstnan\u00e9<\/strong> je alokov\u00e1no <strong>do cca 900 Eur s DPH<\/strong> a pro<strong> zam\u011bstnan\u00e9<\/strong> do cca<strong> 1200 Eur s DPH<\/strong>.<\/p>\n<p>Nemus\u00edte tedy nic dopl\u00e1cet a z\u00e1rove\u0148 v\u00e1m nech\u00e1me p\u0159\u00edstup k online kurz\u016fm i po skon\u010den\u00ed rekvalifikace. Celkov\u011b se tedy m\u016f\u017eete vzd\u011bl\u00e1vat a\u017e 1 cel\u00fd rok zdarma.<\/p>\n<h2>Video n\u00e1vod rekvalifika\u010dn\u00ed kurzy \u00da\u0159ad Pr\u00e1ce<\/h2>\n<p><strong>Aktu\u00e1ln\u011b poskytujeme<\/strong> p\u0159es projekt Dovednosti pro trh prac\u00ed <strong>na\u0161e online akreditovan\u00e9 kurzy<\/strong>. D\u00e1me v\u00e1m<strong> ro\u010dn\u00ed p\u0159\u00edstup ke v\u0161em na\u0161im online kurz\u016fm<\/strong>. V\u0161echny d\u016fle\u017eit\u00e9 informace k rekvalifika\u010dn\u00edm kurz\u016fm \u00da\u0159adu pr\u00e1ce jsme vysv\u011btlili p\u0159\u00edmo v n\u00e1sleduj\u00edc\u00edm videu.<\/p>\n<p><iframe title=\"YouTube video player\" src=\"https:\/\/player.vimeo.com\/video\/938148463?h=775b2a4d92&amp;amp\" width=\"560\" height=\"315\"><span data-mce-type=\"bookmark\" style=\"display: inline-block; width: 0px; overflow: hidden; line-height: 0;\" class=\"mce_SELRES_start\">\ufeff<\/span><\/iframe><\/p>\n<h2>Tiskopisy a formul\u00e1\u0159e pro za\u0159azen\u00ed do evidence \u00da\u0159adu Pr\u00e1ce<\/h2>\n<p>Mo\u017enosti pod\u00e1n\u00ed formul\u00e1\u0159e pro za\u0159azen\u00ed do evidence (Pro Nezam\u011bstnan\u00e9):<\/p>\n<ol>\n<li><strong>Osobn\u011b<\/strong> \u27a1 <a href=\"https:\/\/www.vita.sk\/wp-content\/uploads\/2024\/03\/tlacivo-papier-ziadost-o-zaradenie-do-evidencie-uchadzacov.docx\"><strong>\u017d\u00e1dost o za\u0159azen\u00ed do evidence uchaze\u010d\u016f o zam\u011bstn\u00e1n\u00ed (DOCX)<\/strong><\/a><strong> &#8211;<\/strong>pro pap\u00edrovou komunikaci s \u00fa\u0159adem<\/li>\n<li><strong>Elektronicky<\/strong> na <a href=\"http:\/\/www.slovensko.sk\"><strong>slovensko.sk<\/strong><\/a> \u27a1 <a href=\"https:\/\/www.vita.sk\/wp-content\/uploads\/2024\/03\/tlacivo-elektronicky-ziadost-o-zaradenie-do-evidencie-uchadzacov.pdf\"><strong>\u017d\u00e1dost o za\u0159azen\u00ed do evidence uchaze\u010d\u016f o zam\u011bstn\u00e1n\u00ed (PDF)<\/strong><\/a><strong>\u00a0&#8211;<\/strong>pro elektronickou komunikaci s \u00fa\u0159adem<\/li>\n<li><strong>Po\u0161tou<\/strong> \u27a1 <a href=\"https:\/\/www.vita.sk\/wp-content\/uploads\/2024\/03\/tlacivo-papier-ziadost-o-zaradenie-do-evidencie-uchadzacov.docx\"><strong>\u017d\u00e1dost o za\u0159azen\u00ed do evidence uchaze\u010d\u016f o zam\u011bstn\u00e1n\u00ed (DOCX)<\/strong><\/a> &#8211; pro pap\u00edrovou komunikaci s \u00fa\u0159adem<\/li>\n<\/ol>\n<p>Mo\u017enosti pod\u00e1n\u00ed formul\u00e1\u0159e pro za\u0159azen\u00ed do evidence (Pro Zam\u011bstnan\u00e9):<\/p>\n<ol>\n<li><strong>Osobn\u011b<\/strong> \u27a1 <strong><a href=\"https:\/\/www.vita.sk\/wp-content\/uploads\/2024\/04\/tlacivo-papier-ziadost-o-zaradenie-do-evidencie-zaujemcov.docx\">\u017d\u00e1dost o za\u0159azen\u00ed do evidence z\u00e1jemc\u016f o zam\u011bstn\u00e1n\u00ed (DOCX)<\/a> &#8211;<\/strong>pro pap\u00edrovou komunikaci s \u00fa\u0159adem<\/li>\n<li><strong>Elektronicky<\/strong> na <a href=\"http:\/\/www.slovensko.sk\"><strong>slovensko.sk<\/strong><\/a> \u27a1 <strong><a href=\"https:\/\/www.vita.sk\/wp-content\/uploads\/2024\/04\/tlacivo-papier-ziadost-o-zaradenie-do-evidencie-zaujemcov.docx\">\u017d\u00e1dost o za\u0159azen\u00ed do evidence z\u00e1jemc\u016f o zam\u011bstn\u00e1n\u00ed (DOCX)<\/a><\/strong> <strong>&#8211; <\/strong>pro elektronickou komunikaci s \u00fa\u0159adem<\/li>\n<li><strong>Po\u0161tou<\/strong> \u27a1 <strong><a href=\"https:\/\/www.vita.sk\/wp-content\/uploads\/2024\/04\/tlacivo-papier-ziadost-o-zaradenie-do-evidencie-zaujemcov.docx\">\u017d<\/a><\/strong><a href=\"https:\/\/www.vita.sk\/wp-content\/uploads\/2024\/03\/tlacivo-papier-ziadost-o-zaradenie-do-evidencie-uchadzacov.docx\"><strong>\u017d\u00e1dost o za\u0159azen\u00ed do evidence uchaze\u010d\u016f o zam\u011bstn\u00e1n\u00ed (DOCX)<\/strong><\/a><strong> &#8211;<\/strong>pro pap\u00edrovou komunikaci s \u00fa\u0159adem<\/li>\n<\/ol>\n<p>St\u00e1hn\u011bte si pot\u0159ebn\u00fd formul\u00e1\u0159 podle toho, jak chcete s \u00da\u0159adem pr\u00e1ce komunikovat.<\/p>\n<h2>Tiskopisy a formul\u00e1\u0159e pro proplacen\u00ed online kurz\u016f \u00da\u0159ad Pr\u00e1ce<\/h2>\n<p><strong>Nov\u00e9 tiskopisy<\/strong> po\u017eadavky pro proplacen\u00ed online kurz\u016f \u00da\u0159adu pr\u00e1ce ke sta\u017een\u00ed.<\/p>\n<p>Jsou k dispozici 2 aktivity a typy tiskopis\u016f:<\/p>\n<ol>\n<li>Nezam\u011bstnan\u00ed lid\u00e9 a Nezam\u011bstnan\u00ed mlad\u00ed lid\u00e9<\/li>\n<li>Zam\u011bstn\u00e1n\u00ed (z\u00e1jemci o zam\u011bstn\u00e1n\u00ed)<\/li>\n<\/ol>\n<h2>Tiskopisy po\u017eadavk\u016f pro Nezam\u011bstnan\u00e9 a Nezam\u011bstnan\u00e9 mlad\u00e9 lidi<\/h2>\n<ol>\n<li><strong><a href=\"https:\/\/www.vita.sk\/wp-content\/uploads\/2025\/01\/A_ZIADOST_O_POSKYTNUTIE_PRISPEVKU_NA_PODPORU_REKVALIFIKACIE__UCHADZACA_O_ZAMESTNANIE.docx\">A. \u017d\u00c1DOST O POSKYTNUT\u00cd P\u0158\u00cdSP\u011aVKU NA PODPORU REKVALIFIKACE UCHAZE\u010cE O ZAM\u011aSTN\u00c1N\u00cd<\/a><\/strong><\/li>\n<li><strong><a href=\"https:\/\/www.vita.sk\/wp-content\/uploads\/2025\/01\/B_POTVRDENIE_POSKYTOVATELA_REKVALIFIKACIE_O_ZABEZPECENI_REKVALIFIKACIE.docx\">B. POTVRZEN\u00cd POSKYTOVATELE REKVALIFIKACE O ZABEZPE\u010cEN\u00cd REKVALIFIKACE<\/a><\/strong><\/li>\n<\/ol>\n<h2>Tiskopisy po\u017eadavk\u016f pro Zam\u011bstnan\u00e9<\/h2>\n<ol>\n<li><strong><a href=\"https:\/\/www.vita.sk\/wp-content\/uploads\/2025\/01\/A_ZIADOST_O_POSKYTNUTIE_PRISPEVKU_NA_PODPORU_VZDELAVANIA_ZAUJEMCU_O_ZAMESTNANIE.docx\">A. \u017d\u00c1DOST O POSKYTNUT\u00cd P\u0158\u00cdSP\u011aVKU NA PODPORU VZD\u011aL\u00c1V\u00c1N\u00cd Z\u00c1JEMCE O ZAM\u011aSTN\u00c1N\u00cd<\/a><\/strong><\/li>\n<li><strong><a href=\"https:\/\/www.vita.sk\/wp-content\/uploads\/2025\/01\/B_POTVRDENIE_POSKYTOVATELA_VZDELAVANIA_O_ZABEZPECENI_VZDELAVANIA.docx\">B. POTVRZEN\u00cd POSKYTOVATELE VZD\u011aL\u00c1V\u00c1N\u00cd O ZABEZPE\u010cEN\u00cd VZD\u011aL\u00c1V\u00c1N\u00cd<\/a><\/strong><\/li>\n<\/ol>\n<p><strong>\u00a0Zde naleznete s<a href=\"https:\/\/www.vita.sk\/online-kurzy-urad-prace-zrucnosti-pre-trh-prace\/\" target=\"_blank\" rel=\"noopener\">eznam bal\u00ed\u010dk\u016f kurz\u016f pro \u00da\u0159ad Pr\u00e1ce<\/a>.<\/strong><\/p>\n<p><strong>Nezapome\u0148te si s sebou vz\u00edt<\/strong> a p\u0159edem <strong>vyplnit tiskopis pro \u00da\u0159ad Pr\u00e1ce<\/strong> (lze jej vyplnit i na m\u00edst\u011b), \u010d\u00edm\u017e u\u0161et\u0159\u00edte \u010das a mo\u017en\u00e1 i jednu n\u00e1v\u0161t\u011bvu.<\/p>\n<p><strong>Doporu\u010dujeme<\/strong> si <strong>p\u0159in\u00e9st<\/strong> i <strong>vyti\u0161t\u011bnou nab\u00eddku pr\u00e1ce<\/strong> (nap\u0159\u00edklad z <strong>Profesia.sk<\/strong>\u00a0nebo jin\u00e9ho pracovn\u00edho port\u00e1lu v \u010desk\u00e9m jazyce), na kterou budete moci (hypoteticky) reagovat a uplatnit se po absolvov\u00e1n\u00ed kurzu.<\/p>\n<p>Dejte n\u00e1m v\u011bd\u011bt na <b><a href=\"mailto:info@vita.sk\">info@vita.sk<\/a><\/b>, o kter\u00e9 online kurzy m\u00e1te z\u00e1jem.<\/p>\n","protected":false},"excerpt":{"rendered":"<p>Jste nezam\u011bstnan\u00ed a evidovan\u00ed na \u00da\u0159adu pr\u00e1ce? Nebo jste zam\u011bstn\u00e1ni a r\u00e1di byste se rekvalifikovali, zv\u00fd\u0161ili si kvalifikaci a odbornost p\u0159\u00edpadn\u011b si na\u0161li novou lep\u0161\u00ed placenou pr\u00e1ci? Na\u0161e akreditovan\u00e9 online kurzy propl\u00e1cej\u00ed ve 100% v\u00fd\u0161i. Jako jedin\u00e1 firma na Slovensku\u00a0toti\u017e poskytujeme akreditovan\u00e9 a certifikovan\u00e9 online kurzy.","protected":false},"author":4,"featured_media":0,"parent":0,"menu_order":0,"comment_status":"closed","ping_status":"closed","template":"page-repas.php","meta":{"_acf_changed":false,"footnotes":""},"class_list":["post-29628","page","type-page","status-publish","hentry"],"yoast_head":"<!-- This site is optimized with the Yoast SEO Premium plugin v25.0 (Yoast SEO v25.0) - https:\/\/yoast.com\/wordpress\/plugins\/seo\/ -->\n<title>Online Kurzy \u00da\u0159ad Pr\u00e1ce ZDARMA | VITA<\/title>\n<meta name=\"description\" content=\"Z\u00edskajte online kurzy ZADARMO cez \u00darad pr\u00e1ce, ktor\u00e9 v\u00e1m pom\u00f4\u017eu z\u00edska\u0165 nov\u00e9 zru\u010dnosti a posilni\u0165 svoju kari\u00e9ru. Vyu\u017eite t\u00fato pr\u00edle\u017eitos\u0165. \u2705\" \/>\n<meta name=\"robots\" content=\"index, follow, max-snippet:-1, max-image-preview:large, max-video-preview:-1\" \/>\n<link rel=\"canonical\" href=\"https:\/\/www.vita.sk\/cs\/online-kurzy-urad-prace-zadarmo\/\" \/>\n<meta property=\"og:locale\" content=\"cs_CZ\" \/>\n<meta property=\"og:type\" content=\"article\" \/>\n<meta property=\"og:title\" content=\"Online Kurzy \u00da\u0159ad Pr\u00e1ce ZDARMA\" \/>\n<meta property=\"og:description\" content=\"Z\u00edskajte online kurzy ZADARMO cez \u00darad pr\u00e1ce, ktor\u00e9 v\u00e1m pom\u00f4\u017eu z\u00edska\u0165 nov\u00e9 zru\u010dnosti a posilni\u0165 svoju kari\u00e9ru. Vyu\u017eite t\u00fato pr\u00edle\u017eitos\u0165. \u2705\" \/>\n<meta property=\"og:url\" content=\"https:\/\/www.vita.sk\/cs\/online-kurzy-urad-prace-zadarmo\/\" \/>\n<meta property=\"og:site_name\" content=\"VITA\" \/>\n<meta property=\"article:publisher\" content=\"https:\/\/www.facebook.com\/VitaAcademySK\" \/>\n<meta property=\"article:modified_time\" content=\"2025-10-01T13:37:01+00:00\" \/>\n<meta name=\"twitter:card\" content=\"summary_large_image\" \/>\n<meta name=\"twitter:label1\" content=\"Odhadovan\u00e1 doba \u010dten\u00ed\" \/>\n\t<meta name=\"twitter:data1\" content=\"6 minut\" \/>\n<script type=\"application\/ld+json\" class=\"yoast-schema-graph\">{\n\t    \"@context\": \"https:\/\/schema.org\",\n\t    \"@graph\": [\n\t        {\n\t            \"@type\": \"WebPage\",\n\t            \"@id\": \"https:\/\/www.vita.sk\/cs\/online-kurzy-urad-prace-zadarmo\/\",\n\t            \"url\": \"https:\/\/www.vita.sk\/cs\/online-kurzy-urad-prace-zadarmo\/\",\n\t            \"name\": \"Online Kurzy \u00da\u0159ad Pr\u00e1ce ZDARMA | VITA\",\n\t            \"isPartOf\": {\n\t                \"@id\": \"https:\/\/www.vita.sk\/#website\"\n\t            },\n\t            \"datePublished\": \"2024-03-23T19:14:49+00:00\",\n\t            \"dateModified\": \"2025-10-01T13:37:01+00:00\",\n\t            \"description\": \"Z\u00edskajte online kurzy ZADARMO cez \u00darad pr\u00e1ce, ktor\u00e9 v\u00e1m pom\u00f4\u017eu z\u00edska\u0165 nov\u00e9 zru\u010dnosti a posilni\u0165 svoju kari\u00e9ru. Vyu\u017eite t\u00fato pr\u00edle\u017eitos\u0165. \u2705\",\n\t            \"breadcrumb\": {\n\t                \"@id\": \"https:\/\/www.vita.sk\/cs\/online-kurzy-urad-prace-zadarmo\/#breadcrumb\"\n\t            },\n\t            \"inLanguage\": \"cs\",\n\t            \"potentialAction\": [\n\t                {\n\t                    \"@type\": \"ReadAction\",\n\t                    \"target\": [\n\t                        \"https:\/\/www.vita.sk\/cs\/online-kurzy-urad-prace-zadarmo\/\"\n\t                    ]\n\t                }\n\t            ]\n\t        },\n\t        {\n\t            \"@type\": \"BreadcrumbList\",\n\t            \"@id\": \"https:\/\/www.vita.sk\/cs\/online-kurzy-urad-prace-zadarmo\/#breadcrumb\",\n\t            \"itemListElement\": [\n\t                {\n\t                    \"@type\": \"ListItem\",\n\t                    \"position\": 1,\n\t                    \"name\": \"VITA Academy\",\n\t                    \"item\": \"https:\/\/www.vita.sk\/cs\/\"\n\t                },\n\t                {\n\t                    \"@type\": \"ListItem\",\n\t                    \"position\": 2,\n\t                    \"name\": \"Online Kurzy \u00da\u0159ad Pr\u00e1ce ZDARMA\"\n\t                }\n\t            ]\n\t        },\n\t        {\n\t            \"@type\": \"WebSite\",\n\t            \"@id\": \"https:\/\/www.vita.sk\/#website\",\n\t            \"url\": \"https:\/\/www.vita.sk\/\",\n\t            \"name\": \"VITA\",\n\t            \"description\": \"\",\n\t            \"publisher\": {\n\t                \"@id\": \"https:\/\/www.vita.sk\/#organization\"\n\t            },\n\t            \"potentialAction\": [\n\t                {\n\t                    \"@type\": \"SearchAction\",\n\t                    \"target\": {\n\t                        \"@type\": \"EntryPoint\",\n\t                        \"urlTemplate\": \"https:\/\/www.vita.sk\/?s={search_term_string}\"\n\t                    },\n\t                    \"query-input\": {\n\t                        \"@type\": \"PropertyValueSpecification\",\n\t                        \"valueRequired\": true,\n\t                        \"valueName\": \"search_term_string\"\n\t                    }\n\t                }\n\t            ],\n\t            \"inLanguage\": \"cs\"\n\t        },\n\t        {\n\t            \"email\": \"admin@vita.sk\",\n\t            \"logo\": \"https:\/\/www.vita.sk\/img\/vita_logo.png \",\n\t            \"address\": {\n\t                \"type\": \"PostalAddress\",\n\t                \"streetAddress\": \"Tom\u00e1\u0161ikova 50\/A\",\n\t                \"addressLocality\": \"Bratislava\",\n\t                \"postalCode\": \"83104\",\n\t                \"addressCountry\": {\n\t                    \"name\": \"SK\",\n\t                    \"type\": \"Country\"\n\t                }\n\t            },\n\t            \"contactPoint\": {\n\t                \"type\": \"ContactPoint\",\n\t                \"telephone\": \"+421 907 375\u00a0543\",\n\t                \"Email\": \"admin@vita.sk\",\n\t                \"contactType\": \"customer service\"\n\t            },\n\t            \"sameAs\": [\n\t                \"https:\/\/www.facebook.com\/VitaAcademySK\/\",\n\t                \"https:\/\/www.linkedin.com\/company\/vita-academy\/\"\n\t            ]\n\t        }\n\t    ]\n\t}<\/script>\n<!-- \/ Yoast SEO Premium plugin. -->","yoast_head_json":{"title":"Online Kurzy \u00da\u0159ad Pr\u00e1ce ZDARMA | VITA","description":"Z\u00edskajte online kurzy ZADARMO cez \u00darad pr\u00e1ce, ktor\u00e9 v\u00e1m pom\u00f4\u017eu z\u00edska\u0165 nov\u00e9 zru\u010dnosti a posilni\u0165 svoju kari\u00e9ru. Vyu\u017eite t\u00fato pr\u00edle\u017eitos\u0165. \u2705","robots":{"index":"index","follow":"follow","max-snippet":"max-snippet:-1","max-image-preview":"max-image-preview:large","max-video-preview":"max-video-preview:-1"},"canonical":"https:\/\/www.vita.sk\/cs\/online-kurzy-urad-prace-zadarmo\/","og_locale":"cs_CZ","og_type":"article","og_title":"Online Kurzy \u00da\u0159ad Pr\u00e1ce ZDARMA","og_description":"Z\u00edskajte online kurzy ZADARMO cez \u00darad pr\u00e1ce, ktor\u00e9 v\u00e1m pom\u00f4\u017eu z\u00edska\u0165 nov\u00e9 zru\u010dnosti a posilni\u0165 svoju kari\u00e9ru. Vyu\u017eite t\u00fato pr\u00edle\u017eitos\u0165. \u2705","og_url":"https:\/\/www.vita.sk\/cs\/online-kurzy-urad-prace-zadarmo\/","og_site_name":"VITA","article_publisher":"https:\/\/www.facebook.com\/VitaAcademySK","article_modified_time":"2025-10-01T13:37:01+00:00","twitter_card":"summary_large_image","twitter_misc":{"Odhadovan\u00e1 doba \u010dten\u00ed":"6 minut"},"schema":{"@context":"https:\/\/schema.org","@graph":[{"@type":"WebPage","@id":"https:\/\/www.vita.sk\/cs\/online-kurzy-urad-prace-zadarmo\/","url":"https:\/\/www.vita.sk\/cs\/online-kurzy-urad-prace-zadarmo\/","name":"Online Kurzy \u00da\u0159ad Pr\u00e1ce ZDARMA | VITA","isPartOf":{"@id":"https:\/\/www.vita.sk\/#website"},"datePublished":"2024-03-23T19:14:49+00:00","dateModified":"2025-10-01T13:37:01+00:00","description":"Z\u00edskajte online kurzy ZADARMO cez \u00darad pr\u00e1ce, ktor\u00e9 v\u00e1m pom\u00f4\u017eu z\u00edska\u0165 nov\u00e9 zru\u010dnosti a posilni\u0165 svoju kari\u00e9ru. Vyu\u017eite t\u00fato pr\u00edle\u017eitos\u0165. \u2705","breadcrumb":{"@id":"https:\/\/www.vita.sk\/cs\/online-kurzy-urad-prace-zadarmo\/#breadcrumb"},"inLanguage":"cs","potentialAction":[{"@type":"ReadAction","target":["https:\/\/www.vita.sk\/cs\/online-kurzy-urad-prace-zadarmo\/"]}]},{"@type":"BreadcrumbList","@id":"https:\/\/www.vita.sk\/cs\/online-kurzy-urad-prace-zadarmo\/#breadcrumb","itemListElement":[{"@type":"ListItem","position":1,"name":"VITA Academy","item":"https:\/\/www.vita.sk\/cs\/"},{"@type":"ListItem","position":2,"name":"Online Kurzy \u00da\u0159ad Pr\u00e1ce ZDARMA"}]},{"@type":"WebSite","@id":"https:\/\/www.vita.sk\/#website","url":"https:\/\/www.vita.sk\/","name":"VITA","description":"","publisher":{"@id":"https:\/\/www.vita.sk\/#organization"},"potentialAction":[{"@type":"SearchAction","target":{"@type":"EntryPoint","urlTemplate":"https:\/\/www.vita.sk\/?s={search_term_string}"},"query-input":{"@type":"PropertyValueSpecification","valueRequired":true,"valueName":"search_term_string"}}],"inLanguage":"cs"},{"email":"admin@vita.sk","logo":"https:\/\/www.vita.sk\/img\/vita_logo.png ","address":{"type":"PostalAddress","streetAddress":"Tom\u00e1\u0161ikova 50\/A","addressLocality":"Bratislava","postalCode":"83104","addressCountry":{"name":"SK","type":"Country"}},"contactPoint":{"type":"ContactPoint","telephone":"+421 907 375\u00a0543","Email":"admin@vita.sk","contactType":"customer service"},"sameAs":["https:\/\/www.facebook.com\/VitaAcademySK\/","https:\/\/www.linkedin.com\/company\/vita-academy\/"]}]}},"acf":[],"_links":{"self":[{"href":"https:\/\/www.vita.sk\/cs\/wp-json\/wp\/v2\/pages\/29628","targetHints":{"allow":["GET"]}}],"collection":[{"href":"https:\/\/www.vita.sk\/cs\/wp-json\/wp\/v2\/pages"}],"about":[{"href":"https:\/\/www.vita.sk\/cs\/wp-json\/wp\/v2\/types\/page"}],"author":[{"embeddable":true,"href":"https:\/\/www.vita.sk\/cs\/wp-json\/wp\/v2\/users\/4"}],"replies":[{"embeddable":true,"href":"https:\/\/www.vita.sk\/cs\/wp-json\/wp\/v2\/comments?post=29628"}],"version-history":[{"count":0,"href":"https:\/\/www.vita.sk\/cs\/wp-json\/wp\/v2\/pages\/29628\/revisions"}],"wp:attachment":[{"href":"https:\/\/www.vita.sk\/cs\/wp-json\/wp\/v2\/media?parent=29628"}],"curies":[{"name":"wp","href":"https:\/\/api.w.org\/{rel}","templated":true}]}}