{"id":29635,"date":"2022-02-11T09:55:50","date_gmt":"2022-02-11T08:55:50","guid":{"rendered":"https:\/\/www.vita.sk\/online-studium-mba-dba-msc-mpa\/"},"modified":"2025-10-08T09:25:38","modified_gmt":"2025-10-08T07:25:38","slug":"online-studium-mba-dba-msc-mpa","status":"publish","type":"page","link":"https:\/\/www.vita.sk\/cs\/online-studium-mba-dba-msc-mpa\/","title":{"rendered":"Online Programy MBA, DBA, BBA, MPA, DPA, LLM, MSc"},"content":{"rendered":"<p>P\u0159ipravili jsme komplexn\u00ed vzd\u011bl\u00e1vac\u00ed programy, jejich\u017e studium trv\u00e1 p\u016fl roku a\u017e 1 rok. Rychlost a tempo u\u010den\u00ed v\u010detn\u011b absolvov\u00e1n\u00ed kurz\u016f je samoz\u0159ejm\u011b na v\u00e1s. Celkov\u00fd maxim\u00e1ln\u00ed \u010das vzd\u011bl\u00e1v\u00e1n\u00ed je 1 rok (12 m\u011bs\u00edc\u016f). Jedn\u00e1 se o online vzd\u011bl\u00e1v\u00e1n\u00ed v d\u00e9lce 110-120 hodin. V\u00fdstupem va\u0161eho vzd\u011bl\u00e1v\u00e1n\u00ed je z\u00edsk\u00e1n\u00ed profesn\u00edho titulu <strong>BBA, MBA, DBA, MSc, LLM nebo MPA a DPA.<\/strong><\/p>\n<p>Jako absolvent<strong> z\u00edsk\u00e1te diplom s profesn\u00edm titulem, akreditovan\u00e9 osv\u011bd\u010den\u00ed a doporu\u010den\u00ed pro potenci\u00e1ln\u00ed zam\u011bstnavatele.<\/strong><\/p>\n<p>Z\u00e1rove\u0148 kontaktujeme vybran\u00e9 spole\u010dnosti (28 top spole\u010dnost\u00ed) ohledn\u011b va\u0161eho \u00fasp\u011b\u0161n\u00e9ho absolvov\u00e1n\u00ed vzd\u011bl\u00e1vac\u00edho programu. <strong>Komplexn\u00ed vzd\u011bl\u00e1vac\u00ed kurzy<\/strong> jsme <strong>vytvo\u0159ili na m\u00edru,<\/strong> abyste se um\u011bli co nejd\u0159\u00edve <strong>uplatnit na trhu pr\u00e1ce a rekvalifikovat<\/strong> na <strong>nov\u00e9 pracovn\u00ed pozice v IT, administrativ\u011b, marketingu a managementu<\/strong>. Jsou tedy jako stvo\u0159en\u00e9 k nalezen\u00ed nov\u00e9ho zam\u011bstn\u00e1n\u00ed a uplatn\u011bn\u00ed v praxi. Rovn\u011b\u017e jsou vhodn\u00e9, pokud chcete za\u010d\u00edt podnikat.<\/p>\n<p>Jako absolvent z\u00e1rove\u0148 <strong>nap\u00ed\u0161ete z\u00e1v\u011bre\u010dnou pr\u00e1ci<\/strong> k oblasti a t\u00e9matu, kter\u00e9mu se chcete profesn\u011b v\u011bnovat. Nahrajete k n\u00ed video obhajobu, kde odprezentujete dan\u00e9 t\u00e9ma.<\/p>\n<p>Z\u00edsk\u00e1te tak praktick\u00e9 znalosti kurz\u016f a sou\u010dasn\u011b is naps\u00e1n\u00edm praktick\u00e9 z\u00e1v\u011bre\u010dn\u00e9 studie, ke kter\u00e9 dostanete zp\u011btnou vazbu.<\/p>\n","protected":false},"excerpt":{"rendered":"<p>P\u0159ipravili jsme komplexn\u00ed vzd\u011bl\u00e1vac\u00ed programy, jejich\u017e studium trv\u00e1 p\u016fl roku a\u017e 1 rok. Rychlost a tempo u\u010den\u00ed v\u010detn\u011b absolvov\u00e1n\u00ed kurz\u016f je samoz\u0159ejm\u011b na v\u00e1s. Celkov\u00fd maxim\u00e1ln\u00ed \u010das vzd\u011bl\u00e1v\u00e1n\u00ed je 1 rok (12 m\u011bs\u00edc\u016f). Jedn\u00e1 se o online vzd\u011bl\u00e1v\u00e1n\u00ed v d\u00e9lce 110-120 hodin.","protected":false},"author":1,"featured_media":0,"parent":0,"menu_order":0,"comment_status":"closed","ping_status":"closed","template":"page-online-studium.php","meta":{"_acf_changed":false,"footnotes":""},"class_list":["post-29635","page","type-page","status-publish","hentry"],"yoast_head":"<!-- This site is optimized with the Yoast SEO Premium plugin v25.0 (Yoast SEO v25.0) - https:\/\/yoast.com\/wordpress\/plugins\/seo\/ -->\n<title>Online Programy MBA, DBA, BBA, MPA, DPA, LLM, MSc | VITA<\/title>\n<meta name=\"robots\" content=\"index, follow, max-snippet:-1, max-image-preview:large, max-video-preview:-1\" \/>\n<link rel=\"canonical\" href=\"https:\/\/www.vita.sk\/cs\/online-studium-mba-dba-msc-mpa\/\" \/>\n<meta property=\"og:locale\" content=\"cs_CZ\" \/>\n<meta property=\"og:type\" content=\"article\" \/>\n<meta property=\"og:title\" content=\"Online Programy MBA, DBA, BBA, MPA, DPA, LLM, MSc\" \/>\n<meta property=\"og:description\" content=\"P\u0159ipravili jsme komplexn\u00ed vzd\u011bl\u00e1vac\u00ed programy, jejich\u017e studium trv\u00e1 p\u016fl roku a\u017e 1 rok. Rychlost a tempo u\u010den\u00ed v\u010detn\u011b absolvov\u00e1n\u00ed kurz\u016f je samoz\u0159ejm\u011b na v\u00e1s. Celkov\u00fd maxim\u00e1ln\u00ed \u010das vzd\u011bl\u00e1v\u00e1n\u00ed je 1 rok (12 m\u011bs\u00edc\u016f). Jedn\u00e1 se o online vzd\u011bl\u00e1v\u00e1n\u00ed v d\u00e9lce 110-120 hodin. V\u00fdstupem va\u0161eho vzd\u011bl\u00e1v\u00e1n\u00ed je z\u00edsk\u00e1n\u00ed profesn\u00edho titulu BBA, MBA, DBA, MSc, LLM nebo [&hellip;]\" \/>\n<meta property=\"og:url\" content=\"https:\/\/www.vita.sk\/cs\/online-studium-mba-dba-msc-mpa\/\" \/>\n<meta property=\"og:site_name\" content=\"VITA\" \/>\n<meta property=\"article:publisher\" content=\"https:\/\/www.facebook.com\/VitaAcademySK\" \/>\n<meta property=\"article:modified_time\" content=\"2025-10-08T07:25:38+00:00\" \/>\n<meta name=\"twitter:card\" content=\"summary_large_image\" \/>\n<meta name=\"twitter:label1\" content=\"Odhadovan\u00e1 doba \u010dten\u00ed\" \/>\n\t<meta name=\"twitter:data1\" content=\"2 minuty\" \/>\n<script type=\"application\/ld+json\" class=\"yoast-schema-graph\">{\n\t    \"@context\": \"https:\/\/schema.org\",\n\t    \"@graph\": [\n\t        {\n\t            \"@type\": \"WebPage\",\n\t            \"@id\": \"https:\/\/www.vita.sk\/cs\/online-studium-mba-dba-msc-mpa\/\",\n\t            \"url\": \"https:\/\/www.vita.sk\/cs\/online-studium-mba-dba-msc-mpa\/\",\n\t            \"name\": \"Online Programy MBA, DBA, BBA, MPA, DPA, LLM, MSc | VITA\",\n\t            \"isPartOf\": {\n\t                \"@id\": \"https:\/\/www.vita.sk\/#website\"\n\t            },\n\t            \"datePublished\": \"2022-02-11T08:55:50+00:00\",\n\t            \"dateModified\": \"2025-10-08T07:25:38+00:00\",\n\t            \"breadcrumb\": {\n\t                \"@id\": \"https:\/\/www.vita.sk\/cs\/online-studium-mba-dba-msc-mpa\/#breadcrumb\"\n\t            },\n\t            \"inLanguage\": \"cs\",\n\t            \"potentialAction\": [\n\t                {\n\t                    \"@type\": \"ReadAction\",\n\t                    \"target\": [\n\t                        \"https:\/\/www.vita.sk\/cs\/online-studium-mba-dba-msc-mpa\/\"\n\t                    ]\n\t                }\n\t            ]\n\t        },\n\t        {\n\t            \"@type\": \"BreadcrumbList\",\n\t            \"@id\": \"https:\/\/www.vita.sk\/cs\/online-studium-mba-dba-msc-mpa\/#breadcrumb\",\n\t            \"itemListElement\": [\n\t                {\n\t                    \"@type\": \"ListItem\",\n\t                    \"position\": 1,\n\t                    \"name\": \"VITA Academy\",\n\t                    \"item\": \"https:\/\/www.vita.sk\/cs\/\"\n\t                },\n\t                {\n\t                    \"@type\": \"ListItem\",\n\t                    \"position\": 2,\n\t                    \"name\": \"Online Programy MBA, DBA, BBA, MPA, DPA, LLM, MSc\"\n\t                }\n\t            ]\n\t        },\n\t        {\n\t            \"@type\": \"WebSite\",\n\t            \"@id\": \"https:\/\/www.vita.sk\/#website\",\n\t            \"url\": \"https:\/\/www.vita.sk\/\",\n\t            \"name\": \"VITA\",\n\t            \"description\": \"\",\n\t            \"publisher\": {\n\t                \"@id\": \"https:\/\/www.vita.sk\/#organization\"\n\t            },\n\t            \"potentialAction\": [\n\t                {\n\t                    \"@type\": \"SearchAction\",\n\t                    \"target\": {\n\t                        \"@type\": \"EntryPoint\",\n\t                        \"urlTemplate\": \"https:\/\/www.vita.sk\/?s={search_term_string}\"\n\t                    },\n\t                    \"query-input\": {\n\t                        \"@type\": \"PropertyValueSpecification\",\n\t                        \"valueRequired\": true,\n\t                        \"valueName\": \"search_term_string\"\n\t                    }\n\t                }\n\t            ],\n\t            \"inLanguage\": \"cs\"\n\t        },\n\t        {\n\t            \"email\": \"admin@vita.sk\",\n\t            \"logo\": \"https:\/\/www.vita.sk\/img\/vita_logo.png \",\n\t            \"address\": {\n\t                \"type\": \"PostalAddress\",\n\t                \"streetAddress\": \"Tom\u00e1\u0161ikova 50\/A\",\n\t                \"addressLocality\": \"Bratislava\",\n\t                \"postalCode\": \"83104\",\n\t                \"addressCountry\": {\n\t                    \"name\": \"SK\",\n\t                    \"type\": \"Country\"\n\t                }\n\t            },\n\t            \"contactPoint\": {\n\t                \"type\": \"ContactPoint\",\n\t                \"telephone\": \"+421 907 375\u00a0543\",\n\t                \"Email\": \"admin@vita.sk\",\n\t                \"contactType\": \"customer service\"\n\t            },\n\t            \"sameAs\": [\n\t                \"https:\/\/www.facebook.com\/VitaAcademySK\/\",\n\t                \"https:\/\/www.linkedin.com\/company\/vita-academy\/\"\n\t            ]\n\t        }\n\t    ]\n\t}<\/script>\n<!-- \/ Yoast SEO Premium plugin. -->","yoast_head_json":{"title":"Online Programy MBA, DBA, BBA, MPA, DPA, LLM, MSc | VITA","robots":{"index":"index","follow":"follow","max-snippet":"max-snippet:-1","max-image-preview":"max-image-preview:large","max-video-preview":"max-video-preview:-1"},"canonical":"https:\/\/www.vita.sk\/cs\/online-studium-mba-dba-msc-mpa\/","og_locale":"cs_CZ","og_type":"article","og_title":"Online Programy MBA, DBA, BBA, MPA, DPA, LLM, MSc","og_description":"P\u0159ipravili jsme komplexn\u00ed vzd\u011bl\u00e1vac\u00ed programy, jejich\u017e studium trv\u00e1 p\u016fl roku a\u017e 1 rok. Rychlost a tempo u\u010den\u00ed v\u010detn\u011b absolvov\u00e1n\u00ed kurz\u016f je samoz\u0159ejm\u011b na v\u00e1s. Celkov\u00fd maxim\u00e1ln\u00ed \u010das vzd\u011bl\u00e1v\u00e1n\u00ed je 1 rok (12 m\u011bs\u00edc\u016f). Jedn\u00e1 se o online vzd\u011bl\u00e1v\u00e1n\u00ed v d\u00e9lce 110-120 hodin. V\u00fdstupem va\u0161eho vzd\u011bl\u00e1v\u00e1n\u00ed je z\u00edsk\u00e1n\u00ed profesn\u00edho titulu BBA, MBA, DBA, MSc, LLM nebo [&hellip;]","og_url":"https:\/\/www.vita.sk\/cs\/online-studium-mba-dba-msc-mpa\/","og_site_name":"VITA","article_publisher":"https:\/\/www.facebook.com\/VitaAcademySK","article_modified_time":"2025-10-08T07:25:38+00:00","twitter_card":"summary_large_image","twitter_misc":{"Odhadovan\u00e1 doba \u010dten\u00ed":"2 minuty"},"schema":{"@context":"https:\/\/schema.org","@graph":[{"@type":"WebPage","@id":"https:\/\/www.vita.sk\/cs\/online-studium-mba-dba-msc-mpa\/","url":"https:\/\/www.vita.sk\/cs\/online-studium-mba-dba-msc-mpa\/","name":"Online Programy MBA, DBA, BBA, MPA, DPA, LLM, MSc | VITA","isPartOf":{"@id":"https:\/\/www.vita.sk\/#website"},"datePublished":"2022-02-11T08:55:50+00:00","dateModified":"2025-10-08T07:25:38+00:00","breadcrumb":{"@id":"https:\/\/www.vita.sk\/cs\/online-studium-mba-dba-msc-mpa\/#breadcrumb"},"inLanguage":"cs","potentialAction":[{"@type":"ReadAction","target":["https:\/\/www.vita.sk\/cs\/online-studium-mba-dba-msc-mpa\/"]}]},{"@type":"BreadcrumbList","@id":"https:\/\/www.vita.sk\/cs\/online-studium-mba-dba-msc-mpa\/#breadcrumb","itemListElement":[{"@type":"ListItem","position":1,"name":"VITA Academy","item":"https:\/\/www.vita.sk\/cs\/"},{"@type":"ListItem","position":2,"name":"Online Programy MBA, DBA, BBA, MPA, DPA, LLM, MSc"}]},{"@type":"WebSite","@id":"https:\/\/www.vita.sk\/#website","url":"https:\/\/www.vita.sk\/","name":"VITA","description":"","publisher":{"@id":"https:\/\/www.vita.sk\/#organization"},"potentialAction":[{"@type":"SearchAction","target":{"@type":"EntryPoint","urlTemplate":"https:\/\/www.vita.sk\/?s={search_term_string}"},"query-input":{"@type":"PropertyValueSpecification","valueRequired":true,"valueName":"search_term_string"}}],"inLanguage":"cs"},{"email":"admin@vita.sk","logo":"https:\/\/www.vita.sk\/img\/vita_logo.png ","address":{"type":"PostalAddress","streetAddress":"Tom\u00e1\u0161ikova 50\/A","addressLocality":"Bratislava","postalCode":"83104","addressCountry":{"name":"SK","type":"Country"}},"contactPoint":{"type":"ContactPoint","telephone":"+421 907 375\u00a0543","Email":"admin@vita.sk","contactType":"customer service"},"sameAs":["https:\/\/www.facebook.com\/VitaAcademySK\/","https:\/\/www.linkedin.com\/company\/vita-academy\/"]}]}},"acf":[],"_links":{"self":[{"href":"https:\/\/www.vita.sk\/cs\/wp-json\/wp\/v2\/pages\/29635","targetHints":{"allow":["GET"]}}],"collection":[{"href":"https:\/\/www.vita.sk\/cs\/wp-json\/wp\/v2\/pages"}],"about":[{"href":"https:\/\/www.vita.sk\/cs\/wp-json\/wp\/v2\/types\/page"}],"author":[{"embeddable":true,"href":"https:\/\/www.vita.sk\/cs\/wp-json\/wp\/v2\/users\/1"}],"replies":[{"embeddable":true,"href":"https:\/\/www.vita.sk\/cs\/wp-json\/wp\/v2\/comments?post=29635"}],"version-history":[{"count":0,"href":"https:\/\/www.vita.sk\/cs\/wp-json\/wp\/v2\/pages\/29635\/revisions"}],"wp:attachment":[{"href":"https:\/\/www.vita.sk\/cs\/wp-json\/wp\/v2\/media?parent=29635"}],"curies":[{"name":"wp","href":"https:\/\/api.w.org\/{rel}","templated":true}]}}