{"id":29655,"date":"2021-08-20T10:00:51","date_gmt":"2021-08-20T08:00:51","guid":{"rendered":"https:\/\/www.vita.sk\/preco-prave-vita\/"},"modified":"2025-10-03T18:01:04","modified_gmt":"2025-10-03T16:01:04","slug":"preco-prave-vita","status":"publish","type":"page","link":"https:\/\/www.vita.sk\/cs\/preco-prave-vita\/","title":{"rendered":"Pro\u010d pr\u00e1v\u011b VITA?"},"content":{"rendered":"<p>Chcete v\u011bd\u011bt, pro\u010d si vybrat VITA.cz? Pro\u010d <strong>n\u00e1m<\/strong> na\u0161i <strong>z\u00e1kazn\u00edci d\u00e1vaj\u00ed p\u0159ednost<\/strong> p\u0159ed jin\u00fdmi online platformami v\u010detn\u011b zahrani\u010dn\u00edch? Jak\u00e1 je <strong>p\u0159idan\u00e1 hodnota<\/strong> na\u0161ich online kurz\u016f? Pro\u010d <strong>ro\u010dn\u011b<\/strong> vzd\u011bl\u00e1v\u00e1me <strong>1200+ spokojen\u00fdch \u00fa\u010dastn\u00edk\u016f<\/strong>?<\/p>\n<p>VITA je <strong>akreditovan\u00e1 a certifikovan\u00e1 vzd\u011bl\u00e1vac\u00ed platforma<\/strong>. Zaji\u0161\u0165ujeme mezin\u00e1rodn\u00ed certifikovan\u00e9 kurzy a zkou\u0161ky spole\u010dnost\u00ed jako <strong>Microsoft,<\/strong> Android, Google, <strong>GASQB\/ISTQB\/IREB,<\/strong> Oracle, IBM, HP, Red Hat, AWS a Unity.<\/p>\n<p>Online kurzy jsou n<strong>av\u00edc akreditov\u00e1ny ministerstvem \u0161kolstv\u00ed SR<\/strong>. To znamen\u00e1, \u017ee kurzy vedou profesion\u00e1ln\u00ed <strong>lekto\u0159i<\/strong> s <strong>12+ letou prokazatelnou IT<\/strong> a <strong>pedagogickou prax\u00ed,<\/strong> p\u0159\u00edslu\u0161n\u00fdmi <strong>certifikacemi<\/strong> a <strong>projekty<\/strong> pro st\u00e1t \u010di korpor\u00e1t. Lekto\u0159i maj\u00ed hlavn\u011b <strong>lidsk\u00fd<\/strong> a <strong>inovativn\u00ed p\u0159\u00edstup<\/strong> ke <strong>vzd\u011bl\u00e1v\u00e1n\u00ed<\/strong>.<\/p>\n","protected":false},"excerpt":{"rendered":"<p>Chcete v\u011bd\u011bt, pro\u010d si vybrat VITA. cz? Pro\u010d n\u00e1m na\u0161i z\u00e1kazn\u00edci d\u00e1vaj\u00ed p\u0159ednost p\u0159ed jin\u00fdmi online platformami v\u010detn\u011b zahrani\u010dn\u00edch? Jak\u00e1 je p\u0159idan\u00e1 hodnota na\u0161ich online kurz\u016f? Pro\u010d ro\u010dn\u011b vzd\u011bl\u00e1v\u00e1me 1200+ spokojen\u00fdch \u00fa\u010dastn\u00edk\u016f? VITA je akreditovan\u00e1 a certifikovan\u00e1 vzd\u011bl\u00e1vac\u00ed platforma.","protected":false},"author":1,"featured_media":0,"parent":0,"menu_order":0,"comment_status":"closed","ping_status":"closed","template":"page-why-vita.php","meta":{"_acf_changed":false,"footnotes":""},"class_list":["post-29655","page","type-page","status-publish","hentry"],"yoast_head":"<!-- This site is optimized with the Yoast SEO Premium plugin v25.0 (Yoast SEO v25.0) - https:\/\/yoast.com\/wordpress\/plugins\/seo\/ -->\n<title>Pro\u010d pr\u00e1v\u011b VITA? | VITA<\/title>\n<meta name=\"robots\" content=\"index, follow, max-snippet:-1, max-image-preview:large, max-video-preview:-1\" \/>\n<link rel=\"canonical\" href=\"https:\/\/www.vita.sk\/cs\/preco-prave-vita\/\" \/>\n<meta property=\"og:locale\" content=\"cs_CZ\" \/>\n<meta property=\"og:type\" content=\"article\" \/>\n<meta property=\"og:title\" content=\"Pro\u010d pr\u00e1v\u011b VITA?\" \/>\n<meta property=\"og:description\" content=\"Chcete v\u011bd\u011bt, pro\u010d si vybrat VITA.cz? Pro\u010d n\u00e1m na\u0161i z\u00e1kazn\u00edci d\u00e1vaj\u00ed p\u0159ednost p\u0159ed jin\u00fdmi online platformami v\u010detn\u011b zahrani\u010dn\u00edch? Jak\u00e1 je p\u0159idan\u00e1 hodnota na\u0161ich online kurz\u016f? Pro\u010d ro\u010dn\u011b vzd\u011bl\u00e1v\u00e1me 1200+ spokojen\u00fdch \u00fa\u010dastn\u00edk\u016f? VITA je akreditovan\u00e1 a certifikovan\u00e1 vzd\u011bl\u00e1vac\u00ed platforma. Zaji\u0161\u0165ujeme mezin\u00e1rodn\u00ed certifikovan\u00e9 kurzy a zkou\u0161ky spole\u010dnost\u00ed jako Microsoft, Android, Google, GASQB\/ISTQB\/IREB, Oracle, IBM, HP, Red Hat, [&hellip;]\" \/>\n<meta property=\"og:url\" content=\"https:\/\/www.vita.sk\/cs\/preco-prave-vita\/\" \/>\n<meta property=\"og:site_name\" content=\"VITA\" \/>\n<meta property=\"article:publisher\" content=\"https:\/\/www.facebook.com\/VitaAcademySK\" \/>\n<meta property=\"article:modified_time\" content=\"2025-10-03T16:01:04+00:00\" \/>\n<meta name=\"twitter:card\" content=\"summary_large_image\" \/>\n<meta name=\"twitter:label1\" content=\"Odhadovan\u00e1 doba \u010dten\u00ed\" \/>\n\t<meta name=\"twitter:data1\" content=\"1 minuta\" \/>\n<script type=\"application\/ld+json\" class=\"yoast-schema-graph\">{\n\t    \"@context\": \"https:\/\/schema.org\",\n\t    \"@graph\": [\n\t        {\n\t            \"@type\": \"WebPage\",\n\t            \"@id\": \"https:\/\/www.vita.sk\/cs\/preco-prave-vita\/\",\n\t            \"url\": \"https:\/\/www.vita.sk\/cs\/preco-prave-vita\/\",\n\t            \"name\": \"Pro\u010d pr\u00e1v\u011b VITA? | VITA\",\n\t            \"isPartOf\": {\n\t                \"@id\": \"https:\/\/www.vita.sk\/#website\"\n\t            },\n\t            \"datePublished\": \"2021-08-20T08:00:51+00:00\",\n\t            \"dateModified\": \"2025-10-03T16:01:04+00:00\",\n\t            \"breadcrumb\": {\n\t                \"@id\": \"https:\/\/www.vita.sk\/cs\/preco-prave-vita\/#breadcrumb\"\n\t            },\n\t            \"inLanguage\": \"cs\",\n\t            \"potentialAction\": [\n\t                {\n\t                    \"@type\": \"ReadAction\",\n\t                    \"target\": [\n\t                        \"https:\/\/www.vita.sk\/cs\/preco-prave-vita\/\"\n\t                    ]\n\t                }\n\t            ]\n\t        },\n\t        {\n\t            \"@type\": \"BreadcrumbList\",\n\t            \"@id\": \"https:\/\/www.vita.sk\/cs\/preco-prave-vita\/#breadcrumb\",\n\t            \"itemListElement\": [\n\t                {\n\t                    \"@type\": \"ListItem\",\n\t                    \"position\": 1,\n\t                    \"name\": \"VITA Academy\",\n\t                    \"item\": \"https:\/\/www.vita.sk\/cs\/\"\n\t                },\n\t                {\n\t                    \"@type\": \"ListItem\",\n\t                    \"position\": 2,\n\t                    \"name\": \"Pro\u010d pr\u00e1v\u011b VITA?\"\n\t                }\n\t            ]\n\t        },\n\t        {\n\t            \"@type\": \"WebSite\",\n\t            \"@id\": \"https:\/\/www.vita.sk\/#website\",\n\t            \"url\": \"https:\/\/www.vita.sk\/\",\n\t            \"name\": \"VITA\",\n\t            \"description\": \"\",\n\t            \"publisher\": {\n\t                \"@id\": \"https:\/\/www.vita.sk\/#organization\"\n\t            },\n\t            \"potentialAction\": [\n\t                {\n\t                    \"@type\": \"SearchAction\",\n\t                    \"target\": {\n\t                        \"@type\": \"EntryPoint\",\n\t                        \"urlTemplate\": \"https:\/\/www.vita.sk\/?s={search_term_string}\"\n\t                    },\n\t                    \"query-input\": {\n\t                        \"@type\": \"PropertyValueSpecification\",\n\t                        \"valueRequired\": true,\n\t                        \"valueName\": \"search_term_string\"\n\t                    }\n\t                }\n\t            ],\n\t            \"inLanguage\": \"cs\"\n\t        },\n\t        {\n\t            \"email\": \"admin@vita.sk\",\n\t            \"logo\": \"https:\/\/www.vita.sk\/img\/vita_logo.png \",\n\t            \"address\": {\n\t                \"type\": \"PostalAddress\",\n\t                \"streetAddress\": \"Tom\u00e1\u0161ikova 50\/A\",\n\t                \"addressLocality\": \"Bratislava\",\n\t                \"postalCode\": \"83104\",\n\t                \"addressCountry\": {\n\t                    \"name\": \"SK\",\n\t                    \"type\": \"Country\"\n\t                }\n\t            },\n\t            \"contactPoint\": {\n\t                \"type\": \"ContactPoint\",\n\t                \"telephone\": \"+421 907 375\u00a0543\",\n\t                \"Email\": \"admin@vita.sk\",\n\t                \"contactType\": \"customer service\"\n\t            },\n\t            \"sameAs\": [\n\t                \"https:\/\/www.facebook.com\/VitaAcademySK\/\",\n\t                \"https:\/\/www.linkedin.com\/company\/vita-academy\/\"\n\t            ]\n\t        }\n\t    ]\n\t}<\/script>\n<!-- \/ Yoast SEO Premium plugin. -->","yoast_head_json":{"title":"Pro\u010d pr\u00e1v\u011b VITA? | VITA","robots":{"index":"index","follow":"follow","max-snippet":"max-snippet:-1","max-image-preview":"max-image-preview:large","max-video-preview":"max-video-preview:-1"},"canonical":"https:\/\/www.vita.sk\/cs\/preco-prave-vita\/","og_locale":"cs_CZ","og_type":"article","og_title":"Pro\u010d pr\u00e1v\u011b VITA?","og_description":"Chcete v\u011bd\u011bt, pro\u010d si vybrat VITA.cz? Pro\u010d n\u00e1m na\u0161i z\u00e1kazn\u00edci d\u00e1vaj\u00ed p\u0159ednost p\u0159ed jin\u00fdmi online platformami v\u010detn\u011b zahrani\u010dn\u00edch? Jak\u00e1 je p\u0159idan\u00e1 hodnota na\u0161ich online kurz\u016f? Pro\u010d ro\u010dn\u011b vzd\u011bl\u00e1v\u00e1me 1200+ spokojen\u00fdch \u00fa\u010dastn\u00edk\u016f? VITA je akreditovan\u00e1 a certifikovan\u00e1 vzd\u011bl\u00e1vac\u00ed platforma. Zaji\u0161\u0165ujeme mezin\u00e1rodn\u00ed certifikovan\u00e9 kurzy a zkou\u0161ky spole\u010dnost\u00ed jako Microsoft, Android, Google, GASQB\/ISTQB\/IREB, Oracle, IBM, HP, Red Hat, [&hellip;]","og_url":"https:\/\/www.vita.sk\/cs\/preco-prave-vita\/","og_site_name":"VITA","article_publisher":"https:\/\/www.facebook.com\/VitaAcademySK","article_modified_time":"2025-10-03T16:01:04+00:00","twitter_card":"summary_large_image","twitter_misc":{"Odhadovan\u00e1 doba \u010dten\u00ed":"1 minuta"},"schema":{"@context":"https:\/\/schema.org","@graph":[{"@type":"WebPage","@id":"https:\/\/www.vita.sk\/cs\/preco-prave-vita\/","url":"https:\/\/www.vita.sk\/cs\/preco-prave-vita\/","name":"Pro\u010d pr\u00e1v\u011b VITA? | VITA","isPartOf":{"@id":"https:\/\/www.vita.sk\/#website"},"datePublished":"2021-08-20T08:00:51+00:00","dateModified":"2025-10-03T16:01:04+00:00","breadcrumb":{"@id":"https:\/\/www.vita.sk\/cs\/preco-prave-vita\/#breadcrumb"},"inLanguage":"cs","potentialAction":[{"@type":"ReadAction","target":["https:\/\/www.vita.sk\/cs\/preco-prave-vita\/"]}]},{"@type":"BreadcrumbList","@id":"https:\/\/www.vita.sk\/cs\/preco-prave-vita\/#breadcrumb","itemListElement":[{"@type":"ListItem","position":1,"name":"VITA Academy","item":"https:\/\/www.vita.sk\/cs\/"},{"@type":"ListItem","position":2,"name":"Pro\u010d pr\u00e1v\u011b VITA?"}]},{"@type":"WebSite","@id":"https:\/\/www.vita.sk\/#website","url":"https:\/\/www.vita.sk\/","name":"VITA","description":"","publisher":{"@id":"https:\/\/www.vita.sk\/#organization"},"potentialAction":[{"@type":"SearchAction","target":{"@type":"EntryPoint","urlTemplate":"https:\/\/www.vita.sk\/?s={search_term_string}"},"query-input":{"@type":"PropertyValueSpecification","valueRequired":true,"valueName":"search_term_string"}}],"inLanguage":"cs"},{"email":"admin@vita.sk","logo":"https:\/\/www.vita.sk\/img\/vita_logo.png ","address":{"type":"PostalAddress","streetAddress":"Tom\u00e1\u0161ikova 50\/A","addressLocality":"Bratislava","postalCode":"83104","addressCountry":{"name":"SK","type":"Country"}},"contactPoint":{"type":"ContactPoint","telephone":"+421 907 375\u00a0543","Email":"admin@vita.sk","contactType":"customer service"},"sameAs":["https:\/\/www.facebook.com\/VitaAcademySK\/","https:\/\/www.linkedin.com\/company\/vita-academy\/"]}]}},"acf":[],"_links":{"self":[{"href":"https:\/\/www.vita.sk\/cs\/wp-json\/wp\/v2\/pages\/29655","targetHints":{"allow":["GET"]}}],"collection":[{"href":"https:\/\/www.vita.sk\/cs\/wp-json\/wp\/v2\/pages"}],"about":[{"href":"https:\/\/www.vita.sk\/cs\/wp-json\/wp\/v2\/types\/page"}],"author":[{"embeddable":true,"href":"https:\/\/www.vita.sk\/cs\/wp-json\/wp\/v2\/users\/1"}],"replies":[{"embeddable":true,"href":"https:\/\/www.vita.sk\/cs\/wp-json\/wp\/v2\/comments?post=29655"}],"version-history":[{"count":0,"href":"https:\/\/www.vita.sk\/cs\/wp-json\/wp\/v2\/pages\/29655\/revisions"}],"wp:attachment":[{"href":"https:\/\/www.vita.sk\/cs\/wp-json\/wp\/v2\/media?parent=29655"}],"curies":[{"name":"wp","href":"https:\/\/api.w.org\/{rel}","templated":true}]}}