{"id":1028,"date":"2021-08-27T10:42:01","date_gmt":"2021-08-27T08:42:01","guid":{"rendered":"http:\/\/vita.sk.vps324.nameserver.sk\/?post_type=product&#038;p=1028"},"modified":"2024-05-22T11:20:31","modified_gmt":"2024-05-22T09:20:31","slug":"online-kurz-linkedin-marketing-ii-mierne-pokrocily","status":"publish","type":"product","link":"https:\/\/www.vita.sk\/cs\/online-kurz-linkedin-marketing-ii-mierne-pokrocily\/","title":{"rendered":"Online kurz LinkedIn Marketing II. Mierne Pokro\u010dil\u00fd"},"content":{"rendered":"<p>Online kurz LinkedIn Marketing II. Mierne Pokro\u010dil\u00fd je pre v\u00e1s ide\u00e1lny, ak sa chcete nau\u010di\u0165 profesion\u00e1lne pou\u017e\u00edva\u0165 soci\u00e1lnu sie\u0165 LinkedIn, vr\u00e1tane v\u0161etk\u00fdch jej doplnkov. <strong>Ide o jedin\u00fd akreditovan\u00fd a certifikovan\u00fd kurz na LinkedIn Marketing na Slovensku.<\/strong> Nau\u010d\u00edme v\u00e1s budova\u0165 svoju osobn\u00fa zna\u010dku na LinkedIn, nadv\u00e4zova\u0165 spojenia a z\u00edskava\u0165 na d\u00f4veryhodnosti. Pracova\u0165 s odpor\u00fa\u010daniami a interakt\u00edvnymi m\u00e9diami bude pre v\u00e1s hra\u010dkou. Osvoj\u00edte si v\u00fdhody Premium \u00fa\u010dtov a ako cez t\u00fato sie\u0165 z\u00edskava\u0165 nov\u00fdch klientov. Uk\u00e1\u017eeme si ako vytv\u00e1ra\u0165 pr\u00edspevky a automatizova\u0165 ich s n\u00e1strojom IFTTT. Nau\u010d\u00edte sa pracova\u0165 s k\u013e\u00fa\u010dov\u00fdmi slovami, hashtagmi a emoji. Povieme si z \u010doho sa sklad\u00e1 URL adresa a na\u010do n\u00e1m sl\u00fa\u017eia UTM parametre.\u00a0 Ako absolvent online kurzu LinkedIn Marketing II. Mierne Pokro\u010dil\u00fd zvl\u00e1dnete spravova\u0165 svoj osobn\u00fd profil aj firemn\u00fa str\u00e1nku. Ak sa chcete skuto\u010dne nau\u010di\u0165 pou\u017e\u00edva\u0165 LinkedIn Marketing tak toto je ide\u00e1lny online kurz pre v\u00e1s.<\/p>\n","protected":false},"excerpt":{"rendered":"<p>Online kurz LinkedIn Marketing II. Mierne Pokro\u010dil\u00fd je pre v\u00e1s ide\u00e1lny, ak sa chcete nau\u010di\u0165 profesion\u00e1lne pou\u017e\u00edva\u0165 soci\u00e1lnu sie\u0165 LinkedIn, vr\u00e1tane v\u0161etk\u00fdch jej doplnkov. Ide o jedin\u00fd akreditovan\u00fd a certifikovan\u00fd kurz na LinkedIn Marketing na Slovensku. Nau\u010d\u00edme v\u00e1s budova\u0165 svoju osobn\u00fa zna\u010dku na LinkedIn, nadv\u00e4zova\u0165 spojenia a z\u00edskava\u0165 na d\u00f4veryhodnosti.","protected":false},"author":27,"featured_media":1030,"comment_status":"open","ping_status":"closed","template":"","meta":{"_acf_changed":false},"product_brand":[],"product_cat":[70,415,73],"product_tag":[183],"class_list":{"0":"post-1028","1":"product","2":"type-product","3":"status-publish","4":"has-post-thumbnail","6":"product_cat-online-kurzy-marketing-reklama-a-pravo","7":"product_cat-online-kurzy-linkedin-marketing","8":"product_cat-bez-kategorie","9":"product_tag-marketing","11":"first","12":"instock","13":"sale","14":"sold-individually","15":"taxable","16":"shipping-taxable","17":"purchasable","18":"product-type-simple"},"yoast_head":"<!-- This site is optimized with the Yoast SEO Premium plugin v25.0 (Yoast SEO v25.0) - https:\/\/yoast.com\/wordpress\/plugins\/seo\/ -->\n<title>Online kurz LinkedIn Marketing pre mierne pokro\u010dil\u00fdch  | VITA<\/title>\n<meta name=\"description\" content=\"V online kurze LinkedIn Marketing pre mierne pokro\u010dil\u00fdch sa nau\u010di\u0161 profesion\u00e1lne vyu\u017e\u00edva\u0165 soci\u00e1lnu sie\u0165 LinkedIn, vr\u00e1tane v\u0161etk\u00fdch jej doplnkov.\" \/>\n<meta name=\"robots\" content=\"index, follow, max-snippet:-1, max-image-preview:large, max-video-preview:-1\" \/>\n<link rel=\"canonical\" href=\"https:\/\/www.vita.sk\/online-kurz-linkedin-marketing-ii-mierne-pokrocily\/\" \/>\n<meta property=\"og:locale\" content=\"cs_CZ\" \/>\n<meta property=\"og:type\" content=\"article\" \/>\n<meta property=\"og:title\" content=\"Online kurz LinkedIn Marketing II. Mierne Pokro\u010dil\u00fd\" \/>\n<meta property=\"og:description\" content=\"V online kurze LinkedIn Marketing pre mierne pokro\u010dil\u00fdch sa nau\u010di\u0161 profesion\u00e1lne vyu\u017e\u00edva\u0165 soci\u00e1lnu sie\u0165 LinkedIn, vr\u00e1tane v\u0161etk\u00fdch jej doplnkov.\" \/>\n<meta property=\"og:url\" content=\"https:\/\/www.vita.sk\/online-kurz-linkedin-marketing-ii-mierne-pokrocily\/\" \/>\n<meta property=\"og:site_name\" content=\"VITA\" \/>\n<meta property=\"article:publisher\" content=\"https:\/\/www.facebook.com\/VitaAcademySK\" \/>\n<meta property=\"article:modified_time\" content=\"2024-05-22T09:20:31+00:00\" \/>\n<meta property=\"og:image\" content=\"https:\/\/www.vita.sk\/wp-content\/uploads\/2019\/08\/LinkedIn-marketing.png\" \/>\n\t<meta property=\"og:image:width\" content=\"360\" \/>\n\t<meta property=\"og:image:height\" content=\"360\" \/>\n\t<meta property=\"og:image:type\" content=\"image\/png\" \/>\n<meta name=\"twitter:card\" content=\"summary_large_image\" \/>\n<meta name=\"twitter:label1\" content=\"Odhadovan\u00e1 doba \u010dten\u00ed\" \/>\n\t<meta name=\"twitter:data1\" content=\"1 minuta\" \/>\n<script type=\"application\/ld+json\" class=\"yoast-schema-graph\">{\n\t    \"@context\": \"https:\/\/schema.org\",\n\t    \"@graph\": [\n\t        {\n\t            \"@type\": \"WebPage\",\n\t            \"@id\": \"https:\/\/www.vita.sk\/online-kurz-linkedin-marketing-ii-mierne-pokrocily\/\",\n\t            \"url\": \"https:\/\/www.vita.sk\/online-kurz-linkedin-marketing-ii-mierne-pokrocily\/\",\n\t            \"name\": \"Online kurz LinkedIn Marketing pre mierne pokro\u010dil\u00fdch 2024 | VITA\",\n\t            \"isPartOf\": {\n\t                \"@id\": \"https:\/\/www.vita.sk\/#website\"\n\t            },\n\t            \"primaryImageOfPage\": {\n\t                \"@id\": \"https:\/\/www.vita.sk\/online-kurz-linkedin-marketing-ii-mierne-pokrocily\/#primaryimage\"\n\t            },\n\t            \"image\": {\n\t                \"@id\": \"https:\/\/www.vita.sk\/online-kurz-linkedin-marketing-ii-mierne-pokrocily\/#primaryimage\"\n\t            },\n\t            \"thumbnailUrl\": \"https:\/\/www.vita.sk\/wp-content\/uploads\/2019\/08\/LinkedIn-marketing.png\",\n\t            \"datePublished\": \"2021-08-27T08:42:01+00:00\",\n\t            \"dateModified\": \"2024-05-22T09:20:31+00:00\",\n\t            \"description\": \"V online kurze LinkedIn Marketing pre mierne pokro\u010dil\u00fdch sa nau\u010di\u0161 profesion\u00e1lne vyu\u017e\u00edva\u0165 soci\u00e1lnu sie\u0165 LinkedIn, vr\u00e1tane v\u0161etk\u00fdch jej doplnkov.\",\n\t            \"breadcrumb\": {\n\t                \"@id\": \"https:\/\/www.vita.sk\/online-kurz-linkedin-marketing-ii-mierne-pokrocily\/#breadcrumb\"\n\t            },\n\t            \"inLanguage\": \"cs\",\n\t            \"potentialAction\": [\n\t                {\n\t                    \"@type\": \"ReadAction\",\n\t                    \"target\": [\n\t                        \"https:\/\/www.vita.sk\/online-kurz-linkedin-marketing-ii-mierne-pokrocily\/\"\n\t                    ]\n\t                }\n\t            ]\n\t        },\n\t        {\n\t            \"@type\": \"ImageObject\",\n\t            \"inLanguage\": \"cs\",\n\t            \"@id\": \"https:\/\/www.vita.sk\/online-kurz-linkedin-marketing-ii-mierne-pokrocily\/#primaryimage\",\n\t            \"url\": \"https:\/\/www.vita.sk\/wp-content\/uploads\/2019\/08\/LinkedIn-marketing.png\",\n\t            \"contentUrl\": \"https:\/\/www.vita.sk\/wp-content\/uploads\/2019\/08\/LinkedIn-marketing.png\",\n\t            \"width\": 360,\n\t            \"height\": 360,\n\t            \"caption\": \"LinkedIn Marketing\"\n\t        },\n\t        {\n\t            \"@type\": \"BreadcrumbList\",\n\t            \"@id\": \"https:\/\/www.vita.sk\/online-kurz-linkedin-marketing-ii-mierne-pokrocily\/#breadcrumb\",\n\t            \"itemListElement\": [\n\t                {\n\t                    \"@type\": \"ListItem\",\n\t                    \"position\": 1,\n\t                    \"name\": \"VITA Academy\",\n\t                    \"item\": \"https:\/\/www.vita.sk\/cs\/\"\n\t                },\n\t                {\n\t                    \"@type\": \"ListItem\",\n\t                    \"position\": 2,\n\t                    \"name\": \"Shop\",\n\t                    \"item\": \"https:\/\/www.vita.sk\/shop\/\"\n\t                },\n\t                {\n\t                    \"@type\": \"ListItem\",\n\t                    \"position\": 3,\n\t                    \"name\": \"Marketing, Reklama a Pr\u00e1vo\",\n\t                    \"item\": \"https:\/\/www.vita.sk\/online-kurzy-marketing-reklama-a-pravo\/\"\n\t                },\n\t                {\n\t                    \"@type\": \"ListItem\",\n\t                    \"position\": 4,\n\t                    \"name\": \"LinkedIn Marketing\",\n\t                    \"item\": \"https:\/\/www.vita.sk\/online-kurzy-linkedin-marketing\/\"\n\t                },\n\t                {\n\t                    \"@type\": \"ListItem\",\n\t                    \"position\": 5,\n\t                    \"name\": \"Online kurz LinkedIn Marketing II. Mierne Pokro\u010dil\u00fd\"\n\t                }\n\t            ]\n\t        },\n\t        {\n\t            \"@type\": \"WebSite\",\n\t            \"@id\": \"https:\/\/www.vita.sk\/#website\",\n\t            \"url\": \"https:\/\/www.vita.sk\/\",\n\t            \"name\": \"VITA\",\n\t            \"description\": \"\",\n\t            \"publisher\": {\n\t                \"@id\": \"https:\/\/www.vita.sk\/#organization\"\n\t            },\n\t            \"potentialAction\": [\n\t                {\n\t                    \"@type\": \"SearchAction\",\n\t                    \"target\": {\n\t                        \"@type\": \"EntryPoint\",\n\t                        \"urlTemplate\": \"https:\/\/www.vita.sk\/?s={search_term_string}\"\n\t                    },\n\t                    \"query-input\": {\n\t                        \"@type\": \"PropertyValueSpecification\",\n\t                        \"valueRequired\": true,\n\t                        \"valueName\": \"search_term_string\"\n\t                    }\n\t                }\n\t            ],\n\t            \"inLanguage\": \"cs\"\n\t        },\n\t        {\n\t            \"email\": \"admin@vita.sk\",\n\t            \"logo\": \"https:\/\/www.vita.sk\/img\/vita_logo.png \",\n\t            \"address\": {\n\t                \"type\": \"PostalAddress\",\n\t                \"streetAddress\": \"Tom\u00e1\u0161ikova 50\/A\",\n\t                \"addressLocality\": \"Bratislava\",\n\t                \"postalCode\": \"83104\",\n\t                \"addressCountry\": {\n\t                    \"name\": \"SK\",\n\t                    \"type\": \"Country\"\n\t                }\n\t            },\n\t            \"contactPoint\": {\n\t                \"type\": \"ContactPoint\",\n\t                \"telephone\": \"+421 907 375\u00a0543\",\n\t                \"Email\": \"admin@vita.sk\",\n\t                \"contactType\": \"customer service\"\n\t            },\n\t            \"sameAs\": [\n\t                \"https:\/\/www.facebook.com\/VitaAcademySK\/\",\n\t                \"https:\/\/www.linkedin.com\/company\/vita-academy\/\"\n\t            ]\n\t        }\n\t    ]\n\t}<\/script>\n<!-- \/ Yoast SEO Premium plugin. -->","yoast_head_json":{"title":"Online kurz LinkedIn Marketing pre mierne pokro\u010dil\u00fdch  | VITA","description":"V online kurze LinkedIn Marketing pre mierne pokro\u010dil\u00fdch sa nau\u010di\u0161 profesion\u00e1lne vyu\u017e\u00edva\u0165 soci\u00e1lnu sie\u0165 LinkedIn, vr\u00e1tane v\u0161etk\u00fdch jej doplnkov.","robots":{"index":"index","follow":"follow","max-snippet":"max-snippet:-1","max-image-preview":"max-image-preview:large","max-video-preview":"max-video-preview:-1"},"canonical":"https:\/\/www.vita.sk\/online-kurz-linkedin-marketing-ii-mierne-pokrocily\/","og_locale":"cs_CZ","og_type":"article","og_title":"Online kurz LinkedIn Marketing II. Mierne Pokro\u010dil\u00fd","og_description":"V online kurze LinkedIn Marketing pre mierne pokro\u010dil\u00fdch sa nau\u010di\u0161 profesion\u00e1lne vyu\u017e\u00edva\u0165 soci\u00e1lnu sie\u0165 LinkedIn, vr\u00e1tane v\u0161etk\u00fdch jej doplnkov.","og_url":"https:\/\/www.vita.sk\/online-kurz-linkedin-marketing-ii-mierne-pokrocily\/","og_site_name":"VITA","article_publisher":"https:\/\/www.facebook.com\/VitaAcademySK","article_modified_time":"2024-05-22T09:20:31+00:00","og_image":[{"width":360,"height":360,"url":"https:\/\/www.vita.sk\/wp-content\/uploads\/2019\/08\/LinkedIn-marketing.png","type":"image\/png"}],"twitter_card":"summary_large_image","twitter_misc":{"Odhadovan\u00e1 doba \u010dten\u00ed":"1 minuta"},"schema":{"@context":"https:\/\/schema.org","@graph":[{"@type":"WebPage","@id":"https:\/\/www.vita.sk\/online-kurz-linkedin-marketing-ii-mierne-pokrocily\/","url":"https:\/\/www.vita.sk\/online-kurz-linkedin-marketing-ii-mierne-pokrocily\/","name":"Online kurz LinkedIn Marketing pre mierne pokro\u010dil\u00fdch 2024 | VITA","isPartOf":{"@id":"https:\/\/www.vita.sk\/#website"},"primaryImageOfPage":{"@id":"https:\/\/www.vita.sk\/online-kurz-linkedin-marketing-ii-mierne-pokrocily\/#primaryimage"},"image":{"@id":"https:\/\/www.vita.sk\/online-kurz-linkedin-marketing-ii-mierne-pokrocily\/#primaryimage"},"thumbnailUrl":"https:\/\/www.vita.sk\/wp-content\/uploads\/2019\/08\/LinkedIn-marketing.png","datePublished":"2021-08-27T08:42:01+00:00","dateModified":"2024-05-22T09:20:31+00:00","description":"V online kurze LinkedIn Marketing pre mierne pokro\u010dil\u00fdch sa nau\u010di\u0161 profesion\u00e1lne vyu\u017e\u00edva\u0165 soci\u00e1lnu sie\u0165 LinkedIn, vr\u00e1tane v\u0161etk\u00fdch jej doplnkov.","breadcrumb":{"@id":"https:\/\/www.vita.sk\/online-kurz-linkedin-marketing-ii-mierne-pokrocily\/#breadcrumb"},"inLanguage":"cs","potentialAction":[{"@type":"ReadAction","target":["https:\/\/www.vita.sk\/online-kurz-linkedin-marketing-ii-mierne-pokrocily\/"]}]},{"@type":"ImageObject","inLanguage":"cs","@id":"https:\/\/www.vita.sk\/online-kurz-linkedin-marketing-ii-mierne-pokrocily\/#primaryimage","url":"https:\/\/www.vita.sk\/wp-content\/uploads\/2019\/08\/LinkedIn-marketing.png","contentUrl":"https:\/\/www.vita.sk\/wp-content\/uploads\/2019\/08\/LinkedIn-marketing.png","width":360,"height":360,"caption":"LinkedIn Marketing"},{"@type":"BreadcrumbList","@id":"https:\/\/www.vita.sk\/online-kurz-linkedin-marketing-ii-mierne-pokrocily\/#breadcrumb","itemListElement":[{"@type":"ListItem","position":1,"name":"VITA Academy","item":"https:\/\/www.vita.sk\/cs\/"},{"@type":"ListItem","position":2,"name":"Shop","item":"https:\/\/www.vita.sk\/shop\/"},{"@type":"ListItem","position":3,"name":"Marketing, Reklama a Pr\u00e1vo","item":"https:\/\/www.vita.sk\/online-kurzy-marketing-reklama-a-pravo\/"},{"@type":"ListItem","position":4,"name":"LinkedIn Marketing","item":"https:\/\/www.vita.sk\/online-kurzy-linkedin-marketing\/"},{"@type":"ListItem","position":5,"name":"Online kurz LinkedIn Marketing II. Mierne Pokro\u010dil\u00fd"}]},{"@type":"WebSite","@id":"https:\/\/www.vita.sk\/#website","url":"https:\/\/www.vita.sk\/","name":"VITA","description":"","publisher":{"@id":"https:\/\/www.vita.sk\/#organization"},"potentialAction":[{"@type":"SearchAction","target":{"@type":"EntryPoint","urlTemplate":"https:\/\/www.vita.sk\/?s={search_term_string}"},"query-input":{"@type":"PropertyValueSpecification","valueRequired":true,"valueName":"search_term_string"}}],"inLanguage":"cs"},{"email":"admin@vita.sk","logo":"https:\/\/www.vita.sk\/img\/vita_logo.png ","address":{"type":"PostalAddress","streetAddress":"Tom\u00e1\u0161ikova 50\/A","addressLocality":"Bratislava","postalCode":"83104","addressCountry":{"name":"SK","type":"Country"}},"contactPoint":{"type":"ContactPoint","telephone":"+421 907 375\u00a0543","Email":"admin@vita.sk","contactType":"customer service"},"sameAs":["https:\/\/www.facebook.com\/VitaAcademySK\/","https:\/\/www.linkedin.com\/company\/vita-academy\/"]}]}},"acf":[],"_links":{"self":[{"href":"https:\/\/www.vita.sk\/cs\/wp-json\/wp\/v2\/product\/1028","targetHints":{"allow":["GET"]}}],"collection":[{"href":"https:\/\/www.vita.sk\/cs\/wp-json\/wp\/v2\/product"}],"about":[{"href":"https:\/\/www.vita.sk\/cs\/wp-json\/wp\/v2\/types\/product"}],"author":[{"embeddable":true,"href":"https:\/\/www.vita.sk\/cs\/wp-json\/wp\/v2\/users\/27"}],"replies":[{"embeddable":true,"href":"https:\/\/www.vita.sk\/cs\/wp-json\/wp\/v2\/comments?post=1028"}],"wp:featuredmedia":[{"embeddable":true,"href":"https:\/\/www.vita.sk\/cs\/wp-json\/wp\/v2\/media\/1030"}],"wp:attachment":[{"href":"https:\/\/www.vita.sk\/cs\/wp-json\/wp\/v2\/media?parent=1028"}],"wp:term":[{"taxonomy":"product_brand","embeddable":true,"href":"https:\/\/www.vita.sk\/cs\/wp-json\/wp\/v2\/product_brand?post=1028"},{"taxonomy":"product_cat","embeddable":true,"href":"https:\/\/www.vita.sk\/cs\/wp-json\/wp\/v2\/product_cat?post=1028"},{"taxonomy":"product_tag","embeddable":true,"href":"https:\/\/www.vita.sk\/cs\/wp-json\/wp\/v2\/product_tag?post=1028"}],"curies":[{"name":"wp","href":"https:\/\/api.w.org\/{rel}","templated":true}]}}