{"id":10766,"date":"2022-10-05T11:42:12","date_gmt":"2022-10-05T09:42:12","guid":{"rendered":"https:\/\/www.vita.sk\/?post_type=product&#038;p=10766"},"modified":"2025-02-12T21:14:24","modified_gmt":"2025-02-12T20:14:24","slug":"online-kurz-python-kniznice-jetbrains-datalore","status":"publish","type":"product","link":"https:\/\/www.vita.sk\/cs\/online-kurz-python-kniznice-jetbrains-datalore\/","title":{"rendered":"Online kurz Python Kni\u017enice &#8211; JetBrains Datalore"},"content":{"rendered":"<p data-start=\"0\" data-end=\"400\">Online kurz Python Kni\u017enice \u2013 JetBrains Datalore pre v\u00e1s ide\u00e1lny, ak sa chcete nau\u010di\u0165 pracova\u0165 s interakt\u00edvnym prostred\u00edm Datalore na anal\u00fdzu a vizualiz\u00e1ciu d\u00e1t v Pythone. <strong>Ide o akreditovan\u00fd a certifikovan\u00fd online kurz na Python Kni\u017enice.<\/strong> Kurz v\u00e1s prevedie pr\u00e1cou s datab\u00e1zami, kni\u017enicami na manipul\u00e1ciu s d\u00e1tami a vizualiz\u00e1ciou, valid\u00e1ciou \u00fadajov, generovan\u00edm grafov a dokument\u00e1ciou k\u00f3du. Kurz za\u010d\u00edna \u00favodom do JetBrains Datalore a jeho vyu\u017eitia pri pr\u00e1ci s datab\u00e1zami. Nau\u010d\u00edte sa, ako p\u00edsa\u0165 SQL dopyty priamo v Pythone a ako efekt\u00edvne na\u010d\u00edtava\u0165 d\u00e1ta z r\u00f4znych zdrojov, vr\u00e1tane URL adries, napr\u00edklad z Amazonu. Zist\u00edte, ako pracova\u0165 s interakt\u00edvnymi ovl\u00e1dac\u00edmi prvkami na ovl\u00e1danie v\u00fdpo\u010dtov a vizualiz\u00e1ci\u00ed. \u010ealej sa kurz venuje valid\u00e1cii a normaliz\u00e1cii d\u00e1t, kde pochop\u00edte, pre\u010do s\u00fa tieto procesy d\u00f4le\u017eit\u00e9 pri spracovan\u00ed \u00fadajov. Nau\u010d\u00edte sa pou\u017e\u00edva\u0165 vlastnosti (Properties) v Pythone na efekt\u00edvne riadenie atrib\u00fatov objektov. V \u010dasti o kni\u017eniciach a tvorbe grafov sa obozn\u00e1mite s n\u00e1strojmi na export Python aplik\u00e1ci\u00ed do EXE s\u00faborov a s frameworkom wxFormBuilder na tvorbu grafick\u00fdch u\u017e\u00edvate\u013esk\u00fdch rozhran\u00ed. Objav\u00edte IPyWidgets na interakt\u00edvne vizualiz\u00e1cie a nau\u010d\u00edte sa, ako pou\u017e\u00edva\u0165 kni\u017enicu Pandas na spracovanie a anal\u00fdzu tabuliek. S\u00fa\u010das\u0165ou tejto sekcie je aj tvorba preh\u013eadn\u00fdch grafov na vizualiz\u00e1ciu d\u00e1t. V z\u00e1vere kurzu sa pozriete na anot\u00e1cie a dokument\u00e1ciu k\u00f3du, kde sa nau\u010d\u00edte vyu\u017e\u00edva\u0165 Type Hinting na lep\u0161iu \u010ditate\u013enos\u0165 k\u00f3du a jeho spr\u00e1vne typovanie. \u010ealej sa nau\u010d\u00edte, ako pou\u017e\u00edva\u0165 cacheovanie na optimaliz\u00e1ciu v\u00fdkonu aplik\u00e1ci\u00ed a ako efekt\u00edvne tvori\u0165 dokument\u00e1ciu pomocou Docstring, \u010d\u00edm si zabezpe\u010d\u00edte jasne zdokumentovan\u00fd k\u00f3d vhodn\u00fd na \u010fal\u0161\u00ed v\u00fdvoj. Ak sa chcete skuto\u010dne nau\u010di\u0165 pou\u017e\u00edva\u0165 Python a JetBrains Datalore, tak toto je ide\u00e1lny online kurz pre v\u00e1s.<\/p>\n","protected":false},"excerpt":{"rendered":"<p>Online kurz Python Kni\u017enice \u2013 JetBrains Datalore pre v\u00e1s ide\u00e1lny, ak sa chcete nau\u010di\u0165 pracova\u0165 s interakt\u00edvnym prostred\u00edm Datalore na anal\u00fdzu a vizualiz\u00e1ciu d\u00e1t v Pythone. Ide o akreditovan\u00fd a certifikovan\u00fd online kurz na Python Kni\u017enice.","protected":false},"author":4,"featured_media":17892,"comment_status":"open","ping_status":"closed","template":"","meta":{"_acf_changed":false},"product_brand":[],"product_cat":[99,106,73],"product_tag":[189,212],"class_list":{"0":"post-10766","1":"product","2":"type-product","3":"status-publish","4":"has-post-thumbnail","6":"product_cat-online-kurzy-programovacie-jazyky","7":"product_cat-online-kurzy-python","8":"product_cat-bez-kategorie","9":"product_tag-programovacie-jazyky","10":"product_tag-python","12":"first","13":"instock","14":"sale","15":"sold-individually","16":"taxable","17":"shipping-taxable","18":"purchasable","19":"product-type-simple"},"yoast_head":"<!-- This site is optimized with the Yoast SEO Premium plugin v25.0 (Yoast SEO v25.0) - https:\/\/yoast.com\/wordpress\/plugins\/seo\/ -->\n<title>Python Kni\u017enice - JetBrains Datalore  | VITA<\/title>\n<meta name=\"description\" content=\"V online kurze Python Kni\u017enice \u2013 JetBrains Datalore sa nau\u010d\u00edte pracova\u0165 s cloudov\u00fdm n\u00e1strojom na anal\u00fdzu d\u00e1t a spracovanie d\u00e1t. \u2705\" \/>\n<meta name=\"robots\" content=\"index, follow, max-snippet:-1, max-image-preview:large, max-video-preview:-1\" \/>\n<link rel=\"canonical\" href=\"https:\/\/www.vita.sk\/online-kurz-python-kniznice-jetbrains-datalore\/\" \/>\n<meta property=\"og:locale\" content=\"cs_CZ\" \/>\n<meta property=\"og:type\" content=\"article\" \/>\n<meta property=\"og:title\" content=\"Online kurz Python Kni\u017enice - JetBrains Datalore\" \/>\n<meta property=\"og:description\" content=\"V online kurze Python Kni\u017enice \u2013 JetBrains Datalore sa nau\u010d\u00edte pracova\u0165 s cloudov\u00fdm n\u00e1strojom na anal\u00fdzu d\u00e1t a spracovanie d\u00e1t. \u2705\" \/>\n<meta property=\"og:url\" content=\"https:\/\/www.vita.sk\/online-kurz-python-kniznice-jetbrains-datalore\/\" \/>\n<meta property=\"og:site_name\" content=\"VITA\" \/>\n<meta property=\"article:publisher\" content=\"https:\/\/www.facebook.com\/VitaAcademySK\" \/>\n<meta property=\"article:modified_time\" content=\"2025-02-12T20:14:24+00:00\" \/>\n<meta property=\"og:image\" content=\"https:\/\/www.vita.sk\/wp-content\/uploads\/2022\/10\/Online-kurz-Python-Kniznice-Jetbrains-Datalore.png\" \/>\n\t<meta property=\"og:image:width\" content=\"360\" \/>\n\t<meta property=\"og:image:height\" content=\"360\" \/>\n\t<meta property=\"og:image:type\" content=\"image\/png\" \/>\n<meta name=\"twitter:card\" content=\"summary_large_image\" \/>\n<meta name=\"twitter:label1\" content=\"Odhadovan\u00e1 doba \u010dten\u00ed\" \/>\n\t<meta name=\"twitter:data1\" content=\"2 minuty\" \/>\n<script type=\"application\/ld+json\" class=\"yoast-schema-graph\">{\n\t    \"@context\": \"https:\/\/schema.org\",\n\t    \"@graph\": [\n\t        {\n\t            \"@type\": \"WebPage\",\n\t            \"@id\": \"https:\/\/www.vita.sk\/online-kurz-python-kniznice-jetbrains-datalore\/\",\n\t            \"url\": \"https:\/\/www.vita.sk\/online-kurz-python-kniznice-jetbrains-datalore\/\",\n\t            \"name\": \"Python Kni\u017enice - JetBrains Datalore 2025 | VITA\",\n\t            \"isPartOf\": {\n\t                \"@id\": \"https:\/\/www.vita.sk\/#website\"\n\t            },\n\t            \"primaryImageOfPage\": {\n\t                \"@id\": \"https:\/\/www.vita.sk\/online-kurz-python-kniznice-jetbrains-datalore\/#primaryimage\"\n\t            },\n\t            \"image\": {\n\t                \"@id\": \"https:\/\/www.vita.sk\/online-kurz-python-kniznice-jetbrains-datalore\/#primaryimage\"\n\t            },\n\t            \"thumbnailUrl\": \"https:\/\/www.vita.sk\/wp-content\/uploads\/2022\/10\/Online-kurz-Python-Kniznice-Jetbrains-Datalore.png\",\n\t            \"datePublished\": \"2022-10-05T09:42:12+00:00\",\n\t            \"dateModified\": \"2025-02-12T20:14:24+00:00\",\n\t            \"description\": \"V online kurze Python Kni\u017enice \u2013 JetBrains Datalore sa nau\u010d\u00edte pracova\u0165 s cloudov\u00fdm n\u00e1strojom na anal\u00fdzu d\u00e1t a spracovanie d\u00e1t. \u2705\",\n\t            \"breadcrumb\": {\n\t                \"@id\": \"https:\/\/www.vita.sk\/online-kurz-python-kniznice-jetbrains-datalore\/#breadcrumb\"\n\t            },\n\t            \"inLanguage\": \"cs\",\n\t            \"potentialAction\": [\n\t                {\n\t                    \"@type\": \"ReadAction\",\n\t                    \"target\": [\n\t                        \"https:\/\/www.vita.sk\/online-kurz-python-kniznice-jetbrains-datalore\/\"\n\t                    ]\n\t                }\n\t            ]\n\t        },\n\t        {\n\t            \"@type\": \"ImageObject\",\n\t            \"inLanguage\": \"cs\",\n\t            \"@id\": \"https:\/\/www.vita.sk\/online-kurz-python-kniznice-jetbrains-datalore\/#primaryimage\",\n\t            \"url\": \"https:\/\/www.vita.sk\/wp-content\/uploads\/2022\/10\/Online-kurz-Python-Kniznice-Jetbrains-Datalore.png\",\n\t            \"contentUrl\": \"https:\/\/www.vita.sk\/wp-content\/uploads\/2022\/10\/Online-kurz-Python-Kniznice-Jetbrains-Datalore.png\",\n\t            \"width\": 360,\n\t            \"height\": 360,\n\t            \"caption\": \"Kurz Python Kni\u017enice \u2013 Jetbrains Datalore\"\n\t        },\n\t        {\n\t            \"@type\": \"BreadcrumbList\",\n\t            \"@id\": \"https:\/\/www.vita.sk\/online-kurz-python-kniznice-jetbrains-datalore\/#breadcrumb\",\n\t            \"itemListElement\": [\n\t                {\n\t                    \"@type\": \"ListItem\",\n\t                    \"position\": 1,\n\t                    \"name\": \"VITA Academy\",\n\t                    \"item\": \"https:\/\/www.vita.sk\/cs\/\"\n\t                },\n\t                {\n\t                    \"@type\": \"ListItem\",\n\t                    \"position\": 2,\n\t                    \"name\": \"Shop\",\n\t                    \"item\": \"https:\/\/www.vita.sk\/shop\/\"\n\t                },\n\t                {\n\t                    \"@type\": \"ListItem\",\n\t                    \"position\": 3,\n\t                    \"name\": \"Programovacie Jazyky\",\n\t                    \"item\": \"https:\/\/www.vita.sk\/online-kurzy-programovacie-jazyky\/\"\n\t                },\n\t                {\n\t                    \"@type\": \"ListItem\",\n\t                    \"position\": 4,\n\t                    \"name\": \"Python\",\n\t                    \"item\": \"https:\/\/www.vita.sk\/online-kurzy-python\/\"\n\t                },\n\t                {\n\t                    \"@type\": \"ListItem\",\n\t                    \"position\": 5,\n\t                    \"name\": \"Online kurz Python Kni\u017enice &#8211; JetBrains Datalore\"\n\t                }\n\t            ]\n\t        },\n\t        {\n\t            \"@type\": \"WebSite\",\n\t            \"@id\": \"https:\/\/www.vita.sk\/#website\",\n\t            \"url\": \"https:\/\/www.vita.sk\/\",\n\t            \"name\": \"VITA\",\n\t            \"description\": \"\",\n\t            \"publisher\": {\n\t                \"@id\": \"https:\/\/www.vita.sk\/#organization\"\n\t            },\n\t            \"potentialAction\": [\n\t                {\n\t                    \"@type\": \"SearchAction\",\n\t                    \"target\": {\n\t                        \"@type\": \"EntryPoint\",\n\t                        \"urlTemplate\": \"https:\/\/www.vita.sk\/?s={search_term_string}\"\n\t                    },\n\t                    \"query-input\": {\n\t                        \"@type\": \"PropertyValueSpecification\",\n\t                        \"valueRequired\": true,\n\t                        \"valueName\": \"search_term_string\"\n\t                    }\n\t                }\n\t            ],\n\t            \"inLanguage\": \"cs\"\n\t        },\n\t        {\n\t            \"email\": \"admin@vita.sk\",\n\t            \"logo\": \"https:\/\/www.vita.sk\/img\/vita_logo.png \",\n\t            \"address\": {\n\t                \"type\": \"PostalAddress\",\n\t                \"streetAddress\": \"Tom\u00e1\u0161ikova 50\/A\",\n\t                \"addressLocality\": \"Bratislava\",\n\t                \"postalCode\": \"83104\",\n\t                \"addressCountry\": {\n\t                    \"name\": \"SK\",\n\t                    \"type\": \"Country\"\n\t                }\n\t            },\n\t            \"contactPoint\": {\n\t                \"type\": \"ContactPoint\",\n\t                \"telephone\": \"+421 907 375\u00a0543\",\n\t                \"Email\": \"admin@vita.sk\",\n\t                \"contactType\": \"customer service\"\n\t            },\n\t            \"sameAs\": [\n\t                \"https:\/\/www.facebook.com\/VitaAcademySK\/\",\n\t                \"https:\/\/www.linkedin.com\/company\/vita-academy\/\"\n\t            ]\n\t        }\n\t    ]\n\t}<\/script>\n<!-- \/ Yoast SEO Premium plugin. -->","yoast_head_json":{"title":"Python Kni\u017enice - JetBrains Datalore  | VITA","description":"V online kurze Python Kni\u017enice \u2013 JetBrains Datalore sa nau\u010d\u00edte pracova\u0165 s cloudov\u00fdm n\u00e1strojom na anal\u00fdzu d\u00e1t a spracovanie d\u00e1t. \u2705","robots":{"index":"index","follow":"follow","max-snippet":"max-snippet:-1","max-image-preview":"max-image-preview:large","max-video-preview":"max-video-preview:-1"},"canonical":"https:\/\/www.vita.sk\/online-kurz-python-kniznice-jetbrains-datalore\/","og_locale":"cs_CZ","og_type":"article","og_title":"Online kurz Python Kni\u017enice - JetBrains Datalore","og_description":"V online kurze Python Kni\u017enice \u2013 JetBrains Datalore sa nau\u010d\u00edte pracova\u0165 s cloudov\u00fdm n\u00e1strojom na anal\u00fdzu d\u00e1t a spracovanie d\u00e1t. \u2705","og_url":"https:\/\/www.vita.sk\/online-kurz-python-kniznice-jetbrains-datalore\/","og_site_name":"VITA","article_publisher":"https:\/\/www.facebook.com\/VitaAcademySK","article_modified_time":"2025-02-12T20:14:24+00:00","og_image":[{"width":360,"height":360,"url":"https:\/\/www.vita.sk\/wp-content\/uploads\/2022\/10\/Online-kurz-Python-Kniznice-Jetbrains-Datalore.png","type":"image\/png"}],"twitter_card":"summary_large_image","twitter_misc":{"Odhadovan\u00e1 doba \u010dten\u00ed":"2 minuty"},"schema":{"@context":"https:\/\/schema.org","@graph":[{"@type":"WebPage","@id":"https:\/\/www.vita.sk\/online-kurz-python-kniznice-jetbrains-datalore\/","url":"https:\/\/www.vita.sk\/online-kurz-python-kniznice-jetbrains-datalore\/","name":"Python Kni\u017enice - JetBrains Datalore 2025 | VITA","isPartOf":{"@id":"https:\/\/www.vita.sk\/#website"},"primaryImageOfPage":{"@id":"https:\/\/www.vita.sk\/online-kurz-python-kniznice-jetbrains-datalore\/#primaryimage"},"image":{"@id":"https:\/\/www.vita.sk\/online-kurz-python-kniznice-jetbrains-datalore\/#primaryimage"},"thumbnailUrl":"https:\/\/www.vita.sk\/wp-content\/uploads\/2022\/10\/Online-kurz-Python-Kniznice-Jetbrains-Datalore.png","datePublished":"2022-10-05T09:42:12+00:00","dateModified":"2025-02-12T20:14:24+00:00","description":"V online kurze Python Kni\u017enice \u2013 JetBrains Datalore sa nau\u010d\u00edte pracova\u0165 s cloudov\u00fdm n\u00e1strojom na anal\u00fdzu d\u00e1t a spracovanie d\u00e1t. \u2705","breadcrumb":{"@id":"https:\/\/www.vita.sk\/online-kurz-python-kniznice-jetbrains-datalore\/#breadcrumb"},"inLanguage":"cs","potentialAction":[{"@type":"ReadAction","target":["https:\/\/www.vita.sk\/online-kurz-python-kniznice-jetbrains-datalore\/"]}]},{"@type":"ImageObject","inLanguage":"cs","@id":"https:\/\/www.vita.sk\/online-kurz-python-kniznice-jetbrains-datalore\/#primaryimage","url":"https:\/\/www.vita.sk\/wp-content\/uploads\/2022\/10\/Online-kurz-Python-Kniznice-Jetbrains-Datalore.png","contentUrl":"https:\/\/www.vita.sk\/wp-content\/uploads\/2022\/10\/Online-kurz-Python-Kniznice-Jetbrains-Datalore.png","width":360,"height":360,"caption":"Kurz Python Kni\u017enice \u2013 Jetbrains Datalore"},{"@type":"BreadcrumbList","@id":"https:\/\/www.vita.sk\/online-kurz-python-kniznice-jetbrains-datalore\/#breadcrumb","itemListElement":[{"@type":"ListItem","position":1,"name":"VITA Academy","item":"https:\/\/www.vita.sk\/cs\/"},{"@type":"ListItem","position":2,"name":"Shop","item":"https:\/\/www.vita.sk\/shop\/"},{"@type":"ListItem","position":3,"name":"Programovacie Jazyky","item":"https:\/\/www.vita.sk\/online-kurzy-programovacie-jazyky\/"},{"@type":"ListItem","position":4,"name":"Python","item":"https:\/\/www.vita.sk\/online-kurzy-python\/"},{"@type":"ListItem","position":5,"name":"Online kurz Python Kni\u017enice &#8211; JetBrains Datalore"}]},{"@type":"WebSite","@id":"https:\/\/www.vita.sk\/#website","url":"https:\/\/www.vita.sk\/","name":"VITA","description":"","publisher":{"@id":"https:\/\/www.vita.sk\/#organization"},"potentialAction":[{"@type":"SearchAction","target":{"@type":"EntryPoint","urlTemplate":"https:\/\/www.vita.sk\/?s={search_term_string}"},"query-input":{"@type":"PropertyValueSpecification","valueRequired":true,"valueName":"search_term_string"}}],"inLanguage":"cs"},{"email":"admin@vita.sk","logo":"https:\/\/www.vita.sk\/img\/vita_logo.png ","address":{"type":"PostalAddress","streetAddress":"Tom\u00e1\u0161ikova 50\/A","addressLocality":"Bratislava","postalCode":"83104","addressCountry":{"name":"SK","type":"Country"}},"contactPoint":{"type":"ContactPoint","telephone":"+421 907 375\u00a0543","Email":"admin@vita.sk","contactType":"customer service"},"sameAs":["https:\/\/www.facebook.com\/VitaAcademySK\/","https:\/\/www.linkedin.com\/company\/vita-academy\/"]}]}},"acf":[],"_links":{"self":[{"href":"https:\/\/www.vita.sk\/cs\/wp-json\/wp\/v2\/product\/10766","targetHints":{"allow":["GET"]}}],"collection":[{"href":"https:\/\/www.vita.sk\/cs\/wp-json\/wp\/v2\/product"}],"about":[{"href":"https:\/\/www.vita.sk\/cs\/wp-json\/wp\/v2\/types\/product"}],"author":[{"embeddable":true,"href":"https:\/\/www.vita.sk\/cs\/wp-json\/wp\/v2\/users\/4"}],"replies":[{"embeddable":true,"href":"https:\/\/www.vita.sk\/cs\/wp-json\/wp\/v2\/comments?post=10766"}],"wp:featuredmedia":[{"embeddable":true,"href":"https:\/\/www.vita.sk\/cs\/wp-json\/wp\/v2\/media\/17892"}],"wp:attachment":[{"href":"https:\/\/www.vita.sk\/cs\/wp-json\/wp\/v2\/media?parent=10766"}],"wp:term":[{"taxonomy":"product_brand","embeddable":true,"href":"https:\/\/www.vita.sk\/cs\/wp-json\/wp\/v2\/product_brand?post=10766"},{"taxonomy":"product_cat","embeddable":true,"href":"https:\/\/www.vita.sk\/cs\/wp-json\/wp\/v2\/product_cat?post=10766"},{"taxonomy":"product_tag","embeddable":true,"href":"https:\/\/www.vita.sk\/cs\/wp-json\/wp\/v2\/product_tag?post=10766"}],"curies":[{"name":"wp","href":"https:\/\/api.w.org\/{rel}","templated":true}]}}