{"id":11521,"date":"2023-02-20T13:21:52","date_gmt":"2023-02-20T12:21:52","guid":{"rendered":"https:\/\/www.vita.sk\/?post_type=product&#038;p=11521"},"modified":"2024-06-07T13:37:33","modified_gmt":"2024-06-07T11:37:33","slug":"online-kurz-time-management-a-prokrastinacia","status":"publish","type":"product","link":"https:\/\/www.vita.sk\/cs\/online-kurz-time-management-a-prokrastinacia\/","title":{"rendered":"Online kurz Time Management a Prokrastin\u00e1cia"},"content":{"rendered":"<p>Online kurz Time Management a Prokrastin\u00e1cia je ur\u010den\u00fd \u013eu\u010fom, ktor\u00ed sa chc\u00fa nau\u010di\u0165 efekt\u00edvne nar\u00e1ba\u0165 so svoj\u00edm \u010dasom, \u010di u\u017e v pracovnom alebo s\u00fakromnom \u017eivote. Nau\u010d\u00edme v\u00e1s pl\u00e1nova\u0165 svoje aktivity, predch\u00e1dza\u0165 stresov\u00fdm situ\u00e1ci\u00e1m a pozrieme sa aj na prokrastin\u00e1ciu, ktor\u00e1 v\u00e1s brzd\u00ed v tom, aby ste pod\u00e1vali lep\u0161ie v\u00fdkony a nem\u00e1rnili svoj drahocenn\u00fd \u010das.<\/p>\n","protected":false},"excerpt":{"rendered":"<p>Online kurz Time Management a Prokrastin\u00e1cia je ur\u010den\u00fd \u013eu\u010fom, ktor\u00ed sa chc\u00fa nau\u010di\u0165 efekt\u00edvne nar\u00e1ba\u0165 so svoj\u00edm \u010dasom, \u010di u\u017e v pracovnom alebo s\u00fakromnom \u017eivote. Nau\u010d\u00edme v\u00e1s pl\u00e1nova\u0165 svoje aktivity, predch\u00e1dza\u0165 stresov\u00fdm situ\u00e1ci\u00e1m a pozrieme sa aj na prokrastin\u00e1ciu, ktor\u00e1 v\u00e1s brzd\u00ed v tom, aby ste pod\u00e1vali lep\u0161ie v\u00fdkony a nem\u00e1rnili svoj drahocenn\u00fd \u010das.","protected":false},"author":4,"featured_media":838,"comment_status":"open","ping_status":"closed","template":"","meta":{"_acf_changed":false},"product_brand":[],"product_cat":[84,90,73],"product_tag":[501],"class_list":{"0":"post-11521","1":"product","2":"type-product","3":"status-publish","4":"has-post-thumbnail","6":"product_cat-online-kurzy-manazerske-kurzy-soft-skills","7":"product_cat-online-kurzy-time-management","8":"product_cat-bez-kategorie","9":"product_tag-time-management","11":"first","12":"instock","13":"sale","14":"sold-individually","15":"taxable","16":"shipping-taxable","17":"purchasable","18":"product-type-simple"},"yoast_head":"<!-- This site is optimized with the Yoast SEO Premium plugin v25.0 (Yoast SEO v25.0) - https:\/\/yoast.com\/wordpress\/plugins\/seo\/ -->\n<title>Online kurz Time Management a Prokrastin\u00e1cia  | VITA<\/title>\n<meta name=\"robots\" content=\"index, follow, max-snippet:-1, max-image-preview:large, max-video-preview:-1\" \/>\n<link rel=\"canonical\" href=\"https:\/\/www.vita.sk\/online-kurz-time-management-a-prokrastinacia\/\" \/>\n<meta property=\"og:locale\" content=\"cs_CZ\" \/>\n<meta property=\"og:type\" content=\"article\" \/>\n<meta property=\"og:title\" content=\"Online kurz Time Management a Prokrastin\u00e1cia\" \/>\n<meta property=\"og:description\" content=\"Online kurz Time Management a Prokrastin\u00e1cia je ur\u010den\u00fd \u013eu\u010fom, ktor\u00ed sa chc\u00fa nau\u010di\u0165 efekt\u00edvne nar\u00e1ba\u0165 so svoj\u00edm \u010dasom, \u010di u\u017e v pracovnom alebo s\u00fakromnom \u017eivote. Nau\u010d\u00edme v\u00e1s pl\u00e1nova\u0165 svoje aktivity, predch\u00e1dza\u0165 stresov\u00fdm situ\u00e1ci\u00e1m a pozrieme sa aj na prokrastin\u00e1ciu, ktor\u00e1 v\u00e1s brzd\u00ed v tom, aby ste pod\u00e1vali lep\u0161ie v\u00fdkony a nem\u00e1rnili svoj drahocenn\u00fd \u010das.\" \/>\n<meta property=\"og:url\" content=\"https:\/\/www.vita.sk\/online-kurz-time-management-a-prokrastinacia\/\" \/>\n<meta property=\"og:site_name\" content=\"VITA\" \/>\n<meta property=\"article:publisher\" content=\"https:\/\/www.facebook.com\/VitaAcademySK\" \/>\n<meta property=\"article:modified_time\" content=\"2024-06-07T11:37:33+00:00\" \/>\n<meta property=\"og:image\" content=\"https:\/\/www.vita.sk\/wp-content\/uploads\/2019\/07\/Time-management.png\" \/>\n\t<meta property=\"og:image:width\" content=\"360\" \/>\n\t<meta property=\"og:image:height\" content=\"360\" \/>\n\t<meta property=\"og:image:type\" content=\"image\/png\" \/>\n<meta name=\"twitter:card\" content=\"summary_large_image\" \/>\n<meta name=\"twitter:label1\" content=\"Odhadovan\u00e1 doba \u010dten\u00ed\" \/>\n\t<meta name=\"twitter:data1\" content=\"1 minuta\" \/>\n<script type=\"application\/ld+json\" class=\"yoast-schema-graph\">{\n\t    \"@context\": \"https:\/\/schema.org\",\n\t    \"@graph\": [\n\t        {\n\t            \"@type\": \"WebPage\",\n\t            \"@id\": \"https:\/\/www.vita.sk\/online-kurz-time-management-a-prokrastinacia\/\",\n\t            \"url\": \"https:\/\/www.vita.sk\/online-kurz-time-management-a-prokrastinacia\/\",\n\t            \"name\": \"Online kurz Time Management a Prokrastin\u00e1cia 2023 | VITA\",\n\t            \"isPartOf\": {\n\t                \"@id\": \"https:\/\/www.vita.sk\/#website\"\n\t            },\n\t            \"primaryImageOfPage\": {\n\t                \"@id\": \"https:\/\/www.vita.sk\/online-kurz-time-management-a-prokrastinacia\/#primaryimage\"\n\t            },\n\t            \"image\": {\n\t                \"@id\": \"https:\/\/www.vita.sk\/online-kurz-time-management-a-prokrastinacia\/#primaryimage\"\n\t            },\n\t            \"thumbnailUrl\": \"https:\/\/www.vita.sk\/wp-content\/uploads\/2019\/07\/Time-management.png\",\n\t            \"datePublished\": \"2023-02-20T12:21:52+00:00\",\n\t            \"dateModified\": \"2024-06-07T11:37:33+00:00\",\n\t            \"breadcrumb\": {\n\t                \"@id\": \"https:\/\/www.vita.sk\/online-kurz-time-management-a-prokrastinacia\/#breadcrumb\"\n\t            },\n\t            \"inLanguage\": \"cs\",\n\t            \"potentialAction\": [\n\t                {\n\t                    \"@type\": \"ReadAction\",\n\t                    \"target\": [\n\t                        \"https:\/\/www.vita.sk\/online-kurz-time-management-a-prokrastinacia\/\"\n\t                    ]\n\t                }\n\t            ]\n\t        },\n\t        {\n\t            \"@type\": \"ImageObject\",\n\t            \"inLanguage\": \"cs\",\n\t            \"@id\": \"https:\/\/www.vita.sk\/online-kurz-time-management-a-prokrastinacia\/#primaryimage\",\n\t            \"url\": \"https:\/\/www.vita.sk\/wp-content\/uploads\/2019\/07\/Time-management.png\",\n\t            \"contentUrl\": \"https:\/\/www.vita.sk\/wp-content\/uploads\/2019\/07\/Time-management.png\",\n\t            \"width\": 360,\n\t            \"height\": 360\n\t        },\n\t        {\n\t            \"@type\": \"BreadcrumbList\",\n\t            \"@id\": \"https:\/\/www.vita.sk\/online-kurz-time-management-a-prokrastinacia\/#breadcrumb\",\n\t            \"itemListElement\": [\n\t                {\n\t                    \"@type\": \"ListItem\",\n\t                    \"position\": 1,\n\t                    \"name\": \"VITA Academy\",\n\t                    \"item\": \"https:\/\/www.vita.sk\/cs\/\"\n\t                },\n\t                {\n\t                    \"@type\": \"ListItem\",\n\t                    \"position\": 2,\n\t                    \"name\": \"Shop\",\n\t                    \"item\": \"https:\/\/www.vita.sk\/shop\/\"\n\t                },\n\t                {\n\t                    \"@type\": \"ListItem\",\n\t                    \"position\": 3,\n\t                    \"name\": \"Mana\u017e\u00e9rske a Soft Skills Kurzy\",\n\t                    \"item\": \"https:\/\/www.vita.sk\/online-kurzy-manazerske-kurzy-soft-skills\/\"\n\t                },\n\t                {\n\t                    \"@type\": \"ListItem\",\n\t                    \"position\": 4,\n\t                    \"name\": \"Time management\",\n\t                    \"item\": \"https:\/\/www.vita.sk\/online-kurzy-time-management\/\"\n\t                },\n\t                {\n\t                    \"@type\": \"ListItem\",\n\t                    \"position\": 5,\n\t                    \"name\": \"Online kurz Time Management a Prokrastin\u00e1cia\"\n\t                }\n\t            ]\n\t        },\n\t        {\n\t            \"@type\": \"WebSite\",\n\t            \"@id\": \"https:\/\/www.vita.sk\/#website\",\n\t            \"url\": \"https:\/\/www.vita.sk\/\",\n\t            \"name\": \"VITA\",\n\t            \"description\": \"\",\n\t            \"publisher\": {\n\t                \"@id\": \"https:\/\/www.vita.sk\/#organization\"\n\t            },\n\t            \"potentialAction\": [\n\t                {\n\t                    \"@type\": \"SearchAction\",\n\t                    \"target\": {\n\t                        \"@type\": \"EntryPoint\",\n\t                        \"urlTemplate\": \"https:\/\/www.vita.sk\/?s={search_term_string}\"\n\t                    },\n\t                    \"query-input\": {\n\t                        \"@type\": \"PropertyValueSpecification\",\n\t                        \"valueRequired\": true,\n\t                        \"valueName\": \"search_term_string\"\n\t                    }\n\t                }\n\t            ],\n\t            \"inLanguage\": \"cs\"\n\t        },\n\t        {\n\t            \"email\": \"admin@vita.sk\",\n\t            \"logo\": \"https:\/\/www.vita.sk\/img\/vita_logo.png \",\n\t            \"address\": {\n\t                \"type\": \"PostalAddress\",\n\t                \"streetAddress\": \"Tom\u00e1\u0161ikova 50\/A\",\n\t                \"addressLocality\": \"Bratislava\",\n\t                \"postalCode\": \"83104\",\n\t                \"addressCountry\": {\n\t                    \"name\": \"SK\",\n\t                    \"type\": \"Country\"\n\t                }\n\t            },\n\t            \"contactPoint\": {\n\t                \"type\": \"ContactPoint\",\n\t                \"telephone\": \"+421 907 375\u00a0543\",\n\t                \"Email\": \"admin@vita.sk\",\n\t                \"contactType\": \"customer service\"\n\t            },\n\t            \"sameAs\": [\n\t                \"https:\/\/www.facebook.com\/VitaAcademySK\/\",\n\t                \"https:\/\/www.linkedin.com\/company\/vita-academy\/\"\n\t            ]\n\t        }\n\t    ]\n\t}<\/script>\n<!-- \/ Yoast SEO Premium plugin. -->","yoast_head_json":{"title":"Online kurz Time Management a Prokrastin\u00e1cia  | VITA","robots":{"index":"index","follow":"follow","max-snippet":"max-snippet:-1","max-image-preview":"max-image-preview:large","max-video-preview":"max-video-preview:-1"},"canonical":"https:\/\/www.vita.sk\/online-kurz-time-management-a-prokrastinacia\/","og_locale":"cs_CZ","og_type":"article","og_title":"Online kurz Time Management a Prokrastin\u00e1cia","og_description":"Online kurz Time Management a Prokrastin\u00e1cia je ur\u010den\u00fd \u013eu\u010fom, ktor\u00ed sa chc\u00fa nau\u010di\u0165 efekt\u00edvne nar\u00e1ba\u0165 so svoj\u00edm \u010dasom, \u010di u\u017e v pracovnom alebo s\u00fakromnom \u017eivote. Nau\u010d\u00edme v\u00e1s pl\u00e1nova\u0165 svoje aktivity, predch\u00e1dza\u0165 stresov\u00fdm situ\u00e1ci\u00e1m a pozrieme sa aj na prokrastin\u00e1ciu, ktor\u00e1 v\u00e1s brzd\u00ed v tom, aby ste pod\u00e1vali lep\u0161ie v\u00fdkony a nem\u00e1rnili svoj drahocenn\u00fd \u010das.","og_url":"https:\/\/www.vita.sk\/online-kurz-time-management-a-prokrastinacia\/","og_site_name":"VITA","article_publisher":"https:\/\/www.facebook.com\/VitaAcademySK","article_modified_time":"2024-06-07T11:37:33+00:00","og_image":[{"width":360,"height":360,"url":"https:\/\/www.vita.sk\/wp-content\/uploads\/2019\/07\/Time-management.png","type":"image\/png"}],"twitter_card":"summary_large_image","twitter_misc":{"Odhadovan\u00e1 doba \u010dten\u00ed":"1 minuta"},"schema":{"@context":"https:\/\/schema.org","@graph":[{"@type":"WebPage","@id":"https:\/\/www.vita.sk\/online-kurz-time-management-a-prokrastinacia\/","url":"https:\/\/www.vita.sk\/online-kurz-time-management-a-prokrastinacia\/","name":"Online kurz Time Management a Prokrastin\u00e1cia 2023 | VITA","isPartOf":{"@id":"https:\/\/www.vita.sk\/#website"},"primaryImageOfPage":{"@id":"https:\/\/www.vita.sk\/online-kurz-time-management-a-prokrastinacia\/#primaryimage"},"image":{"@id":"https:\/\/www.vita.sk\/online-kurz-time-management-a-prokrastinacia\/#primaryimage"},"thumbnailUrl":"https:\/\/www.vita.sk\/wp-content\/uploads\/2019\/07\/Time-management.png","datePublished":"2023-02-20T12:21:52+00:00","dateModified":"2024-06-07T11:37:33+00:00","breadcrumb":{"@id":"https:\/\/www.vita.sk\/online-kurz-time-management-a-prokrastinacia\/#breadcrumb"},"inLanguage":"cs","potentialAction":[{"@type":"ReadAction","target":["https:\/\/www.vita.sk\/online-kurz-time-management-a-prokrastinacia\/"]}]},{"@type":"ImageObject","inLanguage":"cs","@id":"https:\/\/www.vita.sk\/online-kurz-time-management-a-prokrastinacia\/#primaryimage","url":"https:\/\/www.vita.sk\/wp-content\/uploads\/2019\/07\/Time-management.png","contentUrl":"https:\/\/www.vita.sk\/wp-content\/uploads\/2019\/07\/Time-management.png","width":360,"height":360},{"@type":"BreadcrumbList","@id":"https:\/\/www.vita.sk\/online-kurz-time-management-a-prokrastinacia\/#breadcrumb","itemListElement":[{"@type":"ListItem","position":1,"name":"VITA Academy","item":"https:\/\/www.vita.sk\/cs\/"},{"@type":"ListItem","position":2,"name":"Shop","item":"https:\/\/www.vita.sk\/shop\/"},{"@type":"ListItem","position":3,"name":"Mana\u017e\u00e9rske a Soft Skills Kurzy","item":"https:\/\/www.vita.sk\/online-kurzy-manazerske-kurzy-soft-skills\/"},{"@type":"ListItem","position":4,"name":"Time management","item":"https:\/\/www.vita.sk\/online-kurzy-time-management\/"},{"@type":"ListItem","position":5,"name":"Online kurz Time Management a Prokrastin\u00e1cia"}]},{"@type":"WebSite","@id":"https:\/\/www.vita.sk\/#website","url":"https:\/\/www.vita.sk\/","name":"VITA","description":"","publisher":{"@id":"https:\/\/www.vita.sk\/#organization"},"potentialAction":[{"@type":"SearchAction","target":{"@type":"EntryPoint","urlTemplate":"https:\/\/www.vita.sk\/?s={search_term_string}"},"query-input":{"@type":"PropertyValueSpecification","valueRequired":true,"valueName":"search_term_string"}}],"inLanguage":"cs"},{"email":"admin@vita.sk","logo":"https:\/\/www.vita.sk\/img\/vita_logo.png ","address":{"type":"PostalAddress","streetAddress":"Tom\u00e1\u0161ikova 50\/A","addressLocality":"Bratislava","postalCode":"83104","addressCountry":{"name":"SK","type":"Country"}},"contactPoint":{"type":"ContactPoint","telephone":"+421 907 375\u00a0543","Email":"admin@vita.sk","contactType":"customer service"},"sameAs":["https:\/\/www.facebook.com\/VitaAcademySK\/","https:\/\/www.linkedin.com\/company\/vita-academy\/"]}]}},"acf":[],"_links":{"self":[{"href":"https:\/\/www.vita.sk\/cs\/wp-json\/wp\/v2\/product\/11521","targetHints":{"allow":["GET"]}}],"collection":[{"href":"https:\/\/www.vita.sk\/cs\/wp-json\/wp\/v2\/product"}],"about":[{"href":"https:\/\/www.vita.sk\/cs\/wp-json\/wp\/v2\/types\/product"}],"author":[{"embeddable":true,"href":"https:\/\/www.vita.sk\/cs\/wp-json\/wp\/v2\/users\/4"}],"replies":[{"embeddable":true,"href":"https:\/\/www.vita.sk\/cs\/wp-json\/wp\/v2\/comments?post=11521"}],"wp:featuredmedia":[{"embeddable":true,"href":"https:\/\/www.vita.sk\/cs\/wp-json\/wp\/v2\/media\/838"}],"wp:attachment":[{"href":"https:\/\/www.vita.sk\/cs\/wp-json\/wp\/v2\/media?parent=11521"}],"wp:term":[{"taxonomy":"product_brand","embeddable":true,"href":"https:\/\/www.vita.sk\/cs\/wp-json\/wp\/v2\/product_brand?post=11521"},{"taxonomy":"product_cat","embeddable":true,"href":"https:\/\/www.vita.sk\/cs\/wp-json\/wp\/v2\/product_cat?post=11521"},{"taxonomy":"product_tag","embeddable":true,"href":"https:\/\/www.vita.sk\/cs\/wp-json\/wp\/v2\/product_tag?post=11521"}],"curies":[{"name":"wp","href":"https:\/\/api.w.org\/{rel}","templated":true}]}}