{"id":11560,"date":"2023-02-23T14:18:51","date_gmt":"2023-02-23T13:18:51","guid":{"rendered":"https:\/\/www.vita.sk\/?post_type=product&#038;p=11560"},"modified":"2024-06-05T13:46:58","modified_gmt":"2024-06-05T11:46:58","slug":"online-kurz-vyvoj-desktopovych-java-aplikacii","status":"publish","type":"product","link":"https:\/\/www.vita.sk\/cs\/online-kurz-vyvoj-desktopovych-java-aplikacii\/","title":{"rendered":"Online kurz V\u00fdvoj Desktopov\u00fdch Java Aplik\u00e1cii"},"content":{"rendered":"<p>Online kurz V\u00fdvoj Desktopov\u00fdch Java Aplik\u00e1cii v\u00e1s nau\u010d\u00ed vytv\u00e1ra\u0165 zauj\u00edmav\u00e9 aplik\u00e1cie pomocou programovacieho jazyka Java. Java je jedn\u00fdm s najpou\u017e\u00edvanej\u0161\u00edch jazykov v s\u00fa\u010dasnosti. Absolvent si osvoj\u00ed nie len pr\u00e1cu s repozit\u00e1rom, ale aj efekt\u00edvne p\u00edsanie algoritmov.<\/p>\n","protected":false},"excerpt":{"rendered":"<p>Online kurz V\u00fdvoj Desktopov\u00fdch Java Aplik\u00e1cii v\u00e1s nau\u010d\u00ed vytv\u00e1ra\u0165 zauj\u00edmav\u00e9 aplik\u00e1cie pomocou programovacieho jazyka Java. Java je jedn\u00fdm s najpou\u017e\u00edvanej\u0161\u00edch jazykov v s\u00fa\u010dasnosti. Absolvent si osvoj\u00ed nie len pr\u00e1cu s repozit\u00e1rom, ale aj efekt\u00edvne p\u00edsanie algoritmov.","protected":false},"author":4,"featured_media":9870,"comment_status":"open","ping_status":"closed","template":"","meta":{"_acf_changed":false},"product_brand":[],"product_cat":[103,99,73],"product_tag":[189,192],"class_list":{"0":"post-11560","1":"product","2":"type-product","3":"status-publish","4":"has-post-thumbnail","6":"product_cat-online-kurzy-java","7":"product_cat-online-kurzy-programovacie-jazyky","8":"product_cat-bez-kategorie","9":"product_tag-programovacie-jazyky","10":"product_tag-java","12":"first","13":"instock","14":"sale","15":"sold-individually","16":"taxable","17":"shipping-taxable","18":"purchasable","19":"product-type-simple"},"yoast_head":"<!-- This site is optimized with the Yoast SEO Premium plugin v25.0 (Yoast SEO v25.0) - https:\/\/yoast.com\/wordpress\/plugins\/seo\/ -->\n<title>Online kurz V\u00fdvoj Desktopov\u00fdch Java Aplik\u00e1cii  | VITA<\/title>\n<meta name=\"robots\" content=\"index, follow, max-snippet:-1, max-image-preview:large, max-video-preview:-1\" \/>\n<link rel=\"canonical\" href=\"https:\/\/www.vita.sk\/online-kurz-vyvoj-desktopovych-java-aplikacii\/\" \/>\n<meta property=\"og:locale\" content=\"cs_CZ\" \/>\n<meta property=\"og:type\" content=\"article\" \/>\n<meta property=\"og:title\" content=\"Online kurz V\u00fdvoj Desktopov\u00fdch Java Aplik\u00e1cii\" \/>\n<meta property=\"og:description\" content=\"Online kurz V\u00fdvoj Desktopov\u00fdch Java Aplik\u00e1cii v\u00e1s nau\u010d\u00ed vytv\u00e1ra\u0165 zauj\u00edmav\u00e9 aplik\u00e1cie pomocou programovacieho jazyka Java. Java je jedn\u00fdm s najpou\u017e\u00edvanej\u0161\u00edch jazykov v s\u00fa\u010dasnosti. Absolvent si osvoj\u00ed nie len pr\u00e1cu s repozit\u00e1rom, ale aj efekt\u00edvne p\u00edsanie algoritmov.\" \/>\n<meta property=\"og:url\" content=\"https:\/\/www.vita.sk\/online-kurz-vyvoj-desktopovych-java-aplikacii\/\" \/>\n<meta property=\"og:site_name\" content=\"VITA\" \/>\n<meta property=\"article:publisher\" content=\"https:\/\/www.facebook.com\/VitaAcademySK\" \/>\n<meta property=\"article:modified_time\" content=\"2024-06-05T11:46:58+00:00\" \/>\n<meta property=\"og:image\" content=\"https:\/\/www.vita.sk\/wp-content\/uploads\/2022\/05\/online-kurz-java.png\" \/>\n\t<meta property=\"og:image:width\" content=\"360\" \/>\n\t<meta property=\"og:image:height\" content=\"360\" \/>\n\t<meta property=\"og:image:type\" content=\"image\/png\" \/>\n<meta name=\"twitter:card\" content=\"summary_large_image\" \/>\n<meta name=\"twitter:label1\" content=\"Odhadovan\u00e1 doba \u010dten\u00ed\" \/>\n\t<meta name=\"twitter:data1\" content=\"1 minuta\" \/>\n<script type=\"application\/ld+json\" class=\"yoast-schema-graph\">{\n\t    \"@context\": \"https:\/\/schema.org\",\n\t    \"@graph\": [\n\t        {\n\t            \"@type\": \"WebPage\",\n\t            \"@id\": \"https:\/\/www.vita.sk\/online-kurz-vyvoj-desktopovych-java-aplikacii\/\",\n\t            \"url\": \"https:\/\/www.vita.sk\/online-kurz-vyvoj-desktopovych-java-aplikacii\/\",\n\t            \"name\": \"Online kurz V\u00fdvoj Desktopov\u00fdch Java Aplik\u00e1cii 2023 | VITA\",\n\t            \"isPartOf\": {\n\t                \"@id\": \"https:\/\/www.vita.sk\/#website\"\n\t            },\n\t            \"primaryImageOfPage\": {\n\t                \"@id\": \"https:\/\/www.vita.sk\/online-kurz-vyvoj-desktopovych-java-aplikacii\/#primaryimage\"\n\t            },\n\t            \"image\": {\n\t                \"@id\": \"https:\/\/www.vita.sk\/online-kurz-vyvoj-desktopovych-java-aplikacii\/#primaryimage\"\n\t            },\n\t            \"thumbnailUrl\": \"https:\/\/www.vita.sk\/wp-content\/uploads\/2022\/05\/online-kurz-java.png\",\n\t            \"datePublished\": \"2023-02-23T13:18:51+00:00\",\n\t            \"dateModified\": \"2024-06-05T11:46:58+00:00\",\n\t            \"breadcrumb\": {\n\t                \"@id\": \"https:\/\/www.vita.sk\/online-kurz-vyvoj-desktopovych-java-aplikacii\/#breadcrumb\"\n\t            },\n\t            \"inLanguage\": \"cs\",\n\t            \"potentialAction\": [\n\t                {\n\t                    \"@type\": \"ReadAction\",\n\t                    \"target\": [\n\t                        \"https:\/\/www.vita.sk\/online-kurz-vyvoj-desktopovych-java-aplikacii\/\"\n\t                    ]\n\t                }\n\t            ]\n\t        },\n\t        {\n\t            \"@type\": \"ImageObject\",\n\t            \"inLanguage\": \"cs\",\n\t            \"@id\": \"https:\/\/www.vita.sk\/online-kurz-vyvoj-desktopovych-java-aplikacii\/#primaryimage\",\n\t            \"url\": \"https:\/\/www.vita.sk\/wp-content\/uploads\/2022\/05\/online-kurz-java.png\",\n\t            \"contentUrl\": \"https:\/\/www.vita.sk\/wp-content\/uploads\/2022\/05\/online-kurz-java.png\",\n\t            \"width\": 360,\n\t            \"height\": 360\n\t        },\n\t        {\n\t            \"@type\": \"BreadcrumbList\",\n\t            \"@id\": \"https:\/\/www.vita.sk\/online-kurz-vyvoj-desktopovych-java-aplikacii\/#breadcrumb\",\n\t            \"itemListElement\": [\n\t                {\n\t                    \"@type\": \"ListItem\",\n\t                    \"position\": 1,\n\t                    \"name\": \"VITA Academy\",\n\t                    \"item\": \"https:\/\/www.vita.sk\/cs\/\"\n\t                },\n\t                {\n\t                    \"@type\": \"ListItem\",\n\t                    \"position\": 2,\n\t                    \"name\": \"Shop\",\n\t                    \"item\": \"https:\/\/www.vita.sk\/shop\/\"\n\t                },\n\t                {\n\t                    \"@type\": \"ListItem\",\n\t                    \"position\": 3,\n\t                    \"name\": \"Programovacie Jazyky\",\n\t                    \"item\": \"https:\/\/www.vita.sk\/online-kurzy-programovacie-jazyky\/\"\n\t                },\n\t                {\n\t                    \"@type\": \"ListItem\",\n\t                    \"position\": 4,\n\t                    \"name\": \"Java\",\n\t                    \"item\": \"https:\/\/www.vita.sk\/online-kurzy-java\/\"\n\t                },\n\t                {\n\t                    \"@type\": \"ListItem\",\n\t                    \"position\": 5,\n\t                    \"name\": \"Online kurz V\u00fdvoj Desktopov\u00fdch Java Aplik\u00e1cii\"\n\t                }\n\t            ]\n\t        },\n\t        {\n\t            \"@type\": \"WebSite\",\n\t            \"@id\": \"https:\/\/www.vita.sk\/#website\",\n\t            \"url\": \"https:\/\/www.vita.sk\/\",\n\t            \"name\": \"VITA\",\n\t            \"description\": \"\",\n\t            \"publisher\": {\n\t                \"@id\": \"https:\/\/www.vita.sk\/#organization\"\n\t            },\n\t            \"potentialAction\": [\n\t                {\n\t                    \"@type\": \"SearchAction\",\n\t                    \"target\": {\n\t                        \"@type\": \"EntryPoint\",\n\t                        \"urlTemplate\": \"https:\/\/www.vita.sk\/?s={search_term_string}\"\n\t                    },\n\t                    \"query-input\": {\n\t                        \"@type\": \"PropertyValueSpecification\",\n\t                        \"valueRequired\": true,\n\t                        \"valueName\": \"search_term_string\"\n\t                    }\n\t                }\n\t            ],\n\t            \"inLanguage\": \"cs\"\n\t        },\n\t        {\n\t            \"email\": \"admin@vita.sk\",\n\t            \"logo\": \"https:\/\/www.vita.sk\/img\/vita_logo.png \",\n\t            \"address\": {\n\t                \"type\": \"PostalAddress\",\n\t                \"streetAddress\": \"Tom\u00e1\u0161ikova 50\/A\",\n\t                \"addressLocality\": \"Bratislava\",\n\t                \"postalCode\": \"83104\",\n\t                \"addressCountry\": {\n\t                    \"name\": \"SK\",\n\t                    \"type\": \"Country\"\n\t                }\n\t            },\n\t            \"contactPoint\": {\n\t                \"type\": \"ContactPoint\",\n\t                \"telephone\": \"+421 907 375\u00a0543\",\n\t                \"Email\": \"admin@vita.sk\",\n\t                \"contactType\": \"customer service\"\n\t            },\n\t            \"sameAs\": [\n\t                \"https:\/\/www.facebook.com\/VitaAcademySK\/\",\n\t                \"https:\/\/www.linkedin.com\/company\/vita-academy\/\"\n\t            ]\n\t        }\n\t    ]\n\t}<\/script>\n<!-- \/ Yoast SEO Premium plugin. -->","yoast_head_json":{"title":"Online kurz V\u00fdvoj Desktopov\u00fdch Java Aplik\u00e1cii  | VITA","robots":{"index":"index","follow":"follow","max-snippet":"max-snippet:-1","max-image-preview":"max-image-preview:large","max-video-preview":"max-video-preview:-1"},"canonical":"https:\/\/www.vita.sk\/online-kurz-vyvoj-desktopovych-java-aplikacii\/","og_locale":"cs_CZ","og_type":"article","og_title":"Online kurz V\u00fdvoj Desktopov\u00fdch Java Aplik\u00e1cii","og_description":"Online kurz V\u00fdvoj Desktopov\u00fdch Java Aplik\u00e1cii v\u00e1s nau\u010d\u00ed vytv\u00e1ra\u0165 zauj\u00edmav\u00e9 aplik\u00e1cie pomocou programovacieho jazyka Java. Java je jedn\u00fdm s najpou\u017e\u00edvanej\u0161\u00edch jazykov v s\u00fa\u010dasnosti. Absolvent si osvoj\u00ed nie len pr\u00e1cu s repozit\u00e1rom, ale aj efekt\u00edvne p\u00edsanie algoritmov.","og_url":"https:\/\/www.vita.sk\/online-kurz-vyvoj-desktopovych-java-aplikacii\/","og_site_name":"VITA","article_publisher":"https:\/\/www.facebook.com\/VitaAcademySK","article_modified_time":"2024-06-05T11:46:58+00:00","og_image":[{"width":360,"height":360,"url":"https:\/\/www.vita.sk\/wp-content\/uploads\/2022\/05\/online-kurz-java.png","type":"image\/png"}],"twitter_card":"summary_large_image","twitter_misc":{"Odhadovan\u00e1 doba \u010dten\u00ed":"1 minuta"},"schema":{"@context":"https:\/\/schema.org","@graph":[{"@type":"WebPage","@id":"https:\/\/www.vita.sk\/online-kurz-vyvoj-desktopovych-java-aplikacii\/","url":"https:\/\/www.vita.sk\/online-kurz-vyvoj-desktopovych-java-aplikacii\/","name":"Online kurz V\u00fdvoj Desktopov\u00fdch Java Aplik\u00e1cii 2023 | VITA","isPartOf":{"@id":"https:\/\/www.vita.sk\/#website"},"primaryImageOfPage":{"@id":"https:\/\/www.vita.sk\/online-kurz-vyvoj-desktopovych-java-aplikacii\/#primaryimage"},"image":{"@id":"https:\/\/www.vita.sk\/online-kurz-vyvoj-desktopovych-java-aplikacii\/#primaryimage"},"thumbnailUrl":"https:\/\/www.vita.sk\/wp-content\/uploads\/2022\/05\/online-kurz-java.png","datePublished":"2023-02-23T13:18:51+00:00","dateModified":"2024-06-05T11:46:58+00:00","breadcrumb":{"@id":"https:\/\/www.vita.sk\/online-kurz-vyvoj-desktopovych-java-aplikacii\/#breadcrumb"},"inLanguage":"cs","potentialAction":[{"@type":"ReadAction","target":["https:\/\/www.vita.sk\/online-kurz-vyvoj-desktopovych-java-aplikacii\/"]}]},{"@type":"ImageObject","inLanguage":"cs","@id":"https:\/\/www.vita.sk\/online-kurz-vyvoj-desktopovych-java-aplikacii\/#primaryimage","url":"https:\/\/www.vita.sk\/wp-content\/uploads\/2022\/05\/online-kurz-java.png","contentUrl":"https:\/\/www.vita.sk\/wp-content\/uploads\/2022\/05\/online-kurz-java.png","width":360,"height":360},{"@type":"BreadcrumbList","@id":"https:\/\/www.vita.sk\/online-kurz-vyvoj-desktopovych-java-aplikacii\/#breadcrumb","itemListElement":[{"@type":"ListItem","position":1,"name":"VITA Academy","item":"https:\/\/www.vita.sk\/cs\/"},{"@type":"ListItem","position":2,"name":"Shop","item":"https:\/\/www.vita.sk\/shop\/"},{"@type":"ListItem","position":3,"name":"Programovacie Jazyky","item":"https:\/\/www.vita.sk\/online-kurzy-programovacie-jazyky\/"},{"@type":"ListItem","position":4,"name":"Java","item":"https:\/\/www.vita.sk\/online-kurzy-java\/"},{"@type":"ListItem","position":5,"name":"Online kurz V\u00fdvoj Desktopov\u00fdch Java Aplik\u00e1cii"}]},{"@type":"WebSite","@id":"https:\/\/www.vita.sk\/#website","url":"https:\/\/www.vita.sk\/","name":"VITA","description":"","publisher":{"@id":"https:\/\/www.vita.sk\/#organization"},"potentialAction":[{"@type":"SearchAction","target":{"@type":"EntryPoint","urlTemplate":"https:\/\/www.vita.sk\/?s={search_term_string}"},"query-input":{"@type":"PropertyValueSpecification","valueRequired":true,"valueName":"search_term_string"}}],"inLanguage":"cs"},{"email":"admin@vita.sk","logo":"https:\/\/www.vita.sk\/img\/vita_logo.png ","address":{"type":"PostalAddress","streetAddress":"Tom\u00e1\u0161ikova 50\/A","addressLocality":"Bratislava","postalCode":"83104","addressCountry":{"name":"SK","type":"Country"}},"contactPoint":{"type":"ContactPoint","telephone":"+421 907 375\u00a0543","Email":"admin@vita.sk","contactType":"customer service"},"sameAs":["https:\/\/www.facebook.com\/VitaAcademySK\/","https:\/\/www.linkedin.com\/company\/vita-academy\/"]}]}},"acf":[],"_links":{"self":[{"href":"https:\/\/www.vita.sk\/cs\/wp-json\/wp\/v2\/product\/11560","targetHints":{"allow":["GET"]}}],"collection":[{"href":"https:\/\/www.vita.sk\/cs\/wp-json\/wp\/v2\/product"}],"about":[{"href":"https:\/\/www.vita.sk\/cs\/wp-json\/wp\/v2\/types\/product"}],"author":[{"embeddable":true,"href":"https:\/\/www.vita.sk\/cs\/wp-json\/wp\/v2\/users\/4"}],"replies":[{"embeddable":true,"href":"https:\/\/www.vita.sk\/cs\/wp-json\/wp\/v2\/comments?post=11560"}],"wp:featuredmedia":[{"embeddable":true,"href":"https:\/\/www.vita.sk\/cs\/wp-json\/wp\/v2\/media\/9870"}],"wp:attachment":[{"href":"https:\/\/www.vita.sk\/cs\/wp-json\/wp\/v2\/media?parent=11560"}],"wp:term":[{"taxonomy":"product_brand","embeddable":true,"href":"https:\/\/www.vita.sk\/cs\/wp-json\/wp\/v2\/product_brand?post=11560"},{"taxonomy":"product_cat","embeddable":true,"href":"https:\/\/www.vita.sk\/cs\/wp-json\/wp\/v2\/product_cat?post=11560"},{"taxonomy":"product_tag","embeddable":true,"href":"https:\/\/www.vita.sk\/cs\/wp-json\/wp\/v2\/product_tag?post=11560"}],"curies":[{"name":"wp","href":"https:\/\/api.w.org\/{rel}","templated":true}]}}