{"id":11599,"date":"2023-03-09T14:07:23","date_gmt":"2023-03-09T13:07:23","guid":{"rendered":"https:\/\/www.vita.sk\/?post_type=product&#038;p=11599"},"modified":"2024-05-24T10:15:59","modified_gmt":"2024-05-24T08:15:59","slug":"online-kurz-uvod-do-databaz","status":"publish","type":"product","link":"https:\/\/www.vita.sk\/cs\/online-kurz-uvod-do-databaz\/","title":{"rendered":"Online kurz \u00davod do Datab\u00e1z"},"content":{"rendered":"<p>Online kurz \u00davod do Datab\u00e1z je pre v\u00e1s ide\u00e1lny, ak sa chcete nau\u010di\u0165 pracova\u0165 s datab\u00e1zami a syst\u00e9mami riadenia datab\u00e1z (DBMS). Na kurze sa dozviete sa o r\u00f4znych typoch datab\u00e1zov\u00fdch syst\u00e9mov a ich pou\u017eit\u00ed v praxi. Nau\u010d\u00edte sa, ako rozbeha\u0165 a nain\u0161talova\u0165 datab\u00e1zu. Z\u00edskate preh\u013ead o r\u00f4znych n\u00e1strojoch na spr\u00e1vu datab\u00e1z. Osvoj\u00edte si pr\u00e1cu s n\u00e1strojom phpMyAdmin pre spr\u00e1vu MySQL datab\u00e1z. Budete vedie\u0165 vytvori\u0165 a spravova\u0165 pou\u017e\u00edvate\u013eov v datab\u00e1ze, nastavi\u0165 opr\u00e1vnenia a bezpe\u010dnostn\u00e9 pravidl\u00e1. Osvoj\u00edte si met\u00f3dy a postupy na z\u00e1lohovanie a obnovu d\u00e1t. Uk\u00e1\u017eeme si ako konfigurova\u0165 drivery, DSN a pou\u017e\u00edva\u0165 ODBC. Ako bonus sa pozrieme na integr\u00e1ciu MySQL s Microsoft Excel<\/p>\n","protected":false},"excerpt":{"rendered":"<p>Online kurz \u00davod do Datab\u00e1z je pre v\u00e1s ide\u00e1lny, ak sa chcete nau\u010di\u0165 pracova\u0165 s datab\u00e1zami a syst\u00e9mami riadenia datab\u00e1z (DBMS). Na kurze sa dozviete sa o r\u00f4znych typoch datab\u00e1zov\u00fdch syst\u00e9mov a ich pou\u017eit\u00ed v praxi. Nau\u010d\u00edte sa, ako rozbeha\u0165 a nain\u0161talova\u0165 datab\u00e1zu. Z\u00edskate preh\u013ead o r\u00f4znych n\u00e1strojoch na spr\u00e1vu datab\u00e1z.","protected":false},"author":27,"featured_media":448,"comment_status":"open","ping_status":"closed","template":"","meta":{"_acf_changed":false},"product_brand":[],"product_cat":[503,49,73],"product_tag":[188,347,505],"class_list":{"0":"post-11599","1":"product","2":"type-product","3":"status-publish","4":"has-post-thumbnail","6":"product_cat-uvod-do-databaz","7":"product_cat-online-kurzy-databazy-statistika-analytika","8":"product_cat-bez-kategorie","9":"product_tag-databazy-a-analytika","10":"product_tag-sql","11":"product_tag-databazy","13":"first","14":"instock","15":"sale","16":"sold-individually","17":"taxable","18":"shipping-taxable","19":"purchasable","20":"product-type-simple"},"yoast_head":"<!-- This site is optimized with the Yoast SEO Premium plugin v25.0 (Yoast SEO v25.0) - https:\/\/yoast.com\/wordpress\/plugins\/seo\/ -->\n<title>Online kurz \u00davod do Datab\u00e1z  | VITA<\/title>\n<meta name=\"robots\" content=\"index, follow, max-snippet:-1, max-image-preview:large, max-video-preview:-1\" \/>\n<link rel=\"canonical\" href=\"https:\/\/www.vita.sk\/online-kurz-uvod-do-databaz\/\" \/>\n<meta property=\"og:locale\" content=\"cs_CZ\" \/>\n<meta property=\"og:type\" content=\"article\" \/>\n<meta property=\"og:title\" content=\"Online kurz \u00davod do Datab\u00e1z\" \/>\n<meta property=\"og:description\" content=\"Online kurz \u00davod do Datab\u00e1z je pre v\u00e1s ide\u00e1lny, ak sa chcete nau\u010di\u0165 pracova\u0165 s datab\u00e1zami a syst\u00e9mami riadenia datab\u00e1z (DBMS). Na kurze sa dozviete sa o r\u00f4znych typoch datab\u00e1zov\u00fdch syst\u00e9mov a ich pou\u017eit\u00ed v praxi. Nau\u010d\u00edte sa, ako rozbeha\u0165 a nain\u0161talova\u0165 datab\u00e1zu. Z\u00edskate preh\u013ead o r\u00f4znych n\u00e1strojoch na spr\u00e1vu datab\u00e1z. Osvoj\u00edte si pr\u00e1cu s [&hellip;]\" \/>\n<meta property=\"og:url\" content=\"https:\/\/www.vita.sk\/online-kurz-uvod-do-databaz\/\" \/>\n<meta property=\"og:site_name\" content=\"VITA\" \/>\n<meta property=\"article:publisher\" content=\"https:\/\/www.facebook.com\/VitaAcademySK\" \/>\n<meta property=\"article:modified_time\" content=\"2024-05-24T08:15:59+00:00\" \/>\n<meta property=\"og:image\" content=\"https:\/\/www.vita.sk\/wp-content\/uploads\/2018\/10\/databazy.png\" \/>\n\t<meta property=\"og:image:width\" content=\"360\" \/>\n\t<meta property=\"og:image:height\" content=\"360\" \/>\n\t<meta property=\"og:image:type\" content=\"image\/png\" \/>\n<meta name=\"twitter:card\" content=\"summary_large_image\" \/>\n<meta name=\"twitter:label1\" content=\"Odhadovan\u00e1 doba \u010dten\u00ed\" \/>\n\t<meta name=\"twitter:data1\" content=\"1 minuta\" \/>\n<script type=\"application\/ld+json\" class=\"yoast-schema-graph\">{\n\t    \"@context\": \"https:\/\/schema.org\",\n\t    \"@graph\": [\n\t        {\n\t            \"@type\": \"WebPage\",\n\t            \"@id\": \"https:\/\/www.vita.sk\/online-kurz-uvod-do-databaz\/\",\n\t            \"url\": \"https:\/\/www.vita.sk\/online-kurz-uvod-do-databaz\/\",\n\t            \"name\": \"Online kurz \u00davod do Datab\u00e1z 2024 | VITA\",\n\t            \"isPartOf\": {\n\t                \"@id\": \"https:\/\/www.vita.sk\/#website\"\n\t            },\n\t            \"primaryImageOfPage\": {\n\t                \"@id\": \"https:\/\/www.vita.sk\/online-kurz-uvod-do-databaz\/#primaryimage\"\n\t            },\n\t            \"image\": {\n\t                \"@id\": \"https:\/\/www.vita.sk\/online-kurz-uvod-do-databaz\/#primaryimage\"\n\t            },\n\t            \"thumbnailUrl\": \"https:\/\/www.vita.sk\/wp-content\/uploads\/2018\/10\/databazy.png\",\n\t            \"datePublished\": \"2023-03-09T13:07:23+00:00\",\n\t            \"dateModified\": \"2024-05-24T08:15:59+00:00\",\n\t            \"breadcrumb\": {\n\t                \"@id\": \"https:\/\/www.vita.sk\/online-kurz-uvod-do-databaz\/#breadcrumb\"\n\t            },\n\t            \"inLanguage\": \"cs\",\n\t            \"potentialAction\": [\n\t                {\n\t                    \"@type\": \"ReadAction\",\n\t                    \"target\": [\n\t                        \"https:\/\/www.vita.sk\/online-kurz-uvod-do-databaz\/\"\n\t                    ]\n\t                }\n\t            ]\n\t        },\n\t        {\n\t            \"@type\": \"ImageObject\",\n\t            \"inLanguage\": \"cs\",\n\t            \"@id\": \"https:\/\/www.vita.sk\/online-kurz-uvod-do-databaz\/#primaryimage\",\n\t            \"url\": \"https:\/\/www.vita.sk\/wp-content\/uploads\/2018\/10\/databazy.png\",\n\t            \"contentUrl\": \"https:\/\/www.vita.sk\/wp-content\/uploads\/2018\/10\/databazy.png\",\n\t            \"width\": 360,\n\t            \"height\": 360,\n\t            \"caption\": \"Online kurz Datab\u00e1zy\"\n\t        },\n\t        {\n\t            \"@type\": \"BreadcrumbList\",\n\t            \"@id\": \"https:\/\/www.vita.sk\/online-kurz-uvod-do-databaz\/#breadcrumb\",\n\t            \"itemListElement\": [\n\t                {\n\t                    \"@type\": \"ListItem\",\n\t                    \"position\": 1,\n\t                    \"name\": \"VITA Academy\",\n\t                    \"item\": \"https:\/\/www.vita.sk\/cs\/\"\n\t                },\n\t                {\n\t                    \"@type\": \"ListItem\",\n\t                    \"position\": 2,\n\t                    \"name\": \"Shop\",\n\t                    \"item\": \"https:\/\/www.vita.sk\/shop\/\"\n\t                },\n\t                {\n\t                    \"@type\": \"ListItem\",\n\t                    \"position\": 3,\n\t                    \"name\": \"Spr\u00e1va Datab\u00e1z, \u0160tatistika a D\u00e1tov\u00e1 Anal\u00fdza\",\n\t                    \"item\": \"https:\/\/www.vita.sk\/online-kurzy-databazy-analytika\/\"\n\t                },\n\t                {\n\t                    \"@type\": \"ListItem\",\n\t                    \"position\": 4,\n\t                    \"name\": \"\u00davod do Datab\u00e1z\",\n\t                    \"item\": \"https:\/\/www.vita.sk\/uvod-do-databaz\/\"\n\t                },\n\t                {\n\t                    \"@type\": \"ListItem\",\n\t                    \"position\": 5,\n\t                    \"name\": \"Online kurz \u00davod do Datab\u00e1z\"\n\t                }\n\t            ]\n\t        },\n\t        {\n\t            \"@type\": \"WebSite\",\n\t            \"@id\": \"https:\/\/www.vita.sk\/#website\",\n\t            \"url\": \"https:\/\/www.vita.sk\/\",\n\t            \"name\": \"VITA\",\n\t            \"description\": \"\",\n\t            \"publisher\": {\n\t                \"@id\": \"https:\/\/www.vita.sk\/#organization\"\n\t            },\n\t            \"potentialAction\": [\n\t                {\n\t                    \"@type\": \"SearchAction\",\n\t                    \"target\": {\n\t                        \"@type\": \"EntryPoint\",\n\t                        \"urlTemplate\": \"https:\/\/www.vita.sk\/?s={search_term_string}\"\n\t                    },\n\t                    \"query-input\": {\n\t                        \"@type\": \"PropertyValueSpecification\",\n\t                        \"valueRequired\": true,\n\t                        \"valueName\": \"search_term_string\"\n\t                    }\n\t                }\n\t            ],\n\t            \"inLanguage\": \"cs\"\n\t        },\n\t        {\n\t            \"email\": \"admin@vita.sk\",\n\t            \"logo\": \"https:\/\/www.vita.sk\/img\/vita_logo.png \",\n\t            \"address\": {\n\t                \"type\": \"PostalAddress\",\n\t                \"streetAddress\": \"Tom\u00e1\u0161ikova 50\/A\",\n\t                \"addressLocality\": \"Bratislava\",\n\t                \"postalCode\": \"83104\",\n\t                \"addressCountry\": {\n\t                    \"name\": \"SK\",\n\t                    \"type\": \"Country\"\n\t                }\n\t            },\n\t            \"contactPoint\": {\n\t                \"type\": \"ContactPoint\",\n\t                \"telephone\": \"+421 907 375\u00a0543\",\n\t                \"Email\": \"admin@vita.sk\",\n\t                \"contactType\": \"customer service\"\n\t            },\n\t            \"sameAs\": [\n\t                \"https:\/\/www.facebook.com\/VitaAcademySK\/\",\n\t                \"https:\/\/www.linkedin.com\/company\/vita-academy\/\"\n\t            ]\n\t        }\n\t    ]\n\t}<\/script>\n<!-- \/ Yoast SEO Premium plugin. -->","yoast_head_json":{"title":"Online kurz \u00davod do Datab\u00e1z  | VITA","robots":{"index":"index","follow":"follow","max-snippet":"max-snippet:-1","max-image-preview":"max-image-preview:large","max-video-preview":"max-video-preview:-1"},"canonical":"https:\/\/www.vita.sk\/online-kurz-uvod-do-databaz\/","og_locale":"cs_CZ","og_type":"article","og_title":"Online kurz \u00davod do Datab\u00e1z","og_description":"Online kurz \u00davod do Datab\u00e1z je pre v\u00e1s ide\u00e1lny, ak sa chcete nau\u010di\u0165 pracova\u0165 s datab\u00e1zami a syst\u00e9mami riadenia datab\u00e1z (DBMS). Na kurze sa dozviete sa o r\u00f4znych typoch datab\u00e1zov\u00fdch syst\u00e9mov a ich pou\u017eit\u00ed v praxi. Nau\u010d\u00edte sa, ako rozbeha\u0165 a nain\u0161talova\u0165 datab\u00e1zu. Z\u00edskate preh\u013ead o r\u00f4znych n\u00e1strojoch na spr\u00e1vu datab\u00e1z. Osvoj\u00edte si pr\u00e1cu s [&hellip;]","og_url":"https:\/\/www.vita.sk\/online-kurz-uvod-do-databaz\/","og_site_name":"VITA","article_publisher":"https:\/\/www.facebook.com\/VitaAcademySK","article_modified_time":"2024-05-24T08:15:59+00:00","og_image":[{"width":360,"height":360,"url":"https:\/\/www.vita.sk\/wp-content\/uploads\/2018\/10\/databazy.png","type":"image\/png"}],"twitter_card":"summary_large_image","twitter_misc":{"Odhadovan\u00e1 doba \u010dten\u00ed":"1 minuta"},"schema":{"@context":"https:\/\/schema.org","@graph":[{"@type":"WebPage","@id":"https:\/\/www.vita.sk\/online-kurz-uvod-do-databaz\/","url":"https:\/\/www.vita.sk\/online-kurz-uvod-do-databaz\/","name":"Online kurz \u00davod do Datab\u00e1z 2024 | VITA","isPartOf":{"@id":"https:\/\/www.vita.sk\/#website"},"primaryImageOfPage":{"@id":"https:\/\/www.vita.sk\/online-kurz-uvod-do-databaz\/#primaryimage"},"image":{"@id":"https:\/\/www.vita.sk\/online-kurz-uvod-do-databaz\/#primaryimage"},"thumbnailUrl":"https:\/\/www.vita.sk\/wp-content\/uploads\/2018\/10\/databazy.png","datePublished":"2023-03-09T13:07:23+00:00","dateModified":"2024-05-24T08:15:59+00:00","breadcrumb":{"@id":"https:\/\/www.vita.sk\/online-kurz-uvod-do-databaz\/#breadcrumb"},"inLanguage":"cs","potentialAction":[{"@type":"ReadAction","target":["https:\/\/www.vita.sk\/online-kurz-uvod-do-databaz\/"]}]},{"@type":"ImageObject","inLanguage":"cs","@id":"https:\/\/www.vita.sk\/online-kurz-uvod-do-databaz\/#primaryimage","url":"https:\/\/www.vita.sk\/wp-content\/uploads\/2018\/10\/databazy.png","contentUrl":"https:\/\/www.vita.sk\/wp-content\/uploads\/2018\/10\/databazy.png","width":360,"height":360,"caption":"Online kurz Datab\u00e1zy"},{"@type":"BreadcrumbList","@id":"https:\/\/www.vita.sk\/online-kurz-uvod-do-databaz\/#breadcrumb","itemListElement":[{"@type":"ListItem","position":1,"name":"VITA Academy","item":"https:\/\/www.vita.sk\/cs\/"},{"@type":"ListItem","position":2,"name":"Shop","item":"https:\/\/www.vita.sk\/shop\/"},{"@type":"ListItem","position":3,"name":"Spr\u00e1va Datab\u00e1z, \u0160tatistika a D\u00e1tov\u00e1 Anal\u00fdza","item":"https:\/\/www.vita.sk\/online-kurzy-databazy-analytika\/"},{"@type":"ListItem","position":4,"name":"\u00davod do Datab\u00e1z","item":"https:\/\/www.vita.sk\/uvod-do-databaz\/"},{"@type":"ListItem","position":5,"name":"Online kurz \u00davod do Datab\u00e1z"}]},{"@type":"WebSite","@id":"https:\/\/www.vita.sk\/#website","url":"https:\/\/www.vita.sk\/","name":"VITA","description":"","publisher":{"@id":"https:\/\/www.vita.sk\/#organization"},"potentialAction":[{"@type":"SearchAction","target":{"@type":"EntryPoint","urlTemplate":"https:\/\/www.vita.sk\/?s={search_term_string}"},"query-input":{"@type":"PropertyValueSpecification","valueRequired":true,"valueName":"search_term_string"}}],"inLanguage":"cs"},{"email":"admin@vita.sk","logo":"https:\/\/www.vita.sk\/img\/vita_logo.png ","address":{"type":"PostalAddress","streetAddress":"Tom\u00e1\u0161ikova 50\/A","addressLocality":"Bratislava","postalCode":"83104","addressCountry":{"name":"SK","type":"Country"}},"contactPoint":{"type":"ContactPoint","telephone":"+421 907 375\u00a0543","Email":"admin@vita.sk","contactType":"customer service"},"sameAs":["https:\/\/www.facebook.com\/VitaAcademySK\/","https:\/\/www.linkedin.com\/company\/vita-academy\/"]}]}},"acf":[],"_links":{"self":[{"href":"https:\/\/www.vita.sk\/cs\/wp-json\/wp\/v2\/product\/11599","targetHints":{"allow":["GET"]}}],"collection":[{"href":"https:\/\/www.vita.sk\/cs\/wp-json\/wp\/v2\/product"}],"about":[{"href":"https:\/\/www.vita.sk\/cs\/wp-json\/wp\/v2\/types\/product"}],"author":[{"embeddable":true,"href":"https:\/\/www.vita.sk\/cs\/wp-json\/wp\/v2\/users\/27"}],"replies":[{"embeddable":true,"href":"https:\/\/www.vita.sk\/cs\/wp-json\/wp\/v2\/comments?post=11599"}],"wp:featuredmedia":[{"embeddable":true,"href":"https:\/\/www.vita.sk\/cs\/wp-json\/wp\/v2\/media\/448"}],"wp:attachment":[{"href":"https:\/\/www.vita.sk\/cs\/wp-json\/wp\/v2\/media?parent=11599"}],"wp:term":[{"taxonomy":"product_brand","embeddable":true,"href":"https:\/\/www.vita.sk\/cs\/wp-json\/wp\/v2\/product_brand?post=11599"},{"taxonomy":"product_cat","embeddable":true,"href":"https:\/\/www.vita.sk\/cs\/wp-json\/wp\/v2\/product_cat?post=11599"},{"taxonomy":"product_tag","embeddable":true,"href":"https:\/\/www.vita.sk\/cs\/wp-json\/wp\/v2\/product_tag?post=11599"}],"curies":[{"name":"wp","href":"https:\/\/api.w.org\/{rel}","templated":true}]}}