{"id":11808,"date":"2023-04-06T11:33:27","date_gmt":"2023-04-06T09:33:27","guid":{"rendered":"https:\/\/www.vita.sk\/?post_type=product&#038;p=11808"},"modified":"2025-02-24T10:12:34","modified_gmt":"2025-02-24T09:12:34","slug":"online-kurz-python-principy-oop","status":"publish","type":"product","link":"https:\/\/www.vita.sk\/cs\/online-kurz-python-principy-oop\/","title":{"rendered":"Online kurz Python &#8211; Princ\u00edpy OOP"},"content":{"rendered":"<p>Online kurz Python &#8211; Princ\u00edpy OOP\u00a0 je pre v\u00e1s ide\u00e1lny, ak sa chcete nau\u010di\u0165 k\u013e\u00fa\u010dov\u00e9 princ\u00edpy Objektov\u00e9ho programovania (OOP) v programovacom jazyku Python. Osvoj\u00edte si pojmy ako dedi\u010dnos\u0165, polymorfizmus a abstrakcia. Na praktick\u00fdch pr\u00edkladoch si uk\u00e1\u017eeme, ako tieto koncepty implementova\u0165. Z\u00edskate preh\u013ead o r\u00f4znych typoch premenn\u00fdch. Nau\u010d\u00edme v\u00e1s ako spr\u00e1vne vytvori\u0165 triedy a objekty tried. Budete vedie\u0165 optimalizova\u0165 v\u00e1\u0161 k\u00f3d pomocou dekorat\u00f3ru tvori\u0165 jednoduch\u00e9 GUI pre aplik\u00e1cie.<\/p>\n<p>&nbsp;<\/p>\n","protected":false},"excerpt":{"rendered":"<p>Online kurz Python &#8211; Princ\u00edpy OOP\u00a0 je pre v\u00e1s ide\u00e1lny, ak sa chcete nau\u010di\u0165 k\u013e\u00fa\u010dov\u00e9 princ\u00edpy Objektov\u00e9ho programovania (OOP) v programovacom jazyku Python. Osvoj\u00edte si pojmy ako dedi\u010dnos\u0165, polymorfizmus a abstrakcia. Na praktick\u00fdch pr\u00edkladoch si uk\u00e1\u017eeme, ako tieto koncepty implementova\u0165. Z\u00edskate preh\u013ead o r\u00f4znych typoch premenn\u00fdch. Nau\u010d\u00edme v\u00e1s ako spr\u00e1vne vytvori\u0165 triedy a objekty tried.","protected":false},"author":4,"featured_media":864,"comment_status":"open","ping_status":"closed","template":"","meta":{"_acf_changed":false},"product_brand":[],"product_cat":[99,106,73],"product_tag":[189,212,422],"class_list":{"0":"post-11808","1":"product","2":"type-product","3":"status-publish","4":"has-post-thumbnail","6":"product_cat-online-kurzy-programovacie-jazyky","7":"product_cat-online-kurzy-python","8":"product_cat-bez-kategorie","9":"product_tag-programovacie-jazyky","10":"product_tag-python","11":"product_tag-python-objektove-programovanie","13":"first","14":"instock","15":"sale","16":"sold-individually","17":"taxable","18":"shipping-taxable","19":"purchasable","20":"product-type-simple"},"yoast_head":"<!-- This site is optimized with the Yoast SEO Premium plugin v25.0 (Yoast SEO v25.0) - https:\/\/yoast.com\/wordpress\/plugins\/seo\/ -->\n<title>Online kurz Python - Princ\u00edpy OOP  | VITA<\/title>\n<meta name=\"robots\" content=\"index, follow, max-snippet:-1, max-image-preview:large, max-video-preview:-1\" \/>\n<link rel=\"canonical\" href=\"https:\/\/www.vita.sk\/online-kurz-python-principy-oop\/\" \/>\n<meta property=\"og:locale\" content=\"cs_CZ\" \/>\n<meta property=\"og:type\" content=\"article\" \/>\n<meta property=\"og:title\" content=\"Online kurz Python - Princ\u00edpy OOP\" \/>\n<meta property=\"og:description\" content=\"Online kurz Python &#8211; Princ\u00edpy OOP\u00a0 je pre v\u00e1s ide\u00e1lny, ak sa chcete nau\u010di\u0165 k\u013e\u00fa\u010dov\u00e9 princ\u00edpy Objektov\u00e9ho programovania (OOP) v programovacom jazyku Python. Osvoj\u00edte si pojmy ako dedi\u010dnos\u0165, polymorfizmus a abstrakcia. Na praktick\u00fdch pr\u00edkladoch si uk\u00e1\u017eeme, ako tieto koncepty implementova\u0165. Z\u00edskate preh\u013ead o r\u00f4znych typoch premenn\u00fdch. Nau\u010d\u00edme v\u00e1s ako spr\u00e1vne vytvori\u0165 triedy a objekty tried. [&hellip;]\" \/>\n<meta property=\"og:url\" content=\"https:\/\/www.vita.sk\/online-kurz-python-principy-oop\/\" \/>\n<meta property=\"og:site_name\" content=\"VITA\" \/>\n<meta property=\"article:publisher\" content=\"https:\/\/www.facebook.com\/VitaAcademySK\" \/>\n<meta property=\"article:modified_time\" content=\"2025-02-24T09:12:34+00:00\" \/>\n<meta property=\"og:image\" content=\"https:\/\/www.vita.sk\/wp-content\/uploads\/2019\/07\/Python.png\" \/>\n\t<meta property=\"og:image:width\" content=\"360\" \/>\n\t<meta property=\"og:image:height\" content=\"360\" \/>\n\t<meta property=\"og:image:type\" content=\"image\/png\" \/>\n<meta name=\"twitter:card\" content=\"summary_large_image\" \/>\n<meta name=\"twitter:label1\" content=\"Odhadovan\u00e1 doba \u010dten\u00ed\" \/>\n\t<meta name=\"twitter:data1\" content=\"1 minuta\" \/>\n<script type=\"application\/ld+json\" class=\"yoast-schema-graph\">{\n\t    \"@context\": \"https:\/\/schema.org\",\n\t    \"@graph\": [\n\t        {\n\t            \"@type\": \"WebPage\",\n\t            \"@id\": \"https:\/\/www.vita.sk\/online-kurz-python-principy-oop\/\",\n\t            \"url\": \"https:\/\/www.vita.sk\/online-kurz-python-principy-oop\/\",\n\t            \"name\": \"Online kurz Python - Princ\u00edpy OOP 2023 | VITA\",\n\t            \"isPartOf\": {\n\t                \"@id\": \"https:\/\/www.vita.sk\/#website\"\n\t            },\n\t            \"primaryImageOfPage\": {\n\t                \"@id\": \"https:\/\/www.vita.sk\/online-kurz-python-principy-oop\/#primaryimage\"\n\t            },\n\t            \"image\": {\n\t                \"@id\": \"https:\/\/www.vita.sk\/online-kurz-python-principy-oop\/#primaryimage\"\n\t            },\n\t            \"thumbnailUrl\": \"https:\/\/www.vita.sk\/wp-content\/uploads\/2019\/07\/Python.png\",\n\t            \"datePublished\": \"2023-04-06T09:33:27+00:00\",\n\t            \"dateModified\": \"2025-02-24T09:12:34+00:00\",\n\t            \"breadcrumb\": {\n\t                \"@id\": \"https:\/\/www.vita.sk\/online-kurz-python-principy-oop\/#breadcrumb\"\n\t            },\n\t            \"inLanguage\": \"cs\",\n\t            \"potentialAction\": [\n\t                {\n\t                    \"@type\": \"ReadAction\",\n\t                    \"target\": [\n\t                        \"https:\/\/www.vita.sk\/online-kurz-python-principy-oop\/\"\n\t                    ]\n\t                }\n\t            ]\n\t        },\n\t        {\n\t            \"@type\": \"ImageObject\",\n\t            \"inLanguage\": \"cs\",\n\t            \"@id\": \"https:\/\/www.vita.sk\/online-kurz-python-principy-oop\/#primaryimage\",\n\t            \"url\": \"https:\/\/www.vita.sk\/wp-content\/uploads\/2019\/07\/Python.png\",\n\t            \"contentUrl\": \"https:\/\/www.vita.sk\/wp-content\/uploads\/2019\/07\/Python.png\",\n\t            \"width\": 360,\n\t            \"height\": 360,\n\t            \"caption\": \"Online kurz Python\"\n\t        },\n\t        {\n\t            \"@type\": \"BreadcrumbList\",\n\t            \"@id\": \"https:\/\/www.vita.sk\/online-kurz-python-principy-oop\/#breadcrumb\",\n\t            \"itemListElement\": [\n\t                {\n\t                    \"@type\": \"ListItem\",\n\t                    \"position\": 1,\n\t                    \"name\": \"VITA Academy\",\n\t                    \"item\": \"https:\/\/www.vita.sk\/cs\/\"\n\t                },\n\t                {\n\t                    \"@type\": \"ListItem\",\n\t                    \"position\": 2,\n\t                    \"name\": \"Shop\",\n\t                    \"item\": \"https:\/\/www.vita.sk\/shop\/\"\n\t                },\n\t                {\n\t                    \"@type\": \"ListItem\",\n\t                    \"position\": 3,\n\t                    \"name\": \"Programovacie Jazyky\",\n\t                    \"item\": \"https:\/\/www.vita.sk\/online-kurzy-programovacie-jazyky\/\"\n\t                },\n\t                {\n\t                    \"@type\": \"ListItem\",\n\t                    \"position\": 4,\n\t                    \"name\": \"Python\",\n\t                    \"item\": \"https:\/\/www.vita.sk\/online-kurzy-python\/\"\n\t                },\n\t                {\n\t                    \"@type\": \"ListItem\",\n\t                    \"position\": 5,\n\t                    \"name\": \"Online kurz Python &#8211; Princ\u00edpy OOP\"\n\t                }\n\t            ]\n\t        },\n\t        {\n\t            \"@type\": \"WebSite\",\n\t            \"@id\": \"https:\/\/www.vita.sk\/#website\",\n\t            \"url\": \"https:\/\/www.vita.sk\/\",\n\t            \"name\": \"VITA\",\n\t            \"description\": \"\",\n\t            \"publisher\": {\n\t                \"@id\": \"https:\/\/www.vita.sk\/#organization\"\n\t            },\n\t            \"potentialAction\": [\n\t                {\n\t                    \"@type\": \"SearchAction\",\n\t                    \"target\": {\n\t                        \"@type\": \"EntryPoint\",\n\t                        \"urlTemplate\": \"https:\/\/www.vita.sk\/?s={search_term_string}\"\n\t                    },\n\t                    \"query-input\": {\n\t                        \"@type\": \"PropertyValueSpecification\",\n\t                        \"valueRequired\": true,\n\t                        \"valueName\": \"search_term_string\"\n\t                    }\n\t                }\n\t            ],\n\t            \"inLanguage\": \"cs\"\n\t        },\n\t        {\n\t            \"email\": \"admin@vita.sk\",\n\t            \"logo\": \"https:\/\/www.vita.sk\/img\/vita_logo.png \",\n\t            \"address\": {\n\t                \"type\": \"PostalAddress\",\n\t                \"streetAddress\": \"Tom\u00e1\u0161ikova 50\/A\",\n\t                \"addressLocality\": \"Bratislava\",\n\t                \"postalCode\": \"83104\",\n\t                \"addressCountry\": {\n\t                    \"name\": \"SK\",\n\t                    \"type\": \"Country\"\n\t                }\n\t            },\n\t            \"contactPoint\": {\n\t                \"type\": \"ContactPoint\",\n\t                \"telephone\": \"+421 907 375\u00a0543\",\n\t                \"Email\": \"admin@vita.sk\",\n\t                \"contactType\": \"customer service\"\n\t            },\n\t            \"sameAs\": [\n\t                \"https:\/\/www.facebook.com\/VitaAcademySK\/\",\n\t                \"https:\/\/www.linkedin.com\/company\/vita-academy\/\"\n\t            ]\n\t        }\n\t    ]\n\t}<\/script>\n<!-- \/ Yoast SEO Premium plugin. -->","yoast_head_json":{"title":"Online kurz Python - Princ\u00edpy OOP  | VITA","robots":{"index":"index","follow":"follow","max-snippet":"max-snippet:-1","max-image-preview":"max-image-preview:large","max-video-preview":"max-video-preview:-1"},"canonical":"https:\/\/www.vita.sk\/online-kurz-python-principy-oop\/","og_locale":"cs_CZ","og_type":"article","og_title":"Online kurz Python - Princ\u00edpy OOP","og_description":"Online kurz Python &#8211; Princ\u00edpy OOP\u00a0 je pre v\u00e1s ide\u00e1lny, ak sa chcete nau\u010di\u0165 k\u013e\u00fa\u010dov\u00e9 princ\u00edpy Objektov\u00e9ho programovania (OOP) v programovacom jazyku Python. Osvoj\u00edte si pojmy ako dedi\u010dnos\u0165, polymorfizmus a abstrakcia. Na praktick\u00fdch pr\u00edkladoch si uk\u00e1\u017eeme, ako tieto koncepty implementova\u0165. Z\u00edskate preh\u013ead o r\u00f4znych typoch premenn\u00fdch. Nau\u010d\u00edme v\u00e1s ako spr\u00e1vne vytvori\u0165 triedy a objekty tried. [&hellip;]","og_url":"https:\/\/www.vita.sk\/online-kurz-python-principy-oop\/","og_site_name":"VITA","article_publisher":"https:\/\/www.facebook.com\/VitaAcademySK","article_modified_time":"2025-02-24T09:12:34+00:00","og_image":[{"width":360,"height":360,"url":"https:\/\/www.vita.sk\/wp-content\/uploads\/2019\/07\/Python.png","type":"image\/png"}],"twitter_card":"summary_large_image","twitter_misc":{"Odhadovan\u00e1 doba \u010dten\u00ed":"1 minuta"},"schema":{"@context":"https:\/\/schema.org","@graph":[{"@type":"WebPage","@id":"https:\/\/www.vita.sk\/online-kurz-python-principy-oop\/","url":"https:\/\/www.vita.sk\/online-kurz-python-principy-oop\/","name":"Online kurz Python - Princ\u00edpy OOP 2023 | VITA","isPartOf":{"@id":"https:\/\/www.vita.sk\/#website"},"primaryImageOfPage":{"@id":"https:\/\/www.vita.sk\/online-kurz-python-principy-oop\/#primaryimage"},"image":{"@id":"https:\/\/www.vita.sk\/online-kurz-python-principy-oop\/#primaryimage"},"thumbnailUrl":"https:\/\/www.vita.sk\/wp-content\/uploads\/2019\/07\/Python.png","datePublished":"2023-04-06T09:33:27+00:00","dateModified":"2025-02-24T09:12:34+00:00","breadcrumb":{"@id":"https:\/\/www.vita.sk\/online-kurz-python-principy-oop\/#breadcrumb"},"inLanguage":"cs","potentialAction":[{"@type":"ReadAction","target":["https:\/\/www.vita.sk\/online-kurz-python-principy-oop\/"]}]},{"@type":"ImageObject","inLanguage":"cs","@id":"https:\/\/www.vita.sk\/online-kurz-python-principy-oop\/#primaryimage","url":"https:\/\/www.vita.sk\/wp-content\/uploads\/2019\/07\/Python.png","contentUrl":"https:\/\/www.vita.sk\/wp-content\/uploads\/2019\/07\/Python.png","width":360,"height":360,"caption":"Online kurz Python"},{"@type":"BreadcrumbList","@id":"https:\/\/www.vita.sk\/online-kurz-python-principy-oop\/#breadcrumb","itemListElement":[{"@type":"ListItem","position":1,"name":"VITA Academy","item":"https:\/\/www.vita.sk\/cs\/"},{"@type":"ListItem","position":2,"name":"Shop","item":"https:\/\/www.vita.sk\/shop\/"},{"@type":"ListItem","position":3,"name":"Programovacie Jazyky","item":"https:\/\/www.vita.sk\/online-kurzy-programovacie-jazyky\/"},{"@type":"ListItem","position":4,"name":"Python","item":"https:\/\/www.vita.sk\/online-kurzy-python\/"},{"@type":"ListItem","position":5,"name":"Online kurz Python &#8211; Princ\u00edpy OOP"}]},{"@type":"WebSite","@id":"https:\/\/www.vita.sk\/#website","url":"https:\/\/www.vita.sk\/","name":"VITA","description":"","publisher":{"@id":"https:\/\/www.vita.sk\/#organization"},"potentialAction":[{"@type":"SearchAction","target":{"@type":"EntryPoint","urlTemplate":"https:\/\/www.vita.sk\/?s={search_term_string}"},"query-input":{"@type":"PropertyValueSpecification","valueRequired":true,"valueName":"search_term_string"}}],"inLanguage":"cs"},{"email":"admin@vita.sk","logo":"https:\/\/www.vita.sk\/img\/vita_logo.png ","address":{"type":"PostalAddress","streetAddress":"Tom\u00e1\u0161ikova 50\/A","addressLocality":"Bratislava","postalCode":"83104","addressCountry":{"name":"SK","type":"Country"}},"contactPoint":{"type":"ContactPoint","telephone":"+421 907 375\u00a0543","Email":"admin@vita.sk","contactType":"customer service"},"sameAs":["https:\/\/www.facebook.com\/VitaAcademySK\/","https:\/\/www.linkedin.com\/company\/vita-academy\/"]}]}},"acf":[],"_links":{"self":[{"href":"https:\/\/www.vita.sk\/cs\/wp-json\/wp\/v2\/product\/11808","targetHints":{"allow":["GET"]}}],"collection":[{"href":"https:\/\/www.vita.sk\/cs\/wp-json\/wp\/v2\/product"}],"about":[{"href":"https:\/\/www.vita.sk\/cs\/wp-json\/wp\/v2\/types\/product"}],"author":[{"embeddable":true,"href":"https:\/\/www.vita.sk\/cs\/wp-json\/wp\/v2\/users\/4"}],"replies":[{"embeddable":true,"href":"https:\/\/www.vita.sk\/cs\/wp-json\/wp\/v2\/comments?post=11808"}],"wp:featuredmedia":[{"embeddable":true,"href":"https:\/\/www.vita.sk\/cs\/wp-json\/wp\/v2\/media\/864"}],"wp:attachment":[{"href":"https:\/\/www.vita.sk\/cs\/wp-json\/wp\/v2\/media?parent=11808"}],"wp:term":[{"taxonomy":"product_brand","embeddable":true,"href":"https:\/\/www.vita.sk\/cs\/wp-json\/wp\/v2\/product_brand?post=11808"},{"taxonomy":"product_cat","embeddable":true,"href":"https:\/\/www.vita.sk\/cs\/wp-json\/wp\/v2\/product_cat?post=11808"},{"taxonomy":"product_tag","embeddable":true,"href":"https:\/\/www.vita.sk\/cs\/wp-json\/wp\/v2\/product_tag?post=11808"}],"curies":[{"name":"wp","href":"https:\/\/api.w.org\/{rel}","templated":true}]}}