{"id":12019,"date":"2023-04-24T12:12:50","date_gmt":"2023-04-24T10:12:50","guid":{"rendered":"https:\/\/www.vita.sk\/?post_type=product&#038;p=12019"},"modified":"2024-03-25T16:07:43","modified_gmt":"2024-03-25T15:07:43","slug":"online-kurz-priprava-na-skusku-oracle-certified-professional-java-se-testy","status":"publish","type":"product","link":"https:\/\/www.vita.sk\/cs\/online-kurz-priprava-na-skusku-oracle-certified-professional-java-se-testy\/","title":{"rendered":"Online kurz Pr\u00edprava na sk\u00fa\u0161ku Oracle Certified Professional Java Testy"},"content":{"rendered":"<p>Online kurz Pr\u00edprava na sk\u00fa\u0161ku Oracle Certified Professional Java Testy je ur\u010den\u00fd pre sk\u00fasen\u00fdch javov\u00fdch program\u00e1torov, nie je vhodn\u00fd pre za\u010diato\u010dn\u00edkov. Pr\u00edpravn\u00fd kurz je zameran\u00fd na rie\u0161enie testov. Spolo\u010dne si prejdeme a vyrie\u0161ime jednotliv\u00e9 testov\u00e9 ot\u00e1zky. Sk\u00fa\u0161ka je pomerne zlo\u017eit\u00e1 a je ve\u013emi vhodn\u00e9 sa na \u0148u d\u00f4kladne pripravi\u0165.<\/p>\n","protected":false},"excerpt":{"rendered":"<p>Online kurz Pr\u00edprava na sk\u00fa\u0161ku Oracle Certified Professional Java Testy je ur\u010den\u00fd pre sk\u00fasen\u00fdch javov\u00fdch program\u00e1torov, nie je vhodn\u00fd pre za\u010diato\u010dn\u00edkov. Pr\u00edpravn\u00fd kurz je zameran\u00fd na rie\u0161enie testov. Spolo\u010dne si prejdeme a vyrie\u0161ime jednotliv\u00e9 testov\u00e9 ot\u00e1zky. Sk\u00fa\u0161ka je pomerne zlo\u017eit\u00e1 a je ve\u013emi vhodn\u00e9 sa na \u0148u d\u00f4kladne pripravi\u0165.","protected":false},"author":4,"featured_media":7076,"comment_status":"open","ping_status":"closed","template":"","meta":{"_acf_changed":false},"product_brand":[],"product_cat":[103,45,99,73],"product_tag":[190],"class_list":{"0":"post-12019","1":"product","2":"type-product","3":"status-publish","4":"has-post-thumbnail","6":"product_cat-online-kurzy-java","7":"product_cat-online-kurzy-certifikacne-skusky","8":"product_cat-online-kurzy-programovacie-jazyky","9":"product_cat-bez-kategorie","10":"product_tag-certifikacne-skusky","12":"first","13":"instock","14":"sale","15":"sold-individually","16":"taxable","17":"shipping-taxable","18":"purchasable","19":"product-type-simple"},"yoast_head":"<!-- This site is optimized with the Yoast SEO Premium plugin v25.0 (Yoast SEO v25.0) - https:\/\/yoast.com\/wordpress\/plugins\/seo\/ -->\n<title>Online kurz Pr\u00edprava na sk\u00fa\u0161ku Oracle Certified Professional Java Testy  | VITA<\/title>\n<meta name=\"robots\" content=\"index, follow, max-snippet:-1, max-image-preview:large, max-video-preview:-1\" \/>\n<link rel=\"canonical\" href=\"https:\/\/www.vita.sk\/online-kurz-priprava-na-skusku-oracle-certified-professional-java-se-testy\/\" \/>\n<meta property=\"og:locale\" content=\"cs_CZ\" \/>\n<meta property=\"og:type\" content=\"article\" \/>\n<meta property=\"og:title\" content=\"Online kurz Pr\u00edprava na sk\u00fa\u0161ku Oracle Certified Professional Java Testy\" \/>\n<meta property=\"og:description\" content=\"Online kurz Pr\u00edprava na sk\u00fa\u0161ku Oracle Certified Professional Java Testy je ur\u010den\u00fd pre sk\u00fasen\u00fdch javov\u00fdch program\u00e1torov, nie je vhodn\u00fd pre za\u010diato\u010dn\u00edkov. Pr\u00edpravn\u00fd kurz je zameran\u00fd na rie\u0161enie testov. Spolo\u010dne si prejdeme a vyrie\u0161ime jednotliv\u00e9 testov\u00e9 ot\u00e1zky. Sk\u00fa\u0161ka je pomerne zlo\u017eit\u00e1 a je ve\u013emi vhodn\u00e9 sa na \u0148u d\u00f4kladne pripravi\u0165.\" \/>\n<meta property=\"og:url\" content=\"https:\/\/www.vita.sk\/online-kurz-priprava-na-skusku-oracle-certified-professional-java-se-testy\/\" \/>\n<meta property=\"og:site_name\" content=\"VITA\" \/>\n<meta property=\"article:publisher\" content=\"https:\/\/www.facebook.com\/VitaAcademySK\" \/>\n<meta property=\"article:modified_time\" content=\"2024-03-25T15:07:43+00:00\" \/>\n<meta property=\"og:image\" content=\"https:\/\/www.vita.sk\/wp-content\/uploads\/2021\/07\/kurz-priprava-na-ccnp-certifikaciu.png\" \/>\n\t<meta property=\"og:image:width\" content=\"360\" \/>\n\t<meta property=\"og:image:height\" content=\"360\" \/>\n\t<meta property=\"og:image:type\" content=\"image\/png\" \/>\n<meta name=\"twitter:card\" content=\"summary_large_image\" \/>\n<meta name=\"twitter:label1\" content=\"Odhadovan\u00e1 doba \u010dten\u00ed\" \/>\n\t<meta name=\"twitter:data1\" content=\"1 minuta\" \/>\n<script type=\"application\/ld+json\" class=\"yoast-schema-graph\">{\n\t    \"@context\": \"https:\/\/schema.org\",\n\t    \"@graph\": [\n\t        {\n\t            \"@type\": \"WebPage\",\n\t            \"@id\": \"https:\/\/www.vita.sk\/online-kurz-priprava-na-skusku-oracle-certified-professional-java-se-testy\/\",\n\t            \"url\": \"https:\/\/www.vita.sk\/online-kurz-priprava-na-skusku-oracle-certified-professional-java-se-testy\/\",\n\t            \"name\": \"Online kurz Pr\u00edprava na sk\u00fa\u0161ku Oracle Certified Professional Java Testy 2023 | VITA\",\n\t            \"isPartOf\": {\n\t                \"@id\": \"https:\/\/www.vita.sk\/#website\"\n\t            },\n\t            \"primaryImageOfPage\": {\n\t                \"@id\": \"https:\/\/www.vita.sk\/online-kurz-priprava-na-skusku-oracle-certified-professional-java-se-testy\/#primaryimage\"\n\t            },\n\t            \"image\": {\n\t                \"@id\": \"https:\/\/www.vita.sk\/online-kurz-priprava-na-skusku-oracle-certified-professional-java-se-testy\/#primaryimage\"\n\t            },\n\t            \"thumbnailUrl\": \"https:\/\/www.vita.sk\/wp-content\/uploads\/2021\/07\/kurz-priprava-na-ccnp-certifikaciu.png\",\n\t            \"datePublished\": \"2023-04-24T10:12:50+00:00\",\n\t            \"dateModified\": \"2024-03-25T15:07:43+00:00\",\n\t            \"breadcrumb\": {\n\t                \"@id\": \"https:\/\/www.vita.sk\/online-kurz-priprava-na-skusku-oracle-certified-professional-java-se-testy\/#breadcrumb\"\n\t            },\n\t            \"inLanguage\": \"cs\",\n\t            \"potentialAction\": [\n\t                {\n\t                    \"@type\": \"ReadAction\",\n\t                    \"target\": [\n\t                        \"https:\/\/www.vita.sk\/online-kurz-priprava-na-skusku-oracle-certified-professional-java-se-testy\/\"\n\t                    ]\n\t                }\n\t            ]\n\t        },\n\t        {\n\t            \"@type\": \"ImageObject\",\n\t            \"inLanguage\": \"cs\",\n\t            \"@id\": \"https:\/\/www.vita.sk\/online-kurz-priprava-na-skusku-oracle-certified-professional-java-se-testy\/#primaryimage\",\n\t            \"url\": \"https:\/\/www.vita.sk\/wp-content\/uploads\/2021\/07\/kurz-priprava-na-ccnp-certifikaciu.png\",\n\t            \"contentUrl\": \"https:\/\/www.vita.sk\/wp-content\/uploads\/2021\/07\/kurz-priprava-na-ccnp-certifikaciu.png\",\n\t            \"width\": 360,\n\t            \"height\": 360\n\t        },\n\t        {\n\t            \"@type\": \"BreadcrumbList\",\n\t            \"@id\": \"https:\/\/www.vita.sk\/online-kurz-priprava-na-skusku-oracle-certified-professional-java-se-testy\/#breadcrumb\",\n\t            \"itemListElement\": [\n\t                {\n\t                    \"@type\": \"ListItem\",\n\t                    \"position\": 1,\n\t                    \"name\": \"VITA Academy\",\n\t                    \"item\": \"https:\/\/www.vita.sk\/cs\/\"\n\t                },\n\t                {\n\t                    \"@type\": \"ListItem\",\n\t                    \"position\": 2,\n\t                    \"name\": \"Shop\",\n\t                    \"item\": \"https:\/\/www.vita.sk\/shop\/\"\n\t                },\n\t                {\n\t                    \"@type\": \"ListItem\",\n\t                    \"position\": 3,\n\t                    \"name\": \"Certifika\u010dn\u00e9 Sk\u00fa\u0161ky\",\n\t                    \"item\": \"https:\/\/www.vita.sk\/online-kurzy-certifikacne-skusky\/\"\n\t                },\n\t                {\n\t                    \"@type\": \"ListItem\",\n\t                    \"position\": 4,\n\t                    \"name\": \"Online kurz Pr\u00edprava na sk\u00fa\u0161ku Oracle Certified Professional Java Testy\"\n\t                }\n\t            ]\n\t        },\n\t        {\n\t            \"@type\": \"WebSite\",\n\t            \"@id\": \"https:\/\/www.vita.sk\/#website\",\n\t            \"url\": \"https:\/\/www.vita.sk\/\",\n\t            \"name\": \"VITA\",\n\t            \"description\": \"\",\n\t            \"publisher\": {\n\t                \"@id\": \"https:\/\/www.vita.sk\/#organization\"\n\t            },\n\t            \"potentialAction\": [\n\t                {\n\t                    \"@type\": \"SearchAction\",\n\t                    \"target\": {\n\t                        \"@type\": \"EntryPoint\",\n\t                        \"urlTemplate\": \"https:\/\/www.vita.sk\/?s={search_term_string}\"\n\t                    },\n\t                    \"query-input\": {\n\t                        \"@type\": \"PropertyValueSpecification\",\n\t                        \"valueRequired\": true,\n\t                        \"valueName\": \"search_term_string\"\n\t                    }\n\t                }\n\t            ],\n\t            \"inLanguage\": \"cs\"\n\t        },\n\t        {\n\t            \"email\": \"admin@vita.sk\",\n\t            \"logo\": \"https:\/\/www.vita.sk\/img\/vita_logo.png \",\n\t            \"address\": {\n\t                \"type\": \"PostalAddress\",\n\t                \"streetAddress\": \"Tom\u00e1\u0161ikova 50\/A\",\n\t                \"addressLocality\": \"Bratislava\",\n\t                \"postalCode\": \"83104\",\n\t                \"addressCountry\": {\n\t                    \"name\": \"SK\",\n\t                    \"type\": \"Country\"\n\t                }\n\t            },\n\t            \"contactPoint\": {\n\t                \"type\": \"ContactPoint\",\n\t                \"telephone\": \"+421 907 375\u00a0543\",\n\t                \"Email\": \"admin@vita.sk\",\n\t                \"contactType\": \"customer service\"\n\t            },\n\t            \"sameAs\": [\n\t                \"https:\/\/www.facebook.com\/VitaAcademySK\/\",\n\t                \"https:\/\/www.linkedin.com\/company\/vita-academy\/\"\n\t            ]\n\t        }\n\t    ]\n\t}<\/script>\n<!-- \/ Yoast SEO Premium plugin. -->","yoast_head_json":{"title":"Online kurz Pr\u00edprava na sk\u00fa\u0161ku Oracle Certified Professional Java Testy  | VITA","robots":{"index":"index","follow":"follow","max-snippet":"max-snippet:-1","max-image-preview":"max-image-preview:large","max-video-preview":"max-video-preview:-1"},"canonical":"https:\/\/www.vita.sk\/online-kurz-priprava-na-skusku-oracle-certified-professional-java-se-testy\/","og_locale":"cs_CZ","og_type":"article","og_title":"Online kurz Pr\u00edprava na sk\u00fa\u0161ku Oracle Certified Professional Java Testy","og_description":"Online kurz Pr\u00edprava na sk\u00fa\u0161ku Oracle Certified Professional Java Testy je ur\u010den\u00fd pre sk\u00fasen\u00fdch javov\u00fdch program\u00e1torov, nie je vhodn\u00fd pre za\u010diato\u010dn\u00edkov. Pr\u00edpravn\u00fd kurz je zameran\u00fd na rie\u0161enie testov. Spolo\u010dne si prejdeme a vyrie\u0161ime jednotliv\u00e9 testov\u00e9 ot\u00e1zky. Sk\u00fa\u0161ka je pomerne zlo\u017eit\u00e1 a je ve\u013emi vhodn\u00e9 sa na \u0148u d\u00f4kladne pripravi\u0165.","og_url":"https:\/\/www.vita.sk\/online-kurz-priprava-na-skusku-oracle-certified-professional-java-se-testy\/","og_site_name":"VITA","article_publisher":"https:\/\/www.facebook.com\/VitaAcademySK","article_modified_time":"2024-03-25T15:07:43+00:00","og_image":[{"width":360,"height":360,"url":"https:\/\/www.vita.sk\/wp-content\/uploads\/2021\/07\/kurz-priprava-na-ccnp-certifikaciu.png","type":"image\/png"}],"twitter_card":"summary_large_image","twitter_misc":{"Odhadovan\u00e1 doba \u010dten\u00ed":"1 minuta"},"schema":{"@context":"https:\/\/schema.org","@graph":[{"@type":"WebPage","@id":"https:\/\/www.vita.sk\/online-kurz-priprava-na-skusku-oracle-certified-professional-java-se-testy\/","url":"https:\/\/www.vita.sk\/online-kurz-priprava-na-skusku-oracle-certified-professional-java-se-testy\/","name":"Online kurz Pr\u00edprava na sk\u00fa\u0161ku Oracle Certified Professional Java Testy 2023 | VITA","isPartOf":{"@id":"https:\/\/www.vita.sk\/#website"},"primaryImageOfPage":{"@id":"https:\/\/www.vita.sk\/online-kurz-priprava-na-skusku-oracle-certified-professional-java-se-testy\/#primaryimage"},"image":{"@id":"https:\/\/www.vita.sk\/online-kurz-priprava-na-skusku-oracle-certified-professional-java-se-testy\/#primaryimage"},"thumbnailUrl":"https:\/\/www.vita.sk\/wp-content\/uploads\/2021\/07\/kurz-priprava-na-ccnp-certifikaciu.png","datePublished":"2023-04-24T10:12:50+00:00","dateModified":"2024-03-25T15:07:43+00:00","breadcrumb":{"@id":"https:\/\/www.vita.sk\/online-kurz-priprava-na-skusku-oracle-certified-professional-java-se-testy\/#breadcrumb"},"inLanguage":"cs","potentialAction":[{"@type":"ReadAction","target":["https:\/\/www.vita.sk\/online-kurz-priprava-na-skusku-oracle-certified-professional-java-se-testy\/"]}]},{"@type":"ImageObject","inLanguage":"cs","@id":"https:\/\/www.vita.sk\/online-kurz-priprava-na-skusku-oracle-certified-professional-java-se-testy\/#primaryimage","url":"https:\/\/www.vita.sk\/wp-content\/uploads\/2021\/07\/kurz-priprava-na-ccnp-certifikaciu.png","contentUrl":"https:\/\/www.vita.sk\/wp-content\/uploads\/2021\/07\/kurz-priprava-na-ccnp-certifikaciu.png","width":360,"height":360},{"@type":"BreadcrumbList","@id":"https:\/\/www.vita.sk\/online-kurz-priprava-na-skusku-oracle-certified-professional-java-se-testy\/#breadcrumb","itemListElement":[{"@type":"ListItem","position":1,"name":"VITA Academy","item":"https:\/\/www.vita.sk\/cs\/"},{"@type":"ListItem","position":2,"name":"Shop","item":"https:\/\/www.vita.sk\/shop\/"},{"@type":"ListItem","position":3,"name":"Certifika\u010dn\u00e9 Sk\u00fa\u0161ky","item":"https:\/\/www.vita.sk\/online-kurzy-certifikacne-skusky\/"},{"@type":"ListItem","position":4,"name":"Online kurz Pr\u00edprava na sk\u00fa\u0161ku Oracle Certified Professional Java Testy"}]},{"@type":"WebSite","@id":"https:\/\/www.vita.sk\/#website","url":"https:\/\/www.vita.sk\/","name":"VITA","description":"","publisher":{"@id":"https:\/\/www.vita.sk\/#organization"},"potentialAction":[{"@type":"SearchAction","target":{"@type":"EntryPoint","urlTemplate":"https:\/\/www.vita.sk\/?s={search_term_string}"},"query-input":{"@type":"PropertyValueSpecification","valueRequired":true,"valueName":"search_term_string"}}],"inLanguage":"cs"},{"email":"admin@vita.sk","logo":"https:\/\/www.vita.sk\/img\/vita_logo.png ","address":{"type":"PostalAddress","streetAddress":"Tom\u00e1\u0161ikova 50\/A","addressLocality":"Bratislava","postalCode":"83104","addressCountry":{"name":"SK","type":"Country"}},"contactPoint":{"type":"ContactPoint","telephone":"+421 907 375\u00a0543","Email":"admin@vita.sk","contactType":"customer service"},"sameAs":["https:\/\/www.facebook.com\/VitaAcademySK\/","https:\/\/www.linkedin.com\/company\/vita-academy\/"]}]}},"acf":[],"_links":{"self":[{"href":"https:\/\/www.vita.sk\/cs\/wp-json\/wp\/v2\/product\/12019","targetHints":{"allow":["GET"]}}],"collection":[{"href":"https:\/\/www.vita.sk\/cs\/wp-json\/wp\/v2\/product"}],"about":[{"href":"https:\/\/www.vita.sk\/cs\/wp-json\/wp\/v2\/types\/product"}],"author":[{"embeddable":true,"href":"https:\/\/www.vita.sk\/cs\/wp-json\/wp\/v2\/users\/4"}],"replies":[{"embeddable":true,"href":"https:\/\/www.vita.sk\/cs\/wp-json\/wp\/v2\/comments?post=12019"}],"wp:featuredmedia":[{"embeddable":true,"href":"https:\/\/www.vita.sk\/cs\/wp-json\/wp\/v2\/media\/7076"}],"wp:attachment":[{"href":"https:\/\/www.vita.sk\/cs\/wp-json\/wp\/v2\/media?parent=12019"}],"wp:term":[{"taxonomy":"product_brand","embeddable":true,"href":"https:\/\/www.vita.sk\/cs\/wp-json\/wp\/v2\/product_brand?post=12019"},{"taxonomy":"product_cat","embeddable":true,"href":"https:\/\/www.vita.sk\/cs\/wp-json\/wp\/v2\/product_cat?post=12019"},{"taxonomy":"product_tag","embeddable":true,"href":"https:\/\/www.vita.sk\/cs\/wp-json\/wp\/v2\/product_tag?post=12019"}],"curies":[{"name":"wp","href":"https:\/\/api.w.org\/{rel}","templated":true}]}}