{"id":12892,"date":"2023-06-30T14:21:02","date_gmt":"2023-06-30T12:21:02","guid":{"rendered":"https:\/\/www.vita.sk\/?post_type=product&#038;p=12892"},"modified":"2024-10-31T11:42:52","modified_gmt":"2024-10-31T10:42:52","slug":"online-kurz-data-science-ii-mierne-pokrocily","status":"publish","type":"product","link":"https:\/\/www.vita.sk\/cs\/online-kurz-data-science-ii-mierne-pokrocily\/","title":{"rendered":"Online kurz Data Science II. Mierne Pokro\u010dil\u00fd"},"content":{"rendered":"<p>Online kurz Data Science II. Mierne Pokro\u010dil\u00fd je pre v\u00e1s ide\u00e1lny, ak ste sa rozhodli preh\u013abi\u0165 svoje znalosti v oblasti d\u00e1tovej vedy. <strong>Ide o jedin\u00fd akreditovan\u00fd a certifikovan\u00fd online kurz na Data Science a Anal\u00fdzu D\u00e1t na Slovensku.\u00a0<\/strong>Na online kurze sa nau\u010d\u00edte vyu\u017e\u00edva\u0165 procesy zhroma\u017e\u010fovania, spracovania, analyzovania a interpret\u00e1cie d\u00e1t. Prinesieme v\u00e1m preh\u013ead o pou\u017e\u00edvan\u00ed d\u00e1tov\u00fdch platforiem a n\u00e1strojov z oblasti \u0161tatistiky a informatiky. Dozviete sa, ako \u00fa\u010dinne identifikova\u0165 vhodn\u00e9 n\u00e1pady pre implement\u00e1ciu projektov v oblasti d\u00e1tovej vedy. Ako absolvent kurzu z\u00edskate znalosti z programovania v jazyku R ale aj Python spolu so zru\u010dnos\u0165ami na\u00a0 z\u00edskavanie r\u00f4znych typov \u00fadajov. Osvoj\u00edte si pr\u00e1cu s kni\u017enicami programovacieho jazyka Python na d\u00e1tov\u00fa anal\u00fdzu a vizualiz\u00e1ciu d\u00e1t ako s\u00fa kni\u017enice Pandas, Matplotlib a plotly. Vysvetl\u00edme si ako funguje ETL proces a jeho f\u00e1zy. Ak sa skuto\u010dne chcete nau\u010di\u0165 d\u00e1tov\u00fa vedu a sta\u0165 d\u00e1tov\u00fdm vedcom, tak toto je ide\u00e1lny online kurz pre v\u00e1s.<\/p>\n","protected":false},"excerpt":{"rendered":"<p>Online kurz Data Science II. Mierne Pokro\u010dil\u00fd je pre v\u00e1s ide\u00e1lny, ak ste sa rozhodli preh\u013abi\u0165 svoje znalosti v oblasti d\u00e1tovej vedy. Ide o jedin\u00fd akreditovan\u00fd a certifikovan\u00fd online kurz na Data Science a Anal\u00fdzu D\u00e1t na Slovensku. \u00a0Na online kurze sa nau\u010d\u00edte vyu\u017e\u00edva\u0165 procesy zhroma\u017e\u010fovania, spracovania, analyzovania a interpret\u00e1cie d\u00e1t.","protected":false},"author":4,"featured_media":4345,"comment_status":"open","ping_status":"closed","template":"","meta":{"_acf_changed":false},"product_brand":[],"product_cat":[706,49,399,73],"product_tag":[188],"class_list":{"0":"post-12892","1":"product","2":"type-product","3":"status-publish","4":"has-post-thumbnail","6":"product_cat-online-kurzy-datascience","7":"product_cat-online-kurzy-databazy-statistika-analytika","8":"product_cat-online-kurzy-analyza-dat","9":"product_cat-bez-kategorie","10":"product_tag-databazy-a-analytika","12":"first","13":"instock","14":"sale","15":"sold-individually","16":"taxable","17":"shipping-taxable","18":"purchasable","19":"product-type-simple"},"yoast_head":"<!-- This site is optimized with the Yoast SEO Premium plugin v25.0 (Yoast SEO v25.0) - https:\/\/yoast.com\/wordpress\/plugins\/seo\/ -->\n<title>Online kurz Data Science II. Mierne Pokro\u010dil\u00fd  | VITA<\/title>\n<meta name=\"description\" content=\"V online kurze Data Science II. Mierne pokro\u010dil\u00fd sa nau\u010d\u00edte pokro\u010dilej\u0161ie techniky anal\u00fdzy d\u00e1t a modelovania pre hlb\u0161iu anal\u00fdzu \u00fadajov. \u2705\" \/>\n<meta name=\"robots\" content=\"index, follow, max-snippet:-1, max-image-preview:large, max-video-preview:-1\" \/>\n<link rel=\"canonical\" href=\"https:\/\/www.vita.sk\/online-kurz-data-science-ii-mierne-pokrocily\/\" \/>\n<meta property=\"og:locale\" content=\"cs_CZ\" \/>\n<meta property=\"og:type\" content=\"article\" \/>\n<meta property=\"og:title\" content=\"Online kurz Data Science II. Mierne Pokro\u010dil\u00fd\" \/>\n<meta property=\"og:description\" content=\"V online kurze Data Science II. Mierne pokro\u010dil\u00fd sa nau\u010d\u00edte pokro\u010dilej\u0161ie techniky anal\u00fdzy d\u00e1t a modelovania pre hlb\u0161iu anal\u00fdzu \u00fadajov. \u2705\" \/>\n<meta property=\"og:url\" content=\"https:\/\/www.vita.sk\/online-kurz-data-science-ii-mierne-pokrocily\/\" \/>\n<meta property=\"og:site_name\" content=\"VITA\" \/>\n<meta property=\"article:publisher\" content=\"https:\/\/www.facebook.com\/VitaAcademySK\" \/>\n<meta property=\"article:modified_time\" content=\"2024-10-31T10:42:52+00:00\" \/>\n<meta property=\"og:image\" content=\"https:\/\/www.vita.sk\/wp-content\/uploads\/2020\/11\/kurz_datascience.png\" \/>\n\t<meta property=\"og:image:width\" content=\"360\" \/>\n\t<meta property=\"og:image:height\" content=\"360\" \/>\n\t<meta property=\"og:image:type\" content=\"image\/png\" \/>\n<meta name=\"twitter:card\" content=\"summary_large_image\" \/>\n<meta name=\"twitter:label1\" content=\"Odhadovan\u00e1 doba \u010dten\u00ed\" \/>\n\t<meta name=\"twitter:data1\" content=\"1 minuta\" \/>\n<script type=\"application\/ld+json\" class=\"yoast-schema-graph\">{\n\t    \"@context\": \"https:\/\/schema.org\",\n\t    \"@graph\": [\n\t        {\n\t            \"@type\": \"WebPage\",\n\t            \"@id\": \"https:\/\/www.vita.sk\/online-kurz-data-science-ii-mierne-pokrocily\/\",\n\t            \"url\": \"https:\/\/www.vita.sk\/online-kurz-data-science-ii-mierne-pokrocily\/\",\n\t            \"name\": \"Online kurz Data Science II. Mierne Pokro\u010dil\u00fd 2024 | VITA\",\n\t            \"isPartOf\": {\n\t                \"@id\": \"https:\/\/www.vita.sk\/#website\"\n\t            },\n\t            \"primaryImageOfPage\": {\n\t                \"@id\": \"https:\/\/www.vita.sk\/online-kurz-data-science-ii-mierne-pokrocily\/#primaryimage\"\n\t            },\n\t            \"image\": {\n\t                \"@id\": \"https:\/\/www.vita.sk\/online-kurz-data-science-ii-mierne-pokrocily\/#primaryimage\"\n\t            },\n\t            \"thumbnailUrl\": \"https:\/\/www.vita.sk\/wp-content\/uploads\/2020\/11\/kurz_datascience.png\",\n\t            \"datePublished\": \"2023-06-30T12:21:02+00:00\",\n\t            \"dateModified\": \"2024-10-31T10:42:52+00:00\",\n\t            \"description\": \"V online kurze Data Science II. Mierne pokro\u010dil\u00fd sa nau\u010d\u00edte pokro\u010dilej\u0161ie techniky anal\u00fdzy d\u00e1t a modelovania pre hlb\u0161iu anal\u00fdzu \u00fadajov. \u2705\",\n\t            \"breadcrumb\": {\n\t                \"@id\": \"https:\/\/www.vita.sk\/online-kurz-data-science-ii-mierne-pokrocily\/#breadcrumb\"\n\t            },\n\t            \"inLanguage\": \"cs\",\n\t            \"potentialAction\": [\n\t                {\n\t                    \"@type\": \"ReadAction\",\n\t                    \"target\": [\n\t                        \"https:\/\/www.vita.sk\/online-kurz-data-science-ii-mierne-pokrocily\/\"\n\t                    ]\n\t                }\n\t            ]\n\t        },\n\t        {\n\t            \"@type\": \"ImageObject\",\n\t            \"inLanguage\": \"cs\",\n\t            \"@id\": \"https:\/\/www.vita.sk\/online-kurz-data-science-ii-mierne-pokrocily\/#primaryimage\",\n\t            \"url\": \"https:\/\/www.vita.sk\/wp-content\/uploads\/2020\/11\/kurz_datascience.png\",\n\t            \"contentUrl\": \"https:\/\/www.vita.sk\/wp-content\/uploads\/2020\/11\/kurz_datascience.png\",\n\t            \"width\": 360,\n\t            \"height\": 360,\n\t            \"caption\": \"Online kurz Data Science\"\n\t        },\n\t        {\n\t            \"@type\": \"BreadcrumbList\",\n\t            \"@id\": \"https:\/\/www.vita.sk\/online-kurz-data-science-ii-mierne-pokrocily\/#breadcrumb\",\n\t            \"itemListElement\": [\n\t                {\n\t                    \"@type\": \"ListItem\",\n\t                    \"position\": 1,\n\t                    \"name\": \"VITA Academy\",\n\t                    \"item\": \"https:\/\/www.vita.sk\/cs\/\"\n\t                },\n\t                {\n\t                    \"@type\": \"ListItem\",\n\t                    \"position\": 2,\n\t                    \"name\": \"Shop\",\n\t                    \"item\": \"https:\/\/www.vita.sk\/shop\/\"\n\t                },\n\t                {\n\t                    \"@type\": \"ListItem\",\n\t                    \"position\": 3,\n\t                    \"name\": \"Spr\u00e1va Datab\u00e1z, \u0160tatistika a D\u00e1tov\u00e1 Anal\u00fdza\",\n\t                    \"item\": \"https:\/\/www.vita.sk\/online-kurzy-databazy-analytika\/\"\n\t                },\n\t                {\n\t                    \"@type\": \"ListItem\",\n\t                    \"position\": 4,\n\t                    \"name\": \"Datascience\",\n\t                    \"item\": \"https:\/\/www.vita.sk\/online-kurzy-datascience\/\"\n\t                },\n\t                {\n\t                    \"@type\": \"ListItem\",\n\t                    \"position\": 5,\n\t                    \"name\": \"Online kurz Data Science II. Mierne Pokro\u010dil\u00fd\"\n\t                }\n\t            ]\n\t        },\n\t        {\n\t            \"@type\": \"WebSite\",\n\t            \"@id\": \"https:\/\/www.vita.sk\/#website\",\n\t            \"url\": \"https:\/\/www.vita.sk\/\",\n\t            \"name\": \"VITA\",\n\t            \"description\": \"\",\n\t            \"publisher\": {\n\t                \"@id\": \"https:\/\/www.vita.sk\/#organization\"\n\t            },\n\t            \"potentialAction\": [\n\t                {\n\t                    \"@type\": \"SearchAction\",\n\t                    \"target\": {\n\t                        \"@type\": \"EntryPoint\",\n\t                        \"urlTemplate\": \"https:\/\/www.vita.sk\/?s={search_term_string}\"\n\t                    },\n\t                    \"query-input\": {\n\t                        \"@type\": \"PropertyValueSpecification\",\n\t                        \"valueRequired\": true,\n\t                        \"valueName\": \"search_term_string\"\n\t                    }\n\t                }\n\t            ],\n\t            \"inLanguage\": \"cs\"\n\t        },\n\t        {\n\t            \"email\": \"admin@vita.sk\",\n\t            \"logo\": \"https:\/\/www.vita.sk\/img\/vita_logo.png \",\n\t            \"address\": {\n\t                \"type\": \"PostalAddress\",\n\t                \"streetAddress\": \"Tom\u00e1\u0161ikova 50\/A\",\n\t                \"addressLocality\": \"Bratislava\",\n\t                \"postalCode\": \"83104\",\n\t                \"addressCountry\": {\n\t                    \"name\": \"SK\",\n\t                    \"type\": \"Country\"\n\t                }\n\t            },\n\t            \"contactPoint\": {\n\t                \"type\": \"ContactPoint\",\n\t                \"telephone\": \"+421 907 375\u00a0543\",\n\t                \"Email\": \"admin@vita.sk\",\n\t                \"contactType\": \"customer service\"\n\t            },\n\t            \"sameAs\": [\n\t                \"https:\/\/www.facebook.com\/VitaAcademySK\/\",\n\t                \"https:\/\/www.linkedin.com\/company\/vita-academy\/\"\n\t            ]\n\t        }\n\t    ]\n\t}<\/script>\n<!-- \/ Yoast SEO Premium plugin. -->","yoast_head_json":{"title":"Online kurz Data Science II. Mierne Pokro\u010dil\u00fd  | VITA","description":"V online kurze Data Science II. Mierne pokro\u010dil\u00fd sa nau\u010d\u00edte pokro\u010dilej\u0161ie techniky anal\u00fdzy d\u00e1t a modelovania pre hlb\u0161iu anal\u00fdzu \u00fadajov. \u2705","robots":{"index":"index","follow":"follow","max-snippet":"max-snippet:-1","max-image-preview":"max-image-preview:large","max-video-preview":"max-video-preview:-1"},"canonical":"https:\/\/www.vita.sk\/online-kurz-data-science-ii-mierne-pokrocily\/","og_locale":"cs_CZ","og_type":"article","og_title":"Online kurz Data Science II. Mierne Pokro\u010dil\u00fd","og_description":"V online kurze Data Science II. Mierne pokro\u010dil\u00fd sa nau\u010d\u00edte pokro\u010dilej\u0161ie techniky anal\u00fdzy d\u00e1t a modelovania pre hlb\u0161iu anal\u00fdzu \u00fadajov. \u2705","og_url":"https:\/\/www.vita.sk\/online-kurz-data-science-ii-mierne-pokrocily\/","og_site_name":"VITA","article_publisher":"https:\/\/www.facebook.com\/VitaAcademySK","article_modified_time":"2024-10-31T10:42:52+00:00","og_image":[{"width":360,"height":360,"url":"https:\/\/www.vita.sk\/wp-content\/uploads\/2020\/11\/kurz_datascience.png","type":"image\/png"}],"twitter_card":"summary_large_image","twitter_misc":{"Odhadovan\u00e1 doba \u010dten\u00ed":"1 minuta"},"schema":{"@context":"https:\/\/schema.org","@graph":[{"@type":"WebPage","@id":"https:\/\/www.vita.sk\/online-kurz-data-science-ii-mierne-pokrocily\/","url":"https:\/\/www.vita.sk\/online-kurz-data-science-ii-mierne-pokrocily\/","name":"Online kurz Data Science II. Mierne Pokro\u010dil\u00fd 2024 | VITA","isPartOf":{"@id":"https:\/\/www.vita.sk\/#website"},"primaryImageOfPage":{"@id":"https:\/\/www.vita.sk\/online-kurz-data-science-ii-mierne-pokrocily\/#primaryimage"},"image":{"@id":"https:\/\/www.vita.sk\/online-kurz-data-science-ii-mierne-pokrocily\/#primaryimage"},"thumbnailUrl":"https:\/\/www.vita.sk\/wp-content\/uploads\/2020\/11\/kurz_datascience.png","datePublished":"2023-06-30T12:21:02+00:00","dateModified":"2024-10-31T10:42:52+00:00","description":"V online kurze Data Science II. Mierne pokro\u010dil\u00fd sa nau\u010d\u00edte pokro\u010dilej\u0161ie techniky anal\u00fdzy d\u00e1t a modelovania pre hlb\u0161iu anal\u00fdzu \u00fadajov. \u2705","breadcrumb":{"@id":"https:\/\/www.vita.sk\/online-kurz-data-science-ii-mierne-pokrocily\/#breadcrumb"},"inLanguage":"cs","potentialAction":[{"@type":"ReadAction","target":["https:\/\/www.vita.sk\/online-kurz-data-science-ii-mierne-pokrocily\/"]}]},{"@type":"ImageObject","inLanguage":"cs","@id":"https:\/\/www.vita.sk\/online-kurz-data-science-ii-mierne-pokrocily\/#primaryimage","url":"https:\/\/www.vita.sk\/wp-content\/uploads\/2020\/11\/kurz_datascience.png","contentUrl":"https:\/\/www.vita.sk\/wp-content\/uploads\/2020\/11\/kurz_datascience.png","width":360,"height":360,"caption":"Online kurz Data Science"},{"@type":"BreadcrumbList","@id":"https:\/\/www.vita.sk\/online-kurz-data-science-ii-mierne-pokrocily\/#breadcrumb","itemListElement":[{"@type":"ListItem","position":1,"name":"VITA Academy","item":"https:\/\/www.vita.sk\/cs\/"},{"@type":"ListItem","position":2,"name":"Shop","item":"https:\/\/www.vita.sk\/shop\/"},{"@type":"ListItem","position":3,"name":"Spr\u00e1va Datab\u00e1z, \u0160tatistika a D\u00e1tov\u00e1 Anal\u00fdza","item":"https:\/\/www.vita.sk\/online-kurzy-databazy-analytika\/"},{"@type":"ListItem","position":4,"name":"Datascience","item":"https:\/\/www.vita.sk\/online-kurzy-datascience\/"},{"@type":"ListItem","position":5,"name":"Online kurz Data Science II. Mierne Pokro\u010dil\u00fd"}]},{"@type":"WebSite","@id":"https:\/\/www.vita.sk\/#website","url":"https:\/\/www.vita.sk\/","name":"VITA","description":"","publisher":{"@id":"https:\/\/www.vita.sk\/#organization"},"potentialAction":[{"@type":"SearchAction","target":{"@type":"EntryPoint","urlTemplate":"https:\/\/www.vita.sk\/?s={search_term_string}"},"query-input":{"@type":"PropertyValueSpecification","valueRequired":true,"valueName":"search_term_string"}}],"inLanguage":"cs"},{"email":"admin@vita.sk","logo":"https:\/\/www.vita.sk\/img\/vita_logo.png ","address":{"type":"PostalAddress","streetAddress":"Tom\u00e1\u0161ikova 50\/A","addressLocality":"Bratislava","postalCode":"83104","addressCountry":{"name":"SK","type":"Country"}},"contactPoint":{"type":"ContactPoint","telephone":"+421 907 375\u00a0543","Email":"admin@vita.sk","contactType":"customer service"},"sameAs":["https:\/\/www.facebook.com\/VitaAcademySK\/","https:\/\/www.linkedin.com\/company\/vita-academy\/"]}]}},"acf":[],"_links":{"self":[{"href":"https:\/\/www.vita.sk\/cs\/wp-json\/wp\/v2\/product\/12892","targetHints":{"allow":["GET"]}}],"collection":[{"href":"https:\/\/www.vita.sk\/cs\/wp-json\/wp\/v2\/product"}],"about":[{"href":"https:\/\/www.vita.sk\/cs\/wp-json\/wp\/v2\/types\/product"}],"author":[{"embeddable":true,"href":"https:\/\/www.vita.sk\/cs\/wp-json\/wp\/v2\/users\/4"}],"replies":[{"embeddable":true,"href":"https:\/\/www.vita.sk\/cs\/wp-json\/wp\/v2\/comments?post=12892"}],"wp:featuredmedia":[{"embeddable":true,"href":"https:\/\/www.vita.sk\/cs\/wp-json\/wp\/v2\/media\/4345"}],"wp:attachment":[{"href":"https:\/\/www.vita.sk\/cs\/wp-json\/wp\/v2\/media?parent=12892"}],"wp:term":[{"taxonomy":"product_brand","embeddable":true,"href":"https:\/\/www.vita.sk\/cs\/wp-json\/wp\/v2\/product_brand?post=12892"},{"taxonomy":"product_cat","embeddable":true,"href":"https:\/\/www.vita.sk\/cs\/wp-json\/wp\/v2\/product_cat?post=12892"},{"taxonomy":"product_tag","embeddable":true,"href":"https:\/\/www.vita.sk\/cs\/wp-json\/wp\/v2\/product_tag?post=12892"}],"curies":[{"name":"wp","href":"https:\/\/api.w.org\/{rel}","templated":true}]}}