{"id":14452,"date":"2023-07-27T09:21:33","date_gmt":"2023-07-27T07:21:33","guid":{"rendered":"https:\/\/www.vita.sk\/?post_type=product&#038;p=14452"},"modified":"2024-05-10T08:31:05","modified_gmt":"2024-05-10T06:31:05","slug":"online-kurz-testovanie-softveru-podla-istqb-i-zaciatocnik","status":"publish","type":"product","link":"https:\/\/www.vita.sk\/cs\/online-kurz-testovanie-softveru-podla-istqb-i-zaciatocnik\/","title":{"rendered":"Online kurz Testovanie Softv\u00e9ru pod\u013ea ISTQB I. Za\u010diato\u010dn\u00edk"},"content":{"rendered":"<p>Online kurz Testovanie Softv\u00e9ru pod\u013ea ISTQB I. Za\u010diato\u010dn\u00edk je ide\u00e1lny pre t\u00fdch, ktor\u00ed sa chc\u00fa nau\u010di\u0165 z\u00e1klady testovania softv\u00e9ru. Na kurze v\u00e1s obozn\u00e1mime s potrebnou te\u00f3riou a r\u00f4znymi \u00farov\u0148ami testovania. Kurz sl\u00fa\u017ei aj ako pr\u00edprava na certifika\u010dn\u00fa sk\u00fa\u0161ku ISTQB. Online kurz Testovanie Softv\u00e9ru pod\u013ea ISTQB je ide\u00e1lnou mo\u017enos\u0165ou ako za\u010da\u0165 svoju kari\u00e9ru na poz\u00edcii testera alebo sa lep\u0161ie orientova\u0165 v problematike testovania. Ak sa chcete skuto\u010dne nau\u010di\u0165 Testovanie Softv\u00e9ru pod\u013ea ISTQB, tak toto je ide\u00e1lny online kurz pre v\u00e1s.<\/p>\n","protected":false},"excerpt":{"rendered":"<p>Online kurz Testovanie Softv\u00e9ru pod\u013ea ISTQB I. Za\u010diato\u010dn\u00edk je ide\u00e1lny pre t\u00fdch, ktor\u00ed sa chc\u00fa nau\u010di\u0165 z\u00e1klady testovania softv\u00e9ru. Na kurze v\u00e1s obozn\u00e1mime s potrebnou te\u00f3riou a r\u00f4znymi \u00farov\u0148ami testovania. Kurz sl\u00fa\u017ei aj ako pr\u00edprava na certifika\u010dn\u00fa sk\u00fa\u0161ku ISTQB.","protected":false},"author":4,"featured_media":9868,"comment_status":"open","ping_status":"closed","template":"","meta":{"_acf_changed":false},"product_brand":[],"product_cat":[99,73,130],"product_tag":[226,513,515],"class_list":{"0":"post-14452","1":"product","2":"type-product","3":"status-publish","4":"has-post-thumbnail","6":"product_cat-online-kurzy-programovacie-jazyky","7":"product_cat-bez-kategorie","8":"product_cat-online-kurzy-testovanie-softveru-programovanie","9":"product_tag-testovanie-softveru","10":"product_tag-istqb","11":"product_tag-tester","13":"first","14":"instock","15":"sale","16":"sold-individually","17":"taxable","18":"shipping-taxable","19":"purchasable","20":"product-type-simple"},"yoast_head":"<!-- This site is optimized with the Yoast SEO Premium plugin v25.0 (Yoast SEO v25.0) - https:\/\/yoast.com\/wordpress\/plugins\/seo\/ -->\n<title>Online kurz Testovanie Softv\u00e9ru pod\u013ea ISTQB I. Za\u010diato\u010dn\u00edk  | VITA<\/title>\n<meta name=\"robots\" content=\"index, follow, max-snippet:-1, max-image-preview:large, max-video-preview:-1\" \/>\n<link rel=\"canonical\" href=\"https:\/\/www.vita.sk\/online-kurz-testovanie-softveru-podla-istqb-i-zaciatocnik\/\" \/>\n<meta property=\"og:locale\" content=\"cs_CZ\" \/>\n<meta property=\"og:type\" content=\"article\" \/>\n<meta property=\"og:title\" content=\"Online kurz Testovanie Softv\u00e9ru pod\u013ea ISTQB I. Za\u010diato\u010dn\u00edk\" \/>\n<meta property=\"og:description\" content=\"Online kurz Testovanie Softv\u00e9ru pod\u013ea ISTQB I. Za\u010diato\u010dn\u00edk je ide\u00e1lny pre t\u00fdch, ktor\u00ed sa chc\u00fa nau\u010di\u0165 z\u00e1klady testovania softv\u00e9ru. Na kurze v\u00e1s obozn\u00e1mime s potrebnou te\u00f3riou a r\u00f4znymi \u00farov\u0148ami testovania. Kurz sl\u00fa\u017ei aj ako pr\u00edprava na certifika\u010dn\u00fa sk\u00fa\u0161ku ISTQB. Online kurz Testovanie Softv\u00e9ru pod\u013ea ISTQB je ide\u00e1lnou mo\u017enos\u0165ou ako za\u010da\u0165 svoju kari\u00e9ru na poz\u00edcii testera [&hellip;]\" \/>\n<meta property=\"og:url\" content=\"https:\/\/www.vita.sk\/online-kurz-testovanie-softveru-podla-istqb-i-zaciatocnik\/\" \/>\n<meta property=\"og:site_name\" content=\"VITA\" \/>\n<meta property=\"article:publisher\" content=\"https:\/\/www.facebook.com\/VitaAcademySK\" \/>\n<meta property=\"article:modified_time\" content=\"2024-05-10T06:31:05+00:00\" \/>\n<meta property=\"og:image\" content=\"https:\/\/www.vita.sk\/wp-content\/uploads\/2022\/05\/online-kurz-ISTQB.png\" \/>\n\t<meta property=\"og:image:width\" content=\"360\" \/>\n\t<meta property=\"og:image:height\" content=\"360\" \/>\n\t<meta property=\"og:image:type\" content=\"image\/png\" \/>\n<meta name=\"twitter:card\" content=\"summary_large_image\" \/>\n<meta name=\"twitter:label1\" content=\"Odhadovan\u00e1 doba \u010dten\u00ed\" \/>\n\t<meta name=\"twitter:data1\" content=\"1 minuta\" \/>\n<script type=\"application\/ld+json\" class=\"yoast-schema-graph\">{\n\t    \"@context\": \"https:\/\/schema.org\",\n\t    \"@graph\": [\n\t        {\n\t            \"@type\": \"WebPage\",\n\t            \"@id\": \"https:\/\/www.vita.sk\/online-kurz-testovanie-softveru-podla-istqb-i-zaciatocnik\/\",\n\t            \"url\": \"https:\/\/www.vita.sk\/online-kurz-testovanie-softveru-podla-istqb-i-zaciatocnik\/\",\n\t            \"name\": \"Online kurz Testovanie Softv\u00e9ru pod\u013ea ISTQB I. Za\u010diato\u010dn\u00edk 2024 | VITA\",\n\t            \"isPartOf\": {\n\t                \"@id\": \"https:\/\/www.vita.sk\/#website\"\n\t            },\n\t            \"primaryImageOfPage\": {\n\t                \"@id\": \"https:\/\/www.vita.sk\/online-kurz-testovanie-softveru-podla-istqb-i-zaciatocnik\/#primaryimage\"\n\t            },\n\t            \"image\": {\n\t                \"@id\": \"https:\/\/www.vita.sk\/online-kurz-testovanie-softveru-podla-istqb-i-zaciatocnik\/#primaryimage\"\n\t            },\n\t            \"thumbnailUrl\": \"https:\/\/www.vita.sk\/wp-content\/uploads\/2022\/05\/online-kurz-ISTQB.png\",\n\t            \"datePublished\": \"2023-07-27T07:21:33+00:00\",\n\t            \"dateModified\": \"2024-05-10T06:31:05+00:00\",\n\t            \"breadcrumb\": {\n\t                \"@id\": \"https:\/\/www.vita.sk\/online-kurz-testovanie-softveru-podla-istqb-i-zaciatocnik\/#breadcrumb\"\n\t            },\n\t            \"inLanguage\": \"cs\",\n\t            \"potentialAction\": [\n\t                {\n\t                    \"@type\": \"ReadAction\",\n\t                    \"target\": [\n\t                        \"https:\/\/www.vita.sk\/online-kurz-testovanie-softveru-podla-istqb-i-zaciatocnik\/\"\n\t                    ]\n\t                }\n\t            ]\n\t        },\n\t        {\n\t            \"@type\": \"ImageObject\",\n\t            \"inLanguage\": \"cs\",\n\t            \"@id\": \"https:\/\/www.vita.sk\/online-kurz-testovanie-softveru-podla-istqb-i-zaciatocnik\/#primaryimage\",\n\t            \"url\": \"https:\/\/www.vita.sk\/wp-content\/uploads\/2022\/05\/online-kurz-ISTQB.png\",\n\t            \"contentUrl\": \"https:\/\/www.vita.sk\/wp-content\/uploads\/2022\/05\/online-kurz-ISTQB.png\",\n\t            \"width\": 360,\n\t            \"height\": 360\n\t        },\n\t        {\n\t            \"@type\": \"BreadcrumbList\",\n\t            \"@id\": \"https:\/\/www.vita.sk\/online-kurz-testovanie-softveru-podla-istqb-i-zaciatocnik\/#breadcrumb\",\n\t            \"itemListElement\": [\n\t                {\n\t                    \"@type\": \"ListItem\",\n\t                    \"position\": 1,\n\t                    \"name\": \"VITA Academy\",\n\t                    \"item\": \"https:\/\/www.vita.sk\/cs\/\"\n\t                },\n\t                {\n\t                    \"@type\": \"ListItem\",\n\t                    \"position\": 2,\n\t                    \"name\": \"Shop\",\n\t                    \"item\": \"https:\/\/www.vita.sk\/shop\/\"\n\t                },\n\t                {\n\t                    \"@type\": \"ListItem\",\n\t                    \"position\": 3,\n\t                    \"name\": \"Programovacie Jazyky\",\n\t                    \"item\": \"https:\/\/www.vita.sk\/online-kurzy-programovacie-jazyky\/\"\n\t                },\n\t                {\n\t                    \"@type\": \"ListItem\",\n\t                    \"position\": 4,\n\t                    \"name\": \"Testovanie softv\u00e9ru\",\n\t                    \"item\": \"https:\/\/www.vita.sk\/online-kurzy-testovanie-softveru-programovanie\/\"\n\t                },\n\t                {\n\t                    \"@type\": \"ListItem\",\n\t                    \"position\": 5,\n\t                    \"name\": \"Online kurz Testovanie Softv\u00e9ru pod\u013ea ISTQB I. Za\u010diato\u010dn\u00edk\"\n\t                }\n\t            ]\n\t        },\n\t        {\n\t            \"@type\": \"WebSite\",\n\t            \"@id\": \"https:\/\/www.vita.sk\/#website\",\n\t            \"url\": \"https:\/\/www.vita.sk\/\",\n\t            \"name\": \"VITA\",\n\t            \"description\": \"\",\n\t            \"publisher\": {\n\t                \"@id\": \"https:\/\/www.vita.sk\/#organization\"\n\t            },\n\t            \"potentialAction\": [\n\t                {\n\t                    \"@type\": \"SearchAction\",\n\t                    \"target\": {\n\t                        \"@type\": \"EntryPoint\",\n\t                        \"urlTemplate\": \"https:\/\/www.vita.sk\/?s={search_term_string}\"\n\t                    },\n\t                    \"query-input\": {\n\t                        \"@type\": \"PropertyValueSpecification\",\n\t                        \"valueRequired\": true,\n\t                        \"valueName\": \"search_term_string\"\n\t                    }\n\t                }\n\t            ],\n\t            \"inLanguage\": \"cs\"\n\t        },\n\t        {\n\t            \"email\": \"admin@vita.sk\",\n\t            \"logo\": \"https:\/\/www.vita.sk\/img\/vita_logo.png \",\n\t            \"address\": {\n\t                \"type\": \"PostalAddress\",\n\t                \"streetAddress\": \"Tom\u00e1\u0161ikova 50\/A\",\n\t                \"addressLocality\": \"Bratislava\",\n\t                \"postalCode\": \"83104\",\n\t                \"addressCountry\": {\n\t                    \"name\": \"SK\",\n\t                    \"type\": \"Country\"\n\t                }\n\t            },\n\t            \"contactPoint\": {\n\t                \"type\": \"ContactPoint\",\n\t                \"telephone\": \"+421 907 375\u00a0543\",\n\t                \"Email\": \"admin@vita.sk\",\n\t                \"contactType\": \"customer service\"\n\t            },\n\t            \"sameAs\": [\n\t                \"https:\/\/www.facebook.com\/VitaAcademySK\/\",\n\t                \"https:\/\/www.linkedin.com\/company\/vita-academy\/\"\n\t            ]\n\t        }\n\t    ]\n\t}<\/script>\n<!-- \/ Yoast SEO Premium plugin. -->","yoast_head_json":{"title":"Online kurz Testovanie Softv\u00e9ru pod\u013ea ISTQB I. Za\u010diato\u010dn\u00edk  | VITA","robots":{"index":"index","follow":"follow","max-snippet":"max-snippet:-1","max-image-preview":"max-image-preview:large","max-video-preview":"max-video-preview:-1"},"canonical":"https:\/\/www.vita.sk\/online-kurz-testovanie-softveru-podla-istqb-i-zaciatocnik\/","og_locale":"cs_CZ","og_type":"article","og_title":"Online kurz Testovanie Softv\u00e9ru pod\u013ea ISTQB I. Za\u010diato\u010dn\u00edk","og_description":"Online kurz Testovanie Softv\u00e9ru pod\u013ea ISTQB I. Za\u010diato\u010dn\u00edk je ide\u00e1lny pre t\u00fdch, ktor\u00ed sa chc\u00fa nau\u010di\u0165 z\u00e1klady testovania softv\u00e9ru. Na kurze v\u00e1s obozn\u00e1mime s potrebnou te\u00f3riou a r\u00f4znymi \u00farov\u0148ami testovania. Kurz sl\u00fa\u017ei aj ako pr\u00edprava na certifika\u010dn\u00fa sk\u00fa\u0161ku ISTQB. Online kurz Testovanie Softv\u00e9ru pod\u013ea ISTQB je ide\u00e1lnou mo\u017enos\u0165ou ako za\u010da\u0165 svoju kari\u00e9ru na poz\u00edcii testera [&hellip;]","og_url":"https:\/\/www.vita.sk\/online-kurz-testovanie-softveru-podla-istqb-i-zaciatocnik\/","og_site_name":"VITA","article_publisher":"https:\/\/www.facebook.com\/VitaAcademySK","article_modified_time":"2024-05-10T06:31:05+00:00","og_image":[{"width":360,"height":360,"url":"https:\/\/www.vita.sk\/wp-content\/uploads\/2022\/05\/online-kurz-ISTQB.png","type":"image\/png"}],"twitter_card":"summary_large_image","twitter_misc":{"Odhadovan\u00e1 doba \u010dten\u00ed":"1 minuta"},"schema":{"@context":"https:\/\/schema.org","@graph":[{"@type":"WebPage","@id":"https:\/\/www.vita.sk\/online-kurz-testovanie-softveru-podla-istqb-i-zaciatocnik\/","url":"https:\/\/www.vita.sk\/online-kurz-testovanie-softveru-podla-istqb-i-zaciatocnik\/","name":"Online kurz Testovanie Softv\u00e9ru pod\u013ea ISTQB I. Za\u010diato\u010dn\u00edk 2024 | VITA","isPartOf":{"@id":"https:\/\/www.vita.sk\/#website"},"primaryImageOfPage":{"@id":"https:\/\/www.vita.sk\/online-kurz-testovanie-softveru-podla-istqb-i-zaciatocnik\/#primaryimage"},"image":{"@id":"https:\/\/www.vita.sk\/online-kurz-testovanie-softveru-podla-istqb-i-zaciatocnik\/#primaryimage"},"thumbnailUrl":"https:\/\/www.vita.sk\/wp-content\/uploads\/2022\/05\/online-kurz-ISTQB.png","datePublished":"2023-07-27T07:21:33+00:00","dateModified":"2024-05-10T06:31:05+00:00","breadcrumb":{"@id":"https:\/\/www.vita.sk\/online-kurz-testovanie-softveru-podla-istqb-i-zaciatocnik\/#breadcrumb"},"inLanguage":"cs","potentialAction":[{"@type":"ReadAction","target":["https:\/\/www.vita.sk\/online-kurz-testovanie-softveru-podla-istqb-i-zaciatocnik\/"]}]},{"@type":"ImageObject","inLanguage":"cs","@id":"https:\/\/www.vita.sk\/online-kurz-testovanie-softveru-podla-istqb-i-zaciatocnik\/#primaryimage","url":"https:\/\/www.vita.sk\/wp-content\/uploads\/2022\/05\/online-kurz-ISTQB.png","contentUrl":"https:\/\/www.vita.sk\/wp-content\/uploads\/2022\/05\/online-kurz-ISTQB.png","width":360,"height":360},{"@type":"BreadcrumbList","@id":"https:\/\/www.vita.sk\/online-kurz-testovanie-softveru-podla-istqb-i-zaciatocnik\/#breadcrumb","itemListElement":[{"@type":"ListItem","position":1,"name":"VITA Academy","item":"https:\/\/www.vita.sk\/cs\/"},{"@type":"ListItem","position":2,"name":"Shop","item":"https:\/\/www.vita.sk\/shop\/"},{"@type":"ListItem","position":3,"name":"Programovacie Jazyky","item":"https:\/\/www.vita.sk\/online-kurzy-programovacie-jazyky\/"},{"@type":"ListItem","position":4,"name":"Testovanie softv\u00e9ru","item":"https:\/\/www.vita.sk\/online-kurzy-testovanie-softveru-programovanie\/"},{"@type":"ListItem","position":5,"name":"Online kurz Testovanie Softv\u00e9ru pod\u013ea ISTQB I. Za\u010diato\u010dn\u00edk"}]},{"@type":"WebSite","@id":"https:\/\/www.vita.sk\/#website","url":"https:\/\/www.vita.sk\/","name":"VITA","description":"","publisher":{"@id":"https:\/\/www.vita.sk\/#organization"},"potentialAction":[{"@type":"SearchAction","target":{"@type":"EntryPoint","urlTemplate":"https:\/\/www.vita.sk\/?s={search_term_string}"},"query-input":{"@type":"PropertyValueSpecification","valueRequired":true,"valueName":"search_term_string"}}],"inLanguage":"cs"},{"email":"admin@vita.sk","logo":"https:\/\/www.vita.sk\/img\/vita_logo.png ","address":{"type":"PostalAddress","streetAddress":"Tom\u00e1\u0161ikova 50\/A","addressLocality":"Bratislava","postalCode":"83104","addressCountry":{"name":"SK","type":"Country"}},"contactPoint":{"type":"ContactPoint","telephone":"+421 907 375\u00a0543","Email":"admin@vita.sk","contactType":"customer service"},"sameAs":["https:\/\/www.facebook.com\/VitaAcademySK\/","https:\/\/www.linkedin.com\/company\/vita-academy\/"]}]}},"acf":[],"_links":{"self":[{"href":"https:\/\/www.vita.sk\/cs\/wp-json\/wp\/v2\/product\/14452","targetHints":{"allow":["GET"]}}],"collection":[{"href":"https:\/\/www.vita.sk\/cs\/wp-json\/wp\/v2\/product"}],"about":[{"href":"https:\/\/www.vita.sk\/cs\/wp-json\/wp\/v2\/types\/product"}],"author":[{"embeddable":true,"href":"https:\/\/www.vita.sk\/cs\/wp-json\/wp\/v2\/users\/4"}],"replies":[{"embeddable":true,"href":"https:\/\/www.vita.sk\/cs\/wp-json\/wp\/v2\/comments?post=14452"}],"wp:featuredmedia":[{"embeddable":true,"href":"https:\/\/www.vita.sk\/cs\/wp-json\/wp\/v2\/media\/9868"}],"wp:attachment":[{"href":"https:\/\/www.vita.sk\/cs\/wp-json\/wp\/v2\/media?parent=14452"}],"wp:term":[{"taxonomy":"product_brand","embeddable":true,"href":"https:\/\/www.vita.sk\/cs\/wp-json\/wp\/v2\/product_brand?post=14452"},{"taxonomy":"product_cat","embeddable":true,"href":"https:\/\/www.vita.sk\/cs\/wp-json\/wp\/v2\/product_cat?post=14452"},{"taxonomy":"product_tag","embeddable":true,"href":"https:\/\/www.vita.sk\/cs\/wp-json\/wp\/v2\/product_tag?post=14452"}],"curies":[{"name":"wp","href":"https:\/\/api.w.org\/{rel}","templated":true}]}}