{"id":15873,"date":"2024-01-31T11:38:49","date_gmt":"2024-01-31T10:38:49","guid":{"rendered":"https:\/\/www.vita.sk\/?post_type=product&#038;p=15873"},"modified":"2025-05-02T16:31:29","modified_gmt":"2025-05-02T14:31:29","slug":"online-kurz-administrator-a-spravca-it","status":"publish","type":"product","link":"https:\/\/www.vita.sk\/cs\/online-kurz-administrator-a-spravca-it\/","title":{"rendered":"Online kurz Administr\u00e1tor a Spr\u00e1vca IT"},"content":{"rendered":"<p>Online kurz Administr\u00e1tor a Spr\u00e1vca IT\u00a0 je pre v\u00e1s ide\u00e1lny, ak sa chcete nau\u010di\u0165 spr\u00e1vu opera\u010dn\u00fdch a informa\u010dn\u00fdch syst\u00e9mov. Z\u00edskate praktick\u00e9 sk\u00fasenosti z po\u010d\u00edta\u010dovej administr\u00e1cie a spr\u00e1vy datab\u00e1z. Uk\u00e1\u017eeme si ako sa pripoji\u0165 k datab\u00e1ze a blokova\u0165 pr\u00edstupy na konkr\u00e9tne internetov\u00e9 str\u00e1nky. Rovnako nahliadneme do procesu z\u00e1lohy datab\u00e1z a tabuliek s d\u00e1tami. Presk\u00famame sp\u00f4soby zlep\u0161ovania, monitorovania a dostupnosti online slu\u017eieb. Obozn\u00e1mime v\u00e1s s pou\u017e\u00edvan\u00edm termin\u00e1lu a kl\u00e1vesov\u00fdch skratiek v Linuxe. Kurz je ur\u010den\u00fd pre v\u0161etk\u00fdch, ktor\u00ed sa chc\u00fa uplatni\u0165 a z\u00edska\u0165 pr\u00e1cu ako Administr\u00e1tor alebo Spr\u00e1vca IT.<\/p>\n","protected":false},"excerpt":{"rendered":"<p>Online kurz Administr\u00e1tor a Spr\u00e1vca IT\u00a0 je pre v\u00e1s ide\u00e1lny, ak sa chcete nau\u010di\u0165 spr\u00e1vu opera\u010dn\u00fdch a informa\u010dn\u00fdch syst\u00e9mov. Z\u00edskate praktick\u00e9 sk\u00fasenosti z po\u010d\u00edta\u010dovej administr\u00e1cie a spr\u00e1vy datab\u00e1z. Uk\u00e1\u017eeme si ako sa pripoji\u0165 k datab\u00e1ze a blokova\u0165 pr\u00edstupy na konkr\u00e9tne internetov\u00e9 str\u00e1nky. Rovnako nahliadneme do procesu z\u00e1lohy datab\u00e1z a tabuliek s d\u00e1tami.","protected":false},"author":4,"featured_media":18581,"comment_status":"open","ping_status":"closed","template":"","meta":{"_acf_changed":false},"product_brand":[],"product_cat":[28,73],"product_tag":[186,197,353],"class_list":{"0":"post-15873","1":"product","2":"type-product","3":"status-publish","4":"has-post-thumbnail","6":"product_cat-online-kurzy-administracia-it-servery","7":"product_cat-bez-kategorie","8":"product_tag-administracia-it","9":"product_tag-baliky-kurzov-a-predplatne","10":"product_tag-jazyk-sql","12":"first","13":"instock","14":"sale","15":"sold-individually","16":"taxable","17":"shipping-taxable","18":"purchasable","19":"product-type-simple"},"yoast_head":"<!-- This site is optimized with the Yoast SEO Premium plugin v25.0 (Yoast SEO v25.0) - https:\/\/yoast.com\/wordpress\/plugins\/seo\/ -->\n<title>Online kurz Administr\u00e1tor a Spr\u00e1vca IT 2026 | VITA<\/title>\n<meta name=\"robots\" content=\"index, follow, max-snippet:-1, max-image-preview:large, max-video-preview:-1\" \/>\n<link rel=\"canonical\" href=\"https:\/\/www.vita.sk\/online-kurz-administrator-a-spravca-it\/\" \/>\n<meta property=\"og:locale\" content=\"cs_CZ\" \/>\n<meta property=\"og:type\" content=\"article\" \/>\n<meta property=\"og:title\" content=\"Online kurz Administr\u00e1tor a Spr\u00e1vca IT\" \/>\n<meta property=\"og:description\" content=\"Online kurz Administr\u00e1tor a Spr\u00e1vca IT\u00a0 je pre v\u00e1s ide\u00e1lny, ak sa chcete nau\u010di\u0165 spr\u00e1vu opera\u010dn\u00fdch a informa\u010dn\u00fdch syst\u00e9mov. Z\u00edskate praktick\u00e9 sk\u00fasenosti z po\u010d\u00edta\u010dovej administr\u00e1cie a spr\u00e1vy datab\u00e1z. Uk\u00e1\u017eeme si ako sa pripoji\u0165 k datab\u00e1ze a blokova\u0165 pr\u00edstupy na konkr\u00e9tne internetov\u00e9 str\u00e1nky. Rovnako nahliadneme do procesu z\u00e1lohy datab\u00e1z a tabuliek s d\u00e1tami. Presk\u00famame sp\u00f4soby zlep\u0161ovania, [&hellip;]\" \/>\n<meta property=\"og:url\" content=\"https:\/\/www.vita.sk\/online-kurz-administrator-a-spravca-it\/\" \/>\n<meta property=\"og:site_name\" content=\"VITA\" \/>\n<meta property=\"article:publisher\" content=\"https:\/\/www.facebook.com\/VitaAcademySK\" \/>\n<meta property=\"article:modified_time\" content=\"2025-05-02T14:31:29+00:00\" \/>\n<meta property=\"og:image\" content=\"https:\/\/www.vita.sk\/wp-content\/uploads\/2024\/02\/kurz-systemova-sprava-a-administracia.png\" \/>\n\t<meta property=\"og:image:width\" content=\"360\" \/>\n\t<meta property=\"og:image:height\" content=\"360\" \/>\n\t<meta property=\"og:image:type\" content=\"image\/png\" \/>\n<meta name=\"twitter:card\" content=\"summary_large_image\" \/>\n<meta name=\"twitter:label1\" content=\"Odhadovan\u00e1 doba \u010dten\u00ed\" \/>\n\t<meta name=\"twitter:data1\" content=\"1 minuta\" \/>\n<script type=\"application\/ld+json\" class=\"yoast-schema-graph\">{\n\t    \"@context\": \"https:\/\/schema.org\",\n\t    \"@graph\": [\n\t        {\n\t            \"@type\": \"WebPage\",\n\t            \"@id\": \"https:\/\/www.vita.sk\/online-kurz-administrator-a-spravca-it\/\",\n\t            \"url\": \"https:\/\/www.vita.sk\/online-kurz-administrator-a-spravca-it\/\",\n\t            \"name\": \"Online kurz Administr\u00e1tor a Spr\u00e1vca IT {Y} | VITA\",\n\t            \"isPartOf\": {\n\t                \"@id\": \"https:\/\/www.vita.sk\/#website\"\n\t            },\n\t            \"primaryImageOfPage\": {\n\t                \"@id\": \"https:\/\/www.vita.sk\/online-kurz-administrator-a-spravca-it\/#primaryimage\"\n\t            },\n\t            \"image\": {\n\t                \"@id\": \"https:\/\/www.vita.sk\/online-kurz-administrator-a-spravca-it\/#primaryimage\"\n\t            },\n\t            \"thumbnailUrl\": \"https:\/\/www.vita.sk\/wp-content\/uploads\/2024\/02\/kurz-systemova-sprava-a-administracia.png\",\n\t            \"datePublished\": \"2024-01-31T10:38:49+00:00\",\n\t            \"dateModified\": \"2025-05-02T14:31:29+00:00\",\n\t            \"breadcrumb\": {\n\t                \"@id\": \"https:\/\/www.vita.sk\/online-kurz-administrator-a-spravca-it\/#breadcrumb\"\n\t            },\n\t            \"inLanguage\": \"cs\",\n\t            \"potentialAction\": [\n\t                {\n\t                    \"@type\": \"ReadAction\",\n\t                    \"target\": [\n\t                        \"https:\/\/www.vita.sk\/online-kurz-administrator-a-spravca-it\/\"\n\t                    ]\n\t                }\n\t            ]\n\t        },\n\t        {\n\t            \"@type\": \"ImageObject\",\n\t            \"inLanguage\": \"cs\",\n\t            \"@id\": \"https:\/\/www.vita.sk\/online-kurz-administrator-a-spravca-it\/#primaryimage\",\n\t            \"url\": \"https:\/\/www.vita.sk\/wp-content\/uploads\/2024\/02\/kurz-systemova-sprava-a-administracia.png\",\n\t            \"contentUrl\": \"https:\/\/www.vita.sk\/wp-content\/uploads\/2024\/02\/kurz-systemova-sprava-a-administracia.png\",\n\t            \"width\": 360,\n\t            \"height\": 360\n\t        },\n\t        {\n\t            \"@type\": \"BreadcrumbList\",\n\t            \"@id\": \"https:\/\/www.vita.sk\/online-kurz-administrator-a-spravca-it\/#breadcrumb\",\n\t            \"itemListElement\": [\n\t                {\n\t                    \"@type\": \"ListItem\",\n\t                    \"position\": 1,\n\t                    \"name\": \"VITA Academy\",\n\t                    \"item\": \"https:\/\/www.vita.sk\/cs\/\"\n\t                },\n\t                {\n\t                    \"@type\": \"ListItem\",\n\t                    \"position\": 2,\n\t                    \"name\": \"Shop\",\n\t                    \"item\": \"https:\/\/www.vita.sk\/shop\/\"\n\t                },\n\t                {\n\t                    \"@type\": \"ListItem\",\n\t                    \"position\": 3,\n\t                    \"name\": \"Administr\u00e1cia IT a Servery\",\n\t                    \"item\": \"https:\/\/www.vita.sk\/online-kurzy-administracia-it-servery\/\"\n\t                },\n\t                {\n\t                    \"@type\": \"ListItem\",\n\t                    \"position\": 4,\n\t                    \"name\": \"Online kurz Administr\u00e1tor a Spr\u00e1vca IT\"\n\t                }\n\t            ]\n\t        },\n\t        {\n\t            \"@type\": \"WebSite\",\n\t            \"@id\": \"https:\/\/www.vita.sk\/#website\",\n\t            \"url\": \"https:\/\/www.vita.sk\/\",\n\t            \"name\": \"VITA\",\n\t            \"description\": \"\",\n\t            \"publisher\": {\n\t                \"@id\": \"https:\/\/www.vita.sk\/#organization\"\n\t            },\n\t            \"potentialAction\": [\n\t                {\n\t                    \"@type\": \"SearchAction\",\n\t                    \"target\": {\n\t                        \"@type\": \"EntryPoint\",\n\t                        \"urlTemplate\": \"https:\/\/www.vita.sk\/?s={search_term_string}\"\n\t                    },\n\t                    \"query-input\": {\n\t                        \"@type\": \"PropertyValueSpecification\",\n\t                        \"valueRequired\": true,\n\t                        \"valueName\": \"search_term_string\"\n\t                    }\n\t                }\n\t            ],\n\t            \"inLanguage\": \"cs\"\n\t        },\n\t        {\n\t            \"email\": \"admin@vita.sk\",\n\t            \"logo\": \"https:\/\/www.vita.sk\/img\/vita_logo.png \",\n\t            \"address\": {\n\t                \"type\": \"PostalAddress\",\n\t                \"streetAddress\": \"Tom\u00e1\u0161ikova 50\/A\",\n\t                \"addressLocality\": \"Bratislava\",\n\t                \"postalCode\": \"83104\",\n\t                \"addressCountry\": {\n\t                    \"name\": \"SK\",\n\t                    \"type\": \"Country\"\n\t                }\n\t            },\n\t            \"contactPoint\": {\n\t                \"type\": \"ContactPoint\",\n\t                \"telephone\": \"+421 907 375\u00a0543\",\n\t                \"Email\": \"admin@vita.sk\",\n\t                \"contactType\": \"customer service\"\n\t            },\n\t            \"sameAs\": [\n\t                \"https:\/\/www.facebook.com\/VitaAcademySK\/\",\n\t                \"https:\/\/www.linkedin.com\/company\/vita-academy\/\"\n\t            ]\n\t        }\n\t    ]\n\t}<\/script>\n<!-- \/ Yoast SEO Premium plugin. -->","yoast_head_json":{"title":"Online kurz Administr\u00e1tor a Spr\u00e1vca IT 2026 | VITA","robots":{"index":"index","follow":"follow","max-snippet":"max-snippet:-1","max-image-preview":"max-image-preview:large","max-video-preview":"max-video-preview:-1"},"canonical":"https:\/\/www.vita.sk\/online-kurz-administrator-a-spravca-it\/","og_locale":"cs_CZ","og_type":"article","og_title":"Online kurz Administr\u00e1tor a Spr\u00e1vca IT","og_description":"Online kurz Administr\u00e1tor a Spr\u00e1vca IT\u00a0 je pre v\u00e1s ide\u00e1lny, ak sa chcete nau\u010di\u0165 spr\u00e1vu opera\u010dn\u00fdch a informa\u010dn\u00fdch syst\u00e9mov. Z\u00edskate praktick\u00e9 sk\u00fasenosti z po\u010d\u00edta\u010dovej administr\u00e1cie a spr\u00e1vy datab\u00e1z. Uk\u00e1\u017eeme si ako sa pripoji\u0165 k datab\u00e1ze a blokova\u0165 pr\u00edstupy na konkr\u00e9tne internetov\u00e9 str\u00e1nky. Rovnako nahliadneme do procesu z\u00e1lohy datab\u00e1z a tabuliek s d\u00e1tami. Presk\u00famame sp\u00f4soby zlep\u0161ovania, [&hellip;]","og_url":"https:\/\/www.vita.sk\/online-kurz-administrator-a-spravca-it\/","og_site_name":"VITA","article_publisher":"https:\/\/www.facebook.com\/VitaAcademySK","article_modified_time":"2025-05-02T14:31:29+00:00","og_image":[{"width":360,"height":360,"url":"https:\/\/www.vita.sk\/wp-content\/uploads\/2024\/02\/kurz-systemova-sprava-a-administracia.png","type":"image\/png"}],"twitter_card":"summary_large_image","twitter_misc":{"Odhadovan\u00e1 doba \u010dten\u00ed":"1 minuta"},"schema":{"@context":"https:\/\/schema.org","@graph":[{"@type":"WebPage","@id":"https:\/\/www.vita.sk\/online-kurz-administrator-a-spravca-it\/","url":"https:\/\/www.vita.sk\/online-kurz-administrator-a-spravca-it\/","name":"Online kurz Administr\u00e1tor a Spr\u00e1vca IT {Y} | VITA","isPartOf":{"@id":"https:\/\/www.vita.sk\/#website"},"primaryImageOfPage":{"@id":"https:\/\/www.vita.sk\/online-kurz-administrator-a-spravca-it\/#primaryimage"},"image":{"@id":"https:\/\/www.vita.sk\/online-kurz-administrator-a-spravca-it\/#primaryimage"},"thumbnailUrl":"https:\/\/www.vita.sk\/wp-content\/uploads\/2024\/02\/kurz-systemova-sprava-a-administracia.png","datePublished":"2024-01-31T10:38:49+00:00","dateModified":"2025-05-02T14:31:29+00:00","breadcrumb":{"@id":"https:\/\/www.vita.sk\/online-kurz-administrator-a-spravca-it\/#breadcrumb"},"inLanguage":"cs","potentialAction":[{"@type":"ReadAction","target":["https:\/\/www.vita.sk\/online-kurz-administrator-a-spravca-it\/"]}]},{"@type":"ImageObject","inLanguage":"cs","@id":"https:\/\/www.vita.sk\/online-kurz-administrator-a-spravca-it\/#primaryimage","url":"https:\/\/www.vita.sk\/wp-content\/uploads\/2024\/02\/kurz-systemova-sprava-a-administracia.png","contentUrl":"https:\/\/www.vita.sk\/wp-content\/uploads\/2024\/02\/kurz-systemova-sprava-a-administracia.png","width":360,"height":360},{"@type":"BreadcrumbList","@id":"https:\/\/www.vita.sk\/online-kurz-administrator-a-spravca-it\/#breadcrumb","itemListElement":[{"@type":"ListItem","position":1,"name":"VITA Academy","item":"https:\/\/www.vita.sk\/cs\/"},{"@type":"ListItem","position":2,"name":"Shop","item":"https:\/\/www.vita.sk\/shop\/"},{"@type":"ListItem","position":3,"name":"Administr\u00e1cia IT a Servery","item":"https:\/\/www.vita.sk\/online-kurzy-administracia-it-servery\/"},{"@type":"ListItem","position":4,"name":"Online kurz Administr\u00e1tor a Spr\u00e1vca IT"}]},{"@type":"WebSite","@id":"https:\/\/www.vita.sk\/#website","url":"https:\/\/www.vita.sk\/","name":"VITA","description":"","publisher":{"@id":"https:\/\/www.vita.sk\/#organization"},"potentialAction":[{"@type":"SearchAction","target":{"@type":"EntryPoint","urlTemplate":"https:\/\/www.vita.sk\/?s={search_term_string}"},"query-input":{"@type":"PropertyValueSpecification","valueRequired":true,"valueName":"search_term_string"}}],"inLanguage":"cs"},{"email":"admin@vita.sk","logo":"https:\/\/www.vita.sk\/img\/vita_logo.png ","address":{"type":"PostalAddress","streetAddress":"Tom\u00e1\u0161ikova 50\/A","addressLocality":"Bratislava","postalCode":"83104","addressCountry":{"name":"SK","type":"Country"}},"contactPoint":{"type":"ContactPoint","telephone":"+421 907 375\u00a0543","Email":"admin@vita.sk","contactType":"customer service"},"sameAs":["https:\/\/www.facebook.com\/VitaAcademySK\/","https:\/\/www.linkedin.com\/company\/vita-academy\/"]}]}},"acf":[],"_links":{"self":[{"href":"https:\/\/www.vita.sk\/cs\/wp-json\/wp\/v2\/product\/15873","targetHints":{"allow":["GET"]}}],"collection":[{"href":"https:\/\/www.vita.sk\/cs\/wp-json\/wp\/v2\/product"}],"about":[{"href":"https:\/\/www.vita.sk\/cs\/wp-json\/wp\/v2\/types\/product"}],"author":[{"embeddable":true,"href":"https:\/\/www.vita.sk\/cs\/wp-json\/wp\/v2\/users\/4"}],"replies":[{"embeddable":true,"href":"https:\/\/www.vita.sk\/cs\/wp-json\/wp\/v2\/comments?post=15873"}],"wp:featuredmedia":[{"embeddable":true,"href":"https:\/\/www.vita.sk\/cs\/wp-json\/wp\/v2\/media\/18581"}],"wp:attachment":[{"href":"https:\/\/www.vita.sk\/cs\/wp-json\/wp\/v2\/media?parent=15873"}],"wp:term":[{"taxonomy":"product_brand","embeddable":true,"href":"https:\/\/www.vita.sk\/cs\/wp-json\/wp\/v2\/product_brand?post=15873"},{"taxonomy":"product_cat","embeddable":true,"href":"https:\/\/www.vita.sk\/cs\/wp-json\/wp\/v2\/product_cat?post=15873"},{"taxonomy":"product_tag","embeddable":true,"href":"https:\/\/www.vita.sk\/cs\/wp-json\/wp\/v2\/product_tag?post=15873"}],"curies":[{"name":"wp","href":"https:\/\/api.w.org\/{rel}","templated":true}]}}