{"id":16838,"date":"2023-11-08T13:20:04","date_gmt":"2023-11-08T12:20:04","guid":{"rendered":"https:\/\/www.vita.sk\/?post_type=product&#038;p=16838"},"modified":"2025-05-10T16:23:49","modified_gmt":"2025-05-10T14:23:49","slug":"online-kurz-google-business-profile-google-firemny-profil","status":"publish","type":"product","link":"https:\/\/www.vita.sk\/cs\/online-kurz-google-business-profile-google-firemny-profil\/","title":{"rendered":"Online kurz Google Business Profile (Google Firemn\u00fd Profil)"},"content":{"rendered":"<p>Google Business Profile pre v\u00e1s ide\u00e1lny, ak sa chcete nau\u010di\u0165 efekt\u00edvne zvidite\u013eni\u0165 svoju firmu vo vyh\u013ead\u00e1va\u010di Google, na Google Map\u00e1ch a priamo v Google v\u00fdsledkoch vyh\u013ead\u00e1vania pomocou Google Firemn\u00e9ho profilu. <strong>Ide o akreditovan\u00fd a certifikovan\u00fd online kurz na Google Business Profile<\/strong>. V kurze sa podrobne nau\u010d\u00edte, ako spr\u00e1vne nastavi\u0165, spravova\u0165 a optimalizova\u0165 firemn\u00fd profil v Google tak, aby ste oslovili nov\u00fdch z\u00e1kazn\u00edkov a z\u00e1rove\u0148 poskytli \u010do najpresnej\u0161ie inform\u00e1cie o svojej firme. V \u00favode sa obozn\u00e1mite s novinkami v slu\u017ebe Google Business Profile, nau\u010d\u00edte sa pracova\u0165 s obr\u00e1zkami, pr\u00edspevkami a \u0161tatistikami, ktor\u00e9 Google pon\u00faka ako sp\u00e4tn\u00fa v\u00e4zbu k va\u0161ej vidite\u013enosti a interakci\u00e1m so z\u00e1kazn\u00edkmi. Dozviete sa, \u010do znamen\u00e1 sila profilu, ako z\u00edska\u0165 pr\u00edstupov\u00e9 ID, pracova\u0165 s administr\u00e1ciou pr\u00edstupu a \u0161t\u00edtkami pre organiz\u00e1ciu inform\u00e1ci\u00ed. V kurze sa nau\u010d\u00edte aj spr\u00e1vne formulova\u0165 benefity a vlastnosti produktov a slu\u017eieb tak, aby boli atrakt\u00edvne pre cie\u013eov\u00fa skupinu. Kurz v\u00e1s \u010falej prevedie fungovan\u00edm Google vyh\u013ead\u00e1vania, kde sa zameriavame na technick\u00e9 chyby, ktor\u00e9 m\u00f4\u017eu ovplyvni\u0165 va\u0161u vidite\u013enos\u0165, a ako im predch\u00e1dza\u0165. Prakticky si uk\u00e1\u017eeme aj n\u00e1stroje na testovanie a kontrolu indexovania va\u0161ej webovej str\u00e1nky. Ve\u013ek\u00e1 \u010das\u0165 kurzu je venovan\u00e1 komunik\u00e1cii na soci\u00e1lnych sie\u0165ach, kde sa nau\u010d\u00edte, ako efekt\u00edvne reagova\u0165 na recenzie, ako vytv\u00e1ra\u0165 p\u00fatav\u00e9 pr\u00edspevky, vyu\u017e\u00edva\u0165 proaktivitu v copywritingu a ako reagova\u0165 na konkurenciu v digit\u00e1lnom priestore. Kurz obsahuje aj praktick\u00e9 n\u00e1vody na automatiz\u00e1ciu a pl\u00e1novanie pr\u00edspevkov, ktor\u00e9 v\u00e1m u\u0161etria \u010das. Pracujeme s n\u00e1strojmi ako OneApp, ktor\u00e9 umo\u017e\u0148uj\u00fa napl\u00e1nova\u0165 obsah na viac dn\u00ed \u010di t\u00fd\u017ed\u0148ov vopred, vr\u00e1tane nastavenia v\u00fdziev k akcii (CTA) cez vlastn\u00e9 tla\u010didl\u00e1. Nau\u010d\u00edte sa, ako komunik\u00e1ciu optimalizova\u0165 na r\u00f4zne obdobia a udalosti a z\u00edska\u0165 konzistentn\u00fa pr\u00edtomnos\u0165 vo vyh\u013ead\u00e1va\u010di aj na map\u00e1ch. Kurz je vhodn\u00fd pre mal\u00e9 podniky, lok\u00e1lne prev\u00e1dzky, agent\u00fary aj samostatn\u00fdch podnikate\u013eov, ktor\u00ed chc\u00fa zlep\u0161i\u0165 svoju digit\u00e1lnu stopu a zv\u00fd\u0161i\u0165 dosah na miestnych z\u00e1kazn\u00edkov v r\u00e1mci lok\u00e1lneho SEO. Ak sa chcete skuto\u010dne nau\u010di\u0165 Google Business Profile, tak toto je ide\u00e1lny vstupn\u00fd online kurz pre v\u00e1s.<\/p>\n","protected":false},"excerpt":{"rendered":"<p>Google Business Profile pre v\u00e1s ide\u00e1lny, ak sa chcete nau\u010di\u0165 efekt\u00edvne zvidite\u013eni\u0165 svoju firmu vo vyh\u013ead\u00e1va\u010di Google, na Google Map\u00e1ch a priamo v Google v\u00fdsledkoch vyh\u013ead\u00e1vania pomocou Google Firemn\u00e9ho profilu. Ide o akreditovan\u00fd a certifikovan\u00fd online kurz na Google Business Profile.","protected":false},"author":4,"featured_media":17423,"comment_status":"open","ping_status":"closed","template":"","meta":{"_acf_changed":false},"product_brand":[],"product_cat":[70,73,435],"product_tag":[197,436,527],"class_list":{"0":"post-16838","1":"product","2":"type-product","3":"status-publish","4":"has-post-thumbnail","6":"product_cat-online-kurzy-marketing-reklama-a-pravo","7":"product_cat-bez-kategorie","8":"product_cat-online-kurzy-marketingove-nastroje","9":"product_tag-baliky-kurzov-a-predplatne","10":"product_tag-marketingove-nastroje","11":"product_tag-google","13":"first","14":"instock","15":"sale","16":"sold-individually","17":"taxable","18":"shipping-taxable","19":"purchasable","20":"product-type-simple"},"yoast_head":"<!-- This site is optimized with the Yoast SEO Premium plugin v25.0 (Yoast SEO v25.0) - https:\/\/yoast.com\/wordpress\/plugins\/seo\/ -->\n<title>Online kurz Google Business Profile 2026 | VITA<\/title>\n<meta name=\"description\" content=\"V online kurze Google Business Profile sa nau\u010d\u00edte, ako vytvori\u0165 a spravova\u0165 firemn\u00fd profil na Google pre zv\u00fd\u0161enie online vidite\u013enosti. \u2705\" \/>\n<meta name=\"robots\" content=\"index, follow, max-snippet:-1, max-image-preview:large, max-video-preview:-1\" \/>\n<link rel=\"canonical\" href=\"https:\/\/www.vita.sk\/online-kurz-google-business-profile-google-firemny-profil\/\" \/>\n<meta property=\"og:locale\" content=\"cs_CZ\" \/>\n<meta property=\"og:type\" content=\"article\" \/>\n<meta property=\"og:title\" content=\"Online kurz Google Business Profile (Google Firemn\u00fd Profil)\" \/>\n<meta property=\"og:description\" content=\"V online kurze Google Business Profile sa nau\u010d\u00edte, ako vytvori\u0165 a spravova\u0165 firemn\u00fd profil na Google pre zv\u00fd\u0161enie online vidite\u013enosti. \u2705\" \/>\n<meta property=\"og:url\" content=\"https:\/\/www.vita.sk\/online-kurz-google-business-profile-google-firemny-profil\/\" \/>\n<meta property=\"og:site_name\" content=\"VITA\" \/>\n<meta property=\"article:publisher\" content=\"https:\/\/www.facebook.com\/VitaAcademySK\" \/>\n<meta property=\"article:modified_time\" content=\"2025-05-10T14:23:49+00:00\" \/>\n<meta property=\"og:image\" content=\"https:\/\/www.vita.sk\/wp-content\/uploads\/2024\/01\/kurz-Google-Business-Profile.png\" \/>\n\t<meta property=\"og:image:width\" content=\"360\" \/>\n\t<meta property=\"og:image:height\" content=\"360\" \/>\n\t<meta property=\"og:image:type\" content=\"image\/png\" \/>\n<meta name=\"twitter:card\" content=\"summary_large_image\" \/>\n<meta name=\"twitter:label1\" content=\"Odhadovan\u00e1 doba \u010dten\u00ed\" \/>\n\t<meta name=\"twitter:data1\" content=\"2 minuty\" \/>\n<script type=\"application\/ld+json\" class=\"yoast-schema-graph\">{\n\t    \"@context\": \"https:\/\/schema.org\",\n\t    \"@graph\": [\n\t        {\n\t            \"@type\": \"WebPage\",\n\t            \"@id\": \"https:\/\/www.vita.sk\/online-kurz-google-business-profile-google-firemny-profil\/\",\n\t            \"url\": \"https:\/\/www.vita.sk\/online-kurz-google-business-profile-google-firemny-profil\/\",\n\t            \"name\": \"Online kurz Google Business Profile {Y} | VITA\",\n\t            \"isPartOf\": {\n\t                \"@id\": \"https:\/\/www.vita.sk\/#website\"\n\t            },\n\t            \"primaryImageOfPage\": {\n\t                \"@id\": \"https:\/\/www.vita.sk\/online-kurz-google-business-profile-google-firemny-profil\/#primaryimage\"\n\t            },\n\t            \"image\": {\n\t                \"@id\": \"https:\/\/www.vita.sk\/online-kurz-google-business-profile-google-firemny-profil\/#primaryimage\"\n\t            },\n\t            \"thumbnailUrl\": \"https:\/\/www.vita.sk\/wp-content\/uploads\/2024\/01\/kurz-Google-Business-Profile.png\",\n\t            \"datePublished\": \"2023-11-08T12:20:04+00:00\",\n\t            \"dateModified\": \"2025-05-10T14:23:49+00:00\",\n\t            \"description\": \"V online kurze Google Business Profile sa nau\u010d\u00edte, ako vytvori\u0165 a spravova\u0165 firemn\u00fd profil na Google pre zv\u00fd\u0161enie online vidite\u013enosti. \u2705\",\n\t            \"breadcrumb\": {\n\t                \"@id\": \"https:\/\/www.vita.sk\/online-kurz-google-business-profile-google-firemny-profil\/#breadcrumb\"\n\t            },\n\t            \"inLanguage\": \"cs\",\n\t            \"potentialAction\": [\n\t                {\n\t                    \"@type\": \"ReadAction\",\n\t                    \"target\": [\n\t                        \"https:\/\/www.vita.sk\/online-kurz-google-business-profile-google-firemny-profil\/\"\n\t                    ]\n\t                }\n\t            ]\n\t        },\n\t        {\n\t            \"@type\": \"ImageObject\",\n\t            \"inLanguage\": \"cs\",\n\t            \"@id\": \"https:\/\/www.vita.sk\/online-kurz-google-business-profile-google-firemny-profil\/#primaryimage\",\n\t            \"url\": \"https:\/\/www.vita.sk\/wp-content\/uploads\/2024\/01\/kurz-Google-Business-Profile.png\",\n\t            \"contentUrl\": \"https:\/\/www.vita.sk\/wp-content\/uploads\/2024\/01\/kurz-Google-Business-Profile.png\",\n\t            \"width\": 360,\n\t            \"height\": 360\n\t        },\n\t        {\n\t            \"@type\": \"BreadcrumbList\",\n\t            \"@id\": \"https:\/\/www.vita.sk\/online-kurz-google-business-profile-google-firemny-profil\/#breadcrumb\",\n\t            \"itemListElement\": [\n\t                {\n\t                    \"@type\": \"ListItem\",\n\t                    \"position\": 1,\n\t                    \"name\": \"VITA Academy\",\n\t                    \"item\": \"https:\/\/www.vita.sk\/cs\/\"\n\t                },\n\t                {\n\t                    \"@type\": \"ListItem\",\n\t                    \"position\": 2,\n\t                    \"name\": \"Shop\",\n\t                    \"item\": \"https:\/\/www.vita.sk\/shop\/\"\n\t                },\n\t                {\n\t                    \"@type\": \"ListItem\",\n\t                    \"position\": 3,\n\t                    \"name\": \"Marketing, Reklama a Pr\u00e1vo\",\n\t                    \"item\": \"https:\/\/www.vita.sk\/online-kurzy-marketing-reklama-a-pravo\/\"\n\t                },\n\t                {\n\t                    \"@type\": \"ListItem\",\n\t                    \"position\": 4,\n\t                    \"name\": \"Marketingov\u00e9 N\u00e1stroje\",\n\t                    \"item\": \"https:\/\/www.vita.sk\/en\/online-kurzy-marketingove-nastroje\/\"\n\t                },\n\t                {\n\t                    \"@type\": \"ListItem\",\n\t                    \"position\": 5,\n\t                    \"name\": \"Online kurz Google Business Profile (Google Firemn\u00fd Profil)\"\n\t                }\n\t            ]\n\t        },\n\t        {\n\t            \"@type\": \"WebSite\",\n\t            \"@id\": \"https:\/\/www.vita.sk\/#website\",\n\t            \"url\": \"https:\/\/www.vita.sk\/\",\n\t            \"name\": \"VITA\",\n\t            \"description\": \"\",\n\t            \"publisher\": {\n\t                \"@id\": \"https:\/\/www.vita.sk\/#organization\"\n\t            },\n\t            \"potentialAction\": [\n\t                {\n\t                    \"@type\": \"SearchAction\",\n\t                    \"target\": {\n\t                        \"@type\": \"EntryPoint\",\n\t                        \"urlTemplate\": \"https:\/\/www.vita.sk\/?s={search_term_string}\"\n\t                    },\n\t                    \"query-input\": {\n\t                        \"@type\": \"PropertyValueSpecification\",\n\t                        \"valueRequired\": true,\n\t                        \"valueName\": \"search_term_string\"\n\t                    }\n\t                }\n\t            ],\n\t            \"inLanguage\": \"cs\"\n\t        },\n\t        {\n\t            \"email\": \"admin@vita.sk\",\n\t            \"logo\": \"https:\/\/www.vita.sk\/img\/vita_logo.png \",\n\t            \"address\": {\n\t                \"type\": \"PostalAddress\",\n\t                \"streetAddress\": \"Tom\u00e1\u0161ikova 50\/A\",\n\t                \"addressLocality\": \"Bratislava\",\n\t                \"postalCode\": \"83104\",\n\t                \"addressCountry\": {\n\t                    \"name\": \"SK\",\n\t                    \"type\": \"Country\"\n\t                }\n\t            },\n\t            \"contactPoint\": {\n\t                \"type\": \"ContactPoint\",\n\t                \"telephone\": \"+421 907 375\u00a0543\",\n\t                \"Email\": \"admin@vita.sk\",\n\t                \"contactType\": \"customer service\"\n\t            },\n\t            \"sameAs\": [\n\t                \"https:\/\/www.facebook.com\/VitaAcademySK\/\",\n\t                \"https:\/\/www.linkedin.com\/company\/vita-academy\/\"\n\t            ]\n\t        }\n\t    ]\n\t}<\/script>\n<!-- \/ Yoast SEO Premium plugin. -->","yoast_head_json":{"title":"Online kurz Google Business Profile 2026 | VITA","description":"V online kurze Google Business Profile sa nau\u010d\u00edte, ako vytvori\u0165 a spravova\u0165 firemn\u00fd profil na Google pre zv\u00fd\u0161enie online vidite\u013enosti. \u2705","robots":{"index":"index","follow":"follow","max-snippet":"max-snippet:-1","max-image-preview":"max-image-preview:large","max-video-preview":"max-video-preview:-1"},"canonical":"https:\/\/www.vita.sk\/online-kurz-google-business-profile-google-firemny-profil\/","og_locale":"cs_CZ","og_type":"article","og_title":"Online kurz Google Business Profile (Google Firemn\u00fd Profil)","og_description":"V online kurze Google Business Profile sa nau\u010d\u00edte, ako vytvori\u0165 a spravova\u0165 firemn\u00fd profil na Google pre zv\u00fd\u0161enie online vidite\u013enosti. \u2705","og_url":"https:\/\/www.vita.sk\/online-kurz-google-business-profile-google-firemny-profil\/","og_site_name":"VITA","article_publisher":"https:\/\/www.facebook.com\/VitaAcademySK","article_modified_time":"2025-05-10T14:23:49+00:00","og_image":[{"width":360,"height":360,"url":"https:\/\/www.vita.sk\/wp-content\/uploads\/2024\/01\/kurz-Google-Business-Profile.png","type":"image\/png"}],"twitter_card":"summary_large_image","twitter_misc":{"Odhadovan\u00e1 doba \u010dten\u00ed":"2 minuty"},"schema":{"@context":"https:\/\/schema.org","@graph":[{"@type":"WebPage","@id":"https:\/\/www.vita.sk\/online-kurz-google-business-profile-google-firemny-profil\/","url":"https:\/\/www.vita.sk\/online-kurz-google-business-profile-google-firemny-profil\/","name":"Online kurz Google Business Profile {Y} | VITA","isPartOf":{"@id":"https:\/\/www.vita.sk\/#website"},"primaryImageOfPage":{"@id":"https:\/\/www.vita.sk\/online-kurz-google-business-profile-google-firemny-profil\/#primaryimage"},"image":{"@id":"https:\/\/www.vita.sk\/online-kurz-google-business-profile-google-firemny-profil\/#primaryimage"},"thumbnailUrl":"https:\/\/www.vita.sk\/wp-content\/uploads\/2024\/01\/kurz-Google-Business-Profile.png","datePublished":"2023-11-08T12:20:04+00:00","dateModified":"2025-05-10T14:23:49+00:00","description":"V online kurze Google Business Profile sa nau\u010d\u00edte, ako vytvori\u0165 a spravova\u0165 firemn\u00fd profil na Google pre zv\u00fd\u0161enie online vidite\u013enosti. \u2705","breadcrumb":{"@id":"https:\/\/www.vita.sk\/online-kurz-google-business-profile-google-firemny-profil\/#breadcrumb"},"inLanguage":"cs","potentialAction":[{"@type":"ReadAction","target":["https:\/\/www.vita.sk\/online-kurz-google-business-profile-google-firemny-profil\/"]}]},{"@type":"ImageObject","inLanguage":"cs","@id":"https:\/\/www.vita.sk\/online-kurz-google-business-profile-google-firemny-profil\/#primaryimage","url":"https:\/\/www.vita.sk\/wp-content\/uploads\/2024\/01\/kurz-Google-Business-Profile.png","contentUrl":"https:\/\/www.vita.sk\/wp-content\/uploads\/2024\/01\/kurz-Google-Business-Profile.png","width":360,"height":360},{"@type":"BreadcrumbList","@id":"https:\/\/www.vita.sk\/online-kurz-google-business-profile-google-firemny-profil\/#breadcrumb","itemListElement":[{"@type":"ListItem","position":1,"name":"VITA Academy","item":"https:\/\/www.vita.sk\/cs\/"},{"@type":"ListItem","position":2,"name":"Shop","item":"https:\/\/www.vita.sk\/shop\/"},{"@type":"ListItem","position":3,"name":"Marketing, Reklama a Pr\u00e1vo","item":"https:\/\/www.vita.sk\/online-kurzy-marketing-reklama-a-pravo\/"},{"@type":"ListItem","position":4,"name":"Marketingov\u00e9 N\u00e1stroje","item":"https:\/\/www.vita.sk\/en\/online-kurzy-marketingove-nastroje\/"},{"@type":"ListItem","position":5,"name":"Online kurz Google Business Profile (Google Firemn\u00fd Profil)"}]},{"@type":"WebSite","@id":"https:\/\/www.vita.sk\/#website","url":"https:\/\/www.vita.sk\/","name":"VITA","description":"","publisher":{"@id":"https:\/\/www.vita.sk\/#organization"},"potentialAction":[{"@type":"SearchAction","target":{"@type":"EntryPoint","urlTemplate":"https:\/\/www.vita.sk\/?s={search_term_string}"},"query-input":{"@type":"PropertyValueSpecification","valueRequired":true,"valueName":"search_term_string"}}],"inLanguage":"cs"},{"email":"admin@vita.sk","logo":"https:\/\/www.vita.sk\/img\/vita_logo.png ","address":{"type":"PostalAddress","streetAddress":"Tom\u00e1\u0161ikova 50\/A","addressLocality":"Bratislava","postalCode":"83104","addressCountry":{"name":"SK","type":"Country"}},"contactPoint":{"type":"ContactPoint","telephone":"+421 907 375\u00a0543","Email":"admin@vita.sk","contactType":"customer service"},"sameAs":["https:\/\/www.facebook.com\/VitaAcademySK\/","https:\/\/www.linkedin.com\/company\/vita-academy\/"]}]}},"acf":[],"_links":{"self":[{"href":"https:\/\/www.vita.sk\/cs\/wp-json\/wp\/v2\/product\/16838","targetHints":{"allow":["GET"]}}],"collection":[{"href":"https:\/\/www.vita.sk\/cs\/wp-json\/wp\/v2\/product"}],"about":[{"href":"https:\/\/www.vita.sk\/cs\/wp-json\/wp\/v2\/types\/product"}],"author":[{"embeddable":true,"href":"https:\/\/www.vita.sk\/cs\/wp-json\/wp\/v2\/users\/4"}],"replies":[{"embeddable":true,"href":"https:\/\/www.vita.sk\/cs\/wp-json\/wp\/v2\/comments?post=16838"}],"wp:featuredmedia":[{"embeddable":true,"href":"https:\/\/www.vita.sk\/cs\/wp-json\/wp\/v2\/media\/17423"}],"wp:attachment":[{"href":"https:\/\/www.vita.sk\/cs\/wp-json\/wp\/v2\/media?parent=16838"}],"wp:term":[{"taxonomy":"product_brand","embeddable":true,"href":"https:\/\/www.vita.sk\/cs\/wp-json\/wp\/v2\/product_brand?post=16838"},{"taxonomy":"product_cat","embeddable":true,"href":"https:\/\/www.vita.sk\/cs\/wp-json\/wp\/v2\/product_cat?post=16838"},{"taxonomy":"product_tag","embeddable":true,"href":"https:\/\/www.vita.sk\/cs\/wp-json\/wp\/v2\/product_tag?post=16838"}],"curies":[{"name":"wp","href":"https:\/\/api.w.org\/{rel}","templated":true}]}}