{"id":18779,"date":"2024-03-07T11:49:53","date_gmt":"2024-03-07T10:49:53","guid":{"rendered":"https:\/\/www.vita.sk\/?post_type=product&#038;p=18779"},"modified":"2026-01-20T11:12:21","modified_gmt":"2026-01-20T10:12:21","slug":"online-kurz-jemny-uvod-do-umelej-inteligencie-a-strojoveho-ucenia-ml","status":"publish","type":"product","link":"https:\/\/www.vita.sk\/cs\/online-kurz-jemny-uvod-do-umelej-inteligencie-a-strojoveho-ucenia-ml\/","title":{"rendered":"Online kurz Jemn\u00fd \u00davod do Umelej Inteligencie (AI) a Strojov\u00e9ho U\u010denia (ML)"},"content":{"rendered":"<p>Online kurz Jemn\u00fd \u00davod do Umelej Inteligencie (AI) a Strojov\u00e9ho U\u010denia (ML) je pre v\u00e1s ide\u00e1lny, ak sa chcete nau\u010di\u0165 pochopi\u0165 z\u00e1klady umelej inteligencie, orientova\u0165 sa v modern\u00fdch AI n\u00e1strojoch a za\u010da\u0165 vytv\u00e1ra\u0165 vlastn\u00e9 jednoduch\u00e9 AI projekty. <strong>Ide o certifikovan\u00fd kurz na \u00davod do Umelej Inteligencie (AI) a Strojov\u00e9ho U\u010denia (ML).<\/strong> Z\u00edskate preh\u013ead o tom, ako funguje strojov\u00e9 u\u010denie, ak\u00e9 modely sa pou\u017e\u00edvaj\u00fa a ak\u00e9 parametre ovplyv\u0148uj\u00fa ich v\u00fdkon. Nau\u010d\u00edme sa za\u010da\u0165 s n\u00e1vrhom vlastn\u00e9ho AI rie\u0161enia, pochopi\u0165 \u00falohu d\u00e1t, definova\u0165 cie\u013e projektu a analyzova\u0165 cel\u00fd proces od vstupu po v\u00fdsledok. D\u00f4le\u017eitou s\u00fa\u010das\u0165ou je vysvetlenie epoch, ve\u013ekosti d\u00e1vky a r\u00fdchlosti u\u010denia, ktor\u00e9 patria medzi k\u013e\u00fa\u010dov\u00e9 nastavenia pri tr\u00e9novan\u00ed modelov a priamo ovplyv\u0148uj\u00fa presnos\u0165, stabilitu a r\u00fdchlos\u0165 u\u010denia. S\u00fa\u010das\u0165ou kurzu je aj detailn\u00e9 spracovanie prompt engineeringu. Osvoj\u00edme si techniky tvorby presn\u00fdch, jednozna\u010dn\u00fdch a kontextovo spr\u00e1vnych vstupn\u00fdch pokynov pre inteligentn\u00e9 modely. Nau\u010d\u00edme sa vytv\u00e1ra\u0165 efekt\u00edvne prompty pre anal\u00fdzu textov, generovanie obsahu, rie\u0161enie \u00faloh aj technick\u00e9 zadania. Pracova\u0165 budeme s n\u00e1strojmi ako ChatGPT, Gemini \u010di roz\u0161\u00edreniami dostupn\u00fdmi pre generat\u00edvne modely. Zameriame sa na ich aplik\u00e1ciu pri spracovan\u00ed textov, programovan\u00ed, logick\u00fdch \u00faloh\u00e1ch, rie\u0161en\u00ed probl\u00e9mov a automatiz\u00e1cii. Predstav\u00edme si aj AI asistenta Clippy, ktor\u00fd pom\u00e1ha pri technick\u00fdch a textov\u00fdch \u00faloh\u00e1ch. V bonusovej \u010dasti sa nau\u010d\u00edme z\u00e1klady jazyka Python v kontexte umelej inteligencie. Uk\u00e1\u017eeme si tvorbu prv\u00e9ho programu, pou\u017e\u00edvanie koment\u00e1rov a postup vytv\u00e1rania jednoduch\u00fdch skriptov. Budeme pracova\u0165 s modulom Langdetect na detekciu jazyka a vysvetl\u00edme si jeho pou\u017eitie v textov\u00fdch anal\u00fdzach. Obozn\u00e1mime sa s generovan\u00edm zdrojov\u00e9ho k\u00f3du pomocou AI, zobrazovan\u00edm d\u00e1t pomocou grafov a vizualiz\u00e1ci\u00ed a vytv\u00e1ran\u00edm objektov v r\u00e1mci objektovo orientovan\u00e9ho programovania. Po absolvovan\u00ed kurzu budete rozumie\u0165 z\u00e1kladom umelej inteligencie, vedie\u0165 upravova\u0165 parametre modelov, pou\u017e\u00edva\u0165 modern\u00e9 AI n\u00e1stroje, vytv\u00e1ra\u0165 vlastn\u00e9 jednoduch\u00e9 ML rie\u0161enia a prep\u00e1ja\u0165 AI s programovan\u00edm v Pythone. Ak sa chcete skuto\u010dne nau\u010di\u0165 pracova\u0165 s umelou inteligenciou a sta\u0165 sa pou\u017e\u00edvate\u013eom, ktor\u00fd ovl\u00e1da jej z\u00e1kladn\u00e9 princ\u00edpy aj praktick\u00e9 mo\u017enosti, tak toto je ide\u00e1lny vstupn\u00fd online kurz pre v\u00e1s.<\/p>\n","protected":false},"excerpt":{"rendered":"<p>Online kurz Jemn\u00fd \u00davod do Umelej Inteligencie (AI) a Strojov\u00e9ho U\u010denia (ML) v\u00e1s nau\u010d\u00ed z\u00e1klady AI, pr\u00e1cu s modern\u00fdmi n\u00e1strojmi ako ChatGPT a Gemini a tvorbu jednoduch\u00fdch AI projektov v Pythone. Z\u00edskate k\u013e\u00fa\u010dov\u00e9 poznatky o modeloch, parametroch u\u010denia aj prompt engineeringu pre praktick\u00e9 vyu\u017eitie umelej inteligencie.","protected":false},"author":4,"featured_media":18565,"comment_status":"open","ping_status":"closed","template":"","meta":{"_acf_changed":false},"product_brand":[],"product_cat":[588,73],"product_tag":[197,589,609],"class_list":{"0":"post-18779","1":"product","2":"type-product","3":"status-publish","4":"has-post-thumbnail","6":"product_cat-online-kurzy-umela-inteligencia-ai","7":"product_cat-bez-kategorie","8":"product_tag-baliky-kurzov-a-predplatne","9":"product_tag-umela-inteligencia","10":"product_tag-ai","12":"first","13":"instock","14":"sale","15":"sold-individually","16":"taxable","17":"shipping-taxable","18":"purchasable","19":"product-type-simple"},"yoast_head":"<!-- This site is optimized with the Yoast SEO Premium plugin v25.0 (Yoast SEO v25.0) - https:\/\/yoast.com\/wordpress\/plugins\/seo\/ -->\n<title>Online kurz Jemn\u00fd \u00davod do Umelej Inteligencie (AI) a Strojov\u00e9ho U\u010denia (ML) 2026 | VITA<\/title>\n<meta name=\"description\" content=\"V online kurze Jemn\u00fd \u00favod do AI a ML sa nau\u010d\u00edte z\u00e1klady umelej inteligencie a strojov\u00e9ho u\u010denia ML a jeho vyu\u017eitie v praxi. \u2705\" \/>\n<meta name=\"robots\" content=\"index, follow, max-snippet:-1, max-image-preview:large, max-video-preview:-1\" \/>\n<link rel=\"canonical\" href=\"https:\/\/www.vita.sk\/online-kurz-jemny-uvod-do-umelej-inteligencie-a-strojoveho-ucenia-ml\/\" \/>\n<meta property=\"og:locale\" content=\"cs_CZ\" \/>\n<meta property=\"og:type\" content=\"article\" \/>\n<meta property=\"og:title\" content=\"Online kurz Jemn\u00fd \u00davod do Umelej Inteligencie (AI) a Strojov\u00e9ho U\u010denia (ML)\" \/>\n<meta property=\"og:description\" content=\"V online kurze Jemn\u00fd \u00favod do AI a ML sa nau\u010d\u00edte z\u00e1klady umelej inteligencie a strojov\u00e9ho u\u010denia ML a jeho vyu\u017eitie v praxi. \u2705\" \/>\n<meta property=\"og:url\" content=\"https:\/\/www.vita.sk\/online-kurz-jemny-uvod-do-umelej-inteligencie-a-strojoveho-ucenia-ml\/\" \/>\n<meta property=\"og:site_name\" content=\"VITA\" \/>\n<meta property=\"article:publisher\" content=\"https:\/\/www.facebook.com\/VitaAcademySK\" \/>\n<meta property=\"article:modified_time\" content=\"2026-01-20T10:12:21+00:00\" \/>\n<meta property=\"og:image\" content=\"https:\/\/www.vita.sk\/wp-content\/uploads\/2024\/02\/kurz-ai-umela-inteligencia-1.png\" \/>\n\t<meta property=\"og:image:width\" content=\"360\" \/>\n\t<meta property=\"og:image:height\" content=\"360\" \/>\n\t<meta property=\"og:image:type\" content=\"image\/png\" \/>\n<meta name=\"twitter:card\" content=\"summary_large_image\" \/>\n<meta name=\"twitter:label1\" content=\"Odhadovan\u00e1 doba \u010dten\u00ed\" \/>\n\t<meta name=\"twitter:data1\" content=\"2 minuty\" \/>\n<script type=\"application\/ld+json\" class=\"yoast-schema-graph\">{\n\t    \"@context\": \"https:\/\/schema.org\",\n\t    \"@graph\": [\n\t        {\n\t            \"@type\": \"WebPage\",\n\t            \"@id\": \"https:\/\/www.vita.sk\/online-kurz-jemny-uvod-do-umelej-inteligencie-a-strojoveho-ucenia-ml\/\",\n\t            \"url\": \"https:\/\/www.vita.sk\/online-kurz-jemny-uvod-do-umelej-inteligencie-a-strojoveho-ucenia-ml\/\",\n\t            \"name\": \"Online kurz Jemn\u00fd \u00davod do Umelej Inteligencie (AI) a Strojov\u00e9ho U\u010denia (ML) {Y} | VITA\",\n\t            \"isPartOf\": {\n\t                \"@id\": \"https:\/\/www.vita.sk\/#website\"\n\t            },\n\t            \"primaryImageOfPage\": {\n\t                \"@id\": \"https:\/\/www.vita.sk\/online-kurz-jemny-uvod-do-umelej-inteligencie-a-strojoveho-ucenia-ml\/#primaryimage\"\n\t            },\n\t            \"image\": {\n\t                \"@id\": \"https:\/\/www.vita.sk\/online-kurz-jemny-uvod-do-umelej-inteligencie-a-strojoveho-ucenia-ml\/#primaryimage\"\n\t            },\n\t            \"thumbnailUrl\": \"https:\/\/www.vita.sk\/wp-content\/uploads\/2024\/02\/kurz-ai-umela-inteligencia-1.png\",\n\t            \"datePublished\": \"2024-03-07T10:49:53+00:00\",\n\t            \"dateModified\": \"2026-01-20T10:12:21+00:00\",\n\t            \"description\": \"V online kurze Jemn\u00fd \u00favod do AI a ML sa nau\u010d\u00edte z\u00e1klady umelej inteligencie a strojov\u00e9ho u\u010denia ML a jeho vyu\u017eitie v praxi. \u2705\",\n\t            \"breadcrumb\": {\n\t                \"@id\": \"https:\/\/www.vita.sk\/online-kurz-jemny-uvod-do-umelej-inteligencie-a-strojoveho-ucenia-ml\/#breadcrumb\"\n\t            },\n\t            \"inLanguage\": \"cs\",\n\t            \"potentialAction\": [\n\t                {\n\t                    \"@type\": \"ReadAction\",\n\t                    \"target\": [\n\t                        \"https:\/\/www.vita.sk\/online-kurz-jemny-uvod-do-umelej-inteligencie-a-strojoveho-ucenia-ml\/\"\n\t                    ]\n\t                }\n\t            ]\n\t        },\n\t        {\n\t            \"@type\": \"ImageObject\",\n\t            \"inLanguage\": \"cs\",\n\t            \"@id\": \"https:\/\/www.vita.sk\/online-kurz-jemny-uvod-do-umelej-inteligencie-a-strojoveho-ucenia-ml\/#primaryimage\",\n\t            \"url\": \"https:\/\/www.vita.sk\/wp-content\/uploads\/2024\/02\/kurz-ai-umela-inteligencia-1.png\",\n\t            \"contentUrl\": \"https:\/\/www.vita.sk\/wp-content\/uploads\/2024\/02\/kurz-ai-umela-inteligencia-1.png\",\n\t            \"width\": 360,\n\t            \"height\": 360\n\t        },\n\t        {\n\t            \"@type\": \"BreadcrumbList\",\n\t            \"@id\": \"https:\/\/www.vita.sk\/online-kurz-jemny-uvod-do-umelej-inteligencie-a-strojoveho-ucenia-ml\/#breadcrumb\",\n\t            \"itemListElement\": [\n\t                {\n\t                    \"@type\": \"ListItem\",\n\t                    \"position\": 1,\n\t                    \"name\": \"VITA Academy\",\n\t                    \"item\": \"https:\/\/www.vita.sk\/cs\/\"\n\t                },\n\t                {\n\t                    \"@type\": \"ListItem\",\n\t                    \"position\": 2,\n\t                    \"name\": \"Shop\",\n\t                    \"item\": \"https:\/\/www.vita.sk\/shop\/\"\n\t                },\n\t                {\n\t                    \"@type\": \"ListItem\",\n\t                    \"position\": 3,\n\t                    \"name\": \"Umel\u00e1 Inteligencia AI\",\n\t                    \"item\": \"https:\/\/www.vita.sk\/online-kurzy-umela-inteligencia-ai\/\"\n\t                },\n\t                {\n\t                    \"@type\": \"ListItem\",\n\t                    \"position\": 4,\n\t                    \"name\": \"Online kurz Jemn\u00fd \u00davod do Umelej Inteligencie (AI) a Strojov\u00e9ho U\u010denia (ML)\"\n\t                }\n\t            ]\n\t        },\n\t        {\n\t            \"@type\": \"WebSite\",\n\t            \"@id\": \"https:\/\/www.vita.sk\/#website\",\n\t            \"url\": \"https:\/\/www.vita.sk\/\",\n\t            \"name\": \"VITA\",\n\t            \"description\": \"\",\n\t            \"publisher\": {\n\t                \"@id\": \"https:\/\/www.vita.sk\/#organization\"\n\t            },\n\t            \"potentialAction\": [\n\t                {\n\t                    \"@type\": \"SearchAction\",\n\t                    \"target\": {\n\t                        \"@type\": \"EntryPoint\",\n\t                        \"urlTemplate\": \"https:\/\/www.vita.sk\/?s={search_term_string}\"\n\t                    },\n\t                    \"query-input\": {\n\t                        \"@type\": \"PropertyValueSpecification\",\n\t                        \"valueRequired\": true,\n\t                        \"valueName\": \"search_term_string\"\n\t                    }\n\t                }\n\t            ],\n\t            \"inLanguage\": \"cs\"\n\t        },\n\t        {\n\t            \"email\": \"admin@vita.sk\",\n\t            \"logo\": \"https:\/\/www.vita.sk\/img\/vita_logo.png \",\n\t            \"address\": {\n\t                \"type\": \"PostalAddress\",\n\t                \"streetAddress\": \"Tom\u00e1\u0161ikova 50\/A\",\n\t                \"addressLocality\": \"Bratislava\",\n\t                \"postalCode\": \"83104\",\n\t                \"addressCountry\": {\n\t                    \"name\": \"SK\",\n\t                    \"type\": \"Country\"\n\t                }\n\t            },\n\t            \"contactPoint\": {\n\t                \"type\": \"ContactPoint\",\n\t                \"telephone\": \"+421 907 375\u00a0543\",\n\t                \"Email\": \"admin@vita.sk\",\n\t                \"contactType\": \"customer service\"\n\t            },\n\t            \"sameAs\": [\n\t                \"https:\/\/www.facebook.com\/VitaAcademySK\/\",\n\t                \"https:\/\/www.linkedin.com\/company\/vita-academy\/\"\n\t            ]\n\t        }\n\t    ]\n\t}<\/script>\n<!-- \/ Yoast SEO Premium plugin. -->","yoast_head_json":{"title":"Online kurz Jemn\u00fd \u00davod do Umelej Inteligencie (AI) a Strojov\u00e9ho U\u010denia (ML) 2026 | VITA","description":"V online kurze Jemn\u00fd \u00favod do AI a ML sa nau\u010d\u00edte z\u00e1klady umelej inteligencie a strojov\u00e9ho u\u010denia ML a jeho vyu\u017eitie v praxi. \u2705","robots":{"index":"index","follow":"follow","max-snippet":"max-snippet:-1","max-image-preview":"max-image-preview:large","max-video-preview":"max-video-preview:-1"},"canonical":"https:\/\/www.vita.sk\/online-kurz-jemny-uvod-do-umelej-inteligencie-a-strojoveho-ucenia-ml\/","og_locale":"cs_CZ","og_type":"article","og_title":"Online kurz Jemn\u00fd \u00davod do Umelej Inteligencie (AI) a Strojov\u00e9ho U\u010denia (ML)","og_description":"V online kurze Jemn\u00fd \u00favod do AI a ML sa nau\u010d\u00edte z\u00e1klady umelej inteligencie a strojov\u00e9ho u\u010denia ML a jeho vyu\u017eitie v praxi. \u2705","og_url":"https:\/\/www.vita.sk\/online-kurz-jemny-uvod-do-umelej-inteligencie-a-strojoveho-ucenia-ml\/","og_site_name":"VITA","article_publisher":"https:\/\/www.facebook.com\/VitaAcademySK","article_modified_time":"2026-01-20T10:12:21+00:00","og_image":[{"width":360,"height":360,"url":"https:\/\/www.vita.sk\/wp-content\/uploads\/2024\/02\/kurz-ai-umela-inteligencia-1.png","type":"image\/png"}],"twitter_card":"summary_large_image","twitter_misc":{"Odhadovan\u00e1 doba \u010dten\u00ed":"2 minuty"},"schema":{"@context":"https:\/\/schema.org","@graph":[{"@type":"WebPage","@id":"https:\/\/www.vita.sk\/online-kurz-jemny-uvod-do-umelej-inteligencie-a-strojoveho-ucenia-ml\/","url":"https:\/\/www.vita.sk\/online-kurz-jemny-uvod-do-umelej-inteligencie-a-strojoveho-ucenia-ml\/","name":"Online kurz Jemn\u00fd \u00davod do Umelej Inteligencie (AI) a Strojov\u00e9ho U\u010denia (ML) {Y} | VITA","isPartOf":{"@id":"https:\/\/www.vita.sk\/#website"},"primaryImageOfPage":{"@id":"https:\/\/www.vita.sk\/online-kurz-jemny-uvod-do-umelej-inteligencie-a-strojoveho-ucenia-ml\/#primaryimage"},"image":{"@id":"https:\/\/www.vita.sk\/online-kurz-jemny-uvod-do-umelej-inteligencie-a-strojoveho-ucenia-ml\/#primaryimage"},"thumbnailUrl":"https:\/\/www.vita.sk\/wp-content\/uploads\/2024\/02\/kurz-ai-umela-inteligencia-1.png","datePublished":"2024-03-07T10:49:53+00:00","dateModified":"2026-01-20T10:12:21+00:00","description":"V online kurze Jemn\u00fd \u00favod do AI a ML sa nau\u010d\u00edte z\u00e1klady umelej inteligencie a strojov\u00e9ho u\u010denia ML a jeho vyu\u017eitie v praxi. \u2705","breadcrumb":{"@id":"https:\/\/www.vita.sk\/online-kurz-jemny-uvod-do-umelej-inteligencie-a-strojoveho-ucenia-ml\/#breadcrumb"},"inLanguage":"cs","potentialAction":[{"@type":"ReadAction","target":["https:\/\/www.vita.sk\/online-kurz-jemny-uvod-do-umelej-inteligencie-a-strojoveho-ucenia-ml\/"]}]},{"@type":"ImageObject","inLanguage":"cs","@id":"https:\/\/www.vita.sk\/online-kurz-jemny-uvod-do-umelej-inteligencie-a-strojoveho-ucenia-ml\/#primaryimage","url":"https:\/\/www.vita.sk\/wp-content\/uploads\/2024\/02\/kurz-ai-umela-inteligencia-1.png","contentUrl":"https:\/\/www.vita.sk\/wp-content\/uploads\/2024\/02\/kurz-ai-umela-inteligencia-1.png","width":360,"height":360},{"@type":"BreadcrumbList","@id":"https:\/\/www.vita.sk\/online-kurz-jemny-uvod-do-umelej-inteligencie-a-strojoveho-ucenia-ml\/#breadcrumb","itemListElement":[{"@type":"ListItem","position":1,"name":"VITA Academy","item":"https:\/\/www.vita.sk\/cs\/"},{"@type":"ListItem","position":2,"name":"Shop","item":"https:\/\/www.vita.sk\/shop\/"},{"@type":"ListItem","position":3,"name":"Umel\u00e1 Inteligencia AI","item":"https:\/\/www.vita.sk\/online-kurzy-umela-inteligencia-ai\/"},{"@type":"ListItem","position":4,"name":"Online kurz Jemn\u00fd \u00davod do Umelej Inteligencie (AI) a Strojov\u00e9ho U\u010denia (ML)"}]},{"@type":"WebSite","@id":"https:\/\/www.vita.sk\/#website","url":"https:\/\/www.vita.sk\/","name":"VITA","description":"","publisher":{"@id":"https:\/\/www.vita.sk\/#organization"},"potentialAction":[{"@type":"SearchAction","target":{"@type":"EntryPoint","urlTemplate":"https:\/\/www.vita.sk\/?s={search_term_string}"},"query-input":{"@type":"PropertyValueSpecification","valueRequired":true,"valueName":"search_term_string"}}],"inLanguage":"cs"},{"email":"admin@vita.sk","logo":"https:\/\/www.vita.sk\/img\/vita_logo.png ","address":{"type":"PostalAddress","streetAddress":"Tom\u00e1\u0161ikova 50\/A","addressLocality":"Bratislava","postalCode":"83104","addressCountry":{"name":"SK","type":"Country"}},"contactPoint":{"type":"ContactPoint","telephone":"+421 907 375\u00a0543","Email":"admin@vita.sk","contactType":"customer service"},"sameAs":["https:\/\/www.facebook.com\/VitaAcademySK\/","https:\/\/www.linkedin.com\/company\/vita-academy\/"]}]}},"acf":[],"_links":{"self":[{"href":"https:\/\/www.vita.sk\/cs\/wp-json\/wp\/v2\/product\/18779","targetHints":{"allow":["GET"]}}],"collection":[{"href":"https:\/\/www.vita.sk\/cs\/wp-json\/wp\/v2\/product"}],"about":[{"href":"https:\/\/www.vita.sk\/cs\/wp-json\/wp\/v2\/types\/product"}],"author":[{"embeddable":true,"href":"https:\/\/www.vita.sk\/cs\/wp-json\/wp\/v2\/users\/4"}],"replies":[{"embeddable":true,"href":"https:\/\/www.vita.sk\/cs\/wp-json\/wp\/v2\/comments?post=18779"}],"wp:featuredmedia":[{"embeddable":true,"href":"https:\/\/www.vita.sk\/cs\/wp-json\/wp\/v2\/media\/18565"}],"wp:attachment":[{"href":"https:\/\/www.vita.sk\/cs\/wp-json\/wp\/v2\/media?parent=18779"}],"wp:term":[{"taxonomy":"product_brand","embeddable":true,"href":"https:\/\/www.vita.sk\/cs\/wp-json\/wp\/v2\/product_brand?post=18779"},{"taxonomy":"product_cat","embeddable":true,"href":"https:\/\/www.vita.sk\/cs\/wp-json\/wp\/v2\/product_cat?post=18779"},{"taxonomy":"product_tag","embeddable":true,"href":"https:\/\/www.vita.sk\/cs\/wp-json\/wp\/v2\/product_tag?post=18779"}],"curies":[{"name":"wp","href":"https:\/\/api.w.org\/{rel}","templated":true}]}}