{"id":19167,"date":"2024-03-26T15:21:30","date_gmt":"2024-03-26T14:21:30","guid":{"rendered":"https:\/\/www.vita.sk\/?post_type=product&#038;p=19167"},"modified":"2025-11-07T14:05:46","modified_gmt":"2025-11-07T13:05:46","slug":"balik-php-developer","status":"publish","type":"product","link":"https:\/\/www.vita.sk\/cs\/balik-php-developer\/","title":{"rendered":"Bal\u00edk PHP Developer"},"content":{"rendered":"<p>Bal\u00edk PHP Developer je pre v\u00e1s ide\u00e1lny, ak sa chcete nau\u010di\u0165 vytv\u00e1ra\u0165 dynamick\u00e9 webstr\u00e1nky alebo chcete za\u010da\u0165 svoju kari\u00e9ru PHP Developera \u010di Program\u00e1tora. Ide o\u00a0<strong>Bal\u00edk online akreditovan\u00fdch kurzov ur\u010den\u00fd na Preplatenie \u00daradom pr\u00e1ce<\/strong>\u00a0(<strong>Projekt Zru\u010dnosti pre trh pr\u00e1ce<\/strong>). Nau\u010d\u00edte sa \u0161trukt\u00faru HTML a HTML5 dokumentu. Osvoj\u00edte si kask\u00e1dov\u00e9 \u0161t\u00fdly CSS a nau\u010d\u00edte sa aplikova\u0165 \u0161t\u00fdly na HTML elementy. Uk\u00e1\u017eeme si tvorbu modern\u00fdch internetov\u00fdch webov\u00fdch str\u00e1nok s pou\u017eit\u00edm PHP a JavaScript. Nau\u010d\u00edte sa, ako pomocou PHP vytv\u00e1ra\u0165 formul\u00e1re pre z\u00edskavanie inform\u00e1ci\u00ed od pou\u017e\u00edvate\u013eov a spracovanie vstupn\u00fdch \u00fadajov. Obozn\u00e1mite sa s jazykom JavaScript. Budete vedie\u0165 definova\u0165 a vola\u0165 funkcie, pracova\u0165 s udalos\u0165ami. Uk\u00e1\u017eeme si ako pracova\u0165 s DOM, vykon\u00e1va\u0165 asynchr\u00f3nne \u017eiadosti na server pomocou AJAX a spracov\u00e1va\u0165 odpovede v JavaScripte. <strong>\u00darad pr\u00e1ce v\u00e1m preplat\u00ed cel\u00fd bal\u00edk online kurzov.<\/strong><\/p>\n<p>&nbsp;<\/p>\n<p>&nbsp;<\/p>\n<p>&nbsp;<\/p>\n","protected":false},"excerpt":{"rendered":"<p>Bal\u00edk PHP Developer je pre v\u00e1s ide\u00e1lny, ak sa chcete nau\u010di\u0165 vytv\u00e1ra\u0165 dynamick\u00e9 webstr\u00e1nky alebo chcete za\u010da\u0165 svoju kari\u00e9ru PHP Developera \u010di Program\u00e1tora. Ide o\u00a0Bal\u00edk online akreditovan\u00fdch kurzov ur\u010den\u00fd na Preplatenie \u00daradom pr\u00e1ce\u00a0(Projekt Zru\u010dnosti pre trh pr\u00e1ce). Nau\u010d\u00edte sa \u0161trukt\u00faru HTML a HTML5 dokumentu.","protected":false},"author":4,"featured_media":968,"comment_status":"open","ping_status":"closed","template":"","meta":{"_acf_changed":false},"product_brand":[],"product_cat":[615],"product_tag":[193,197],"class_list":{"0":"post-19167","1":"product","2":"type-product","3":"status-publish","4":"has-post-thumbnail","6":"product_cat-online-kurzy-urad-prace-zrucnosti-pre-trh-prace","7":"product_tag-tvorba-web-stranok","8":"product_tag-baliky-kurzov-a-predplatne","10":"first","11":"instock","12":"sold-individually","13":"taxable","14":"shipping-taxable","15":"purchasable","16":"product-type-simple"},"yoast_head":"<!-- This site is optimized with the Yoast SEO Premium plugin v25.0 (Yoast SEO v25.0) - https:\/\/yoast.com\/wordpress\/plugins\/seo\/ -->\n<title>Bal\u00edk PHP Developer 2026 | VITA<\/title>\n<meta name=\"robots\" content=\"index, follow, max-snippet:-1, max-image-preview:large, max-video-preview:-1\" \/>\n<link rel=\"canonical\" href=\"https:\/\/www.vita.sk\/balik-php-developer\/\" \/>\n<meta property=\"og:locale\" content=\"cs_CZ\" \/>\n<meta property=\"og:type\" content=\"article\" \/>\n<meta property=\"og:title\" content=\"Bal\u00edk PHP Developer\" \/>\n<meta property=\"og:description\" content=\"Bal\u00edk PHP Developer je pre v\u00e1s ide\u00e1lny, ak sa chcete nau\u010di\u0165 vytv\u00e1ra\u0165 dynamick\u00e9 webstr\u00e1nky alebo chcete za\u010da\u0165 svoju kari\u00e9ru PHP Developera \u010di Program\u00e1tora. Ide o\u00a0Bal\u00edk online akreditovan\u00fdch kurzov ur\u010den\u00fd na Preplatenie \u00daradom pr\u00e1ce\u00a0(Projekt Zru\u010dnosti pre trh pr\u00e1ce). Nau\u010d\u00edte sa \u0161trukt\u00faru HTML a HTML5 dokumentu. Osvoj\u00edte si kask\u00e1dov\u00e9 \u0161t\u00fdly CSS a nau\u010d\u00edte sa aplikova\u0165 \u0161t\u00fdly na [&hellip;]\" \/>\n<meta property=\"og:url\" content=\"https:\/\/www.vita.sk\/balik-php-developer\/\" \/>\n<meta property=\"og:site_name\" content=\"VITA\" \/>\n<meta property=\"article:publisher\" content=\"https:\/\/www.facebook.com\/VitaAcademySK\" \/>\n<meta property=\"article:modified_time\" content=\"2025-11-07T13:05:46+00:00\" \/>\n<meta property=\"og:image\" content=\"https:\/\/www.vita.sk\/wp-content\/uploads\/2019\/07\/php-1.png\" \/>\n\t<meta property=\"og:image:width\" content=\"360\" \/>\n\t<meta property=\"og:image:height\" content=\"360\" \/>\n\t<meta property=\"og:image:type\" content=\"image\/png\" \/>\n<meta name=\"twitter:card\" content=\"summary_large_image\" \/>\n<meta name=\"twitter:label1\" content=\"Odhadovan\u00e1 doba \u010dten\u00ed\" \/>\n\t<meta name=\"twitter:data1\" content=\"1 minuta\" \/>\n<script type=\"application\/ld+json\" class=\"yoast-schema-graph\">{\n\t    \"@context\": \"https:\/\/schema.org\",\n\t    \"@graph\": [\n\t        {\n\t            \"@type\": \"WebPage\",\n\t            \"@id\": \"https:\/\/www.vita.sk\/balik-php-developer\/\",\n\t            \"url\": \"https:\/\/www.vita.sk\/balik-php-developer\/\",\n\t            \"name\": \"Bal\u00edk PHP Developer {Y} | VITA\",\n\t            \"isPartOf\": {\n\t                \"@id\": \"https:\/\/www.vita.sk\/#website\"\n\t            },\n\t            \"primaryImageOfPage\": {\n\t                \"@id\": \"https:\/\/www.vita.sk\/balik-php-developer\/#primaryimage\"\n\t            },\n\t            \"image\": {\n\t                \"@id\": \"https:\/\/www.vita.sk\/balik-php-developer\/#primaryimage\"\n\t            },\n\t            \"thumbnailUrl\": \"https:\/\/www.vita.sk\/wp-content\/uploads\/2019\/07\/php-1.png\",\n\t            \"datePublished\": \"2024-03-26T14:21:30+00:00\",\n\t            \"dateModified\": \"2025-11-07T13:05:46+00:00\",\n\t            \"breadcrumb\": {\n\t                \"@id\": \"https:\/\/www.vita.sk\/balik-php-developer\/#breadcrumb\"\n\t            },\n\t            \"inLanguage\": \"cs\",\n\t            \"potentialAction\": [\n\t                {\n\t                    \"@type\": \"ReadAction\",\n\t                    \"target\": [\n\t                        \"https:\/\/www.vita.sk\/balik-php-developer\/\"\n\t                    ]\n\t                }\n\t            ]\n\t        },\n\t        {\n\t            \"@type\": \"ImageObject\",\n\t            \"inLanguage\": \"cs\",\n\t            \"@id\": \"https:\/\/www.vita.sk\/balik-php-developer\/#primaryimage\",\n\t            \"url\": \"https:\/\/www.vita.sk\/wp-content\/uploads\/2019\/07\/php-1.png\",\n\t            \"contentUrl\": \"https:\/\/www.vita.sk\/wp-content\/uploads\/2019\/07\/php-1.png\",\n\t            \"width\": 360,\n\t            \"height\": 360,\n\t            \"caption\": \"Online kurz PHP\"\n\t        },\n\t        {\n\t            \"@type\": \"BreadcrumbList\",\n\t            \"@id\": \"https:\/\/www.vita.sk\/balik-php-developer\/#breadcrumb\",\n\t            \"itemListElement\": [\n\t                {\n\t                    \"@type\": \"ListItem\",\n\t                    \"position\": 1,\n\t                    \"name\": \"VITA Academy\",\n\t                    \"item\": \"https:\/\/www.vita.sk\/cs\/\"\n\t                },\n\t                {\n\t                    \"@type\": \"ListItem\",\n\t                    \"position\": 2,\n\t                    \"name\": \"Shop\",\n\t                    \"item\": \"https:\/\/www.vita.sk\/shop\/\"\n\t                },\n\t                {\n\t                    \"@type\": \"ListItem\",\n\t                    \"position\": 3,\n\t                    \"name\": \"Online \u0160kolenia \u00darad Pr\u00e1ce\",\n\t                    \"item\": \"https:\/\/www.vita.sk\/online-kurzy-urad-prace-zrucnosti-pre-trh-prace\/\"\n\t                },\n\t                {\n\t                    \"@type\": \"ListItem\",\n\t                    \"position\": 4,\n\t                    \"name\": \"Bal\u00edk PHP Developer\"\n\t                }\n\t            ]\n\t        },\n\t        {\n\t            \"@type\": \"WebSite\",\n\t            \"@id\": \"https:\/\/www.vita.sk\/#website\",\n\t            \"url\": \"https:\/\/www.vita.sk\/\",\n\t            \"name\": \"VITA\",\n\t            \"description\": \"\",\n\t            \"publisher\": {\n\t                \"@id\": \"https:\/\/www.vita.sk\/#organization\"\n\t            },\n\t            \"potentialAction\": [\n\t                {\n\t                    \"@type\": \"SearchAction\",\n\t                    \"target\": {\n\t                        \"@type\": \"EntryPoint\",\n\t                        \"urlTemplate\": \"https:\/\/www.vita.sk\/?s={search_term_string}\"\n\t                    },\n\t                    \"query-input\": {\n\t                        \"@type\": \"PropertyValueSpecification\",\n\t                        \"valueRequired\": true,\n\t                        \"valueName\": \"search_term_string\"\n\t                    }\n\t                }\n\t            ],\n\t            \"inLanguage\": \"cs\"\n\t        },\n\t        {\n\t            \"email\": \"admin@vita.sk\",\n\t            \"logo\": \"https:\/\/www.vita.sk\/img\/vita_logo.png \",\n\t            \"address\": {\n\t                \"type\": \"PostalAddress\",\n\t                \"streetAddress\": \"Tom\u00e1\u0161ikova 50\/A\",\n\t                \"addressLocality\": \"Bratislava\",\n\t                \"postalCode\": \"83104\",\n\t                \"addressCountry\": {\n\t                    \"name\": \"SK\",\n\t                    \"type\": \"Country\"\n\t                }\n\t            },\n\t            \"contactPoint\": {\n\t                \"type\": \"ContactPoint\",\n\t                \"telephone\": \"+421 907 375\u00a0543\",\n\t                \"Email\": \"admin@vita.sk\",\n\t                \"contactType\": \"customer service\"\n\t            },\n\t            \"sameAs\": [\n\t                \"https:\/\/www.facebook.com\/VitaAcademySK\/\",\n\t                \"https:\/\/www.linkedin.com\/company\/vita-academy\/\"\n\t            ]\n\t        }\n\t    ]\n\t}<\/script>\n<!-- \/ Yoast SEO Premium plugin. -->","yoast_head_json":{"title":"Bal\u00edk PHP Developer 2026 | VITA","robots":{"index":"index","follow":"follow","max-snippet":"max-snippet:-1","max-image-preview":"max-image-preview:large","max-video-preview":"max-video-preview:-1"},"canonical":"https:\/\/www.vita.sk\/balik-php-developer\/","og_locale":"cs_CZ","og_type":"article","og_title":"Bal\u00edk PHP Developer","og_description":"Bal\u00edk PHP Developer je pre v\u00e1s ide\u00e1lny, ak sa chcete nau\u010di\u0165 vytv\u00e1ra\u0165 dynamick\u00e9 webstr\u00e1nky alebo chcete za\u010da\u0165 svoju kari\u00e9ru PHP Developera \u010di Program\u00e1tora. Ide o\u00a0Bal\u00edk online akreditovan\u00fdch kurzov ur\u010den\u00fd na Preplatenie \u00daradom pr\u00e1ce\u00a0(Projekt Zru\u010dnosti pre trh pr\u00e1ce). Nau\u010d\u00edte sa \u0161trukt\u00faru HTML a HTML5 dokumentu. Osvoj\u00edte si kask\u00e1dov\u00e9 \u0161t\u00fdly CSS a nau\u010d\u00edte sa aplikova\u0165 \u0161t\u00fdly na [&hellip;]","og_url":"https:\/\/www.vita.sk\/balik-php-developer\/","og_site_name":"VITA","article_publisher":"https:\/\/www.facebook.com\/VitaAcademySK","article_modified_time":"2025-11-07T13:05:46+00:00","og_image":[{"width":360,"height":360,"url":"https:\/\/www.vita.sk\/wp-content\/uploads\/2019\/07\/php-1.png","type":"image\/png"}],"twitter_card":"summary_large_image","twitter_misc":{"Odhadovan\u00e1 doba \u010dten\u00ed":"1 minuta"},"schema":{"@context":"https:\/\/schema.org","@graph":[{"@type":"WebPage","@id":"https:\/\/www.vita.sk\/balik-php-developer\/","url":"https:\/\/www.vita.sk\/balik-php-developer\/","name":"Bal\u00edk PHP Developer {Y} | VITA","isPartOf":{"@id":"https:\/\/www.vita.sk\/#website"},"primaryImageOfPage":{"@id":"https:\/\/www.vita.sk\/balik-php-developer\/#primaryimage"},"image":{"@id":"https:\/\/www.vita.sk\/balik-php-developer\/#primaryimage"},"thumbnailUrl":"https:\/\/www.vita.sk\/wp-content\/uploads\/2019\/07\/php-1.png","datePublished":"2024-03-26T14:21:30+00:00","dateModified":"2025-11-07T13:05:46+00:00","breadcrumb":{"@id":"https:\/\/www.vita.sk\/balik-php-developer\/#breadcrumb"},"inLanguage":"cs","potentialAction":[{"@type":"ReadAction","target":["https:\/\/www.vita.sk\/balik-php-developer\/"]}]},{"@type":"ImageObject","inLanguage":"cs","@id":"https:\/\/www.vita.sk\/balik-php-developer\/#primaryimage","url":"https:\/\/www.vita.sk\/wp-content\/uploads\/2019\/07\/php-1.png","contentUrl":"https:\/\/www.vita.sk\/wp-content\/uploads\/2019\/07\/php-1.png","width":360,"height":360,"caption":"Online kurz PHP"},{"@type":"BreadcrumbList","@id":"https:\/\/www.vita.sk\/balik-php-developer\/#breadcrumb","itemListElement":[{"@type":"ListItem","position":1,"name":"VITA Academy","item":"https:\/\/www.vita.sk\/cs\/"},{"@type":"ListItem","position":2,"name":"Shop","item":"https:\/\/www.vita.sk\/shop\/"},{"@type":"ListItem","position":3,"name":"Online \u0160kolenia \u00darad Pr\u00e1ce","item":"https:\/\/www.vita.sk\/online-kurzy-urad-prace-zrucnosti-pre-trh-prace\/"},{"@type":"ListItem","position":4,"name":"Bal\u00edk PHP Developer"}]},{"@type":"WebSite","@id":"https:\/\/www.vita.sk\/#website","url":"https:\/\/www.vita.sk\/","name":"VITA","description":"","publisher":{"@id":"https:\/\/www.vita.sk\/#organization"},"potentialAction":[{"@type":"SearchAction","target":{"@type":"EntryPoint","urlTemplate":"https:\/\/www.vita.sk\/?s={search_term_string}"},"query-input":{"@type":"PropertyValueSpecification","valueRequired":true,"valueName":"search_term_string"}}],"inLanguage":"cs"},{"email":"admin@vita.sk","logo":"https:\/\/www.vita.sk\/img\/vita_logo.png ","address":{"type":"PostalAddress","streetAddress":"Tom\u00e1\u0161ikova 50\/A","addressLocality":"Bratislava","postalCode":"83104","addressCountry":{"name":"SK","type":"Country"}},"contactPoint":{"type":"ContactPoint","telephone":"+421 907 375\u00a0543","Email":"admin@vita.sk","contactType":"customer service"},"sameAs":["https:\/\/www.facebook.com\/VitaAcademySK\/","https:\/\/www.linkedin.com\/company\/vita-academy\/"]}]}},"acf":[],"_links":{"self":[{"href":"https:\/\/www.vita.sk\/cs\/wp-json\/wp\/v2\/product\/19167","targetHints":{"allow":["GET"]}}],"collection":[{"href":"https:\/\/www.vita.sk\/cs\/wp-json\/wp\/v2\/product"}],"about":[{"href":"https:\/\/www.vita.sk\/cs\/wp-json\/wp\/v2\/types\/product"}],"author":[{"embeddable":true,"href":"https:\/\/www.vita.sk\/cs\/wp-json\/wp\/v2\/users\/4"}],"replies":[{"embeddable":true,"href":"https:\/\/www.vita.sk\/cs\/wp-json\/wp\/v2\/comments?post=19167"}],"wp:featuredmedia":[{"embeddable":true,"href":"https:\/\/www.vita.sk\/cs\/wp-json\/wp\/v2\/media\/968"}],"wp:attachment":[{"href":"https:\/\/www.vita.sk\/cs\/wp-json\/wp\/v2\/media?parent=19167"}],"wp:term":[{"taxonomy":"product_brand","embeddable":true,"href":"https:\/\/www.vita.sk\/cs\/wp-json\/wp\/v2\/product_brand?post=19167"},{"taxonomy":"product_cat","embeddable":true,"href":"https:\/\/www.vita.sk\/cs\/wp-json\/wp\/v2\/product_cat?post=19167"},{"taxonomy":"product_tag","embeddable":true,"href":"https:\/\/www.vita.sk\/cs\/wp-json\/wp\/v2\/product_tag?post=19167"}],"curies":[{"name":"wp","href":"https:\/\/api.w.org\/{rel}","templated":true}]}}