{"id":19399,"date":"2024-04-05T12:08:02","date_gmt":"2024-04-05T10:08:02","guid":{"rendered":"https:\/\/www.vita.sk\/?post_type=product&#038;p=19399"},"modified":"2025-11-07T14:04:04","modified_gmt":"2025-11-07T13:04:04","slug":"balik-ppc-specialista","status":"publish","type":"product","link":"https:\/\/www.vita.sk\/cs\/balik-ppc-specialista\/","title":{"rendered":"Bal\u00edk PPC \u0160pecialista"},"content":{"rendered":"<p>Bal\u00edk PPC \u0160pecialista je pre v\u00e1s ide\u00e1lny, ak ste bud\u00faci alebo aktu\u00e1lni mana\u017e\u00e9ri \u010di zamestnanci marketingov\u00fdch oddelen\u00ed, ktor\u00ed sa zauj\u00edmaj\u00fa o pochopenie a pou\u017e\u00edvanie PPC reklamy pre podniky alebo klientov. Ide o <strong>Bal\u00edk online akreditovan\u00fdch kurzov ur\u010den\u00fd na Preplatenie \u00daradom pr\u00e1ce<\/strong>\u00a0(<strong>Projekt Zru\u010dnosti pre trh pr\u00e1ce<\/strong>). Online kurzy sa venuj\u00fa najnov\u0161\u00edm trendom a praktick\u00fdm pr\u00edkladom v oblasti spr\u00e1vy a optimaliz\u00e1cie platenej online reklamy. Nau\u010d\u00edte sa pou\u017e\u00edva\u0165 najpopul\u00e1rnej\u0161ie reklamn\u00e9 n\u00e1stroje, ako s\u00fa Google Ads, Google Analytics, Facebook, LinkedIn a \u010fal\u0161ie. Osvoj\u00edte si pr\u00e1cu v Google Analytics, nastavenie a spr\u00e1vu reklamn\u00fdch kampan\u00ed, v\u00fdber k\u013e\u00fa\u010dov\u00fdch slov a identifik\u00e1ciu cie\u013eov\u00e9ho publika. Budete tvori\u0165 PPC kampane v Google Ads (AdWords) a pl\u00e1nova\u0165 pr\u00edspevky na soci\u00e1lnych sie\u0165ach Facebook a LinkedIn. Rovnako sa pozrieme na prid\u00e1vanie a automatiz\u00e1ciu pr\u00edspevkov pomocou Meta Business Suite. Z\u00edskate cenn\u00e9 tipy a triky z Copywritingu pre tvorbu p\u00fatav\u00fdch textov a v\u00fdziev k akcii. Uk\u00e1\u017eeme si grafick\u00e9 \u00fapravy obr\u00e1zkov v Adobe Photoshop ako retu\u0161ovanie, korekcia farieb a pr\u00e1ca s efektami. <strong>\u00darad pr\u00e1ce v\u00e1m preplat\u00ed cel\u00fd bal\u00edk online kurzov.<\/strong><\/p>\n<p>&nbsp;<\/p>\n","protected":false},"excerpt":{"rendered":"<p>Bal\u00edk PPC \u0160pecialista je pre v\u00e1s ide\u00e1lny, ak ste bud\u00faci alebo aktu\u00e1lni mana\u017e\u00e9ri \u010di zamestnanci marketingov\u00fdch oddelen\u00ed, ktor\u00ed sa zauj\u00edmaj\u00fa o pochopenie a pou\u017e\u00edvanie PPC reklamy pre podniky alebo klientov. Ide o Bal\u00edk online akreditovan\u00fdch kurzov ur\u010den\u00fd na Preplatenie \u00daradom pr\u00e1ce\u00a0(Projekt Zru\u010dnosti pre trh pr\u00e1ce).","protected":false},"author":4,"featured_media":9882,"comment_status":"open","ping_status":"closed","template":"","meta":{"_acf_changed":false},"product_brand":[],"product_cat":[615],"product_tag":[183,197],"class_list":{"0":"post-19399","1":"product","2":"type-product","3":"status-publish","4":"has-post-thumbnail","6":"product_cat-online-kurzy-urad-prace-zrucnosti-pre-trh-prace","7":"product_tag-marketing","8":"product_tag-baliky-kurzov-a-predplatne","10":"first","11":"instock","12":"sold-individually","13":"taxable","14":"shipping-taxable","15":"purchasable","16":"product-type-simple"},"yoast_head":"<!-- This site is optimized with the Yoast SEO Premium plugin v25.0 (Yoast SEO v25.0) - https:\/\/yoast.com\/wordpress\/plugins\/seo\/ -->\n<title>Bal\u00edk PPC \u0160pecialista 2026 | VITA<\/title>\n<meta name=\"robots\" content=\"index, follow, max-snippet:-1, max-image-preview:large, max-video-preview:-1\" \/>\n<link rel=\"canonical\" href=\"https:\/\/www.vita.sk\/balik-ppc-specialista\/\" \/>\n<meta property=\"og:locale\" content=\"cs_CZ\" \/>\n<meta property=\"og:type\" content=\"article\" \/>\n<meta property=\"og:title\" content=\"Bal\u00edk PPC \u0160pecialista\" \/>\n<meta property=\"og:description\" content=\"Bal\u00edk PPC \u0160pecialista je pre v\u00e1s ide\u00e1lny, ak ste bud\u00faci alebo aktu\u00e1lni mana\u017e\u00e9ri \u010di zamestnanci marketingov\u00fdch oddelen\u00ed, ktor\u00ed sa zauj\u00edmaj\u00fa o pochopenie a pou\u017e\u00edvanie PPC reklamy pre podniky alebo klientov. Ide o Bal\u00edk online akreditovan\u00fdch kurzov ur\u010den\u00fd na Preplatenie \u00daradom pr\u00e1ce\u00a0(Projekt Zru\u010dnosti pre trh pr\u00e1ce). Online kurzy sa venuj\u00fa najnov\u0161\u00edm trendom a praktick\u00fdm pr\u00edkladom v [&hellip;]\" \/>\n<meta property=\"og:url\" content=\"https:\/\/www.vita.sk\/balik-ppc-specialista\/\" \/>\n<meta property=\"og:site_name\" content=\"VITA\" \/>\n<meta property=\"article:publisher\" content=\"https:\/\/www.facebook.com\/VitaAcademySK\" \/>\n<meta property=\"article:modified_time\" content=\"2025-11-07T13:04:04+00:00\" \/>\n<meta property=\"og:image\" content=\"https:\/\/www.vita.sk\/wp-content\/uploads\/2022\/05\/online-kurz-Marketingove-Nastroje.png\" \/>\n\t<meta property=\"og:image:width\" content=\"360\" \/>\n\t<meta property=\"og:image:height\" content=\"360\" \/>\n\t<meta property=\"og:image:type\" content=\"image\/png\" \/>\n<meta name=\"twitter:card\" content=\"summary_large_image\" \/>\n<meta name=\"twitter:label1\" content=\"Odhadovan\u00e1 doba \u010dten\u00ed\" \/>\n\t<meta name=\"twitter:data1\" content=\"2 minuty\" \/>\n<script type=\"application\/ld+json\" class=\"yoast-schema-graph\">{\n\t    \"@context\": \"https:\/\/schema.org\",\n\t    \"@graph\": [\n\t        {\n\t            \"@type\": \"WebPage\",\n\t            \"@id\": \"https:\/\/www.vita.sk\/balik-ppc-specialista\/\",\n\t            \"url\": \"https:\/\/www.vita.sk\/balik-ppc-specialista\/\",\n\t            \"name\": \"Bal\u00edk PPC \u0160pecialista {Y} | VITA\",\n\t            \"isPartOf\": {\n\t                \"@id\": \"https:\/\/www.vita.sk\/#website\"\n\t            },\n\t            \"primaryImageOfPage\": {\n\t                \"@id\": \"https:\/\/www.vita.sk\/balik-ppc-specialista\/#primaryimage\"\n\t            },\n\t            \"image\": {\n\t                \"@id\": \"https:\/\/www.vita.sk\/balik-ppc-specialista\/#primaryimage\"\n\t            },\n\t            \"thumbnailUrl\": \"https:\/\/www.vita.sk\/wp-content\/uploads\/2022\/05\/online-kurz-Marketingove-Nastroje.png\",\n\t            \"datePublished\": \"2024-04-05T10:08:02+00:00\",\n\t            \"dateModified\": \"2025-11-07T13:04:04+00:00\",\n\t            \"breadcrumb\": {\n\t                \"@id\": \"https:\/\/www.vita.sk\/balik-ppc-specialista\/#breadcrumb\"\n\t            },\n\t            \"inLanguage\": \"cs\",\n\t            \"potentialAction\": [\n\t                {\n\t                    \"@type\": \"ReadAction\",\n\t                    \"target\": [\n\t                        \"https:\/\/www.vita.sk\/balik-ppc-specialista\/\"\n\t                    ]\n\t                }\n\t            ]\n\t        },\n\t        {\n\t            \"@type\": \"ImageObject\",\n\t            \"inLanguage\": \"cs\",\n\t            \"@id\": \"https:\/\/www.vita.sk\/balik-ppc-specialista\/#primaryimage\",\n\t            \"url\": \"https:\/\/www.vita.sk\/wp-content\/uploads\/2022\/05\/online-kurz-Marketingove-Nastroje.png\",\n\t            \"contentUrl\": \"https:\/\/www.vita.sk\/wp-content\/uploads\/2022\/05\/online-kurz-Marketingove-Nastroje.png\",\n\t            \"width\": 360,\n\t            \"height\": 360\n\t        },\n\t        {\n\t            \"@type\": \"BreadcrumbList\",\n\t            \"@id\": \"https:\/\/www.vita.sk\/balik-ppc-specialista\/#breadcrumb\",\n\t            \"itemListElement\": [\n\t                {\n\t                    \"@type\": \"ListItem\",\n\t                    \"position\": 1,\n\t                    \"name\": \"VITA Academy\",\n\t                    \"item\": \"https:\/\/www.vita.sk\/cs\/\"\n\t                },\n\t                {\n\t                    \"@type\": \"ListItem\",\n\t                    \"position\": 2,\n\t                    \"name\": \"Shop\",\n\t                    \"item\": \"https:\/\/www.vita.sk\/shop\/\"\n\t                },\n\t                {\n\t                    \"@type\": \"ListItem\",\n\t                    \"position\": 3,\n\t                    \"name\": \"Online \u0160kolenia \u00darad Pr\u00e1ce\",\n\t                    \"item\": \"https:\/\/www.vita.sk\/online-kurzy-urad-prace-zrucnosti-pre-trh-prace\/\"\n\t                },\n\t                {\n\t                    \"@type\": \"ListItem\",\n\t                    \"position\": 4,\n\t                    \"name\": \"Bal\u00edk PPC \u0160pecialista\"\n\t                }\n\t            ]\n\t        },\n\t        {\n\t            \"@type\": \"WebSite\",\n\t            \"@id\": \"https:\/\/www.vita.sk\/#website\",\n\t            \"url\": \"https:\/\/www.vita.sk\/\",\n\t            \"name\": \"VITA\",\n\t            \"description\": \"\",\n\t            \"publisher\": {\n\t                \"@id\": \"https:\/\/www.vita.sk\/#organization\"\n\t            },\n\t            \"potentialAction\": [\n\t                {\n\t                    \"@type\": \"SearchAction\",\n\t                    \"target\": {\n\t                        \"@type\": \"EntryPoint\",\n\t                        \"urlTemplate\": \"https:\/\/www.vita.sk\/?s={search_term_string}\"\n\t                    },\n\t                    \"query-input\": {\n\t                        \"@type\": \"PropertyValueSpecification\",\n\t                        \"valueRequired\": true,\n\t                        \"valueName\": \"search_term_string\"\n\t                    }\n\t                }\n\t            ],\n\t            \"inLanguage\": \"cs\"\n\t        },\n\t        {\n\t            \"email\": \"admin@vita.sk\",\n\t            \"logo\": \"https:\/\/www.vita.sk\/img\/vita_logo.png \",\n\t            \"address\": {\n\t                \"type\": \"PostalAddress\",\n\t                \"streetAddress\": \"Tom\u00e1\u0161ikova 50\/A\",\n\t                \"addressLocality\": \"Bratislava\",\n\t                \"postalCode\": \"83104\",\n\t                \"addressCountry\": {\n\t                    \"name\": \"SK\",\n\t                    \"type\": \"Country\"\n\t                }\n\t            },\n\t            \"contactPoint\": {\n\t                \"type\": \"ContactPoint\",\n\t                \"telephone\": \"+421 907 375\u00a0543\",\n\t                \"Email\": \"admin@vita.sk\",\n\t                \"contactType\": \"customer service\"\n\t            },\n\t            \"sameAs\": [\n\t                \"https:\/\/www.facebook.com\/VitaAcademySK\/\",\n\t                \"https:\/\/www.linkedin.com\/company\/vita-academy\/\"\n\t            ]\n\t        }\n\t    ]\n\t}<\/script>\n<!-- \/ Yoast SEO Premium plugin. -->","yoast_head_json":{"title":"Bal\u00edk PPC \u0160pecialista 2026 | VITA","robots":{"index":"index","follow":"follow","max-snippet":"max-snippet:-1","max-image-preview":"max-image-preview:large","max-video-preview":"max-video-preview:-1"},"canonical":"https:\/\/www.vita.sk\/balik-ppc-specialista\/","og_locale":"cs_CZ","og_type":"article","og_title":"Bal\u00edk PPC \u0160pecialista","og_description":"Bal\u00edk PPC \u0160pecialista je pre v\u00e1s ide\u00e1lny, ak ste bud\u00faci alebo aktu\u00e1lni mana\u017e\u00e9ri \u010di zamestnanci marketingov\u00fdch oddelen\u00ed, ktor\u00ed sa zauj\u00edmaj\u00fa o pochopenie a pou\u017e\u00edvanie PPC reklamy pre podniky alebo klientov. Ide o Bal\u00edk online akreditovan\u00fdch kurzov ur\u010den\u00fd na Preplatenie \u00daradom pr\u00e1ce\u00a0(Projekt Zru\u010dnosti pre trh pr\u00e1ce). Online kurzy sa venuj\u00fa najnov\u0161\u00edm trendom a praktick\u00fdm pr\u00edkladom v [&hellip;]","og_url":"https:\/\/www.vita.sk\/balik-ppc-specialista\/","og_site_name":"VITA","article_publisher":"https:\/\/www.facebook.com\/VitaAcademySK","article_modified_time":"2025-11-07T13:04:04+00:00","og_image":[{"width":360,"height":360,"url":"https:\/\/www.vita.sk\/wp-content\/uploads\/2022\/05\/online-kurz-Marketingove-Nastroje.png","type":"image\/png"}],"twitter_card":"summary_large_image","twitter_misc":{"Odhadovan\u00e1 doba \u010dten\u00ed":"2 minuty"},"schema":{"@context":"https:\/\/schema.org","@graph":[{"@type":"WebPage","@id":"https:\/\/www.vita.sk\/balik-ppc-specialista\/","url":"https:\/\/www.vita.sk\/balik-ppc-specialista\/","name":"Bal\u00edk PPC \u0160pecialista {Y} | VITA","isPartOf":{"@id":"https:\/\/www.vita.sk\/#website"},"primaryImageOfPage":{"@id":"https:\/\/www.vita.sk\/balik-ppc-specialista\/#primaryimage"},"image":{"@id":"https:\/\/www.vita.sk\/balik-ppc-specialista\/#primaryimage"},"thumbnailUrl":"https:\/\/www.vita.sk\/wp-content\/uploads\/2022\/05\/online-kurz-Marketingove-Nastroje.png","datePublished":"2024-04-05T10:08:02+00:00","dateModified":"2025-11-07T13:04:04+00:00","breadcrumb":{"@id":"https:\/\/www.vita.sk\/balik-ppc-specialista\/#breadcrumb"},"inLanguage":"cs","potentialAction":[{"@type":"ReadAction","target":["https:\/\/www.vita.sk\/balik-ppc-specialista\/"]}]},{"@type":"ImageObject","inLanguage":"cs","@id":"https:\/\/www.vita.sk\/balik-ppc-specialista\/#primaryimage","url":"https:\/\/www.vita.sk\/wp-content\/uploads\/2022\/05\/online-kurz-Marketingove-Nastroje.png","contentUrl":"https:\/\/www.vita.sk\/wp-content\/uploads\/2022\/05\/online-kurz-Marketingove-Nastroje.png","width":360,"height":360},{"@type":"BreadcrumbList","@id":"https:\/\/www.vita.sk\/balik-ppc-specialista\/#breadcrumb","itemListElement":[{"@type":"ListItem","position":1,"name":"VITA Academy","item":"https:\/\/www.vita.sk\/cs\/"},{"@type":"ListItem","position":2,"name":"Shop","item":"https:\/\/www.vita.sk\/shop\/"},{"@type":"ListItem","position":3,"name":"Online \u0160kolenia \u00darad Pr\u00e1ce","item":"https:\/\/www.vita.sk\/online-kurzy-urad-prace-zrucnosti-pre-trh-prace\/"},{"@type":"ListItem","position":4,"name":"Bal\u00edk PPC \u0160pecialista"}]},{"@type":"WebSite","@id":"https:\/\/www.vita.sk\/#website","url":"https:\/\/www.vita.sk\/","name":"VITA","description":"","publisher":{"@id":"https:\/\/www.vita.sk\/#organization"},"potentialAction":[{"@type":"SearchAction","target":{"@type":"EntryPoint","urlTemplate":"https:\/\/www.vita.sk\/?s={search_term_string}"},"query-input":{"@type":"PropertyValueSpecification","valueRequired":true,"valueName":"search_term_string"}}],"inLanguage":"cs"},{"email":"admin@vita.sk","logo":"https:\/\/www.vita.sk\/img\/vita_logo.png ","address":{"type":"PostalAddress","streetAddress":"Tom\u00e1\u0161ikova 50\/A","addressLocality":"Bratislava","postalCode":"83104","addressCountry":{"name":"SK","type":"Country"}},"contactPoint":{"type":"ContactPoint","telephone":"+421 907 375\u00a0543","Email":"admin@vita.sk","contactType":"customer service"},"sameAs":["https:\/\/www.facebook.com\/VitaAcademySK\/","https:\/\/www.linkedin.com\/company\/vita-academy\/"]}]}},"acf":[],"_links":{"self":[{"href":"https:\/\/www.vita.sk\/cs\/wp-json\/wp\/v2\/product\/19399","targetHints":{"allow":["GET"]}}],"collection":[{"href":"https:\/\/www.vita.sk\/cs\/wp-json\/wp\/v2\/product"}],"about":[{"href":"https:\/\/www.vita.sk\/cs\/wp-json\/wp\/v2\/types\/product"}],"author":[{"embeddable":true,"href":"https:\/\/www.vita.sk\/cs\/wp-json\/wp\/v2\/users\/4"}],"replies":[{"embeddable":true,"href":"https:\/\/www.vita.sk\/cs\/wp-json\/wp\/v2\/comments?post=19399"}],"wp:featuredmedia":[{"embeddable":true,"href":"https:\/\/www.vita.sk\/cs\/wp-json\/wp\/v2\/media\/9882"}],"wp:attachment":[{"href":"https:\/\/www.vita.sk\/cs\/wp-json\/wp\/v2\/media?parent=19399"}],"wp:term":[{"taxonomy":"product_brand","embeddable":true,"href":"https:\/\/www.vita.sk\/cs\/wp-json\/wp\/v2\/product_brand?post=19399"},{"taxonomy":"product_cat","embeddable":true,"href":"https:\/\/www.vita.sk\/cs\/wp-json\/wp\/v2\/product_cat?post=19399"},{"taxonomy":"product_tag","embeddable":true,"href":"https:\/\/www.vita.sk\/cs\/wp-json\/wp\/v2\/product_tag?post=19399"}],"curies":[{"name":"wp","href":"https:\/\/api.w.org\/{rel}","templated":true}]}}