{"id":19405,"date":"2024-04-05T13:52:41","date_gmt":"2024-04-05T11:52:41","guid":{"rendered":"https:\/\/www.vita.sk\/?post_type=product&#038;p=19405"},"modified":"2025-11-07T14:14:38","modified_gmt":"2025-11-07T13:14:38","slug":"balik-windows-administrator","status":"publish","type":"product","link":"https:\/\/www.vita.sk\/cs\/balik-windows-administrator\/","title":{"rendered":"Bal\u00edk Windows Administr\u00e1tor"},"content":{"rendered":"<p>Bal\u00edk Windows Administr\u00e1tor je pre v\u00e1s ide\u00e1lny, ak sa chcete perfektne orientova\u0165 v najpou\u017e\u00edvanej\u0161om opera\u010dnom syst\u00e9me. Ide o\u00a0<strong>Bal\u00edk online akreditovan\u00fdch kurzov ur\u010den\u00fd na Preplatenie \u00daradom pr\u00e1ce<\/strong>\u00a0(<strong>Projekt Zru\u010dnosti pre trh pr\u00e1ce<\/strong>). Ako bud\u00faci alebo aktu\u00e1lni Windows Administr\u00e1tor sa nau\u010d\u00edte nakonfigurova\u0165 si opera\u010dn\u00fd syst\u00e9m Microsoft Windows pod\u013ea vlastn\u00fdch preferenci\u00ed.\u00a0 Nau\u010d\u00edte sa rozde\u013eova\u0165 disky, rie\u0161i\u0165 probl\u00e9my s grafickou kartou a zvl\u00e1dnete aj konfigur\u00e1ciu sie\u0165ov\u00fdch pripojen\u00ed. Osvoj\u00edte si pr\u00e1cu v prostred\u00ed Windows a n\u00e1strojmi ako s\u00fa AWK, Docker a Jenkins. Uk\u00e1\u017eeme si ako efekt\u00edvne pou\u017e\u00edva\u0165 kl\u00e1vesov\u00e9 skratky pri pr\u00e1ci. Povieme si \u010do je termin\u00e1l, CLI a Shell v prostred\u00ed Microsoft Windows. Budete ovl\u00e1da\u0165 sie\u0165ov\u00e9 protokoly ako ICMP, DNS, DHCP, orientova\u0165 vo Windows Store. Online kurzy v\u00e1m pom\u00f4\u017eu, ak ste sa rozhodli nasadi\u0165 Windowsov\u00fa distrib\u00faciu na svoj server. Pozrieme na anal\u00fdzu existuj\u00facej siete, spr\u00e1vu registrov a serverov. Osvoj\u00edte si princ\u00edpy cloud computingu, ako s\u00fa virtualiz\u00e1cia, elastickos\u0165, \u0161k\u00e1lovate\u013enos\u0165 a zdie\u013eanie zdrojov. Budete vedie\u0165 pracova\u0165 sa s r\u00f4znymi n\u00e1strojmi a technol\u00f3giami pou\u017e\u00edvan\u00fdmi na spr\u00e1vu, v\u00fdvoj a nasadenie aplik\u00e1ci\u00ed v cloude. <strong>\u00darad pr\u00e1ce v\u00e1m preplat\u00ed cel\u00fd bal\u00edk online kurzov.<\/strong><\/p>\n","protected":false},"excerpt":{"rendered":"<p>Bal\u00edk Windows Administr\u00e1tor je pre v\u00e1s ide\u00e1lny, ak sa chcete perfektne orientova\u0165 v najpou\u017e\u00edvanej\u0161om opera\u010dnom syst\u00e9me. Ide o\u00a0Bal\u00edk online akreditovan\u00fdch kurzov ur\u010den\u00fd na Preplatenie \u00daradom pr\u00e1ce\u00a0(Projekt Zru\u010dnosti pre trh pr\u00e1ce). Ako bud\u00faci alebo aktu\u00e1lni Windows Administr\u00e1tor sa nau\u010d\u00edte nakonfigurova\u0165 si opera\u010dn\u00fd syst\u00e9m Microsoft Windows pod\u013ea vlastn\u00fdch preferenci\u00ed.","protected":false},"author":4,"featured_media":387,"comment_status":"open","ping_status":"closed","template":"","meta":{"_acf_changed":false},"product_brand":[],"product_cat":[615],"product_tag":[197,186,196],"class_list":{"0":"post-19405","1":"product","2":"type-product","3":"status-publish","4":"has-post-thumbnail","6":"product_cat-online-kurzy-urad-prace-zrucnosti-pre-trh-prace","7":"product_tag-baliky-kurzov-a-predplatne","8":"product_tag-administracia-it","9":"product_tag-operacne-systemy","11":"first","12":"instock","13":"sold-individually","14":"taxable","15":"shipping-taxable","16":"purchasable","17":"product-type-simple"},"yoast_head":"<!-- This site is optimized with the Yoast SEO Premium plugin v25.0 (Yoast SEO v25.0) - https:\/\/yoast.com\/wordpress\/plugins\/seo\/ -->\n<title>Bal\u00edk Windows Administr\u00e1tor 2026 | VITA<\/title>\n<meta name=\"robots\" content=\"index, follow, max-snippet:-1, max-image-preview:large, max-video-preview:-1\" \/>\n<link rel=\"canonical\" href=\"https:\/\/www.vita.sk\/balik-windows-administrator\/\" \/>\n<meta property=\"og:locale\" content=\"cs_CZ\" \/>\n<meta property=\"og:type\" content=\"article\" \/>\n<meta property=\"og:title\" content=\"Bal\u00edk Windows Administr\u00e1tor\" \/>\n<meta property=\"og:description\" content=\"Bal\u00edk Windows Administr\u00e1tor je pre v\u00e1s ide\u00e1lny, ak sa chcete perfektne orientova\u0165 v najpou\u017e\u00edvanej\u0161om opera\u010dnom syst\u00e9me. Ide o\u00a0Bal\u00edk online akreditovan\u00fdch kurzov ur\u010den\u00fd na Preplatenie \u00daradom pr\u00e1ce\u00a0(Projekt Zru\u010dnosti pre trh pr\u00e1ce). Ako bud\u00faci alebo aktu\u00e1lni Windows Administr\u00e1tor sa nau\u010d\u00edte nakonfigurova\u0165 si opera\u010dn\u00fd syst\u00e9m Microsoft Windows pod\u013ea vlastn\u00fdch preferenci\u00ed.\u00a0 Nau\u010d\u00edte sa rozde\u013eova\u0165 disky, rie\u0161i\u0165 probl\u00e9my s grafickou [&hellip;]\" \/>\n<meta property=\"og:url\" content=\"https:\/\/www.vita.sk\/balik-windows-administrator\/\" \/>\n<meta property=\"og:site_name\" content=\"VITA\" \/>\n<meta property=\"article:publisher\" content=\"https:\/\/www.facebook.com\/VitaAcademySK\" \/>\n<meta property=\"article:modified_time\" content=\"2025-11-07T13:14:38+00:00\" \/>\n<meta property=\"og:image\" content=\"https:\/\/www.vita.sk\/wp-content\/uploads\/2018\/09\/Windows.png\" \/>\n\t<meta property=\"og:image:width\" content=\"360\" \/>\n\t<meta property=\"og:image:height\" content=\"360\" \/>\n\t<meta property=\"og:image:type\" content=\"image\/png\" \/>\n<meta name=\"twitter:card\" content=\"summary_large_image\" \/>\n<meta name=\"twitter:label1\" content=\"Odhadovan\u00e1 doba \u010dten\u00ed\" \/>\n\t<meta name=\"twitter:data1\" content=\"2 minuty\" \/>\n<script type=\"application\/ld+json\" class=\"yoast-schema-graph\">{\n\t    \"@context\": \"https:\/\/schema.org\",\n\t    \"@graph\": [\n\t        {\n\t            \"@type\": \"WebPage\",\n\t            \"@id\": \"https:\/\/www.vita.sk\/balik-windows-administrator\/\",\n\t            \"url\": \"https:\/\/www.vita.sk\/balik-windows-administrator\/\",\n\t            \"name\": \"Bal\u00edk Windows Administr\u00e1tor {Y} | VITA\",\n\t            \"isPartOf\": {\n\t                \"@id\": \"https:\/\/www.vita.sk\/#website\"\n\t            },\n\t            \"primaryImageOfPage\": {\n\t                \"@id\": \"https:\/\/www.vita.sk\/balik-windows-administrator\/#primaryimage\"\n\t            },\n\t            \"image\": {\n\t                \"@id\": \"https:\/\/www.vita.sk\/balik-windows-administrator\/#primaryimage\"\n\t            },\n\t            \"thumbnailUrl\": \"https:\/\/www.vita.sk\/wp-content\/uploads\/2018\/09\/Windows.png\",\n\t            \"datePublished\": \"2024-04-05T11:52:41+00:00\",\n\t            \"dateModified\": \"2025-11-07T13:14:38+00:00\",\n\t            \"breadcrumb\": {\n\t                \"@id\": \"https:\/\/www.vita.sk\/balik-windows-administrator\/#breadcrumb\"\n\t            },\n\t            \"inLanguage\": \"cs\",\n\t            \"potentialAction\": [\n\t                {\n\t                    \"@type\": \"ReadAction\",\n\t                    \"target\": [\n\t                        \"https:\/\/www.vita.sk\/balik-windows-administrator\/\"\n\t                    ]\n\t                }\n\t            ]\n\t        },\n\t        {\n\t            \"@type\": \"ImageObject\",\n\t            \"inLanguage\": \"cs\",\n\t            \"@id\": \"https:\/\/www.vita.sk\/balik-windows-administrator\/#primaryimage\",\n\t            \"url\": \"https:\/\/www.vita.sk\/wp-content\/uploads\/2018\/09\/Windows.png\",\n\t            \"contentUrl\": \"https:\/\/www.vita.sk\/wp-content\/uploads\/2018\/09\/Windows.png\",\n\t            \"width\": 360,\n\t            \"height\": 360,\n\t            \"caption\": \"Online kurz Windows\"\n\t        },\n\t        {\n\t            \"@type\": \"BreadcrumbList\",\n\t            \"@id\": \"https:\/\/www.vita.sk\/balik-windows-administrator\/#breadcrumb\",\n\t            \"itemListElement\": [\n\t                {\n\t                    \"@type\": \"ListItem\",\n\t                    \"position\": 1,\n\t                    \"name\": \"VITA Academy\",\n\t                    \"item\": \"https:\/\/www.vita.sk\/cs\/\"\n\t                },\n\t                {\n\t                    \"@type\": \"ListItem\",\n\t                    \"position\": 2,\n\t                    \"name\": \"Shop\",\n\t                    \"item\": \"https:\/\/www.vita.sk\/shop\/\"\n\t                },\n\t                {\n\t                    \"@type\": \"ListItem\",\n\t                    \"position\": 3,\n\t                    \"name\": \"Online \u0160kolenia \u00darad Pr\u00e1ce\",\n\t                    \"item\": \"https:\/\/www.vita.sk\/online-kurzy-urad-prace-zrucnosti-pre-trh-prace\/\"\n\t                },\n\t                {\n\t                    \"@type\": \"ListItem\",\n\t                    \"position\": 4,\n\t                    \"name\": \"Bal\u00edk Windows Administr\u00e1tor\"\n\t                }\n\t            ]\n\t        },\n\t        {\n\t            \"@type\": \"WebSite\",\n\t            \"@id\": \"https:\/\/www.vita.sk\/#website\",\n\t            \"url\": \"https:\/\/www.vita.sk\/\",\n\t            \"name\": \"VITA\",\n\t            \"description\": \"\",\n\t            \"publisher\": {\n\t                \"@id\": \"https:\/\/www.vita.sk\/#organization\"\n\t            },\n\t            \"potentialAction\": [\n\t                {\n\t                    \"@type\": \"SearchAction\",\n\t                    \"target\": {\n\t                        \"@type\": \"EntryPoint\",\n\t                        \"urlTemplate\": \"https:\/\/www.vita.sk\/?s={search_term_string}\"\n\t                    },\n\t                    \"query-input\": {\n\t                        \"@type\": \"PropertyValueSpecification\",\n\t                        \"valueRequired\": true,\n\t                        \"valueName\": \"search_term_string\"\n\t                    }\n\t                }\n\t            ],\n\t            \"inLanguage\": \"cs\"\n\t        },\n\t        {\n\t            \"email\": \"admin@vita.sk\",\n\t            \"logo\": \"https:\/\/www.vita.sk\/img\/vita_logo.png \",\n\t            \"address\": {\n\t                \"type\": \"PostalAddress\",\n\t                \"streetAddress\": \"Tom\u00e1\u0161ikova 50\/A\",\n\t                \"addressLocality\": \"Bratislava\",\n\t                \"postalCode\": \"83104\",\n\t                \"addressCountry\": {\n\t                    \"name\": \"SK\",\n\t                    \"type\": \"Country\"\n\t                }\n\t            },\n\t            \"contactPoint\": {\n\t                \"type\": \"ContactPoint\",\n\t                \"telephone\": \"+421 907 375\u00a0543\",\n\t                \"Email\": \"admin@vita.sk\",\n\t                \"contactType\": \"customer service\"\n\t            },\n\t            \"sameAs\": [\n\t                \"https:\/\/www.facebook.com\/VitaAcademySK\/\",\n\t                \"https:\/\/www.linkedin.com\/company\/vita-academy\/\"\n\t            ]\n\t        }\n\t    ]\n\t}<\/script>\n<!-- \/ Yoast SEO Premium plugin. -->","yoast_head_json":{"title":"Bal\u00edk Windows Administr\u00e1tor 2026 | VITA","robots":{"index":"index","follow":"follow","max-snippet":"max-snippet:-1","max-image-preview":"max-image-preview:large","max-video-preview":"max-video-preview:-1"},"canonical":"https:\/\/www.vita.sk\/balik-windows-administrator\/","og_locale":"cs_CZ","og_type":"article","og_title":"Bal\u00edk Windows Administr\u00e1tor","og_description":"Bal\u00edk Windows Administr\u00e1tor je pre v\u00e1s ide\u00e1lny, ak sa chcete perfektne orientova\u0165 v najpou\u017e\u00edvanej\u0161om opera\u010dnom syst\u00e9me. Ide o\u00a0Bal\u00edk online akreditovan\u00fdch kurzov ur\u010den\u00fd na Preplatenie \u00daradom pr\u00e1ce\u00a0(Projekt Zru\u010dnosti pre trh pr\u00e1ce). Ako bud\u00faci alebo aktu\u00e1lni Windows Administr\u00e1tor sa nau\u010d\u00edte nakonfigurova\u0165 si opera\u010dn\u00fd syst\u00e9m Microsoft Windows pod\u013ea vlastn\u00fdch preferenci\u00ed.\u00a0 Nau\u010d\u00edte sa rozde\u013eova\u0165 disky, rie\u0161i\u0165 probl\u00e9my s grafickou [&hellip;]","og_url":"https:\/\/www.vita.sk\/balik-windows-administrator\/","og_site_name":"VITA","article_publisher":"https:\/\/www.facebook.com\/VitaAcademySK","article_modified_time":"2025-11-07T13:14:38+00:00","og_image":[{"width":360,"height":360,"url":"https:\/\/www.vita.sk\/wp-content\/uploads\/2018\/09\/Windows.png","type":"image\/png"}],"twitter_card":"summary_large_image","twitter_misc":{"Odhadovan\u00e1 doba \u010dten\u00ed":"2 minuty"},"schema":{"@context":"https:\/\/schema.org","@graph":[{"@type":"WebPage","@id":"https:\/\/www.vita.sk\/balik-windows-administrator\/","url":"https:\/\/www.vita.sk\/balik-windows-administrator\/","name":"Bal\u00edk Windows Administr\u00e1tor {Y} | VITA","isPartOf":{"@id":"https:\/\/www.vita.sk\/#website"},"primaryImageOfPage":{"@id":"https:\/\/www.vita.sk\/balik-windows-administrator\/#primaryimage"},"image":{"@id":"https:\/\/www.vita.sk\/balik-windows-administrator\/#primaryimage"},"thumbnailUrl":"https:\/\/www.vita.sk\/wp-content\/uploads\/2018\/09\/Windows.png","datePublished":"2024-04-05T11:52:41+00:00","dateModified":"2025-11-07T13:14:38+00:00","breadcrumb":{"@id":"https:\/\/www.vita.sk\/balik-windows-administrator\/#breadcrumb"},"inLanguage":"cs","potentialAction":[{"@type":"ReadAction","target":["https:\/\/www.vita.sk\/balik-windows-administrator\/"]}]},{"@type":"ImageObject","inLanguage":"cs","@id":"https:\/\/www.vita.sk\/balik-windows-administrator\/#primaryimage","url":"https:\/\/www.vita.sk\/wp-content\/uploads\/2018\/09\/Windows.png","contentUrl":"https:\/\/www.vita.sk\/wp-content\/uploads\/2018\/09\/Windows.png","width":360,"height":360,"caption":"Online kurz Windows"},{"@type":"BreadcrumbList","@id":"https:\/\/www.vita.sk\/balik-windows-administrator\/#breadcrumb","itemListElement":[{"@type":"ListItem","position":1,"name":"VITA Academy","item":"https:\/\/www.vita.sk\/cs\/"},{"@type":"ListItem","position":2,"name":"Shop","item":"https:\/\/www.vita.sk\/shop\/"},{"@type":"ListItem","position":3,"name":"Online \u0160kolenia \u00darad Pr\u00e1ce","item":"https:\/\/www.vita.sk\/online-kurzy-urad-prace-zrucnosti-pre-trh-prace\/"},{"@type":"ListItem","position":4,"name":"Bal\u00edk Windows Administr\u00e1tor"}]},{"@type":"WebSite","@id":"https:\/\/www.vita.sk\/#website","url":"https:\/\/www.vita.sk\/","name":"VITA","description":"","publisher":{"@id":"https:\/\/www.vita.sk\/#organization"},"potentialAction":[{"@type":"SearchAction","target":{"@type":"EntryPoint","urlTemplate":"https:\/\/www.vita.sk\/?s={search_term_string}"},"query-input":{"@type":"PropertyValueSpecification","valueRequired":true,"valueName":"search_term_string"}}],"inLanguage":"cs"},{"email":"admin@vita.sk","logo":"https:\/\/www.vita.sk\/img\/vita_logo.png ","address":{"type":"PostalAddress","streetAddress":"Tom\u00e1\u0161ikova 50\/A","addressLocality":"Bratislava","postalCode":"83104","addressCountry":{"name":"SK","type":"Country"}},"contactPoint":{"type":"ContactPoint","telephone":"+421 907 375\u00a0543","Email":"admin@vita.sk","contactType":"customer service"},"sameAs":["https:\/\/www.facebook.com\/VitaAcademySK\/","https:\/\/www.linkedin.com\/company\/vita-academy\/"]}]}},"acf":[],"_links":{"self":[{"href":"https:\/\/www.vita.sk\/cs\/wp-json\/wp\/v2\/product\/19405","targetHints":{"allow":["GET"]}}],"collection":[{"href":"https:\/\/www.vita.sk\/cs\/wp-json\/wp\/v2\/product"}],"about":[{"href":"https:\/\/www.vita.sk\/cs\/wp-json\/wp\/v2\/types\/product"}],"author":[{"embeddable":true,"href":"https:\/\/www.vita.sk\/cs\/wp-json\/wp\/v2\/users\/4"}],"replies":[{"embeddable":true,"href":"https:\/\/www.vita.sk\/cs\/wp-json\/wp\/v2\/comments?post=19405"}],"wp:featuredmedia":[{"embeddable":true,"href":"https:\/\/www.vita.sk\/cs\/wp-json\/wp\/v2\/media\/387"}],"wp:attachment":[{"href":"https:\/\/www.vita.sk\/cs\/wp-json\/wp\/v2\/media?parent=19405"}],"wp:term":[{"taxonomy":"product_brand","embeddable":true,"href":"https:\/\/www.vita.sk\/cs\/wp-json\/wp\/v2\/product_brand?post=19405"},{"taxonomy":"product_cat","embeddable":true,"href":"https:\/\/www.vita.sk\/cs\/wp-json\/wp\/v2\/product_cat?post=19405"},{"taxonomy":"product_tag","embeddable":true,"href":"https:\/\/www.vita.sk\/cs\/wp-json\/wp\/v2\/product_tag?post=19405"}],"curies":[{"name":"wp","href":"https:\/\/api.w.org\/{rel}","templated":true}]}}