{"id":19824,"date":"2024-04-26T10:00:29","date_gmt":"2024-04-26T08:00:29","guid":{"rendered":"https:\/\/www.vita.sk\/?post_type=product&#038;p=19824"},"modified":"2025-07-31T14:16:35","modified_gmt":"2025-07-31T12:16:35","slug":"program-mpa-verejna-sprava-a-samosprava-miest-a-obci","status":"publish","type":"product","link":"https:\/\/www.vita.sk\/cs\/program-mpa-verejna-sprava-a-samosprava-miest-a-obci\/","title":{"rendered":"Program MPA Verejn\u00e1 Spr\u00e1va a Samospr\u00e1va Miest a Obc\u00ed"},"content":{"rendered":"<p>Program MPA Verejn\u00e1 Spr\u00e1va a Samospr\u00e1va Miest a Obc\u00ed je pre v\u00e1s ide\u00e1lny, ak sa chcete nau\u010di\u0165 pou\u017e\u00edva\u0165 n\u00e1stroje a techniky, ktor\u00e9 v\u00e1m pom\u00f4\u017eu spravova\u0165 verejn\u00e9 z\u00e1le\u017eitosti a ovl\u00e1da\u0165 pr\u00e1vne normy v oblasti spr\u00e1vneho poriadku a kontrolnej \u010dinnosti org\u00e1nov.\u00a0Ide o <b>vzdel\u00e1vac\u00ed program na z\u00edskanie profesijn\u00e9ho titulu MPA (Master of Public Administration).\u00a0<\/b>Program MPA je zameran\u00fd na zru\u010dnosti potrebn\u00e9 pre efekt\u00edvne riadenie verejn\u00fdch organiz\u00e1ci\u00ed a polit\u00edk, finan\u010dnom riaden\u00ed, strategickom pl\u00e1novan\u00ed, spr\u00e1ve zdrojov a komunik\u00e1cii. Pom\u00f4\u017ee vo va\u0161ej kari\u00e9re na popredn\u00e9 IT a mana\u017e\u00e9rske poz\u00edcie a budova\u0165 va\u0161u kari\u00e9ru. Program sme vytvorili na mieru, aby ste sa vedeli \u010do najsk\u00f4r uplatni\u0165 na trhu pr\u00e1ce a rekvalifikova\u0165 na nov\u00e9 pracovn\u00e9 poz\u00edcie v IT. Rovnako je vhodn\u00fd, ak chcete za\u010da\u0165 podnika\u0165. Ako absolvent\u00a0<strong>z\u00edskate diplom s profesijn\u00fdm titulom MPA,\u00a0<\/strong><strong>akreditovan\u00e9 osved\u010denie<\/strong>\u00a0a\u00a0<strong>odpor\u00fa\u010danie pre potenci\u00e1lnych zamestn\u00e1vate\u013eov.<\/strong>\u00a0Z\u00e1rove\u0148 kontaktujeme vybran\u00e9 spolo\u010dnosti (cca 28 top spolo\u010dnost\u00ed) oh\u013eadom v\u00e1\u0161ho \u00faspe\u0161n\u00e9ho absolvovania vzdel\u00e1vacieho programu.\u00a0<strong>\u0160t\u00fadium vzdel\u00e1vacieho programu Verejn\u00e1 Spr\u00e1va a Samospr\u00e1va Miest a Obc\u00ed trv\u00e1 pol roka a\u017e 1 rok.<\/strong> R\u00fdchlos\u0165 u\u010denia a absolvovanie vytvoren\u00fdch online kurzov je na v\u00e1s. Celkov\u00fd \u010das vzdel\u00e1vania je maxim\u00e1lne 1 rok (12 mesiacov). Ako absolvent z\u00e1rove\u0148 nap\u00ed\u0161ete z\u00e1vere\u010dn\u00fa pr\u00e1cu k oblasti a t\u00e9me, ktorej sa chcete profesijne venova\u0165. Ak sa chcete zamestna\u0165 vo Verejnej Spr\u00e1ve alebo Samospr\u00e1ve Miest a Obc\u00ed, tak tento vzdel\u00e1vac\u00ed program je pre v\u00e1s tou spr\u00e1vnou vo\u013ebou.<\/p>\n","protected":false},"excerpt":{"rendered":"<p>Program MPA Verejn\u00e1 Spr\u00e1va a Samospr\u00e1va Miest a Obc\u00ed je pre v\u00e1s ide\u00e1lny, ak sa chcete nau\u010di\u0165 pou\u017e\u00edva\u0165 n\u00e1stroje a techniky, ktor\u00e9 v\u00e1m pom\u00f4\u017eu spravova\u0165 verejn\u00e9 z\u00e1le\u017eitosti a ovl\u00e1da\u0165 pr\u00e1vne normy v oblasti spr\u00e1vneho poriadku a kontrolnej \u010dinnosti org\u00e1nov. \u00a0Ide o vzdel\u00e1vac\u00ed program na z\u00edskanie profesijn\u00e9ho titulu MPA (Master of Public Administration).","protected":false},"author":4,"featured_media":24106,"comment_status":"closed","ping_status":"closed","template":"","meta":{"_acf_changed":false},"product_brand":[],"product_cat":[632],"product_tag":[191,197,665],"class_list":{"0":"post-19824","1":"product","2":"type-product","3":"status-publish","4":"has-post-thumbnail","6":"product_cat-online-kurzy-pracovne-pozicie-mba-dba-mpa-msc","7":"product_tag-manazerske-kurzy","8":"product_tag-baliky-kurzov-a-predplatne","9":"product_tag-mpa","11":"first","12":"instock","13":"sale","14":"sold-individually","15":"taxable","16":"shipping-taxable","17":"purchasable","18":"product-type-simple"},"yoast_head":"<!-- This site is optimized with the Yoast SEO Premium plugin v25.0 (Yoast SEO v25.0) - https:\/\/yoast.com\/wordpress\/plugins\/seo\/ -->\n<title>Program MPA Verejn\u00e1 Spr\u00e1va a Samospr\u00e1va Miest a Obc\u00ed 2026 | VITA<\/title>\n<meta name=\"robots\" content=\"index, follow, max-snippet:-1, max-image-preview:large, max-video-preview:-1\" \/>\n<link rel=\"canonical\" href=\"https:\/\/www.vita.sk\/program-mpa-verejna-sprava-a-samosprava-miest-a-obci\/\" \/>\n<meta property=\"og:locale\" content=\"cs_CZ\" \/>\n<meta property=\"og:type\" content=\"article\" \/>\n<meta property=\"og:title\" content=\"Program MPA Verejn\u00e1 Spr\u00e1va a Samospr\u00e1va Miest a Obc\u00ed\" \/>\n<meta property=\"og:description\" content=\"Program MPA Verejn\u00e1 Spr\u00e1va a Samospr\u00e1va Miest a Obc\u00ed je pre v\u00e1s ide\u00e1lny, ak sa chcete nau\u010di\u0165 pou\u017e\u00edva\u0165 n\u00e1stroje a techniky, ktor\u00e9 v\u00e1m pom\u00f4\u017eu spravova\u0165 verejn\u00e9 z\u00e1le\u017eitosti a ovl\u00e1da\u0165 pr\u00e1vne normy v oblasti spr\u00e1vneho poriadku a kontrolnej \u010dinnosti org\u00e1nov.\u00a0Ide o vzdel\u00e1vac\u00ed program na z\u00edskanie profesijn\u00e9ho titulu MPA (Master of Public Administration).\u00a0Program MPA je zameran\u00fd na [&hellip;]\" \/>\n<meta property=\"og:url\" content=\"https:\/\/www.vita.sk\/program-mpa-verejna-sprava-a-samosprava-miest-a-obci\/\" \/>\n<meta property=\"og:site_name\" content=\"VITA\" \/>\n<meta property=\"article:publisher\" content=\"https:\/\/www.facebook.com\/VitaAcademySK\" \/>\n<meta property=\"article:modified_time\" content=\"2025-07-31T12:16:35+00:00\" \/>\n<meta property=\"og:image\" content=\"https:\/\/www.vita.sk\/wp-content\/uploads\/2025\/02\/mpa-verejna-sprava-a-samosprava-miest-a-obci.png\" \/>\n\t<meta property=\"og:image:width\" content=\"360\" \/>\n\t<meta property=\"og:image:height\" content=\"360\" \/>\n\t<meta property=\"og:image:type\" content=\"image\/png\" \/>\n<meta name=\"twitter:card\" content=\"summary_large_image\" \/>\n<meta name=\"twitter:label1\" content=\"Odhadovan\u00e1 doba \u010dten\u00ed\" \/>\n\t<meta name=\"twitter:data1\" content=\"2 minuty\" \/>\n<script type=\"application\/ld+json\" class=\"yoast-schema-graph\">{\n\t    \"@context\": \"https:\/\/schema.org\",\n\t    \"@graph\": [\n\t        {\n\t            \"@type\": \"WebPage\",\n\t            \"@id\": \"https:\/\/www.vita.sk\/program-mpa-verejna-sprava-a-samosprava-miest-a-obci\/\",\n\t            \"url\": \"https:\/\/www.vita.sk\/program-mpa-verejna-sprava-a-samosprava-miest-a-obci\/\",\n\t            \"name\": \"Program MPA Verejn\u00e1 Spr\u00e1va a Samospr\u00e1va Miest a Obc\u00ed {Y} | VITA\",\n\t            \"isPartOf\": {\n\t                \"@id\": \"https:\/\/www.vita.sk\/#website\"\n\t            },\n\t            \"primaryImageOfPage\": {\n\t                \"@id\": \"https:\/\/www.vita.sk\/program-mpa-verejna-sprava-a-samosprava-miest-a-obci\/#primaryimage\"\n\t            },\n\t            \"image\": {\n\t                \"@id\": \"https:\/\/www.vita.sk\/program-mpa-verejna-sprava-a-samosprava-miest-a-obci\/#primaryimage\"\n\t            },\n\t            \"thumbnailUrl\": \"https:\/\/www.vita.sk\/wp-content\/uploads\/2025\/02\/mpa-verejna-sprava-a-samosprava-miest-a-obci.png\",\n\t            \"datePublished\": \"2024-04-26T08:00:29+00:00\",\n\t            \"dateModified\": \"2025-07-31T12:16:35+00:00\",\n\t            \"breadcrumb\": {\n\t                \"@id\": \"https:\/\/www.vita.sk\/program-mpa-verejna-sprava-a-samosprava-miest-a-obci\/#breadcrumb\"\n\t            },\n\t            \"inLanguage\": \"cs\",\n\t            \"potentialAction\": [\n\t                {\n\t                    \"@type\": \"ReadAction\",\n\t                    \"target\": [\n\t                        \"https:\/\/www.vita.sk\/program-mpa-verejna-sprava-a-samosprava-miest-a-obci\/\"\n\t                    ]\n\t                }\n\t            ]\n\t        },\n\t        {\n\t            \"@type\": \"ImageObject\",\n\t            \"inLanguage\": \"cs\",\n\t            \"@id\": \"https:\/\/www.vita.sk\/program-mpa-verejna-sprava-a-samosprava-miest-a-obci\/#primaryimage\",\n\t            \"url\": \"https:\/\/www.vita.sk\/wp-content\/uploads\/2025\/02\/mpa-verejna-sprava-a-samosprava-miest-a-obci.png\",\n\t            \"contentUrl\": \"https:\/\/www.vita.sk\/wp-content\/uploads\/2025\/02\/mpa-verejna-sprava-a-samosprava-miest-a-obci.png\",\n\t            \"width\": 360,\n\t            \"height\": 360,\n\t            \"caption\": \"Program MPA Verejn\u00e1 Spr\u00e1va a Samospr\u00e1va Miest a Obc\u00ed\"\n\t        },\n\t        {\n\t            \"@type\": \"BreadcrumbList\",\n\t            \"@id\": \"https:\/\/www.vita.sk\/program-mpa-verejna-sprava-a-samosprava-miest-a-obci\/#breadcrumb\",\n\t            \"itemListElement\": [\n\t                {\n\t                    \"@type\": \"ListItem\",\n\t                    \"position\": 1,\n\t                    \"name\": \"VITA Academy\",\n\t                    \"item\": \"https:\/\/www.vita.sk\/cs\/\"\n\t                },\n\t                {\n\t                    \"@type\": \"ListItem\",\n\t                    \"position\": 2,\n\t                    \"name\": \"Shop\",\n\t                    \"item\": \"https:\/\/www.vita.sk\/shop\/\"\n\t                },\n\t                {\n\t                    \"@type\": \"ListItem\",\n\t                    \"position\": 3,\n\t                    \"name\": \"Online Profesijn\u00e9 Tituly MBA, DBA, MPA, MSc.\",\n\t                    \"item\": \"https:\/\/www.vita.sk\/online-kurzy-pracovne-pozicie-mba-dba-mpa-msc\/\"\n\t                },\n\t                {\n\t                    \"@type\": \"ListItem\",\n\t                    \"position\": 4,\n\t                    \"name\": \"Program MPA Verejn\u00e1 Spr\u00e1va a Samospr\u00e1va Miest a Obc\u00ed\"\n\t                }\n\t            ]\n\t        },\n\t        {\n\t            \"@type\": \"WebSite\",\n\t            \"@id\": \"https:\/\/www.vita.sk\/#website\",\n\t            \"url\": \"https:\/\/www.vita.sk\/\",\n\t            \"name\": \"VITA\",\n\t            \"description\": \"\",\n\t            \"publisher\": {\n\t                \"@id\": \"https:\/\/www.vita.sk\/#organization\"\n\t            },\n\t            \"potentialAction\": [\n\t                {\n\t                    \"@type\": \"SearchAction\",\n\t                    \"target\": {\n\t                        \"@type\": \"EntryPoint\",\n\t                        \"urlTemplate\": \"https:\/\/www.vita.sk\/?s={search_term_string}\"\n\t                    },\n\t                    \"query-input\": {\n\t                        \"@type\": \"PropertyValueSpecification\",\n\t                        \"valueRequired\": true,\n\t                        \"valueName\": \"search_term_string\"\n\t                    }\n\t                }\n\t            ],\n\t            \"inLanguage\": \"cs\"\n\t        },\n\t        {\n\t            \"email\": \"admin@vita.sk\",\n\t            \"logo\": \"https:\/\/www.vita.sk\/img\/vita_logo.png \",\n\t            \"address\": {\n\t                \"type\": \"PostalAddress\",\n\t                \"streetAddress\": \"Tom\u00e1\u0161ikova 50\/A\",\n\t                \"addressLocality\": \"Bratislava\",\n\t                \"postalCode\": \"83104\",\n\t                \"addressCountry\": {\n\t                    \"name\": \"SK\",\n\t                    \"type\": \"Country\"\n\t                }\n\t            },\n\t            \"contactPoint\": {\n\t                \"type\": \"ContactPoint\",\n\t                \"telephone\": \"+421 907 375\u00a0543\",\n\t                \"Email\": \"admin@vita.sk\",\n\t                \"contactType\": \"customer service\"\n\t            },\n\t            \"sameAs\": [\n\t                \"https:\/\/www.facebook.com\/VitaAcademySK\/\",\n\t                \"https:\/\/www.linkedin.com\/company\/vita-academy\/\"\n\t            ]\n\t        }\n\t    ]\n\t}<\/script>\n<!-- \/ Yoast SEO Premium plugin. -->","yoast_head_json":{"title":"Program MPA Verejn\u00e1 Spr\u00e1va a Samospr\u00e1va Miest a Obc\u00ed 2026 | VITA","robots":{"index":"index","follow":"follow","max-snippet":"max-snippet:-1","max-image-preview":"max-image-preview:large","max-video-preview":"max-video-preview:-1"},"canonical":"https:\/\/www.vita.sk\/program-mpa-verejna-sprava-a-samosprava-miest-a-obci\/","og_locale":"cs_CZ","og_type":"article","og_title":"Program MPA Verejn\u00e1 Spr\u00e1va a Samospr\u00e1va Miest a Obc\u00ed","og_description":"Program MPA Verejn\u00e1 Spr\u00e1va a Samospr\u00e1va Miest a Obc\u00ed je pre v\u00e1s ide\u00e1lny, ak sa chcete nau\u010di\u0165 pou\u017e\u00edva\u0165 n\u00e1stroje a techniky, ktor\u00e9 v\u00e1m pom\u00f4\u017eu spravova\u0165 verejn\u00e9 z\u00e1le\u017eitosti a ovl\u00e1da\u0165 pr\u00e1vne normy v oblasti spr\u00e1vneho poriadku a kontrolnej \u010dinnosti org\u00e1nov.\u00a0Ide o vzdel\u00e1vac\u00ed program na z\u00edskanie profesijn\u00e9ho titulu MPA (Master of Public Administration).\u00a0Program MPA je zameran\u00fd na [&hellip;]","og_url":"https:\/\/www.vita.sk\/program-mpa-verejna-sprava-a-samosprava-miest-a-obci\/","og_site_name":"VITA","article_publisher":"https:\/\/www.facebook.com\/VitaAcademySK","article_modified_time":"2025-07-31T12:16:35+00:00","og_image":[{"width":360,"height":360,"url":"https:\/\/www.vita.sk\/wp-content\/uploads\/2025\/02\/mpa-verejna-sprava-a-samosprava-miest-a-obci.png","type":"image\/png"}],"twitter_card":"summary_large_image","twitter_misc":{"Odhadovan\u00e1 doba \u010dten\u00ed":"2 minuty"},"schema":{"@context":"https:\/\/schema.org","@graph":[{"@type":"WebPage","@id":"https:\/\/www.vita.sk\/program-mpa-verejna-sprava-a-samosprava-miest-a-obci\/","url":"https:\/\/www.vita.sk\/program-mpa-verejna-sprava-a-samosprava-miest-a-obci\/","name":"Program MPA Verejn\u00e1 Spr\u00e1va a Samospr\u00e1va Miest a Obc\u00ed {Y} | VITA","isPartOf":{"@id":"https:\/\/www.vita.sk\/#website"},"primaryImageOfPage":{"@id":"https:\/\/www.vita.sk\/program-mpa-verejna-sprava-a-samosprava-miest-a-obci\/#primaryimage"},"image":{"@id":"https:\/\/www.vita.sk\/program-mpa-verejna-sprava-a-samosprava-miest-a-obci\/#primaryimage"},"thumbnailUrl":"https:\/\/www.vita.sk\/wp-content\/uploads\/2025\/02\/mpa-verejna-sprava-a-samosprava-miest-a-obci.png","datePublished":"2024-04-26T08:00:29+00:00","dateModified":"2025-07-31T12:16:35+00:00","breadcrumb":{"@id":"https:\/\/www.vita.sk\/program-mpa-verejna-sprava-a-samosprava-miest-a-obci\/#breadcrumb"},"inLanguage":"cs","potentialAction":[{"@type":"ReadAction","target":["https:\/\/www.vita.sk\/program-mpa-verejna-sprava-a-samosprava-miest-a-obci\/"]}]},{"@type":"ImageObject","inLanguage":"cs","@id":"https:\/\/www.vita.sk\/program-mpa-verejna-sprava-a-samosprava-miest-a-obci\/#primaryimage","url":"https:\/\/www.vita.sk\/wp-content\/uploads\/2025\/02\/mpa-verejna-sprava-a-samosprava-miest-a-obci.png","contentUrl":"https:\/\/www.vita.sk\/wp-content\/uploads\/2025\/02\/mpa-verejna-sprava-a-samosprava-miest-a-obci.png","width":360,"height":360,"caption":"Program MPA Verejn\u00e1 Spr\u00e1va a Samospr\u00e1va Miest a Obc\u00ed"},{"@type":"BreadcrumbList","@id":"https:\/\/www.vita.sk\/program-mpa-verejna-sprava-a-samosprava-miest-a-obci\/#breadcrumb","itemListElement":[{"@type":"ListItem","position":1,"name":"VITA Academy","item":"https:\/\/www.vita.sk\/cs\/"},{"@type":"ListItem","position":2,"name":"Shop","item":"https:\/\/www.vita.sk\/shop\/"},{"@type":"ListItem","position":3,"name":"Online Profesijn\u00e9 Tituly MBA, DBA, MPA, MSc.","item":"https:\/\/www.vita.sk\/online-kurzy-pracovne-pozicie-mba-dba-mpa-msc\/"},{"@type":"ListItem","position":4,"name":"Program MPA Verejn\u00e1 Spr\u00e1va a Samospr\u00e1va Miest a Obc\u00ed"}]},{"@type":"WebSite","@id":"https:\/\/www.vita.sk\/#website","url":"https:\/\/www.vita.sk\/","name":"VITA","description":"","publisher":{"@id":"https:\/\/www.vita.sk\/#organization"},"potentialAction":[{"@type":"SearchAction","target":{"@type":"EntryPoint","urlTemplate":"https:\/\/www.vita.sk\/?s={search_term_string}"},"query-input":{"@type":"PropertyValueSpecification","valueRequired":true,"valueName":"search_term_string"}}],"inLanguage":"cs"},{"email":"admin@vita.sk","logo":"https:\/\/www.vita.sk\/img\/vita_logo.png ","address":{"type":"PostalAddress","streetAddress":"Tom\u00e1\u0161ikova 50\/A","addressLocality":"Bratislava","postalCode":"83104","addressCountry":{"name":"SK","type":"Country"}},"contactPoint":{"type":"ContactPoint","telephone":"+421 907 375\u00a0543","Email":"admin@vita.sk","contactType":"customer service"},"sameAs":["https:\/\/www.facebook.com\/VitaAcademySK\/","https:\/\/www.linkedin.com\/company\/vita-academy\/"]}]}},"acf":[],"_links":{"self":[{"href":"https:\/\/www.vita.sk\/cs\/wp-json\/wp\/v2\/product\/19824","targetHints":{"allow":["GET"]}}],"collection":[{"href":"https:\/\/www.vita.sk\/cs\/wp-json\/wp\/v2\/product"}],"about":[{"href":"https:\/\/www.vita.sk\/cs\/wp-json\/wp\/v2\/types\/product"}],"author":[{"embeddable":true,"href":"https:\/\/www.vita.sk\/cs\/wp-json\/wp\/v2\/users\/4"}],"replies":[{"embeddable":true,"href":"https:\/\/www.vita.sk\/cs\/wp-json\/wp\/v2\/comments?post=19824"}],"wp:featuredmedia":[{"embeddable":true,"href":"https:\/\/www.vita.sk\/cs\/wp-json\/wp\/v2\/media\/24106"}],"wp:attachment":[{"href":"https:\/\/www.vita.sk\/cs\/wp-json\/wp\/v2\/media?parent=19824"}],"wp:term":[{"taxonomy":"product_brand","embeddable":true,"href":"https:\/\/www.vita.sk\/cs\/wp-json\/wp\/v2\/product_brand?post=19824"},{"taxonomy":"product_cat","embeddable":true,"href":"https:\/\/www.vita.sk\/cs\/wp-json\/wp\/v2\/product_cat?post=19824"},{"taxonomy":"product_tag","embeddable":true,"href":"https:\/\/www.vita.sk\/cs\/wp-json\/wp\/v2\/product_tag?post=19824"}],"curies":[{"name":"wp","href":"https:\/\/api.w.org\/{rel}","templated":true}]}}