{"id":20062,"date":"2024-05-09T14:46:11","date_gmt":"2024-05-09T12:46:11","guid":{"rendered":"https:\/\/www.vita.sk\/?post_type=product&#038;p=20062"},"modified":"2025-12-26T09:35:40","modified_gmt":"2025-12-26T08:35:40","slug":"online-kurz-projektovy-manazer-iii-pokrocily","status":"publish","type":"product","link":"https:\/\/www.vita.sk\/cs\/online-kurz-projektovy-manazer-iii-pokrocily\/","title":{"rendered":"Online kurz Projektov\u00fd Mana\u017e\u00e9r III. Pokro\u010dil\u00fd"},"content":{"rendered":"<p>Online kurz Projektov\u00fd Mana\u017e\u00e9r III. Pokro\u010dil\u00fd je pre v\u00e1s ide\u00e1lny, ak sa chcete nau\u010di\u0165 pokro\u010dil\u00e9 pl\u00e1novanie projektov, riadenie \u00faloh, rozpo\u010dtov a kontroln\u00fdch mechanizmov v komplexn\u00fdch projektoch. <strong>Ide o certifikovan\u00fd kurz projektov\u00e9ho mana\u017e\u00e9ra.<\/strong> V kurze sa zameriavame na detailn\u00e9 pochopenie projektov\u00fdch f\u00e1z, ich nadv\u00e4znosti a praktick\u00e9ho v\u00fdznamu pri riaden\u00ed rozsiahlej\u0161\u00edch projektov. Nau\u010d\u00edme sa pracova\u0165 s m\u00ed\u013enikmi a medzn\u00edkmi ako n\u00e1strojmi na sledovanie postupu projektu a hodnotenie plnenia cie\u013eov v \u010dase. D\u00f4raz kladieme na systematick\u00e9 pl\u00e1novanie \u00faloh, ich \u010dasov\u00e9 rozdelenie a koordin\u00e1ciu v r\u00e1mci cel\u00e9ho projektu. Kurz sa s\u00fastre\u010fuje aj na tvorbu kvalitn\u00e9ho projektov\u00e9ho pl\u00e1nu zalo\u017een\u00e9ho na vstupnom prieskume, spr\u00e1vnej \u0161trukt\u00fare a realistick\u00fdch predpokladoch. Osvoj\u00edme si pokro\u010dil\u00e9 vyu\u017eitie Ganttovho diagramu ako riadiaceho a kontroln\u00e9ho n\u00e1stroja, ktor\u00fd umo\u017e\u0148uje preh\u013eadn\u00e9 pl\u00e1novanie, sledovanie z\u00e1vislost\u00ed a riadenie term\u00ednov. Ve\u013ek\u00e1 pozornos\u0165 sa venuje pr\u00e1ci s \u00falohami, opakovan\u00fdmi aktivitami a konzult\u00e1ciami, ako aj zos\u00fala\u010fovaniu \u00faloh, zdrojov a \u010dasov\u00fdch obmedzen\u00ed v projektoch s vy\u0161\u0161ou mierou komplexnosti. Nau\u010d\u00edme sa riadi\u0165 viac\u00falohov\u00e9 projekty a pracova\u0165 s paraleln\u00fdmi aktivitami bez straty kontroly nad projektom. S\u00fa\u010das\u0165ou kurzu je aj pr\u00e1ca s obmedzeniami a kontroln\u00fdmi mechanizmami. Zameriavame sa na predchodcov a n\u00e1sledn\u00edkov \u00faloh, r\u00f4zne typy d\u00e1tumov\u00fdch a logick\u00fdch obmedzen\u00ed a ich vplyv na celkov\u00fd harmonogram projektu. Nau\u010d\u00edme sa pou\u017e\u00edva\u0165 indik\u00e1tory stavu a vlastn\u00e9 polia na presn\u00e9 sledovanie priebehu projektu, identifik\u00e1ciu riz\u00edk a v\u010dasn\u00e9 odha\u013eovanie odch\u00fdlok od pl\u00e1nu. Samostatn\u00fa pozornos\u0165 venujeme projektov\u00fdm rozpo\u010dtom, ich tvorbe, spr\u00e1ve a vyhodnocovaniu n\u00e1kladov po\u010das \u017eivotn\u00e9ho cyklu projektu. Osvoj\u00edme si princ\u00edpy pr\u00e1ce s rozpo\u010dtami v r\u00f4znych typoch projektov vr\u00e1tane online marketingov\u00fdch projektov, kde je potrebn\u00e9 priebe\u017en\u00e9 sledovanie n\u00e1kladov a n\u00e1vratnosti. Ak sa chcete skuto\u010dne nau\u010di\u0165 riadi\u0165 pokro\u010dil\u00e9 projekty a sta\u0165 sa sk\u00fasen\u00fdm projektov\u00fdm mana\u017e\u00e9rom, tak toto je ide\u00e1lny online kurz pre v\u00e1s.<\/p>\n","protected":false},"excerpt":{"rendered":"<p>Online kurz Projektov\u00fd Mana\u017e\u00e9r III. Pokro\u010dil\u00fd v\u00e1s nau\u010d\u00ed pokro\u010dil\u00e9 techniky pl\u00e1novania, riadenia \u00faloh, rozpo\u010dtovania a kontroln\u00fdch mechanizmov projektov s d\u00f4razom na profesion\u00e1lnu prax projektov\u00e9ho mana\u017e\u00e9ra.","protected":false},"author":4,"featured_media":9902,"comment_status":"closed","ping_status":"closed","template":"","meta":{"_acf_changed":false},"product_brand":[],"product_cat":[84,88,73],"product_tag":[191,197,211],"class_list":{"0":"post-20062","1":"product","2":"type-product","3":"status-publish","4":"has-post-thumbnail","6":"product_cat-online-kurzy-manazerske-kurzy-soft-skills","7":"product_cat-online-kurzy-projektovy-manazment-v-it","8":"product_cat-bez-kategorie","9":"product_tag-manazerske-kurzy","10":"product_tag-baliky-kurzov-a-predplatne","11":"product_tag-projektovy-manazment-v-it","13":"first","14":"instock","15":"sale","16":"sold-individually","17":"taxable","18":"shipping-taxable","19":"purchasable","20":"product-type-simple"},"yoast_head":"<!-- This site is optimized with the Yoast SEO Premium plugin v25.0 (Yoast SEO v25.0) - https:\/\/yoast.com\/wordpress\/plugins\/seo\/ -->\n<title>Online kurz Projektov\u00fd Mana\u017e\u00e9r III. Pokro\u010dil\u00fd 2026 | VITA<\/title>\n<meta name=\"description\" content=\"Online kurz Projektov\u00fd Mana\u017e\u00e9r III. Pokro\u010dil\u00fd je ide\u00e1lny, ak sa chcete nau\u010di\u0165 pokro\u010dil\u00e9 funkcie Microsoft Project a techniky na riadenie projektov. \u2705\" \/>\n<meta name=\"robots\" content=\"index, follow, max-snippet:-1, max-image-preview:large, max-video-preview:-1\" \/>\n<link rel=\"canonical\" href=\"https:\/\/www.vita.sk\/online-kurz-projektovy-manazer-iii-pokrocily\/\" \/>\n<meta property=\"og:locale\" content=\"cs_CZ\" \/>\n<meta property=\"og:type\" content=\"article\" \/>\n<meta property=\"og:title\" content=\"Online kurz Projektov\u00fd Mana\u017e\u00e9r III. Pokro\u010dil\u00fd\" \/>\n<meta property=\"og:description\" content=\"Online kurz Projektov\u00fd Mana\u017e\u00e9r III. Pokro\u010dil\u00fd je ide\u00e1lny, ak sa chcete nau\u010di\u0165 pokro\u010dil\u00e9 funkcie Microsoft Project a techniky na riadenie projektov. \u2705\" \/>\n<meta property=\"og:url\" content=\"https:\/\/www.vita.sk\/online-kurz-projektovy-manazer-iii-pokrocily\/\" \/>\n<meta property=\"og:site_name\" content=\"VITA\" \/>\n<meta property=\"article:publisher\" content=\"https:\/\/www.facebook.com\/VitaAcademySK\" \/>\n<meta property=\"article:modified_time\" content=\"2025-12-26T08:35:40+00:00\" \/>\n<meta property=\"og:image\" content=\"https:\/\/www.vita.sk\/wp-content\/uploads\/2022\/05\/online-kurz-Projektovy-Management.png\" \/>\n\t<meta property=\"og:image:width\" content=\"360\" \/>\n\t<meta property=\"og:image:height\" content=\"360\" \/>\n\t<meta property=\"og:image:type\" content=\"image\/png\" \/>\n<meta name=\"twitter:card\" content=\"summary_large_image\" \/>\n<meta name=\"twitter:label1\" content=\"Odhadovan\u00e1 doba \u010dten\u00ed\" \/>\n\t<meta name=\"twitter:data1\" content=\"2 minuty\" \/>\n<script type=\"application\/ld+json\" class=\"yoast-schema-graph\">{\n\t    \"@context\": \"https:\/\/schema.org\",\n\t    \"@graph\": [\n\t        {\n\t            \"@type\": \"WebPage\",\n\t            \"@id\": \"https:\/\/www.vita.sk\/online-kurz-projektovy-manazer-iii-pokrocily\/\",\n\t            \"url\": \"https:\/\/www.vita.sk\/online-kurz-projektovy-manazer-iii-pokrocily\/\",\n\t            \"name\": \"Online kurz Projektov\u00fd Mana\u017e\u00e9r III. Pokro\u010dil\u00fd {Y} | VITA\",\n\t            \"isPartOf\": {\n\t                \"@id\": \"https:\/\/www.vita.sk\/#website\"\n\t            },\n\t            \"primaryImageOfPage\": {\n\t                \"@id\": \"https:\/\/www.vita.sk\/online-kurz-projektovy-manazer-iii-pokrocily\/#primaryimage\"\n\t            },\n\t            \"image\": {\n\t                \"@id\": \"https:\/\/www.vita.sk\/online-kurz-projektovy-manazer-iii-pokrocily\/#primaryimage\"\n\t            },\n\t            \"thumbnailUrl\": \"https:\/\/www.vita.sk\/wp-content\/uploads\/2022\/05\/online-kurz-Projektovy-Management.png\",\n\t            \"datePublished\": \"2024-05-09T12:46:11+00:00\",\n\t            \"dateModified\": \"2025-12-26T08:35:40+00:00\",\n\t            \"description\": \"Online kurz Projektov\u00fd Mana\u017e\u00e9r III. Pokro\u010dil\u00fd je ide\u00e1lny, ak sa chcete nau\u010di\u0165 pokro\u010dil\u00e9 funkcie Microsoft Project a techniky na riadenie projektov. \u2705\",\n\t            \"breadcrumb\": {\n\t                \"@id\": \"https:\/\/www.vita.sk\/online-kurz-projektovy-manazer-iii-pokrocily\/#breadcrumb\"\n\t            },\n\t            \"inLanguage\": \"cs\",\n\t            \"potentialAction\": [\n\t                {\n\t                    \"@type\": \"ReadAction\",\n\t                    \"target\": [\n\t                        \"https:\/\/www.vita.sk\/online-kurz-projektovy-manazer-iii-pokrocily\/\"\n\t                    ]\n\t                }\n\t            ]\n\t        },\n\t        {\n\t            \"@type\": \"ImageObject\",\n\t            \"inLanguage\": \"cs\",\n\t            \"@id\": \"https:\/\/www.vita.sk\/online-kurz-projektovy-manazer-iii-pokrocily\/#primaryimage\",\n\t            \"url\": \"https:\/\/www.vita.sk\/wp-content\/uploads\/2022\/05\/online-kurz-Projektovy-Management.png\",\n\t            \"contentUrl\": \"https:\/\/www.vita.sk\/wp-content\/uploads\/2022\/05\/online-kurz-Projektovy-Management.png\",\n\t            \"width\": 360,\n\t            \"height\": 360\n\t        },\n\t        {\n\t            \"@type\": \"BreadcrumbList\",\n\t            \"@id\": \"https:\/\/www.vita.sk\/online-kurz-projektovy-manazer-iii-pokrocily\/#breadcrumb\",\n\t            \"itemListElement\": [\n\t                {\n\t                    \"@type\": \"ListItem\",\n\t                    \"position\": 1,\n\t                    \"name\": \"VITA Academy\",\n\t                    \"item\": \"https:\/\/www.vita.sk\/cs\/\"\n\t                },\n\t                {\n\t                    \"@type\": \"ListItem\",\n\t                    \"position\": 2,\n\t                    \"name\": \"Shop\",\n\t                    \"item\": \"https:\/\/www.vita.sk\/shop\/\"\n\t                },\n\t                {\n\t                    \"@type\": \"ListItem\",\n\t                    \"position\": 3,\n\t                    \"name\": \"Mana\u017e\u00e9rske a Soft Skills Kurzy\",\n\t                    \"item\": \"https:\/\/www.vita.sk\/online-kurzy-manazerske-kurzy-soft-skills\/\"\n\t                },\n\t                {\n\t                    \"@type\": \"ListItem\",\n\t                    \"position\": 4,\n\t                    \"name\": \"Projektov\u00fd mana\u017ement v IT\",\n\t                    \"item\": \"https:\/\/www.vita.sk\/online-kurzy-projektovy-manazment-v-it\/\"\n\t                },\n\t                {\n\t                    \"@type\": \"ListItem\",\n\t                    \"position\": 5,\n\t                    \"name\": \"Online kurz Projektov\u00fd Mana\u017e\u00e9r III. Pokro\u010dil\u00fd\"\n\t                }\n\t            ]\n\t        },\n\t        {\n\t            \"@type\": \"WebSite\",\n\t            \"@id\": \"https:\/\/www.vita.sk\/#website\",\n\t            \"url\": \"https:\/\/www.vita.sk\/\",\n\t            \"name\": \"VITA\",\n\t            \"description\": \"\",\n\t            \"publisher\": {\n\t                \"@id\": \"https:\/\/www.vita.sk\/#organization\"\n\t            },\n\t            \"potentialAction\": [\n\t                {\n\t                    \"@type\": \"SearchAction\",\n\t                    \"target\": {\n\t                        \"@type\": \"EntryPoint\",\n\t                        \"urlTemplate\": \"https:\/\/www.vita.sk\/?s={search_term_string}\"\n\t                    },\n\t                    \"query-input\": {\n\t                        \"@type\": \"PropertyValueSpecification\",\n\t                        \"valueRequired\": true,\n\t                        \"valueName\": \"search_term_string\"\n\t                    }\n\t                }\n\t            ],\n\t            \"inLanguage\": \"cs\"\n\t        },\n\t        {\n\t            \"email\": \"admin@vita.sk\",\n\t            \"logo\": \"https:\/\/www.vita.sk\/img\/vita_logo.png \",\n\t            \"address\": {\n\t                \"type\": \"PostalAddress\",\n\t                \"streetAddress\": \"Tom\u00e1\u0161ikova 50\/A\",\n\t                \"addressLocality\": \"Bratislava\",\n\t                \"postalCode\": \"83104\",\n\t                \"addressCountry\": {\n\t                    \"name\": \"SK\",\n\t                    \"type\": \"Country\"\n\t                }\n\t            },\n\t            \"contactPoint\": {\n\t                \"type\": \"ContactPoint\",\n\t                \"telephone\": \"+421 907 375\u00a0543\",\n\t                \"Email\": \"admin@vita.sk\",\n\t                \"contactType\": \"customer service\"\n\t            },\n\t            \"sameAs\": [\n\t                \"https:\/\/www.facebook.com\/VitaAcademySK\/\",\n\t                \"https:\/\/www.linkedin.com\/company\/vita-academy\/\"\n\t            ]\n\t        }\n\t    ]\n\t}<\/script>\n<!-- \/ Yoast SEO Premium plugin. -->","yoast_head_json":{"title":"Online kurz Projektov\u00fd Mana\u017e\u00e9r III. Pokro\u010dil\u00fd 2026 | VITA","description":"Online kurz Projektov\u00fd Mana\u017e\u00e9r III. Pokro\u010dil\u00fd je ide\u00e1lny, ak sa chcete nau\u010di\u0165 pokro\u010dil\u00e9 funkcie Microsoft Project a techniky na riadenie projektov. \u2705","robots":{"index":"index","follow":"follow","max-snippet":"max-snippet:-1","max-image-preview":"max-image-preview:large","max-video-preview":"max-video-preview:-1"},"canonical":"https:\/\/www.vita.sk\/online-kurz-projektovy-manazer-iii-pokrocily\/","og_locale":"cs_CZ","og_type":"article","og_title":"Online kurz Projektov\u00fd Mana\u017e\u00e9r III. Pokro\u010dil\u00fd","og_description":"Online kurz Projektov\u00fd Mana\u017e\u00e9r III. Pokro\u010dil\u00fd je ide\u00e1lny, ak sa chcete nau\u010di\u0165 pokro\u010dil\u00e9 funkcie Microsoft Project a techniky na riadenie projektov. \u2705","og_url":"https:\/\/www.vita.sk\/online-kurz-projektovy-manazer-iii-pokrocily\/","og_site_name":"VITA","article_publisher":"https:\/\/www.facebook.com\/VitaAcademySK","article_modified_time":"2025-12-26T08:35:40+00:00","og_image":[{"width":360,"height":360,"url":"https:\/\/www.vita.sk\/wp-content\/uploads\/2022\/05\/online-kurz-Projektovy-Management.png","type":"image\/png"}],"twitter_card":"summary_large_image","twitter_misc":{"Odhadovan\u00e1 doba \u010dten\u00ed":"2 minuty"},"schema":{"@context":"https:\/\/schema.org","@graph":[{"@type":"WebPage","@id":"https:\/\/www.vita.sk\/online-kurz-projektovy-manazer-iii-pokrocily\/","url":"https:\/\/www.vita.sk\/online-kurz-projektovy-manazer-iii-pokrocily\/","name":"Online kurz Projektov\u00fd Mana\u017e\u00e9r III. Pokro\u010dil\u00fd {Y} | VITA","isPartOf":{"@id":"https:\/\/www.vita.sk\/#website"},"primaryImageOfPage":{"@id":"https:\/\/www.vita.sk\/online-kurz-projektovy-manazer-iii-pokrocily\/#primaryimage"},"image":{"@id":"https:\/\/www.vita.sk\/online-kurz-projektovy-manazer-iii-pokrocily\/#primaryimage"},"thumbnailUrl":"https:\/\/www.vita.sk\/wp-content\/uploads\/2022\/05\/online-kurz-Projektovy-Management.png","datePublished":"2024-05-09T12:46:11+00:00","dateModified":"2025-12-26T08:35:40+00:00","description":"Online kurz Projektov\u00fd Mana\u017e\u00e9r III. Pokro\u010dil\u00fd je ide\u00e1lny, ak sa chcete nau\u010di\u0165 pokro\u010dil\u00e9 funkcie Microsoft Project a techniky na riadenie projektov. \u2705","breadcrumb":{"@id":"https:\/\/www.vita.sk\/online-kurz-projektovy-manazer-iii-pokrocily\/#breadcrumb"},"inLanguage":"cs","potentialAction":[{"@type":"ReadAction","target":["https:\/\/www.vita.sk\/online-kurz-projektovy-manazer-iii-pokrocily\/"]}]},{"@type":"ImageObject","inLanguage":"cs","@id":"https:\/\/www.vita.sk\/online-kurz-projektovy-manazer-iii-pokrocily\/#primaryimage","url":"https:\/\/www.vita.sk\/wp-content\/uploads\/2022\/05\/online-kurz-Projektovy-Management.png","contentUrl":"https:\/\/www.vita.sk\/wp-content\/uploads\/2022\/05\/online-kurz-Projektovy-Management.png","width":360,"height":360},{"@type":"BreadcrumbList","@id":"https:\/\/www.vita.sk\/online-kurz-projektovy-manazer-iii-pokrocily\/#breadcrumb","itemListElement":[{"@type":"ListItem","position":1,"name":"VITA Academy","item":"https:\/\/www.vita.sk\/cs\/"},{"@type":"ListItem","position":2,"name":"Shop","item":"https:\/\/www.vita.sk\/shop\/"},{"@type":"ListItem","position":3,"name":"Mana\u017e\u00e9rske a Soft Skills Kurzy","item":"https:\/\/www.vita.sk\/online-kurzy-manazerske-kurzy-soft-skills\/"},{"@type":"ListItem","position":4,"name":"Projektov\u00fd mana\u017ement v IT","item":"https:\/\/www.vita.sk\/online-kurzy-projektovy-manazment-v-it\/"},{"@type":"ListItem","position":5,"name":"Online kurz Projektov\u00fd Mana\u017e\u00e9r III. Pokro\u010dil\u00fd"}]},{"@type":"WebSite","@id":"https:\/\/www.vita.sk\/#website","url":"https:\/\/www.vita.sk\/","name":"VITA","description":"","publisher":{"@id":"https:\/\/www.vita.sk\/#organization"},"potentialAction":[{"@type":"SearchAction","target":{"@type":"EntryPoint","urlTemplate":"https:\/\/www.vita.sk\/?s={search_term_string}"},"query-input":{"@type":"PropertyValueSpecification","valueRequired":true,"valueName":"search_term_string"}}],"inLanguage":"cs"},{"email":"admin@vita.sk","logo":"https:\/\/www.vita.sk\/img\/vita_logo.png ","address":{"type":"PostalAddress","streetAddress":"Tom\u00e1\u0161ikova 50\/A","addressLocality":"Bratislava","postalCode":"83104","addressCountry":{"name":"SK","type":"Country"}},"contactPoint":{"type":"ContactPoint","telephone":"+421 907 375\u00a0543","Email":"admin@vita.sk","contactType":"customer service"},"sameAs":["https:\/\/www.facebook.com\/VitaAcademySK\/","https:\/\/www.linkedin.com\/company\/vita-academy\/"]}]}},"acf":[],"_links":{"self":[{"href":"https:\/\/www.vita.sk\/cs\/wp-json\/wp\/v2\/product\/20062","targetHints":{"allow":["GET"]}}],"collection":[{"href":"https:\/\/www.vita.sk\/cs\/wp-json\/wp\/v2\/product"}],"about":[{"href":"https:\/\/www.vita.sk\/cs\/wp-json\/wp\/v2\/types\/product"}],"author":[{"embeddable":true,"href":"https:\/\/www.vita.sk\/cs\/wp-json\/wp\/v2\/users\/4"}],"replies":[{"embeddable":true,"href":"https:\/\/www.vita.sk\/cs\/wp-json\/wp\/v2\/comments?post=20062"}],"wp:featuredmedia":[{"embeddable":true,"href":"https:\/\/www.vita.sk\/cs\/wp-json\/wp\/v2\/media\/9902"}],"wp:attachment":[{"href":"https:\/\/www.vita.sk\/cs\/wp-json\/wp\/v2\/media?parent=20062"}],"wp:term":[{"taxonomy":"product_brand","embeddable":true,"href":"https:\/\/www.vita.sk\/cs\/wp-json\/wp\/v2\/product_brand?post=20062"},{"taxonomy":"product_cat","embeddable":true,"href":"https:\/\/www.vita.sk\/cs\/wp-json\/wp\/v2\/product_cat?post=20062"},{"taxonomy":"product_tag","embeddable":true,"href":"https:\/\/www.vita.sk\/cs\/wp-json\/wp\/v2\/product_tag?post=20062"}],"curies":[{"name":"wp","href":"https:\/\/api.w.org\/{rel}","templated":true}]}}