{"id":20119,"date":"2024-05-14T15:10:43","date_gmt":"2024-05-14T13:10:43","guid":{"rendered":"https:\/\/www.vita.sk\/?post_type=product&#038;p=20119"},"modified":"2025-11-07T13:48:50","modified_gmt":"2025-11-07T12:48:50","slug":"balik-databazovy-administrator-dba","status":"publish","type":"product","link":"https:\/\/www.vita.sk\/cs\/balik-databazovy-administrator-dba\/","title":{"rendered":"Bal\u00edk Datab\u00e1zov\u00fd Administr\u00e1tor (DBA)"},"content":{"rendered":"<p>Bal\u00edk Datab\u00e1zov\u00fd Administr\u00e1tor (DBA) je pre v\u00e1s ide\u00e1lny, ak ste zodpovedn\u00fd za spr\u00e1vu a \u00fadr\u017ebu datab\u00e1zov\u00fdch syst\u00e9mov v organiz\u00e1cii alebo sa chcete nau\u010di\u0165 spravova\u0165 datab\u00e1zy ako spr\u00e1vca \u010di administr\u00e1tor. Ide o\u00a0<strong>Bal\u00edk online akreditovan\u00fdch kurzov ur\u010den\u00fd na Preplatenie \u00daradom pr\u00e1ce<\/strong>\u00a0(<strong>Projekt Zru\u010dnosti pre trh pr\u00e1ce<\/strong>). Uk\u00e1\u017eeme si postup ako pripoji\u0165 datab\u00e1zu. Budete ovl\u00e1da\u0165 syntax jazyka SQL, \u0161trukt\u00faru dopytov a ich pou\u017eitie pri pr\u00e1ci s datab\u00e1zami na weboch. Nau\u010d\u00edte sa vytv\u00e1ra\u0165, \u010d\u00edta\u0165, aktualizova\u0165 a maza\u0165 d\u00e1ta z tabuliek. Budete pracova\u0165 s datab\u00e1zov\u00fdmi syst\u00e9mami MySQL a PostgreSQL a nasadzova\u0165 datab\u00e1zu pomocou WampServeru. Nau\u010d\u00edte sa vytv\u00e1ra\u0165 indexy a sp\u00e1ja\u0165 tabu\u013eky pomocou JOIN oper\u00e1ci\u00ed. Povieme si ako monitorova\u0165 SQL dotazy, identifikova\u0165 n\u00e1ro\u010dn\u00e9 oper\u00e1cie, vykon\u00e1va\u0165 \u00fadr\u017ebu a z\u00e1lohovanie. Pozrieme sa ako efekt\u00edvne spravova\u0165 datab\u00e1zy a pou\u017e\u00edvate\u013eov pomocou n\u00e1strojov ako phpMyAdmin. <strong>\u00darad pr\u00e1ce v\u00e1m preplat\u00ed cel\u00fd bal\u00edk online kurzov.<\/strong><\/p>\n","protected":false},"excerpt":{"rendered":"<p>Bal\u00edk Datab\u00e1zov\u00fd Administr\u00e1tor (DBA) je pre v\u00e1s ide\u00e1lny, ak ste zodpovedn\u00fd za spr\u00e1vu a \u00fadr\u017ebu datab\u00e1zov\u00fdch syst\u00e9mov v organiz\u00e1cii alebo sa chcete nau\u010di\u0165 spravova\u0165 datab\u00e1zy ako spr\u00e1vca \u010di administr\u00e1tor. Ide o\u00a0Bal\u00edk online akreditovan\u00fdch kurzov ur\u010den\u00fd na Preplatenie \u00daradom pr\u00e1ce\u00a0(Projekt Zru\u010dnosti pre trh pr\u00e1ce). Uk\u00e1\u017eeme si postup ako pripoji\u0165 datab\u00e1zu.","protected":false},"author":4,"featured_media":17900,"comment_status":"closed","ping_status":"closed","template":"","meta":{"_acf_changed":false},"product_brand":[],"product_cat":[615],"product_tag":[186,197],"class_list":{"0":"post-20119","1":"product","2":"type-product","3":"status-publish","4":"has-post-thumbnail","6":"product_cat-online-kurzy-urad-prace-zrucnosti-pre-trh-prace","7":"product_tag-administracia-it","8":"product_tag-baliky-kurzov-a-predplatne","10":"first","11":"instock","12":"sold-individually","13":"taxable","14":"shipping-taxable","15":"purchasable","16":"product-type-simple"},"yoast_head":"<!-- This site is optimized with the Yoast SEO Premium plugin v25.0 (Yoast SEO v25.0) - https:\/\/yoast.com\/wordpress\/plugins\/seo\/ -->\n<title>Bal\u00edk Datab\u00e1zov\u00fd Administr\u00e1tor (DBA) 2026 | VITA<\/title>\n<meta name=\"robots\" content=\"index, follow, max-snippet:-1, max-image-preview:large, max-video-preview:-1\" \/>\n<link rel=\"canonical\" href=\"https:\/\/www.vita.sk\/balik-databazovy-administrator-dba\/\" \/>\n<meta property=\"og:locale\" content=\"cs_CZ\" \/>\n<meta property=\"og:type\" content=\"article\" \/>\n<meta property=\"og:title\" content=\"Bal\u00edk Datab\u00e1zov\u00fd Administr\u00e1tor (DBA)\" \/>\n<meta property=\"og:description\" content=\"Bal\u00edk Datab\u00e1zov\u00fd Administr\u00e1tor (DBA) je pre v\u00e1s ide\u00e1lny, ak ste zodpovedn\u00fd za spr\u00e1vu a \u00fadr\u017ebu datab\u00e1zov\u00fdch syst\u00e9mov v organiz\u00e1cii alebo sa chcete nau\u010di\u0165 spravova\u0165 datab\u00e1zy ako spr\u00e1vca \u010di administr\u00e1tor. Ide o\u00a0Bal\u00edk online akreditovan\u00fdch kurzov ur\u010den\u00fd na Preplatenie \u00daradom pr\u00e1ce\u00a0(Projekt Zru\u010dnosti pre trh pr\u00e1ce). Uk\u00e1\u017eeme si postup ako pripoji\u0165 datab\u00e1zu. Budete ovl\u00e1da\u0165 syntax jazyka SQL, \u0161trukt\u00faru [&hellip;]\" \/>\n<meta property=\"og:url\" content=\"https:\/\/www.vita.sk\/balik-databazovy-administrator-dba\/\" \/>\n<meta property=\"og:site_name\" content=\"VITA\" \/>\n<meta property=\"article:publisher\" content=\"https:\/\/www.facebook.com\/VitaAcademySK\" \/>\n<meta property=\"article:modified_time\" content=\"2025-11-07T12:48:50+00:00\" \/>\n<meta property=\"og:image\" content=\"https:\/\/www.vita.sk\/wp-content\/uploads\/2022\/04\/Online-kurz-Ako-sa-stat-Databazovy-Analytik.png\" \/>\n\t<meta property=\"og:image:width\" content=\"360\" \/>\n\t<meta property=\"og:image:height\" content=\"360\" \/>\n\t<meta property=\"og:image:type\" content=\"image\/png\" \/>\n<meta name=\"twitter:card\" content=\"summary_large_image\" \/>\n<meta name=\"twitter:label1\" content=\"Odhadovan\u00e1 doba \u010dten\u00ed\" \/>\n\t<meta name=\"twitter:data1\" content=\"1 minuta\" \/>\n<script type=\"application\/ld+json\" class=\"yoast-schema-graph\">{\n\t    \"@context\": \"https:\/\/schema.org\",\n\t    \"@graph\": [\n\t        {\n\t            \"@type\": \"WebPage\",\n\t            \"@id\": \"https:\/\/www.vita.sk\/balik-databazovy-administrator-dba\/\",\n\t            \"url\": \"https:\/\/www.vita.sk\/balik-databazovy-administrator-dba\/\",\n\t            \"name\": \"Bal\u00edk Datab\u00e1zov\u00fd Administr\u00e1tor (DBA) {Y} | VITA\",\n\t            \"isPartOf\": {\n\t                \"@id\": \"https:\/\/www.vita.sk\/#website\"\n\t            },\n\t            \"primaryImageOfPage\": {\n\t                \"@id\": \"https:\/\/www.vita.sk\/balik-databazovy-administrator-dba\/#primaryimage\"\n\t            },\n\t            \"image\": {\n\t                \"@id\": \"https:\/\/www.vita.sk\/balik-databazovy-administrator-dba\/#primaryimage\"\n\t            },\n\t            \"thumbnailUrl\": \"https:\/\/www.vita.sk\/wp-content\/uploads\/2022\/04\/Online-kurz-Ako-sa-stat-Databazovy-Analytik.png\",\n\t            \"datePublished\": \"2024-05-14T13:10:43+00:00\",\n\t            \"dateModified\": \"2025-11-07T12:48:50+00:00\",\n\t            \"breadcrumb\": {\n\t                \"@id\": \"https:\/\/www.vita.sk\/balik-databazovy-administrator-dba\/#breadcrumb\"\n\t            },\n\t            \"inLanguage\": \"cs\",\n\t            \"potentialAction\": [\n\t                {\n\t                    \"@type\": \"ReadAction\",\n\t                    \"target\": [\n\t                        \"https:\/\/www.vita.sk\/balik-databazovy-administrator-dba\/\"\n\t                    ]\n\t                }\n\t            ]\n\t        },\n\t        {\n\t            \"@type\": \"ImageObject\",\n\t            \"inLanguage\": \"cs\",\n\t            \"@id\": \"https:\/\/www.vita.sk\/balik-databazovy-administrator-dba\/#primaryimage\",\n\t            \"url\": \"https:\/\/www.vita.sk\/wp-content\/uploads\/2022\/04\/Online-kurz-Ako-sa-stat-Databazovy-Analytik.png\",\n\t            \"contentUrl\": \"https:\/\/www.vita.sk\/wp-content\/uploads\/2022\/04\/Online-kurz-Ako-sa-stat-Databazovy-Analytik.png\",\n\t            \"width\": 360,\n\t            \"height\": 360,\n\t            \"caption\": \"Kurz Ako sa sta\u0165 Datab\u00e1zov\u00fd Analytik\"\n\t        },\n\t        {\n\t            \"@type\": \"BreadcrumbList\",\n\t            \"@id\": \"https:\/\/www.vita.sk\/balik-databazovy-administrator-dba\/#breadcrumb\",\n\t            \"itemListElement\": [\n\t                {\n\t                    \"@type\": \"ListItem\",\n\t                    \"position\": 1,\n\t                    \"name\": \"VITA Academy\",\n\t                    \"item\": \"https:\/\/www.vita.sk\/cs\/\"\n\t                },\n\t                {\n\t                    \"@type\": \"ListItem\",\n\t                    \"position\": 2,\n\t                    \"name\": \"Shop\",\n\t                    \"item\": \"https:\/\/www.vita.sk\/shop\/\"\n\t                },\n\t                {\n\t                    \"@type\": \"ListItem\",\n\t                    \"position\": 3,\n\t                    \"name\": \"Online \u0160kolenia \u00darad Pr\u00e1ce\",\n\t                    \"item\": \"https:\/\/www.vita.sk\/online-kurzy-urad-prace-zrucnosti-pre-trh-prace\/\"\n\t                },\n\t                {\n\t                    \"@type\": \"ListItem\",\n\t                    \"position\": 4,\n\t                    \"name\": \"Bal\u00edk Datab\u00e1zov\u00fd Administr\u00e1tor (DBA)\"\n\t                }\n\t            ]\n\t        },\n\t        {\n\t            \"@type\": \"WebSite\",\n\t            \"@id\": \"https:\/\/www.vita.sk\/#website\",\n\t            \"url\": \"https:\/\/www.vita.sk\/\",\n\t            \"name\": \"VITA\",\n\t            \"description\": \"\",\n\t            \"publisher\": {\n\t                \"@id\": \"https:\/\/www.vita.sk\/#organization\"\n\t            },\n\t            \"potentialAction\": [\n\t                {\n\t                    \"@type\": \"SearchAction\",\n\t                    \"target\": {\n\t                        \"@type\": \"EntryPoint\",\n\t                        \"urlTemplate\": \"https:\/\/www.vita.sk\/?s={search_term_string}\"\n\t                    },\n\t                    \"query-input\": {\n\t                        \"@type\": \"PropertyValueSpecification\",\n\t                        \"valueRequired\": true,\n\t                        \"valueName\": \"search_term_string\"\n\t                    }\n\t                }\n\t            ],\n\t            \"inLanguage\": \"cs\"\n\t        },\n\t        {\n\t            \"email\": \"admin@vita.sk\",\n\t            \"logo\": \"https:\/\/www.vita.sk\/img\/vita_logo.png \",\n\t            \"address\": {\n\t                \"type\": \"PostalAddress\",\n\t                \"streetAddress\": \"Tom\u00e1\u0161ikova 50\/A\",\n\t                \"addressLocality\": \"Bratislava\",\n\t                \"postalCode\": \"83104\",\n\t                \"addressCountry\": {\n\t                    \"name\": \"SK\",\n\t                    \"type\": \"Country\"\n\t                }\n\t            },\n\t            \"contactPoint\": {\n\t                \"type\": \"ContactPoint\",\n\t                \"telephone\": \"+421 907 375\u00a0543\",\n\t                \"Email\": \"admin@vita.sk\",\n\t                \"contactType\": \"customer service\"\n\t            },\n\t            \"sameAs\": [\n\t                \"https:\/\/www.facebook.com\/VitaAcademySK\/\",\n\t                \"https:\/\/www.linkedin.com\/company\/vita-academy\/\"\n\t            ]\n\t        }\n\t    ]\n\t}<\/script>\n<!-- \/ Yoast SEO Premium plugin. -->","yoast_head_json":{"title":"Bal\u00edk Datab\u00e1zov\u00fd Administr\u00e1tor (DBA) 2026 | VITA","robots":{"index":"index","follow":"follow","max-snippet":"max-snippet:-1","max-image-preview":"max-image-preview:large","max-video-preview":"max-video-preview:-1"},"canonical":"https:\/\/www.vita.sk\/balik-databazovy-administrator-dba\/","og_locale":"cs_CZ","og_type":"article","og_title":"Bal\u00edk Datab\u00e1zov\u00fd Administr\u00e1tor (DBA)","og_description":"Bal\u00edk Datab\u00e1zov\u00fd Administr\u00e1tor (DBA) je pre v\u00e1s ide\u00e1lny, ak ste zodpovedn\u00fd za spr\u00e1vu a \u00fadr\u017ebu datab\u00e1zov\u00fdch syst\u00e9mov v organiz\u00e1cii alebo sa chcete nau\u010di\u0165 spravova\u0165 datab\u00e1zy ako spr\u00e1vca \u010di administr\u00e1tor. Ide o\u00a0Bal\u00edk online akreditovan\u00fdch kurzov ur\u010den\u00fd na Preplatenie \u00daradom pr\u00e1ce\u00a0(Projekt Zru\u010dnosti pre trh pr\u00e1ce). Uk\u00e1\u017eeme si postup ako pripoji\u0165 datab\u00e1zu. Budete ovl\u00e1da\u0165 syntax jazyka SQL, \u0161trukt\u00faru [&hellip;]","og_url":"https:\/\/www.vita.sk\/balik-databazovy-administrator-dba\/","og_site_name":"VITA","article_publisher":"https:\/\/www.facebook.com\/VitaAcademySK","article_modified_time":"2025-11-07T12:48:50+00:00","og_image":[{"width":360,"height":360,"url":"https:\/\/www.vita.sk\/wp-content\/uploads\/2022\/04\/Online-kurz-Ako-sa-stat-Databazovy-Analytik.png","type":"image\/png"}],"twitter_card":"summary_large_image","twitter_misc":{"Odhadovan\u00e1 doba \u010dten\u00ed":"1 minuta"},"schema":{"@context":"https:\/\/schema.org","@graph":[{"@type":"WebPage","@id":"https:\/\/www.vita.sk\/balik-databazovy-administrator-dba\/","url":"https:\/\/www.vita.sk\/balik-databazovy-administrator-dba\/","name":"Bal\u00edk Datab\u00e1zov\u00fd Administr\u00e1tor (DBA) {Y} | VITA","isPartOf":{"@id":"https:\/\/www.vita.sk\/#website"},"primaryImageOfPage":{"@id":"https:\/\/www.vita.sk\/balik-databazovy-administrator-dba\/#primaryimage"},"image":{"@id":"https:\/\/www.vita.sk\/balik-databazovy-administrator-dba\/#primaryimage"},"thumbnailUrl":"https:\/\/www.vita.sk\/wp-content\/uploads\/2022\/04\/Online-kurz-Ako-sa-stat-Databazovy-Analytik.png","datePublished":"2024-05-14T13:10:43+00:00","dateModified":"2025-11-07T12:48:50+00:00","breadcrumb":{"@id":"https:\/\/www.vita.sk\/balik-databazovy-administrator-dba\/#breadcrumb"},"inLanguage":"cs","potentialAction":[{"@type":"ReadAction","target":["https:\/\/www.vita.sk\/balik-databazovy-administrator-dba\/"]}]},{"@type":"ImageObject","inLanguage":"cs","@id":"https:\/\/www.vita.sk\/balik-databazovy-administrator-dba\/#primaryimage","url":"https:\/\/www.vita.sk\/wp-content\/uploads\/2022\/04\/Online-kurz-Ako-sa-stat-Databazovy-Analytik.png","contentUrl":"https:\/\/www.vita.sk\/wp-content\/uploads\/2022\/04\/Online-kurz-Ako-sa-stat-Databazovy-Analytik.png","width":360,"height":360,"caption":"Kurz Ako sa sta\u0165 Datab\u00e1zov\u00fd Analytik"},{"@type":"BreadcrumbList","@id":"https:\/\/www.vita.sk\/balik-databazovy-administrator-dba\/#breadcrumb","itemListElement":[{"@type":"ListItem","position":1,"name":"VITA Academy","item":"https:\/\/www.vita.sk\/cs\/"},{"@type":"ListItem","position":2,"name":"Shop","item":"https:\/\/www.vita.sk\/shop\/"},{"@type":"ListItem","position":3,"name":"Online \u0160kolenia \u00darad Pr\u00e1ce","item":"https:\/\/www.vita.sk\/online-kurzy-urad-prace-zrucnosti-pre-trh-prace\/"},{"@type":"ListItem","position":4,"name":"Bal\u00edk Datab\u00e1zov\u00fd Administr\u00e1tor (DBA)"}]},{"@type":"WebSite","@id":"https:\/\/www.vita.sk\/#website","url":"https:\/\/www.vita.sk\/","name":"VITA","description":"","publisher":{"@id":"https:\/\/www.vita.sk\/#organization"},"potentialAction":[{"@type":"SearchAction","target":{"@type":"EntryPoint","urlTemplate":"https:\/\/www.vita.sk\/?s={search_term_string}"},"query-input":{"@type":"PropertyValueSpecification","valueRequired":true,"valueName":"search_term_string"}}],"inLanguage":"cs"},{"email":"admin@vita.sk","logo":"https:\/\/www.vita.sk\/img\/vita_logo.png ","address":{"type":"PostalAddress","streetAddress":"Tom\u00e1\u0161ikova 50\/A","addressLocality":"Bratislava","postalCode":"83104","addressCountry":{"name":"SK","type":"Country"}},"contactPoint":{"type":"ContactPoint","telephone":"+421 907 375\u00a0543","Email":"admin@vita.sk","contactType":"customer service"},"sameAs":["https:\/\/www.facebook.com\/VitaAcademySK\/","https:\/\/www.linkedin.com\/company\/vita-academy\/"]}]}},"acf":[],"_links":{"self":[{"href":"https:\/\/www.vita.sk\/cs\/wp-json\/wp\/v2\/product\/20119","targetHints":{"allow":["GET"]}}],"collection":[{"href":"https:\/\/www.vita.sk\/cs\/wp-json\/wp\/v2\/product"}],"about":[{"href":"https:\/\/www.vita.sk\/cs\/wp-json\/wp\/v2\/types\/product"}],"author":[{"embeddable":true,"href":"https:\/\/www.vita.sk\/cs\/wp-json\/wp\/v2\/users\/4"}],"replies":[{"embeddable":true,"href":"https:\/\/www.vita.sk\/cs\/wp-json\/wp\/v2\/comments?post=20119"}],"wp:featuredmedia":[{"embeddable":true,"href":"https:\/\/www.vita.sk\/cs\/wp-json\/wp\/v2\/media\/17900"}],"wp:attachment":[{"href":"https:\/\/www.vita.sk\/cs\/wp-json\/wp\/v2\/media?parent=20119"}],"wp:term":[{"taxonomy":"product_brand","embeddable":true,"href":"https:\/\/www.vita.sk\/cs\/wp-json\/wp\/v2\/product_brand?post=20119"},{"taxonomy":"product_cat","embeddable":true,"href":"https:\/\/www.vita.sk\/cs\/wp-json\/wp\/v2\/product_cat?post=20119"},{"taxonomy":"product_tag","embeddable":true,"href":"https:\/\/www.vita.sk\/cs\/wp-json\/wp\/v2\/product_tag?post=20119"}],"curies":[{"name":"wp","href":"https:\/\/api.w.org\/{rel}","templated":true}]}}