{"id":21494,"date":"2024-09-03T13:29:59","date_gmt":"2024-09-03T11:29:59","guid":{"rendered":"https:\/\/www.vita.sk\/?post_type=product&#038;p=21494"},"modified":"2026-02-05T13:06:06","modified_gmt":"2026-02-05T12:06:06","slug":"online-kurz-sap-s-4-hana","status":"publish","type":"product","link":"https:\/\/www.vita.sk\/cs\/online-kurz-sap-s-4-hana\/","title":{"rendered":"Online kurz SAP S\/4 HANA Z\u00e1klady"},"content":{"rendered":"<p>Online kurz <strong>SAP S\/4 HANA Z\u00e1klady<\/strong> je pre v\u00e1s ide\u00e1lny, ak sa chcete nau\u010di\u0165 orientova\u0165 v SAP ekosyst\u00e9me, pochopi\u0165 architekt\u00faru SAP S\/4 HANA a pracova\u0165 so z\u00e1kladn\u00fdmi n\u00e1strojmi, datab\u00e1zami a transakciami v podnikovom prostred\u00ed. <strong>Ide o akreditovan\u00fd a certifikovan\u00fd kurz na SAP S\/4 HANA Z\u00e1klady<\/strong>. V kurze sa zameriavame na kompletn\u00fd \u00favod do prostredia SAP vr\u00e1tane in\u0161tal\u00e1cie a spustenia ABAP Platform Trial na datab\u00e1ze SAP HANA, pochopenia hardv\u00e9rov\u00fdch a softv\u00e9rov\u00fdch po\u017eiadaviek a pr\u00e1ce s licenciami SAP produktov. Osvoj\u00edme si orient\u00e1ciu v prostred\u00ed SAP GUI, navig\u00e1ciu pomocou SAP Easy Access, pr\u00e1cu so SAP transakciami a z\u00e1kladn\u00e9 pou\u017e\u00edvate\u013esk\u00e9 nastavenia. Kurz systematicky vysvet\u013euje architekt\u00faru SAP rie\u0161en\u00ed vr\u00e1tane SAP R\/3, ECC, S\/4 HANA a SAP Ariba a ich praktick\u00e9 vyu\u017eitie v podnikov\u00fdch syst\u00e9moch. D\u00f4raz kladieme na pochopenie SAP NetWeaver ako aplika\u010dnej platformy, jeho vz\u0165ah k ABAP prostrediu a v\u00fdznam v celkovej architekt\u00fare SAP syst\u00e9mov. Nau\u010d\u00edme sa pracova\u0165 s d\u00e1tami a objektmi v SAP prostred\u00ed, orientova\u0165 sa v najd\u00f4le\u017eitej\u0161\u00edch SAP transakci\u00e1ch a pochopi\u0165 princ\u00edpy spr\u00e1vy podnikov\u00fdch d\u00e1t. Samostatn\u00e1 \u010das\u0165 kurzu je venovan\u00e1 datab\u00e1zam so zameran\u00edm na SAP HANA, jej architekt\u00faru, prepojenie so SAP GUI, ETL procesmi, Excelom a n\u00e1strojmi na export a anal\u00fdzu d\u00e1t. Kurz rozv\u00edja praktick\u00e9 porozumenie SQL jazyka pri pr\u00e1ci s datab\u00e1zami MySQL a SAP HANA vr\u00e1tane tvorby dopytov, skriptov, agrega\u010dn\u00fdch funkci\u00ed a zoskupovania d\u00e1t. Z\u00edskame preh\u013ead o SAP HANA Cloud, jeho mo\u017enostiach, obmedzeniach a vyu\u017eit\u00ed v cloudovom prostred\u00ed vr\u00e1tane pr\u00e1ce s d\u00e1tov\u00fdmi modelmi a exportmi. Obsah je koncipovan\u00fd tak, aby sme pochopili technick\u00e9 aj aplika\u010dn\u00e9 z\u00e1klady SAP S\/4 HANA a vedeli ich prepoji\u0165 s re\u00e1lnymi podnikov\u00fdch scen\u00e1rmi. Ak sa chcete skuto\u010dne nau\u010di\u0165 pracova\u0165 so SAP S\/4 HANA a sta\u0165 sa SAP \u0161pecialistom na z\u00e1kladnej \u00farovni, tak toto je ide\u00e1lny vstupn\u00fd online kurz pre v\u00e1s.<\/p>\n","protected":false},"excerpt":{"rendered":"<p>Online kurz SAP S\/4 HANA Z\u00e1klady v\u00e1s nau\u010d\u00ed orientova\u0165 sa v SAP ekosyst\u00e9me, pracova\u0165 so SAP S\/4 HANA, datab\u00e1zou SAP HANA, transakciami a z\u00e1kladmi pr\u00e1ce s podnikov\u00fdmi d\u00e1tami v praxi.","protected":false},"author":4,"featured_media":21509,"comment_status":"closed","ping_status":"closed","template":"","meta":{"_acf_changed":false},"product_brand":[],"product_cat":[111],"product_tag":[23],"class_list":{"0":"post-21494","1":"product","2":"type-product","3":"status-publish","4":"has-post-thumbnail","6":"product_cat-online-kurzy-sap-a-abap","7":"product_tag-sap","9":"first","10":"instock","11":"sale","12":"sold-individually","13":"taxable","14":"shipping-taxable","15":"purchasable","16":"product-type-simple"},"yoast_head":"<!-- This site is optimized with the Yoast SEO Premium plugin v25.0 (Yoast SEO v25.0) - https:\/\/yoast.com\/wordpress\/plugins\/seo\/ -->\n<title>Online kurz SAP S\/4 HANA Z\u00e1klady | VITA<\/title>\n<meta name=\"description\" content=\"V online kurze SAP S\/4 HANA sa nau\u010d\u00edte pracova\u0165 s pokro\u010dil\u00fdm ERP syst\u00e9mom SAP S\/4 HANA pre efekt\u00edvne riadenie podnikov\u00fdch procesov. \u2705\" \/>\n<meta name=\"robots\" content=\"index, follow, max-snippet:-1, max-image-preview:large, max-video-preview:-1\" \/>\n<link rel=\"canonical\" href=\"https:\/\/www.vita.sk\/online-kurz-sap-s-4-hana\/\" \/>\n<meta property=\"og:locale\" content=\"cs_CZ\" \/>\n<meta property=\"og:type\" content=\"article\" \/>\n<meta property=\"og:title\" content=\"Online kurz SAP S\/4 HANA Z\u00e1klady\" \/>\n<meta property=\"og:description\" content=\"V online kurze SAP S\/4 HANA sa nau\u010d\u00edte pracova\u0165 s pokro\u010dil\u00fdm ERP syst\u00e9mom SAP S\/4 HANA pre efekt\u00edvne riadenie podnikov\u00fdch procesov. \u2705\" \/>\n<meta property=\"og:url\" content=\"https:\/\/www.vita.sk\/online-kurz-sap-s-4-hana\/\" \/>\n<meta property=\"og:site_name\" content=\"VITA\" \/>\n<meta property=\"article:publisher\" content=\"https:\/\/www.facebook.com\/VitaAcademySK\" \/>\n<meta property=\"article:modified_time\" content=\"2026-02-05T12:06:06+00:00\" \/>\n<meta property=\"og:image\" content=\"https:\/\/www.vita.sk\/wp-content\/uploads\/2024\/09\/Online-kurz-SAP-S4-HANA.png\" \/>\n\t<meta property=\"og:image:width\" content=\"360\" \/>\n\t<meta property=\"og:image:height\" content=\"360\" \/>\n\t<meta property=\"og:image:type\" content=\"image\/png\" \/>\n<meta name=\"twitter:card\" content=\"summary_large_image\" \/>\n<meta name=\"twitter:label1\" content=\"Odhadovan\u00e1 doba \u010dten\u00ed\" \/>\n\t<meta name=\"twitter:data1\" content=\"2 minuty\" \/>\n<script type=\"application\/ld+json\" class=\"yoast-schema-graph\">{\n\t    \"@context\": \"https:\/\/schema.org\",\n\t    \"@graph\": [\n\t        {\n\t            \"@type\": \"WebPage\",\n\t            \"@id\": \"https:\/\/www.vita.sk\/online-kurz-sap-s-4-hana\/\",\n\t            \"url\": \"https:\/\/www.vita.sk\/online-kurz-sap-s-4-hana\/\",\n\t            \"name\": \"Online kurz SAP S\/4 HANA Z\u00e1klady | VITA\",\n\t            \"isPartOf\": {\n\t                \"@id\": \"https:\/\/www.vita.sk\/#website\"\n\t            },\n\t            \"primaryImageOfPage\": {\n\t                \"@id\": \"https:\/\/www.vita.sk\/online-kurz-sap-s-4-hana\/#primaryimage\"\n\t            },\n\t            \"image\": {\n\t                \"@id\": \"https:\/\/www.vita.sk\/online-kurz-sap-s-4-hana\/#primaryimage\"\n\t            },\n\t            \"thumbnailUrl\": \"https:\/\/www.vita.sk\/wp-content\/uploads\/2024\/09\/Online-kurz-SAP-S4-HANA.png\",\n\t            \"datePublished\": \"2024-09-03T11:29:59+00:00\",\n\t            \"dateModified\": \"2026-02-05T12:06:06+00:00\",\n\t            \"description\": \"V online kurze SAP S\/4 HANA sa nau\u010d\u00edte pracova\u0165 s pokro\u010dil\u00fdm ERP syst\u00e9mom SAP S\/4 HANA pre efekt\u00edvne riadenie podnikov\u00fdch procesov. \u2705\",\n\t            \"breadcrumb\": {\n\t                \"@id\": \"https:\/\/www.vita.sk\/online-kurz-sap-s-4-hana\/#breadcrumb\"\n\t            },\n\t            \"inLanguage\": \"cs\",\n\t            \"potentialAction\": [\n\t                {\n\t                    \"@type\": \"ReadAction\",\n\t                    \"target\": [\n\t                        \"https:\/\/www.vita.sk\/online-kurz-sap-s-4-hana\/\"\n\t                    ]\n\t                }\n\t            ]\n\t        },\n\t        {\n\t            \"@type\": \"ImageObject\",\n\t            \"inLanguage\": \"cs\",\n\t            \"@id\": \"https:\/\/www.vita.sk\/online-kurz-sap-s-4-hana\/#primaryimage\",\n\t            \"url\": \"https:\/\/www.vita.sk\/wp-content\/uploads\/2024\/09\/Online-kurz-SAP-S4-HANA.png\",\n\t            \"contentUrl\": \"https:\/\/www.vita.sk\/wp-content\/uploads\/2024\/09\/Online-kurz-SAP-S4-HANA.png\",\n\t            \"width\": 360,\n\t            \"height\": 360,\n\t            \"caption\": \"Online kurz SAP S\/4 HANA\"\n\t        },\n\t        {\n\t            \"@type\": \"BreadcrumbList\",\n\t            \"@id\": \"https:\/\/www.vita.sk\/online-kurz-sap-s-4-hana\/#breadcrumb\",\n\t            \"itemListElement\": [\n\t                {\n\t                    \"@type\": \"ListItem\",\n\t                    \"position\": 1,\n\t                    \"name\": \"VITA Academy\",\n\t                    \"item\": \"https:\/\/www.vita.sk\/cs\/\"\n\t                },\n\t                {\n\t                    \"@type\": \"ListItem\",\n\t                    \"position\": 2,\n\t                    \"name\": \"Shop\",\n\t                    \"item\": \"https:\/\/www.vita.sk\/shop\/\"\n\t                },\n\t                {\n\t                    \"@type\": \"ListItem\",\n\t                    \"position\": 3,\n\t                    \"name\": \"SAP a ABAP\",\n\t                    \"item\": \"https:\/\/www.vita.sk\/online-kurzy-sap-a-abap\/\"\n\t                },\n\t                {\n\t                    \"@type\": \"ListItem\",\n\t                    \"position\": 4,\n\t                    \"name\": \"Online kurz SAP S\/4 HANA Z\u00e1klady\"\n\t                }\n\t            ]\n\t        },\n\t        {\n\t            \"@type\": \"WebSite\",\n\t            \"@id\": \"https:\/\/www.vita.sk\/#website\",\n\t            \"url\": \"https:\/\/www.vita.sk\/\",\n\t            \"name\": \"VITA\",\n\t            \"description\": \"\",\n\t            \"publisher\": {\n\t                \"@id\": \"https:\/\/www.vita.sk\/#organization\"\n\t            },\n\t            \"potentialAction\": [\n\t                {\n\t                    \"@type\": \"SearchAction\",\n\t                    \"target\": {\n\t                        \"@type\": \"EntryPoint\",\n\t                        \"urlTemplate\": \"https:\/\/www.vita.sk\/?s={search_term_string}\"\n\t                    },\n\t                    \"query-input\": {\n\t                        \"@type\": \"PropertyValueSpecification\",\n\t                        \"valueRequired\": true,\n\t                        \"valueName\": \"search_term_string\"\n\t                    }\n\t                }\n\t            ],\n\t            \"inLanguage\": \"cs\"\n\t        },\n\t        {\n\t            \"email\": \"admin@vita.sk\",\n\t            \"logo\": \"https:\/\/www.vita.sk\/img\/vita_logo.png \",\n\t            \"address\": {\n\t                \"type\": \"PostalAddress\",\n\t                \"streetAddress\": \"Tom\u00e1\u0161ikova 50\/A\",\n\t                \"addressLocality\": \"Bratislava\",\n\t                \"postalCode\": \"83104\",\n\t                \"addressCountry\": {\n\t                    \"name\": \"SK\",\n\t                    \"type\": \"Country\"\n\t                }\n\t            },\n\t            \"contactPoint\": {\n\t                \"type\": \"ContactPoint\",\n\t                \"telephone\": \"+421 907 375\u00a0543\",\n\t                \"Email\": \"admin@vita.sk\",\n\t                \"contactType\": \"customer service\"\n\t            },\n\t            \"sameAs\": [\n\t                \"https:\/\/www.facebook.com\/VitaAcademySK\/\",\n\t                \"https:\/\/www.linkedin.com\/company\/vita-academy\/\"\n\t            ]\n\t        }\n\t    ]\n\t}<\/script>\n<!-- \/ Yoast SEO Premium plugin. -->","yoast_head_json":{"title":"Online kurz SAP S\/4 HANA Z\u00e1klady | VITA","description":"V online kurze SAP S\/4 HANA sa nau\u010d\u00edte pracova\u0165 s pokro\u010dil\u00fdm ERP syst\u00e9mom SAP S\/4 HANA pre efekt\u00edvne riadenie podnikov\u00fdch procesov. \u2705","robots":{"index":"index","follow":"follow","max-snippet":"max-snippet:-1","max-image-preview":"max-image-preview:large","max-video-preview":"max-video-preview:-1"},"canonical":"https:\/\/www.vita.sk\/online-kurz-sap-s-4-hana\/","og_locale":"cs_CZ","og_type":"article","og_title":"Online kurz SAP S\/4 HANA Z\u00e1klady","og_description":"V online kurze SAP S\/4 HANA sa nau\u010d\u00edte pracova\u0165 s pokro\u010dil\u00fdm ERP syst\u00e9mom SAP S\/4 HANA pre efekt\u00edvne riadenie podnikov\u00fdch procesov. \u2705","og_url":"https:\/\/www.vita.sk\/online-kurz-sap-s-4-hana\/","og_site_name":"VITA","article_publisher":"https:\/\/www.facebook.com\/VitaAcademySK","article_modified_time":"2026-02-05T12:06:06+00:00","og_image":[{"width":360,"height":360,"url":"https:\/\/www.vita.sk\/wp-content\/uploads\/2024\/09\/Online-kurz-SAP-S4-HANA.png","type":"image\/png"}],"twitter_card":"summary_large_image","twitter_misc":{"Odhadovan\u00e1 doba \u010dten\u00ed":"2 minuty"},"schema":{"@context":"https:\/\/schema.org","@graph":[{"@type":"WebPage","@id":"https:\/\/www.vita.sk\/online-kurz-sap-s-4-hana\/","url":"https:\/\/www.vita.sk\/online-kurz-sap-s-4-hana\/","name":"Online kurz SAP S\/4 HANA Z\u00e1klady | VITA","isPartOf":{"@id":"https:\/\/www.vita.sk\/#website"},"primaryImageOfPage":{"@id":"https:\/\/www.vita.sk\/online-kurz-sap-s-4-hana\/#primaryimage"},"image":{"@id":"https:\/\/www.vita.sk\/online-kurz-sap-s-4-hana\/#primaryimage"},"thumbnailUrl":"https:\/\/www.vita.sk\/wp-content\/uploads\/2024\/09\/Online-kurz-SAP-S4-HANA.png","datePublished":"2024-09-03T11:29:59+00:00","dateModified":"2026-02-05T12:06:06+00:00","description":"V online kurze SAP S\/4 HANA sa nau\u010d\u00edte pracova\u0165 s pokro\u010dil\u00fdm ERP syst\u00e9mom SAP S\/4 HANA pre efekt\u00edvne riadenie podnikov\u00fdch procesov. \u2705","breadcrumb":{"@id":"https:\/\/www.vita.sk\/online-kurz-sap-s-4-hana\/#breadcrumb"},"inLanguage":"cs","potentialAction":[{"@type":"ReadAction","target":["https:\/\/www.vita.sk\/online-kurz-sap-s-4-hana\/"]}]},{"@type":"ImageObject","inLanguage":"cs","@id":"https:\/\/www.vita.sk\/online-kurz-sap-s-4-hana\/#primaryimage","url":"https:\/\/www.vita.sk\/wp-content\/uploads\/2024\/09\/Online-kurz-SAP-S4-HANA.png","contentUrl":"https:\/\/www.vita.sk\/wp-content\/uploads\/2024\/09\/Online-kurz-SAP-S4-HANA.png","width":360,"height":360,"caption":"Online kurz SAP S\/4 HANA"},{"@type":"BreadcrumbList","@id":"https:\/\/www.vita.sk\/online-kurz-sap-s-4-hana\/#breadcrumb","itemListElement":[{"@type":"ListItem","position":1,"name":"VITA Academy","item":"https:\/\/www.vita.sk\/cs\/"},{"@type":"ListItem","position":2,"name":"Shop","item":"https:\/\/www.vita.sk\/shop\/"},{"@type":"ListItem","position":3,"name":"SAP a ABAP","item":"https:\/\/www.vita.sk\/online-kurzy-sap-a-abap\/"},{"@type":"ListItem","position":4,"name":"Online kurz SAP S\/4 HANA Z\u00e1klady"}]},{"@type":"WebSite","@id":"https:\/\/www.vita.sk\/#website","url":"https:\/\/www.vita.sk\/","name":"VITA","description":"","publisher":{"@id":"https:\/\/www.vita.sk\/#organization"},"potentialAction":[{"@type":"SearchAction","target":{"@type":"EntryPoint","urlTemplate":"https:\/\/www.vita.sk\/?s={search_term_string}"},"query-input":{"@type":"PropertyValueSpecification","valueRequired":true,"valueName":"search_term_string"}}],"inLanguage":"cs"},{"email":"admin@vita.sk","logo":"https:\/\/www.vita.sk\/img\/vita_logo.png ","address":{"type":"PostalAddress","streetAddress":"Tom\u00e1\u0161ikova 50\/A","addressLocality":"Bratislava","postalCode":"83104","addressCountry":{"name":"SK","type":"Country"}},"contactPoint":{"type":"ContactPoint","telephone":"+421 907 375\u00a0543","Email":"admin@vita.sk","contactType":"customer service"},"sameAs":["https:\/\/www.facebook.com\/VitaAcademySK\/","https:\/\/www.linkedin.com\/company\/vita-academy\/"]}]}},"acf":[],"_links":{"self":[{"href":"https:\/\/www.vita.sk\/cs\/wp-json\/wp\/v2\/product\/21494","targetHints":{"allow":["GET"]}}],"collection":[{"href":"https:\/\/www.vita.sk\/cs\/wp-json\/wp\/v2\/product"}],"about":[{"href":"https:\/\/www.vita.sk\/cs\/wp-json\/wp\/v2\/types\/product"}],"author":[{"embeddable":true,"href":"https:\/\/www.vita.sk\/cs\/wp-json\/wp\/v2\/users\/4"}],"replies":[{"embeddable":true,"href":"https:\/\/www.vita.sk\/cs\/wp-json\/wp\/v2\/comments?post=21494"}],"wp:featuredmedia":[{"embeddable":true,"href":"https:\/\/www.vita.sk\/cs\/wp-json\/wp\/v2\/media\/21509"}],"wp:attachment":[{"href":"https:\/\/www.vita.sk\/cs\/wp-json\/wp\/v2\/media?parent=21494"}],"wp:term":[{"taxonomy":"product_brand","embeddable":true,"href":"https:\/\/www.vita.sk\/cs\/wp-json\/wp\/v2\/product_brand?post=21494"},{"taxonomy":"product_cat","embeddable":true,"href":"https:\/\/www.vita.sk\/cs\/wp-json\/wp\/v2\/product_cat?post=21494"},{"taxonomy":"product_tag","embeddable":true,"href":"https:\/\/www.vita.sk\/cs\/wp-json\/wp\/v2\/product_tag?post=21494"}],"curies":[{"name":"wp","href":"https:\/\/api.w.org\/{rel}","templated":true}]}}