{"id":22785,"date":"2024-11-18T15:23:29","date_gmt":"2024-11-18T14:23:29","guid":{"rendered":"https:\/\/www.vita.sk\/?post_type=product&#038;p=22785"},"modified":"2026-04-10T21:40:36","modified_gmt":"2026-04-10T19:40:36","slug":"online-kurz-ako-zalozit-vlastny-blog-wordpress","status":"publish","type":"product","link":"https:\/\/www.vita.sk\/cs\/online-kurz-ako-zalozit-vlastny-blog-wordpress\/","title":{"rendered":"Online kurz Ako zalo\u017ei\u0165 vlastn\u00fd blog vo WordPress?"},"content":{"rendered":"<p>Online kurz Ako zalo\u017ei\u0165 vlastn\u00fd blog vo WordPress je pre v\u00e1s ide\u00e1lny, ak sa chcete nau\u010di\u0165 krok za krokom, ako vytvori\u0165 a spravova\u0165 svoj vlastn\u00fd blog pomocou platformy WordPress. <strong>Ide o akreditovan\u00fd a certifikovan\u00fd online kurz na WordPress.<\/strong> Tento kurz je ur\u010den\u00fd pre za\u010diato\u010dn\u00edkov, ktor\u00ed chc\u00fa spusti\u0165 svoj blog bez potreby pokro\u010dil\u00fdch technick\u00fdch znalost\u00ed. Nau\u010d\u00edte sa, ako si zalo\u017ei\u0165 vlastn\u00fd blog, vybra\u0165 a nain\u0161talova\u0165 vhodn\u00fa t\u00e9mu, a prisp\u00f4sobi\u0165 vzh\u013ead blogu pod\u013ea va\u0161ich predst\u00e1v. Osvoj\u00edte si z\u00e1kladn\u00e9 techniky na prid\u00e1vanie a form\u00e1tovanie pr\u00edspevkov, vkladanie obr\u00e1zkov, vide\u00ed a in\u00fdch multimedi\u00e1lnych s\u00faborov. Kurz v\u00e1m uk\u00e1\u017ee, ako spr\u00e1vne nastavi\u0165 a optimalizova\u0165 blog pre vyh\u013ead\u00e1va\u010de (SEO), aby ste z\u00edskali viac n\u00e1v\u0161tevn\u00edkov. Nau\u010d\u00edte sa aj z\u00e1kladn\u00e9 kroky pre zabezpe\u010denie a ochranu blogu, aby bol v\u00e1\u0161 obsah bezpe\u010dn\u00fd a chr\u00e1nil va\u0161e d\u00e1ta. Uk\u00e1\u017eeme si ako sa chr\u00e1ni\u0165 pre spamom a ako zabezpe\u010di\u0165 emailov\u00fa komunik\u00e1ciu pomocou DKIM, DMARC a DNS. Online kurz v\u00e1m poskytne v\u0161etky n\u00e1stroje, ktor\u00e9 potrebujete na za\u010diatok va\u0161ej blogerskej kari\u00e9ry. Nau\u010d\u00edte sa spravova\u0165 obsah, prisp\u00f4sobi\u0165 design a efekt\u00edvne komunikova\u0165 so svojimi \u010ditate\u013emi. Z\u00edskate tak z\u00e1klady, ktor\u00e9 v\u00e1m umo\u017enia rozbehn\u00fa\u0165 \u00faspe\u0161n\u00fd blog a vyu\u017e\u00edva\u0165 WordPress ako siln\u00fd n\u00e1stroj na zdie\u013eanie va\u0161ich my\u0161lienok a odborn\u00fdch \u010dl\u00e1nkov. Ak sa chcete skuto\u010dne nau\u010di\u0165 pou\u017e\u00edva\u0165 WordPress a v \u0148om tvori\u0165 webstr\u00e1nky s blogom, tak toto je ide\u00e1lny vstupn\u00fd online kurz pre v\u00e1s.<\/p>\n","protected":false},"excerpt":{"rendered":"<p>Online kurz Ako zalo\u017ei\u0165 vlastn\u00fd blog vo WordPress predstavuje praktick\u00fd n\u00e1vod na vytvorenie, nastavenie a spr\u00e1vu blogu vr\u00e1tane publikovania obsahu, pr\u00e1ce s obr\u00e1zkami, SEO a ochrany webu. Z\u00edskate kompletn\u00fd z\u00e1klad pre budovanie \u00faspe\u0161n\u00e9ho a bezpe\u010dn\u00e9ho blogu vo WordPresse.","protected":false},"author":4,"featured_media":964,"comment_status":"open","ping_status":"closed","template":"","meta":{"_acf_changed":false},"product_brand":[],"product_cat":[70,91,127,114,73],"product_tag":[193,481],"class_list":{"0":"post-22785","1":"product","2":"type-product","3":"status-publish","4":"has-post-thumbnail","6":"product_cat-online-kurzy-marketing-reklama-a-pravo","7":"product_cat-online-kurzy-copywriting","8":"product_cat-online-kurzy-wordpress","9":"product_cat-online-kurzy-tvorba-web-stranok","10":"product_cat-bez-kategorie","11":"product_tag-tvorba-web-stranok","12":"product_tag-wordpress","14":"first","15":"instock","16":"sale","17":"sold-individually","18":"taxable","19":"shipping-taxable","20":"purchasable","21":"product-type-simple"},"yoast_head":"<!-- This site is optimized with the Yoast SEO Premium plugin v25.0 (Yoast SEO v25.0) - https:\/\/yoast.com\/wordpress\/plugins\/seo\/ -->\n<title>Online kurz WordPress zalo\u017eenie vlastn\u00e9ho Blogu 2026 | VITA<\/title>\n<meta name=\"description\" content=\"V online kurze WordPress sa nau\u010d\u00edte, ako jednoducho zalo\u017ei\u0165 a spravova\u0165 vlastn\u00fd blog aj s \u010dl\u00e1nkami a outlines pomocou WordPressu. \u2705\" \/>\n<meta name=\"robots\" content=\"index, follow, max-snippet:-1, max-image-preview:large, max-video-preview:-1\" \/>\n<link rel=\"canonical\" href=\"https:\/\/www.vita.sk\/online-kurz-ako-zalozit-vlastny-blog-wordpress\/\" \/>\n<meta property=\"og:locale\" content=\"cs_CZ\" \/>\n<meta property=\"og:type\" content=\"article\" \/>\n<meta property=\"og:title\" content=\"Online kurz Ako zalo\u017ei\u0165 vlastn\u00fd blog vo WordPress?\" \/>\n<meta property=\"og:description\" content=\"V online kurze WordPress sa nau\u010d\u00edte, ako jednoducho zalo\u017ei\u0165 a spravova\u0165 vlastn\u00fd blog aj s \u010dl\u00e1nkami a outlines pomocou WordPressu. \u2705\" \/>\n<meta property=\"og:url\" content=\"https:\/\/www.vita.sk\/online-kurz-ako-zalozit-vlastny-blog-wordpress\/\" \/>\n<meta property=\"og:site_name\" content=\"VITA\" \/>\n<meta property=\"article:publisher\" content=\"https:\/\/www.facebook.com\/VitaAcademySK\" \/>\n<meta property=\"article:modified_time\" content=\"2026-04-10T19:40:36+00:00\" \/>\n<meta property=\"og:image\" content=\"https:\/\/www.vita.sk\/wp-content\/uploads\/2019\/07\/wordpress-1.png\" \/>\n\t<meta property=\"og:image:width\" content=\"360\" \/>\n\t<meta property=\"og:image:height\" content=\"360\" \/>\n\t<meta property=\"og:image:type\" content=\"image\/png\" \/>\n<meta name=\"twitter:card\" content=\"summary_large_image\" \/>\n<meta name=\"twitter:label1\" content=\"Odhadovan\u00e1 doba \u010dten\u00ed\" \/>\n\t<meta name=\"twitter:data1\" content=\"2 minuty\" \/>\n<script type=\"application\/ld+json\" class=\"yoast-schema-graph\">{\n\t    \"@context\": \"https:\/\/schema.org\",\n\t    \"@graph\": [\n\t        {\n\t            \"@type\": \"WebPage\",\n\t            \"@id\": \"https:\/\/www.vita.sk\/online-kurz-ako-zalozit-vlastny-blog-wordpress\/\",\n\t            \"url\": \"https:\/\/www.vita.sk\/online-kurz-ako-zalozit-vlastny-blog-wordpress\/\",\n\t            \"name\": \"Online kurz WordPress zalo\u017eenie vlastn\u00e9ho Blogu {Y} | VITA\",\n\t            \"isPartOf\": {\n\t                \"@id\": \"https:\/\/www.vita.sk\/#website\"\n\t            },\n\t            \"primaryImageOfPage\": {\n\t                \"@id\": \"https:\/\/www.vita.sk\/online-kurz-ako-zalozit-vlastny-blog-wordpress\/#primaryimage\"\n\t            },\n\t            \"image\": {\n\t                \"@id\": \"https:\/\/www.vita.sk\/online-kurz-ako-zalozit-vlastny-blog-wordpress\/#primaryimage\"\n\t            },\n\t            \"thumbnailUrl\": \"https:\/\/www.vita.sk\/wp-content\/uploads\/2019\/07\/wordpress-1.png\",\n\t            \"datePublished\": \"2024-11-18T14:23:29+00:00\",\n\t            \"dateModified\": \"2026-04-10T19:40:36+00:00\",\n\t            \"description\": \"V online kurze WordPress sa nau\u010d\u00edte, ako jednoducho zalo\u017ei\u0165 a spravova\u0165 vlastn\u00fd blog aj s \u010dl\u00e1nkami a outlines pomocou WordPressu. \u2705\",\n\t            \"breadcrumb\": {\n\t                \"@id\": \"https:\/\/www.vita.sk\/online-kurz-ako-zalozit-vlastny-blog-wordpress\/#breadcrumb\"\n\t            },\n\t            \"inLanguage\": \"cs\",\n\t            \"potentialAction\": [\n\t                {\n\t                    \"@type\": \"ReadAction\",\n\t                    \"target\": [\n\t                        \"https:\/\/www.vita.sk\/online-kurz-ako-zalozit-vlastny-blog-wordpress\/\"\n\t                    ]\n\t                }\n\t            ]\n\t        },\n\t        {\n\t            \"@type\": \"ImageObject\",\n\t            \"inLanguage\": \"cs\",\n\t            \"@id\": \"https:\/\/www.vita.sk\/online-kurz-ako-zalozit-vlastny-blog-wordpress\/#primaryimage\",\n\t            \"url\": \"https:\/\/www.vita.sk\/wp-content\/uploads\/2019\/07\/wordpress-1.png\",\n\t            \"contentUrl\": \"https:\/\/www.vita.sk\/wp-content\/uploads\/2019\/07\/wordpress-1.png\",\n\t            \"width\": 360,\n\t            \"height\": 360,\n\t            \"caption\": \"Online kurz WordPress\"\n\t        },\n\t        {\n\t            \"@type\": \"BreadcrumbList\",\n\t            \"@id\": \"https:\/\/www.vita.sk\/online-kurz-ako-zalozit-vlastny-blog-wordpress\/#breadcrumb\",\n\t            \"itemListElement\": [\n\t                {\n\t                    \"@type\": \"ListItem\",\n\t                    \"position\": 1,\n\t                    \"name\": \"VITA Academy\",\n\t                    \"item\": \"https:\/\/www.vita.sk\/cs\/\"\n\t                },\n\t                {\n\t                    \"@type\": \"ListItem\",\n\t                    \"position\": 2,\n\t                    \"name\": \"Shop\",\n\t                    \"item\": \"https:\/\/www.vita.sk\/shop\/\"\n\t                },\n\t                {\n\t                    \"@type\": \"ListItem\",\n\t                    \"position\": 3,\n\t                    \"name\": \"Tvorba Web Str\u00e1nok\",\n\t                    \"item\": \"https:\/\/www.vita.sk\/online-kurzy-tvorba-web-stranok\/\"\n\t                },\n\t                {\n\t                    \"@type\": \"ListItem\",\n\t                    \"position\": 4,\n\t                    \"name\": \"Online kurz Ako zalo\u017ei\u0165 vlastn\u00fd blog vo WordPress?\"\n\t                }\n\t            ]\n\t        },\n\t        {\n\t            \"@type\": \"WebSite\",\n\t            \"@id\": \"https:\/\/www.vita.sk\/#website\",\n\t            \"url\": \"https:\/\/www.vita.sk\/\",\n\t            \"name\": \"VITA\",\n\t            \"description\": \"\",\n\t            \"publisher\": {\n\t                \"@id\": \"https:\/\/www.vita.sk\/#organization\"\n\t            },\n\t            \"potentialAction\": [\n\t                {\n\t                    \"@type\": \"SearchAction\",\n\t                    \"target\": {\n\t                        \"@type\": \"EntryPoint\",\n\t                        \"urlTemplate\": \"https:\/\/www.vita.sk\/?s={search_term_string}\"\n\t                    },\n\t                    \"query-input\": {\n\t                        \"@type\": \"PropertyValueSpecification\",\n\t                        \"valueRequired\": true,\n\t                        \"valueName\": \"search_term_string\"\n\t                    }\n\t                }\n\t            ],\n\t            \"inLanguage\": \"cs\"\n\t        },\n\t        {\n\t            \"email\": \"admin@vita.sk\",\n\t            \"logo\": \"https:\/\/www.vita.sk\/img\/vita_logo.png \",\n\t            \"address\": {\n\t                \"type\": \"PostalAddress\",\n\t                \"streetAddress\": \"Tom\u00e1\u0161ikova 50\/A\",\n\t                \"addressLocality\": \"Bratislava\",\n\t                \"postalCode\": \"83104\",\n\t                \"addressCountry\": {\n\t                    \"name\": \"SK\",\n\t                    \"type\": \"Country\"\n\t                }\n\t            },\n\t            \"contactPoint\": {\n\t                \"type\": \"ContactPoint\",\n\t                \"telephone\": \"+421 907 375\u00a0543\",\n\t                \"Email\": \"admin@vita.sk\",\n\t                \"contactType\": \"customer service\"\n\t            },\n\t            \"sameAs\": [\n\t                \"https:\/\/www.facebook.com\/VitaAcademySK\/\",\n\t                \"https:\/\/www.linkedin.com\/company\/vita-academy\/\"\n\t            ]\n\t        }\n\t    ]\n\t}<\/script>\n<!-- \/ Yoast SEO Premium plugin. -->","yoast_head_json":{"title":"Online kurz WordPress zalo\u017eenie vlastn\u00e9ho Blogu 2026 | VITA","description":"V online kurze WordPress sa nau\u010d\u00edte, ako jednoducho zalo\u017ei\u0165 a spravova\u0165 vlastn\u00fd blog aj s \u010dl\u00e1nkami a outlines pomocou WordPressu. \u2705","robots":{"index":"index","follow":"follow","max-snippet":"max-snippet:-1","max-image-preview":"max-image-preview:large","max-video-preview":"max-video-preview:-1"},"canonical":"https:\/\/www.vita.sk\/online-kurz-ako-zalozit-vlastny-blog-wordpress\/","og_locale":"cs_CZ","og_type":"article","og_title":"Online kurz Ako zalo\u017ei\u0165 vlastn\u00fd blog vo WordPress?","og_description":"V online kurze WordPress sa nau\u010d\u00edte, ako jednoducho zalo\u017ei\u0165 a spravova\u0165 vlastn\u00fd blog aj s \u010dl\u00e1nkami a outlines pomocou WordPressu. \u2705","og_url":"https:\/\/www.vita.sk\/online-kurz-ako-zalozit-vlastny-blog-wordpress\/","og_site_name":"VITA","article_publisher":"https:\/\/www.facebook.com\/VitaAcademySK","article_modified_time":"2026-04-10T19:40:36+00:00","og_image":[{"width":360,"height":360,"url":"https:\/\/www.vita.sk\/wp-content\/uploads\/2019\/07\/wordpress-1.png","type":"image\/png"}],"twitter_card":"summary_large_image","twitter_misc":{"Odhadovan\u00e1 doba \u010dten\u00ed":"2 minuty"},"schema":{"@context":"https:\/\/schema.org","@graph":[{"@type":"WebPage","@id":"https:\/\/www.vita.sk\/online-kurz-ako-zalozit-vlastny-blog-wordpress\/","url":"https:\/\/www.vita.sk\/online-kurz-ako-zalozit-vlastny-blog-wordpress\/","name":"Online kurz WordPress zalo\u017eenie vlastn\u00e9ho Blogu {Y} | VITA","isPartOf":{"@id":"https:\/\/www.vita.sk\/#website"},"primaryImageOfPage":{"@id":"https:\/\/www.vita.sk\/online-kurz-ako-zalozit-vlastny-blog-wordpress\/#primaryimage"},"image":{"@id":"https:\/\/www.vita.sk\/online-kurz-ako-zalozit-vlastny-blog-wordpress\/#primaryimage"},"thumbnailUrl":"https:\/\/www.vita.sk\/wp-content\/uploads\/2019\/07\/wordpress-1.png","datePublished":"2024-11-18T14:23:29+00:00","dateModified":"2026-04-10T19:40:36+00:00","description":"V online kurze WordPress sa nau\u010d\u00edte, ako jednoducho zalo\u017ei\u0165 a spravova\u0165 vlastn\u00fd blog aj s \u010dl\u00e1nkami a outlines pomocou WordPressu. \u2705","breadcrumb":{"@id":"https:\/\/www.vita.sk\/online-kurz-ako-zalozit-vlastny-blog-wordpress\/#breadcrumb"},"inLanguage":"cs","potentialAction":[{"@type":"ReadAction","target":["https:\/\/www.vita.sk\/online-kurz-ako-zalozit-vlastny-blog-wordpress\/"]}]},{"@type":"ImageObject","inLanguage":"cs","@id":"https:\/\/www.vita.sk\/online-kurz-ako-zalozit-vlastny-blog-wordpress\/#primaryimage","url":"https:\/\/www.vita.sk\/wp-content\/uploads\/2019\/07\/wordpress-1.png","contentUrl":"https:\/\/www.vita.sk\/wp-content\/uploads\/2019\/07\/wordpress-1.png","width":360,"height":360,"caption":"Online kurz WordPress"},{"@type":"BreadcrumbList","@id":"https:\/\/www.vita.sk\/online-kurz-ako-zalozit-vlastny-blog-wordpress\/#breadcrumb","itemListElement":[{"@type":"ListItem","position":1,"name":"VITA Academy","item":"https:\/\/www.vita.sk\/cs\/"},{"@type":"ListItem","position":2,"name":"Shop","item":"https:\/\/www.vita.sk\/shop\/"},{"@type":"ListItem","position":3,"name":"Tvorba Web Str\u00e1nok","item":"https:\/\/www.vita.sk\/online-kurzy-tvorba-web-stranok\/"},{"@type":"ListItem","position":4,"name":"Online kurz Ako zalo\u017ei\u0165 vlastn\u00fd blog vo WordPress?"}]},{"@type":"WebSite","@id":"https:\/\/www.vita.sk\/#website","url":"https:\/\/www.vita.sk\/","name":"VITA","description":"","publisher":{"@id":"https:\/\/www.vita.sk\/#organization"},"potentialAction":[{"@type":"SearchAction","target":{"@type":"EntryPoint","urlTemplate":"https:\/\/www.vita.sk\/?s={search_term_string}"},"query-input":{"@type":"PropertyValueSpecification","valueRequired":true,"valueName":"search_term_string"}}],"inLanguage":"cs"},{"email":"admin@vita.sk","logo":"https:\/\/www.vita.sk\/img\/vita_logo.png ","address":{"type":"PostalAddress","streetAddress":"Tom\u00e1\u0161ikova 50\/A","addressLocality":"Bratislava","postalCode":"83104","addressCountry":{"name":"SK","type":"Country"}},"contactPoint":{"type":"ContactPoint","telephone":"+421 907 375\u00a0543","Email":"admin@vita.sk","contactType":"customer service"},"sameAs":["https:\/\/www.facebook.com\/VitaAcademySK\/","https:\/\/www.linkedin.com\/company\/vita-academy\/"]}]}},"acf":[],"_links":{"self":[{"href":"https:\/\/www.vita.sk\/cs\/wp-json\/wp\/v2\/product\/22785","targetHints":{"allow":["GET"]}}],"collection":[{"href":"https:\/\/www.vita.sk\/cs\/wp-json\/wp\/v2\/product"}],"about":[{"href":"https:\/\/www.vita.sk\/cs\/wp-json\/wp\/v2\/types\/product"}],"author":[{"embeddable":true,"href":"https:\/\/www.vita.sk\/cs\/wp-json\/wp\/v2\/users\/4"}],"replies":[{"embeddable":true,"href":"https:\/\/www.vita.sk\/cs\/wp-json\/wp\/v2\/comments?post=22785"}],"wp:featuredmedia":[{"embeddable":true,"href":"https:\/\/www.vita.sk\/cs\/wp-json\/wp\/v2\/media\/964"}],"wp:attachment":[{"href":"https:\/\/www.vita.sk\/cs\/wp-json\/wp\/v2\/media?parent=22785"}],"wp:term":[{"taxonomy":"product_brand","embeddable":true,"href":"https:\/\/www.vita.sk\/cs\/wp-json\/wp\/v2\/product_brand?post=22785"},{"taxonomy":"product_cat","embeddable":true,"href":"https:\/\/www.vita.sk\/cs\/wp-json\/wp\/v2\/product_cat?post=22785"},{"taxonomy":"product_tag","embeddable":true,"href":"https:\/\/www.vita.sk\/cs\/wp-json\/wp\/v2\/product_tag?post=22785"}],"curies":[{"name":"wp","href":"https:\/\/api.w.org\/{rel}","templated":true}]}}