{"id":23472,"date":"2025-01-17T10:05:29","date_gmt":"2025-01-17T09:05:29","guid":{"rendered":"https:\/\/www.vita.sk\/?post_type=product&#038;p=23472"},"modified":"2025-05-26T16:28:30","modified_gmt":"2025-05-26T14:28:30","slug":"online-kurz-julia-lang-i-zaciatocnik","status":"publish","type":"product","link":"https:\/\/www.vita.sk\/cs\/online-kurz-julia-lang-i-zaciatocnik\/","title":{"rendered":"Online kurz Julia I. Za\u010diato\u010dn\u00edk"},"content":{"rendered":"<p>Online kurz Julia I. Za\u010diato\u010dn\u00edk je pre v\u00e1s ide\u00e1lny, ak sa chcete nau\u010di\u0165 z\u00e1klady programovania v jazyku Julia a z\u00edska\u0165 potrebn\u00e9 zru\u010dnosti na za\u010diatok va\u0161ej cesty v oblasti v\u00fdvoja a anal\u00fdzy d\u00e1t. <strong>Ide o certifikovan\u00fd kurz na Julia.<\/strong> Kurz v\u00e1s obozn\u00e1mi so z\u00e1kladmi jazyka Julia a jeho v\u00fdhodami, ako aj s prostred\u00edm, ktor\u00e9 v\u00e1m umo\u017en\u00ed efekt\u00edvne za\u010da\u0165 programova\u0165. Nau\u010d\u00edte sa pracova\u0165 s REPL (Read-Eval-Print Loop) termin\u00e1lom, ktor\u00fd je z\u00e1kladn\u00fdm n\u00e1strojom pre interakt\u00edvne programovanie v jazyku Julia. Tento n\u00e1stroj v\u00e1m umo\u017en\u00ed sp\u00fa\u0161\u0165a\u0165 k\u00f3d priamo v termin\u00e1li a testova\u0165 jednotliv\u00e9 pr\u00edkazy, \u010do je skvel\u00fd sp\u00f4sob, ako sa zozn\u00e1mi\u0165 s jazykov\u00fdmi kon\u0161trukciami. Kurz sa \u010falej zameriava na z\u00e1kladn\u00e9 programovacie techniky v jazyku Julia, ako s\u00fa podmienky, cykly a vytv\u00e1ranie vlastn\u00fdch funkci\u00ed. Nau\u010d\u00edte sa, ako pou\u017e\u00edva\u0165 tieto kon\u0161trukcie na rie\u0161enie praktick\u00fdch \u00faloh, a to efekt\u00edvne a \u010ditate\u013ene. Z\u00edskate praktick\u00e9 zru\u010dnosti, ktor\u00e9 v\u00e1m umo\u017enia za\u010da\u0165 s jednoduch\u00fdmi projektami a aplik\u00e1ciami v Julia. V \u010fal\u0161ej \u010dasti kurzu sa zameriate na pr\u00e1cu s bal\u00ed\u010dkami v jazyku Julia, \u010do je neoddelite\u013enou s\u00fa\u010das\u0165ou v\u00fdvoja v tomto jazyku. Nau\u010d\u00edte sa, ako pou\u017e\u00edva\u0165 a spravova\u0165 bal\u00ed\u010dky cez n\u00e1stroj Pkg, ktor\u00fd umo\u017e\u0148uje jednoduch\u00fa in\u0161tal\u00e1ciu a spr\u00e1vu kni\u017en\u00edc. Kurz tie\u017e pokr\u00fdva r\u00f4zne typy bal\u00ed\u010dkov, ktor\u00e9 s\u00fa k dispoz\u00edcii pre r\u00f4zne \u00fa\u010dely \u2013 od anal\u00fdzy d\u00e1t a\u017e po vedeck\u00e9 v\u00fdpo\u010dty. V \u010fal\u0161ej \u010dasti kurzu sa budete venova\u0165 d\u00e1tov\u00fdm \u0161trukt\u00faram, ktor\u00e9 s\u00fa k\u013e\u00fa\u010dov\u00e9 pre efekt\u00edvnu pr\u00e1cu s d\u00e1tami v jazyku Julia. Z\u00edskate praktick\u00e9 zru\u010dnosti v pr\u00e1ci s r\u00f4znymi typmi d\u00e1tov\u00fdch \u0161trukt\u00far, ako s\u00fa polia, zoznamy, slovn\u00edky a \u010fal\u0161ie. Okrem toho sa nau\u010d\u00edte z\u00e1klady paralelizmu a vysokov\u00fdkonn\u00e9ho v\u00fdpo\u010dtu (HPC) v jazyku Julia, \u010do v\u00e1m umo\u017en\u00ed efekt\u00edvne spracov\u00e1va\u0165 ve\u013ek\u00e9 objemy d\u00e1t a vykon\u00e1va\u0165 n\u00e1ro\u010dn\u00e9 v\u00fdpo\u010dty na viacer\u00fdch procesoroch s\u00fa\u010dasne. Na z\u00e1ver sa kurz zameria na pou\u017eitie jazyka Markdown v kombin\u00e1cii s notebookmi, \u010do v\u00e1m umo\u017en\u00ed dokumentova\u0165 va\u0161e programy a v\u00fdsledky v preh\u013eadnej forme. Markdown je skvel\u00fd n\u00e1stroj na form\u00e1tovanie textu a v kurze sa nau\u010d\u00edte, ako ho vyu\u017ei\u0165 na zlep\u0161enie prezent\u00e1cie va\u0161ich projektov, ako aj na dokumentovanie k\u00f3du v Julia a Python notebookoch. Ak sa chcete skuto\u010dne nau\u010di\u0165 programova\u0165 v Julia , tak toto je ide\u00e1lny vstupn\u00fd online kurz pre v\u00e1s.<\/p>\n<p>&nbsp;<\/p>\n<p>&nbsp;<\/p>\n","protected":false},"excerpt":{"rendered":"<p>Online kurz Julia I. Za\u010diato\u010dn\u00edk je pre v\u00e1s ide\u00e1lny, ak sa chcete nau\u010di\u0165 z\u00e1klady programovania v jazyku Julia a z\u00edska\u0165 potrebn\u00e9 zru\u010dnosti na za\u010diatok va\u0161ej cesty v oblasti v\u00fdvoja a anal\u00fdzy d\u00e1t. Ide o certifikovan\u00fd kurz na Julia.","protected":false},"author":4,"featured_media":23596,"comment_status":"open","ping_status":"closed","template":"","meta":{"_acf_changed":false},"product_brand":[],"product_cat":[715,99,73],"product_tag":[189],"class_list":{"0":"post-23472","1":"product","2":"type-product","3":"status-publish","4":"has-post-thumbnail","6":"product_cat-online-kurzy-julia","7":"product_cat-online-kurzy-programovacie-jazyky","8":"product_cat-bez-kategorie","9":"product_tag-programovacie-jazyky","11":"first","12":"instock","13":"sale","14":"sold-individually","15":"taxable","16":"shipping-taxable","17":"purchasable","18":"product-type-simple"},"yoast_head":"<!-- This site is optimized with the Yoast SEO Premium plugin v25.0 (Yoast SEO v25.0) - https:\/\/yoast.com\/wordpress\/plugins\/seo\/ -->\n<title>Online kurz Julia I. Za\u010diato\u010dn\u00edk 2026 | VITA<\/title>\n<meta name=\"description\" content=\"V online kurze Julia sa nau\u010d\u00edte z\u00e1klady programovania v jazyku Julia. Nau\u010d\u00edme v\u00e1s pracova\u0165 s funkciami a vytvori\u0165 si vlastn\u00fa aplik\u00e1ciu. \u2705\" \/>\n<meta name=\"robots\" content=\"index, follow, max-snippet:-1, max-image-preview:large, max-video-preview:-1\" \/>\n<link rel=\"canonical\" href=\"https:\/\/www.vita.sk\/online-kurz-julia-lang-i-zaciatocnik\/\" \/>\n<meta property=\"og:locale\" content=\"cs_CZ\" \/>\n<meta property=\"og:type\" content=\"article\" \/>\n<meta property=\"og:title\" content=\"Online kurz Julia I. Za\u010diato\u010dn\u00edk\" \/>\n<meta property=\"og:description\" content=\"V online kurze Julia sa nau\u010d\u00edte z\u00e1klady programovania v jazyku Julia. Nau\u010d\u00edme v\u00e1s pracova\u0165 s funkciami a vytvori\u0165 si vlastn\u00fa aplik\u00e1ciu. \u2705\" \/>\n<meta property=\"og:url\" content=\"https:\/\/www.vita.sk\/online-kurz-julia-lang-i-zaciatocnik\/\" \/>\n<meta property=\"og:site_name\" content=\"VITA\" \/>\n<meta property=\"article:publisher\" content=\"https:\/\/www.facebook.com\/VitaAcademySK\" \/>\n<meta property=\"article:modified_time\" content=\"2025-05-26T14:28:30+00:00\" \/>\n<meta property=\"og:image\" content=\"https:\/\/www.vita.sk\/wp-content\/uploads\/2025\/01\/kurz_julia.png\" \/>\n\t<meta property=\"og:image:width\" content=\"360\" \/>\n\t<meta property=\"og:image:height\" content=\"360\" \/>\n\t<meta property=\"og:image:type\" content=\"image\/png\" \/>\n<meta name=\"twitter:card\" content=\"summary_large_image\" \/>\n<meta name=\"twitter:label1\" content=\"Odhadovan\u00e1 doba \u010dten\u00ed\" \/>\n\t<meta name=\"twitter:data1\" content=\"3 minuty\" \/>\n<script type=\"application\/ld+json\" class=\"yoast-schema-graph\">{\n\t    \"@context\": \"https:\/\/schema.org\",\n\t    \"@graph\": [\n\t        {\n\t            \"@type\": \"WebPage\",\n\t            \"@id\": \"https:\/\/www.vita.sk\/online-kurz-julia-lang-i-zaciatocnik\/\",\n\t            \"url\": \"https:\/\/www.vita.sk\/online-kurz-julia-lang-i-zaciatocnik\/\",\n\t            \"name\": \"Online kurz Julia I. Za\u010diato\u010dn\u00edk {Y} | VITA\",\n\t            \"isPartOf\": {\n\t                \"@id\": \"https:\/\/www.vita.sk\/#website\"\n\t            },\n\t            \"primaryImageOfPage\": {\n\t                \"@id\": \"https:\/\/www.vita.sk\/online-kurz-julia-lang-i-zaciatocnik\/#primaryimage\"\n\t            },\n\t            \"image\": {\n\t                \"@id\": \"https:\/\/www.vita.sk\/online-kurz-julia-lang-i-zaciatocnik\/#primaryimage\"\n\t            },\n\t            \"thumbnailUrl\": \"https:\/\/www.vita.sk\/wp-content\/uploads\/2025\/01\/kurz_julia.png\",\n\t            \"datePublished\": \"2025-01-17T09:05:29+00:00\",\n\t            \"dateModified\": \"2025-05-26T14:28:30+00:00\",\n\t            \"description\": \"V online kurze Julia sa nau\u010d\u00edte z\u00e1klady programovania v jazyku Julia. Nau\u010d\u00edme v\u00e1s pracova\u0165 s funkciami a vytvori\u0165 si vlastn\u00fa aplik\u00e1ciu. \u2705\",\n\t            \"breadcrumb\": {\n\t                \"@id\": \"https:\/\/www.vita.sk\/online-kurz-julia-lang-i-zaciatocnik\/#breadcrumb\"\n\t            },\n\t            \"inLanguage\": \"cs\",\n\t            \"potentialAction\": [\n\t                {\n\t                    \"@type\": \"ReadAction\",\n\t                    \"target\": [\n\t                        \"https:\/\/www.vita.sk\/online-kurz-julia-lang-i-zaciatocnik\/\"\n\t                    ]\n\t                }\n\t            ]\n\t        },\n\t        {\n\t            \"@type\": \"ImageObject\",\n\t            \"inLanguage\": \"cs\",\n\t            \"@id\": \"https:\/\/www.vita.sk\/online-kurz-julia-lang-i-zaciatocnik\/#primaryimage\",\n\t            \"url\": \"https:\/\/www.vita.sk\/wp-content\/uploads\/2025\/01\/kurz_julia.png\",\n\t            \"contentUrl\": \"https:\/\/www.vita.sk\/wp-content\/uploads\/2025\/01\/kurz_julia.png\",\n\t            \"width\": 360,\n\t            \"height\": 360,\n\t            \"caption\": \"online kurz julia\"\n\t        },\n\t        {\n\t            \"@type\": \"BreadcrumbList\",\n\t            \"@id\": \"https:\/\/www.vita.sk\/online-kurz-julia-lang-i-zaciatocnik\/#breadcrumb\",\n\t            \"itemListElement\": [\n\t                {\n\t                    \"@type\": \"ListItem\",\n\t                    \"position\": 1,\n\t                    \"name\": \"VITA Academy\",\n\t                    \"item\": \"https:\/\/www.vita.sk\/cs\/\"\n\t                },\n\t                {\n\t                    \"@type\": \"ListItem\",\n\t                    \"position\": 2,\n\t                    \"name\": \"Shop\",\n\t                    \"item\": \"https:\/\/www.vita.sk\/shop\/\"\n\t                },\n\t                {\n\t                    \"@type\": \"ListItem\",\n\t                    \"position\": 3,\n\t                    \"name\": \"Programovacie Jazyky\",\n\t                    \"item\": \"https:\/\/www.vita.sk\/online-kurzy-programovacie-jazyky\/\"\n\t                },\n\t                {\n\t                    \"@type\": \"ListItem\",\n\t                    \"position\": 4,\n\t                    \"name\": \"Julia\",\n\t                    \"item\": \"https:\/\/www.vita.sk\/julia\/\"\n\t                },\n\t                {\n\t                    \"@type\": \"ListItem\",\n\t                    \"position\": 5,\n\t                    \"name\": \"Online kurz Julia I. Za\u010diato\u010dn\u00edk\"\n\t                }\n\t            ]\n\t        },\n\t        {\n\t            \"@type\": \"WebSite\",\n\t            \"@id\": \"https:\/\/www.vita.sk\/#website\",\n\t            \"url\": \"https:\/\/www.vita.sk\/\",\n\t            \"name\": \"VITA\",\n\t            \"description\": \"\",\n\t            \"publisher\": {\n\t                \"@id\": \"https:\/\/www.vita.sk\/#organization\"\n\t            },\n\t            \"potentialAction\": [\n\t                {\n\t                    \"@type\": \"SearchAction\",\n\t                    \"target\": {\n\t                        \"@type\": \"EntryPoint\",\n\t                        \"urlTemplate\": \"https:\/\/www.vita.sk\/?s={search_term_string}\"\n\t                    },\n\t                    \"query-input\": {\n\t                        \"@type\": \"PropertyValueSpecification\",\n\t                        \"valueRequired\": true,\n\t                        \"valueName\": \"search_term_string\"\n\t                    }\n\t                }\n\t            ],\n\t            \"inLanguage\": \"cs\"\n\t        },\n\t        {\n\t            \"email\": \"admin@vita.sk\",\n\t            \"logo\": \"https:\/\/www.vita.sk\/img\/vita_logo.png \",\n\t            \"address\": {\n\t                \"type\": \"PostalAddress\",\n\t                \"streetAddress\": \"Tom\u00e1\u0161ikova 50\/A\",\n\t                \"addressLocality\": \"Bratislava\",\n\t                \"postalCode\": \"83104\",\n\t                \"addressCountry\": {\n\t                    \"name\": \"SK\",\n\t                    \"type\": \"Country\"\n\t                }\n\t            },\n\t            \"contactPoint\": {\n\t                \"type\": \"ContactPoint\",\n\t                \"telephone\": \"+421 907 375\u00a0543\",\n\t                \"Email\": \"admin@vita.sk\",\n\t                \"contactType\": \"customer service\"\n\t            },\n\t            \"sameAs\": [\n\t                \"https:\/\/www.facebook.com\/VitaAcademySK\/\",\n\t                \"https:\/\/www.linkedin.com\/company\/vita-academy\/\"\n\t            ]\n\t        }\n\t    ]\n\t}<\/script>\n<!-- \/ Yoast SEO Premium plugin. -->","yoast_head_json":{"title":"Online kurz Julia I. Za\u010diato\u010dn\u00edk 2026 | VITA","description":"V online kurze Julia sa nau\u010d\u00edte z\u00e1klady programovania v jazyku Julia. Nau\u010d\u00edme v\u00e1s pracova\u0165 s funkciami a vytvori\u0165 si vlastn\u00fa aplik\u00e1ciu. \u2705","robots":{"index":"index","follow":"follow","max-snippet":"max-snippet:-1","max-image-preview":"max-image-preview:large","max-video-preview":"max-video-preview:-1"},"canonical":"https:\/\/www.vita.sk\/online-kurz-julia-lang-i-zaciatocnik\/","og_locale":"cs_CZ","og_type":"article","og_title":"Online kurz Julia I. Za\u010diato\u010dn\u00edk","og_description":"V online kurze Julia sa nau\u010d\u00edte z\u00e1klady programovania v jazyku Julia. Nau\u010d\u00edme v\u00e1s pracova\u0165 s funkciami a vytvori\u0165 si vlastn\u00fa aplik\u00e1ciu. \u2705","og_url":"https:\/\/www.vita.sk\/online-kurz-julia-lang-i-zaciatocnik\/","og_site_name":"VITA","article_publisher":"https:\/\/www.facebook.com\/VitaAcademySK","article_modified_time":"2025-05-26T14:28:30+00:00","og_image":[{"width":360,"height":360,"url":"https:\/\/www.vita.sk\/wp-content\/uploads\/2025\/01\/kurz_julia.png","type":"image\/png"}],"twitter_card":"summary_large_image","twitter_misc":{"Odhadovan\u00e1 doba \u010dten\u00ed":"3 minuty"},"schema":{"@context":"https:\/\/schema.org","@graph":[{"@type":"WebPage","@id":"https:\/\/www.vita.sk\/online-kurz-julia-lang-i-zaciatocnik\/","url":"https:\/\/www.vita.sk\/online-kurz-julia-lang-i-zaciatocnik\/","name":"Online kurz Julia I. Za\u010diato\u010dn\u00edk {Y} | VITA","isPartOf":{"@id":"https:\/\/www.vita.sk\/#website"},"primaryImageOfPage":{"@id":"https:\/\/www.vita.sk\/online-kurz-julia-lang-i-zaciatocnik\/#primaryimage"},"image":{"@id":"https:\/\/www.vita.sk\/online-kurz-julia-lang-i-zaciatocnik\/#primaryimage"},"thumbnailUrl":"https:\/\/www.vita.sk\/wp-content\/uploads\/2025\/01\/kurz_julia.png","datePublished":"2025-01-17T09:05:29+00:00","dateModified":"2025-05-26T14:28:30+00:00","description":"V online kurze Julia sa nau\u010d\u00edte z\u00e1klady programovania v jazyku Julia. Nau\u010d\u00edme v\u00e1s pracova\u0165 s funkciami a vytvori\u0165 si vlastn\u00fa aplik\u00e1ciu. \u2705","breadcrumb":{"@id":"https:\/\/www.vita.sk\/online-kurz-julia-lang-i-zaciatocnik\/#breadcrumb"},"inLanguage":"cs","potentialAction":[{"@type":"ReadAction","target":["https:\/\/www.vita.sk\/online-kurz-julia-lang-i-zaciatocnik\/"]}]},{"@type":"ImageObject","inLanguage":"cs","@id":"https:\/\/www.vita.sk\/online-kurz-julia-lang-i-zaciatocnik\/#primaryimage","url":"https:\/\/www.vita.sk\/wp-content\/uploads\/2025\/01\/kurz_julia.png","contentUrl":"https:\/\/www.vita.sk\/wp-content\/uploads\/2025\/01\/kurz_julia.png","width":360,"height":360,"caption":"online kurz julia"},{"@type":"BreadcrumbList","@id":"https:\/\/www.vita.sk\/online-kurz-julia-lang-i-zaciatocnik\/#breadcrumb","itemListElement":[{"@type":"ListItem","position":1,"name":"VITA Academy","item":"https:\/\/www.vita.sk\/cs\/"},{"@type":"ListItem","position":2,"name":"Shop","item":"https:\/\/www.vita.sk\/shop\/"},{"@type":"ListItem","position":3,"name":"Programovacie Jazyky","item":"https:\/\/www.vita.sk\/online-kurzy-programovacie-jazyky\/"},{"@type":"ListItem","position":4,"name":"Julia","item":"https:\/\/www.vita.sk\/julia\/"},{"@type":"ListItem","position":5,"name":"Online kurz Julia I. Za\u010diato\u010dn\u00edk"}]},{"@type":"WebSite","@id":"https:\/\/www.vita.sk\/#website","url":"https:\/\/www.vita.sk\/","name":"VITA","description":"","publisher":{"@id":"https:\/\/www.vita.sk\/#organization"},"potentialAction":[{"@type":"SearchAction","target":{"@type":"EntryPoint","urlTemplate":"https:\/\/www.vita.sk\/?s={search_term_string}"},"query-input":{"@type":"PropertyValueSpecification","valueRequired":true,"valueName":"search_term_string"}}],"inLanguage":"cs"},{"email":"admin@vita.sk","logo":"https:\/\/www.vita.sk\/img\/vita_logo.png ","address":{"type":"PostalAddress","streetAddress":"Tom\u00e1\u0161ikova 50\/A","addressLocality":"Bratislava","postalCode":"83104","addressCountry":{"name":"SK","type":"Country"}},"contactPoint":{"type":"ContactPoint","telephone":"+421 907 375\u00a0543","Email":"admin@vita.sk","contactType":"customer service"},"sameAs":["https:\/\/www.facebook.com\/VitaAcademySK\/","https:\/\/www.linkedin.com\/company\/vita-academy\/"]}]}},"acf":[],"_links":{"self":[{"href":"https:\/\/www.vita.sk\/cs\/wp-json\/wp\/v2\/product\/23472","targetHints":{"allow":["GET"]}}],"collection":[{"href":"https:\/\/www.vita.sk\/cs\/wp-json\/wp\/v2\/product"}],"about":[{"href":"https:\/\/www.vita.sk\/cs\/wp-json\/wp\/v2\/types\/product"}],"author":[{"embeddable":true,"href":"https:\/\/www.vita.sk\/cs\/wp-json\/wp\/v2\/users\/4"}],"replies":[{"embeddable":true,"href":"https:\/\/www.vita.sk\/cs\/wp-json\/wp\/v2\/comments?post=23472"}],"wp:featuredmedia":[{"embeddable":true,"href":"https:\/\/www.vita.sk\/cs\/wp-json\/wp\/v2\/media\/23596"}],"wp:attachment":[{"href":"https:\/\/www.vita.sk\/cs\/wp-json\/wp\/v2\/media?parent=23472"}],"wp:term":[{"taxonomy":"product_brand","embeddable":true,"href":"https:\/\/www.vita.sk\/cs\/wp-json\/wp\/v2\/product_brand?post=23472"},{"taxonomy":"product_cat","embeddable":true,"href":"https:\/\/www.vita.sk\/cs\/wp-json\/wp\/v2\/product_cat?post=23472"},{"taxonomy":"product_tag","embeddable":true,"href":"https:\/\/www.vita.sk\/cs\/wp-json\/wp\/v2\/product_tag?post=23472"}],"curies":[{"name":"wp","href":"https:\/\/api.w.org\/{rel}","templated":true}]}}