{"id":31573,"date":"2025-12-02T19:35:41","date_gmt":"2025-12-02T18:35:41","guid":{"rendered":"https:\/\/www.vita.sk\/?post_type=product&#038;p=31573"},"modified":"2026-04-27T16:18:39","modified_gmt":"2026-04-27T14:18:39","slug":"online-kurz-controlling-i-zaciatocnik","status":"publish","type":"product","link":"https:\/\/www.vita.sk\/cs\/online-kurz-controlling-i-zaciatocnik\/","title":{"rendered":"Online kurz Controlling I. Za\u010diato\u010dn\u00edk"},"content":{"rendered":"<p>Online kurz Controlling je pre v\u00e1s ide\u00e1lny, ak sa chcete nau\u010di\u0165 rozumie\u0165 z\u00e1kladom riadenia podniku, pracova\u0165 s n\u00e1kladmi, analyzova\u0165 \u00fadaje a pou\u017e\u00edva\u0165 n\u00e1stroje controllingu pri finan\u010dnom, procesnom aj marketingovom rozhodovan\u00ed. <strong>Ide o akreditovan\u00fd kurz Controllingu.<\/strong> V tomto kurze sa nau\u010d\u00edte, ako funguje controlling v ka\u017edodennom riaden\u00ed organiz\u00e1cie, ak\u00e9 s\u00fa jeho ciele a ak\u00e9 postupy pou\u017e\u00edvame pri zav\u00e1dzan\u00ed controllingov\u00fdch procesov. Osvoj\u00edte si pr\u00e1cu s k\u013e\u00fa\u010dov\u00fdmi metodikami, nau\u010d\u00edte sa identifikova\u0165 \u00fa\u010dely controllingu a porozumiete tomu, ako spr\u00e1vne nastavi\u0165 jednotliv\u00e9 kroky implement\u00e1cie. D\u00f4le\u017eitou \u010das\u0165ou kurzu je aj pochopenie ABC met\u00f3dy (Activity Based Costing), pomocou ktorej dok\u00e1\u017eete presnej\u0161ie zis\u0165ova\u0165 n\u00e1klady, prira\u010fova\u0165 ich aktivit\u00e1m a efekt\u00edvnej\u0161ie riadi\u0165 finan\u010dn\u00fa v\u00fdkonnos\u0165 podniku. Z\u00edskate schopnosti analyzova\u0165 controllingov\u00e9 \u00fadaje v prostred\u00ed Microsoft Excel, pracova\u0165 s vyh\u013ead\u00e1vac\u00edmi funkciami a identifikova\u0165 jedine\u010dn\u00e9 a unik\u00e1tne hodnoty v datasetoch, \u010do je nevyhnutn\u00e9 pri finan\u010dn\u00fdch aj prev\u00e1dzkov\u00fdch anal\u00fdzach. Budete vedie\u0165 efekt\u00edvne pou\u017e\u00edva\u0165 tabu\u013eky, filtre, opravy \u00fadajov, selekciu a \u010d\u00edseln\u00edky, \u010do predstavuje z\u00e1klad pre spr\u00e1vnu d\u00e1tov\u00fa pr\u00edpravu pri tvorbe rozpo\u010dtov a anal\u00fdze n\u00e1kladov. Kurz pokr\u00fdva aj efekt\u00edvnu pr\u00e1cu v Exceli, vr\u00e1tane navig\u00e1cie, re\u017eimu R1C1, vkladania d\u00e1t, vyu\u017e\u00edvania n\u00e1stroja R\u00fdchla anal\u00fdza a identifik\u00e1cie ch\u00fdb v \u00fadajoch, \u010do v\u00e1m umo\u017en\u00ed pripravova\u0165 spo\u013eahliv\u00e9 podklady pre controllingov\u00e9 rozhodovanie. Zameriavame sa aj na pokro\u010dil\u00e9 funkcie v Exceli, ako s\u00fa CELL, ISTEXT, TYPE, T, INFO, SHEET a SHEETS, ktor\u00e9 v\u00e1m pom\u00f4\u017eu pri kontrole d\u00e1t, valid\u00e1cii a \u0161trukt\u00farovan\u00ed dokumentov. Tieto n\u00e1stroje podporuj\u00fa presnos\u0165 d\u00e1t, ktor\u00e1 je pri controllingu k\u013e\u00fa\u010dov\u00e1. Kurz roz\u0161iruje va\u0161e zru\u010dnosti aj o pr\u00e1cu s webovou analytikou v Google Analytics GA4. Zorientujete sa v pou\u017e\u00edvate\u013eskom prostred\u00ed GA4, nau\u010d\u00edte sa pracova\u0165 so segmentmi a budete vedie\u0165 prepoji\u0165 Google Analytics s Power BI, aby ste vytv\u00e1rali vlastn\u00e9 controllingov\u00e9 dashboardy a reporty pre finan\u010dn\u00e9 aj prev\u00e1dzkov\u00e9 anal\u00fdzy. Ak sa chcete skuto\u010dne nau\u010di\u0165 pracova\u0165 s controllingom a sta\u0165 sa odborn\u00edkom na anal\u00fdzu n\u00e1kladov, pl\u00e1novanie a d\u00e1tov\u00e9 riadenie procesov, tak toto je ide\u00e1lny online kurz pre v\u00e1s.<\/p>\n","protected":false},"excerpt":{"rendered":"<p>Online kurz Controlling I. Za\u010diato\u010dn\u00edk v\u00e1s nau\u010d\u00ed pracova\u0165 so z\u00e1kladn\u00fdmi n\u00e1strojmi controllingu, analyzova\u0165 n\u00e1klady, vyhodnocova\u0165 \u00fadaje a pou\u017e\u00edva\u0165 k\u013e\u00fa\u010dov\u00e9 metodiky finan\u010dn\u00e9ho a procesn\u00e9ho riadenia. Z\u00edskate pevn\u00e9 z\u00e1klady v pr\u00e1ci s controllingov\u00fdmi d\u00e1tami, ABC met\u00f3dou a analytick\u00fdmi n\u00e1strojmi potrebn\u00fdmi pre efekt\u00edvne rozhodovanie.","protected":false},"author":4,"featured_media":24622,"comment_status":"open","ping_status":"closed","template":"","meta":{"_acf_changed":false},"product_brand":[],"product_cat":[587,73],"product_tag":[770,198],"class_list":{"0":"post-31573","1":"product","2":"type-product","3":"status-publish","4":"has-post-thumbnail","6":"product_cat-online-kurzy-financie-uctovnictvo","7":"product_cat-bez-kategorie","8":"product_tag-controlling","9":"product_tag-excel","11":"first","12":"instock","13":"sale","14":"sold-individually","15":"taxable","16":"shipping-taxable","17":"purchasable","18":"product-type-simple"},"yoast_head":"<!-- This site is optimized with the Yoast SEO Premium plugin v25.0 (Yoast SEO v25.0) - https:\/\/yoast.com\/wordpress\/plugins\/seo\/ -->\n<title>Online kurz Controlling I. Za\u010diato\u010dn\u00edk 2026 | VITA<\/title>\n<meta name=\"description\" content=\"V online kurze Controlling I. Za\u010diato\u010dn\u00edk v\u00e1s nau\u010d\u00edme rozumie\u0165 z\u00e1kladom controllingu, pracova\u0165 s n\u00e1kladmi a rozpo\u010dtami organiz\u00e1cie. \u2705\" \/>\n<meta name=\"robots\" content=\"index, follow, max-snippet:-1, max-image-preview:large, max-video-preview:-1\" \/>\n<link rel=\"canonical\" href=\"https:\/\/www.vita.sk\/online-kurz-controlling-i-zaciatocnik\/\" \/>\n<meta property=\"og:locale\" content=\"cs_CZ\" \/>\n<meta property=\"og:type\" content=\"article\" \/>\n<meta property=\"og:title\" content=\"Online kurz Controlling I. Za\u010diato\u010dn\u00edk\" \/>\n<meta property=\"og:description\" content=\"V online kurze Controlling I. Za\u010diato\u010dn\u00edk v\u00e1s nau\u010d\u00edme rozumie\u0165 z\u00e1kladom controllingu, pracova\u0165 s n\u00e1kladmi a rozpo\u010dtami organiz\u00e1cie. \u2705\" \/>\n<meta property=\"og:url\" content=\"https:\/\/www.vita.sk\/online-kurz-controlling-i-zaciatocnik\/\" \/>\n<meta property=\"og:site_name\" content=\"VITA\" \/>\n<meta property=\"article:publisher\" content=\"https:\/\/www.facebook.com\/VitaAcademySK\" \/>\n<meta property=\"article:modified_time\" content=\"2026-04-27T14:18:39+00:00\" \/>\n<meta property=\"og:image\" content=\"https:\/\/www.vita.sk\/wp-content\/uploads\/2025\/03\/kurz-Controlling.png\" \/>\n\t<meta property=\"og:image:width\" content=\"360\" \/>\n\t<meta property=\"og:image:height\" content=\"360\" \/>\n\t<meta property=\"og:image:type\" content=\"image\/png\" \/>\n<meta name=\"twitter:card\" content=\"summary_large_image\" \/>\n<meta name=\"twitter:label1\" content=\"Odhadovan\u00e1 doba \u010dten\u00ed\" \/>\n\t<meta name=\"twitter:data1\" content=\"2 minuty\" \/>\n<script type=\"application\/ld+json\" class=\"yoast-schema-graph\">{\n\t    \"@context\": \"https:\/\/schema.org\",\n\t    \"@graph\": [\n\t        {\n\t            \"@type\": \"WebPage\",\n\t            \"@id\": \"https:\/\/www.vita.sk\/online-kurz-controlling-i-zaciatocnik\/\",\n\t            \"url\": \"https:\/\/www.vita.sk\/online-kurz-controlling-i-zaciatocnik\/\",\n\t            \"name\": \"Online kurz Controlling I. Za\u010diato\u010dn\u00edk {Y} | VITA\",\n\t            \"isPartOf\": {\n\t                \"@id\": \"https:\/\/www.vita.sk\/#website\"\n\t            },\n\t            \"primaryImageOfPage\": {\n\t                \"@id\": \"https:\/\/www.vita.sk\/online-kurz-controlling-i-zaciatocnik\/#primaryimage\"\n\t            },\n\t            \"image\": {\n\t                \"@id\": \"https:\/\/www.vita.sk\/online-kurz-controlling-i-zaciatocnik\/#primaryimage\"\n\t            },\n\t            \"thumbnailUrl\": \"https:\/\/www.vita.sk\/wp-content\/uploads\/2025\/03\/kurz-Controlling.png\",\n\t            \"datePublished\": \"2025-12-02T18:35:41+00:00\",\n\t            \"dateModified\": \"2026-04-27T14:18:39+00:00\",\n\t            \"description\": \"V online kurze Controlling I. Za\u010diato\u010dn\u00edk v\u00e1s nau\u010d\u00edme rozumie\u0165 z\u00e1kladom controllingu, pracova\u0165 s n\u00e1kladmi a rozpo\u010dtami organiz\u00e1cie. \u2705\",\n\t            \"breadcrumb\": {\n\t                \"@id\": \"https:\/\/www.vita.sk\/online-kurz-controlling-i-zaciatocnik\/#breadcrumb\"\n\t            },\n\t            \"inLanguage\": \"cs\",\n\t            \"potentialAction\": [\n\t                {\n\t                    \"@type\": \"ReadAction\",\n\t                    \"target\": [\n\t                        \"https:\/\/www.vita.sk\/online-kurz-controlling-i-zaciatocnik\/\"\n\t                    ]\n\t                }\n\t            ]\n\t        },\n\t        {\n\t            \"@type\": \"ImageObject\",\n\t            \"inLanguage\": \"cs\",\n\t            \"@id\": \"https:\/\/www.vita.sk\/online-kurz-controlling-i-zaciatocnik\/#primaryimage\",\n\t            \"url\": \"https:\/\/www.vita.sk\/wp-content\/uploads\/2025\/03\/kurz-Controlling.png\",\n\t            \"contentUrl\": \"https:\/\/www.vita.sk\/wp-content\/uploads\/2025\/03\/kurz-Controlling.png\",\n\t            \"width\": 360,\n\t            \"height\": 360,\n\t            \"caption\": \"online kurz Controlling\"\n\t        },\n\t        {\n\t            \"@type\": \"BreadcrumbList\",\n\t            \"@id\": \"https:\/\/www.vita.sk\/online-kurz-controlling-i-zaciatocnik\/#breadcrumb\",\n\t            \"itemListElement\": [\n\t                {\n\t                    \"@type\": \"ListItem\",\n\t                    \"position\": 1,\n\t                    \"name\": \"VITA Academy\",\n\t                    \"item\": \"https:\/\/www.vita.sk\/cs\/\"\n\t                },\n\t                {\n\t                    \"@type\": \"ListItem\",\n\t                    \"position\": 2,\n\t                    \"name\": \"Shop\",\n\t                    \"item\": \"https:\/\/www.vita.sk\/shop\/\"\n\t                },\n\t                {\n\t                    \"@type\": \"ListItem\",\n\t                    \"position\": 3,\n\t                    \"name\": \"Financie a \u00da\u010dtovn\u00edctvo\",\n\t                    \"item\": \"https:\/\/www.vita.sk\/online-kurzy-financie-uctovnictvo\/\"\n\t                },\n\t                {\n\t                    \"@type\": \"ListItem\",\n\t                    \"position\": 4,\n\t                    \"name\": \"Online kurz Controlling I. Za\u010diato\u010dn\u00edk\"\n\t                }\n\t            ]\n\t        },\n\t        {\n\t            \"@type\": \"WebSite\",\n\t            \"@id\": \"https:\/\/www.vita.sk\/#website\",\n\t            \"url\": \"https:\/\/www.vita.sk\/\",\n\t            \"name\": \"VITA\",\n\t            \"description\": \"\",\n\t            \"publisher\": {\n\t                \"@id\": \"https:\/\/www.vita.sk\/#organization\"\n\t            },\n\t            \"potentialAction\": [\n\t                {\n\t                    \"@type\": \"SearchAction\",\n\t                    \"target\": {\n\t                        \"@type\": \"EntryPoint\",\n\t                        \"urlTemplate\": \"https:\/\/www.vita.sk\/?s={search_term_string}\"\n\t                    },\n\t                    \"query-input\": {\n\t                        \"@type\": \"PropertyValueSpecification\",\n\t                        \"valueRequired\": true,\n\t                        \"valueName\": \"search_term_string\"\n\t                    }\n\t                }\n\t            ],\n\t            \"inLanguage\": \"cs\"\n\t        },\n\t        {\n\t            \"email\": \"admin@vita.sk\",\n\t            \"logo\": \"https:\/\/www.vita.sk\/img\/vita_logo.png \",\n\t            \"address\": {\n\t                \"type\": \"PostalAddress\",\n\t                \"streetAddress\": \"Tom\u00e1\u0161ikova 50\/A\",\n\t                \"addressLocality\": \"Bratislava\",\n\t                \"postalCode\": \"83104\",\n\t                \"addressCountry\": {\n\t                    \"name\": \"SK\",\n\t                    \"type\": \"Country\"\n\t                }\n\t            },\n\t            \"contactPoint\": {\n\t                \"type\": \"ContactPoint\",\n\t                \"telephone\": \"+421 907 375\u00a0543\",\n\t                \"Email\": \"admin@vita.sk\",\n\t                \"contactType\": \"customer service\"\n\t            },\n\t            \"sameAs\": [\n\t                \"https:\/\/www.facebook.com\/VitaAcademySK\/\",\n\t                \"https:\/\/www.linkedin.com\/company\/vita-academy\/\"\n\t            ]\n\t        }\n\t    ]\n\t}<\/script>\n<!-- \/ Yoast SEO Premium plugin. -->","yoast_head_json":{"title":"Online kurz Controlling I. Za\u010diato\u010dn\u00edk 2026 | VITA","description":"V online kurze Controlling I. Za\u010diato\u010dn\u00edk v\u00e1s nau\u010d\u00edme rozumie\u0165 z\u00e1kladom controllingu, pracova\u0165 s n\u00e1kladmi a rozpo\u010dtami organiz\u00e1cie. \u2705","robots":{"index":"index","follow":"follow","max-snippet":"max-snippet:-1","max-image-preview":"max-image-preview:large","max-video-preview":"max-video-preview:-1"},"canonical":"https:\/\/www.vita.sk\/online-kurz-controlling-i-zaciatocnik\/","og_locale":"cs_CZ","og_type":"article","og_title":"Online kurz Controlling I. Za\u010diato\u010dn\u00edk","og_description":"V online kurze Controlling I. Za\u010diato\u010dn\u00edk v\u00e1s nau\u010d\u00edme rozumie\u0165 z\u00e1kladom controllingu, pracova\u0165 s n\u00e1kladmi a rozpo\u010dtami organiz\u00e1cie. \u2705","og_url":"https:\/\/www.vita.sk\/online-kurz-controlling-i-zaciatocnik\/","og_site_name":"VITA","article_publisher":"https:\/\/www.facebook.com\/VitaAcademySK","article_modified_time":"2026-04-27T14:18:39+00:00","og_image":[{"width":360,"height":360,"url":"https:\/\/www.vita.sk\/wp-content\/uploads\/2025\/03\/kurz-Controlling.png","type":"image\/png"}],"twitter_card":"summary_large_image","twitter_misc":{"Odhadovan\u00e1 doba \u010dten\u00ed":"2 minuty"},"schema":{"@context":"https:\/\/schema.org","@graph":[{"@type":"WebPage","@id":"https:\/\/www.vita.sk\/online-kurz-controlling-i-zaciatocnik\/","url":"https:\/\/www.vita.sk\/online-kurz-controlling-i-zaciatocnik\/","name":"Online kurz Controlling I. Za\u010diato\u010dn\u00edk {Y} | VITA","isPartOf":{"@id":"https:\/\/www.vita.sk\/#website"},"primaryImageOfPage":{"@id":"https:\/\/www.vita.sk\/online-kurz-controlling-i-zaciatocnik\/#primaryimage"},"image":{"@id":"https:\/\/www.vita.sk\/online-kurz-controlling-i-zaciatocnik\/#primaryimage"},"thumbnailUrl":"https:\/\/www.vita.sk\/wp-content\/uploads\/2025\/03\/kurz-Controlling.png","datePublished":"2025-12-02T18:35:41+00:00","dateModified":"2026-04-27T14:18:39+00:00","description":"V online kurze Controlling I. Za\u010diato\u010dn\u00edk v\u00e1s nau\u010d\u00edme rozumie\u0165 z\u00e1kladom controllingu, pracova\u0165 s n\u00e1kladmi a rozpo\u010dtami organiz\u00e1cie. \u2705","breadcrumb":{"@id":"https:\/\/www.vita.sk\/online-kurz-controlling-i-zaciatocnik\/#breadcrumb"},"inLanguage":"cs","potentialAction":[{"@type":"ReadAction","target":["https:\/\/www.vita.sk\/online-kurz-controlling-i-zaciatocnik\/"]}]},{"@type":"ImageObject","inLanguage":"cs","@id":"https:\/\/www.vita.sk\/online-kurz-controlling-i-zaciatocnik\/#primaryimage","url":"https:\/\/www.vita.sk\/wp-content\/uploads\/2025\/03\/kurz-Controlling.png","contentUrl":"https:\/\/www.vita.sk\/wp-content\/uploads\/2025\/03\/kurz-Controlling.png","width":360,"height":360,"caption":"online kurz Controlling"},{"@type":"BreadcrumbList","@id":"https:\/\/www.vita.sk\/online-kurz-controlling-i-zaciatocnik\/#breadcrumb","itemListElement":[{"@type":"ListItem","position":1,"name":"VITA Academy","item":"https:\/\/www.vita.sk\/cs\/"},{"@type":"ListItem","position":2,"name":"Shop","item":"https:\/\/www.vita.sk\/shop\/"},{"@type":"ListItem","position":3,"name":"Financie a \u00da\u010dtovn\u00edctvo","item":"https:\/\/www.vita.sk\/online-kurzy-financie-uctovnictvo\/"},{"@type":"ListItem","position":4,"name":"Online kurz Controlling I. Za\u010diato\u010dn\u00edk"}]},{"@type":"WebSite","@id":"https:\/\/www.vita.sk\/#website","url":"https:\/\/www.vita.sk\/","name":"VITA","description":"","publisher":{"@id":"https:\/\/www.vita.sk\/#organization"},"potentialAction":[{"@type":"SearchAction","target":{"@type":"EntryPoint","urlTemplate":"https:\/\/www.vita.sk\/?s={search_term_string}"},"query-input":{"@type":"PropertyValueSpecification","valueRequired":true,"valueName":"search_term_string"}}],"inLanguage":"cs"},{"email":"admin@vita.sk","logo":"https:\/\/www.vita.sk\/img\/vita_logo.png ","address":{"type":"PostalAddress","streetAddress":"Tom\u00e1\u0161ikova 50\/A","addressLocality":"Bratislava","postalCode":"83104","addressCountry":{"name":"SK","type":"Country"}},"contactPoint":{"type":"ContactPoint","telephone":"+421 907 375\u00a0543","Email":"admin@vita.sk","contactType":"customer service"},"sameAs":["https:\/\/www.facebook.com\/VitaAcademySK\/","https:\/\/www.linkedin.com\/company\/vita-academy\/"]}]}},"acf":[],"_links":{"self":[{"href":"https:\/\/www.vita.sk\/cs\/wp-json\/wp\/v2\/product\/31573","targetHints":{"allow":["GET"]}}],"collection":[{"href":"https:\/\/www.vita.sk\/cs\/wp-json\/wp\/v2\/product"}],"about":[{"href":"https:\/\/www.vita.sk\/cs\/wp-json\/wp\/v2\/types\/product"}],"author":[{"embeddable":true,"href":"https:\/\/www.vita.sk\/cs\/wp-json\/wp\/v2\/users\/4"}],"replies":[{"embeddable":true,"href":"https:\/\/www.vita.sk\/cs\/wp-json\/wp\/v2\/comments?post=31573"}],"wp:featuredmedia":[{"embeddable":true,"href":"https:\/\/www.vita.sk\/cs\/wp-json\/wp\/v2\/media\/24622"}],"wp:attachment":[{"href":"https:\/\/www.vita.sk\/cs\/wp-json\/wp\/v2\/media?parent=31573"}],"wp:term":[{"taxonomy":"product_brand","embeddable":true,"href":"https:\/\/www.vita.sk\/cs\/wp-json\/wp\/v2\/product_brand?post=31573"},{"taxonomy":"product_cat","embeddable":true,"href":"https:\/\/www.vita.sk\/cs\/wp-json\/wp\/v2\/product_cat?post=31573"},{"taxonomy":"product_tag","embeddable":true,"href":"https:\/\/www.vita.sk\/cs\/wp-json\/wp\/v2\/product_tag?post=31573"}],"curies":[{"name":"wp","href":"https:\/\/api.w.org\/{rel}","templated":true}]}}