{"id":33899,"date":"2026-03-17T12:21:43","date_gmt":"2026-03-17T11:21:43","guid":{"rendered":"https:\/\/www.vita.sk\/?post_type=product&#038;p=33899"},"modified":"2026-03-19T12:51:51","modified_gmt":"2026-03-19T11:51:51","slug":"online-kurz-program-vseobecny-administrativny-pracovnik-odborny-asistent","status":"publish","type":"product","link":"https:\/\/www.vita.sk\/cs\/online-kurz-program-vseobecny-administrativny-pracovnik-odborny-asistent\/","title":{"rendered":"Program V\u0161eobecn\u00fd Administrat\u00edvny Pracovn\u00edk, Odborn\u00fd Asistent"},"content":{"rendered":"<p>Online vzdel\u00e1vac\u00ed program V\u0161eobecn\u00fd Administrat\u00edvny Pracovn\u00edk, Odborn\u00fd Asistent je pre v\u00e1s ide\u00e1lny, ak pracujete v administrat\u00edve, kancel\u00e1rii alebo sa chcete uplatni\u0165 na poz\u00edcii administrat\u00edvneho pracovn\u00edka \u010di asistenta. <strong>Ide o vzdel\u00e1vac\u00ed program online modulov \/ kurzov ur\u010den\u00fd na preplatenie \u00daradom pr\u00e1ce (Projekt Zru\u010dnosti pre trh pr\u00e1ce).<\/strong> Osvoj\u00edte si pr\u00e1cu s kancel\u00e1rskymi n\u00e1strojmi Microsoft Excel, Word a PowerPoint, ktor\u00e9 patria medzi z\u00e1kladn\u00e9 po\u017eiadavky v administrat\u00edvnych poz\u00edci\u00e1ch. Nau\u010d\u00edte sa pracova\u0165 s tabu\u013ekami, funkciami a d\u00e1tami v programe Microsoft Excel, vytv\u00e1ra\u0165 preh\u013eadn\u00e9 dokumenty vo Worde a pripravova\u0165 prezent\u00e1cie v PowerPointe. Z\u00edskate schopnos\u0165 spracov\u00e1va\u0165 \u00fadaje, vytv\u00e1ra\u0165 reporty, upravova\u0165 textov\u00e9 dokumenty a prezentova\u0165 inform\u00e1cie pre potreby firmy alebo organiz\u00e1cie. Osvoj\u00edte si efekt\u00edvnu pr\u00e1cu s kancel\u00e1rskymi n\u00e1strojmi, ktor\u00e9 vyu\u017eijete pri ka\u017edodennej administrat\u00edvnej \u010dinnosti. Program v\u00e1m pom\u00f4\u017ee z\u00edska\u0165 praktick\u00e9 vedomosti a zru\u010dnosti vyu\u017eite\u013en\u00e9 pri pr\u00e1ci v administrat\u00edve, kancel\u00e1rii alebo na asistentsk\u00fdch poz\u00edci\u00e1ch. <strong>\u00darad pr\u00e1ce v\u00e1m preplat\u00ed cel\u00fd program online kurzov.\u00a0<\/strong><\/p>\n","protected":false},"excerpt":{"rendered":"<p>Online vzdel\u00e1vac\u00ed program V\u0161eobecn\u00fd Administrat\u00edvny Pracovn\u00edk, Odborn\u00fd Asistent je pre v\u00e1s ide\u00e1lny, ak pracujete v administrat\u00edve, kancel\u00e1rii alebo sa chcete uplatni\u0165 na poz\u00edcii administrat\u00edvneho pracovn\u00edka \u010di asistenta. Ide o vzdel\u00e1vac\u00ed program online modulov \/ kurzov ur\u010den\u00fd na preplatenie \u00daradom pr\u00e1ce (Projekt Zru\u010dnosti pre trh pr\u00e1ce).","protected":false},"author":27,"featured_media":520,"comment_status":"open","ping_status":"closed","template":"","meta":{"_acf_changed":false},"product_brand":[],"product_cat":[817,615],"product_tag":[187,197],"class_list":{"0":"post-33899","1":"product","2":"type-product","3":"status-publish","4":"has-post-thumbnail","6":"product_cat-online-vzdelavacie-kurzy-urad-prace-upsvar-zrucnosti-pre-trh-prace","7":"product_cat-online-kurzy-urad-prace-zrucnosti-pre-trh-prace","8":"product_tag-kancelarske-baliky","9":"product_tag-baliky-kurzov-a-predplatne","11":"first","12":"instock","13":"sold-individually","14":"taxable","15":"shipping-taxable","16":"purchasable","17":"product-type-simple"},"yoast_head":"<!-- This site is optimized with the Yoast SEO Premium plugin v25.0 (Yoast SEO v25.0) - https:\/\/yoast.com\/wordpress\/plugins\/seo\/ -->\n<title>Program V\u0161eobecn\u00fd Administrat\u00edvny Pracovn\u00edk, Odborn\u00fd Asistent 2026 | VITA<\/title>\n<meta name=\"description\" content=\"V online kurze V\u0161eobecn\u00fd Administrat\u00edvny Pracovn\u00edk, Odborn\u00fd Asistent sa nau\u010d\u00edte pracova\u0165 s Excelom, Wordom a PowerPointom pre efekt\u00edvnu kancel\u00e1rsku prax. \u2705\" \/>\n<meta name=\"robots\" content=\"index, follow, max-snippet:-1, max-image-preview:large, max-video-preview:-1\" \/>\n<link rel=\"canonical\" href=\"https:\/\/www.vita.sk\/online-kurz-program-vseobecny-administrativny-pracovnik-odborny-asistent\/\" \/>\n<meta property=\"og:locale\" content=\"cs_CZ\" \/>\n<meta property=\"og:type\" content=\"article\" \/>\n<meta property=\"og:title\" content=\"Program V\u0161eobecn\u00fd Administrat\u00edvny Pracovn\u00edk, Odborn\u00fd Asistent\" \/>\n<meta property=\"og:description\" content=\"V online kurze V\u0161eobecn\u00fd Administrat\u00edvny Pracovn\u00edk, Odborn\u00fd Asistent sa nau\u010d\u00edte pracova\u0165 s Excelom, Wordom a PowerPointom pre efekt\u00edvnu kancel\u00e1rsku prax. \u2705\" \/>\n<meta property=\"og:url\" content=\"https:\/\/www.vita.sk\/online-kurz-program-vseobecny-administrativny-pracovnik-odborny-asistent\/\" \/>\n<meta property=\"og:site_name\" content=\"VITA\" \/>\n<meta property=\"article:publisher\" content=\"https:\/\/www.facebook.com\/VitaAcademySK\" \/>\n<meta property=\"article:modified_time\" content=\"2026-03-19T11:51:51+00:00\" \/>\n<meta property=\"og:image\" content=\"https:\/\/www.vita.sk\/wp-content\/uploads\/2018\/10\/excel-1.png\" \/>\n\t<meta property=\"og:image:width\" content=\"360\" \/>\n\t<meta property=\"og:image:height\" content=\"360\" \/>\n\t<meta property=\"og:image:type\" content=\"image\/png\" \/>\n<meta name=\"twitter:card\" content=\"summary_large_image\" \/>\n<meta name=\"twitter:label1\" content=\"Odhadovan\u00e1 doba \u010dten\u00ed\" \/>\n\t<meta name=\"twitter:data1\" content=\"1 minuta\" \/>\n<script type=\"application\/ld+json\" class=\"yoast-schema-graph\">{\n\t    \"@context\": \"https:\/\/schema.org\",\n\t    \"@graph\": [\n\t        {\n\t            \"@type\": \"WebPage\",\n\t            \"@id\": \"https:\/\/www.vita.sk\/online-kurz-program-vseobecny-administrativny-pracovnik-odborny-asistent\/\",\n\t            \"url\": \"https:\/\/www.vita.sk\/online-kurz-program-vseobecny-administrativny-pracovnik-odborny-asistent\/\",\n\t            \"name\": \"Program V\u0161eobecn\u00fd Administrat\u00edvny Pracovn\u00edk, Odborn\u00fd Asistent {Y} | VITA\",\n\t            \"isPartOf\": {\n\t                \"@id\": \"https:\/\/www.vita.sk\/#website\"\n\t            },\n\t            \"primaryImageOfPage\": {\n\t                \"@id\": \"https:\/\/www.vita.sk\/online-kurz-program-vseobecny-administrativny-pracovnik-odborny-asistent\/#primaryimage\"\n\t            },\n\t            \"image\": {\n\t                \"@id\": \"https:\/\/www.vita.sk\/online-kurz-program-vseobecny-administrativny-pracovnik-odborny-asistent\/#primaryimage\"\n\t            },\n\t            \"thumbnailUrl\": \"https:\/\/www.vita.sk\/wp-content\/uploads\/2018\/10\/excel-1.png\",\n\t            \"datePublished\": \"2026-03-17T11:21:43+00:00\",\n\t            \"dateModified\": \"2026-03-19T11:51:51+00:00\",\n\t            \"description\": \"V online kurze V\u0161eobecn\u00fd Administrat\u00edvny Pracovn\u00edk, Odborn\u00fd Asistent sa nau\u010d\u00edte pracova\u0165 s Excelom, Wordom a PowerPointom pre efekt\u00edvnu kancel\u00e1rsku prax. \u2705\",\n\t            \"breadcrumb\": {\n\t                \"@id\": \"https:\/\/www.vita.sk\/online-kurz-program-vseobecny-administrativny-pracovnik-odborny-asistent\/#breadcrumb\"\n\t            },\n\t            \"inLanguage\": \"cs\",\n\t            \"potentialAction\": [\n\t                {\n\t                    \"@type\": \"ReadAction\",\n\t                    \"target\": [\n\t                        \"https:\/\/www.vita.sk\/online-kurz-program-vseobecny-administrativny-pracovnik-odborny-asistent\/\"\n\t                    ]\n\t                }\n\t            ]\n\t        },\n\t        {\n\t            \"@type\": \"ImageObject\",\n\t            \"inLanguage\": \"cs\",\n\t            \"@id\": \"https:\/\/www.vita.sk\/online-kurz-program-vseobecny-administrativny-pracovnik-odborny-asistent\/#primaryimage\",\n\t            \"url\": \"https:\/\/www.vita.sk\/wp-content\/uploads\/2018\/10\/excel-1.png\",\n\t            \"contentUrl\": \"https:\/\/www.vita.sk\/wp-content\/uploads\/2018\/10\/excel-1.png\",\n\t            \"width\": 360,\n\t            \"height\": 360,\n\t            \"caption\": \"Microsoft Excel Kontingen\u010dn\u00e9 Tabu\u013eky 2020\"\n\t        },\n\t        {\n\t            \"@type\": \"BreadcrumbList\",\n\t            \"@id\": \"https:\/\/www.vita.sk\/online-kurz-program-vseobecny-administrativny-pracovnik-odborny-asistent\/#breadcrumb\",\n\t            \"itemListElement\": [\n\t                {\n\t                    \"@type\": \"ListItem\",\n\t                    \"position\": 1,\n\t                    \"name\": \"VITA Academy\",\n\t                    \"item\": \"https:\/\/www.vita.sk\/cs\/\"\n\t                },\n\t                {\n\t                    \"@type\": \"ListItem\",\n\t                    \"position\": 2,\n\t                    \"name\": \"Shop\",\n\t                    \"item\": \"https:\/\/www.vita.sk\/shop\/\"\n\t                },\n\t                {\n\t                    \"@type\": \"ListItem\",\n\t                    \"position\": 3,\n\t                    \"name\": \"Online Programy pre \u00darad Pr\u00e1ce (\u00daPSVaR) \u2013 Zru\u010dnosti pre Trh Pr\u00e1ce\",\n\t                    \"item\": \"https:\/\/www.vita.sk\/online-vzdelavacie-kurzy-urad-prace-upsvar-zrucnosti-pre-trh-prace\/\"\n\t                },\n\t                {\n\t                    \"@type\": \"ListItem\",\n\t                    \"position\": 4,\n\t                    \"name\": \"Program V\u0161eobecn\u00fd Administrat\u00edvny Pracovn\u00edk, Odborn\u00fd Asistent\"\n\t                }\n\t            ]\n\t        },\n\t        {\n\t            \"@type\": \"WebSite\",\n\t            \"@id\": \"https:\/\/www.vita.sk\/#website\",\n\t            \"url\": \"https:\/\/www.vita.sk\/\",\n\t            \"name\": \"VITA\",\n\t            \"description\": \"\",\n\t            \"publisher\": {\n\t                \"@id\": \"https:\/\/www.vita.sk\/#organization\"\n\t            },\n\t            \"potentialAction\": [\n\t                {\n\t                    \"@type\": \"SearchAction\",\n\t                    \"target\": {\n\t                        \"@type\": \"EntryPoint\",\n\t                        \"urlTemplate\": \"https:\/\/www.vita.sk\/?s={search_term_string}\"\n\t                    },\n\t                    \"query-input\": {\n\t                        \"@type\": \"PropertyValueSpecification\",\n\t                        \"valueRequired\": true,\n\t                        \"valueName\": \"search_term_string\"\n\t                    }\n\t                }\n\t            ],\n\t            \"inLanguage\": \"cs\"\n\t        },\n\t        {\n\t            \"email\": \"admin@vita.sk\",\n\t            \"logo\": \"https:\/\/www.vita.sk\/img\/vita_logo.png \",\n\t            \"address\": {\n\t                \"type\": \"PostalAddress\",\n\t                \"streetAddress\": \"Tom\u00e1\u0161ikova 50\/A\",\n\t                \"addressLocality\": \"Bratislava\",\n\t                \"postalCode\": \"83104\",\n\t                \"addressCountry\": {\n\t                    \"name\": \"SK\",\n\t                    \"type\": \"Country\"\n\t                }\n\t            },\n\t            \"contactPoint\": {\n\t                \"type\": \"ContactPoint\",\n\t                \"telephone\": \"+421 907 375\u00a0543\",\n\t                \"Email\": \"admin@vita.sk\",\n\t                \"contactType\": \"customer service\"\n\t            },\n\t            \"sameAs\": [\n\t                \"https:\/\/www.facebook.com\/VitaAcademySK\/\",\n\t                \"https:\/\/www.linkedin.com\/company\/vita-academy\/\"\n\t            ]\n\t        }\n\t    ]\n\t}<\/script>\n<!-- \/ Yoast SEO Premium plugin. -->","yoast_head_json":{"title":"Program V\u0161eobecn\u00fd Administrat\u00edvny Pracovn\u00edk, Odborn\u00fd Asistent 2026 | VITA","description":"V online kurze V\u0161eobecn\u00fd Administrat\u00edvny Pracovn\u00edk, Odborn\u00fd Asistent sa nau\u010d\u00edte pracova\u0165 s Excelom, Wordom a PowerPointom pre efekt\u00edvnu kancel\u00e1rsku prax. \u2705","robots":{"index":"index","follow":"follow","max-snippet":"max-snippet:-1","max-image-preview":"max-image-preview:large","max-video-preview":"max-video-preview:-1"},"canonical":"https:\/\/www.vita.sk\/online-kurz-program-vseobecny-administrativny-pracovnik-odborny-asistent\/","og_locale":"cs_CZ","og_type":"article","og_title":"Program V\u0161eobecn\u00fd Administrat\u00edvny Pracovn\u00edk, Odborn\u00fd Asistent","og_description":"V online kurze V\u0161eobecn\u00fd Administrat\u00edvny Pracovn\u00edk, Odborn\u00fd Asistent sa nau\u010d\u00edte pracova\u0165 s Excelom, Wordom a PowerPointom pre efekt\u00edvnu kancel\u00e1rsku prax. \u2705","og_url":"https:\/\/www.vita.sk\/online-kurz-program-vseobecny-administrativny-pracovnik-odborny-asistent\/","og_site_name":"VITA","article_publisher":"https:\/\/www.facebook.com\/VitaAcademySK","article_modified_time":"2026-03-19T11:51:51+00:00","og_image":[{"width":360,"height":360,"url":"https:\/\/www.vita.sk\/wp-content\/uploads\/2018\/10\/excel-1.png","type":"image\/png"}],"twitter_card":"summary_large_image","twitter_misc":{"Odhadovan\u00e1 doba \u010dten\u00ed":"1 minuta"},"schema":{"@context":"https:\/\/schema.org","@graph":[{"@type":"WebPage","@id":"https:\/\/www.vita.sk\/online-kurz-program-vseobecny-administrativny-pracovnik-odborny-asistent\/","url":"https:\/\/www.vita.sk\/online-kurz-program-vseobecny-administrativny-pracovnik-odborny-asistent\/","name":"Program V\u0161eobecn\u00fd Administrat\u00edvny Pracovn\u00edk, Odborn\u00fd Asistent {Y} | VITA","isPartOf":{"@id":"https:\/\/www.vita.sk\/#website"},"primaryImageOfPage":{"@id":"https:\/\/www.vita.sk\/online-kurz-program-vseobecny-administrativny-pracovnik-odborny-asistent\/#primaryimage"},"image":{"@id":"https:\/\/www.vita.sk\/online-kurz-program-vseobecny-administrativny-pracovnik-odborny-asistent\/#primaryimage"},"thumbnailUrl":"https:\/\/www.vita.sk\/wp-content\/uploads\/2018\/10\/excel-1.png","datePublished":"2026-03-17T11:21:43+00:00","dateModified":"2026-03-19T11:51:51+00:00","description":"V online kurze V\u0161eobecn\u00fd Administrat\u00edvny Pracovn\u00edk, Odborn\u00fd Asistent sa nau\u010d\u00edte pracova\u0165 s Excelom, Wordom a PowerPointom pre efekt\u00edvnu kancel\u00e1rsku prax. \u2705","breadcrumb":{"@id":"https:\/\/www.vita.sk\/online-kurz-program-vseobecny-administrativny-pracovnik-odborny-asistent\/#breadcrumb"},"inLanguage":"cs","potentialAction":[{"@type":"ReadAction","target":["https:\/\/www.vita.sk\/online-kurz-program-vseobecny-administrativny-pracovnik-odborny-asistent\/"]}]},{"@type":"ImageObject","inLanguage":"cs","@id":"https:\/\/www.vita.sk\/online-kurz-program-vseobecny-administrativny-pracovnik-odborny-asistent\/#primaryimage","url":"https:\/\/www.vita.sk\/wp-content\/uploads\/2018\/10\/excel-1.png","contentUrl":"https:\/\/www.vita.sk\/wp-content\/uploads\/2018\/10\/excel-1.png","width":360,"height":360,"caption":"Microsoft Excel Kontingen\u010dn\u00e9 Tabu\u013eky 2020"},{"@type":"BreadcrumbList","@id":"https:\/\/www.vita.sk\/online-kurz-program-vseobecny-administrativny-pracovnik-odborny-asistent\/#breadcrumb","itemListElement":[{"@type":"ListItem","position":1,"name":"VITA Academy","item":"https:\/\/www.vita.sk\/cs\/"},{"@type":"ListItem","position":2,"name":"Shop","item":"https:\/\/www.vita.sk\/shop\/"},{"@type":"ListItem","position":3,"name":"Online Programy pre \u00darad Pr\u00e1ce (\u00daPSVaR) \u2013 Zru\u010dnosti pre Trh Pr\u00e1ce","item":"https:\/\/www.vita.sk\/online-vzdelavacie-kurzy-urad-prace-upsvar-zrucnosti-pre-trh-prace\/"},{"@type":"ListItem","position":4,"name":"Program V\u0161eobecn\u00fd Administrat\u00edvny Pracovn\u00edk, Odborn\u00fd Asistent"}]},{"@type":"WebSite","@id":"https:\/\/www.vita.sk\/#website","url":"https:\/\/www.vita.sk\/","name":"VITA","description":"","publisher":{"@id":"https:\/\/www.vita.sk\/#organization"},"potentialAction":[{"@type":"SearchAction","target":{"@type":"EntryPoint","urlTemplate":"https:\/\/www.vita.sk\/?s={search_term_string}"},"query-input":{"@type":"PropertyValueSpecification","valueRequired":true,"valueName":"search_term_string"}}],"inLanguage":"cs"},{"email":"admin@vita.sk","logo":"https:\/\/www.vita.sk\/img\/vita_logo.png ","address":{"type":"PostalAddress","streetAddress":"Tom\u00e1\u0161ikova 50\/A","addressLocality":"Bratislava","postalCode":"83104","addressCountry":{"name":"SK","type":"Country"}},"contactPoint":{"type":"ContactPoint","telephone":"+421 907 375\u00a0543","Email":"admin@vita.sk","contactType":"customer service"},"sameAs":["https:\/\/www.facebook.com\/VitaAcademySK\/","https:\/\/www.linkedin.com\/company\/vita-academy\/"]}]}},"acf":[],"_links":{"self":[{"href":"https:\/\/www.vita.sk\/cs\/wp-json\/wp\/v2\/product\/33899","targetHints":{"allow":["GET"]}}],"collection":[{"href":"https:\/\/www.vita.sk\/cs\/wp-json\/wp\/v2\/product"}],"about":[{"href":"https:\/\/www.vita.sk\/cs\/wp-json\/wp\/v2\/types\/product"}],"author":[{"embeddable":true,"href":"https:\/\/www.vita.sk\/cs\/wp-json\/wp\/v2\/users\/27"}],"replies":[{"embeddable":true,"href":"https:\/\/www.vita.sk\/cs\/wp-json\/wp\/v2\/comments?post=33899"}],"wp:featuredmedia":[{"embeddable":true,"href":"https:\/\/www.vita.sk\/cs\/wp-json\/wp\/v2\/media\/520"}],"wp:attachment":[{"href":"https:\/\/www.vita.sk\/cs\/wp-json\/wp\/v2\/media?parent=33899"}],"wp:term":[{"taxonomy":"product_brand","embeddable":true,"href":"https:\/\/www.vita.sk\/cs\/wp-json\/wp\/v2\/product_brand?post=33899"},{"taxonomy":"product_cat","embeddable":true,"href":"https:\/\/www.vita.sk\/cs\/wp-json\/wp\/v2\/product_cat?post=33899"},{"taxonomy":"product_tag","embeddable":true,"href":"https:\/\/www.vita.sk\/cs\/wp-json\/wp\/v2\/product_tag?post=33899"}],"curies":[{"name":"wp","href":"https:\/\/api.w.org\/{rel}","templated":true}]}}