{"id":34449,"date":"2026-04-11T10:57:36","date_gmt":"2026-04-11T08:57:36","guid":{"rendered":"https:\/\/www.vita.sk\/?post_type=product&#038;p=34449"},"modified":"2026-04-15T14:26:15","modified_gmt":"2026-04-15T12:26:15","slug":"online-kurz-microsoft-planner-i-zaciatocnik","status":"publish","type":"product","link":"https:\/\/www.vita.sk\/cs\/online-kurz-microsoft-planner-i-zaciatocnik\/","title":{"rendered":"Online kurz Microsoft Planner I. Za\u010diato\u010dn\u00edk"},"content":{"rendered":"<p>Online kurz Microsoft Planner I. Za\u010diato\u010dn\u00edk je pre v\u00e1s ide\u00e1lny, ak sa chcete nau\u010di\u0165 efekt\u00edvne riadi\u0165 \u00falohy, projekty a t\u00edmov\u00fa spolupr\u00e1cu pomocou n\u00e1stroja Microsoft Planner. <strong>Ide o akreditovan\u00fd a certifikovan\u00fd kurz na Microsoft Planner.<\/strong>\u00a0V tomto kurze sa nau\u010d\u00edte, ako funguje prostredie Microsoft Planner a ako si ho spr\u00e1vne nastavi\u0165 pre ka\u017edodenn\u00e9 riadenie \u00faloh a projektov. Z\u00edskate preh\u013ead o z\u00e1kladn\u00fdch princ\u00edpoch projektov\u00e9ho mana\u017ementu a pochop\u00edte, ak\u00e9 s\u00fa k\u013e\u00fa\u010dov\u00e9 v\u00fdkonnostn\u00e9 parametre pri riaden\u00ed projektov. Nau\u010d\u00edte sa vytv\u00e1ra\u0165 pl\u00e1ny, definova\u0165 \u00falohy, pride\u013eova\u0165 zodpovednosti a organizova\u0165 pr\u00e1cu pomocou Buckets, ktor\u00e9 umo\u017e\u0148uj\u00fa preh\u013eadn\u00e9 \u010dlenenie \u00faloh pod\u013ea logick\u00fdch celkov. Dozviete sa, ako efekt\u00edvne sledova\u0165 priebeh \u00faloh, nastavova\u0165 priority a zabezpe\u010di\u0165 transparentnos\u0165 pr\u00e1ce v t\u00edme. Kurz sa zameriava aj na pokro\u010dil\u00e9 princ\u00edpy projektov\u00e9ho riadenia, ktor\u00e9 zvy\u0161uj\u00fa efektivitu a preh\u013eadnos\u0165 riadenia projektov. Nau\u010d\u00edte sa pracova\u0165 s RACI maticou, ktor\u00e1 umo\u017e\u0148uje jasne definova\u0165 roly a zodpovednosti v projekte. Pochop\u00edte vyu\u017eitie modelu 5Ws pri anal\u00fdze \u00faloh a projektov a osvoj\u00edte si met\u00f3du MoSCoW na efekt\u00edvnu prioritiz\u00e1ciu \u00faloh pod\u013ea ich d\u00f4le\u017eitosti a naliehavosti. Z\u00edskan\u00e9 vedomosti v\u00e1m umo\u017enia lep\u0161ie pl\u00e1nova\u0165, organizova\u0165 a riadi\u0165 pracovn\u00e9 aktivity v individu\u00e1lnom aj t\u00edmovom prostred\u00ed. Po absolvovan\u00ed kurzu budete schopn\u00ed efekt\u00edvne vyu\u017e\u00edva\u0165 Microsoft Planner na riadenie projektov, organizova\u0165 \u00falohy, nastavova\u0165 priority a optimalizova\u0165 pracovn\u00e9 procesy. Ak sa chcete skuto\u010dne nau\u010di\u0165 riadi\u0165 \u00falohy a projekty v Microsoft Planner a sta\u0165 sa efekt\u00edvnym projektov\u00fdm mana\u017e\u00e9rom, tak toto je ide\u00e1lny online kurz pre v\u00e1s.<\/p>\n","protected":false},"excerpt":{"rendered":"<p>Nau\u010d\u00edme sa efekt\u00edvne riadi\u0165 \u00falohy a projekty v Microsoft Planner a aplikova\u0165 z\u00e1kladn\u00e9 aj pokro\u010dil\u00e9 princ\u00edpy projektov\u00e9ho mana\u017ementu.","protected":false},"author":4,"featured_media":9902,"comment_status":"open","ping_status":"closed","template":"","meta":{"_acf_changed":false},"product_brand":[],"product_cat":[66,84,88,73],"product_tag":[191,211,444],"class_list":{"0":"post-34449","1":"product","2":"type-product","3":"status-publish","4":"has-post-thumbnail","6":"product_cat-online-kurzy-kancelarske-baliky","7":"product_cat-online-kurzy-manazerske-kurzy-soft-skills","8":"product_cat-online-kurzy-projektovy-manazment-v-it","9":"product_cat-bez-kategorie","10":"product_tag-manazerske-kurzy","11":"product_tag-projektovy-manazment-v-it","12":"product_tag-projektovy-management","14":"first","15":"instock","16":"sale","17":"sold-individually","18":"taxable","19":"shipping-taxable","20":"purchasable","21":"product-type-simple"},"yoast_head":"<!-- This site is optimized with the Yoast SEO Premium plugin v25.0 (Yoast SEO v25.0) - https:\/\/yoast.com\/wordpress\/plugins\/seo\/ -->\n<title>Online kurz Microsoft Planner I. Za\u010diato\u010dn\u00edk 2026 | VITA<\/title>\n<meta name=\"description\" content=\"Online kurz Microsoft Planner I. Za\u010diato\u010dn\u00edk je pre v\u00e1s vhodn\u00fd, ak sa chcete sta\u0165 projektov\u00fdm mana\u017e\u00e9rom a osvoji\u0165 projektov\u00fd mana\u017ement. \u2705\" \/>\n<meta name=\"robots\" content=\"index, follow, max-snippet:-1, max-image-preview:large, max-video-preview:-1\" \/>\n<link rel=\"canonical\" href=\"https:\/\/www.vita.sk\/online-kurz-microsoft-planner-i-zaciatocnik\/\" \/>\n<meta property=\"og:locale\" content=\"cs_CZ\" \/>\n<meta property=\"og:type\" content=\"article\" \/>\n<meta property=\"og:title\" content=\"Online kurz Microsoft Planner I. Za\u010diato\u010dn\u00edk\" \/>\n<meta property=\"og:description\" content=\"Online kurz Microsoft Planner I. Za\u010diato\u010dn\u00edk je pre v\u00e1s vhodn\u00fd, ak sa chcete sta\u0165 projektov\u00fdm mana\u017e\u00e9rom a osvoji\u0165 projektov\u00fd mana\u017ement. \u2705\" \/>\n<meta property=\"og:url\" content=\"https:\/\/www.vita.sk\/online-kurz-microsoft-planner-i-zaciatocnik\/\" \/>\n<meta property=\"og:site_name\" content=\"VITA\" \/>\n<meta property=\"article:publisher\" content=\"https:\/\/www.facebook.com\/VitaAcademySK\" \/>\n<meta property=\"article:modified_time\" content=\"2026-04-15T12:26:15+00:00\" \/>\n<meta property=\"og:image\" content=\"https:\/\/www.vita.sk\/wp-content\/uploads\/2022\/05\/online-kurz-Projektovy-Management.png\" \/>\n\t<meta property=\"og:image:width\" content=\"360\" \/>\n\t<meta property=\"og:image:height\" content=\"360\" \/>\n\t<meta property=\"og:image:type\" content=\"image\/png\" \/>\n<meta name=\"twitter:card\" content=\"summary_large_image\" \/>\n<meta name=\"twitter:label1\" content=\"Odhadovan\u00e1 doba \u010dten\u00ed\" \/>\n\t<meta name=\"twitter:data1\" content=\"2 minuty\" \/>\n<script type=\"application\/ld+json\" class=\"yoast-schema-graph\">{\n\t    \"@context\": \"https:\/\/schema.org\",\n\t    \"@graph\": [\n\t        {\n\t            \"@type\": \"WebPage\",\n\t            \"@id\": \"https:\/\/www.vita.sk\/online-kurz-microsoft-planner-i-zaciatocnik\/\",\n\t            \"url\": \"https:\/\/www.vita.sk\/online-kurz-microsoft-planner-i-zaciatocnik\/\",\n\t            \"name\": \"Online kurz Microsoft Planner I. Za\u010diato\u010dn\u00edk {Y} | VITA\",\n\t            \"isPartOf\": {\n\t                \"@id\": \"https:\/\/www.vita.sk\/#website\"\n\t            },\n\t            \"primaryImageOfPage\": {\n\t                \"@id\": \"https:\/\/www.vita.sk\/online-kurz-microsoft-planner-i-zaciatocnik\/#primaryimage\"\n\t            },\n\t            \"image\": {\n\t                \"@id\": \"https:\/\/www.vita.sk\/online-kurz-microsoft-planner-i-zaciatocnik\/#primaryimage\"\n\t            },\n\t            \"thumbnailUrl\": \"https:\/\/www.vita.sk\/wp-content\/uploads\/2022\/05\/online-kurz-Projektovy-Management.png\",\n\t            \"datePublished\": \"2026-04-11T08:57:36+00:00\",\n\t            \"dateModified\": \"2026-04-15T12:26:15+00:00\",\n\t            \"description\": \"Online kurz Microsoft Planner I. Za\u010diato\u010dn\u00edk je pre v\u00e1s vhodn\u00fd, ak sa chcete sta\u0165 projektov\u00fdm mana\u017e\u00e9rom a osvoji\u0165 projektov\u00fd mana\u017ement. \u2705\",\n\t            \"breadcrumb\": {\n\t                \"@id\": \"https:\/\/www.vita.sk\/online-kurz-microsoft-planner-i-zaciatocnik\/#breadcrumb\"\n\t            },\n\t            \"inLanguage\": \"cs\",\n\t            \"potentialAction\": [\n\t                {\n\t                    \"@type\": \"ReadAction\",\n\t                    \"target\": [\n\t                        \"https:\/\/www.vita.sk\/online-kurz-microsoft-planner-i-zaciatocnik\/\"\n\t                    ]\n\t                }\n\t            ]\n\t        },\n\t        {\n\t            \"@type\": \"ImageObject\",\n\t            \"inLanguage\": \"cs\",\n\t            \"@id\": \"https:\/\/www.vita.sk\/online-kurz-microsoft-planner-i-zaciatocnik\/#primaryimage\",\n\t            \"url\": \"https:\/\/www.vita.sk\/wp-content\/uploads\/2022\/05\/online-kurz-Projektovy-Management.png\",\n\t            \"contentUrl\": \"https:\/\/www.vita.sk\/wp-content\/uploads\/2022\/05\/online-kurz-Projektovy-Management.png\",\n\t            \"width\": 360,\n\t            \"height\": 360\n\t        },\n\t        {\n\t            \"@type\": \"BreadcrumbList\",\n\t            \"@id\": \"https:\/\/www.vita.sk\/online-kurz-microsoft-planner-i-zaciatocnik\/#breadcrumb\",\n\t            \"itemListElement\": [\n\t                {\n\t                    \"@type\": \"ListItem\",\n\t                    \"position\": 1,\n\t                    \"name\": \"VITA Academy\",\n\t                    \"item\": \"https:\/\/www.vita.sk\/cs\/\"\n\t                },\n\t                {\n\t                    \"@type\": \"ListItem\",\n\t                    \"position\": 2,\n\t                    \"name\": \"Shop\",\n\t                    \"item\": \"https:\/\/www.vita.sk\/shop\/\"\n\t                },\n\t                {\n\t                    \"@type\": \"ListItem\",\n\t                    \"position\": 3,\n\t                    \"name\": \"Kancel\u00e1rske Bal\u00edky\",\n\t                    \"item\": \"https:\/\/www.vita.sk\/online-kurzy-kancelarske-baliky\/\"\n\t                },\n\t                {\n\t                    \"@type\": \"ListItem\",\n\t                    \"position\": 4,\n\t                    \"name\": \"Online kurz Microsoft Planner I. Za\u010diato\u010dn\u00edk\"\n\t                }\n\t            ]\n\t        },\n\t        {\n\t            \"@type\": \"WebSite\",\n\t            \"@id\": \"https:\/\/www.vita.sk\/#website\",\n\t            \"url\": \"https:\/\/www.vita.sk\/\",\n\t            \"name\": \"VITA\",\n\t            \"description\": \"\",\n\t            \"publisher\": {\n\t                \"@id\": \"https:\/\/www.vita.sk\/#organization\"\n\t            },\n\t            \"potentialAction\": [\n\t                {\n\t                    \"@type\": \"SearchAction\",\n\t                    \"target\": {\n\t                        \"@type\": \"EntryPoint\",\n\t                        \"urlTemplate\": \"https:\/\/www.vita.sk\/?s={search_term_string}\"\n\t                    },\n\t                    \"query-input\": {\n\t                        \"@type\": \"PropertyValueSpecification\",\n\t                        \"valueRequired\": true,\n\t                        \"valueName\": \"search_term_string\"\n\t                    }\n\t                }\n\t            ],\n\t            \"inLanguage\": \"cs\"\n\t        },\n\t        {\n\t            \"email\": \"admin@vita.sk\",\n\t            \"logo\": \"https:\/\/www.vita.sk\/img\/vita_logo.png \",\n\t            \"address\": {\n\t                \"type\": \"PostalAddress\",\n\t                \"streetAddress\": \"Tom\u00e1\u0161ikova 50\/A\",\n\t                \"addressLocality\": \"Bratislava\",\n\t                \"postalCode\": \"83104\",\n\t                \"addressCountry\": {\n\t                    \"name\": \"SK\",\n\t                    \"type\": \"Country\"\n\t                }\n\t            },\n\t            \"contactPoint\": {\n\t                \"type\": \"ContactPoint\",\n\t                \"telephone\": \"+421 907 375\u00a0543\",\n\t                \"Email\": \"admin@vita.sk\",\n\t                \"contactType\": \"customer service\"\n\t            },\n\t            \"sameAs\": [\n\t                \"https:\/\/www.facebook.com\/VitaAcademySK\/\",\n\t                \"https:\/\/www.linkedin.com\/company\/vita-academy\/\"\n\t            ]\n\t        }\n\t    ]\n\t}<\/script>\n<!-- \/ Yoast SEO Premium plugin. -->","yoast_head_json":{"title":"Online kurz Microsoft Planner I. Za\u010diato\u010dn\u00edk 2026 | VITA","description":"Online kurz Microsoft Planner I. Za\u010diato\u010dn\u00edk je pre v\u00e1s vhodn\u00fd, ak sa chcete sta\u0165 projektov\u00fdm mana\u017e\u00e9rom a osvoji\u0165 projektov\u00fd mana\u017ement. \u2705","robots":{"index":"index","follow":"follow","max-snippet":"max-snippet:-1","max-image-preview":"max-image-preview:large","max-video-preview":"max-video-preview:-1"},"canonical":"https:\/\/www.vita.sk\/online-kurz-microsoft-planner-i-zaciatocnik\/","og_locale":"cs_CZ","og_type":"article","og_title":"Online kurz Microsoft Planner I. Za\u010diato\u010dn\u00edk","og_description":"Online kurz Microsoft Planner I. Za\u010diato\u010dn\u00edk je pre v\u00e1s vhodn\u00fd, ak sa chcete sta\u0165 projektov\u00fdm mana\u017e\u00e9rom a osvoji\u0165 projektov\u00fd mana\u017ement. \u2705","og_url":"https:\/\/www.vita.sk\/online-kurz-microsoft-planner-i-zaciatocnik\/","og_site_name":"VITA","article_publisher":"https:\/\/www.facebook.com\/VitaAcademySK","article_modified_time":"2026-04-15T12:26:15+00:00","og_image":[{"width":360,"height":360,"url":"https:\/\/www.vita.sk\/wp-content\/uploads\/2022\/05\/online-kurz-Projektovy-Management.png","type":"image\/png"}],"twitter_card":"summary_large_image","twitter_misc":{"Odhadovan\u00e1 doba \u010dten\u00ed":"2 minuty"},"schema":{"@context":"https:\/\/schema.org","@graph":[{"@type":"WebPage","@id":"https:\/\/www.vita.sk\/online-kurz-microsoft-planner-i-zaciatocnik\/","url":"https:\/\/www.vita.sk\/online-kurz-microsoft-planner-i-zaciatocnik\/","name":"Online kurz Microsoft Planner I. Za\u010diato\u010dn\u00edk {Y} | VITA","isPartOf":{"@id":"https:\/\/www.vita.sk\/#website"},"primaryImageOfPage":{"@id":"https:\/\/www.vita.sk\/online-kurz-microsoft-planner-i-zaciatocnik\/#primaryimage"},"image":{"@id":"https:\/\/www.vita.sk\/online-kurz-microsoft-planner-i-zaciatocnik\/#primaryimage"},"thumbnailUrl":"https:\/\/www.vita.sk\/wp-content\/uploads\/2022\/05\/online-kurz-Projektovy-Management.png","datePublished":"2026-04-11T08:57:36+00:00","dateModified":"2026-04-15T12:26:15+00:00","description":"Online kurz Microsoft Planner I. Za\u010diato\u010dn\u00edk je pre v\u00e1s vhodn\u00fd, ak sa chcete sta\u0165 projektov\u00fdm mana\u017e\u00e9rom a osvoji\u0165 projektov\u00fd mana\u017ement. \u2705","breadcrumb":{"@id":"https:\/\/www.vita.sk\/online-kurz-microsoft-planner-i-zaciatocnik\/#breadcrumb"},"inLanguage":"cs","potentialAction":[{"@type":"ReadAction","target":["https:\/\/www.vita.sk\/online-kurz-microsoft-planner-i-zaciatocnik\/"]}]},{"@type":"ImageObject","inLanguage":"cs","@id":"https:\/\/www.vita.sk\/online-kurz-microsoft-planner-i-zaciatocnik\/#primaryimage","url":"https:\/\/www.vita.sk\/wp-content\/uploads\/2022\/05\/online-kurz-Projektovy-Management.png","contentUrl":"https:\/\/www.vita.sk\/wp-content\/uploads\/2022\/05\/online-kurz-Projektovy-Management.png","width":360,"height":360},{"@type":"BreadcrumbList","@id":"https:\/\/www.vita.sk\/online-kurz-microsoft-planner-i-zaciatocnik\/#breadcrumb","itemListElement":[{"@type":"ListItem","position":1,"name":"VITA Academy","item":"https:\/\/www.vita.sk\/cs\/"},{"@type":"ListItem","position":2,"name":"Shop","item":"https:\/\/www.vita.sk\/shop\/"},{"@type":"ListItem","position":3,"name":"Kancel\u00e1rske Bal\u00edky","item":"https:\/\/www.vita.sk\/online-kurzy-kancelarske-baliky\/"},{"@type":"ListItem","position":4,"name":"Online kurz Microsoft Planner I. Za\u010diato\u010dn\u00edk"}]},{"@type":"WebSite","@id":"https:\/\/www.vita.sk\/#website","url":"https:\/\/www.vita.sk\/","name":"VITA","description":"","publisher":{"@id":"https:\/\/www.vita.sk\/#organization"},"potentialAction":[{"@type":"SearchAction","target":{"@type":"EntryPoint","urlTemplate":"https:\/\/www.vita.sk\/?s={search_term_string}"},"query-input":{"@type":"PropertyValueSpecification","valueRequired":true,"valueName":"search_term_string"}}],"inLanguage":"cs"},{"email":"admin@vita.sk","logo":"https:\/\/www.vita.sk\/img\/vita_logo.png ","address":{"type":"PostalAddress","streetAddress":"Tom\u00e1\u0161ikova 50\/A","addressLocality":"Bratislava","postalCode":"83104","addressCountry":{"name":"SK","type":"Country"}},"contactPoint":{"type":"ContactPoint","telephone":"+421 907 375\u00a0543","Email":"admin@vita.sk","contactType":"customer service"},"sameAs":["https:\/\/www.facebook.com\/VitaAcademySK\/","https:\/\/www.linkedin.com\/company\/vita-academy\/"]}]}},"acf":[],"_links":{"self":[{"href":"https:\/\/www.vita.sk\/cs\/wp-json\/wp\/v2\/product\/34449","targetHints":{"allow":["GET"]}}],"collection":[{"href":"https:\/\/www.vita.sk\/cs\/wp-json\/wp\/v2\/product"}],"about":[{"href":"https:\/\/www.vita.sk\/cs\/wp-json\/wp\/v2\/types\/product"}],"author":[{"embeddable":true,"href":"https:\/\/www.vita.sk\/cs\/wp-json\/wp\/v2\/users\/4"}],"replies":[{"embeddable":true,"href":"https:\/\/www.vita.sk\/cs\/wp-json\/wp\/v2\/comments?post=34449"}],"wp:featuredmedia":[{"embeddable":true,"href":"https:\/\/www.vita.sk\/cs\/wp-json\/wp\/v2\/media\/9902"}],"wp:attachment":[{"href":"https:\/\/www.vita.sk\/cs\/wp-json\/wp\/v2\/media?parent=34449"}],"wp:term":[{"taxonomy":"product_brand","embeddable":true,"href":"https:\/\/www.vita.sk\/cs\/wp-json\/wp\/v2\/product_brand?post=34449"},{"taxonomy":"product_cat","embeddable":true,"href":"https:\/\/www.vita.sk\/cs\/wp-json\/wp\/v2\/product_cat?post=34449"},{"taxonomy":"product_tag","embeddable":true,"href":"https:\/\/www.vita.sk\/cs\/wp-json\/wp\/v2\/product_tag?post=34449"}],"curies":[{"name":"wp","href":"https:\/\/api.w.org\/{rel}","templated":true}]}}