{"id":34543,"date":"2018-10-01T12:39:36","date_gmt":"2018-10-01T10:39:36","guid":{"rendered":"https:\/\/www.vita.sk\/online-kurz-pocitacove-siete-iii-zaklady-bezpecnosti-sieti\/"},"modified":"2018-10-01T12:39:36","modified_gmt":"2018-10-01T10:39:36","slug":"online-kurz-pocitacove-siete-iii-zaklady-bezpecnosti-sieti","status":"publish","type":"product","link":"https:\/\/www.vita.sk\/cs\/online-kurz-pocitacove-siete-iii-zaklady-bezpecnosti-sieti\/","title":{"rendered":"Online kurz Po\u010d\u00edta\u010dov\u00e9 Siete III. Z\u00e1klady Bezpe\u010dnosti Siet\u00ed"},"content":{"rendered":"<p>Online kurz Po\u010d\u00edta\u010dov\u00e9 Siete III. Z\u00e1klady Bezpe\u010dnosti Siet\u00ed je ide\u00e1lny pre absolventa online kurzu Po\u010d\u00edta\u010dov\u00e9 Siete II. \u00a0<strong>Ide o jedin\u00fd akreditovan\u00fd a certifikovan\u00fd kurz na Po\u010d\u00edta\u010dov\u00e9 Siete na Slovensku.\u00a0<\/strong>Na kurze sa nau\u010d\u00edte, kde sa v sieti nach\u00e1dzaj\u00fa najzranite\u013enej\u0161ie miesta a princ\u00edpy bezpe\u010dn\u00e9ho n\u00e1vrhu siet\u00ed. Uvedieme v\u00e1s do problematiky bezpe\u010dnostn\u00fdch protokolov ak\u00fdmi s\u00fa\u00a0 HTTPS. \u010ealej v\u00e1s nau\u010d\u00edme pracova\u0165 s firewallmi, filtrami a proxy servermi. Absolvent online kurzu Po\u010d\u00edta\u010dov\u00e9 Siete Z\u00e1klady Bezpe\u010dnosti Siet\u00ed bude ovl\u00e1da\u0165 zabezpe\u010denie firemnej a vlastnej siete.\u00a0Ak sa chcete skuto\u010dne nau\u010di\u0165 pou\u017e\u00edva\u0165 Po\u010d\u00edta\u010dov\u00e9 Siete, tak toto je ide\u00e1lny online kurz pre v\u00e1s.<\/p>\n","protected":false},"excerpt":{"rendered":"<p>Online kurz Po\u010d\u00edta\u010dov\u00e9 Siete III. Z\u00e1klady Bezpe\u010dnosti Siet\u00ed je ide\u00e1lny pre absolventa online kurzu Po\u010d\u00edta\u010dov\u00e9 Siete II. \u00a0Ide o jedin\u00fd akreditovan\u00fd a certifikovan\u00fd kurz na Po\u010d\u00edta\u010dov\u00e9 Siete na Slovensku. \u00a0Na kurze sa nau\u010d\u00edte, kde sa v sieti nach\u00e1dzaj\u00fa najzranite\u013enej\u0161ie miesta a princ\u00edpy bezpe\u010dn\u00e9ho n\u00e1vrhu siet\u00ed. Uvedieme v\u00e1s do problematiky bezpe\u010dnostn\u00fdch protokolov ak\u00fdmi s\u00fa\u00a0 HTTPS.","protected":false},"author":4,"featured_media":34545,"comment_status":"open","ping_status":"closed","template":"","meta":{"_acf_changed":false},"product_brand":[],"product_cat":[799,952,953],"product_tag":[868,895],"class_list":{"0":"post-34543","1":"product","2":"type-product","3":"status-publish","4":"has-post-thumbnail","6":"product_cat-pocitacove-site-a-cisco","7":"product_cat-online-kurzy-pocitacove-siete-cs","8":"product_cat-baliky-kurzov-a-predplatne-cs","9":"product_tag-cisco-a-site","10":"product_tag-pocitacove-site","12":"first","13":"instock","14":"sale","15":"sold-individually","16":"taxable","17":"shipping-taxable","18":"purchasable","19":"product-type-simple"},"yoast_head":"<!-- This site is optimized with the Yoast SEO Premium plugin v25.0 (Yoast SEO v25.0) - https:\/\/yoast.com\/wordpress\/plugins\/seo\/ -->\n<title>Online kurz Po\u010d\u00edta\u010dov\u00e9 Siete III. Z\u00e1klady Bezpe\u010dnosti Siet\u00ed | VITA<\/title>\n<meta name=\"robots\" content=\"index, follow, max-snippet:-1, max-image-preview:large, max-video-preview:-1\" \/>\n<link rel=\"canonical\" href=\"https:\/\/www.vita.sk\/cs\/online-kurz-pocitacove-siete-iii-zaklady-bezpecnosti-sieti\/\" \/>\n<meta property=\"og:locale\" content=\"cs_CZ\" \/>\n<meta property=\"og:type\" content=\"article\" \/>\n<meta property=\"og:title\" content=\"Online kurz Po\u010d\u00edta\u010dov\u00e9 Siete III. Z\u00e1klady Bezpe\u010dnosti Siet\u00ed\" \/>\n<meta property=\"og:description\" content=\"Online kurz Po\u010d\u00edta\u010dov\u00e9 Siete III. Z\u00e1klady Bezpe\u010dnosti Siet\u00ed je ide\u00e1lny pre absolventa online kurzu Po\u010d\u00edta\u010dov\u00e9 Siete II. \u00a0Ide o jedin\u00fd akreditovan\u00fd a certifikovan\u00fd kurz na Po\u010d\u00edta\u010dov\u00e9 Siete na Slovensku.\u00a0Na kurze sa nau\u010d\u00edte, kde sa v sieti nach\u00e1dzaj\u00fa najzranite\u013enej\u0161ie miesta a princ\u00edpy bezpe\u010dn\u00e9ho n\u00e1vrhu siet\u00ed. Uvedieme v\u00e1s do problematiky bezpe\u010dnostn\u00fdch protokolov ak\u00fdmi s\u00fa\u00a0 HTTPS. \u010ealej v\u00e1s [&hellip;]\" \/>\n<meta property=\"og:url\" content=\"https:\/\/www.vita.sk\/cs\/online-kurz-pocitacove-siete-iii-zaklady-bezpecnosti-sieti\/\" \/>\n<meta property=\"og:site_name\" content=\"VITA\" \/>\n<meta property=\"article:publisher\" content=\"https:\/\/www.facebook.com\/VitaAcademySK\" \/>\n<meta name=\"twitter:card\" content=\"summary_large_image\" \/>\n<meta name=\"twitter:label1\" content=\"Odhadovan\u00e1 doba \u010dten\u00ed\" \/>\n\t<meta name=\"twitter:data1\" content=\"1 minuta\" \/>\n<script type=\"application\/ld+json\" class=\"yoast-schema-graph\">{\n\t    \"@context\": \"https:\/\/schema.org\",\n\t    \"@graph\": [\n\t        {\n\t            \"@type\": \"WebPage\",\n\t            \"@id\": \"https:\/\/www.vita.sk\/cs\/online-kurz-pocitacove-siete-iii-zaklady-bezpecnosti-sieti\/\",\n\t            \"url\": \"https:\/\/www.vita.sk\/cs\/online-kurz-pocitacove-siete-iii-zaklady-bezpecnosti-sieti\/\",\n\t            \"name\": \"Online kurz Po\u010d\u00edta\u010dov\u00e9 Siete III. Z\u00e1klady Bezpe\u010dnosti Siet\u00ed | VITA\",\n\t            \"isPartOf\": {\n\t                \"@id\": \"https:\/\/www.vita.sk\/#website\"\n\t            },\n\t            \"primaryImageOfPage\": {\n\t                \"@id\": \"https:\/\/www.vita.sk\/cs\/online-kurz-pocitacove-siete-iii-zaklady-bezpecnosti-sieti\/#primaryimage\"\n\t            },\n\t            \"image\": {\n\t                \"@id\": \"https:\/\/www.vita.sk\/cs\/online-kurz-pocitacove-siete-iii-zaklady-bezpecnosti-sieti\/#primaryimage\"\n\t            },\n\t            \"thumbnailUrl\": \"https:\/\/www.vita.sk\/wp-content\/uploads\/2021\/04\/kurz-zaklady-bezpecnosti-sieti.png\",\n\t            \"datePublished\": \"2018-10-01T10:39:36+00:00\",\n\t            \"breadcrumb\": {\n\t                \"@id\": \"https:\/\/www.vita.sk\/cs\/online-kurz-pocitacove-siete-iii-zaklady-bezpecnosti-sieti\/#breadcrumb\"\n\t            },\n\t            \"inLanguage\": \"cs\",\n\t            \"potentialAction\": [\n\t                {\n\t                    \"@type\": \"ReadAction\",\n\t                    \"target\": [\n\t                        \"https:\/\/www.vita.sk\/cs\/online-kurz-pocitacove-siete-iii-zaklady-bezpecnosti-sieti\/\"\n\t                    ]\n\t                }\n\t            ]\n\t        },\n\t        {\n\t            \"@type\": \"ImageObject\",\n\t            \"inLanguage\": \"cs\",\n\t            \"@id\": \"https:\/\/www.vita.sk\/cs\/online-kurz-pocitacove-siete-iii-zaklady-bezpecnosti-sieti\/#primaryimage\",\n\t            \"url\": \"https:\/\/www.vita.sk\/wp-content\/uploads\/2021\/04\/kurz-zaklady-bezpecnosti-sieti.png\",\n\t            \"contentUrl\": \"https:\/\/www.vita.sk\/wp-content\/uploads\/2021\/04\/kurz-zaklady-bezpecnosti-sieti.png\",\n\t            \"width\": 360,\n\t            \"height\": 360,\n\t            \"caption\": \"Online kurz Z\u00e1klady Bezpe\u010dnosti Siet\u00ed\"\n\t        },\n\t        {\n\t            \"@type\": \"BreadcrumbList\",\n\t            \"@id\": \"https:\/\/www.vita.sk\/cs\/online-kurz-pocitacove-siete-iii-zaklady-bezpecnosti-sieti\/#breadcrumb\",\n\t            \"itemListElement\": [\n\t                {\n\t                    \"@type\": \"ListItem\",\n\t                    \"position\": 1,\n\t                    \"name\": \"VITA Academy\",\n\t                    \"item\": \"https:\/\/www.vita.sk\/cs\/\"\n\t                },\n\t                {\n\t                    \"@type\": \"ListItem\",\n\t                    \"position\": 2,\n\t                    \"name\": \"Shop\",\n\t                    \"item\": \"https:\/\/www.vita.sk\/shop\/\"\n\t                },\n\t                {\n\t                    \"@type\": \"ListItem\",\n\t                    \"position\": 3,\n\t                    \"name\": \"Online kurz Po\u010d\u00edta\u010dov\u00e9 Siete III. Z\u00e1klady Bezpe\u010dnosti Siet\u00ed\"\n\t                }\n\t            ]\n\t        },\n\t        {\n\t            \"@type\": \"WebSite\",\n\t            \"@id\": \"https:\/\/www.vita.sk\/#website\",\n\t            \"url\": \"https:\/\/www.vita.sk\/\",\n\t            \"name\": \"VITA\",\n\t            \"description\": \"\",\n\t            \"publisher\": {\n\t                \"@id\": \"https:\/\/www.vita.sk\/#organization\"\n\t            },\n\t            \"potentialAction\": [\n\t                {\n\t                    \"@type\": \"SearchAction\",\n\t                    \"target\": {\n\t                        \"@type\": \"EntryPoint\",\n\t                        \"urlTemplate\": \"https:\/\/www.vita.sk\/?s={search_term_string}\"\n\t                    },\n\t                    \"query-input\": {\n\t                        \"@type\": \"PropertyValueSpecification\",\n\t                        \"valueRequired\": true,\n\t                        \"valueName\": \"search_term_string\"\n\t                    }\n\t                }\n\t            ],\n\t            \"inLanguage\": \"cs\"\n\t        },\n\t        {\n\t            \"email\": \"admin@vita.sk\",\n\t            \"logo\": \"https:\/\/www.vita.sk\/img\/vita_logo.png \",\n\t            \"address\": {\n\t                \"type\": \"PostalAddress\",\n\t                \"streetAddress\": \"Tom\u00e1\u0161ikova 50\/A\",\n\t                \"addressLocality\": \"Bratislava\",\n\t                \"postalCode\": \"83104\",\n\t                \"addressCountry\": {\n\t                    \"name\": \"SK\",\n\t                    \"type\": \"Country\"\n\t                }\n\t            },\n\t            \"contactPoint\": {\n\t                \"type\": \"ContactPoint\",\n\t                \"telephone\": \"+421 907 375\u00a0543\",\n\t                \"Email\": \"admin@vita.sk\",\n\t                \"contactType\": \"customer service\"\n\t            },\n\t            \"sameAs\": [\n\t                \"https:\/\/www.facebook.com\/VitaAcademySK\/\",\n\t                \"https:\/\/www.linkedin.com\/company\/vita-academy\/\"\n\t            ]\n\t        }\n\t    ]\n\t}<\/script>\n<!-- \/ Yoast SEO Premium plugin. -->","yoast_head_json":{"title":"Online kurz Po\u010d\u00edta\u010dov\u00e9 Siete III. Z\u00e1klady Bezpe\u010dnosti Siet\u00ed | VITA","robots":{"index":"index","follow":"follow","max-snippet":"max-snippet:-1","max-image-preview":"max-image-preview:large","max-video-preview":"max-video-preview:-1"},"canonical":"https:\/\/www.vita.sk\/cs\/online-kurz-pocitacove-siete-iii-zaklady-bezpecnosti-sieti\/","og_locale":"cs_CZ","og_type":"article","og_title":"Online kurz Po\u010d\u00edta\u010dov\u00e9 Siete III. Z\u00e1klady Bezpe\u010dnosti Siet\u00ed","og_description":"Online kurz Po\u010d\u00edta\u010dov\u00e9 Siete III. Z\u00e1klady Bezpe\u010dnosti Siet\u00ed je ide\u00e1lny pre absolventa online kurzu Po\u010d\u00edta\u010dov\u00e9 Siete II. \u00a0Ide o jedin\u00fd akreditovan\u00fd a certifikovan\u00fd kurz na Po\u010d\u00edta\u010dov\u00e9 Siete na Slovensku.\u00a0Na kurze sa nau\u010d\u00edte, kde sa v sieti nach\u00e1dzaj\u00fa najzranite\u013enej\u0161ie miesta a princ\u00edpy bezpe\u010dn\u00e9ho n\u00e1vrhu siet\u00ed. Uvedieme v\u00e1s do problematiky bezpe\u010dnostn\u00fdch protokolov ak\u00fdmi s\u00fa\u00a0 HTTPS. \u010ealej v\u00e1s [&hellip;]","og_url":"https:\/\/www.vita.sk\/cs\/online-kurz-pocitacove-siete-iii-zaklady-bezpecnosti-sieti\/","og_site_name":"VITA","article_publisher":"https:\/\/www.facebook.com\/VitaAcademySK","twitter_card":"summary_large_image","twitter_misc":{"Odhadovan\u00e1 doba \u010dten\u00ed":"1 minuta"},"schema":{"@context":"https:\/\/schema.org","@graph":[{"@type":"WebPage","@id":"https:\/\/www.vita.sk\/cs\/online-kurz-pocitacove-siete-iii-zaklady-bezpecnosti-sieti\/","url":"https:\/\/www.vita.sk\/cs\/online-kurz-pocitacove-siete-iii-zaklady-bezpecnosti-sieti\/","name":"Online kurz Po\u010d\u00edta\u010dov\u00e9 Siete III. Z\u00e1klady Bezpe\u010dnosti Siet\u00ed | VITA","isPartOf":{"@id":"https:\/\/www.vita.sk\/#website"},"primaryImageOfPage":{"@id":"https:\/\/www.vita.sk\/cs\/online-kurz-pocitacove-siete-iii-zaklady-bezpecnosti-sieti\/#primaryimage"},"image":{"@id":"https:\/\/www.vita.sk\/cs\/online-kurz-pocitacove-siete-iii-zaklady-bezpecnosti-sieti\/#primaryimage"},"thumbnailUrl":"https:\/\/www.vita.sk\/wp-content\/uploads\/2021\/04\/kurz-zaklady-bezpecnosti-sieti.png","datePublished":"2018-10-01T10:39:36+00:00","breadcrumb":{"@id":"https:\/\/www.vita.sk\/cs\/online-kurz-pocitacove-siete-iii-zaklady-bezpecnosti-sieti\/#breadcrumb"},"inLanguage":"cs","potentialAction":[{"@type":"ReadAction","target":["https:\/\/www.vita.sk\/cs\/online-kurz-pocitacove-siete-iii-zaklady-bezpecnosti-sieti\/"]}]},{"@type":"ImageObject","inLanguage":"cs","@id":"https:\/\/www.vita.sk\/cs\/online-kurz-pocitacove-siete-iii-zaklady-bezpecnosti-sieti\/#primaryimage","url":"https:\/\/www.vita.sk\/wp-content\/uploads\/2021\/04\/kurz-zaklady-bezpecnosti-sieti.png","contentUrl":"https:\/\/www.vita.sk\/wp-content\/uploads\/2021\/04\/kurz-zaklady-bezpecnosti-sieti.png","width":360,"height":360,"caption":"Online kurz Z\u00e1klady Bezpe\u010dnosti Siet\u00ed"},{"@type":"BreadcrumbList","@id":"https:\/\/www.vita.sk\/cs\/online-kurz-pocitacove-siete-iii-zaklady-bezpecnosti-sieti\/#breadcrumb","itemListElement":[{"@type":"ListItem","position":1,"name":"VITA Academy","item":"https:\/\/www.vita.sk\/cs\/"},{"@type":"ListItem","position":2,"name":"Shop","item":"https:\/\/www.vita.sk\/shop\/"},{"@type":"ListItem","position":3,"name":"Online kurz Po\u010d\u00edta\u010dov\u00e9 Siete III. Z\u00e1klady Bezpe\u010dnosti Siet\u00ed"}]},{"@type":"WebSite","@id":"https:\/\/www.vita.sk\/#website","url":"https:\/\/www.vita.sk\/","name":"VITA","description":"","publisher":{"@id":"https:\/\/www.vita.sk\/#organization"},"potentialAction":[{"@type":"SearchAction","target":{"@type":"EntryPoint","urlTemplate":"https:\/\/www.vita.sk\/?s={search_term_string}"},"query-input":{"@type":"PropertyValueSpecification","valueRequired":true,"valueName":"search_term_string"}}],"inLanguage":"cs"},{"email":"admin@vita.sk","logo":"https:\/\/www.vita.sk\/img\/vita_logo.png ","address":{"type":"PostalAddress","streetAddress":"Tom\u00e1\u0161ikova 50\/A","addressLocality":"Bratislava","postalCode":"83104","addressCountry":{"name":"SK","type":"Country"}},"contactPoint":{"type":"ContactPoint","telephone":"+421 907 375\u00a0543","Email":"admin@vita.sk","contactType":"customer service"},"sameAs":["https:\/\/www.facebook.com\/VitaAcademySK\/","https:\/\/www.linkedin.com\/company\/vita-academy\/"]}]}},"acf":[],"_links":{"self":[{"href":"https:\/\/www.vita.sk\/cs\/wp-json\/wp\/v2\/product\/34543","targetHints":{"allow":["GET"]}}],"collection":[{"href":"https:\/\/www.vita.sk\/cs\/wp-json\/wp\/v2\/product"}],"about":[{"href":"https:\/\/www.vita.sk\/cs\/wp-json\/wp\/v2\/types\/product"}],"author":[{"embeddable":true,"href":"https:\/\/www.vita.sk\/cs\/wp-json\/wp\/v2\/users\/4"}],"replies":[{"embeddable":true,"href":"https:\/\/www.vita.sk\/cs\/wp-json\/wp\/v2\/comments?post=34543"}],"wp:featuredmedia":[{"embeddable":true,"href":"https:\/\/www.vita.sk\/cs\/wp-json\/wp\/v2\/media\/34545"}],"wp:attachment":[{"href":"https:\/\/www.vita.sk\/cs\/wp-json\/wp\/v2\/media?parent=34543"}],"wp:term":[{"taxonomy":"product_brand","embeddable":true,"href":"https:\/\/www.vita.sk\/cs\/wp-json\/wp\/v2\/product_brand?post=34543"},{"taxonomy":"product_cat","embeddable":true,"href":"https:\/\/www.vita.sk\/cs\/wp-json\/wp\/v2\/product_cat?post=34543"},{"taxonomy":"product_tag","embeddable":true,"href":"https:\/\/www.vita.sk\/cs\/wp-json\/wp\/v2\/product_tag?post=34543"}],"curies":[{"name":"wp","href":"https:\/\/api.w.org\/{rel}","templated":true}]}}