{"id":3972,"date":"2021-03-12T16:07:37","date_gmt":"2021-03-12T15:07:37","guid":{"rendered":"https:\/\/www.vita.sk\/?post_type=product&#038;p=3972"},"modified":"2024-06-07T12:55:56","modified_gmt":"2024-06-07T10:55:56","slug":"online-kurz-microsoft-excel-mo-200-mos","status":"publish","type":"product","link":"https:\/\/www.vita.sk\/cs\/online-kurz-microsoft-excel-mo-200-mos\/","title":{"rendered":"Online kurz Microsoft Excel MO-200 MOS"},"content":{"rendered":"<p>Online kurz Microsoft Excel MO-200 MOS sl\u00fa\u017ei na pr\u00edpravu na sk\u00fa\u0161ku MO-200 Microsoft Excel MOS Associate, ktor\u00e1 meria kompetencie v z\u00e1kladoch vytv\u00e1rania a spr\u00e1vy pracovn\u00fdch listov a zo\u0161itov, vytv\u00e1rania buniek a rozsahov, vytv\u00e1rania tabuliek, uplat\u0148ovania vzorcov a funkci\u00ed a vytv\u00e1rania grafov a objektov. Zameriava na schopnos\u0165 vytv\u00e1ra\u0165 a upravova\u0165 zo\u0161it s viacer\u00fdmi h\u00e1rkami a pou\u017ei\u0165 vizu\u00e1lny reprezent\u00e1ciu \u00fadajov pomocou grafick\u00e9ho prvku.<\/p>\n","protected":false},"excerpt":{"rendered":"<p>Online kurz Microsoft Excel MO-200 MOS sl\u00fa\u017ei na pr\u00edpravu na sk\u00fa\u0161ku MO-200 Microsoft Excel MOS Associate, ktor\u00e1 meria kompetencie v z\u00e1kladoch vytv\u00e1rania a spr\u00e1vy pracovn\u00fdch listov a zo\u0161itov, vytv\u00e1rania buniek a rozsahov, vytv\u00e1rania tabuliek, uplat\u0148ovania vzorcov a funkci\u00ed a vytv\u00e1rania grafov a objektov.","protected":false},"author":4,"featured_media":4406,"comment_status":"open","ping_status":"closed","template":"","meta":{"_acf_changed":false},"product_brand":[],"product_cat":[67,66,45,73],"product_tag":[187,190,198],"class_list":{"0":"post-3972","1":"product","2":"type-product","3":"status-publish","4":"has-post-thumbnail","6":"product_cat-online-kurzy-microsoft-excel","7":"product_cat-online-kurzy-kancelarske-baliky","8":"product_cat-online-kurzy-certifikacne-skusky","9":"product_cat-bez-kategorie","10":"product_tag-kancelarske-baliky","11":"product_tag-certifikacne-skusky","12":"product_tag-excel","14":"first","15":"instock","16":"sale","17":"sold-individually","18":"taxable","19":"shipping-taxable","20":"purchasable","21":"product-type-simple"},"yoast_head":"<!-- This site is optimized with the Yoast SEO Premium plugin v25.0 (Yoast SEO v25.0) - https:\/\/yoast.com\/wordpress\/plugins\/seo\/ -->\n<title>Online kurz Microsoft Excel MO-200 MOS  | VITA<\/title>\n<meta name=\"description\" content=\"V kurze v\u00e1s priprav\u00edme na sk\u00fa\u0161ku MO-200 Microsoft Excel MOS Associate, ktor\u00e1 meria kompetencie v z\u00e1kladoch vytv\u00e1rania a spr\u00e1vy pracovn\u00fdch listov a zo\u0161itov.\" \/>\n<meta name=\"robots\" content=\"index, follow, max-snippet:-1, max-image-preview:large, max-video-preview:-1\" \/>\n<link rel=\"canonical\" href=\"https:\/\/www.vita.sk\/online-kurz-microsoft-excel-mo-200-mos\/\" \/>\n<meta property=\"og:locale\" content=\"cs_CZ\" \/>\n<meta property=\"og:type\" content=\"article\" \/>\n<meta property=\"og:title\" content=\"Online kurz Microsoft Excel MO-200 MOS\" \/>\n<meta property=\"og:description\" content=\"V kurze v\u00e1s priprav\u00edme na sk\u00fa\u0161ku MO-200 Microsoft Excel MOS Associate, ktor\u00e1 meria kompetencie v z\u00e1kladoch vytv\u00e1rania a spr\u00e1vy pracovn\u00fdch listov a zo\u0161itov.\" \/>\n<meta property=\"og:url\" content=\"https:\/\/www.vita.sk\/online-kurz-microsoft-excel-mo-200-mos\/\" \/>\n<meta property=\"og:site_name\" content=\"VITA\" \/>\n<meta property=\"article:publisher\" content=\"https:\/\/www.facebook.com\/VitaAcademySK\" \/>\n<meta property=\"article:modified_time\" content=\"2024-06-07T10:55:56+00:00\" \/>\n<meta property=\"og:image\" content=\"https:\/\/www.vita.sk\/wp-content\/uploads\/2020\/11\/kurz_Microsoft-Certified-Solutions-Expert-MCSE.png\" \/>\n\t<meta property=\"og:image:width\" content=\"360\" \/>\n\t<meta property=\"og:image:height\" content=\"360\" \/>\n\t<meta property=\"og:image:type\" content=\"image\/png\" \/>\n<meta name=\"twitter:card\" content=\"summary_large_image\" \/>\n<meta name=\"twitter:label1\" content=\"Odhadovan\u00e1 doba \u010dten\u00ed\" \/>\n\t<meta name=\"twitter:data1\" content=\"1 minuta\" \/>\n<script type=\"application\/ld+json\" class=\"yoast-schema-graph\">{\n\t    \"@context\": \"https:\/\/schema.org\",\n\t    \"@graph\": [\n\t        {\n\t            \"@type\": \"WebPage\",\n\t            \"@id\": \"https:\/\/www.vita.sk\/online-kurz-microsoft-excel-mo-200-mos\/\",\n\t            \"url\": \"https:\/\/www.vita.sk\/online-kurz-microsoft-excel-mo-200-mos\/\",\n\t            \"name\": \"Online kurz Microsoft Excel MO-200 MOS 2024 | VITA\",\n\t            \"isPartOf\": {\n\t                \"@id\": \"https:\/\/www.vita.sk\/#website\"\n\t            },\n\t            \"primaryImageOfPage\": {\n\t                \"@id\": \"https:\/\/www.vita.sk\/online-kurz-microsoft-excel-mo-200-mos\/#primaryimage\"\n\t            },\n\t            \"image\": {\n\t                \"@id\": \"https:\/\/www.vita.sk\/online-kurz-microsoft-excel-mo-200-mos\/#primaryimage\"\n\t            },\n\t            \"thumbnailUrl\": \"https:\/\/www.vita.sk\/wp-content\/uploads\/2020\/11\/kurz_Microsoft-Certified-Solutions-Expert-MCSE.png\",\n\t            \"datePublished\": \"2021-03-12T15:07:37+00:00\",\n\t            \"dateModified\": \"2024-06-07T10:55:56+00:00\",\n\t            \"description\": \"V kurze v\u00e1s priprav\u00edme na sk\u00fa\u0161ku MO-200 Microsoft Excel MOS Associate, ktor\u00e1 meria kompetencie v z\u00e1kladoch vytv\u00e1rania a spr\u00e1vy pracovn\u00fdch listov a zo\u0161itov.\",\n\t            \"breadcrumb\": {\n\t                \"@id\": \"https:\/\/www.vita.sk\/online-kurz-microsoft-excel-mo-200-mos\/#breadcrumb\"\n\t            },\n\t            \"inLanguage\": \"cs\",\n\t            \"potentialAction\": [\n\t                {\n\t                    \"@type\": \"ReadAction\",\n\t                    \"target\": [\n\t                        \"https:\/\/www.vita.sk\/online-kurz-microsoft-excel-mo-200-mos\/\"\n\t                    ]\n\t                }\n\t            ]\n\t        },\n\t        {\n\t            \"@type\": \"ImageObject\",\n\t            \"inLanguage\": \"cs\",\n\t            \"@id\": \"https:\/\/www.vita.sk\/online-kurz-microsoft-excel-mo-200-mos\/#primaryimage\",\n\t            \"url\": \"https:\/\/www.vita.sk\/wp-content\/uploads\/2020\/11\/kurz_Microsoft-Certified-Solutions-Expert-MCSE.png\",\n\t            \"contentUrl\": \"https:\/\/www.vita.sk\/wp-content\/uploads\/2020\/11\/kurz_Microsoft-Certified-Solutions-Expert-MCSE.png\",\n\t            \"width\": 360,\n\t            \"height\": 360,\n\t            \"caption\": \"Online kurz Microsoft Certified Solutions Expert MCSE\"\n\t        },\n\t        {\n\t            \"@type\": \"BreadcrumbList\",\n\t            \"@id\": \"https:\/\/www.vita.sk\/online-kurz-microsoft-excel-mo-200-mos\/#breadcrumb\",\n\t            \"itemListElement\": [\n\t                {\n\t                    \"@type\": \"ListItem\",\n\t                    \"position\": 1,\n\t                    \"name\": \"VITA Academy\",\n\t                    \"item\": \"https:\/\/www.vita.sk\/cs\/\"\n\t                },\n\t                {\n\t                    \"@type\": \"ListItem\",\n\t                    \"position\": 2,\n\t                    \"name\": \"Shop\",\n\t                    \"item\": \"https:\/\/www.vita.sk\/shop\/\"\n\t                },\n\t                {\n\t                    \"@type\": \"ListItem\",\n\t                    \"position\": 3,\n\t                    \"name\": \"Certifika\u010dn\u00e9 Sk\u00fa\u0161ky\",\n\t                    \"item\": \"https:\/\/www.vita.sk\/online-kurzy-certifikacne-skusky\/\"\n\t                },\n\t                {\n\t                    \"@type\": \"ListItem\",\n\t                    \"position\": 4,\n\t                    \"name\": \"Online kurz Microsoft Excel MO-200 MOS\"\n\t                }\n\t            ]\n\t        },\n\t        {\n\t            \"@type\": \"WebSite\",\n\t            \"@id\": \"https:\/\/www.vita.sk\/#website\",\n\t            \"url\": \"https:\/\/www.vita.sk\/\",\n\t            \"name\": \"VITA\",\n\t            \"description\": \"\",\n\t            \"publisher\": {\n\t                \"@id\": \"https:\/\/www.vita.sk\/#organization\"\n\t            },\n\t            \"potentialAction\": [\n\t                {\n\t                    \"@type\": \"SearchAction\",\n\t                    \"target\": {\n\t                        \"@type\": \"EntryPoint\",\n\t                        \"urlTemplate\": \"https:\/\/www.vita.sk\/?s={search_term_string}\"\n\t                    },\n\t                    \"query-input\": {\n\t                        \"@type\": \"PropertyValueSpecification\",\n\t                        \"valueRequired\": true,\n\t                        \"valueName\": \"search_term_string\"\n\t                    }\n\t                }\n\t            ],\n\t            \"inLanguage\": \"cs\"\n\t        },\n\t        {\n\t            \"email\": \"admin@vita.sk\",\n\t            \"logo\": \"https:\/\/www.vita.sk\/img\/vita_logo.png \",\n\t            \"address\": {\n\t                \"type\": \"PostalAddress\",\n\t                \"streetAddress\": \"Tom\u00e1\u0161ikova 50\/A\",\n\t                \"addressLocality\": \"Bratislava\",\n\t                \"postalCode\": \"83104\",\n\t                \"addressCountry\": {\n\t                    \"name\": \"SK\",\n\t                    \"type\": \"Country\"\n\t                }\n\t            },\n\t            \"contactPoint\": {\n\t                \"type\": \"ContactPoint\",\n\t                \"telephone\": \"+421 907 375\u00a0543\",\n\t                \"Email\": \"admin@vita.sk\",\n\t                \"contactType\": \"customer service\"\n\t            },\n\t            \"sameAs\": [\n\t                \"https:\/\/www.facebook.com\/VitaAcademySK\/\",\n\t                \"https:\/\/www.linkedin.com\/company\/vita-academy\/\"\n\t            ]\n\t        }\n\t    ]\n\t}<\/script>\n<!-- \/ Yoast SEO Premium plugin. -->","yoast_head_json":{"title":"Online kurz Microsoft Excel MO-200 MOS  | VITA","description":"V kurze v\u00e1s priprav\u00edme na sk\u00fa\u0161ku MO-200 Microsoft Excel MOS Associate, ktor\u00e1 meria kompetencie v z\u00e1kladoch vytv\u00e1rania a spr\u00e1vy pracovn\u00fdch listov a zo\u0161itov.","robots":{"index":"index","follow":"follow","max-snippet":"max-snippet:-1","max-image-preview":"max-image-preview:large","max-video-preview":"max-video-preview:-1"},"canonical":"https:\/\/www.vita.sk\/online-kurz-microsoft-excel-mo-200-mos\/","og_locale":"cs_CZ","og_type":"article","og_title":"Online kurz Microsoft Excel MO-200 MOS","og_description":"V kurze v\u00e1s priprav\u00edme na sk\u00fa\u0161ku MO-200 Microsoft Excel MOS Associate, ktor\u00e1 meria kompetencie v z\u00e1kladoch vytv\u00e1rania a spr\u00e1vy pracovn\u00fdch listov a zo\u0161itov.","og_url":"https:\/\/www.vita.sk\/online-kurz-microsoft-excel-mo-200-mos\/","og_site_name":"VITA","article_publisher":"https:\/\/www.facebook.com\/VitaAcademySK","article_modified_time":"2024-06-07T10:55:56+00:00","og_image":[{"width":360,"height":360,"url":"https:\/\/www.vita.sk\/wp-content\/uploads\/2020\/11\/kurz_Microsoft-Certified-Solutions-Expert-MCSE.png","type":"image\/png"}],"twitter_card":"summary_large_image","twitter_misc":{"Odhadovan\u00e1 doba \u010dten\u00ed":"1 minuta"},"schema":{"@context":"https:\/\/schema.org","@graph":[{"@type":"WebPage","@id":"https:\/\/www.vita.sk\/online-kurz-microsoft-excel-mo-200-mos\/","url":"https:\/\/www.vita.sk\/online-kurz-microsoft-excel-mo-200-mos\/","name":"Online kurz Microsoft Excel MO-200 MOS 2024 | VITA","isPartOf":{"@id":"https:\/\/www.vita.sk\/#website"},"primaryImageOfPage":{"@id":"https:\/\/www.vita.sk\/online-kurz-microsoft-excel-mo-200-mos\/#primaryimage"},"image":{"@id":"https:\/\/www.vita.sk\/online-kurz-microsoft-excel-mo-200-mos\/#primaryimage"},"thumbnailUrl":"https:\/\/www.vita.sk\/wp-content\/uploads\/2020\/11\/kurz_Microsoft-Certified-Solutions-Expert-MCSE.png","datePublished":"2021-03-12T15:07:37+00:00","dateModified":"2024-06-07T10:55:56+00:00","description":"V kurze v\u00e1s priprav\u00edme na sk\u00fa\u0161ku MO-200 Microsoft Excel MOS Associate, ktor\u00e1 meria kompetencie v z\u00e1kladoch vytv\u00e1rania a spr\u00e1vy pracovn\u00fdch listov a zo\u0161itov.","breadcrumb":{"@id":"https:\/\/www.vita.sk\/online-kurz-microsoft-excel-mo-200-mos\/#breadcrumb"},"inLanguage":"cs","potentialAction":[{"@type":"ReadAction","target":["https:\/\/www.vita.sk\/online-kurz-microsoft-excel-mo-200-mos\/"]}]},{"@type":"ImageObject","inLanguage":"cs","@id":"https:\/\/www.vita.sk\/online-kurz-microsoft-excel-mo-200-mos\/#primaryimage","url":"https:\/\/www.vita.sk\/wp-content\/uploads\/2020\/11\/kurz_Microsoft-Certified-Solutions-Expert-MCSE.png","contentUrl":"https:\/\/www.vita.sk\/wp-content\/uploads\/2020\/11\/kurz_Microsoft-Certified-Solutions-Expert-MCSE.png","width":360,"height":360,"caption":"Online kurz Microsoft Certified Solutions Expert MCSE"},{"@type":"BreadcrumbList","@id":"https:\/\/www.vita.sk\/online-kurz-microsoft-excel-mo-200-mos\/#breadcrumb","itemListElement":[{"@type":"ListItem","position":1,"name":"VITA Academy","item":"https:\/\/www.vita.sk\/cs\/"},{"@type":"ListItem","position":2,"name":"Shop","item":"https:\/\/www.vita.sk\/shop\/"},{"@type":"ListItem","position":3,"name":"Certifika\u010dn\u00e9 Sk\u00fa\u0161ky","item":"https:\/\/www.vita.sk\/online-kurzy-certifikacne-skusky\/"},{"@type":"ListItem","position":4,"name":"Online kurz Microsoft Excel MO-200 MOS"}]},{"@type":"WebSite","@id":"https:\/\/www.vita.sk\/#website","url":"https:\/\/www.vita.sk\/","name":"VITA","description":"","publisher":{"@id":"https:\/\/www.vita.sk\/#organization"},"potentialAction":[{"@type":"SearchAction","target":{"@type":"EntryPoint","urlTemplate":"https:\/\/www.vita.sk\/?s={search_term_string}"},"query-input":{"@type":"PropertyValueSpecification","valueRequired":true,"valueName":"search_term_string"}}],"inLanguage":"cs"},{"email":"admin@vita.sk","logo":"https:\/\/www.vita.sk\/img\/vita_logo.png ","address":{"type":"PostalAddress","streetAddress":"Tom\u00e1\u0161ikova 50\/A","addressLocality":"Bratislava","postalCode":"83104","addressCountry":{"name":"SK","type":"Country"}},"contactPoint":{"type":"ContactPoint","telephone":"+421 907 375\u00a0543","Email":"admin@vita.sk","contactType":"customer service"},"sameAs":["https:\/\/www.facebook.com\/VitaAcademySK\/","https:\/\/www.linkedin.com\/company\/vita-academy\/"]}]}},"acf":[],"_links":{"self":[{"href":"https:\/\/www.vita.sk\/cs\/wp-json\/wp\/v2\/product\/3972","targetHints":{"allow":["GET"]}}],"collection":[{"href":"https:\/\/www.vita.sk\/cs\/wp-json\/wp\/v2\/product"}],"about":[{"href":"https:\/\/www.vita.sk\/cs\/wp-json\/wp\/v2\/types\/product"}],"author":[{"embeddable":true,"href":"https:\/\/www.vita.sk\/cs\/wp-json\/wp\/v2\/users\/4"}],"replies":[{"embeddable":true,"href":"https:\/\/www.vita.sk\/cs\/wp-json\/wp\/v2\/comments?post=3972"}],"wp:featuredmedia":[{"embeddable":true,"href":"https:\/\/www.vita.sk\/cs\/wp-json\/wp\/v2\/media\/4406"}],"wp:attachment":[{"href":"https:\/\/www.vita.sk\/cs\/wp-json\/wp\/v2\/media?parent=3972"}],"wp:term":[{"taxonomy":"product_brand","embeddable":true,"href":"https:\/\/www.vita.sk\/cs\/wp-json\/wp\/v2\/product_brand?post=3972"},{"taxonomy":"product_cat","embeddable":true,"href":"https:\/\/www.vita.sk\/cs\/wp-json\/wp\/v2\/product_cat?post=3972"},{"taxonomy":"product_tag","embeddable":true,"href":"https:\/\/www.vita.sk\/cs\/wp-json\/wp\/v2\/product_tag?post=3972"}],"curies":[{"name":"wp","href":"https:\/\/api.w.org\/{rel}","templated":true}]}}