{"id":3996,"date":"2021-04-16T09:43:10","date_gmt":"2021-04-16T07:43:10","guid":{"rendered":"https:\/\/www.vita.sk\/?post_type=product&#038;p=3996"},"modified":"2024-11-07T14:45:32","modified_gmt":"2024-11-07T13:45:32","slug":"online-kurz-mongodb-administracia-i-zaciatocnik","status":"publish","type":"product","link":"https:\/\/www.vita.sk\/cs\/online-kurz-mongodb-administracia-i-zaciatocnik\/","title":{"rendered":"Online kurz MongoDB Administr\u00e1cia"},"content":{"rendered":"<p>Online kurz MongoDB Administr\u00e1cia v\u00e1s uvedie do sveta dokumentovo orientovan\u00fdch datab\u00e1z. Zozn\u00e1mime v\u00e1s s touto modernou a najob\u013e\u00fabenej\u0161ou NoSQL datab\u00e1zou. Venova\u0165 sa budeme vyu\u017e\u00edvaniu z\u00e1kladn\u00fdch funkci\u00ed. Obozn\u00e1mime v\u00e1s s jednotliv\u00fdmi platformami a administr\u00e1ciou. Dok\u00e1\u017eete vyu\u017e\u00edva\u0165 \u0161k\u00e1lovanie, ladi\u0165 v\u00fdkon a opravova\u0165 chyby. Absolvovan\u00edm online kurzov MongoDB sa budete dokonale orientova\u0165 v tomto datab\u00e1zovom syst\u00e9me a zvl\u00e1dnete vyu\u017e\u00edva\u0165 v\u0161etky jeho pokro\u010dil\u00e9 funkcie. Uk\u00e1\u017eeme si ako stava\u0165 samostatn\u00e9 uzly a pou\u017e\u00edva\u0165 replik\u00e1ciu.<\/p>\n","protected":false},"excerpt":{"rendered":"<p>Online kurz MongoDB Administr\u00e1cia v\u00e1s uvedie do sveta dokumentovo orientovan\u00fdch datab\u00e1z. Zozn\u00e1mime v\u00e1s s touto modernou a najob\u013e\u00fabenej\u0161ou NoSQL datab\u00e1zou. Venova\u0165 sa budeme vyu\u017e\u00edvaniu z\u00e1kladn\u00fdch funkci\u00ed. Obozn\u00e1mime v\u00e1s s jednotliv\u00fdmi platformami a administr\u00e1ciou. Dok\u00e1\u017eete vyu\u017e\u00edva\u0165 \u0161k\u00e1lovanie, ladi\u0165 v\u00fdkon a opravova\u0165 chyby.","protected":false},"author":4,"featured_media":1015,"comment_status":"open","ping_status":"closed","template":"","meta":{"_acf_changed":false},"product_brand":[],"product_cat":[133,49,73],"product_tag":[188],"class_list":{"0":"post-3996","1":"product","2":"type-product","3":"status-publish","4":"has-post-thumbnail","6":"product_cat-online-kurzy-mongodb","7":"product_cat-online-kurzy-databazy-statistika-analytika","8":"product_cat-bez-kategorie","9":"product_tag-databazy-a-analytika","11":"first","12":"instock","13":"sale","14":"sold-individually","15":"taxable","16":"shipping-taxable","17":"purchasable","18":"product-type-simple"},"yoast_head":"<!-- This site is optimized with the Yoast SEO Premium plugin v25.0 (Yoast SEO v25.0) - https:\/\/yoast.com\/wordpress\/plugins\/seo\/ -->\n<title>Online kurz MongoDB Administr\u00e1cia  | VITA<\/title>\n<meta name=\"description\" content=\"V online kurze MongoDB Administr\u00e1cia pre za\u010diato\u010dn\u00edkov V\u00e1s zozn\u00e1mime s touto modernou a najob\u013e\u00fabenej\u0161ou NoSQL datab\u00e1zou.\" \/>\n<meta name=\"robots\" content=\"index, follow, max-snippet:-1, max-image-preview:large, max-video-preview:-1\" \/>\n<link rel=\"canonical\" href=\"https:\/\/www.vita.sk\/online-kurz-mongodb-administracia-i-zaciatocnik\/\" \/>\n<meta property=\"og:locale\" content=\"cs_CZ\" \/>\n<meta property=\"og:type\" content=\"article\" \/>\n<meta property=\"og:title\" content=\"Online kurz MongoDB Administr\u00e1cia\" \/>\n<meta property=\"og:description\" content=\"V online kurze MongoDB Administr\u00e1cia pre za\u010diato\u010dn\u00edkov V\u00e1s zozn\u00e1mime s touto modernou a najob\u013e\u00fabenej\u0161ou NoSQL datab\u00e1zou.\" \/>\n<meta property=\"og:url\" content=\"https:\/\/www.vita.sk\/online-kurz-mongodb-administracia-i-zaciatocnik\/\" \/>\n<meta property=\"og:site_name\" content=\"VITA\" \/>\n<meta property=\"article:publisher\" content=\"https:\/\/www.facebook.com\/VitaAcademySK\" \/>\n<meta property=\"article:modified_time\" content=\"2024-11-07T13:45:32+00:00\" \/>\n<meta property=\"og:image\" content=\"https:\/\/www.vita.sk\/wp-content\/uploads\/2019\/08\/mongodb.png\" \/>\n\t<meta property=\"og:image:width\" content=\"360\" \/>\n\t<meta property=\"og:image:height\" content=\"360\" \/>\n\t<meta property=\"og:image:type\" content=\"image\/png\" \/>\n<meta name=\"twitter:card\" content=\"summary_large_image\" \/>\n<meta name=\"twitter:label1\" content=\"Odhadovan\u00e1 doba \u010dten\u00ed\" \/>\n\t<meta name=\"twitter:data1\" content=\"1 minuta\" \/>\n<script type=\"application\/ld+json\" class=\"yoast-schema-graph\">{\n\t    \"@context\": \"https:\/\/schema.org\",\n\t    \"@graph\": [\n\t        {\n\t            \"@type\": \"WebPage\",\n\t            \"@id\": \"https:\/\/www.vita.sk\/online-kurz-mongodb-administracia-i-zaciatocnik\/\",\n\t            \"url\": \"https:\/\/www.vita.sk\/online-kurz-mongodb-administracia-i-zaciatocnik\/\",\n\t            \"name\": \"Online kurz MongoDB Administr\u00e1cia 2023 | VITA\",\n\t            \"isPartOf\": {\n\t                \"@id\": \"https:\/\/www.vita.sk\/#website\"\n\t            },\n\t            \"primaryImageOfPage\": {\n\t                \"@id\": \"https:\/\/www.vita.sk\/online-kurz-mongodb-administracia-i-zaciatocnik\/#primaryimage\"\n\t            },\n\t            \"image\": {\n\t                \"@id\": \"https:\/\/www.vita.sk\/online-kurz-mongodb-administracia-i-zaciatocnik\/#primaryimage\"\n\t            },\n\t            \"thumbnailUrl\": \"https:\/\/www.vita.sk\/wp-content\/uploads\/2019\/08\/mongodb.png\",\n\t            \"datePublished\": \"2021-04-16T07:43:10+00:00\",\n\t            \"dateModified\": \"2024-11-07T13:45:32+00:00\",\n\t            \"description\": \"V online kurze MongoDB Administr\u00e1cia pre za\u010diato\u010dn\u00edkov V\u00e1s zozn\u00e1mime s touto modernou a najob\u013e\u00fabenej\u0161ou NoSQL datab\u00e1zou.\",\n\t            \"breadcrumb\": {\n\t                \"@id\": \"https:\/\/www.vita.sk\/online-kurz-mongodb-administracia-i-zaciatocnik\/#breadcrumb\"\n\t            },\n\t            \"inLanguage\": \"cs\",\n\t            \"potentialAction\": [\n\t                {\n\t                    \"@type\": \"ReadAction\",\n\t                    \"target\": [\n\t                        \"https:\/\/www.vita.sk\/online-kurz-mongodb-administracia-i-zaciatocnik\/\"\n\t                    ]\n\t                }\n\t            ]\n\t        },\n\t        {\n\t            \"@type\": \"ImageObject\",\n\t            \"inLanguage\": \"cs\",\n\t            \"@id\": \"https:\/\/www.vita.sk\/online-kurz-mongodb-administracia-i-zaciatocnik\/#primaryimage\",\n\t            \"url\": \"https:\/\/www.vita.sk\/wp-content\/uploads\/2019\/08\/mongodb.png\",\n\t            \"contentUrl\": \"https:\/\/www.vita.sk\/wp-content\/uploads\/2019\/08\/mongodb.png\",\n\t            \"width\": 360,\n\t            \"height\": 360,\n\t            \"caption\": \"Online kurz MongoDB\"\n\t        },\n\t        {\n\t            \"@type\": \"BreadcrumbList\",\n\t            \"@id\": \"https:\/\/www.vita.sk\/online-kurz-mongodb-administracia-i-zaciatocnik\/#breadcrumb\",\n\t            \"itemListElement\": [\n\t                {\n\t                    \"@type\": \"ListItem\",\n\t                    \"position\": 1,\n\t                    \"name\": \"VITA Academy\",\n\t                    \"item\": \"https:\/\/www.vita.sk\/cs\/\"\n\t                },\n\t                {\n\t                    \"@type\": \"ListItem\",\n\t                    \"position\": 2,\n\t                    \"name\": \"Shop\",\n\t                    \"item\": \"https:\/\/www.vita.sk\/shop\/\"\n\t                },\n\t                {\n\t                    \"@type\": \"ListItem\",\n\t                    \"position\": 3,\n\t                    \"name\": \"Spr\u00e1va Datab\u00e1z, \u0160tatistika a D\u00e1tov\u00e1 Anal\u00fdza\",\n\t                    \"item\": \"https:\/\/www.vita.sk\/online-kurzy-databazy-analytika\/\"\n\t                },\n\t                {\n\t                    \"@type\": \"ListItem\",\n\t                    \"position\": 4,\n\t                    \"name\": \"MongoDB\",\n\t                    \"item\": \"https:\/\/www.vita.sk\/online-kurzy-mongodb\/\"\n\t                },\n\t                {\n\t                    \"@type\": \"ListItem\",\n\t                    \"position\": 5,\n\t                    \"name\": \"Online kurz MongoDB Administr\u00e1cia\"\n\t                }\n\t            ]\n\t        },\n\t        {\n\t            \"@type\": \"WebSite\",\n\t            \"@id\": \"https:\/\/www.vita.sk\/#website\",\n\t            \"url\": \"https:\/\/www.vita.sk\/\",\n\t            \"name\": \"VITA\",\n\t            \"description\": \"\",\n\t            \"publisher\": {\n\t                \"@id\": \"https:\/\/www.vita.sk\/#organization\"\n\t            },\n\t            \"potentialAction\": [\n\t                {\n\t                    \"@type\": \"SearchAction\",\n\t                    \"target\": {\n\t                        \"@type\": \"EntryPoint\",\n\t                        \"urlTemplate\": \"https:\/\/www.vita.sk\/?s={search_term_string}\"\n\t                    },\n\t                    \"query-input\": {\n\t                        \"@type\": \"PropertyValueSpecification\",\n\t                        \"valueRequired\": true,\n\t                        \"valueName\": \"search_term_string\"\n\t                    }\n\t                }\n\t            ],\n\t            \"inLanguage\": \"cs\"\n\t        },\n\t        {\n\t            \"email\": \"admin@vita.sk\",\n\t            \"logo\": \"https:\/\/www.vita.sk\/img\/vita_logo.png \",\n\t            \"address\": {\n\t                \"type\": \"PostalAddress\",\n\t                \"streetAddress\": \"Tom\u00e1\u0161ikova 50\/A\",\n\t                \"addressLocality\": \"Bratislava\",\n\t                \"postalCode\": \"83104\",\n\t                \"addressCountry\": {\n\t                    \"name\": \"SK\",\n\t                    \"type\": \"Country\"\n\t                }\n\t            },\n\t            \"contactPoint\": {\n\t                \"type\": \"ContactPoint\",\n\t                \"telephone\": \"+421 907 375\u00a0543\",\n\t                \"Email\": \"admin@vita.sk\",\n\t                \"contactType\": \"customer service\"\n\t            },\n\t            \"sameAs\": [\n\t                \"https:\/\/www.facebook.com\/VitaAcademySK\/\",\n\t                \"https:\/\/www.linkedin.com\/company\/vita-academy\/\"\n\t            ]\n\t        }\n\t    ]\n\t}<\/script>\n<!-- \/ Yoast SEO Premium plugin. -->","yoast_head_json":{"title":"Online kurz MongoDB Administr\u00e1cia  | VITA","description":"V online kurze MongoDB Administr\u00e1cia pre za\u010diato\u010dn\u00edkov V\u00e1s zozn\u00e1mime s touto modernou a najob\u013e\u00fabenej\u0161ou NoSQL datab\u00e1zou.","robots":{"index":"index","follow":"follow","max-snippet":"max-snippet:-1","max-image-preview":"max-image-preview:large","max-video-preview":"max-video-preview:-1"},"canonical":"https:\/\/www.vita.sk\/online-kurz-mongodb-administracia-i-zaciatocnik\/","og_locale":"cs_CZ","og_type":"article","og_title":"Online kurz MongoDB Administr\u00e1cia","og_description":"V online kurze MongoDB Administr\u00e1cia pre za\u010diato\u010dn\u00edkov V\u00e1s zozn\u00e1mime s touto modernou a najob\u013e\u00fabenej\u0161ou NoSQL datab\u00e1zou.","og_url":"https:\/\/www.vita.sk\/online-kurz-mongodb-administracia-i-zaciatocnik\/","og_site_name":"VITA","article_publisher":"https:\/\/www.facebook.com\/VitaAcademySK","article_modified_time":"2024-11-07T13:45:32+00:00","og_image":[{"width":360,"height":360,"url":"https:\/\/www.vita.sk\/wp-content\/uploads\/2019\/08\/mongodb.png","type":"image\/png"}],"twitter_card":"summary_large_image","twitter_misc":{"Odhadovan\u00e1 doba \u010dten\u00ed":"1 minuta"},"schema":{"@context":"https:\/\/schema.org","@graph":[{"@type":"WebPage","@id":"https:\/\/www.vita.sk\/online-kurz-mongodb-administracia-i-zaciatocnik\/","url":"https:\/\/www.vita.sk\/online-kurz-mongodb-administracia-i-zaciatocnik\/","name":"Online kurz MongoDB Administr\u00e1cia 2023 | VITA","isPartOf":{"@id":"https:\/\/www.vita.sk\/#website"},"primaryImageOfPage":{"@id":"https:\/\/www.vita.sk\/online-kurz-mongodb-administracia-i-zaciatocnik\/#primaryimage"},"image":{"@id":"https:\/\/www.vita.sk\/online-kurz-mongodb-administracia-i-zaciatocnik\/#primaryimage"},"thumbnailUrl":"https:\/\/www.vita.sk\/wp-content\/uploads\/2019\/08\/mongodb.png","datePublished":"2021-04-16T07:43:10+00:00","dateModified":"2024-11-07T13:45:32+00:00","description":"V online kurze MongoDB Administr\u00e1cia pre za\u010diato\u010dn\u00edkov V\u00e1s zozn\u00e1mime s touto modernou a najob\u013e\u00fabenej\u0161ou NoSQL datab\u00e1zou.","breadcrumb":{"@id":"https:\/\/www.vita.sk\/online-kurz-mongodb-administracia-i-zaciatocnik\/#breadcrumb"},"inLanguage":"cs","potentialAction":[{"@type":"ReadAction","target":["https:\/\/www.vita.sk\/online-kurz-mongodb-administracia-i-zaciatocnik\/"]}]},{"@type":"ImageObject","inLanguage":"cs","@id":"https:\/\/www.vita.sk\/online-kurz-mongodb-administracia-i-zaciatocnik\/#primaryimage","url":"https:\/\/www.vita.sk\/wp-content\/uploads\/2019\/08\/mongodb.png","contentUrl":"https:\/\/www.vita.sk\/wp-content\/uploads\/2019\/08\/mongodb.png","width":360,"height":360,"caption":"Online kurz MongoDB"},{"@type":"BreadcrumbList","@id":"https:\/\/www.vita.sk\/online-kurz-mongodb-administracia-i-zaciatocnik\/#breadcrumb","itemListElement":[{"@type":"ListItem","position":1,"name":"VITA Academy","item":"https:\/\/www.vita.sk\/cs\/"},{"@type":"ListItem","position":2,"name":"Shop","item":"https:\/\/www.vita.sk\/shop\/"},{"@type":"ListItem","position":3,"name":"Spr\u00e1va Datab\u00e1z, \u0160tatistika a D\u00e1tov\u00e1 Anal\u00fdza","item":"https:\/\/www.vita.sk\/online-kurzy-databazy-analytika\/"},{"@type":"ListItem","position":4,"name":"MongoDB","item":"https:\/\/www.vita.sk\/online-kurzy-mongodb\/"},{"@type":"ListItem","position":5,"name":"Online kurz MongoDB Administr\u00e1cia"}]},{"@type":"WebSite","@id":"https:\/\/www.vita.sk\/#website","url":"https:\/\/www.vita.sk\/","name":"VITA","description":"","publisher":{"@id":"https:\/\/www.vita.sk\/#organization"},"potentialAction":[{"@type":"SearchAction","target":{"@type":"EntryPoint","urlTemplate":"https:\/\/www.vita.sk\/?s={search_term_string}"},"query-input":{"@type":"PropertyValueSpecification","valueRequired":true,"valueName":"search_term_string"}}],"inLanguage":"cs"},{"email":"admin@vita.sk","logo":"https:\/\/www.vita.sk\/img\/vita_logo.png ","address":{"type":"PostalAddress","streetAddress":"Tom\u00e1\u0161ikova 50\/A","addressLocality":"Bratislava","postalCode":"83104","addressCountry":{"name":"SK","type":"Country"}},"contactPoint":{"type":"ContactPoint","telephone":"+421 907 375\u00a0543","Email":"admin@vita.sk","contactType":"customer service"},"sameAs":["https:\/\/www.facebook.com\/VitaAcademySK\/","https:\/\/www.linkedin.com\/company\/vita-academy\/"]}]}},"acf":[],"_links":{"self":[{"href":"https:\/\/www.vita.sk\/cs\/wp-json\/wp\/v2\/product\/3996","targetHints":{"allow":["GET"]}}],"collection":[{"href":"https:\/\/www.vita.sk\/cs\/wp-json\/wp\/v2\/product"}],"about":[{"href":"https:\/\/www.vita.sk\/cs\/wp-json\/wp\/v2\/types\/product"}],"author":[{"embeddable":true,"href":"https:\/\/www.vita.sk\/cs\/wp-json\/wp\/v2\/users\/4"}],"replies":[{"embeddable":true,"href":"https:\/\/www.vita.sk\/cs\/wp-json\/wp\/v2\/comments?post=3996"}],"wp:featuredmedia":[{"embeddable":true,"href":"https:\/\/www.vita.sk\/cs\/wp-json\/wp\/v2\/media\/1015"}],"wp:attachment":[{"href":"https:\/\/www.vita.sk\/cs\/wp-json\/wp\/v2\/media?parent=3996"}],"wp:term":[{"taxonomy":"product_brand","embeddable":true,"href":"https:\/\/www.vita.sk\/cs\/wp-json\/wp\/v2\/product_brand?post=3996"},{"taxonomy":"product_cat","embeddable":true,"href":"https:\/\/www.vita.sk\/cs\/wp-json\/wp\/v2\/product_cat?post=3996"},{"taxonomy":"product_tag","embeddable":true,"href":"https:\/\/www.vita.sk\/cs\/wp-json\/wp\/v2\/product_tag?post=3996"}],"curies":[{"name":"wp","href":"https:\/\/api.w.org\/{rel}","templated":true}]}}