{"id":4653,"date":"2021-05-30T15:59:05","date_gmt":"2021-05-30T13:59:05","guid":{"rendered":"https:\/\/www.vita.sk\/?post_type=product&#038;p=4653"},"modified":"2025-12-18T15:05:42","modified_gmt":"2025-12-18T14:05:42","slug":"online-kurz-microsoft-word-tvorba-bakalarskych-a-diplomovych-prac","status":"publish","type":"product","link":"https:\/\/www.vita.sk\/cs\/online-kurz-microsoft-word-tvorba-bakalarskych-a-diplomovych-prac\/","title":{"rendered":"Online kurz Microsoft Word \u2013 Tvorba Bakal\u00e1rskych a Diplomov\u00fdch Pr\u00e1c"},"content":{"rendered":"<p>Online kurz Microsoft Word \u2013 Tvorba Bakal\u00e1rskych a Diplomov\u00fdch Pr\u00e1c je pre v\u00e1s ide\u00e1lny, ak sa chcete nau\u010di\u0165 profesion\u00e1lne pripravi\u0165 a form\u00e1tova\u0165 z\u00e1vere\u010dn\u00e9 pr\u00e1ce pod\u013ea aktu\u00e1lnych \u0161tandardov a po\u017eiadaviek. <strong>Ide o certifikovan\u00fd online kurz na p\u00edsanie a tvorbu z\u00e1vere\u010dn\u00fdch pr\u00e1c. <\/strong>Kurz v\u00e1s prevedie kompletn\u00fdm procesom tvorby bakal\u00e1rskej alebo diplomovej pr\u00e1ce a to od efekt\u00edvnej pr\u00e1ce so zdrojmi a\u017e po samotn\u00fa obhajobu. Nau\u010d\u00edte sa spr\u00e1vne pou\u017e\u00edva\u0165 normu ISO 690 na citovanie a pracova\u0165 s n\u00e1strojom Zotero pre spr\u00e1vu zdrojov. Z\u00edskate schopnos\u0165 vytv\u00e1ra\u0165 \u0161trukt\u00farovan\u00e9 osnovy, zadania a obsahy, ktor\u00e9 s\u00fa z\u00e1kladom ka\u017edej kvalitnej z\u00e1vere\u010dnej pr\u00e1ce. Podrobne sa zozn\u00e1mite s v\u00fdskumn\u00fdmi met\u00f3dami a nau\u010d\u00edte sa formulova\u0165 a analyzova\u0165 hypot\u00e9zy. Kurz zah\u0155\u0148a praktick\u00e9 uk\u00e1\u017eky pou\u017e\u00edvania \u0161tatistick\u00fdch met\u00f3d a n\u00e1strojov na anal\u00fdzu d\u00e1t, ako s\u00fa dotazn\u00edky, testy preferencie alebo 5-sekundov\u00e9 testy. Z\u00edskate cenn\u00e9 rady a odpor\u00fa\u010dania na to, ako efekt\u00edvne vykona\u0165 v\u00fdskum a aplikova\u0165 \u0161tatistick\u00e9 met\u00f3dy do va\u0161ej pr\u00e1ce. V \u010dasti venovanej projektov\u00e9mu pl\u00e1novaniu sa nau\u010d\u00edte vytv\u00e1ra\u0165 Ganttove diagramy a projektov\u00e9 pl\u00e1ny, ktor\u00e9 s\u00fa u\u017eito\u010dn\u00e9 pri organiz\u00e1cii v\u00e1\u0161ho v\u00fdskumu. Kurz v\u00e1s tie\u017e nau\u010d\u00ed, ako spr\u00e1vne definova\u0165 v\u00fdskumn\u00fd probl\u00e9m a aplikova\u0165 vedeck\u00fd plur\u00e1l, vr\u00e1tane v\u00fdberu spr\u00e1vnych jazykov\u00fdch \u010dasov a form\u00e1lnych po\u017eiadaviek. Ve\u013ek\u00fd d\u00f4raz je kladen\u00fd na tvorbu abstraktu, ktor\u00fd je k\u013e\u00fa\u010dovou \u010das\u0165ou ka\u017edej z\u00e1vere\u010dnej pr\u00e1ce. Nau\u010d\u00edte sa, ako ho nap\u00edsa\u0165 presne a v\u00fdsti\u017ene, aby zaujal a poskytol jasn\u00fd preh\u013ead o va\u0161ej pr\u00e1ci. Kurz tie\u017e zah\u0155\u0148a podrobn\u00e9 pokyny na form\u00e1tovanie a \u0161trukt\u00farovanie obsahu a to od spr\u00e1vneho pou\u017eitia obr\u00e1zkov a nadpisov a\u017e po pr\u00e1cu so zlomami str\u00e1n a form\u00e1tovanie textu pod\u013ea akademick\u00fdch noriem. Budete analyzova\u0165 re\u00e1lne z\u00e1vere\u010dn\u00e9 pr\u00e1ce, z\u00edskate konkr\u00e9tne odpor\u00fa\u010dania a nau\u010d\u00edte sa, ako identifikova\u0165 a opravi\u0165 naj\u010dastej\u0161ie chyby. Na z\u00e1ver sa obozn\u00e1mite s pr\u00edpravou na obhajobu z\u00e1vere\u010dnej pr\u00e1ce. Kurz v\u00e1m poskytne uk\u00e1\u017eky obhajoby bakal\u00e1rskych, diplomov\u00fdch aj dizerta\u010dn\u00fdch pr\u00e1c, vr\u00e1tane simul\u00e1ci\u00ed diskusie, prezent\u00e1cie cie\u013eov a v\u00fdsledkov, a obhajoby metodol\u00f3gie. Tento kurz je neocenite\u013en\u00fdm sprievodcom pre ka\u017ed\u00e9ho, kto chce \u00faspe\u0161ne zvl\u00e1dnu\u0165 proces tvorby a obhajoby z\u00e1vere\u010dnej pr\u00e1ce, a pripravi\u0165 sa tak na akademick\u00e9 alebo profesion\u00e1lne v\u00fdzvy. Pozrieme sa na \u0161trukt\u00faru, osnovu pr\u00e1ce a ako automatizovanie generova\u0165 obsah pr\u00e1ce so stranami. Ak sa chcete skuto\u010dne nau\u010di\u0165 nap\u00edsa\u0165 z\u00e1vere\u010dn\u00fa pr\u00e1cu, tak toto je ide\u00e1lny vstupn\u00fd online kurz pre v\u00e1s.<\/p>\n","protected":false},"excerpt":{"rendered":"<p>Online kurz Microsoft Word \u2013 Tvorba Bakal\u00e1rskych a Diplomov\u00fdch Pr\u00e1c v\u00e1s nau\u010d\u00ed efekt\u00edvne pracova\u0165 s \u00fapravou, form\u00e1tovan\u00edm a \u0161trukt\u00farovan\u00edm odborn\u00fdch akademick\u00fdch dokumentov a z\u00e1vere\u010dn\u00fdch pr\u00e1c. Z\u00edskate zru\u010dnosti potrebn\u00e9 na spr\u00e1vnu tvorbu obsahov, cit\u00e1ci\u00ed, \u0161t\u00fdlov a form\u00e1lnych n\u00e1le\u017eitost\u00ed pod\u013ea akademick\u00fdch po\u017eiadaviek.","protected":false},"author":4,"featured_media":4282,"comment_status":"open","ping_status":"closed","template":"","meta":{"_acf_changed":false},"product_brand":[],"product_cat":[66,73],"product_tag":[187],"class_list":{"0":"post-4653","1":"product","2":"type-product","3":"status-publish","4":"has-post-thumbnail","6":"product_cat-online-kurzy-kancelarske-baliky","7":"product_cat-bez-kategorie","8":"product_tag-kancelarske-baliky","10":"first","11":"instock","12":"sale","13":"sold-individually","14":"taxable","15":"shipping-taxable","16":"purchasable","17":"product-type-simple"},"yoast_head":"<!-- This site is optimized with the Yoast SEO Premium plugin v25.0 (Yoast SEO v25.0) - https:\/\/yoast.com\/wordpress\/plugins\/seo\/ -->\n<title>Online kurz Tvorba Bakal\u00e1rskych a Diplomov\u00fdch Pr\u00e1c 2026 | VITA<\/title>\n<meta name=\"description\" content=\"V online kurze Microsoft Word - Tvorba bakal\u00e1rskych a diplomov\u00fdch pr\u00e1c sa nau\u010d\u00edte form\u00e1tova\u0165 a upravova\u0165 dokumenty pre z\u00e1vere\u010dn\u00e9 pr\u00e1ce. \u2705\" \/>\n<meta name=\"robots\" content=\"index, follow, max-snippet:-1, max-image-preview:large, max-video-preview:-1\" \/>\n<link rel=\"canonical\" href=\"https:\/\/www.vita.sk\/online-kurz-microsoft-word-tvorba-bakalarskych-a-diplomovych-prac\/\" \/>\n<meta property=\"og:locale\" content=\"cs_CZ\" \/>\n<meta property=\"og:type\" content=\"article\" \/>\n<meta property=\"og:title\" content=\"Online kurz Microsoft Word \u2013 Tvorba Bakal\u00e1rskych a Diplomov\u00fdch Pr\u00e1c\" \/>\n<meta property=\"og:description\" content=\"V online kurze Microsoft Word - Tvorba bakal\u00e1rskych a diplomov\u00fdch pr\u00e1c sa nau\u010d\u00edte form\u00e1tova\u0165 a upravova\u0165 dokumenty pre z\u00e1vere\u010dn\u00e9 pr\u00e1ce. \u2705\" \/>\n<meta property=\"og:url\" content=\"https:\/\/www.vita.sk\/online-kurz-microsoft-word-tvorba-bakalarskych-a-diplomovych-prac\/\" \/>\n<meta property=\"og:site_name\" content=\"VITA\" \/>\n<meta property=\"article:publisher\" content=\"https:\/\/www.facebook.com\/VitaAcademySK\" \/>\n<meta property=\"article:modified_time\" content=\"2025-12-18T14:05:42+00:00\" \/>\n<meta property=\"og:image\" content=\"https:\/\/www.vita.sk\/wp-content\/uploads\/2020\/11\/kurz-Tvorba-bakalarskych-a-diplomovych-prac.png\" \/>\n\t<meta property=\"og:image:width\" content=\"360\" \/>\n\t<meta property=\"og:image:height\" content=\"360\" \/>\n\t<meta property=\"og:image:type\" content=\"image\/png\" \/>\n<meta name=\"twitter:card\" content=\"summary_large_image\" \/>\n<meta name=\"twitter:label1\" content=\"Odhadovan\u00e1 doba \u010dten\u00ed\" \/>\n\t<meta name=\"twitter:data1\" content=\"3 minuty\" \/>\n<script type=\"application\/ld+json\" class=\"yoast-schema-graph\">{\n\t    \"@context\": \"https:\/\/schema.org\",\n\t    \"@graph\": [\n\t        {\n\t            \"@type\": \"WebPage\",\n\t            \"@id\": \"https:\/\/www.vita.sk\/online-kurz-microsoft-word-tvorba-bakalarskych-a-diplomovych-prac\/\",\n\t            \"url\": \"https:\/\/www.vita.sk\/online-kurz-microsoft-word-tvorba-bakalarskych-a-diplomovych-prac\/\",\n\t            \"name\": \"Online kurz Tvorba Bakal\u00e1rskych a Diplomov\u00fdch Pr\u00e1c {Y} | VITA\",\n\t            \"isPartOf\": {\n\t                \"@id\": \"https:\/\/www.vita.sk\/#website\"\n\t            },\n\t            \"primaryImageOfPage\": {\n\t                \"@id\": \"https:\/\/www.vita.sk\/online-kurz-microsoft-word-tvorba-bakalarskych-a-diplomovych-prac\/#primaryimage\"\n\t            },\n\t            \"image\": {\n\t                \"@id\": \"https:\/\/www.vita.sk\/online-kurz-microsoft-word-tvorba-bakalarskych-a-diplomovych-prac\/#primaryimage\"\n\t            },\n\t            \"thumbnailUrl\": \"https:\/\/www.vita.sk\/wp-content\/uploads\/2020\/11\/kurz-Tvorba-bakalarskych-a-diplomovych-prac.png\",\n\t            \"datePublished\": \"2021-05-30T13:59:05+00:00\",\n\t            \"dateModified\": \"2025-12-18T14:05:42+00:00\",\n\t            \"description\": \"V online kurze Microsoft Word - Tvorba bakal\u00e1rskych a diplomov\u00fdch pr\u00e1c sa nau\u010d\u00edte form\u00e1tova\u0165 a upravova\u0165 dokumenty pre z\u00e1vere\u010dn\u00e9 pr\u00e1ce. \u2705\",\n\t            \"breadcrumb\": {\n\t                \"@id\": \"https:\/\/www.vita.sk\/online-kurz-microsoft-word-tvorba-bakalarskych-a-diplomovych-prac\/#breadcrumb\"\n\t            },\n\t            \"inLanguage\": \"cs\",\n\t            \"potentialAction\": [\n\t                {\n\t                    \"@type\": \"ReadAction\",\n\t                    \"target\": [\n\t                        \"https:\/\/www.vita.sk\/online-kurz-microsoft-word-tvorba-bakalarskych-a-diplomovych-prac\/\"\n\t                    ]\n\t                }\n\t            ]\n\t        },\n\t        {\n\t            \"@type\": \"ImageObject\",\n\t            \"inLanguage\": \"cs\",\n\t            \"@id\": \"https:\/\/www.vita.sk\/online-kurz-microsoft-word-tvorba-bakalarskych-a-diplomovych-prac\/#primaryimage\",\n\t            \"url\": \"https:\/\/www.vita.sk\/wp-content\/uploads\/2020\/11\/kurz-Tvorba-bakalarskych-a-diplomovych-prac.png\",\n\t            \"contentUrl\": \"https:\/\/www.vita.sk\/wp-content\/uploads\/2020\/11\/kurz-Tvorba-bakalarskych-a-diplomovych-prac.png\",\n\t            \"width\": 360,\n\t            \"height\": 360,\n\t            \"caption\": \"Online kurz Tvorba Bakal\u00e1rskych a Diplomov\u00fdch Pr\u00e1c\"\n\t        },\n\t        {\n\t            \"@type\": \"BreadcrumbList\",\n\t            \"@id\": \"https:\/\/www.vita.sk\/online-kurz-microsoft-word-tvorba-bakalarskych-a-diplomovych-prac\/#breadcrumb\",\n\t            \"itemListElement\": [\n\t                {\n\t                    \"@type\": \"ListItem\",\n\t                    \"position\": 1,\n\t                    \"name\": \"VITA Academy\",\n\t                    \"item\": \"https:\/\/www.vita.sk\/cs\/\"\n\t                },\n\t                {\n\t                    \"@type\": \"ListItem\",\n\t                    \"position\": 2,\n\t                    \"name\": \"Shop\",\n\t                    \"item\": \"https:\/\/www.vita.sk\/shop\/\"\n\t                },\n\t                {\n\t                    \"@type\": \"ListItem\",\n\t                    \"position\": 3,\n\t                    \"name\": \"Kancel\u00e1rske Bal\u00edky\",\n\t                    \"item\": \"https:\/\/www.vita.sk\/online-kurzy-kancelarske-baliky\/\"\n\t                },\n\t                {\n\t                    \"@type\": \"ListItem\",\n\t                    \"position\": 4,\n\t                    \"name\": \"Online kurz Microsoft Word \u2013 Tvorba Bakal\u00e1rskych a Diplomov\u00fdch Pr\u00e1c\"\n\t                }\n\t            ]\n\t        },\n\t        {\n\t            \"@type\": \"WebSite\",\n\t            \"@id\": \"https:\/\/www.vita.sk\/#website\",\n\t            \"url\": \"https:\/\/www.vita.sk\/\",\n\t            \"name\": \"VITA\",\n\t            \"description\": \"\",\n\t            \"publisher\": {\n\t                \"@id\": \"https:\/\/www.vita.sk\/#organization\"\n\t            },\n\t            \"potentialAction\": [\n\t                {\n\t                    \"@type\": \"SearchAction\",\n\t                    \"target\": {\n\t                        \"@type\": \"EntryPoint\",\n\t                        \"urlTemplate\": \"https:\/\/www.vita.sk\/?s={search_term_string}\"\n\t                    },\n\t                    \"query-input\": {\n\t                        \"@type\": \"PropertyValueSpecification\",\n\t                        \"valueRequired\": true,\n\t                        \"valueName\": \"search_term_string\"\n\t                    }\n\t                }\n\t            ],\n\t            \"inLanguage\": \"cs\"\n\t        },\n\t        {\n\t            \"email\": \"admin@vita.sk\",\n\t            \"logo\": \"https:\/\/www.vita.sk\/img\/vita_logo.png \",\n\t            \"address\": {\n\t                \"type\": \"PostalAddress\",\n\t                \"streetAddress\": \"Tom\u00e1\u0161ikova 50\/A\",\n\t                \"addressLocality\": \"Bratislava\",\n\t                \"postalCode\": \"83104\",\n\t                \"addressCountry\": {\n\t                    \"name\": \"SK\",\n\t                    \"type\": \"Country\"\n\t                }\n\t            },\n\t            \"contactPoint\": {\n\t                \"type\": \"ContactPoint\",\n\t                \"telephone\": \"+421 907 375\u00a0543\",\n\t                \"Email\": \"admin@vita.sk\",\n\t                \"contactType\": \"customer service\"\n\t            },\n\t            \"sameAs\": [\n\t                \"https:\/\/www.facebook.com\/VitaAcademySK\/\",\n\t                \"https:\/\/www.linkedin.com\/company\/vita-academy\/\"\n\t            ]\n\t        }\n\t    ]\n\t}<\/script>\n<!-- \/ Yoast SEO Premium plugin. -->","yoast_head_json":{"title":"Online kurz Tvorba Bakal\u00e1rskych a Diplomov\u00fdch Pr\u00e1c 2026 | VITA","description":"V online kurze Microsoft Word - Tvorba bakal\u00e1rskych a diplomov\u00fdch pr\u00e1c sa nau\u010d\u00edte form\u00e1tova\u0165 a upravova\u0165 dokumenty pre z\u00e1vere\u010dn\u00e9 pr\u00e1ce. \u2705","robots":{"index":"index","follow":"follow","max-snippet":"max-snippet:-1","max-image-preview":"max-image-preview:large","max-video-preview":"max-video-preview:-1"},"canonical":"https:\/\/www.vita.sk\/online-kurz-microsoft-word-tvorba-bakalarskych-a-diplomovych-prac\/","og_locale":"cs_CZ","og_type":"article","og_title":"Online kurz Microsoft Word \u2013 Tvorba Bakal\u00e1rskych a Diplomov\u00fdch Pr\u00e1c","og_description":"V online kurze Microsoft Word - Tvorba bakal\u00e1rskych a diplomov\u00fdch pr\u00e1c sa nau\u010d\u00edte form\u00e1tova\u0165 a upravova\u0165 dokumenty pre z\u00e1vere\u010dn\u00e9 pr\u00e1ce. \u2705","og_url":"https:\/\/www.vita.sk\/online-kurz-microsoft-word-tvorba-bakalarskych-a-diplomovych-prac\/","og_site_name":"VITA","article_publisher":"https:\/\/www.facebook.com\/VitaAcademySK","article_modified_time":"2025-12-18T14:05:42+00:00","og_image":[{"width":360,"height":360,"url":"https:\/\/www.vita.sk\/wp-content\/uploads\/2020\/11\/kurz-Tvorba-bakalarskych-a-diplomovych-prac.png","type":"image\/png"}],"twitter_card":"summary_large_image","twitter_misc":{"Odhadovan\u00e1 doba \u010dten\u00ed":"3 minuty"},"schema":{"@context":"https:\/\/schema.org","@graph":[{"@type":"WebPage","@id":"https:\/\/www.vita.sk\/online-kurz-microsoft-word-tvorba-bakalarskych-a-diplomovych-prac\/","url":"https:\/\/www.vita.sk\/online-kurz-microsoft-word-tvorba-bakalarskych-a-diplomovych-prac\/","name":"Online kurz Tvorba Bakal\u00e1rskych a Diplomov\u00fdch Pr\u00e1c {Y} | VITA","isPartOf":{"@id":"https:\/\/www.vita.sk\/#website"},"primaryImageOfPage":{"@id":"https:\/\/www.vita.sk\/online-kurz-microsoft-word-tvorba-bakalarskych-a-diplomovych-prac\/#primaryimage"},"image":{"@id":"https:\/\/www.vita.sk\/online-kurz-microsoft-word-tvorba-bakalarskych-a-diplomovych-prac\/#primaryimage"},"thumbnailUrl":"https:\/\/www.vita.sk\/wp-content\/uploads\/2020\/11\/kurz-Tvorba-bakalarskych-a-diplomovych-prac.png","datePublished":"2021-05-30T13:59:05+00:00","dateModified":"2025-12-18T14:05:42+00:00","description":"V online kurze Microsoft Word - Tvorba bakal\u00e1rskych a diplomov\u00fdch pr\u00e1c sa nau\u010d\u00edte form\u00e1tova\u0165 a upravova\u0165 dokumenty pre z\u00e1vere\u010dn\u00e9 pr\u00e1ce. \u2705","breadcrumb":{"@id":"https:\/\/www.vita.sk\/online-kurz-microsoft-word-tvorba-bakalarskych-a-diplomovych-prac\/#breadcrumb"},"inLanguage":"cs","potentialAction":[{"@type":"ReadAction","target":["https:\/\/www.vita.sk\/online-kurz-microsoft-word-tvorba-bakalarskych-a-diplomovych-prac\/"]}]},{"@type":"ImageObject","inLanguage":"cs","@id":"https:\/\/www.vita.sk\/online-kurz-microsoft-word-tvorba-bakalarskych-a-diplomovych-prac\/#primaryimage","url":"https:\/\/www.vita.sk\/wp-content\/uploads\/2020\/11\/kurz-Tvorba-bakalarskych-a-diplomovych-prac.png","contentUrl":"https:\/\/www.vita.sk\/wp-content\/uploads\/2020\/11\/kurz-Tvorba-bakalarskych-a-diplomovych-prac.png","width":360,"height":360,"caption":"Online kurz Tvorba Bakal\u00e1rskych a Diplomov\u00fdch Pr\u00e1c"},{"@type":"BreadcrumbList","@id":"https:\/\/www.vita.sk\/online-kurz-microsoft-word-tvorba-bakalarskych-a-diplomovych-prac\/#breadcrumb","itemListElement":[{"@type":"ListItem","position":1,"name":"VITA Academy","item":"https:\/\/www.vita.sk\/cs\/"},{"@type":"ListItem","position":2,"name":"Shop","item":"https:\/\/www.vita.sk\/shop\/"},{"@type":"ListItem","position":3,"name":"Kancel\u00e1rske Bal\u00edky","item":"https:\/\/www.vita.sk\/online-kurzy-kancelarske-baliky\/"},{"@type":"ListItem","position":4,"name":"Online kurz Microsoft Word \u2013 Tvorba Bakal\u00e1rskych a Diplomov\u00fdch Pr\u00e1c"}]},{"@type":"WebSite","@id":"https:\/\/www.vita.sk\/#website","url":"https:\/\/www.vita.sk\/","name":"VITA","description":"","publisher":{"@id":"https:\/\/www.vita.sk\/#organization"},"potentialAction":[{"@type":"SearchAction","target":{"@type":"EntryPoint","urlTemplate":"https:\/\/www.vita.sk\/?s={search_term_string}"},"query-input":{"@type":"PropertyValueSpecification","valueRequired":true,"valueName":"search_term_string"}}],"inLanguage":"cs"},{"email":"admin@vita.sk","logo":"https:\/\/www.vita.sk\/img\/vita_logo.png ","address":{"type":"PostalAddress","streetAddress":"Tom\u00e1\u0161ikova 50\/A","addressLocality":"Bratislava","postalCode":"83104","addressCountry":{"name":"SK","type":"Country"}},"contactPoint":{"type":"ContactPoint","telephone":"+421 907 375\u00a0543","Email":"admin@vita.sk","contactType":"customer service"},"sameAs":["https:\/\/www.facebook.com\/VitaAcademySK\/","https:\/\/www.linkedin.com\/company\/vita-academy\/"]}]}},"acf":[],"_links":{"self":[{"href":"https:\/\/www.vita.sk\/cs\/wp-json\/wp\/v2\/product\/4653","targetHints":{"allow":["GET"]}}],"collection":[{"href":"https:\/\/www.vita.sk\/cs\/wp-json\/wp\/v2\/product"}],"about":[{"href":"https:\/\/www.vita.sk\/cs\/wp-json\/wp\/v2\/types\/product"}],"author":[{"embeddable":true,"href":"https:\/\/www.vita.sk\/cs\/wp-json\/wp\/v2\/users\/4"}],"replies":[{"embeddable":true,"href":"https:\/\/www.vita.sk\/cs\/wp-json\/wp\/v2\/comments?post=4653"}],"wp:featuredmedia":[{"embeddable":true,"href":"https:\/\/www.vita.sk\/cs\/wp-json\/wp\/v2\/media\/4282"}],"wp:attachment":[{"href":"https:\/\/www.vita.sk\/cs\/wp-json\/wp\/v2\/media?parent=4653"}],"wp:term":[{"taxonomy":"product_brand","embeddable":true,"href":"https:\/\/www.vita.sk\/cs\/wp-json\/wp\/v2\/product_brand?post=4653"},{"taxonomy":"product_cat","embeddable":true,"href":"https:\/\/www.vita.sk\/cs\/wp-json\/wp\/v2\/product_cat?post=4653"},{"taxonomy":"product_tag","embeddable":true,"href":"https:\/\/www.vita.sk\/cs\/wp-json\/wp\/v2\/product_tag?post=4653"}],"curies":[{"name":"wp","href":"https:\/\/api.w.org\/{rel}","templated":true}]}}