{"id":4706,"date":"2021-05-04T15:12:05","date_gmt":"2021-05-04T13:12:05","guid":{"rendered":"https:\/\/www.vita.sk\/?post_type=product&#038;p=4706"},"modified":"2026-01-21T10:58:55","modified_gmt":"2026-01-21T09:58:55","slug":"online-kurz-microsoft-excel-pre-controllerov","status":"publish","type":"product","link":"https:\/\/www.vita.sk\/cs\/online-kurz-microsoft-excel-pre-controllerov\/","title":{"rendered":"Online kurz Microsoft Excel pre Controllerov"},"content":{"rendered":"<p>Online kurz Microsoft Excel pre Controllerov je pre v\u00e1s ide\u00e1lny, ak sa chcete nau\u010di\u0165 efekt\u00edvne vyu\u017e\u00edva\u0165 Excel na finan\u010dn\u00e9 pl\u00e1novanie, controlling, anal\u00fdzu a riadenie d\u00e1t vo firemnom prostred\u00ed. <strong>Ide o certifikovan\u00fd online kurz Microsoft Excel pre Controllerov.<\/strong> Pr\u00e1ca logistika, pl\u00e1nova\u010da alebo controllera bez vlastn\u00fdch excelovsk\u00fdch tabuliek je skoro neodmyslite\u013en\u00e1. V kurze sa nau\u010d\u00edte, ako Excel vyu\u017e\u00edva\u0165 ako n\u00e1stroj pre pr\u00e1cu s finan\u010dn\u00fdmi ukazovate\u013emi, pl\u00e1nmi a rozpo\u010dtami. Obozn\u00e1mite sa s funkciami, ktor\u00e9 pom\u00e1haj\u00fa kontrolova\u0165 v\u00fddavky, sledova\u0165 v\u00fdkonnos\u0165 podnikov\u00fdch procesov a podporuj\u00fa rozhodovanie zalo\u017een\u00e9 na d\u00e1tach. Z\u00edskate pevn\u00e9 z\u00e1klady v tvorbe \u010d\u00edseln\u00edkov, filtrovan\u00ed \u00fadajov, pr\u00e1ci so zoznamami a filtrovan\u00ed pod\u013ea d\u00e1tumu, \u010dasu \u010di hodn\u00f4t. Nau\u010d\u00edte sa udr\u017eiava\u0165 datab\u00e1zov\u00e9 tabu\u013eky \u010dist\u00e9, organizovan\u00e9 a pripraven\u00e9 na anal\u00fdzu. Osvoj\u00edte si k\u013e\u00fa\u010dov\u00e9 vyh\u013ead\u00e1vacie funkcie ako VLOOKUP, HLOOKUP, LOOKUP a nau\u010d\u00edte sa ich spr\u00e1vne aplikova\u0165 pri pr\u00e1ci s rozsiahlymi d\u00e1tov\u00fdmi sadami. Tieto funkcie vyu\u017eijete pri kontrole fakt\u00far, pl\u00e1novan\u00ed rozpo\u010dtov \u010di porovn\u00e1van\u00ed \u00fadajov medzi r\u00f4znymi h\u00e1rkami a zdrojmi. Kurz v\u00e1s nau\u010d\u00ed, ako spoji\u0165 analytick\u00e9 funkcie Excelu s pr\u00e1cou v Power BI, \u010d\u00edm z\u00edskate mo\u017enos\u0165 preh\u013eadne vizualizova\u0165 a prezentova\u0165 finan\u010dn\u00e9 v\u00fdsledky \u010di KPI pre mana\u017ement. V r\u00e1mci analytick\u00fdch t\u00e9m sa zameriate na identifik\u00e1ciu jedine\u010dn\u00fdch a duplicitn\u00fdch hodn\u00f4t, \u010do je nevyhnutn\u00e9 pri spracovan\u00ed ve\u013ek\u00fdch finan\u010dn\u00fdch datab\u00e1z. Vyu\u017eijete n\u00e1stroje na r\u00fdchlu anal\u00fdzu d\u00e1t, ktor\u00e1 v\u00e1m umo\u017en\u00ed automaticky odhali\u0165 trendy a anom\u00e1lie vo firemn\u00fdch ukazovate\u013eoch. Kurz v\u00e1s prevedie aj pokro\u010dil\u00fdmi funkciami Excelu, ktor\u00e9 s\u00fa nevyhnutn\u00e9 pre spr\u00e1vu rozsiahlych h\u00e1rkov ako INFO, SHEET, SHEETS, CELL, TYPE, ISTEXT \u010di T. Pomocou nich dok\u00e1\u017eete efekt\u00edvne identifikova\u0165 typy \u00fadajov, odstra\u0148ova\u0165 chyby a optimalizova\u0165 vzorce. Nau\u010d\u00edte sa, ako rie\u0161i\u0165 naj\u010dastej\u0161ie probl\u00e9my pri spracovan\u00ed d\u00e1t, validova\u0165 vstupy a zv\u00fd\u0161i\u0165 presnos\u0165 v\u00fdpo\u010dtov. S\u00fa\u010das\u0165ou kurzu je aj t\u00e9ma transponovania d\u00e1t, ktor\u00e1 v\u00e1m umo\u017en\u00ed preklopi\u0165 tabu\u013eky pre lep\u0161iu preh\u013eadnos\u0165 a anal\u00fdzu, a pr\u00e1ca so SQL dopytmi priamo v prostred\u00ed Excelu. T\u00fdmto sp\u00f4sobom dok\u00e1\u017eete prepoji\u0165 Excel s datab\u00e1zami a automatizova\u0165 spracovanie \u00fadajov. V z\u00e1vere kurzu sa zameriate na tvorbu firemn\u00fdch rozpo\u010dtov, pl\u00e1nov v\u00fddavkov a riadenie riz\u00edk. Nau\u010d\u00edte sa, ako vytv\u00e1ra\u0165 preh\u013eadn\u00e9 rozpo\u010dtov\u00e9 tabu\u013eky, sledova\u0165 odch\u00fdlky medzi pl\u00e1nom a skuto\u010dnos\u0165ou a vyu\u017e\u00edva\u0165 Excel ako n\u00e1stroj na modelovanie r\u00f4znych scen\u00e1rov a rizikov\u00fdch faktorov. Po absolvovan\u00ed kurzu budete vedie\u0165 pou\u017e\u00edva\u0165 Excel ako plnohodnotn\u00fd n\u00e1stroj controllingu a to od spracovania d\u00e1t, cez finan\u010dn\u00e9 anal\u00fdzy a\u017e po vizualiz\u00e1ciu v\u00fdsledkov. Z\u00edskan\u00e9 zru\u010dnosti v\u00e1m pom\u00f4\u017eu automatizova\u0165 rutinn\u00e9 \u00falohy, zv\u00fd\u0161i\u0165 presnos\u0165 anal\u00fdz a profesion\u00e1lne prezentova\u0165 v\u00fdsledky finan\u010dn\u00e9ho riadenia. Ak sa chcete skuto\u010dne nau\u010di\u0165 pou\u017e\u00edva\u0165 Microsoft Excel pre \u00fa\u010dely anal\u00fdzy d\u00e1t a controllingu, tak toto je ide\u00e1lny online kurz pre v\u00e1s.<\/p>\n","protected":false},"excerpt":{"rendered":"<p>Online kurz Microsoft Excel pre Controllerov v\u00e1s nau\u010d\u00ed pracova\u0165 s funkciami, filtrami, \u0161tatistikami a n\u00e1strojmi ako Power BI a PowerPivot pre efekt\u00edvne finan\u010dn\u00e9 riadenie. Ovl\u00e1dnete rozpo\u010dty, anal\u00fdzy, SQL dopyty aj pokro\u010dil\u00e9 vzorce v prostred\u00ed Excelu.","protected":false},"author":4,"featured_media":4361,"comment_status":"open","ping_status":"closed","template":"","meta":{"_acf_changed":false},"product_brand":[],"product_cat":[67,587,66,73],"product_tag":[770,187,198],"class_list":{"0":"post-4706","1":"product","2":"type-product","3":"status-publish","4":"has-post-thumbnail","6":"product_cat-online-kurzy-microsoft-excel","7":"product_cat-online-kurzy-financie-uctovnictvo","8":"product_cat-online-kurzy-kancelarske-baliky","9":"product_cat-bez-kategorie","10":"product_tag-controlling","11":"product_tag-kancelarske-baliky","12":"product_tag-excel","14":"first","15":"instock","16":"sale","17":"sold-individually","18":"taxable","19":"shipping-taxable","20":"purchasable","21":"product-type-simple"},"yoast_head":"<!-- This site is optimized with the Yoast SEO Premium plugin v25.0 (Yoast SEO v25.0) - https:\/\/yoast.com\/wordpress\/plugins\/seo\/ -->\n<title>Online kurz Microsoft Excel pre Controllerov 2026 | VITA<\/title>\n<meta name=\"description\" content=\"V online kurze Microsoft Excel pre Controllerov sa nau\u010d\u00edte efekt\u00edvne analyzova\u0165 d\u00e1ta, vytv\u00e1ra\u0165 finan\u010dn\u00e9 preh\u013eady a vyu\u017e\u00edva\u0165 funkcie pre controlling. \u2705\" \/>\n<meta name=\"robots\" content=\"index, follow, max-snippet:-1, max-image-preview:large, max-video-preview:-1\" \/>\n<link rel=\"canonical\" href=\"https:\/\/www.vita.sk\/online-kurz-microsoft-excel-pre-controllerov\/\" \/>\n<meta property=\"og:locale\" content=\"cs_CZ\" \/>\n<meta property=\"og:type\" content=\"article\" \/>\n<meta property=\"og:title\" content=\"Online kurz Microsoft Excel pre Controllerov\" \/>\n<meta property=\"og:description\" content=\"V online kurze Microsoft Excel pre Controllerov sa nau\u010d\u00edte efekt\u00edvne analyzova\u0165 d\u00e1ta, vytv\u00e1ra\u0165 finan\u010dn\u00e9 preh\u013eady a vyu\u017e\u00edva\u0165 funkcie pre controlling. \u2705\" \/>\n<meta property=\"og:url\" content=\"https:\/\/www.vita.sk\/online-kurz-microsoft-excel-pre-controllerov\/\" \/>\n<meta property=\"og:site_name\" content=\"VITA\" \/>\n<meta property=\"article:publisher\" content=\"https:\/\/www.facebook.com\/VitaAcademySK\" \/>\n<meta property=\"article:modified_time\" content=\"2026-01-21T09:58:55+00:00\" \/>\n<meta property=\"og:image\" content=\"https:\/\/www.vita.sk\/wp-content\/uploads\/2020\/11\/kurz_excel-pre-controllerov.png\" \/>\n\t<meta property=\"og:image:width\" content=\"360\" \/>\n\t<meta property=\"og:image:height\" content=\"360\" \/>\n\t<meta property=\"og:image:type\" content=\"image\/png\" \/>\n<meta name=\"twitter:card\" content=\"summary_large_image\" \/>\n<meta name=\"twitter:label1\" content=\"Odhadovan\u00e1 doba \u010dten\u00ed\" \/>\n\t<meta name=\"twitter:data1\" content=\"3 minuty\" \/>\n<script type=\"application\/ld+json\" class=\"yoast-schema-graph\">{\n\t    \"@context\": \"https:\/\/schema.org\",\n\t    \"@graph\": [\n\t        {\n\t            \"@type\": \"WebPage\",\n\t            \"@id\": \"https:\/\/www.vita.sk\/online-kurz-microsoft-excel-pre-controllerov\/\",\n\t            \"url\": \"https:\/\/www.vita.sk\/online-kurz-microsoft-excel-pre-controllerov\/\",\n\t            \"name\": \"Online kurz Microsoft Excel pre Controllerov {Y} | VITA\",\n\t            \"isPartOf\": {\n\t                \"@id\": \"https:\/\/www.vita.sk\/#website\"\n\t            },\n\t            \"primaryImageOfPage\": {\n\t                \"@id\": \"https:\/\/www.vita.sk\/online-kurz-microsoft-excel-pre-controllerov\/#primaryimage\"\n\t            },\n\t            \"image\": {\n\t                \"@id\": \"https:\/\/www.vita.sk\/online-kurz-microsoft-excel-pre-controllerov\/#primaryimage\"\n\t            },\n\t            \"thumbnailUrl\": \"https:\/\/www.vita.sk\/wp-content\/uploads\/2020\/11\/kurz_excel-pre-controllerov.png\",\n\t            \"datePublished\": \"2021-05-04T13:12:05+00:00\",\n\t            \"dateModified\": \"2026-01-21T09:58:55+00:00\",\n\t            \"description\": \"V online kurze Microsoft Excel pre Controllerov sa nau\u010d\u00edte efekt\u00edvne analyzova\u0165 d\u00e1ta, vytv\u00e1ra\u0165 finan\u010dn\u00e9 preh\u013eady a vyu\u017e\u00edva\u0165 funkcie pre controlling. \u2705\",\n\t            \"breadcrumb\": {\n\t                \"@id\": \"https:\/\/www.vita.sk\/online-kurz-microsoft-excel-pre-controllerov\/#breadcrumb\"\n\t            },\n\t            \"inLanguage\": \"cs\",\n\t            \"potentialAction\": [\n\t                {\n\t                    \"@type\": \"ReadAction\",\n\t                    \"target\": [\n\t                        \"https:\/\/www.vita.sk\/online-kurz-microsoft-excel-pre-controllerov\/\"\n\t                    ]\n\t                }\n\t            ]\n\t        },\n\t        {\n\t            \"@type\": \"ImageObject\",\n\t            \"inLanguage\": \"cs\",\n\t            \"@id\": \"https:\/\/www.vita.sk\/online-kurz-microsoft-excel-pre-controllerov\/#primaryimage\",\n\t            \"url\": \"https:\/\/www.vita.sk\/wp-content\/uploads\/2020\/11\/kurz_excel-pre-controllerov.png\",\n\t            \"contentUrl\": \"https:\/\/www.vita.sk\/wp-content\/uploads\/2020\/11\/kurz_excel-pre-controllerov.png\",\n\t            \"width\": 360,\n\t            \"height\": 360,\n\t            \"caption\": \"Kurz Program MSc Controller\"\n\t        },\n\t        {\n\t            \"@type\": \"BreadcrumbList\",\n\t            \"@id\": \"https:\/\/www.vita.sk\/online-kurz-microsoft-excel-pre-controllerov\/#breadcrumb\",\n\t            \"itemListElement\": [\n\t                {\n\t                    \"@type\": \"ListItem\",\n\t                    \"position\": 1,\n\t                    \"name\": \"VITA Academy\",\n\t                    \"item\": \"https:\/\/www.vita.sk\/cs\/\"\n\t                },\n\t                {\n\t                    \"@type\": \"ListItem\",\n\t                    \"position\": 2,\n\t                    \"name\": \"Shop\",\n\t                    \"item\": \"https:\/\/www.vita.sk\/shop\/\"\n\t                },\n\t                {\n\t                    \"@type\": \"ListItem\",\n\t                    \"position\": 3,\n\t                    \"name\": \"Kancel\u00e1rske Bal\u00edky\",\n\t                    \"item\": \"https:\/\/www.vita.sk\/online-kurzy-kancelarske-baliky\/\"\n\t                },\n\t                {\n\t                    \"@type\": \"ListItem\",\n\t                    \"position\": 4,\n\t                    \"name\": \"Microsoft Excel\",\n\t                    \"item\": \"https:\/\/www.vita.sk\/online-kurzy-microsoft-excel\/\"\n\t                },\n\t                {\n\t                    \"@type\": \"ListItem\",\n\t                    \"position\": 5,\n\t                    \"name\": \"Online kurz Microsoft Excel pre Controllerov\"\n\t                }\n\t            ]\n\t        },\n\t        {\n\t            \"@type\": \"WebSite\",\n\t            \"@id\": \"https:\/\/www.vita.sk\/#website\",\n\t            \"url\": \"https:\/\/www.vita.sk\/\",\n\t            \"name\": \"VITA\",\n\t            \"description\": \"\",\n\t            \"publisher\": {\n\t                \"@id\": \"https:\/\/www.vita.sk\/#organization\"\n\t            },\n\t            \"potentialAction\": [\n\t                {\n\t                    \"@type\": \"SearchAction\",\n\t                    \"target\": {\n\t                        \"@type\": \"EntryPoint\",\n\t                        \"urlTemplate\": \"https:\/\/www.vita.sk\/?s={search_term_string}\"\n\t                    },\n\t                    \"query-input\": {\n\t                        \"@type\": \"PropertyValueSpecification\",\n\t                        \"valueRequired\": true,\n\t                        \"valueName\": \"search_term_string\"\n\t                    }\n\t                }\n\t            ],\n\t            \"inLanguage\": \"cs\"\n\t        },\n\t        {\n\t            \"email\": \"admin@vita.sk\",\n\t            \"logo\": \"https:\/\/www.vita.sk\/img\/vita_logo.png \",\n\t            \"address\": {\n\t                \"type\": \"PostalAddress\",\n\t                \"streetAddress\": \"Tom\u00e1\u0161ikova 50\/A\",\n\t                \"addressLocality\": \"Bratislava\",\n\t                \"postalCode\": \"83104\",\n\t                \"addressCountry\": {\n\t                    \"name\": \"SK\",\n\t                    \"type\": \"Country\"\n\t                }\n\t            },\n\t            \"contactPoint\": {\n\t                \"type\": \"ContactPoint\",\n\t                \"telephone\": \"+421 907 375\u00a0543\",\n\t                \"Email\": \"admin@vita.sk\",\n\t                \"contactType\": \"customer service\"\n\t            },\n\t            \"sameAs\": [\n\t                \"https:\/\/www.facebook.com\/VitaAcademySK\/\",\n\t                \"https:\/\/www.linkedin.com\/company\/vita-academy\/\"\n\t            ]\n\t        }\n\t    ]\n\t}<\/script>\n<!-- \/ Yoast SEO Premium plugin. -->","yoast_head_json":{"title":"Online kurz Microsoft Excel pre Controllerov 2026 | VITA","description":"V online kurze Microsoft Excel pre Controllerov sa nau\u010d\u00edte efekt\u00edvne analyzova\u0165 d\u00e1ta, vytv\u00e1ra\u0165 finan\u010dn\u00e9 preh\u013eady a vyu\u017e\u00edva\u0165 funkcie pre controlling. \u2705","robots":{"index":"index","follow":"follow","max-snippet":"max-snippet:-1","max-image-preview":"max-image-preview:large","max-video-preview":"max-video-preview:-1"},"canonical":"https:\/\/www.vita.sk\/online-kurz-microsoft-excel-pre-controllerov\/","og_locale":"cs_CZ","og_type":"article","og_title":"Online kurz Microsoft Excel pre Controllerov","og_description":"V online kurze Microsoft Excel pre Controllerov sa nau\u010d\u00edte efekt\u00edvne analyzova\u0165 d\u00e1ta, vytv\u00e1ra\u0165 finan\u010dn\u00e9 preh\u013eady a vyu\u017e\u00edva\u0165 funkcie pre controlling. \u2705","og_url":"https:\/\/www.vita.sk\/online-kurz-microsoft-excel-pre-controllerov\/","og_site_name":"VITA","article_publisher":"https:\/\/www.facebook.com\/VitaAcademySK","article_modified_time":"2026-01-21T09:58:55+00:00","og_image":[{"width":360,"height":360,"url":"https:\/\/www.vita.sk\/wp-content\/uploads\/2020\/11\/kurz_excel-pre-controllerov.png","type":"image\/png"}],"twitter_card":"summary_large_image","twitter_misc":{"Odhadovan\u00e1 doba \u010dten\u00ed":"3 minuty"},"schema":{"@context":"https:\/\/schema.org","@graph":[{"@type":"WebPage","@id":"https:\/\/www.vita.sk\/online-kurz-microsoft-excel-pre-controllerov\/","url":"https:\/\/www.vita.sk\/online-kurz-microsoft-excel-pre-controllerov\/","name":"Online kurz Microsoft Excel pre Controllerov {Y} | VITA","isPartOf":{"@id":"https:\/\/www.vita.sk\/#website"},"primaryImageOfPage":{"@id":"https:\/\/www.vita.sk\/online-kurz-microsoft-excel-pre-controllerov\/#primaryimage"},"image":{"@id":"https:\/\/www.vita.sk\/online-kurz-microsoft-excel-pre-controllerov\/#primaryimage"},"thumbnailUrl":"https:\/\/www.vita.sk\/wp-content\/uploads\/2020\/11\/kurz_excel-pre-controllerov.png","datePublished":"2021-05-04T13:12:05+00:00","dateModified":"2026-01-21T09:58:55+00:00","description":"V online kurze Microsoft Excel pre Controllerov sa nau\u010d\u00edte efekt\u00edvne analyzova\u0165 d\u00e1ta, vytv\u00e1ra\u0165 finan\u010dn\u00e9 preh\u013eady a vyu\u017e\u00edva\u0165 funkcie pre controlling. \u2705","breadcrumb":{"@id":"https:\/\/www.vita.sk\/online-kurz-microsoft-excel-pre-controllerov\/#breadcrumb"},"inLanguage":"cs","potentialAction":[{"@type":"ReadAction","target":["https:\/\/www.vita.sk\/online-kurz-microsoft-excel-pre-controllerov\/"]}]},{"@type":"ImageObject","inLanguage":"cs","@id":"https:\/\/www.vita.sk\/online-kurz-microsoft-excel-pre-controllerov\/#primaryimage","url":"https:\/\/www.vita.sk\/wp-content\/uploads\/2020\/11\/kurz_excel-pre-controllerov.png","contentUrl":"https:\/\/www.vita.sk\/wp-content\/uploads\/2020\/11\/kurz_excel-pre-controllerov.png","width":360,"height":360,"caption":"Kurz Program MSc Controller"},{"@type":"BreadcrumbList","@id":"https:\/\/www.vita.sk\/online-kurz-microsoft-excel-pre-controllerov\/#breadcrumb","itemListElement":[{"@type":"ListItem","position":1,"name":"VITA Academy","item":"https:\/\/www.vita.sk\/cs\/"},{"@type":"ListItem","position":2,"name":"Shop","item":"https:\/\/www.vita.sk\/shop\/"},{"@type":"ListItem","position":3,"name":"Kancel\u00e1rske Bal\u00edky","item":"https:\/\/www.vita.sk\/online-kurzy-kancelarske-baliky\/"},{"@type":"ListItem","position":4,"name":"Microsoft Excel","item":"https:\/\/www.vita.sk\/online-kurzy-microsoft-excel\/"},{"@type":"ListItem","position":5,"name":"Online kurz Microsoft Excel pre Controllerov"}]},{"@type":"WebSite","@id":"https:\/\/www.vita.sk\/#website","url":"https:\/\/www.vita.sk\/","name":"VITA","description":"","publisher":{"@id":"https:\/\/www.vita.sk\/#organization"},"potentialAction":[{"@type":"SearchAction","target":{"@type":"EntryPoint","urlTemplate":"https:\/\/www.vita.sk\/?s={search_term_string}"},"query-input":{"@type":"PropertyValueSpecification","valueRequired":true,"valueName":"search_term_string"}}],"inLanguage":"cs"},{"email":"admin@vita.sk","logo":"https:\/\/www.vita.sk\/img\/vita_logo.png ","address":{"type":"PostalAddress","streetAddress":"Tom\u00e1\u0161ikova 50\/A","addressLocality":"Bratislava","postalCode":"83104","addressCountry":{"name":"SK","type":"Country"}},"contactPoint":{"type":"ContactPoint","telephone":"+421 907 375\u00a0543","Email":"admin@vita.sk","contactType":"customer service"},"sameAs":["https:\/\/www.facebook.com\/VitaAcademySK\/","https:\/\/www.linkedin.com\/company\/vita-academy\/"]}]}},"acf":[],"_links":{"self":[{"href":"https:\/\/www.vita.sk\/cs\/wp-json\/wp\/v2\/product\/4706","targetHints":{"allow":["GET"]}}],"collection":[{"href":"https:\/\/www.vita.sk\/cs\/wp-json\/wp\/v2\/product"}],"about":[{"href":"https:\/\/www.vita.sk\/cs\/wp-json\/wp\/v2\/types\/product"}],"author":[{"embeddable":true,"href":"https:\/\/www.vita.sk\/cs\/wp-json\/wp\/v2\/users\/4"}],"replies":[{"embeddable":true,"href":"https:\/\/www.vita.sk\/cs\/wp-json\/wp\/v2\/comments?post=4706"}],"wp:featuredmedia":[{"embeddable":true,"href":"https:\/\/www.vita.sk\/cs\/wp-json\/wp\/v2\/media\/4361"}],"wp:attachment":[{"href":"https:\/\/www.vita.sk\/cs\/wp-json\/wp\/v2\/media?parent=4706"}],"wp:term":[{"taxonomy":"product_brand","embeddable":true,"href":"https:\/\/www.vita.sk\/cs\/wp-json\/wp\/v2\/product_brand?post=4706"},{"taxonomy":"product_cat","embeddable":true,"href":"https:\/\/www.vita.sk\/cs\/wp-json\/wp\/v2\/product_cat?post=4706"},{"taxonomy":"product_tag","embeddable":true,"href":"https:\/\/www.vita.sk\/cs\/wp-json\/wp\/v2\/product_tag?post=4706"}],"curies":[{"name":"wp","href":"https:\/\/api.w.org\/{rel}","templated":true}]}}