{"id":476,"date":"2021-05-01T13:27:44","date_gmt":"2021-05-01T11:27:44","guid":{"rendered":"http:\/\/vita.sk.vps202.nameserver.sk\/?post_type=product&#038;p=476"},"modified":"2026-02-05T14:22:32","modified_gmt":"2026-02-05T13:22:32","slug":"online-kurz-3ds-max-i-zaciatocnik","status":"publish","type":"product","link":"https:\/\/www.vita.sk\/cs\/online-kurz-3ds-max-i-zaciatocnik\/","title":{"rendered":"Online kurz 3ds Max I. Za\u010diato\u010dn\u00edk"},"content":{"rendered":"<p>Online kurz 3ds Max I. Za\u010diato\u010dn\u00edk je pre v\u00e1s ide\u00e1lny, ak sa chcete nau\u010di\u0165 pracova\u0165 s profesion\u00e1lnym 3D softv\u00e9rom 3ds Max a pochopi\u0165 z\u00e1klady tvorby a spr\u00e1vy 3D sc\u00e9n. <strong>Ide o akreditovan\u00fd a certifikovan\u00fd kurz na 3ds Max<\/strong>. Zameriavame sa na pochopenie samotn\u00e9ho n\u00e1stroja 3ds Max, jeho vyu\u017eitia v praxi, porovnania s in\u00fdmi 3D aplik\u00e1ciami a z\u00e1kladn\u00e9 syst\u00e9mov\u00e9 po\u017eiadavky. Nau\u010d\u00edme sa orientova\u0165 v pou\u017e\u00edvate\u013eskom rozhran\u00ed, pracovn\u00fdch paneloch, poh\u013eadoch Viewports a spr\u00e1vne nastavi\u0165 pracovn\u00e9 prostredie Workspace pre efekt\u00edvnu pr\u00e1cu. Osvoj\u00edme si pr\u00e1cu so s\u00fabormi, objektmi, farbami a z\u00e1kladn\u00fdmi nastaveniami aplik\u00e1cie. Z\u00edskame pevn\u00e9 z\u00e1klady v tvorbe a \u00faprave z\u00e1kladnej geometrie a 3D objektov pomocou n\u00e1strojov dostupn\u00fdch v 3ds Max. Venujeme sa pr\u00e1ci s panelom Modify, spr\u00e1vnemu pou\u017e\u00edvaniu poh\u013eadov a orient\u00e1cii v priestore sc\u00e9ny. Nau\u010d\u00edme sa pracova\u0165 s r\u00f4znymi form\u00e1tmi s\u00faborov, pochopi\u0165 ich vyu\u017eitie a spr\u00e1vne ich aplikova\u0165 v 3D projektoch. S\u00fa\u010das\u0165ou obsahu je aj pr\u00e1ca s extern\u00fdmi zdrojmi, bezplatn\u00fdmi 3D modelmi a ich importovanie do existuj\u00facich sc\u00e9n. Osvoj\u00edme si techniky otv\u00e1rania, importovania a sp\u00e1jania sc\u00e9n pomocou funkci\u00ed Open, Import a Merge. D\u00f4le\u017eitou s\u00fa\u010das\u0165ou je organiz\u00e1cia sc\u00e9ny prostredn\u00edctvom Scene Exploreru, vrstiev, filtrov, vz\u0165ahov Parent Child a pr\u00e1ce s uzlami Nodes. Nau\u010d\u00edme sa preh\u013eadne spravova\u0165 objekty, zmrazen\u00e9 prvky a \u0161trukt\u00faru sc\u00e9ny tak, aby bola pripraven\u00e1 na \u010fal\u0161ie spracovanie. Po absolvovan\u00ed kurzu budeme schopn\u00ed samostatne vytv\u00e1ra\u0165 a organizova\u0165 jednoduch\u00e9 3D sc\u00e9ny a pracova\u0165 so z\u00e1kladn\u00fdmi objektmi v 3ds Max. Ak sa chcete skuto\u010dne nau\u010di\u0165 pracova\u0165 s 3ds Max a sta\u0165 sa 3D grafikom za\u010diato\u010dn\u00edkom, tak toto je ide\u00e1lny vstupn\u00fd online kurz pre v\u00e1s.<\/p>\n","protected":false},"excerpt":{"rendered":"<p>Online kurz 3ds Max I. Za\u010diato\u010dn\u00edk je ur\u010den\u00fd pre za\u010diato\u010dn\u00edkov, ktor\u00ed sa chc\u00fa nau\u010di\u0165 z\u00e1klady pr\u00e1ce v 3ds Max, orient\u00e1ciu v prostred\u00ed, tvorbu 3D objektov a organiz\u00e1ciu 3D sc\u00e9n.","protected":false},"author":4,"featured_media":474,"comment_status":"open","ping_status":"closed","template":"","meta":{"_acf_changed":false},"product_brand":[],"product_cat":[57,56,73],"product_tag":[194],"class_list":{"0":"post-476","1":"product","2":"type-product","3":"status-publish","4":"has-post-thumbnail","6":"product_cat-online-kurzy-3ds-max","7":"product_cat-online-kurzy-grafika-a-dizajn","8":"product_cat-bez-kategorie","9":"product_tag-grafika-a-dizajn","11":"first","12":"instock","13":"sale","14":"sold-individually","15":"taxable","16":"shipping-taxable","17":"purchasable","18":"product-type-simple"},"yoast_head":"<!-- This site is optimized with the Yoast SEO Premium plugin v25.0 (Yoast SEO v25.0) - https:\/\/yoast.com\/wordpress\/plugins\/seo\/ -->\n<title>Online kurz 3ds Max I. Za\u010diato\u010dn\u00edk 2026 | VITA<\/title>\n<meta name=\"description\" content=\"V online kurze 3ds Max pre za\u010diato\u010dn\u00edkov \u0165a nau\u010d\u00edme nar\u00e1ba\u0165 s 3ds Max a anim\u00e1ciami. Zvl\u00e1dne\u0161 pr\u00e1cu s grafikou, objektmi, aj import a export m\u00e9di\u00ed.\" \/>\n<meta name=\"robots\" content=\"index, follow, max-snippet:-1, max-image-preview:large, max-video-preview:-1\" \/>\n<link rel=\"canonical\" href=\"https:\/\/www.vita.sk\/online-kurz-3ds-max-i-zaciatocnik\/\" \/>\n<meta property=\"og:locale\" content=\"cs_CZ\" \/>\n<meta property=\"og:type\" content=\"article\" \/>\n<meta property=\"og:title\" content=\"Online kurz 3ds Max I. Za\u010diato\u010dn\u00edk\" \/>\n<meta property=\"og:description\" content=\"V online kurze 3ds Max pre za\u010diato\u010dn\u00edkov \u0165a nau\u010d\u00edme nar\u00e1ba\u0165 s 3ds Max a anim\u00e1ciami. Zvl\u00e1dne\u0161 pr\u00e1cu s grafikou, objektmi, aj import a export m\u00e9di\u00ed.\" \/>\n<meta property=\"og:url\" content=\"https:\/\/www.vita.sk\/online-kurz-3ds-max-i-zaciatocnik\/\" \/>\n<meta property=\"og:site_name\" content=\"VITA\" \/>\n<meta property=\"article:publisher\" content=\"https:\/\/www.facebook.com\/VitaAcademySK\" \/>\n<meta property=\"article:modified_time\" content=\"2026-02-05T13:22:32+00:00\" \/>\n<meta property=\"og:image\" content=\"https:\/\/www.vita.sk\/wp-content\/uploads\/2018\/10\/3d-max.png\" \/>\n\t<meta property=\"og:image:width\" content=\"360\" \/>\n\t<meta property=\"og:image:height\" content=\"360\" \/>\n\t<meta property=\"og:image:type\" content=\"image\/png\" \/>\n<meta name=\"twitter:card\" content=\"summary_large_image\" \/>\n<meta name=\"twitter:label1\" content=\"Odhadovan\u00e1 doba \u010dten\u00ed\" \/>\n\t<meta name=\"twitter:data1\" content=\"2 minuty\" \/>\n<script type=\"application\/ld+json\" class=\"yoast-schema-graph\">{\n\t    \"@context\": \"https:\/\/schema.org\",\n\t    \"@graph\": [\n\t        {\n\t            \"@type\": \"WebPage\",\n\t            \"@id\": \"https:\/\/www.vita.sk\/online-kurz-3ds-max-i-zaciatocnik\/\",\n\t            \"url\": \"https:\/\/www.vita.sk\/online-kurz-3ds-max-i-zaciatocnik\/\",\n\t            \"name\": \"Online kurz 3ds Max I. Za\u010diato\u010dn\u00edk {Y} | VITA\",\n\t            \"isPartOf\": {\n\t                \"@id\": \"https:\/\/www.vita.sk\/#website\"\n\t            },\n\t            \"primaryImageOfPage\": {\n\t                \"@id\": \"https:\/\/www.vita.sk\/online-kurz-3ds-max-i-zaciatocnik\/#primaryimage\"\n\t            },\n\t            \"image\": {\n\t                \"@id\": \"https:\/\/www.vita.sk\/online-kurz-3ds-max-i-zaciatocnik\/#primaryimage\"\n\t            },\n\t            \"thumbnailUrl\": \"https:\/\/www.vita.sk\/wp-content\/uploads\/2018\/10\/3d-max.png\",\n\t            \"datePublished\": \"2021-05-01T11:27:44+00:00\",\n\t            \"dateModified\": \"2026-02-05T13:22:32+00:00\",\n\t            \"description\": \"V online kurze 3ds Max pre za\u010diato\u010dn\u00edkov \u0165a nau\u010d\u00edme nar\u00e1ba\u0165 s 3ds Max a anim\u00e1ciami. Zvl\u00e1dne\u0161 pr\u00e1cu s grafikou, objektmi, aj import a export m\u00e9di\u00ed.\",\n\t            \"breadcrumb\": {\n\t                \"@id\": \"https:\/\/www.vita.sk\/online-kurz-3ds-max-i-zaciatocnik\/#breadcrumb\"\n\t            },\n\t            \"inLanguage\": \"cs\",\n\t            \"potentialAction\": [\n\t                {\n\t                    \"@type\": \"ReadAction\",\n\t                    \"target\": [\n\t                        \"https:\/\/www.vita.sk\/online-kurz-3ds-max-i-zaciatocnik\/\"\n\t                    ]\n\t                }\n\t            ]\n\t        },\n\t        {\n\t            \"@type\": \"ImageObject\",\n\t            \"inLanguage\": \"cs\",\n\t            \"@id\": \"https:\/\/www.vita.sk\/online-kurz-3ds-max-i-zaciatocnik\/#primaryimage\",\n\t            \"url\": \"https:\/\/www.vita.sk\/wp-content\/uploads\/2018\/10\/3d-max.png\",\n\t            \"contentUrl\": \"https:\/\/www.vita.sk\/wp-content\/uploads\/2018\/10\/3d-max.png\",\n\t            \"width\": 360,\n\t            \"height\": 360,\n\t            \"caption\": \"Online kurz 3Ds Max\"\n\t        },\n\t        {\n\t            \"@type\": \"BreadcrumbList\",\n\t            \"@id\": \"https:\/\/www.vita.sk\/online-kurz-3ds-max-i-zaciatocnik\/#breadcrumb\",\n\t            \"itemListElement\": [\n\t                {\n\t                    \"@type\": \"ListItem\",\n\t                    \"position\": 1,\n\t                    \"name\": \"VITA Academy\",\n\t                    \"item\": \"https:\/\/www.vita.sk\/cs\/\"\n\t                },\n\t                {\n\t                    \"@type\": \"ListItem\",\n\t                    \"position\": 2,\n\t                    \"name\": \"Shop\",\n\t                    \"item\": \"https:\/\/www.vita.sk\/shop\/\"\n\t                },\n\t                {\n\t                    \"@type\": \"ListItem\",\n\t                    \"position\": 3,\n\t                    \"name\": \"Grafika a Dizajn\",\n\t                    \"item\": \"https:\/\/www.vita.sk\/online-kurzy-grafika-a-dizajn\/\"\n\t                },\n\t                {\n\t                    \"@type\": \"ListItem\",\n\t                    \"position\": 4,\n\t                    \"name\": \"3ds Max\",\n\t                    \"item\": \"https:\/\/www.vita.sk\/online-kurzy-3ds-max\/\"\n\t                },\n\t                {\n\t                    \"@type\": \"ListItem\",\n\t                    \"position\": 5,\n\t                    \"name\": \"Online kurz 3ds Max I. Za\u010diato\u010dn\u00edk\"\n\t                }\n\t            ]\n\t        },\n\t        {\n\t            \"@type\": \"WebSite\",\n\t            \"@id\": \"https:\/\/www.vita.sk\/#website\",\n\t            \"url\": \"https:\/\/www.vita.sk\/\",\n\t            \"name\": \"VITA\",\n\t            \"description\": \"\",\n\t            \"publisher\": {\n\t                \"@id\": \"https:\/\/www.vita.sk\/#organization\"\n\t            },\n\t            \"potentialAction\": [\n\t                {\n\t                    \"@type\": \"SearchAction\",\n\t                    \"target\": {\n\t                        \"@type\": \"EntryPoint\",\n\t                        \"urlTemplate\": \"https:\/\/www.vita.sk\/?s={search_term_string}\"\n\t                    },\n\t                    \"query-input\": {\n\t                        \"@type\": \"PropertyValueSpecification\",\n\t                        \"valueRequired\": true,\n\t                        \"valueName\": \"search_term_string\"\n\t                    }\n\t                }\n\t            ],\n\t            \"inLanguage\": \"cs\"\n\t        },\n\t        {\n\t            \"email\": \"admin@vita.sk\",\n\t            \"logo\": \"https:\/\/www.vita.sk\/img\/vita_logo.png \",\n\t            \"address\": {\n\t                \"type\": \"PostalAddress\",\n\t                \"streetAddress\": \"Tom\u00e1\u0161ikova 50\/A\",\n\t                \"addressLocality\": \"Bratislava\",\n\t                \"postalCode\": \"83104\",\n\t                \"addressCountry\": {\n\t                    \"name\": \"SK\",\n\t                    \"type\": \"Country\"\n\t                }\n\t            },\n\t            \"contactPoint\": {\n\t                \"type\": \"ContactPoint\",\n\t                \"telephone\": \"+421 907 375\u00a0543\",\n\t                \"Email\": \"admin@vita.sk\",\n\t                \"contactType\": \"customer service\"\n\t            },\n\t            \"sameAs\": [\n\t                \"https:\/\/www.facebook.com\/VitaAcademySK\/\",\n\t                \"https:\/\/www.linkedin.com\/company\/vita-academy\/\"\n\t            ]\n\t        }\n\t    ]\n\t}<\/script>\n<!-- \/ Yoast SEO Premium plugin. -->","yoast_head_json":{"title":"Online kurz 3ds Max I. Za\u010diato\u010dn\u00edk 2026 | VITA","description":"V online kurze 3ds Max pre za\u010diato\u010dn\u00edkov \u0165a nau\u010d\u00edme nar\u00e1ba\u0165 s 3ds Max a anim\u00e1ciami. Zvl\u00e1dne\u0161 pr\u00e1cu s grafikou, objektmi, aj import a export m\u00e9di\u00ed.","robots":{"index":"index","follow":"follow","max-snippet":"max-snippet:-1","max-image-preview":"max-image-preview:large","max-video-preview":"max-video-preview:-1"},"canonical":"https:\/\/www.vita.sk\/online-kurz-3ds-max-i-zaciatocnik\/","og_locale":"cs_CZ","og_type":"article","og_title":"Online kurz 3ds Max I. Za\u010diato\u010dn\u00edk","og_description":"V online kurze 3ds Max pre za\u010diato\u010dn\u00edkov \u0165a nau\u010d\u00edme nar\u00e1ba\u0165 s 3ds Max a anim\u00e1ciami. Zvl\u00e1dne\u0161 pr\u00e1cu s grafikou, objektmi, aj import a export m\u00e9di\u00ed.","og_url":"https:\/\/www.vita.sk\/online-kurz-3ds-max-i-zaciatocnik\/","og_site_name":"VITA","article_publisher":"https:\/\/www.facebook.com\/VitaAcademySK","article_modified_time":"2026-02-05T13:22:32+00:00","og_image":[{"width":360,"height":360,"url":"https:\/\/www.vita.sk\/wp-content\/uploads\/2018\/10\/3d-max.png","type":"image\/png"}],"twitter_card":"summary_large_image","twitter_misc":{"Odhadovan\u00e1 doba \u010dten\u00ed":"2 minuty"},"schema":{"@context":"https:\/\/schema.org","@graph":[{"@type":"WebPage","@id":"https:\/\/www.vita.sk\/online-kurz-3ds-max-i-zaciatocnik\/","url":"https:\/\/www.vita.sk\/online-kurz-3ds-max-i-zaciatocnik\/","name":"Online kurz 3ds Max I. Za\u010diato\u010dn\u00edk {Y} | VITA","isPartOf":{"@id":"https:\/\/www.vita.sk\/#website"},"primaryImageOfPage":{"@id":"https:\/\/www.vita.sk\/online-kurz-3ds-max-i-zaciatocnik\/#primaryimage"},"image":{"@id":"https:\/\/www.vita.sk\/online-kurz-3ds-max-i-zaciatocnik\/#primaryimage"},"thumbnailUrl":"https:\/\/www.vita.sk\/wp-content\/uploads\/2018\/10\/3d-max.png","datePublished":"2021-05-01T11:27:44+00:00","dateModified":"2026-02-05T13:22:32+00:00","description":"V online kurze 3ds Max pre za\u010diato\u010dn\u00edkov \u0165a nau\u010d\u00edme nar\u00e1ba\u0165 s 3ds Max a anim\u00e1ciami. Zvl\u00e1dne\u0161 pr\u00e1cu s grafikou, objektmi, aj import a export m\u00e9di\u00ed.","breadcrumb":{"@id":"https:\/\/www.vita.sk\/online-kurz-3ds-max-i-zaciatocnik\/#breadcrumb"},"inLanguage":"cs","potentialAction":[{"@type":"ReadAction","target":["https:\/\/www.vita.sk\/online-kurz-3ds-max-i-zaciatocnik\/"]}]},{"@type":"ImageObject","inLanguage":"cs","@id":"https:\/\/www.vita.sk\/online-kurz-3ds-max-i-zaciatocnik\/#primaryimage","url":"https:\/\/www.vita.sk\/wp-content\/uploads\/2018\/10\/3d-max.png","contentUrl":"https:\/\/www.vita.sk\/wp-content\/uploads\/2018\/10\/3d-max.png","width":360,"height":360,"caption":"Online kurz 3Ds Max"},{"@type":"BreadcrumbList","@id":"https:\/\/www.vita.sk\/online-kurz-3ds-max-i-zaciatocnik\/#breadcrumb","itemListElement":[{"@type":"ListItem","position":1,"name":"VITA Academy","item":"https:\/\/www.vita.sk\/cs\/"},{"@type":"ListItem","position":2,"name":"Shop","item":"https:\/\/www.vita.sk\/shop\/"},{"@type":"ListItem","position":3,"name":"Grafika a Dizajn","item":"https:\/\/www.vita.sk\/online-kurzy-grafika-a-dizajn\/"},{"@type":"ListItem","position":4,"name":"3ds Max","item":"https:\/\/www.vita.sk\/online-kurzy-3ds-max\/"},{"@type":"ListItem","position":5,"name":"Online kurz 3ds Max I. Za\u010diato\u010dn\u00edk"}]},{"@type":"WebSite","@id":"https:\/\/www.vita.sk\/#website","url":"https:\/\/www.vita.sk\/","name":"VITA","description":"","publisher":{"@id":"https:\/\/www.vita.sk\/#organization"},"potentialAction":[{"@type":"SearchAction","target":{"@type":"EntryPoint","urlTemplate":"https:\/\/www.vita.sk\/?s={search_term_string}"},"query-input":{"@type":"PropertyValueSpecification","valueRequired":true,"valueName":"search_term_string"}}],"inLanguage":"cs"},{"email":"admin@vita.sk","logo":"https:\/\/www.vita.sk\/img\/vita_logo.png ","address":{"type":"PostalAddress","streetAddress":"Tom\u00e1\u0161ikova 50\/A","addressLocality":"Bratislava","postalCode":"83104","addressCountry":{"name":"SK","type":"Country"}},"contactPoint":{"type":"ContactPoint","telephone":"+421 907 375\u00a0543","Email":"admin@vita.sk","contactType":"customer service"},"sameAs":["https:\/\/www.facebook.com\/VitaAcademySK\/","https:\/\/www.linkedin.com\/company\/vita-academy\/"]}]}},"acf":[],"_links":{"self":[{"href":"https:\/\/www.vita.sk\/cs\/wp-json\/wp\/v2\/product\/476","targetHints":{"allow":["GET"]}}],"collection":[{"href":"https:\/\/www.vita.sk\/cs\/wp-json\/wp\/v2\/product"}],"about":[{"href":"https:\/\/www.vita.sk\/cs\/wp-json\/wp\/v2\/types\/product"}],"author":[{"embeddable":true,"href":"https:\/\/www.vita.sk\/cs\/wp-json\/wp\/v2\/users\/4"}],"replies":[{"embeddable":true,"href":"https:\/\/www.vita.sk\/cs\/wp-json\/wp\/v2\/comments?post=476"}],"wp:featuredmedia":[{"embeddable":true,"href":"https:\/\/www.vita.sk\/cs\/wp-json\/wp\/v2\/media\/474"}],"wp:attachment":[{"href":"https:\/\/www.vita.sk\/cs\/wp-json\/wp\/v2\/media?parent=476"}],"wp:term":[{"taxonomy":"product_brand","embeddable":true,"href":"https:\/\/www.vita.sk\/cs\/wp-json\/wp\/v2\/product_brand?post=476"},{"taxonomy":"product_cat","embeddable":true,"href":"https:\/\/www.vita.sk\/cs\/wp-json\/wp\/v2\/product_cat?post=476"},{"taxonomy":"product_tag","embeddable":true,"href":"https:\/\/www.vita.sk\/cs\/wp-json\/wp\/v2\/product_tag?post=476"}],"curies":[{"name":"wp","href":"https:\/\/api.w.org\/{rel}","templated":true}]}}