{"id":485,"date":"2021-05-01T13:35:15","date_gmt":"2021-05-01T11:35:15","guid":{"rendered":"http:\/\/vita.sk.vps202.nameserver.sk\/?post_type=product&#038;p=485"},"modified":"2026-03-05T13:57:50","modified_gmt":"2026-03-05T12:57:50","slug":"online-kurz-adobe-indesign-i-zaciatocnik","status":"publish","type":"product","link":"https:\/\/www.vita.sk\/cs\/online-kurz-adobe-indesign-i-zaciatocnik\/","title":{"rendered":"Online kurz Adobe InDesign I. Za\u010diato\u010dn\u00edk"},"content":{"rendered":"<p>Online kurz Adobe InDesign I. Za\u010diato\u010dn\u00edk je pre v\u00e1s ide\u00e1lny, ak sa chcete nau\u010di\u0165 profesion\u00e1lne vytv\u00e1ra\u0165 grafick\u00e9 dokumenty, publik\u00e1cie a marketingov\u00e9 materi\u00e1ly pomocou n\u00e1stroja Adobe InDesign. <strong>Ide o akreditovan\u00fd a certifikovan\u00fd kurz na Adobe InDesign<\/strong>. V tomto kurze sa nau\u010d\u00edte pracova\u0165 s grafick\u00fdm editorom Adobe InDesign a pochop\u00edte jeho vyu\u017eitie pri tvorbe profesion\u00e1lnych dokumentov ur\u010den\u00fdch pre tla\u010d aj digit\u00e1lne publikovanie. Osvoj\u00edte si spr\u00e1vnu in\u0161tal\u00e1ciu aplik\u00e1cie, z\u00e1kladn\u00e9 nastavenia a orient\u00e1ciu v pou\u017e\u00edvate\u013eskom rozhran\u00ed vr\u00e1tane pracovn\u00fdch panelov, n\u00e1strojov a kl\u00e1vesov\u00fdch skratiek. Nau\u010d\u00edte sa vytv\u00e1ra\u0165 a nastavova\u0165 dokumenty pomocou presetov, definova\u0165 rozmery str\u00e1n, pracova\u0165 s okrajmi, st\u013apcami a pou\u017e\u00edva\u0165 sk\u00fa\u0161obn\u00e9 texty Lorem Ipsum pri n\u00e1vrhu layoutu. Z\u00edskate schopnos\u0165 pracova\u0165 s n\u00e1strojmi panelu Tools Panel a vytv\u00e1ra\u0165 grafick\u00e9 objekty ako \u010diary, obd\u013a\u017eniky, elipsy alebo polyg\u00f3ny. Nau\u010d\u00edte sa nastavova\u0165 farby, v\u00fdplne a obrysy objektov pomocou n\u00e1strojov Color, Stroke a Fill a vytv\u00e1ra\u0165 preh\u013eadn\u00e9 kompoz\u00edcie grafick\u00fdch prvkov. Kurz v\u00e1s nau\u010d\u00ed vklada\u0165 obr\u00e1zky do dokumentov, pracova\u0165 s grafick\u00fdmi r\u00e1mami a spravova\u0165 odkazy na extern\u00e9 s\u00fabory. Pochop\u00edte rozdiel medzi rastrovou a vektorovou grafikou a nau\u010d\u00edte sa spr\u00e1vne pracova\u0165 s grafick\u00fdmi zdrojmi v publik\u00e1ci\u00e1ch. Z\u00edskate praktick\u00e9 zru\u010dnosti pri pr\u00e1ci so str\u00e1nkami, layoutom a vodidlami, ktor\u00e9 umo\u017e\u0148uj\u00fa presn\u00e9 rozmiestnenie prvkov v dokumente. Nau\u010d\u00edte sa pracova\u0165 s farebn\u00fdmi profilmi, vzorkovn\u00edkmi a spr\u00e1vne nastavova\u0165 farebn\u00fd priestor pre tla\u010dov\u00e9 alebo digit\u00e1lne v\u00fdstupy. D\u00f4le\u017eitou s\u00fa\u010das\u0165ou kurzu je typografia a pr\u00e1ca s textom, kde sa nau\u010d\u00edte pou\u017e\u00edva\u0165 textov\u00e9 r\u00e1mce, upravova\u0165 typografick\u00e9 vlastnosti p\u00edsma a vytv\u00e1ra\u0165 profesion\u00e1lne textov\u00e9 layouty. Kurz sa venuje aj vyu\u017eitiu generat\u00edvnej umelej inteligencie Adobe Firefly, ktor\u00e1 umo\u017e\u0148uje generova\u0165 obr\u00e1zky a upravova\u0165 grafiku pomocou funkci\u00ed Generative Fill a Generative Expand. Po absolvovan\u00ed kurzu budete schopn\u00ed vytv\u00e1ra\u0165 profesion\u00e1lne grafick\u00e9 dokumenty, marketingov\u00e9 materi\u00e1ly, let\u00e1ky, bro\u017e\u00fary alebo publik\u00e1cie s d\u00f4razom na spr\u00e1vny layout, typografiu a grafick\u00fa kompoz\u00edciu. Ak sa chcete skuto\u010dne nau\u010di\u0165 pracova\u0165 v Adobe InDesign a sta\u0165 sa grafikom alebo DTP \u0161pecialistom, tak toto je ide\u00e1lny vstupn\u00fd online kurz pre v\u00e1s.<\/p>\n","protected":false},"excerpt":{"rendered":"<p>Online kurz Adobe InDesign I. Za\u010diato\u010dn\u00edk v\u00e1s nau\u010d\u00ed vytv\u00e1ra\u0165 profesion\u00e1lne grafick\u00e9 dokumenty, pracova\u0165 s layoutom, typografiou, obr\u00e1zkami a farbami a navrhova\u0165 publik\u00e1cie ur\u010den\u00e9 pre tla\u010d aj digit\u00e1lne m\u00e9di\u00e1.","protected":false},"author":4,"featured_media":483,"comment_status":"open","ping_status":"closed","template":"","meta":{"_acf_changed":false},"product_brand":[],"product_cat":[56,60,73],"product_tag":[194],"class_list":{"0":"post-485","1":"product","2":"type-product","3":"status-publish","4":"has-post-thumbnail","6":"product_cat-online-kurzy-grafika-a-dizajn","7":"product_cat-online-kurzy-adobe-indesign","8":"product_cat-bez-kategorie","9":"product_tag-grafika-a-dizajn","11":"first","12":"instock","13":"sale","14":"sold-individually","15":"taxable","16":"shipping-taxable","17":"purchasable","18":"product-type-simple"},"yoast_head":"<!-- This site is optimized with the Yoast SEO Premium plugin v25.0 (Yoast SEO v25.0) - https:\/\/yoast.com\/wordpress\/plugins\/seo\/ -->\n<title>Online kurz Adobe InDesign I. Za\u010diato\u010dn\u00edk 2026 | VITA<\/title>\n<meta name=\"description\" content=\"V online kurze Adobe InDesing v\u00e1s nau\u010d\u00edme pracova\u0165 v programe InDesign. Osvoj\u00edte si z\u00e1kladn\u00e9 \u00fapravy s dokumentmi, DTP a pr\u00e1cu so zabudovan\u00fdmi \u0161abl\u00f3nami.\" \/>\n<meta name=\"robots\" content=\"index, follow, max-snippet:-1, max-image-preview:large, max-video-preview:-1\" \/>\n<link rel=\"canonical\" href=\"https:\/\/www.vita.sk\/online-kurz-adobe-indesign-i-zaciatocnik\/\" \/>\n<meta property=\"og:locale\" content=\"cs_CZ\" \/>\n<meta property=\"og:type\" content=\"article\" \/>\n<meta property=\"og:title\" content=\"Online kurz Adobe InDesign I. Za\u010diato\u010dn\u00edk\" \/>\n<meta property=\"og:description\" content=\"V online kurze Adobe InDesing v\u00e1s nau\u010d\u00edme pracova\u0165 v programe InDesign. Osvoj\u00edte si z\u00e1kladn\u00e9 \u00fapravy s dokumentmi, DTP a pr\u00e1cu so zabudovan\u00fdmi \u0161abl\u00f3nami.\" \/>\n<meta property=\"og:url\" content=\"https:\/\/www.vita.sk\/online-kurz-adobe-indesign-i-zaciatocnik\/\" \/>\n<meta property=\"og:site_name\" content=\"VITA\" \/>\n<meta property=\"article:publisher\" content=\"https:\/\/www.facebook.com\/VitaAcademySK\" \/>\n<meta property=\"article:modified_time\" content=\"2026-03-05T12:57:50+00:00\" \/>\n<meta property=\"og:image\" content=\"https:\/\/www.vita.sk\/wp-content\/uploads\/2018\/10\/adobe-indesign.png\" \/>\n\t<meta property=\"og:image:width\" content=\"360\" \/>\n\t<meta property=\"og:image:height\" content=\"360\" \/>\n\t<meta property=\"og:image:type\" content=\"image\/png\" \/>\n<meta name=\"twitter:card\" content=\"summary_large_image\" \/>\n<meta name=\"twitter:label1\" content=\"Odhadovan\u00e1 doba \u010dten\u00ed\" \/>\n\t<meta name=\"twitter:data1\" content=\"2 minuty\" \/>\n<script type=\"application\/ld+json\" class=\"yoast-schema-graph\">{\n\t    \"@context\": \"https:\/\/schema.org\",\n\t    \"@graph\": [\n\t        {\n\t            \"@type\": \"WebPage\",\n\t            \"@id\": \"https:\/\/www.vita.sk\/online-kurz-adobe-indesign-i-zaciatocnik\/\",\n\t            \"url\": \"https:\/\/www.vita.sk\/online-kurz-adobe-indesign-i-zaciatocnik\/\",\n\t            \"name\": \"Online kurz Adobe InDesign I. Za\u010diato\u010dn\u00edk {Y} | VITA\",\n\t            \"isPartOf\": {\n\t                \"@id\": \"https:\/\/www.vita.sk\/#website\"\n\t            },\n\t            \"primaryImageOfPage\": {\n\t                \"@id\": \"https:\/\/www.vita.sk\/online-kurz-adobe-indesign-i-zaciatocnik\/#primaryimage\"\n\t            },\n\t            \"image\": {\n\t                \"@id\": \"https:\/\/www.vita.sk\/online-kurz-adobe-indesign-i-zaciatocnik\/#primaryimage\"\n\t            },\n\t            \"thumbnailUrl\": \"https:\/\/www.vita.sk\/wp-content\/uploads\/2018\/10\/adobe-indesign.png\",\n\t            \"datePublished\": \"2021-05-01T11:35:15+00:00\",\n\t            \"dateModified\": \"2026-03-05T12:57:50+00:00\",\n\t            \"description\": \"V online kurze Adobe InDesing v\u00e1s nau\u010d\u00edme pracova\u0165 v programe InDesign. Osvoj\u00edte si z\u00e1kladn\u00e9 \u00fapravy s dokumentmi, DTP a pr\u00e1cu so zabudovan\u00fdmi \u0161abl\u00f3nami.\",\n\t            \"breadcrumb\": {\n\t                \"@id\": \"https:\/\/www.vita.sk\/online-kurz-adobe-indesign-i-zaciatocnik\/#breadcrumb\"\n\t            },\n\t            \"inLanguage\": \"cs\",\n\t            \"potentialAction\": [\n\t                {\n\t                    \"@type\": \"ReadAction\",\n\t                    \"target\": [\n\t                        \"https:\/\/www.vita.sk\/online-kurz-adobe-indesign-i-zaciatocnik\/\"\n\t                    ]\n\t                }\n\t            ]\n\t        },\n\t        {\n\t            \"@type\": \"ImageObject\",\n\t            \"inLanguage\": \"cs\",\n\t            \"@id\": \"https:\/\/www.vita.sk\/online-kurz-adobe-indesign-i-zaciatocnik\/#primaryimage\",\n\t            \"url\": \"https:\/\/www.vita.sk\/wp-content\/uploads\/2018\/10\/adobe-indesign.png\",\n\t            \"contentUrl\": \"https:\/\/www.vita.sk\/wp-content\/uploads\/2018\/10\/adobe-indesign.png\",\n\t            \"width\": 360,\n\t            \"height\": 360,\n\t            \"caption\": \"Online kurz Adobe InDesign\"\n\t        },\n\t        {\n\t            \"@type\": \"BreadcrumbList\",\n\t            \"@id\": \"https:\/\/www.vita.sk\/online-kurz-adobe-indesign-i-zaciatocnik\/#breadcrumb\",\n\t            \"itemListElement\": [\n\t                {\n\t                    \"@type\": \"ListItem\",\n\t                    \"position\": 1,\n\t                    \"name\": \"VITA Academy\",\n\t                    \"item\": \"https:\/\/www.vita.sk\/cs\/\"\n\t                },\n\t                {\n\t                    \"@type\": \"ListItem\",\n\t                    \"position\": 2,\n\t                    \"name\": \"Shop\",\n\t                    \"item\": \"https:\/\/www.vita.sk\/shop\/\"\n\t                },\n\t                {\n\t                    \"@type\": \"ListItem\",\n\t                    \"position\": 3,\n\t                    \"name\": \"Grafika a Dizajn\",\n\t                    \"item\": \"https:\/\/www.vita.sk\/online-kurzy-grafika-a-dizajn\/\"\n\t                },\n\t                {\n\t                    \"@type\": \"ListItem\",\n\t                    \"position\": 4,\n\t                    \"name\": \"Adobe InDesign\",\n\t                    \"item\": \"https:\/\/www.vita.sk\/online-kurzy-adobe-indesign\/\"\n\t                },\n\t                {\n\t                    \"@type\": \"ListItem\",\n\t                    \"position\": 5,\n\t                    \"name\": \"Online kurz Adobe InDesign I. Za\u010diato\u010dn\u00edk\"\n\t                }\n\t            ]\n\t        },\n\t        {\n\t            \"@type\": \"WebSite\",\n\t            \"@id\": \"https:\/\/www.vita.sk\/#website\",\n\t            \"url\": \"https:\/\/www.vita.sk\/\",\n\t            \"name\": \"VITA\",\n\t            \"description\": \"\",\n\t            \"publisher\": {\n\t                \"@id\": \"https:\/\/www.vita.sk\/#organization\"\n\t            },\n\t            \"potentialAction\": [\n\t                {\n\t                    \"@type\": \"SearchAction\",\n\t                    \"target\": {\n\t                        \"@type\": \"EntryPoint\",\n\t                        \"urlTemplate\": \"https:\/\/www.vita.sk\/?s={search_term_string}\"\n\t                    },\n\t                    \"query-input\": {\n\t                        \"@type\": \"PropertyValueSpecification\",\n\t                        \"valueRequired\": true,\n\t                        \"valueName\": \"search_term_string\"\n\t                    }\n\t                }\n\t            ],\n\t            \"inLanguage\": \"cs\"\n\t        },\n\t        {\n\t            \"email\": \"admin@vita.sk\",\n\t            \"logo\": \"https:\/\/www.vita.sk\/img\/vita_logo.png \",\n\t            \"address\": {\n\t                \"type\": \"PostalAddress\",\n\t                \"streetAddress\": \"Tom\u00e1\u0161ikova 50\/A\",\n\t                \"addressLocality\": \"Bratislava\",\n\t                \"postalCode\": \"83104\",\n\t                \"addressCountry\": {\n\t                    \"name\": \"SK\",\n\t                    \"type\": \"Country\"\n\t                }\n\t            },\n\t            \"contactPoint\": {\n\t                \"type\": \"ContactPoint\",\n\t                \"telephone\": \"+421 907 375\u00a0543\",\n\t                \"Email\": \"admin@vita.sk\",\n\t                \"contactType\": \"customer service\"\n\t            },\n\t            \"sameAs\": [\n\t                \"https:\/\/www.facebook.com\/VitaAcademySK\/\",\n\t                \"https:\/\/www.linkedin.com\/company\/vita-academy\/\"\n\t            ]\n\t        }\n\t    ]\n\t}<\/script>\n<!-- \/ Yoast SEO Premium plugin. -->","yoast_head_json":{"title":"Online kurz Adobe InDesign I. Za\u010diato\u010dn\u00edk 2026 | VITA","description":"V online kurze Adobe InDesing v\u00e1s nau\u010d\u00edme pracova\u0165 v programe InDesign. Osvoj\u00edte si z\u00e1kladn\u00e9 \u00fapravy s dokumentmi, DTP a pr\u00e1cu so zabudovan\u00fdmi \u0161abl\u00f3nami.","robots":{"index":"index","follow":"follow","max-snippet":"max-snippet:-1","max-image-preview":"max-image-preview:large","max-video-preview":"max-video-preview:-1"},"canonical":"https:\/\/www.vita.sk\/online-kurz-adobe-indesign-i-zaciatocnik\/","og_locale":"cs_CZ","og_type":"article","og_title":"Online kurz Adobe InDesign I. Za\u010diato\u010dn\u00edk","og_description":"V online kurze Adobe InDesing v\u00e1s nau\u010d\u00edme pracova\u0165 v programe InDesign. Osvoj\u00edte si z\u00e1kladn\u00e9 \u00fapravy s dokumentmi, DTP a pr\u00e1cu so zabudovan\u00fdmi \u0161abl\u00f3nami.","og_url":"https:\/\/www.vita.sk\/online-kurz-adobe-indesign-i-zaciatocnik\/","og_site_name":"VITA","article_publisher":"https:\/\/www.facebook.com\/VitaAcademySK","article_modified_time":"2026-03-05T12:57:50+00:00","og_image":[{"width":360,"height":360,"url":"https:\/\/www.vita.sk\/wp-content\/uploads\/2018\/10\/adobe-indesign.png","type":"image\/png"}],"twitter_card":"summary_large_image","twitter_misc":{"Odhadovan\u00e1 doba \u010dten\u00ed":"2 minuty"},"schema":{"@context":"https:\/\/schema.org","@graph":[{"@type":"WebPage","@id":"https:\/\/www.vita.sk\/online-kurz-adobe-indesign-i-zaciatocnik\/","url":"https:\/\/www.vita.sk\/online-kurz-adobe-indesign-i-zaciatocnik\/","name":"Online kurz Adobe InDesign I. Za\u010diato\u010dn\u00edk {Y} | VITA","isPartOf":{"@id":"https:\/\/www.vita.sk\/#website"},"primaryImageOfPage":{"@id":"https:\/\/www.vita.sk\/online-kurz-adobe-indesign-i-zaciatocnik\/#primaryimage"},"image":{"@id":"https:\/\/www.vita.sk\/online-kurz-adobe-indesign-i-zaciatocnik\/#primaryimage"},"thumbnailUrl":"https:\/\/www.vita.sk\/wp-content\/uploads\/2018\/10\/adobe-indesign.png","datePublished":"2021-05-01T11:35:15+00:00","dateModified":"2026-03-05T12:57:50+00:00","description":"V online kurze Adobe InDesing v\u00e1s nau\u010d\u00edme pracova\u0165 v programe InDesign. Osvoj\u00edte si z\u00e1kladn\u00e9 \u00fapravy s dokumentmi, DTP a pr\u00e1cu so zabudovan\u00fdmi \u0161abl\u00f3nami.","breadcrumb":{"@id":"https:\/\/www.vita.sk\/online-kurz-adobe-indesign-i-zaciatocnik\/#breadcrumb"},"inLanguage":"cs","potentialAction":[{"@type":"ReadAction","target":["https:\/\/www.vita.sk\/online-kurz-adobe-indesign-i-zaciatocnik\/"]}]},{"@type":"ImageObject","inLanguage":"cs","@id":"https:\/\/www.vita.sk\/online-kurz-adobe-indesign-i-zaciatocnik\/#primaryimage","url":"https:\/\/www.vita.sk\/wp-content\/uploads\/2018\/10\/adobe-indesign.png","contentUrl":"https:\/\/www.vita.sk\/wp-content\/uploads\/2018\/10\/adobe-indesign.png","width":360,"height":360,"caption":"Online kurz Adobe InDesign"},{"@type":"BreadcrumbList","@id":"https:\/\/www.vita.sk\/online-kurz-adobe-indesign-i-zaciatocnik\/#breadcrumb","itemListElement":[{"@type":"ListItem","position":1,"name":"VITA Academy","item":"https:\/\/www.vita.sk\/cs\/"},{"@type":"ListItem","position":2,"name":"Shop","item":"https:\/\/www.vita.sk\/shop\/"},{"@type":"ListItem","position":3,"name":"Grafika a Dizajn","item":"https:\/\/www.vita.sk\/online-kurzy-grafika-a-dizajn\/"},{"@type":"ListItem","position":4,"name":"Adobe InDesign","item":"https:\/\/www.vita.sk\/online-kurzy-adobe-indesign\/"},{"@type":"ListItem","position":5,"name":"Online kurz Adobe InDesign I. Za\u010diato\u010dn\u00edk"}]},{"@type":"WebSite","@id":"https:\/\/www.vita.sk\/#website","url":"https:\/\/www.vita.sk\/","name":"VITA","description":"","publisher":{"@id":"https:\/\/www.vita.sk\/#organization"},"potentialAction":[{"@type":"SearchAction","target":{"@type":"EntryPoint","urlTemplate":"https:\/\/www.vita.sk\/?s={search_term_string}"},"query-input":{"@type":"PropertyValueSpecification","valueRequired":true,"valueName":"search_term_string"}}],"inLanguage":"cs"},{"email":"admin@vita.sk","logo":"https:\/\/www.vita.sk\/img\/vita_logo.png ","address":{"type":"PostalAddress","streetAddress":"Tom\u00e1\u0161ikova 50\/A","addressLocality":"Bratislava","postalCode":"83104","addressCountry":{"name":"SK","type":"Country"}},"contactPoint":{"type":"ContactPoint","telephone":"+421 907 375\u00a0543","Email":"admin@vita.sk","contactType":"customer service"},"sameAs":["https:\/\/www.facebook.com\/VitaAcademySK\/","https:\/\/www.linkedin.com\/company\/vita-academy\/"]}]}},"acf":[],"_links":{"self":[{"href":"https:\/\/www.vita.sk\/cs\/wp-json\/wp\/v2\/product\/485","targetHints":{"allow":["GET"]}}],"collection":[{"href":"https:\/\/www.vita.sk\/cs\/wp-json\/wp\/v2\/product"}],"about":[{"href":"https:\/\/www.vita.sk\/cs\/wp-json\/wp\/v2\/types\/product"}],"author":[{"embeddable":true,"href":"https:\/\/www.vita.sk\/cs\/wp-json\/wp\/v2\/users\/4"}],"replies":[{"embeddable":true,"href":"https:\/\/www.vita.sk\/cs\/wp-json\/wp\/v2\/comments?post=485"}],"wp:featuredmedia":[{"embeddable":true,"href":"https:\/\/www.vita.sk\/cs\/wp-json\/wp\/v2\/media\/483"}],"wp:attachment":[{"href":"https:\/\/www.vita.sk\/cs\/wp-json\/wp\/v2\/media?parent=485"}],"wp:term":[{"taxonomy":"product_brand","embeddable":true,"href":"https:\/\/www.vita.sk\/cs\/wp-json\/wp\/v2\/product_brand?post=485"},{"taxonomy":"product_cat","embeddable":true,"href":"https:\/\/www.vita.sk\/cs\/wp-json\/wp\/v2\/product_cat?post=485"},{"taxonomy":"product_tag","embeddable":true,"href":"https:\/\/www.vita.sk\/cs\/wp-json\/wp\/v2\/product_tag?post=485"}],"curies":[{"name":"wp","href":"https:\/\/api.w.org\/{rel}","templated":true}]}}