{"id":6743,"date":"2021-05-11T20:41:47","date_gmt":"2021-05-11T18:41:47","guid":{"rendered":"https:\/\/www.vita.sk\/?post_type=product&#038;p=6743"},"modified":"2025-02-02T16:53:16","modified_gmt":"2025-02-02T15:53:16","slug":"online-kurz-sas-enterprise-guide-statistika","status":"publish","type":"product","link":"https:\/\/www.vita.sk\/cs\/online-kurz-sas-enterprise-guide-statistika\/","title":{"rendered":"Online kurz SAS Enterprise Guide \u0160tatistika"},"content":{"rendered":"<p>Online kurz SAS Enterprise Guide \u0160tatistika je pre v\u00e1s ide\u00e1lny, ak sa chcete nau\u010di\u0165 efekt\u00edvne spracov\u00e1va\u0165 a analyzova\u0165 \u0161tatistick\u00e9 d\u00e1ta pomocou n\u00e1stroja SAS Enterprise Guide. Kurz v\u00e1s prevedie z\u00e1kladmi importu a spracovania d\u00e1t, vr\u00e1tane \u010distenia d\u00e1t a pr\u00edpravy na pokro\u010dil\u00fa anal\u00fdzu. Nau\u010d\u00edte sa aplikova\u0165 r\u00f4zne \u0161tatistick\u00e9 met\u00f3dy a testy, ako je t-test, anal\u00fdza rozptylu (ANOVA), regresn\u00e1 anal\u00fdza a korela\u010dn\u00e9 \u0161t\u00fadie, ktor\u00e9 v\u00e1m umo\u017enia interpretova\u0165 d\u00e1tov\u00e9 vzory a robi\u0165 informovan\u00e9 rozhodnutia. Budete vedie\u0165 pou\u017e\u00edva\u0165 Ch\u00ed Kvadr\u00e1t (Chi-Square) testu na anal\u00fdzu kontingen\u010dn\u00fdch tabuliek a overenie \u0161tatistick\u00fdch hypot\u00e9z. Z\u00e1rove\u0148 sa obozn\u00e1mite s tvorbou vizu\u00e1lnych reportov a grafov, \u010do v\u00e1m pom\u00f4\u017ee prezentova\u0165 v\u00fdsledky preh\u013eadne a profesion\u00e1lne. Tento kurz v\u00e1m poskytne pevn\u00e9 z\u00e1klady na pr\u00e1cu s d\u00e1tami v re\u00e1lnom svete a je vhodn\u00fd pre ka\u017ed\u00e9ho, kto sa chce v oblasti \u0161tatistiky zdokonali\u0165. Ak sa chcete skuto\u010dne nau\u010di\u0165 pou\u017e\u00edva\u0165 SAS Enterprise Guide, tak toto je ide\u00e1lny vstupn\u00fd online kurz pre v\u00e1s.<\/p>\n","protected":false},"excerpt":{"rendered":"<p>Online kurz SAS Enterprise Guide \u0160tatistika je pre v\u00e1s ide\u00e1lny, ak sa chcete nau\u010di\u0165 efekt\u00edvne spracov\u00e1va\u0165 a analyzova\u0165 \u0161tatistick\u00e9 d\u00e1ta pomocou n\u00e1stroja SAS Enterprise Guide. Kurz v\u00e1s prevedie z\u00e1kladmi importu a spracovania d\u00e1t, vr\u00e1tane \u010distenia d\u00e1t a pr\u00edpravy na pokro\u010dil\u00fa anal\u00fdzu.","protected":false},"author":27,"featured_media":6592,"comment_status":"open","ping_status":"closed","template":"","meta":{"_acf_changed":false},"product_brand":[],"product_cat":[708,355,49,73],"product_tag":[187,198,707],"class_list":{"0":"post-6743","1":"product","2":"type-product","3":"status-publish","4":"has-post-thumbnail","6":"product_cat-online-kurzy-statistika","7":"product_cat-online-kurzy-sas-enterprise-guide","8":"product_cat-online-kurzy-databazy-statistika-analytika","9":"product_cat-bez-kategorie","10":"product_tag-kancelarske-baliky","11":"product_tag-excel","12":"product_tag-statistika","14":"first","15":"instock","16":"sale","17":"sold-individually","18":"taxable","19":"shipping-taxable","20":"purchasable","21":"product-type-simple"},"yoast_head":"<!-- This site is optimized with the Yoast SEO Premium plugin v25.0 (Yoast SEO v25.0) - https:\/\/yoast.com\/wordpress\/plugins\/seo\/ -->\n<title>Online kurz SAS Enterprise Guide \u0160tatistika  | VITA<\/title>\n<meta name=\"description\" content=\"V online kurze SAS Enterprise Guide \u2013 \u0160tatistika sa nau\u010d\u00edte pou\u017e\u00edva\u0165 n\u00e1stroj SAS na spracovanie a \u0161tatistick\u00fa anal\u00fdzu d\u00e1t. \u2705\" \/>\n<meta name=\"robots\" content=\"index, follow, max-snippet:-1, max-image-preview:large, max-video-preview:-1\" \/>\n<link rel=\"canonical\" href=\"https:\/\/www.vita.sk\/online-kurz-sas-enterprise-guide-statistika\/\" \/>\n<meta property=\"og:locale\" content=\"cs_CZ\" \/>\n<meta property=\"og:type\" content=\"article\" \/>\n<meta property=\"og:title\" content=\"Online kurz SAS Enterprise Guide \u0160tatistika\" \/>\n<meta property=\"og:description\" content=\"V online kurze SAS Enterprise Guide \u2013 \u0160tatistika sa nau\u010d\u00edte pou\u017e\u00edva\u0165 n\u00e1stroj SAS na spracovanie a \u0161tatistick\u00fa anal\u00fdzu d\u00e1t. \u2705\" \/>\n<meta property=\"og:url\" content=\"https:\/\/www.vita.sk\/online-kurz-sas-enterprise-guide-statistika\/\" \/>\n<meta property=\"og:site_name\" content=\"VITA\" \/>\n<meta property=\"article:publisher\" content=\"https:\/\/www.facebook.com\/VitaAcademySK\" \/>\n<meta property=\"article:modified_time\" content=\"2025-02-02T15:53:16+00:00\" \/>\n<meta property=\"og:image\" content=\"https:\/\/www.vita.sk\/wp-content\/uploads\/2021\/04\/kurz-SAS-Enterpise-Guide.png\" \/>\n\t<meta property=\"og:image:width\" content=\"360\" \/>\n\t<meta property=\"og:image:height\" content=\"360\" \/>\n\t<meta property=\"og:image:type\" content=\"image\/png\" \/>\n<meta name=\"twitter:card\" content=\"summary_large_image\" \/>\n<meta name=\"twitter:label1\" content=\"Odhadovan\u00e1 doba \u010dten\u00ed\" \/>\n\t<meta name=\"twitter:data1\" content=\"1 minuta\" \/>\n<script type=\"application\/ld+json\" class=\"yoast-schema-graph\">{\n\t    \"@context\": \"https:\/\/schema.org\",\n\t    \"@graph\": [\n\t        {\n\t            \"@type\": \"WebPage\",\n\t            \"@id\": \"https:\/\/www.vita.sk\/online-kurz-sas-enterprise-guide-statistika\/\",\n\t            \"url\": \"https:\/\/www.vita.sk\/online-kurz-sas-enterprise-guide-statistika\/\",\n\t            \"name\": \"Online kurz SAS Enterprise Guide \u0160tatistika 2025 | VITA\",\n\t            \"isPartOf\": {\n\t                \"@id\": \"https:\/\/www.vita.sk\/#website\"\n\t            },\n\t            \"primaryImageOfPage\": {\n\t                \"@id\": \"https:\/\/www.vita.sk\/online-kurz-sas-enterprise-guide-statistika\/#primaryimage\"\n\t            },\n\t            \"image\": {\n\t                \"@id\": \"https:\/\/www.vita.sk\/online-kurz-sas-enterprise-guide-statistika\/#primaryimage\"\n\t            },\n\t            \"thumbnailUrl\": \"https:\/\/www.vita.sk\/wp-content\/uploads\/2021\/04\/kurz-SAS-Enterpise-Guide.png\",\n\t            \"datePublished\": \"2021-05-11T18:41:47+00:00\",\n\t            \"dateModified\": \"2025-02-02T15:53:16+00:00\",\n\t            \"description\": \"V online kurze SAS Enterprise Guide \u2013 \u0160tatistika sa nau\u010d\u00edte pou\u017e\u00edva\u0165 n\u00e1stroj SAS na spracovanie a \u0161tatistick\u00fa anal\u00fdzu d\u00e1t. \u2705\",\n\t            \"breadcrumb\": {\n\t                \"@id\": \"https:\/\/www.vita.sk\/online-kurz-sas-enterprise-guide-statistika\/#breadcrumb\"\n\t            },\n\t            \"inLanguage\": \"cs\",\n\t            \"potentialAction\": [\n\t                {\n\t                    \"@type\": \"ReadAction\",\n\t                    \"target\": [\n\t                        \"https:\/\/www.vita.sk\/online-kurz-sas-enterprise-guide-statistika\/\"\n\t                    ]\n\t                }\n\t            ]\n\t        },\n\t        {\n\t            \"@type\": \"ImageObject\",\n\t            \"inLanguage\": \"cs\",\n\t            \"@id\": \"https:\/\/www.vita.sk\/online-kurz-sas-enterprise-guide-statistika\/#primaryimage\",\n\t            \"url\": \"https:\/\/www.vita.sk\/wp-content\/uploads\/2021\/04\/kurz-SAS-Enterpise-Guide.png\",\n\t            \"contentUrl\": \"https:\/\/www.vita.sk\/wp-content\/uploads\/2021\/04\/kurz-SAS-Enterpise-Guide.png\",\n\t            \"width\": 360,\n\t            \"height\": 360,\n\t            \"caption\": \"Online kurz SAS Enterprise Guide\"\n\t        },\n\t        {\n\t            \"@type\": \"BreadcrumbList\",\n\t            \"@id\": \"https:\/\/www.vita.sk\/online-kurz-sas-enterprise-guide-statistika\/#breadcrumb\",\n\t            \"itemListElement\": [\n\t                {\n\t                    \"@type\": \"ListItem\",\n\t                    \"position\": 1,\n\t                    \"name\": \"VITA Academy\",\n\t                    \"item\": \"https:\/\/www.vita.sk\/cs\/\"\n\t                },\n\t                {\n\t                    \"@type\": \"ListItem\",\n\t                    \"position\": 2,\n\t                    \"name\": \"Shop\",\n\t                    \"item\": \"https:\/\/www.vita.sk\/shop\/\"\n\t                },\n\t                {\n\t                    \"@type\": \"ListItem\",\n\t                    \"position\": 3,\n\t                    \"name\": \"Spr\u00e1va Datab\u00e1z, \u0160tatistika a D\u00e1tov\u00e1 Anal\u00fdza\",\n\t                    \"item\": \"https:\/\/www.vita.sk\/online-kurzy-databazy-analytika\/\"\n\t                },\n\t                {\n\t                    \"@type\": \"ListItem\",\n\t                    \"position\": 4,\n\t                    \"name\": \"\u0160tatistika a Pravdepodobnos\u0165\",\n\t                    \"item\": \"https:\/\/www.vita.sk\/online-kurzy-statistika\/\"\n\t                },\n\t                {\n\t                    \"@type\": \"ListItem\",\n\t                    \"position\": 5,\n\t                    \"name\": \"Online kurz SAS Enterprise Guide \u0160tatistika\"\n\t                }\n\t            ]\n\t        },\n\t        {\n\t            \"@type\": \"WebSite\",\n\t            \"@id\": \"https:\/\/www.vita.sk\/#website\",\n\t            \"url\": \"https:\/\/www.vita.sk\/\",\n\t            \"name\": \"VITA\",\n\t            \"description\": \"\",\n\t            \"publisher\": {\n\t                \"@id\": \"https:\/\/www.vita.sk\/#organization\"\n\t            },\n\t            \"potentialAction\": [\n\t                {\n\t                    \"@type\": \"SearchAction\",\n\t                    \"target\": {\n\t                        \"@type\": \"EntryPoint\",\n\t                        \"urlTemplate\": \"https:\/\/www.vita.sk\/?s={search_term_string}\"\n\t                    },\n\t                    \"query-input\": {\n\t                        \"@type\": \"PropertyValueSpecification\",\n\t                        \"valueRequired\": true,\n\t                        \"valueName\": \"search_term_string\"\n\t                    }\n\t                }\n\t            ],\n\t            \"inLanguage\": \"cs\"\n\t        },\n\t        {\n\t            \"email\": \"admin@vita.sk\",\n\t            \"logo\": \"https:\/\/www.vita.sk\/img\/vita_logo.png \",\n\t            \"address\": {\n\t                \"type\": \"PostalAddress\",\n\t                \"streetAddress\": \"Tom\u00e1\u0161ikova 50\/A\",\n\t                \"addressLocality\": \"Bratislava\",\n\t                \"postalCode\": \"83104\",\n\t                \"addressCountry\": {\n\t                    \"name\": \"SK\",\n\t                    \"type\": \"Country\"\n\t                }\n\t            },\n\t            \"contactPoint\": {\n\t                \"type\": \"ContactPoint\",\n\t                \"telephone\": \"+421 907 375\u00a0543\",\n\t                \"Email\": \"admin@vita.sk\",\n\t                \"contactType\": \"customer service\"\n\t            },\n\t            \"sameAs\": [\n\t                \"https:\/\/www.facebook.com\/VitaAcademySK\/\",\n\t                \"https:\/\/www.linkedin.com\/company\/vita-academy\/\"\n\t            ]\n\t        }\n\t    ]\n\t}<\/script>\n<!-- \/ Yoast SEO Premium plugin. -->","yoast_head_json":{"title":"Online kurz SAS Enterprise Guide \u0160tatistika  | VITA","description":"V online kurze SAS Enterprise Guide \u2013 \u0160tatistika sa nau\u010d\u00edte pou\u017e\u00edva\u0165 n\u00e1stroj SAS na spracovanie a \u0161tatistick\u00fa anal\u00fdzu d\u00e1t. \u2705","robots":{"index":"index","follow":"follow","max-snippet":"max-snippet:-1","max-image-preview":"max-image-preview:large","max-video-preview":"max-video-preview:-1"},"canonical":"https:\/\/www.vita.sk\/online-kurz-sas-enterprise-guide-statistika\/","og_locale":"cs_CZ","og_type":"article","og_title":"Online kurz SAS Enterprise Guide \u0160tatistika","og_description":"V online kurze SAS Enterprise Guide \u2013 \u0160tatistika sa nau\u010d\u00edte pou\u017e\u00edva\u0165 n\u00e1stroj SAS na spracovanie a \u0161tatistick\u00fa anal\u00fdzu d\u00e1t. \u2705","og_url":"https:\/\/www.vita.sk\/online-kurz-sas-enterprise-guide-statistika\/","og_site_name":"VITA","article_publisher":"https:\/\/www.facebook.com\/VitaAcademySK","article_modified_time":"2025-02-02T15:53:16+00:00","og_image":[{"width":360,"height":360,"url":"https:\/\/www.vita.sk\/wp-content\/uploads\/2021\/04\/kurz-SAS-Enterpise-Guide.png","type":"image\/png"}],"twitter_card":"summary_large_image","twitter_misc":{"Odhadovan\u00e1 doba \u010dten\u00ed":"1 minuta"},"schema":{"@context":"https:\/\/schema.org","@graph":[{"@type":"WebPage","@id":"https:\/\/www.vita.sk\/online-kurz-sas-enterprise-guide-statistika\/","url":"https:\/\/www.vita.sk\/online-kurz-sas-enterprise-guide-statistika\/","name":"Online kurz SAS Enterprise Guide \u0160tatistika 2025 | VITA","isPartOf":{"@id":"https:\/\/www.vita.sk\/#website"},"primaryImageOfPage":{"@id":"https:\/\/www.vita.sk\/online-kurz-sas-enterprise-guide-statistika\/#primaryimage"},"image":{"@id":"https:\/\/www.vita.sk\/online-kurz-sas-enterprise-guide-statistika\/#primaryimage"},"thumbnailUrl":"https:\/\/www.vita.sk\/wp-content\/uploads\/2021\/04\/kurz-SAS-Enterpise-Guide.png","datePublished":"2021-05-11T18:41:47+00:00","dateModified":"2025-02-02T15:53:16+00:00","description":"V online kurze SAS Enterprise Guide \u2013 \u0160tatistika sa nau\u010d\u00edte pou\u017e\u00edva\u0165 n\u00e1stroj SAS na spracovanie a \u0161tatistick\u00fa anal\u00fdzu d\u00e1t. \u2705","breadcrumb":{"@id":"https:\/\/www.vita.sk\/online-kurz-sas-enterprise-guide-statistika\/#breadcrumb"},"inLanguage":"cs","potentialAction":[{"@type":"ReadAction","target":["https:\/\/www.vita.sk\/online-kurz-sas-enterprise-guide-statistika\/"]}]},{"@type":"ImageObject","inLanguage":"cs","@id":"https:\/\/www.vita.sk\/online-kurz-sas-enterprise-guide-statistika\/#primaryimage","url":"https:\/\/www.vita.sk\/wp-content\/uploads\/2021\/04\/kurz-SAS-Enterpise-Guide.png","contentUrl":"https:\/\/www.vita.sk\/wp-content\/uploads\/2021\/04\/kurz-SAS-Enterpise-Guide.png","width":360,"height":360,"caption":"Online kurz SAS Enterprise Guide"},{"@type":"BreadcrumbList","@id":"https:\/\/www.vita.sk\/online-kurz-sas-enterprise-guide-statistika\/#breadcrumb","itemListElement":[{"@type":"ListItem","position":1,"name":"VITA Academy","item":"https:\/\/www.vita.sk\/cs\/"},{"@type":"ListItem","position":2,"name":"Shop","item":"https:\/\/www.vita.sk\/shop\/"},{"@type":"ListItem","position":3,"name":"Spr\u00e1va Datab\u00e1z, \u0160tatistika a D\u00e1tov\u00e1 Anal\u00fdza","item":"https:\/\/www.vita.sk\/online-kurzy-databazy-analytika\/"},{"@type":"ListItem","position":4,"name":"\u0160tatistika a Pravdepodobnos\u0165","item":"https:\/\/www.vita.sk\/online-kurzy-statistika\/"},{"@type":"ListItem","position":5,"name":"Online kurz SAS Enterprise Guide \u0160tatistika"}]},{"@type":"WebSite","@id":"https:\/\/www.vita.sk\/#website","url":"https:\/\/www.vita.sk\/","name":"VITA","description":"","publisher":{"@id":"https:\/\/www.vita.sk\/#organization"},"potentialAction":[{"@type":"SearchAction","target":{"@type":"EntryPoint","urlTemplate":"https:\/\/www.vita.sk\/?s={search_term_string}"},"query-input":{"@type":"PropertyValueSpecification","valueRequired":true,"valueName":"search_term_string"}}],"inLanguage":"cs"},{"email":"admin@vita.sk","logo":"https:\/\/www.vita.sk\/img\/vita_logo.png ","address":{"type":"PostalAddress","streetAddress":"Tom\u00e1\u0161ikova 50\/A","addressLocality":"Bratislava","postalCode":"83104","addressCountry":{"name":"SK","type":"Country"}},"contactPoint":{"type":"ContactPoint","telephone":"+421 907 375\u00a0543","Email":"admin@vita.sk","contactType":"customer service"},"sameAs":["https:\/\/www.facebook.com\/VitaAcademySK\/","https:\/\/www.linkedin.com\/company\/vita-academy\/"]}]}},"acf":[],"_links":{"self":[{"href":"https:\/\/www.vita.sk\/cs\/wp-json\/wp\/v2\/product\/6743","targetHints":{"allow":["GET"]}}],"collection":[{"href":"https:\/\/www.vita.sk\/cs\/wp-json\/wp\/v2\/product"}],"about":[{"href":"https:\/\/www.vita.sk\/cs\/wp-json\/wp\/v2\/types\/product"}],"author":[{"embeddable":true,"href":"https:\/\/www.vita.sk\/cs\/wp-json\/wp\/v2\/users\/27"}],"replies":[{"embeddable":true,"href":"https:\/\/www.vita.sk\/cs\/wp-json\/wp\/v2\/comments?post=6743"}],"wp:featuredmedia":[{"embeddable":true,"href":"https:\/\/www.vita.sk\/cs\/wp-json\/wp\/v2\/media\/6592"}],"wp:attachment":[{"href":"https:\/\/www.vita.sk\/cs\/wp-json\/wp\/v2\/media?parent=6743"}],"wp:term":[{"taxonomy":"product_brand","embeddable":true,"href":"https:\/\/www.vita.sk\/cs\/wp-json\/wp\/v2\/product_brand?post=6743"},{"taxonomy":"product_cat","embeddable":true,"href":"https:\/\/www.vita.sk\/cs\/wp-json\/wp\/v2\/product_cat?post=6743"},{"taxonomy":"product_tag","embeddable":true,"href":"https:\/\/www.vita.sk\/cs\/wp-json\/wp\/v2\/product_tag?post=6743"}],"curies":[{"name":"wp","href":"https:\/\/api.w.org\/{rel}","templated":true}]}}