{"id":6744,"date":"2021-05-11T20:49:11","date_gmt":"2021-05-11T18:49:11","guid":{"rendered":"https:\/\/www.vita.sk\/?post_type=product&#038;p=6744"},"modified":"2025-02-02T16:50:57","modified_gmt":"2025-02-02T15:50:57","slug":"online-kurz-microsoft-excel-statisticke-metody","status":"publish","type":"product","link":"https:\/\/www.vita.sk\/cs\/online-kurz-microsoft-excel-statisticke-metody\/","title":{"rendered":"Online kurz Microsoft Excel \u0160tatistick\u00e9 Met\u00f3dy"},"content":{"rendered":"<p>Online kurz Microsoft Excel \u0160tatistick\u00e9 Met\u00f3dy v\u00e1s nau\u010d\u00ed vyhodnocova\u0165 d\u00e1ta za pomoci r\u00f4znych \u0161tatistick\u00fdch met\u00f3d. Osvoj\u00edte si pr\u00e1cu a nau\u010d\u00edte sa zauj\u00edmav\u00e9 funkcie Excelu. Z\u00edskate cenn\u00e9 znalosti nevyhnutn\u00e9 na vizualiz\u00e1ciu d\u00e1t a vytv\u00e1ranie r\u00f4znych anal\u00fdz.<\/p>\n","protected":false},"excerpt":{"rendered":"<p>Online kurz Microsoft Excel \u0160tatistick\u00e9 Met\u00f3dy v\u00e1s nau\u010d\u00ed vyhodnocova\u0165 d\u00e1ta za pomoci r\u00f4znych \u0161tatistick\u00fdch met\u00f3d. Osvoj\u00edte si pr\u00e1cu a nau\u010d\u00edte sa zauj\u00edmav\u00e9 funkcie Excelu. Z\u00edskate cenn\u00e9 znalosti nevyhnutn\u00e9 na vizualiz\u00e1ciu d\u00e1t a vytv\u00e1ranie r\u00f4znych anal\u00fdz.","protected":false},"author":4,"featured_media":6593,"comment_status":"open","ping_status":"closed","template":"","meta":{"_acf_changed":false},"product_brand":[],"product_cat":[67,66,73],"product_tag":[187,198],"class_list":{"0":"post-6744","1":"product","2":"type-product","3":"status-publish","4":"has-post-thumbnail","6":"product_cat-online-kurzy-microsoft-excel","7":"product_cat-online-kurzy-kancelarske-baliky","8":"product_cat-bez-kategorie","9":"product_tag-kancelarske-baliky","10":"product_tag-excel","12":"first","13":"instock","14":"sale","15":"sold-individually","16":"taxable","17":"shipping-taxable","18":"purchasable","19":"product-type-simple"},"yoast_head":"<!-- This site is optimized with the Yoast SEO Premium plugin v25.0 (Yoast SEO v25.0) - https:\/\/yoast.com\/wordpress\/plugins\/seo\/ -->\n<title>Online kurz Microsoft Excel \u0160tatistick\u00e9 Met\u00f3dy  | VITA<\/title>\n<meta name=\"description\" content=\"V online kurze Microsoft Excel \u0160tatistick\u00e9 Met\u00f3dy sa nau\u010d\u00edte vyhodnocova\u0165 d\u00e1ta s pomocou r\u00f4znych \u0161tatistick\u00fdch met\u00f3d. \u2705\" \/>\n<meta name=\"robots\" content=\"index, follow, max-snippet:-1, max-image-preview:large, max-video-preview:-1\" \/>\n<link rel=\"canonical\" href=\"https:\/\/www.vita.sk\/online-kurz-microsoft-excel-statisticke-metody\/\" \/>\n<meta property=\"og:locale\" content=\"cs_CZ\" \/>\n<meta property=\"og:type\" content=\"article\" \/>\n<meta property=\"og:title\" content=\"Online kurz Microsoft Excel \u0160tatistick\u00e9 Met\u00f3dy\" \/>\n<meta property=\"og:description\" content=\"V online kurze Microsoft Excel \u0160tatistick\u00e9 Met\u00f3dy sa nau\u010d\u00edte vyhodnocova\u0165 d\u00e1ta s pomocou r\u00f4znych \u0161tatistick\u00fdch met\u00f3d. \u2705\" \/>\n<meta property=\"og:url\" content=\"https:\/\/www.vita.sk\/online-kurz-microsoft-excel-statisticke-metody\/\" \/>\n<meta property=\"og:site_name\" content=\"VITA\" \/>\n<meta property=\"article:publisher\" content=\"https:\/\/www.facebook.com\/VitaAcademySK\" \/>\n<meta property=\"article:modified_time\" content=\"2025-02-02T15:50:57+00:00\" \/>\n<meta property=\"og:image\" content=\"https:\/\/www.vita.sk\/wp-content\/uploads\/2021\/04\/kurz-statisticke-metody.png\" \/>\n\t<meta property=\"og:image:width\" content=\"360\" \/>\n\t<meta property=\"og:image:height\" content=\"360\" \/>\n\t<meta property=\"og:image:type\" content=\"image\/png\" \/>\n<meta name=\"twitter:card\" content=\"summary_large_image\" \/>\n<meta name=\"twitter:label1\" content=\"Odhadovan\u00e1 doba \u010dten\u00ed\" \/>\n\t<meta name=\"twitter:data1\" content=\"1 minuta\" \/>\n<script type=\"application\/ld+json\" class=\"yoast-schema-graph\">{\n\t    \"@context\": \"https:\/\/schema.org\",\n\t    \"@graph\": [\n\t        {\n\t            \"@type\": \"WebPage\",\n\t            \"@id\": \"https:\/\/www.vita.sk\/online-kurz-microsoft-excel-statisticke-metody\/\",\n\t            \"url\": \"https:\/\/www.vita.sk\/online-kurz-microsoft-excel-statisticke-metody\/\",\n\t            \"name\": \"Online kurz Microsoft Excel \u0160tatistick\u00e9 Met\u00f3dy 2025 | VITA\",\n\t            \"isPartOf\": {\n\t                \"@id\": \"https:\/\/www.vita.sk\/#website\"\n\t            },\n\t            \"primaryImageOfPage\": {\n\t                \"@id\": \"https:\/\/www.vita.sk\/online-kurz-microsoft-excel-statisticke-metody\/#primaryimage\"\n\t            },\n\t            \"image\": {\n\t                \"@id\": \"https:\/\/www.vita.sk\/online-kurz-microsoft-excel-statisticke-metody\/#primaryimage\"\n\t            },\n\t            \"thumbnailUrl\": \"https:\/\/www.vita.sk\/wp-content\/uploads\/2021\/04\/kurz-statisticke-metody.png\",\n\t            \"datePublished\": \"2021-05-11T18:49:11+00:00\",\n\t            \"dateModified\": \"2025-02-02T15:50:57+00:00\",\n\t            \"description\": \"V online kurze Microsoft Excel \u0160tatistick\u00e9 Met\u00f3dy sa nau\u010d\u00edte vyhodnocova\u0165 d\u00e1ta s pomocou r\u00f4znych \u0161tatistick\u00fdch met\u00f3d. \u2705\",\n\t            \"breadcrumb\": {\n\t                \"@id\": \"https:\/\/www.vita.sk\/online-kurz-microsoft-excel-statisticke-metody\/#breadcrumb\"\n\t            },\n\t            \"inLanguage\": \"cs\",\n\t            \"potentialAction\": [\n\t                {\n\t                    \"@type\": \"ReadAction\",\n\t                    \"target\": [\n\t                        \"https:\/\/www.vita.sk\/online-kurz-microsoft-excel-statisticke-metody\/\"\n\t                    ]\n\t                }\n\t            ]\n\t        },\n\t        {\n\t            \"@type\": \"ImageObject\",\n\t            \"inLanguage\": \"cs\",\n\t            \"@id\": \"https:\/\/www.vita.sk\/online-kurz-microsoft-excel-statisticke-metody\/#primaryimage\",\n\t            \"url\": \"https:\/\/www.vita.sk\/wp-content\/uploads\/2021\/04\/kurz-statisticke-metody.png\",\n\t            \"contentUrl\": \"https:\/\/www.vita.sk\/wp-content\/uploads\/2021\/04\/kurz-statisticke-metody.png\",\n\t            \"width\": 360,\n\t            \"height\": 360,\n\t            \"caption\": \"Online kurz \u0160tatistick\u00e9 met\u00f3dy\"\n\t        },\n\t        {\n\t            \"@type\": \"BreadcrumbList\",\n\t            \"@id\": \"https:\/\/www.vita.sk\/online-kurz-microsoft-excel-statisticke-metody\/#breadcrumb\",\n\t            \"itemListElement\": [\n\t                {\n\t                    \"@type\": \"ListItem\",\n\t                    \"position\": 1,\n\t                    \"name\": \"VITA Academy\",\n\t                    \"item\": \"https:\/\/www.vita.sk\/cs\/\"\n\t                },\n\t                {\n\t                    \"@type\": \"ListItem\",\n\t                    \"position\": 2,\n\t                    \"name\": \"Shop\",\n\t                    \"item\": \"https:\/\/www.vita.sk\/shop\/\"\n\t                },\n\t                {\n\t                    \"@type\": \"ListItem\",\n\t                    \"position\": 3,\n\t                    \"name\": \"Kancel\u00e1rske Bal\u00edky\",\n\t                    \"item\": \"https:\/\/www.vita.sk\/online-kurzy-kancelarske-baliky\/\"\n\t                },\n\t                {\n\t                    \"@type\": \"ListItem\",\n\t                    \"position\": 4,\n\t                    \"name\": \"Microsoft Excel\",\n\t                    \"item\": \"https:\/\/www.vita.sk\/online-kurzy-microsoft-excel\/\"\n\t                },\n\t                {\n\t                    \"@type\": \"ListItem\",\n\t                    \"position\": 5,\n\t                    \"name\": \"Online kurz Microsoft Excel \u0160tatistick\u00e9 Met\u00f3dy\"\n\t                }\n\t            ]\n\t        },\n\t        {\n\t            \"@type\": \"WebSite\",\n\t            \"@id\": \"https:\/\/www.vita.sk\/#website\",\n\t            \"url\": \"https:\/\/www.vita.sk\/\",\n\t            \"name\": \"VITA\",\n\t            \"description\": \"\",\n\t            \"publisher\": {\n\t                \"@id\": \"https:\/\/www.vita.sk\/#organization\"\n\t            },\n\t            \"potentialAction\": [\n\t                {\n\t                    \"@type\": \"SearchAction\",\n\t                    \"target\": {\n\t                        \"@type\": \"EntryPoint\",\n\t                        \"urlTemplate\": \"https:\/\/www.vita.sk\/?s={search_term_string}\"\n\t                    },\n\t                    \"query-input\": {\n\t                        \"@type\": \"PropertyValueSpecification\",\n\t                        \"valueRequired\": true,\n\t                        \"valueName\": \"search_term_string\"\n\t                    }\n\t                }\n\t            ],\n\t            \"inLanguage\": \"cs\"\n\t        },\n\t        {\n\t            \"email\": \"admin@vita.sk\",\n\t            \"logo\": \"https:\/\/www.vita.sk\/img\/vita_logo.png \",\n\t            \"address\": {\n\t                \"type\": \"PostalAddress\",\n\t                \"streetAddress\": \"Tom\u00e1\u0161ikova 50\/A\",\n\t                \"addressLocality\": \"Bratislava\",\n\t                \"postalCode\": \"83104\",\n\t                \"addressCountry\": {\n\t                    \"name\": \"SK\",\n\t                    \"type\": \"Country\"\n\t                }\n\t            },\n\t            \"contactPoint\": {\n\t                \"type\": \"ContactPoint\",\n\t                \"telephone\": \"+421 907 375\u00a0543\",\n\t                \"Email\": \"admin@vita.sk\",\n\t                \"contactType\": \"customer service\"\n\t            },\n\t            \"sameAs\": [\n\t                \"https:\/\/www.facebook.com\/VitaAcademySK\/\",\n\t                \"https:\/\/www.linkedin.com\/company\/vita-academy\/\"\n\t            ]\n\t        }\n\t    ]\n\t}<\/script>\n<!-- \/ Yoast SEO Premium plugin. -->","yoast_head_json":{"title":"Online kurz Microsoft Excel \u0160tatistick\u00e9 Met\u00f3dy  | VITA","description":"V online kurze Microsoft Excel \u0160tatistick\u00e9 Met\u00f3dy sa nau\u010d\u00edte vyhodnocova\u0165 d\u00e1ta s pomocou r\u00f4znych \u0161tatistick\u00fdch met\u00f3d. \u2705","robots":{"index":"index","follow":"follow","max-snippet":"max-snippet:-1","max-image-preview":"max-image-preview:large","max-video-preview":"max-video-preview:-1"},"canonical":"https:\/\/www.vita.sk\/online-kurz-microsoft-excel-statisticke-metody\/","og_locale":"cs_CZ","og_type":"article","og_title":"Online kurz Microsoft Excel \u0160tatistick\u00e9 Met\u00f3dy","og_description":"V online kurze Microsoft Excel \u0160tatistick\u00e9 Met\u00f3dy sa nau\u010d\u00edte vyhodnocova\u0165 d\u00e1ta s pomocou r\u00f4znych \u0161tatistick\u00fdch met\u00f3d. \u2705","og_url":"https:\/\/www.vita.sk\/online-kurz-microsoft-excel-statisticke-metody\/","og_site_name":"VITA","article_publisher":"https:\/\/www.facebook.com\/VitaAcademySK","article_modified_time":"2025-02-02T15:50:57+00:00","og_image":[{"width":360,"height":360,"url":"https:\/\/www.vita.sk\/wp-content\/uploads\/2021\/04\/kurz-statisticke-metody.png","type":"image\/png"}],"twitter_card":"summary_large_image","twitter_misc":{"Odhadovan\u00e1 doba \u010dten\u00ed":"1 minuta"},"schema":{"@context":"https:\/\/schema.org","@graph":[{"@type":"WebPage","@id":"https:\/\/www.vita.sk\/online-kurz-microsoft-excel-statisticke-metody\/","url":"https:\/\/www.vita.sk\/online-kurz-microsoft-excel-statisticke-metody\/","name":"Online kurz Microsoft Excel \u0160tatistick\u00e9 Met\u00f3dy 2025 | VITA","isPartOf":{"@id":"https:\/\/www.vita.sk\/#website"},"primaryImageOfPage":{"@id":"https:\/\/www.vita.sk\/online-kurz-microsoft-excel-statisticke-metody\/#primaryimage"},"image":{"@id":"https:\/\/www.vita.sk\/online-kurz-microsoft-excel-statisticke-metody\/#primaryimage"},"thumbnailUrl":"https:\/\/www.vita.sk\/wp-content\/uploads\/2021\/04\/kurz-statisticke-metody.png","datePublished":"2021-05-11T18:49:11+00:00","dateModified":"2025-02-02T15:50:57+00:00","description":"V online kurze Microsoft Excel \u0160tatistick\u00e9 Met\u00f3dy sa nau\u010d\u00edte vyhodnocova\u0165 d\u00e1ta s pomocou r\u00f4znych \u0161tatistick\u00fdch met\u00f3d. \u2705","breadcrumb":{"@id":"https:\/\/www.vita.sk\/online-kurz-microsoft-excel-statisticke-metody\/#breadcrumb"},"inLanguage":"cs","potentialAction":[{"@type":"ReadAction","target":["https:\/\/www.vita.sk\/online-kurz-microsoft-excel-statisticke-metody\/"]}]},{"@type":"ImageObject","inLanguage":"cs","@id":"https:\/\/www.vita.sk\/online-kurz-microsoft-excel-statisticke-metody\/#primaryimage","url":"https:\/\/www.vita.sk\/wp-content\/uploads\/2021\/04\/kurz-statisticke-metody.png","contentUrl":"https:\/\/www.vita.sk\/wp-content\/uploads\/2021\/04\/kurz-statisticke-metody.png","width":360,"height":360,"caption":"Online kurz \u0160tatistick\u00e9 met\u00f3dy"},{"@type":"BreadcrumbList","@id":"https:\/\/www.vita.sk\/online-kurz-microsoft-excel-statisticke-metody\/#breadcrumb","itemListElement":[{"@type":"ListItem","position":1,"name":"VITA Academy","item":"https:\/\/www.vita.sk\/cs\/"},{"@type":"ListItem","position":2,"name":"Shop","item":"https:\/\/www.vita.sk\/shop\/"},{"@type":"ListItem","position":3,"name":"Kancel\u00e1rske Bal\u00edky","item":"https:\/\/www.vita.sk\/online-kurzy-kancelarske-baliky\/"},{"@type":"ListItem","position":4,"name":"Microsoft Excel","item":"https:\/\/www.vita.sk\/online-kurzy-microsoft-excel\/"},{"@type":"ListItem","position":5,"name":"Online kurz Microsoft Excel \u0160tatistick\u00e9 Met\u00f3dy"}]},{"@type":"WebSite","@id":"https:\/\/www.vita.sk\/#website","url":"https:\/\/www.vita.sk\/","name":"VITA","description":"","publisher":{"@id":"https:\/\/www.vita.sk\/#organization"},"potentialAction":[{"@type":"SearchAction","target":{"@type":"EntryPoint","urlTemplate":"https:\/\/www.vita.sk\/?s={search_term_string}"},"query-input":{"@type":"PropertyValueSpecification","valueRequired":true,"valueName":"search_term_string"}}],"inLanguage":"cs"},{"email":"admin@vita.sk","logo":"https:\/\/www.vita.sk\/img\/vita_logo.png ","address":{"type":"PostalAddress","streetAddress":"Tom\u00e1\u0161ikova 50\/A","addressLocality":"Bratislava","postalCode":"83104","addressCountry":{"name":"SK","type":"Country"}},"contactPoint":{"type":"ContactPoint","telephone":"+421 907 375\u00a0543","Email":"admin@vita.sk","contactType":"customer service"},"sameAs":["https:\/\/www.facebook.com\/VitaAcademySK\/","https:\/\/www.linkedin.com\/company\/vita-academy\/"]}]}},"acf":[],"_links":{"self":[{"href":"https:\/\/www.vita.sk\/cs\/wp-json\/wp\/v2\/product\/6744","targetHints":{"allow":["GET"]}}],"collection":[{"href":"https:\/\/www.vita.sk\/cs\/wp-json\/wp\/v2\/product"}],"about":[{"href":"https:\/\/www.vita.sk\/cs\/wp-json\/wp\/v2\/types\/product"}],"author":[{"embeddable":true,"href":"https:\/\/www.vita.sk\/cs\/wp-json\/wp\/v2\/users\/4"}],"replies":[{"embeddable":true,"href":"https:\/\/www.vita.sk\/cs\/wp-json\/wp\/v2\/comments?post=6744"}],"wp:featuredmedia":[{"embeddable":true,"href":"https:\/\/www.vita.sk\/cs\/wp-json\/wp\/v2\/media\/6593"}],"wp:attachment":[{"href":"https:\/\/www.vita.sk\/cs\/wp-json\/wp\/v2\/media?parent=6744"}],"wp:term":[{"taxonomy":"product_brand","embeddable":true,"href":"https:\/\/www.vita.sk\/cs\/wp-json\/wp\/v2\/product_brand?post=6744"},{"taxonomy":"product_cat","embeddable":true,"href":"https:\/\/www.vita.sk\/cs\/wp-json\/wp\/v2\/product_cat?post=6744"},{"taxonomy":"product_tag","embeddable":true,"href":"https:\/\/www.vita.sk\/cs\/wp-json\/wp\/v2\/product_tag?post=6744"}],"curies":[{"name":"wp","href":"https:\/\/api.w.org\/{rel}","templated":true}]}}