{"id":7098,"date":"2021-08-02T13:40:42","date_gmt":"2021-08-02T11:40:42","guid":{"rendered":"https:\/\/www.vita.sk\/?post_type=product&#038;p=7098"},"modified":"2025-12-15T08:54:05","modified_gmt":"2025-12-15T07:54:05","slug":"rocne-predplatne-kategorie-operacne-systemy","status":"publish","type":"product","link":"https:\/\/www.vita.sk\/cs\/rocne-predplatne-kategorie-operacne-systemy\/","title":{"rendered":"Ro\u010dn\u00e9 predplatn\u00e9 kateg\u00f3rie Opera\u010dn\u00e9 Syst\u00e9my"},"content":{"rendered":"<p>Ro\u010dn\u00e9 predplatn\u00e9 kateg\u00f3rie Opera\u010dn\u00e9 Syst\u00e9my obsahuje bal\u00edk v\u0161etk\u00fdch online kurzov tejto kateg\u00f3rie vr\u00e1tane pripravovan\u00fdch kurzov po dobu 12 mesiacov. <strong>Ide o jedin\u00fd akreditovan\u00fd a certifikovan\u00fd bal\u00edk online kurzov na Opera\u010dn\u00e9 Syst\u00e9my na Slovensku.<\/strong> Zv\u00fdhodnen\u00fd bal\u00edk Opera\u010dn\u00e9 syst\u00e9my m\u00e1 pr\u00edjemn\u00fa z\u013eavu. Ide\u00e1lny bal\u00edk, ak sa chcete nau\u010di\u0165 programova\u0165 v skriptovac\u00edch jazykoch Bash a Cshell a nakonfigurova\u0165 firemn\u00fd server. Ak sa chcete skuto\u010dne nau\u010di\u0165 spravova\u0165 opera\u010dn\u00e9 syst\u00e9my, tak toto je ide\u00e1lny bal\u00edk online kurzov pre v\u00e1s.<\/p>\n","protected":false},"excerpt":{"rendered":"<p>Ro\u010dn\u00e9 predplatn\u00e9 kateg\u00f3rie Opera\u010dn\u00e9 syst\u00e9my obsahuje bal\u00edk v\u0161etk\u00fdch online kurzov tejto kateg\u00f3rie vr\u00e1tane pripravovan\u00fdch kurzov po dobu 12 mesiacov. Zv\u00fdhodnen\u00fd bal\u00edk Opera\u010dn\u00e9 syst\u00e9my m\u00e1 pr\u00edjemn\u00fa z\u013eavu. Ide\u00e1lny bal\u00edk, ak sa chcete nau\u010di\u0165 programova\u0165 v skriptovac\u00edch jazykoch Bash a Cshell a nakonfigurova\u0165 po\u0161tov\u00fd server.","protected":false},"author":4,"featured_media":4212,"comment_status":"open","ping_status":"closed","template":"","meta":{"_acf_changed":false},"product_brand":[],"product_cat":[96],"product_tag":[],"class_list":{"0":"post-7098","1":"product","2":"type-product","3":"status-publish","4":"has-post-thumbnail","6":"product_cat-online-kurzy-operacne-systemy","8":"first","9":"instock","10":"sale","11":"sold-individually","12":"taxable","13":"shipping-taxable","14":"purchasable","15":"product-type-simple"},"yoast_head":"<!-- This site is optimized with the Yoast SEO Premium plugin v25.0 (Yoast SEO v25.0) - https:\/\/yoast.com\/wordpress\/plugins\/seo\/ -->\n<title>Ro\u010dn\u00e9 predplatn\u00e9 kateg\u00f3rie Opera\u010dn\u00e9 syst\u00e9my 2026 | VITA<\/title>\n<meta name=\"description\" content=\"Ro\u010dn\u00e9 predplatn\u00e9 kateg\u00f3rie Opera\u010dn\u00e9 syst\u00e9my obsahuje bal\u00edk v\u0161etk\u00fdch online kurzov tejto kateg\u00f3rie vr\u00e1tane pripravovan\u00fdch kurzov po dobu 12 mesiacov. Zv\u00fdhodnen\u00fd bal\u00edk Opera\u010dn\u00e9 syst\u00e9my m\u00e1 pr\u00edjemn\u00fa z\u013eavu. Ide\u00e1lny bal\u00edk, ak sa chcete nau\u010di\u0165 programova\u0165 v skriptovac\u00edch jazykoch Bash a Cshell a nakonfigurova\u0165 po\u0161tov\u00fd server.\" \/>\n<meta name=\"robots\" content=\"index, follow, max-snippet:-1, max-image-preview:large, max-video-preview:-1\" \/>\n<link rel=\"canonical\" href=\"https:\/\/www.vita.sk\/rocne-predplatne-kategorie-operacne-systemy\/\" \/>\n<meta property=\"og:locale\" content=\"cs_CZ\" \/>\n<meta property=\"og:type\" content=\"article\" \/>\n<meta property=\"og:title\" content=\"Ro\u010dn\u00e9 predplatn\u00e9 kateg\u00f3rie Opera\u010dn\u00e9 Syst\u00e9my\" \/>\n<meta property=\"og:description\" content=\"Ro\u010dn\u00e9 predplatn\u00e9 kateg\u00f3rie Opera\u010dn\u00e9 syst\u00e9my obsahuje bal\u00edk v\u0161etk\u00fdch online kurzov tejto kateg\u00f3rie vr\u00e1tane pripravovan\u00fdch kurzov po dobu 12 mesiacov. Zv\u00fdhodnen\u00fd bal\u00edk Opera\u010dn\u00e9 syst\u00e9my m\u00e1 pr\u00edjemn\u00fa z\u013eavu. Ide\u00e1lny bal\u00edk, ak sa chcete nau\u010di\u0165 programova\u0165 v skriptovac\u00edch jazykoch Bash a Cshell a nakonfigurova\u0165 po\u0161tov\u00fd server.\" \/>\n<meta property=\"og:url\" content=\"https:\/\/www.vita.sk\/rocne-predplatne-kategorie-operacne-systemy\/\" \/>\n<meta property=\"og:site_name\" content=\"VITA\" \/>\n<meta property=\"article:publisher\" content=\"https:\/\/www.facebook.com\/VitaAcademySK\" \/>\n<meta property=\"article:modified_time\" content=\"2025-12-15T07:54:05+00:00\" \/>\n<meta property=\"og:image\" content=\"https:\/\/www.vita.sk\/wp-content\/uploads\/2020\/11\/kurz-operacne-systemy.png\" \/>\n\t<meta property=\"og:image:width\" content=\"360\" \/>\n\t<meta property=\"og:image:height\" content=\"360\" \/>\n\t<meta property=\"og:image:type\" content=\"image\/png\" \/>\n<meta name=\"twitter:card\" content=\"summary_large_image\" \/>\n<meta name=\"twitter:label1\" content=\"Odhadovan\u00e1 doba \u010dten\u00ed\" \/>\n\t<meta name=\"twitter:data1\" content=\"1 minuta\" \/>\n<script type=\"application\/ld+json\" class=\"yoast-schema-graph\">{\n\t    \"@context\": \"https:\/\/schema.org\",\n\t    \"@graph\": [\n\t        {\n\t            \"@type\": \"WebPage\",\n\t            \"@id\": \"https:\/\/www.vita.sk\/rocne-predplatne-kategorie-operacne-systemy\/\",\n\t            \"url\": \"https:\/\/www.vita.sk\/rocne-predplatne-kategorie-operacne-systemy\/\",\n\t            \"name\": \"Ro\u010dn\u00e9 predplatn\u00e9 kateg\u00f3rie Opera\u010dn\u00e9 syst\u00e9my {Y} | VITA\",\n\t            \"isPartOf\": {\n\t                \"@id\": \"https:\/\/www.vita.sk\/#website\"\n\t            },\n\t            \"primaryImageOfPage\": {\n\t                \"@id\": \"https:\/\/www.vita.sk\/rocne-predplatne-kategorie-operacne-systemy\/#primaryimage\"\n\t            },\n\t            \"image\": {\n\t                \"@id\": \"https:\/\/www.vita.sk\/rocne-predplatne-kategorie-operacne-systemy\/#primaryimage\"\n\t            },\n\t            \"thumbnailUrl\": \"https:\/\/www.vita.sk\/wp-content\/uploads\/2020\/11\/kurz-operacne-systemy.png\",\n\t            \"datePublished\": \"2021-08-02T11:40:42+00:00\",\n\t            \"dateModified\": \"2025-12-15T07:54:05+00:00\",\n\t            \"description\": \"Ro\u010dn\u00e9 predplatn\u00e9 kateg\u00f3rie Opera\u010dn\u00e9 syst\u00e9my obsahuje bal\u00edk v\u0161etk\u00fdch online kurzov tejto kateg\u00f3rie vr\u00e1tane pripravovan\u00fdch kurzov po dobu 12 mesiacov. Zv\u00fdhodnen\u00fd bal\u00edk Opera\u010dn\u00e9 syst\u00e9my m\u00e1 pr\u00edjemn\u00fa z\u013eavu. Ide\u00e1lny bal\u00edk, ak sa chcete nau\u010di\u0165 programova\u0165 v skriptovac\u00edch jazykoch Bash a Cshell a nakonfigurova\u0165 po\u0161tov\u00fd server.\",\n\t            \"breadcrumb\": {\n\t                \"@id\": \"https:\/\/www.vita.sk\/rocne-predplatne-kategorie-operacne-systemy\/#breadcrumb\"\n\t            },\n\t            \"inLanguage\": \"cs\",\n\t            \"potentialAction\": [\n\t                {\n\t                    \"@type\": \"ReadAction\",\n\t                    \"target\": [\n\t                        \"https:\/\/www.vita.sk\/rocne-predplatne-kategorie-operacne-systemy\/\"\n\t                    ]\n\t                }\n\t            ]\n\t        },\n\t        {\n\t            \"@type\": \"ImageObject\",\n\t            \"inLanguage\": \"cs\",\n\t            \"@id\": \"https:\/\/www.vita.sk\/rocne-predplatne-kategorie-operacne-systemy\/#primaryimage\",\n\t            \"url\": \"https:\/\/www.vita.sk\/wp-content\/uploads\/2020\/11\/kurz-operacne-systemy.png\",\n\t            \"contentUrl\": \"https:\/\/www.vita.sk\/wp-content\/uploads\/2020\/11\/kurz-operacne-systemy.png\",\n\t            \"width\": 360,\n\t            \"height\": 360,\n\t            \"caption\": \"Online kurz Opera\u010dn\u00e9 Syst\u00e9my\"\n\t        },\n\t        {\n\t            \"@type\": \"BreadcrumbList\",\n\t            \"@id\": \"https:\/\/www.vita.sk\/rocne-predplatne-kategorie-operacne-systemy\/#breadcrumb\",\n\t            \"itemListElement\": [\n\t                {\n\t                    \"@type\": \"ListItem\",\n\t                    \"position\": 1,\n\t                    \"name\": \"VITA Academy\",\n\t                    \"item\": \"https:\/\/www.vita.sk\/cs\/\"\n\t                },\n\t                {\n\t                    \"@type\": \"ListItem\",\n\t                    \"position\": 2,\n\t                    \"name\": \"Shop\",\n\t                    \"item\": \"https:\/\/www.vita.sk\/shop\/\"\n\t                },\n\t                {\n\t                    \"@type\": \"ListItem\",\n\t                    \"position\": 3,\n\t                    \"name\": \"Opera\u010dn\u00e9 Syst\u00e9my\",\n\t                    \"item\": \"https:\/\/www.vita.sk\/online-kurzy-operacne-systemy\/\"\n\t                },\n\t                {\n\t                    \"@type\": \"ListItem\",\n\t                    \"position\": 4,\n\t                    \"name\": \"Ro\u010dn\u00e9 predplatn\u00e9 kateg\u00f3rie Opera\u010dn\u00e9 Syst\u00e9my\"\n\t                }\n\t            ]\n\t        },\n\t        {\n\t            \"@type\": \"WebSite\",\n\t            \"@id\": \"https:\/\/www.vita.sk\/#website\",\n\t            \"url\": \"https:\/\/www.vita.sk\/\",\n\t            \"name\": \"VITA\",\n\t            \"description\": \"\",\n\t            \"publisher\": {\n\t                \"@id\": \"https:\/\/www.vita.sk\/#organization\"\n\t            },\n\t            \"potentialAction\": [\n\t                {\n\t                    \"@type\": \"SearchAction\",\n\t                    \"target\": {\n\t                        \"@type\": \"EntryPoint\",\n\t                        \"urlTemplate\": \"https:\/\/www.vita.sk\/?s={search_term_string}\"\n\t                    },\n\t                    \"query-input\": {\n\t                        \"@type\": \"PropertyValueSpecification\",\n\t                        \"valueRequired\": true,\n\t                        \"valueName\": \"search_term_string\"\n\t                    }\n\t                }\n\t            ],\n\t            \"inLanguage\": \"cs\"\n\t        },\n\t        {\n\t            \"email\": \"admin@vita.sk\",\n\t            \"logo\": \"https:\/\/www.vita.sk\/img\/vita_logo.png \",\n\t            \"address\": {\n\t                \"type\": \"PostalAddress\",\n\t                \"streetAddress\": \"Tom\u00e1\u0161ikova 50\/A\",\n\t                \"addressLocality\": \"Bratislava\",\n\t                \"postalCode\": \"83104\",\n\t                \"addressCountry\": {\n\t                    \"name\": \"SK\",\n\t                    \"type\": \"Country\"\n\t                }\n\t            },\n\t            \"contactPoint\": {\n\t                \"type\": \"ContactPoint\",\n\t                \"telephone\": \"+421 907 375\u00a0543\",\n\t                \"Email\": \"admin@vita.sk\",\n\t                \"contactType\": \"customer service\"\n\t            },\n\t            \"sameAs\": [\n\t                \"https:\/\/www.facebook.com\/VitaAcademySK\/\",\n\t                \"https:\/\/www.linkedin.com\/company\/vita-academy\/\"\n\t            ]\n\t        }\n\t    ]\n\t}<\/script>\n<!-- \/ Yoast SEO Premium plugin. -->","yoast_head_json":{"title":"Ro\u010dn\u00e9 predplatn\u00e9 kateg\u00f3rie Opera\u010dn\u00e9 syst\u00e9my 2026 | VITA","description":"Ro\u010dn\u00e9 predplatn\u00e9 kateg\u00f3rie Opera\u010dn\u00e9 syst\u00e9my obsahuje bal\u00edk v\u0161etk\u00fdch online kurzov tejto kateg\u00f3rie vr\u00e1tane pripravovan\u00fdch kurzov po dobu 12 mesiacov. Zv\u00fdhodnen\u00fd bal\u00edk Opera\u010dn\u00e9 syst\u00e9my m\u00e1 pr\u00edjemn\u00fa z\u013eavu. Ide\u00e1lny bal\u00edk, ak sa chcete nau\u010di\u0165 programova\u0165 v skriptovac\u00edch jazykoch Bash a Cshell a nakonfigurova\u0165 po\u0161tov\u00fd server.","robots":{"index":"index","follow":"follow","max-snippet":"max-snippet:-1","max-image-preview":"max-image-preview:large","max-video-preview":"max-video-preview:-1"},"canonical":"https:\/\/www.vita.sk\/rocne-predplatne-kategorie-operacne-systemy\/","og_locale":"cs_CZ","og_type":"article","og_title":"Ro\u010dn\u00e9 predplatn\u00e9 kateg\u00f3rie Opera\u010dn\u00e9 Syst\u00e9my","og_description":"Ro\u010dn\u00e9 predplatn\u00e9 kateg\u00f3rie Opera\u010dn\u00e9 syst\u00e9my obsahuje bal\u00edk v\u0161etk\u00fdch online kurzov tejto kateg\u00f3rie vr\u00e1tane pripravovan\u00fdch kurzov po dobu 12 mesiacov. Zv\u00fdhodnen\u00fd bal\u00edk Opera\u010dn\u00e9 syst\u00e9my m\u00e1 pr\u00edjemn\u00fa z\u013eavu. Ide\u00e1lny bal\u00edk, ak sa chcete nau\u010di\u0165 programova\u0165 v skriptovac\u00edch jazykoch Bash a Cshell a nakonfigurova\u0165 po\u0161tov\u00fd server.","og_url":"https:\/\/www.vita.sk\/rocne-predplatne-kategorie-operacne-systemy\/","og_site_name":"VITA","article_publisher":"https:\/\/www.facebook.com\/VitaAcademySK","article_modified_time":"2025-12-15T07:54:05+00:00","og_image":[{"width":360,"height":360,"url":"https:\/\/www.vita.sk\/wp-content\/uploads\/2020\/11\/kurz-operacne-systemy.png","type":"image\/png"}],"twitter_card":"summary_large_image","twitter_misc":{"Odhadovan\u00e1 doba \u010dten\u00ed":"1 minuta"},"schema":{"@context":"https:\/\/schema.org","@graph":[{"@type":"WebPage","@id":"https:\/\/www.vita.sk\/rocne-predplatne-kategorie-operacne-systemy\/","url":"https:\/\/www.vita.sk\/rocne-predplatne-kategorie-operacne-systemy\/","name":"Ro\u010dn\u00e9 predplatn\u00e9 kateg\u00f3rie Opera\u010dn\u00e9 syst\u00e9my {Y} | VITA","isPartOf":{"@id":"https:\/\/www.vita.sk\/#website"},"primaryImageOfPage":{"@id":"https:\/\/www.vita.sk\/rocne-predplatne-kategorie-operacne-systemy\/#primaryimage"},"image":{"@id":"https:\/\/www.vita.sk\/rocne-predplatne-kategorie-operacne-systemy\/#primaryimage"},"thumbnailUrl":"https:\/\/www.vita.sk\/wp-content\/uploads\/2020\/11\/kurz-operacne-systemy.png","datePublished":"2021-08-02T11:40:42+00:00","dateModified":"2025-12-15T07:54:05+00:00","description":"Ro\u010dn\u00e9 predplatn\u00e9 kateg\u00f3rie Opera\u010dn\u00e9 syst\u00e9my obsahuje bal\u00edk v\u0161etk\u00fdch online kurzov tejto kateg\u00f3rie vr\u00e1tane pripravovan\u00fdch kurzov po dobu 12 mesiacov. Zv\u00fdhodnen\u00fd bal\u00edk Opera\u010dn\u00e9 syst\u00e9my m\u00e1 pr\u00edjemn\u00fa z\u013eavu. Ide\u00e1lny bal\u00edk, ak sa chcete nau\u010di\u0165 programova\u0165 v skriptovac\u00edch jazykoch Bash a Cshell a nakonfigurova\u0165 po\u0161tov\u00fd server.","breadcrumb":{"@id":"https:\/\/www.vita.sk\/rocne-predplatne-kategorie-operacne-systemy\/#breadcrumb"},"inLanguage":"cs","potentialAction":[{"@type":"ReadAction","target":["https:\/\/www.vita.sk\/rocne-predplatne-kategorie-operacne-systemy\/"]}]},{"@type":"ImageObject","inLanguage":"cs","@id":"https:\/\/www.vita.sk\/rocne-predplatne-kategorie-operacne-systemy\/#primaryimage","url":"https:\/\/www.vita.sk\/wp-content\/uploads\/2020\/11\/kurz-operacne-systemy.png","contentUrl":"https:\/\/www.vita.sk\/wp-content\/uploads\/2020\/11\/kurz-operacne-systemy.png","width":360,"height":360,"caption":"Online kurz Opera\u010dn\u00e9 Syst\u00e9my"},{"@type":"BreadcrumbList","@id":"https:\/\/www.vita.sk\/rocne-predplatne-kategorie-operacne-systemy\/#breadcrumb","itemListElement":[{"@type":"ListItem","position":1,"name":"VITA Academy","item":"https:\/\/www.vita.sk\/cs\/"},{"@type":"ListItem","position":2,"name":"Shop","item":"https:\/\/www.vita.sk\/shop\/"},{"@type":"ListItem","position":3,"name":"Opera\u010dn\u00e9 Syst\u00e9my","item":"https:\/\/www.vita.sk\/online-kurzy-operacne-systemy\/"},{"@type":"ListItem","position":4,"name":"Ro\u010dn\u00e9 predplatn\u00e9 kateg\u00f3rie Opera\u010dn\u00e9 Syst\u00e9my"}]},{"@type":"WebSite","@id":"https:\/\/www.vita.sk\/#website","url":"https:\/\/www.vita.sk\/","name":"VITA","description":"","publisher":{"@id":"https:\/\/www.vita.sk\/#organization"},"potentialAction":[{"@type":"SearchAction","target":{"@type":"EntryPoint","urlTemplate":"https:\/\/www.vita.sk\/?s={search_term_string}"},"query-input":{"@type":"PropertyValueSpecification","valueRequired":true,"valueName":"search_term_string"}}],"inLanguage":"cs"},{"email":"admin@vita.sk","logo":"https:\/\/www.vita.sk\/img\/vita_logo.png ","address":{"type":"PostalAddress","streetAddress":"Tom\u00e1\u0161ikova 50\/A","addressLocality":"Bratislava","postalCode":"83104","addressCountry":{"name":"SK","type":"Country"}},"contactPoint":{"type":"ContactPoint","telephone":"+421 907 375\u00a0543","Email":"admin@vita.sk","contactType":"customer service"},"sameAs":["https:\/\/www.facebook.com\/VitaAcademySK\/","https:\/\/www.linkedin.com\/company\/vita-academy\/"]}]}},"acf":[],"_links":{"self":[{"href":"https:\/\/www.vita.sk\/cs\/wp-json\/wp\/v2\/product\/7098","targetHints":{"allow":["GET"]}}],"collection":[{"href":"https:\/\/www.vita.sk\/cs\/wp-json\/wp\/v2\/product"}],"about":[{"href":"https:\/\/www.vita.sk\/cs\/wp-json\/wp\/v2\/types\/product"}],"author":[{"embeddable":true,"href":"https:\/\/www.vita.sk\/cs\/wp-json\/wp\/v2\/users\/4"}],"replies":[{"embeddable":true,"href":"https:\/\/www.vita.sk\/cs\/wp-json\/wp\/v2\/comments?post=7098"}],"wp:featuredmedia":[{"embeddable":true,"href":"https:\/\/www.vita.sk\/cs\/wp-json\/wp\/v2\/media\/4212"}],"wp:attachment":[{"href":"https:\/\/www.vita.sk\/cs\/wp-json\/wp\/v2\/media?parent=7098"}],"wp:term":[{"taxonomy":"product_brand","embeddable":true,"href":"https:\/\/www.vita.sk\/cs\/wp-json\/wp\/v2\/product_brand?post=7098"},{"taxonomy":"product_cat","embeddable":true,"href":"https:\/\/www.vita.sk\/cs\/wp-json\/wp\/v2\/product_cat?post=7098"},{"taxonomy":"product_tag","embeddable":true,"href":"https:\/\/www.vita.sk\/cs\/wp-json\/wp\/v2\/product_tag?post=7098"}],"curies":[{"name":"wp","href":"https:\/\/api.w.org\/{rel}","templated":true}]}}