{"id":7135,"date":"2021-08-27T09:41:16","date_gmt":"2021-08-27T07:41:16","guid":{"rendered":"https:\/\/www.vita.sk\/?post_type=product&#038;p=7135"},"modified":"2024-06-07T12:39:13","modified_gmt":"2024-06-07T10:39:13","slug":"online-kurz-microsoft-powerpoint-tvorba-sablon","status":"publish","type":"product","link":"https:\/\/www.vita.sk\/cs\/online-kurz-microsoft-powerpoint-tvorba-sablon\/","title":{"rendered":"Online kurz Microsoft PowerPoint &#8211; Tvorba \u0160abl\u00f3n"},"content":{"rendered":"<p>Z\u00e1kladn\u00fdm n\u00e1strojom na zabezpe\u010denie jednotn\u00e9ho korpor\u00e1tneho dizajnu v prostred\u00ed aplik\u00e1cie PowerPoint, ktor\u00fd bude v s\u00falade s grafick\u00fdm manu\u00e1lom (firemn\u00fdm vizu\u00e1lom) je \u0161abl\u00f3na. <strong>Ide o jedin\u00fd akreditovan\u00fd a certifikovan\u00fd kurz na Microsoft PowerPoint &#8211; Tvorba \u0160abl\u00f3n na Slovensku.<\/strong> Zozn\u00e1mi\u0165 sa so \u0161pecifik\u00e1ciou tvorby \u0161abl\u00f3n a pripravi\u0165 ich na \u00faskalia, na ktor\u00e9 v praxi m\u00f4\u017eu narazi\u0165. V\u00fdsledkom online kurzu Microsoft PowerPoint &#8211; Tvorba \u0160abl\u00f3n je nau\u010di\u0165 v\u00e1s vytvori\u0165 \u013eahko pou\u017eite\u013en\u00fa \u0161abl\u00f3nu, ktor\u00e1 bude ma\u0165 spr\u00e1vne definovan\u00e9 predlohy ako aj jednotliv\u00e9 rozlo\u017eenie sn\u00edmok. \u010ealej bude ma\u0165 korektne nastaven\u00e9 farebn\u00e9 sch\u00e9my, ale dotkneme sa aj rie\u0161enia konfliktn\u00fdch situ\u00e1ci\u00ed, distrib\u00facie \u0161abl\u00f3ny alebo aplik\u00e1cii novej \u0161abl\u00f3ny na existuj\u00facej prezent\u00e1cie, ktor\u00e9 pou\u017e\u00edvaj\u00fa \u0161abl\u00f3nu star\u00fa.<\/p>\n","protected":false},"excerpt":{"rendered":"<p>Z\u00e1kladn\u00fdm n\u00e1strojom na zabezpe\u010denie jednotn\u00e9ho korpor\u00e1tneho dizajnu v prostred\u00ed aplik\u00e1cie PowerPoint, ktor\u00fd bude v s\u00falade s grafick\u00fdm manu\u00e1lom (firemn\u00fdm vizu\u00e1lom) je \u0161abl\u00f3na. Ide o jedin\u00fd akreditovan\u00fd a certifikovan\u00fd kurz na Microsoft PowerPoint &#8211; Tvorba \u0160abl\u00f3n na Slovensku. Zozn\u00e1mi\u0165 sa so \u0161pecifik\u00e1ciou tvorby \u0161abl\u00f3n a pripravi\u0165 ich na \u00faskalia, na ktor\u00e9 v praxi m\u00f4\u017eu narazi\u0165.","protected":false},"author":4,"featured_media":4222,"comment_status":"open","ping_status":"closed","template":"","meta":{"_acf_changed":false},"product_brand":[],"product_cat":[66,129,73],"product_tag":[187,323],"class_list":{"0":"post-7135","1":"product","2":"type-product","3":"status-publish","4":"has-post-thumbnail","6":"product_cat-online-kurzy-kancelarske-baliky","7":"product_cat-online-kurzy-microsoft-powerpoint","8":"product_cat-bez-kategorie","9":"product_tag-kancelarske-baliky","10":"product_tag-powerpoint","12":"first","13":"instock","14":"sale","15":"sold-individually","16":"taxable","17":"shipping-taxable","18":"purchasable","19":"product-type-simple"},"yoast_head":"<!-- This site is optimized with the Yoast SEO Premium plugin v25.0 (Yoast SEO v25.0) - https:\/\/yoast.com\/wordpress\/plugins\/seo\/ -->\n<title>Online kurz Microsoft PowerPoint - Tvorba \u0160abl\u00f3n  | VITA<\/title>\n<meta name=\"description\" content=\"Z\u00e1kladn\u00fdm n\u00e1strojom na zabezpe\u010denie jednotn\u00e9ho korpor\u00e1tneho dizajnu v prostred\u00ed aplik\u00e1cie PowerPoint, ktor\u00fd bude v s\u00falade s grafick\u00fdm manu\u00e1lom (firemn\u00fdm vizu\u00e1lom) je \u0161abl\u00f3na. Zozn\u00e1mi\u0165 sa so \u0161pecifik\u00e1ciou tvorby \u0161abl\u00f3n a pripravi\u0165 ich na \u00faskalia, na ktor\u00e9 v praxi m\u00f4\u017eu narazi\u0165. V\u00fdsledkom online kurzu Microsoft PowerPoint - Tvorba \u0160abl\u00f3n je nau\u010di\u0165 \u0165a vytvori\u0165 \u013eahko pou\u017eite\u013en\u00fa \u0161abl\u00f3nu, ktor\u00e1 bude ma\u0165 spr\u00e1vne definovan\u00e9 predlohy ako aj jednotliv\u00e9 rozlo\u017eenie sn\u00edmok. \u010ealej bude ma\u0165 korektne nastaven\u00e9 farebn\u00e9 sch\u00e9my, ale dotkneme sa aj rie\u0161enia konfliktn\u00fdch situ\u00e1ci\u00ed, distrib\u00facie \u0161abl\u00f3ny alebo aplik\u00e1cii novej \u0161abl\u00f3ny na existuj\u00facej prezent\u00e1cie, ktor\u00e9 pou\u017e\u00edvaj\u00fa \u0161abl\u00f3nu star\u00fa.\" \/>\n<meta name=\"robots\" content=\"index, follow, max-snippet:-1, max-image-preview:large, max-video-preview:-1\" \/>\n<link rel=\"canonical\" href=\"https:\/\/www.vita.sk\/online-kurz-microsoft-powerpoint-tvorba-sablon\/\" \/>\n<meta property=\"og:locale\" content=\"cs_CZ\" \/>\n<meta property=\"og:type\" content=\"article\" \/>\n<meta property=\"og:title\" content=\"Online kurz Microsoft PowerPoint - Tvorba \u0160abl\u00f3n\" \/>\n<meta property=\"og:description\" content=\"Z\u00e1kladn\u00fdm n\u00e1strojom na zabezpe\u010denie jednotn\u00e9ho korpor\u00e1tneho dizajnu v prostred\u00ed aplik\u00e1cie PowerPoint, ktor\u00fd bude v s\u00falade s grafick\u00fdm manu\u00e1lom (firemn\u00fdm vizu\u00e1lom) je \u0161abl\u00f3na. Zozn\u00e1mi\u0165 sa so \u0161pecifik\u00e1ciou tvorby \u0161abl\u00f3n a pripravi\u0165 ich na \u00faskalia, na ktor\u00e9 v praxi m\u00f4\u017eu narazi\u0165. V\u00fdsledkom online kurzu Microsoft PowerPoint - Tvorba \u0160abl\u00f3n je nau\u010di\u0165 \u0165a vytvori\u0165 \u013eahko pou\u017eite\u013en\u00fa \u0161abl\u00f3nu, ktor\u00e1 bude ma\u0165 spr\u00e1vne definovan\u00e9 predlohy ako aj jednotliv\u00e9 rozlo\u017eenie sn\u00edmok. \u010ealej bude ma\u0165 korektne nastaven\u00e9 farebn\u00e9 sch\u00e9my, ale dotkneme sa aj rie\u0161enia konfliktn\u00fdch situ\u00e1ci\u00ed, distrib\u00facie \u0161abl\u00f3ny alebo aplik\u00e1cii novej \u0161abl\u00f3ny na existuj\u00facej prezent\u00e1cie, ktor\u00e9 pou\u017e\u00edvaj\u00fa \u0161abl\u00f3nu star\u00fa.\" \/>\n<meta property=\"og:url\" content=\"https:\/\/www.vita.sk\/online-kurz-microsoft-powerpoint-tvorba-sablon\/\" \/>\n<meta property=\"og:site_name\" content=\"VITA\" \/>\n<meta property=\"article:publisher\" content=\"https:\/\/www.facebook.com\/VitaAcademySK\" \/>\n<meta property=\"article:modified_time\" content=\"2024-06-07T10:39:13+00:00\" \/>\n<meta property=\"og:image\" content=\"https:\/\/www.vita.sk\/wp-content\/uploads\/2020\/11\/kurz-powerpoint.png\" \/>\n\t<meta property=\"og:image:width\" content=\"360\" \/>\n\t<meta property=\"og:image:height\" content=\"360\" \/>\n\t<meta property=\"og:image:type\" content=\"image\/png\" \/>\n<meta name=\"twitter:card\" content=\"summary_large_image\" \/>\n<meta name=\"twitter:label1\" content=\"Odhadovan\u00e1 doba \u010dten\u00ed\" \/>\n\t<meta name=\"twitter:data1\" content=\"1 minuta\" \/>\n<script type=\"application\/ld+json\" class=\"yoast-schema-graph\">{\n\t    \"@context\": \"https:\/\/schema.org\",\n\t    \"@graph\": [\n\t        {\n\t            \"@type\": \"WebPage\",\n\t            \"@id\": \"https:\/\/www.vita.sk\/online-kurz-microsoft-powerpoint-tvorba-sablon\/\",\n\t            \"url\": \"https:\/\/www.vita.sk\/online-kurz-microsoft-powerpoint-tvorba-sablon\/\",\n\t            \"name\": \"Online kurz Microsoft PowerPoint - Tvorba \u0160abl\u00f3n 2024 | VITA\",\n\t            \"isPartOf\": {\n\t                \"@id\": \"https:\/\/www.vita.sk\/#website\"\n\t            },\n\t            \"primaryImageOfPage\": {\n\t                \"@id\": \"https:\/\/www.vita.sk\/online-kurz-microsoft-powerpoint-tvorba-sablon\/#primaryimage\"\n\t            },\n\t            \"image\": {\n\t                \"@id\": \"https:\/\/www.vita.sk\/online-kurz-microsoft-powerpoint-tvorba-sablon\/#primaryimage\"\n\t            },\n\t            \"thumbnailUrl\": \"https:\/\/www.vita.sk\/wp-content\/uploads\/2020\/11\/kurz-powerpoint.png\",\n\t            \"datePublished\": \"2021-08-27T07:41:16+00:00\",\n\t            \"dateModified\": \"2024-06-07T10:39:13+00:00\",\n\t            \"description\": \"Z\u00e1kladn\u00fdm n\u00e1strojom na zabezpe\u010denie jednotn\u00e9ho korpor\u00e1tneho dizajnu v prostred\u00ed aplik\u00e1cie PowerPoint, ktor\u00fd bude v s\u00falade s grafick\u00fdm manu\u00e1lom (firemn\u00fdm vizu\u00e1lom) je \u0161abl\u00f3na. Zozn\u00e1mi\u0165 sa so \u0161pecifik\u00e1ciou tvorby \u0161abl\u00f3n a pripravi\u0165 ich na \u00faskalia, na ktor\u00e9 v praxi m\u00f4\u017eu narazi\u0165. V\u00fdsledkom online kurzu Microsoft PowerPoint - Tvorba \u0160abl\u00f3n je nau\u010di\u0165 \u0165a vytvori\u0165 \u013eahko pou\u017eite\u013en\u00fa \u0161abl\u00f3nu, ktor\u00e1 bude ma\u0165 spr\u00e1vne definovan\u00e9 predlohy ako aj jednotliv\u00e9 rozlo\u017eenie sn\u00edmok. \u010ealej bude ma\u0165 korektne nastaven\u00e9 farebn\u00e9 sch\u00e9my, ale dotkneme sa aj rie\u0161enia konfliktn\u00fdch situ\u00e1ci\u00ed, distrib\u00facie \u0161abl\u00f3ny alebo aplik\u00e1cii novej \u0161abl\u00f3ny na existuj\u00facej prezent\u00e1cie, ktor\u00e9 pou\u017e\u00edvaj\u00fa \u0161abl\u00f3nu star\u00fa.\",\n\t            \"breadcrumb\": {\n\t                \"@id\": \"https:\/\/www.vita.sk\/online-kurz-microsoft-powerpoint-tvorba-sablon\/#breadcrumb\"\n\t            },\n\t            \"inLanguage\": \"cs\",\n\t            \"potentialAction\": [\n\t                {\n\t                    \"@type\": \"ReadAction\",\n\t                    \"target\": [\n\t                        \"https:\/\/www.vita.sk\/online-kurz-microsoft-powerpoint-tvorba-sablon\/\"\n\t                    ]\n\t                }\n\t            ]\n\t        },\n\t        {\n\t            \"@type\": \"ImageObject\",\n\t            \"inLanguage\": \"cs\",\n\t            \"@id\": \"https:\/\/www.vita.sk\/online-kurz-microsoft-powerpoint-tvorba-sablon\/#primaryimage\",\n\t            \"url\": \"https:\/\/www.vita.sk\/wp-content\/uploads\/2020\/11\/kurz-powerpoint.png\",\n\t            \"contentUrl\": \"https:\/\/www.vita.sk\/wp-content\/uploads\/2020\/11\/kurz-powerpoint.png\",\n\t            \"width\": 360,\n\t            \"height\": 360,\n\t            \"caption\": \"Online kurz PowerPoint\"\n\t        },\n\t        {\n\t            \"@type\": \"BreadcrumbList\",\n\t            \"@id\": \"https:\/\/www.vita.sk\/online-kurz-microsoft-powerpoint-tvorba-sablon\/#breadcrumb\",\n\t            \"itemListElement\": [\n\t                {\n\t                    \"@type\": \"ListItem\",\n\t                    \"position\": 1,\n\t                    \"name\": \"VITA Academy\",\n\t                    \"item\": \"https:\/\/www.vita.sk\/cs\/\"\n\t                },\n\t                {\n\t                    \"@type\": \"ListItem\",\n\t                    \"position\": 2,\n\t                    \"name\": \"Shop\",\n\t                    \"item\": \"https:\/\/www.vita.sk\/shop\/\"\n\t                },\n\t                {\n\t                    \"@type\": \"ListItem\",\n\t                    \"position\": 3,\n\t                    \"name\": \"Kancel\u00e1rske Bal\u00edky\",\n\t                    \"item\": \"https:\/\/www.vita.sk\/online-kurzy-kancelarske-baliky\/\"\n\t                },\n\t                {\n\t                    \"@type\": \"ListItem\",\n\t                    \"position\": 4,\n\t                    \"name\": \"Microsoft PowerPoint\",\n\t                    \"item\": \"https:\/\/www.vita.sk\/online-kurzy-microsoft-powerpoint\/\"\n\t                },\n\t                {\n\t                    \"@type\": \"ListItem\",\n\t                    \"position\": 5,\n\t                    \"name\": \"Online kurz Microsoft PowerPoint &#8211; Tvorba \u0160abl\u00f3n\"\n\t                }\n\t            ]\n\t        },\n\t        {\n\t            \"@type\": \"WebSite\",\n\t            \"@id\": \"https:\/\/www.vita.sk\/#website\",\n\t            \"url\": \"https:\/\/www.vita.sk\/\",\n\t            \"name\": \"VITA\",\n\t            \"description\": \"\",\n\t            \"publisher\": {\n\t                \"@id\": \"https:\/\/www.vita.sk\/#organization\"\n\t            },\n\t            \"potentialAction\": [\n\t                {\n\t                    \"@type\": \"SearchAction\",\n\t                    \"target\": {\n\t                        \"@type\": \"EntryPoint\",\n\t                        \"urlTemplate\": \"https:\/\/www.vita.sk\/?s={search_term_string}\"\n\t                    },\n\t                    \"query-input\": {\n\t                        \"@type\": \"PropertyValueSpecification\",\n\t                        \"valueRequired\": true,\n\t                        \"valueName\": \"search_term_string\"\n\t                    }\n\t                }\n\t            ],\n\t            \"inLanguage\": \"cs\"\n\t        },\n\t        {\n\t            \"email\": \"admin@vita.sk\",\n\t            \"logo\": \"https:\/\/www.vita.sk\/img\/vita_logo.png \",\n\t            \"address\": {\n\t                \"type\": \"PostalAddress\",\n\t                \"streetAddress\": \"Tom\u00e1\u0161ikova 50\/A\",\n\t                \"addressLocality\": \"Bratislava\",\n\t                \"postalCode\": \"83104\",\n\t                \"addressCountry\": {\n\t                    \"name\": \"SK\",\n\t                    \"type\": \"Country\"\n\t                }\n\t            },\n\t            \"contactPoint\": {\n\t                \"type\": \"ContactPoint\",\n\t                \"telephone\": \"+421 907 375\u00a0543\",\n\t                \"Email\": \"admin@vita.sk\",\n\t                \"contactType\": \"customer service\"\n\t            },\n\t            \"sameAs\": [\n\t                \"https:\/\/www.facebook.com\/VitaAcademySK\/\",\n\t                \"https:\/\/www.linkedin.com\/company\/vita-academy\/\"\n\t            ]\n\t        }\n\t    ]\n\t}<\/script>\n<!-- \/ Yoast SEO Premium plugin. -->","yoast_head_json":{"title":"Online kurz Microsoft PowerPoint - Tvorba \u0160abl\u00f3n  | VITA","description":"Z\u00e1kladn\u00fdm n\u00e1strojom na zabezpe\u010denie jednotn\u00e9ho korpor\u00e1tneho dizajnu v prostred\u00ed aplik\u00e1cie PowerPoint, ktor\u00fd bude v s\u00falade s grafick\u00fdm manu\u00e1lom (firemn\u00fdm vizu\u00e1lom) je \u0161abl\u00f3na. Zozn\u00e1mi\u0165 sa so \u0161pecifik\u00e1ciou tvorby \u0161abl\u00f3n a pripravi\u0165 ich na \u00faskalia, na ktor\u00e9 v praxi m\u00f4\u017eu narazi\u0165. V\u00fdsledkom online kurzu Microsoft PowerPoint - Tvorba \u0160abl\u00f3n je nau\u010di\u0165 \u0165a vytvori\u0165 \u013eahko pou\u017eite\u013en\u00fa \u0161abl\u00f3nu, ktor\u00e1 bude ma\u0165 spr\u00e1vne definovan\u00e9 predlohy ako aj jednotliv\u00e9 rozlo\u017eenie sn\u00edmok. \u010ealej bude ma\u0165 korektne nastaven\u00e9 farebn\u00e9 sch\u00e9my, ale dotkneme sa aj rie\u0161enia konfliktn\u00fdch situ\u00e1ci\u00ed, distrib\u00facie \u0161abl\u00f3ny alebo aplik\u00e1cii novej \u0161abl\u00f3ny na existuj\u00facej prezent\u00e1cie, ktor\u00e9 pou\u017e\u00edvaj\u00fa \u0161abl\u00f3nu star\u00fa.","robots":{"index":"index","follow":"follow","max-snippet":"max-snippet:-1","max-image-preview":"max-image-preview:large","max-video-preview":"max-video-preview:-1"},"canonical":"https:\/\/www.vita.sk\/online-kurz-microsoft-powerpoint-tvorba-sablon\/","og_locale":"cs_CZ","og_type":"article","og_title":"Online kurz Microsoft PowerPoint - Tvorba \u0160abl\u00f3n","og_description":"Z\u00e1kladn\u00fdm n\u00e1strojom na zabezpe\u010denie jednotn\u00e9ho korpor\u00e1tneho dizajnu v prostred\u00ed aplik\u00e1cie PowerPoint, ktor\u00fd bude v s\u00falade s grafick\u00fdm manu\u00e1lom (firemn\u00fdm vizu\u00e1lom) je \u0161abl\u00f3na. Zozn\u00e1mi\u0165 sa so \u0161pecifik\u00e1ciou tvorby \u0161abl\u00f3n a pripravi\u0165 ich na \u00faskalia, na ktor\u00e9 v praxi m\u00f4\u017eu narazi\u0165. V\u00fdsledkom online kurzu Microsoft PowerPoint - Tvorba \u0160abl\u00f3n je nau\u010di\u0165 \u0165a vytvori\u0165 \u013eahko pou\u017eite\u013en\u00fa \u0161abl\u00f3nu, ktor\u00e1 bude ma\u0165 spr\u00e1vne definovan\u00e9 predlohy ako aj jednotliv\u00e9 rozlo\u017eenie sn\u00edmok. \u010ealej bude ma\u0165 korektne nastaven\u00e9 farebn\u00e9 sch\u00e9my, ale dotkneme sa aj rie\u0161enia konfliktn\u00fdch situ\u00e1ci\u00ed, distrib\u00facie \u0161abl\u00f3ny alebo aplik\u00e1cii novej \u0161abl\u00f3ny na existuj\u00facej prezent\u00e1cie, ktor\u00e9 pou\u017e\u00edvaj\u00fa \u0161abl\u00f3nu star\u00fa.","og_url":"https:\/\/www.vita.sk\/online-kurz-microsoft-powerpoint-tvorba-sablon\/","og_site_name":"VITA","article_publisher":"https:\/\/www.facebook.com\/VitaAcademySK","article_modified_time":"2024-06-07T10:39:13+00:00","og_image":[{"width":360,"height":360,"url":"https:\/\/www.vita.sk\/wp-content\/uploads\/2020\/11\/kurz-powerpoint.png","type":"image\/png"}],"twitter_card":"summary_large_image","twitter_misc":{"Odhadovan\u00e1 doba \u010dten\u00ed":"1 minuta"},"schema":{"@context":"https:\/\/schema.org","@graph":[{"@type":"WebPage","@id":"https:\/\/www.vita.sk\/online-kurz-microsoft-powerpoint-tvorba-sablon\/","url":"https:\/\/www.vita.sk\/online-kurz-microsoft-powerpoint-tvorba-sablon\/","name":"Online kurz Microsoft PowerPoint - Tvorba \u0160abl\u00f3n 2024 | VITA","isPartOf":{"@id":"https:\/\/www.vita.sk\/#website"},"primaryImageOfPage":{"@id":"https:\/\/www.vita.sk\/online-kurz-microsoft-powerpoint-tvorba-sablon\/#primaryimage"},"image":{"@id":"https:\/\/www.vita.sk\/online-kurz-microsoft-powerpoint-tvorba-sablon\/#primaryimage"},"thumbnailUrl":"https:\/\/www.vita.sk\/wp-content\/uploads\/2020\/11\/kurz-powerpoint.png","datePublished":"2021-08-27T07:41:16+00:00","dateModified":"2024-06-07T10:39:13+00:00","description":"Z\u00e1kladn\u00fdm n\u00e1strojom na zabezpe\u010denie jednotn\u00e9ho korpor\u00e1tneho dizajnu v prostred\u00ed aplik\u00e1cie PowerPoint, ktor\u00fd bude v s\u00falade s grafick\u00fdm manu\u00e1lom (firemn\u00fdm vizu\u00e1lom) je \u0161abl\u00f3na. Zozn\u00e1mi\u0165 sa so \u0161pecifik\u00e1ciou tvorby \u0161abl\u00f3n a pripravi\u0165 ich na \u00faskalia, na ktor\u00e9 v praxi m\u00f4\u017eu narazi\u0165. V\u00fdsledkom online kurzu Microsoft PowerPoint - Tvorba \u0160abl\u00f3n je nau\u010di\u0165 \u0165a vytvori\u0165 \u013eahko pou\u017eite\u013en\u00fa \u0161abl\u00f3nu, ktor\u00e1 bude ma\u0165 spr\u00e1vne definovan\u00e9 predlohy ako aj jednotliv\u00e9 rozlo\u017eenie sn\u00edmok. \u010ealej bude ma\u0165 korektne nastaven\u00e9 farebn\u00e9 sch\u00e9my, ale dotkneme sa aj rie\u0161enia konfliktn\u00fdch situ\u00e1ci\u00ed, distrib\u00facie \u0161abl\u00f3ny alebo aplik\u00e1cii novej \u0161abl\u00f3ny na existuj\u00facej prezent\u00e1cie, ktor\u00e9 pou\u017e\u00edvaj\u00fa \u0161abl\u00f3nu star\u00fa.","breadcrumb":{"@id":"https:\/\/www.vita.sk\/online-kurz-microsoft-powerpoint-tvorba-sablon\/#breadcrumb"},"inLanguage":"cs","potentialAction":[{"@type":"ReadAction","target":["https:\/\/www.vita.sk\/online-kurz-microsoft-powerpoint-tvorba-sablon\/"]}]},{"@type":"ImageObject","inLanguage":"cs","@id":"https:\/\/www.vita.sk\/online-kurz-microsoft-powerpoint-tvorba-sablon\/#primaryimage","url":"https:\/\/www.vita.sk\/wp-content\/uploads\/2020\/11\/kurz-powerpoint.png","contentUrl":"https:\/\/www.vita.sk\/wp-content\/uploads\/2020\/11\/kurz-powerpoint.png","width":360,"height":360,"caption":"Online kurz PowerPoint"},{"@type":"BreadcrumbList","@id":"https:\/\/www.vita.sk\/online-kurz-microsoft-powerpoint-tvorba-sablon\/#breadcrumb","itemListElement":[{"@type":"ListItem","position":1,"name":"VITA Academy","item":"https:\/\/www.vita.sk\/cs\/"},{"@type":"ListItem","position":2,"name":"Shop","item":"https:\/\/www.vita.sk\/shop\/"},{"@type":"ListItem","position":3,"name":"Kancel\u00e1rske Bal\u00edky","item":"https:\/\/www.vita.sk\/online-kurzy-kancelarske-baliky\/"},{"@type":"ListItem","position":4,"name":"Microsoft PowerPoint","item":"https:\/\/www.vita.sk\/online-kurzy-microsoft-powerpoint\/"},{"@type":"ListItem","position":5,"name":"Online kurz Microsoft PowerPoint &#8211; Tvorba \u0160abl\u00f3n"}]},{"@type":"WebSite","@id":"https:\/\/www.vita.sk\/#website","url":"https:\/\/www.vita.sk\/","name":"VITA","description":"","publisher":{"@id":"https:\/\/www.vita.sk\/#organization"},"potentialAction":[{"@type":"SearchAction","target":{"@type":"EntryPoint","urlTemplate":"https:\/\/www.vita.sk\/?s={search_term_string}"},"query-input":{"@type":"PropertyValueSpecification","valueRequired":true,"valueName":"search_term_string"}}],"inLanguage":"cs"},{"email":"admin@vita.sk","logo":"https:\/\/www.vita.sk\/img\/vita_logo.png ","address":{"type":"PostalAddress","streetAddress":"Tom\u00e1\u0161ikova 50\/A","addressLocality":"Bratislava","postalCode":"83104","addressCountry":{"name":"SK","type":"Country"}},"contactPoint":{"type":"ContactPoint","telephone":"+421 907 375\u00a0543","Email":"admin@vita.sk","contactType":"customer service"},"sameAs":["https:\/\/www.facebook.com\/VitaAcademySK\/","https:\/\/www.linkedin.com\/company\/vita-academy\/"]}]}},"acf":[],"_links":{"self":[{"href":"https:\/\/www.vita.sk\/cs\/wp-json\/wp\/v2\/product\/7135","targetHints":{"allow":["GET"]}}],"collection":[{"href":"https:\/\/www.vita.sk\/cs\/wp-json\/wp\/v2\/product"}],"about":[{"href":"https:\/\/www.vita.sk\/cs\/wp-json\/wp\/v2\/types\/product"}],"author":[{"embeddable":true,"href":"https:\/\/www.vita.sk\/cs\/wp-json\/wp\/v2\/users\/4"}],"replies":[{"embeddable":true,"href":"https:\/\/www.vita.sk\/cs\/wp-json\/wp\/v2\/comments?post=7135"}],"wp:featuredmedia":[{"embeddable":true,"href":"https:\/\/www.vita.sk\/cs\/wp-json\/wp\/v2\/media\/4222"}],"wp:attachment":[{"href":"https:\/\/www.vita.sk\/cs\/wp-json\/wp\/v2\/media?parent=7135"}],"wp:term":[{"taxonomy":"product_brand","embeddable":true,"href":"https:\/\/www.vita.sk\/cs\/wp-json\/wp\/v2\/product_brand?post=7135"},{"taxonomy":"product_cat","embeddable":true,"href":"https:\/\/www.vita.sk\/cs\/wp-json\/wp\/v2\/product_cat?post=7135"},{"taxonomy":"product_tag","embeddable":true,"href":"https:\/\/www.vita.sk\/cs\/wp-json\/wp\/v2\/product_tag?post=7135"}],"curies":[{"name":"wp","href":"https:\/\/api.w.org\/{rel}","templated":true}]}}