{"id":7163,"date":"2021-08-13T13:13:05","date_gmt":"2021-08-13T11:13:05","guid":{"rendered":"https:\/\/www.vita.sk\/?post_type=product&#038;p=7163"},"modified":"2025-03-03T07:40:42","modified_gmt":"2025-03-03T06:40:42","slug":"online-kurz-vedenie-ludi-a-teambuilding","status":"publish","type":"product","link":"https:\/\/www.vita.sk\/cs\/online-kurz-vedenie-ludi-a-teambuilding\/","title":{"rendered":"Online kurz Vedenie \u013dud\u00ed a Teambuilding"},"content":{"rendered":"<p data-start=\"0\" data-end=\"251\">Online kurz Vedenie \u013dud\u00ed a Teambuilding pre v\u00e1s ide\u00e1lny, ak sa chcete nau\u010di\u0165, ako efekt\u00edvne riadi\u0165 t\u00edm, organizova\u0165 pracovn\u00e9 \u00falohy a budova\u0165 motivuj\u00face pracovn\u00e9 prostredie. Kurz sa zameriava na rozvoj mana\u017e\u00e9rskych zru\u010dnost\u00ed a efekt\u00edvne vedenie t\u00edmov prostredn\u00edctvom osved\u010den\u00fdch metod\u00edk a n\u00e1strojov. \u00davodn\u00e1 \u010das\u0165 kurzu v\u00e1s obozn\u00e1mi s k\u013e\u00fa\u010dov\u00fdmi princ\u00edpmi vedenia \u013eud\u00ed a teambuildingu, pri\u010dom sa nau\u010d\u00edte aplikova\u0165 MoSCoW met\u00f3du na prioritiz\u00e1ciu \u00faloh a spr\u00e1vne nastavenie t\u00edmovej spolupr\u00e1ce. D\u00f4le\u017eitou s\u00fa\u010das\u0165ou kurzu je pr\u00e1ca na projekte, kde sa nau\u010d\u00edte, ako sa sta\u0165 efekt\u00edvnym mana\u017e\u00e9rom a ved\u00facim zamestnancom. Zist\u00edte, ak\u00e9 s\u00fa naj\u010dastej\u0161ie pr\u00ed\u010diny zlyhania projektov a ako im predch\u00e1dza\u0165 pomocou metodiky PRINCE2. Zozn\u00e1mite sa s RACI maticou, ktor\u00e1 v\u00e1m pom\u00f4\u017ee jednozna\u010dne definova\u0165 role a zodpovednosti \u010dlenov t\u00edmu. Kurz sa venuje aj organiz\u00e1cii a spr\u00e1ve zainteresovan\u00fdch str\u00e1n v projekte. Osvoj\u00edte si sp\u00f4soby efekt\u00edvneho pl\u00e1novania rol\u00ed, riadenia o\u010dak\u00e1van\u00ed a komunik\u00e1cie s \u010dlenmi t\u00edmu aj extern\u00fdmi partnermi. Vysvetl\u00ed sa d\u00f4le\u017eitos\u0165 certifik\u00e1ci\u00ed v oblasti mana\u017ementu a vedenia t\u00edmov, pri\u010dom sa dozviete, ktor\u00e9 certifik\u00e1cie s\u00fa najviac odpor\u00fa\u010dan\u00e9 pre kari\u00e9rny rast v oblasti riadenia t\u00edmov a projektov\u00e9ho mana\u017ementu. Kurz je zameran\u00fd na praktick\u00e9 aplik\u00e1cie, tak\u017ee z\u00edskate nielen teoretick\u00e9 poznatky, ale aj praktick\u00e9 n\u00e1stroje, ktor\u00e9 v\u00e1m pom\u00f4\u017eu zlep\u0161i\u0165 v\u00e1\u0161 mana\u017e\u00e9rsky \u0161t\u00fdl, zv\u00fd\u0161i\u0165 efektivitu t\u00edmu a zabezpe\u010di\u0165 \u00faspe\u0161n\u00fa realiz\u00e1ciu projektov. Ak sa chcete skuto\u010dne nau\u010di\u0165 vies\u0165 \u013eud\u00ed , tak toto je ide\u00e1lny vstupn\u00fd online kurz pre v\u00e1s.<\/p>\n","protected":false},"excerpt":{"rendered":"<p>Online kurz Vedenie \u013dud\u00ed a Teambuilding pre v\u00e1s ide\u00e1lny, ak sa chcete nau\u010di\u0165, ako efekt\u00edvne riadi\u0165 t\u00edm, organizova\u0165 pracovn\u00e9 \u00falohy a budova\u0165 motivuj\u00face pracovn\u00e9 prostredie. Kurz sa zameriava na rozvoj mana\u017e\u00e9rskych zru\u010dnost\u00ed a efekt\u00edvne vedenie t\u00edmov prostredn\u00edctvom osved\u010den\u00fdch metod\u00edk a n\u00e1strojov.","protected":false},"author":4,"featured_media":4295,"comment_status":"open","ping_status":"closed","template":"","meta":{"_acf_changed":false},"product_brand":[],"product_cat":[84,73],"product_tag":[191,327],"class_list":{"0":"post-7163","1":"product","2":"type-product","3":"status-publish","4":"has-post-thumbnail","6":"product_cat-online-kurzy-manazerske-kurzy-soft-skills","7":"product_cat-bez-kategorie","8":"product_tag-manazerske-kurzy","9":"product_tag-vedenie-ludi-a-teambuilding","11":"first","12":"instock","13":"sale","14":"sold-individually","15":"taxable","16":"shipping-taxable","17":"purchasable","18":"product-type-simple"},"yoast_head":"<!-- This site is optimized with the Yoast SEO Premium plugin v25.0 (Yoast SEO v25.0) - https:\/\/yoast.com\/wordpress\/plugins\/seo\/ -->\n<title>Online kurz Vedenie \u013dud\u00ed a Teambuilding  | VITA<\/title>\n<meta name=\"description\" content=\"V online kurze Vedenie \u013dud\u00ed a Teambuilding sa nau\u010d\u00edte efekt\u00edvne riadi\u0165 t\u00edm. Z\u00edskate praktick\u00e9 n\u00e1stroje na motiv\u00e1ciu a rozvoj \u010dlenov t\u00edmu. \u2705\" \/>\n<meta name=\"robots\" content=\"index, follow, max-snippet:-1, max-image-preview:large, max-video-preview:-1\" \/>\n<link rel=\"canonical\" href=\"https:\/\/www.vita.sk\/online-kurz-vedenie-ludi-a-teambuilding\/\" \/>\n<meta property=\"og:locale\" content=\"cs_CZ\" \/>\n<meta property=\"og:type\" content=\"article\" \/>\n<meta property=\"og:title\" content=\"Online kurz Vedenie \u013dud\u00ed a Teambuilding\" \/>\n<meta property=\"og:description\" content=\"V online kurze Vedenie \u013dud\u00ed a Teambuilding sa nau\u010d\u00edte efekt\u00edvne riadi\u0165 t\u00edm. Z\u00edskate praktick\u00e9 n\u00e1stroje na motiv\u00e1ciu a rozvoj \u010dlenov t\u00edmu. \u2705\" \/>\n<meta property=\"og:url\" content=\"https:\/\/www.vita.sk\/online-kurz-vedenie-ludi-a-teambuilding\/\" \/>\n<meta property=\"og:site_name\" content=\"VITA\" \/>\n<meta property=\"article:publisher\" content=\"https:\/\/www.facebook.com\/VitaAcademySK\" \/>\n<meta property=\"article:modified_time\" content=\"2025-03-03T06:40:42+00:00\" \/>\n<meta property=\"og:image\" content=\"https:\/\/www.vita.sk\/wp-content\/uploads\/2020\/11\/kurz-Vedenie-ludi-a-teambuilding.png\" \/>\n\t<meta property=\"og:image:width\" content=\"360\" \/>\n\t<meta property=\"og:image:height\" content=\"360\" \/>\n\t<meta property=\"og:image:type\" content=\"image\/png\" \/>\n<meta name=\"twitter:card\" content=\"summary_large_image\" \/>\n<meta name=\"twitter:label1\" content=\"Odhadovan\u00e1 doba \u010dten\u00ed\" \/>\n\t<meta name=\"twitter:data1\" content=\"2 minuty\" \/>\n<script type=\"application\/ld+json\" class=\"yoast-schema-graph\">{\n\t    \"@context\": \"https:\/\/schema.org\",\n\t    \"@graph\": [\n\t        {\n\t            \"@type\": \"WebPage\",\n\t            \"@id\": \"https:\/\/www.vita.sk\/online-kurz-vedenie-ludi-a-teambuilding\/\",\n\t            \"url\": \"https:\/\/www.vita.sk\/online-kurz-vedenie-ludi-a-teambuilding\/\",\n\t            \"name\": \"Online kurz Vedenie \u013dud\u00ed a Teambuilding 2025 | VITA\",\n\t            \"isPartOf\": {\n\t                \"@id\": \"https:\/\/www.vita.sk\/#website\"\n\t            },\n\t            \"primaryImageOfPage\": {\n\t                \"@id\": \"https:\/\/www.vita.sk\/online-kurz-vedenie-ludi-a-teambuilding\/#primaryimage\"\n\t            },\n\t            \"image\": {\n\t                \"@id\": \"https:\/\/www.vita.sk\/online-kurz-vedenie-ludi-a-teambuilding\/#primaryimage\"\n\t            },\n\t            \"thumbnailUrl\": \"https:\/\/www.vita.sk\/wp-content\/uploads\/2020\/11\/kurz-Vedenie-ludi-a-teambuilding.png\",\n\t            \"datePublished\": \"2021-08-13T11:13:05+00:00\",\n\t            \"dateModified\": \"2025-03-03T06:40:42+00:00\",\n\t            \"description\": \"V online kurze Vedenie \u013dud\u00ed a Teambuilding sa nau\u010d\u00edte efekt\u00edvne riadi\u0165 t\u00edm. Z\u00edskate praktick\u00e9 n\u00e1stroje na motiv\u00e1ciu a rozvoj \u010dlenov t\u00edmu. \u2705\",\n\t            \"breadcrumb\": {\n\t                \"@id\": \"https:\/\/www.vita.sk\/online-kurz-vedenie-ludi-a-teambuilding\/#breadcrumb\"\n\t            },\n\t            \"inLanguage\": \"cs\",\n\t            \"potentialAction\": [\n\t                {\n\t                    \"@type\": \"ReadAction\",\n\t                    \"target\": [\n\t                        \"https:\/\/www.vita.sk\/online-kurz-vedenie-ludi-a-teambuilding\/\"\n\t                    ]\n\t                }\n\t            ]\n\t        },\n\t        {\n\t            \"@type\": \"ImageObject\",\n\t            \"inLanguage\": \"cs\",\n\t            \"@id\": \"https:\/\/www.vita.sk\/online-kurz-vedenie-ludi-a-teambuilding\/#primaryimage\",\n\t            \"url\": \"https:\/\/www.vita.sk\/wp-content\/uploads\/2020\/11\/kurz-Vedenie-ludi-a-teambuilding.png\",\n\t            \"contentUrl\": \"https:\/\/www.vita.sk\/wp-content\/uploads\/2020\/11\/kurz-Vedenie-ludi-a-teambuilding.png\",\n\t            \"width\": 360,\n\t            \"height\": 360,\n\t            \"caption\": \"Online kurz Vedenie \u013dud\u00ed a Teambuilding\"\n\t        },\n\t        {\n\t            \"@type\": \"BreadcrumbList\",\n\t            \"@id\": \"https:\/\/www.vita.sk\/online-kurz-vedenie-ludi-a-teambuilding\/#breadcrumb\",\n\t            \"itemListElement\": [\n\t                {\n\t                    \"@type\": \"ListItem\",\n\t                    \"position\": 1,\n\t                    \"name\": \"VITA Academy\",\n\t                    \"item\": \"https:\/\/www.vita.sk\/cs\/\"\n\t                },\n\t                {\n\t                    \"@type\": \"ListItem\",\n\t                    \"position\": 2,\n\t                    \"name\": \"Shop\",\n\t                    \"item\": \"https:\/\/www.vita.sk\/shop\/\"\n\t                },\n\t                {\n\t                    \"@type\": \"ListItem\",\n\t                    \"position\": 3,\n\t                    \"name\": \"Mana\u017e\u00e9rske a Soft Skills Kurzy\",\n\t                    \"item\": \"https:\/\/www.vita.sk\/online-kurzy-manazerske-kurzy-soft-skills\/\"\n\t                },\n\t                {\n\t                    \"@type\": \"ListItem\",\n\t                    \"position\": 4,\n\t                    \"name\": \"Online kurz Vedenie \u013dud\u00ed a Teambuilding\"\n\t                }\n\t            ]\n\t        },\n\t        {\n\t            \"@type\": \"WebSite\",\n\t            \"@id\": \"https:\/\/www.vita.sk\/#website\",\n\t            \"url\": \"https:\/\/www.vita.sk\/\",\n\t            \"name\": \"VITA\",\n\t            \"description\": \"\",\n\t            \"publisher\": {\n\t                \"@id\": \"https:\/\/www.vita.sk\/#organization\"\n\t            },\n\t            \"potentialAction\": [\n\t                {\n\t                    \"@type\": \"SearchAction\",\n\t                    \"target\": {\n\t                        \"@type\": \"EntryPoint\",\n\t                        \"urlTemplate\": \"https:\/\/www.vita.sk\/?s={search_term_string}\"\n\t                    },\n\t                    \"query-input\": {\n\t                        \"@type\": \"PropertyValueSpecification\",\n\t                        \"valueRequired\": true,\n\t                        \"valueName\": \"search_term_string\"\n\t                    }\n\t                }\n\t            ],\n\t            \"inLanguage\": \"cs\"\n\t        },\n\t        {\n\t            \"email\": \"admin@vita.sk\",\n\t            \"logo\": \"https:\/\/www.vita.sk\/img\/vita_logo.png \",\n\t            \"address\": {\n\t                \"type\": \"PostalAddress\",\n\t                \"streetAddress\": \"Tom\u00e1\u0161ikova 50\/A\",\n\t                \"addressLocality\": \"Bratislava\",\n\t                \"postalCode\": \"83104\",\n\t                \"addressCountry\": {\n\t                    \"name\": \"SK\",\n\t                    \"type\": \"Country\"\n\t                }\n\t            },\n\t            \"contactPoint\": {\n\t                \"type\": \"ContactPoint\",\n\t                \"telephone\": \"+421 907 375\u00a0543\",\n\t                \"Email\": \"admin@vita.sk\",\n\t                \"contactType\": \"customer service\"\n\t            },\n\t            \"sameAs\": [\n\t                \"https:\/\/www.facebook.com\/VitaAcademySK\/\",\n\t                \"https:\/\/www.linkedin.com\/company\/vita-academy\/\"\n\t            ]\n\t        }\n\t    ]\n\t}<\/script>\n<!-- \/ Yoast SEO Premium plugin. -->","yoast_head_json":{"title":"Online kurz Vedenie \u013dud\u00ed a Teambuilding  | VITA","description":"V online kurze Vedenie \u013dud\u00ed a Teambuilding sa nau\u010d\u00edte efekt\u00edvne riadi\u0165 t\u00edm. Z\u00edskate praktick\u00e9 n\u00e1stroje na motiv\u00e1ciu a rozvoj \u010dlenov t\u00edmu. \u2705","robots":{"index":"index","follow":"follow","max-snippet":"max-snippet:-1","max-image-preview":"max-image-preview:large","max-video-preview":"max-video-preview:-1"},"canonical":"https:\/\/www.vita.sk\/online-kurz-vedenie-ludi-a-teambuilding\/","og_locale":"cs_CZ","og_type":"article","og_title":"Online kurz Vedenie \u013dud\u00ed a Teambuilding","og_description":"V online kurze Vedenie \u013dud\u00ed a Teambuilding sa nau\u010d\u00edte efekt\u00edvne riadi\u0165 t\u00edm. Z\u00edskate praktick\u00e9 n\u00e1stroje na motiv\u00e1ciu a rozvoj \u010dlenov t\u00edmu. \u2705","og_url":"https:\/\/www.vita.sk\/online-kurz-vedenie-ludi-a-teambuilding\/","og_site_name":"VITA","article_publisher":"https:\/\/www.facebook.com\/VitaAcademySK","article_modified_time":"2025-03-03T06:40:42+00:00","og_image":[{"width":360,"height":360,"url":"https:\/\/www.vita.sk\/wp-content\/uploads\/2020\/11\/kurz-Vedenie-ludi-a-teambuilding.png","type":"image\/png"}],"twitter_card":"summary_large_image","twitter_misc":{"Odhadovan\u00e1 doba \u010dten\u00ed":"2 minuty"},"schema":{"@context":"https:\/\/schema.org","@graph":[{"@type":"WebPage","@id":"https:\/\/www.vita.sk\/online-kurz-vedenie-ludi-a-teambuilding\/","url":"https:\/\/www.vita.sk\/online-kurz-vedenie-ludi-a-teambuilding\/","name":"Online kurz Vedenie \u013dud\u00ed a Teambuilding 2025 | VITA","isPartOf":{"@id":"https:\/\/www.vita.sk\/#website"},"primaryImageOfPage":{"@id":"https:\/\/www.vita.sk\/online-kurz-vedenie-ludi-a-teambuilding\/#primaryimage"},"image":{"@id":"https:\/\/www.vita.sk\/online-kurz-vedenie-ludi-a-teambuilding\/#primaryimage"},"thumbnailUrl":"https:\/\/www.vita.sk\/wp-content\/uploads\/2020\/11\/kurz-Vedenie-ludi-a-teambuilding.png","datePublished":"2021-08-13T11:13:05+00:00","dateModified":"2025-03-03T06:40:42+00:00","description":"V online kurze Vedenie \u013dud\u00ed a Teambuilding sa nau\u010d\u00edte efekt\u00edvne riadi\u0165 t\u00edm. Z\u00edskate praktick\u00e9 n\u00e1stroje na motiv\u00e1ciu a rozvoj \u010dlenov t\u00edmu. \u2705","breadcrumb":{"@id":"https:\/\/www.vita.sk\/online-kurz-vedenie-ludi-a-teambuilding\/#breadcrumb"},"inLanguage":"cs","potentialAction":[{"@type":"ReadAction","target":["https:\/\/www.vita.sk\/online-kurz-vedenie-ludi-a-teambuilding\/"]}]},{"@type":"ImageObject","inLanguage":"cs","@id":"https:\/\/www.vita.sk\/online-kurz-vedenie-ludi-a-teambuilding\/#primaryimage","url":"https:\/\/www.vita.sk\/wp-content\/uploads\/2020\/11\/kurz-Vedenie-ludi-a-teambuilding.png","contentUrl":"https:\/\/www.vita.sk\/wp-content\/uploads\/2020\/11\/kurz-Vedenie-ludi-a-teambuilding.png","width":360,"height":360,"caption":"Online kurz Vedenie \u013dud\u00ed a Teambuilding"},{"@type":"BreadcrumbList","@id":"https:\/\/www.vita.sk\/online-kurz-vedenie-ludi-a-teambuilding\/#breadcrumb","itemListElement":[{"@type":"ListItem","position":1,"name":"VITA Academy","item":"https:\/\/www.vita.sk\/cs\/"},{"@type":"ListItem","position":2,"name":"Shop","item":"https:\/\/www.vita.sk\/shop\/"},{"@type":"ListItem","position":3,"name":"Mana\u017e\u00e9rske a Soft Skills Kurzy","item":"https:\/\/www.vita.sk\/online-kurzy-manazerske-kurzy-soft-skills\/"},{"@type":"ListItem","position":4,"name":"Online kurz Vedenie \u013dud\u00ed a Teambuilding"}]},{"@type":"WebSite","@id":"https:\/\/www.vita.sk\/#website","url":"https:\/\/www.vita.sk\/","name":"VITA","description":"","publisher":{"@id":"https:\/\/www.vita.sk\/#organization"},"potentialAction":[{"@type":"SearchAction","target":{"@type":"EntryPoint","urlTemplate":"https:\/\/www.vita.sk\/?s={search_term_string}"},"query-input":{"@type":"PropertyValueSpecification","valueRequired":true,"valueName":"search_term_string"}}],"inLanguage":"cs"},{"email":"admin@vita.sk","logo":"https:\/\/www.vita.sk\/img\/vita_logo.png ","address":{"type":"PostalAddress","streetAddress":"Tom\u00e1\u0161ikova 50\/A","addressLocality":"Bratislava","postalCode":"83104","addressCountry":{"name":"SK","type":"Country"}},"contactPoint":{"type":"ContactPoint","telephone":"+421 907 375\u00a0543","Email":"admin@vita.sk","contactType":"customer service"},"sameAs":["https:\/\/www.facebook.com\/VitaAcademySK\/","https:\/\/www.linkedin.com\/company\/vita-academy\/"]}]}},"acf":[],"_links":{"self":[{"href":"https:\/\/www.vita.sk\/cs\/wp-json\/wp\/v2\/product\/7163","targetHints":{"allow":["GET"]}}],"collection":[{"href":"https:\/\/www.vita.sk\/cs\/wp-json\/wp\/v2\/product"}],"about":[{"href":"https:\/\/www.vita.sk\/cs\/wp-json\/wp\/v2\/types\/product"}],"author":[{"embeddable":true,"href":"https:\/\/www.vita.sk\/cs\/wp-json\/wp\/v2\/users\/4"}],"replies":[{"embeddable":true,"href":"https:\/\/www.vita.sk\/cs\/wp-json\/wp\/v2\/comments?post=7163"}],"wp:featuredmedia":[{"embeddable":true,"href":"https:\/\/www.vita.sk\/cs\/wp-json\/wp\/v2\/media\/4295"}],"wp:attachment":[{"href":"https:\/\/www.vita.sk\/cs\/wp-json\/wp\/v2\/media?parent=7163"}],"wp:term":[{"taxonomy":"product_brand","embeddable":true,"href":"https:\/\/www.vita.sk\/cs\/wp-json\/wp\/v2\/product_brand?post=7163"},{"taxonomy":"product_cat","embeddable":true,"href":"https:\/\/www.vita.sk\/cs\/wp-json\/wp\/v2\/product_cat?post=7163"},{"taxonomy":"product_tag","embeddable":true,"href":"https:\/\/www.vita.sk\/cs\/wp-json\/wp\/v2\/product_tag?post=7163"}],"curies":[{"name":"wp","href":"https:\/\/api.w.org\/{rel}","templated":true}]}}