{"id":751,"date":"2021-07-26T11:30:51","date_gmt":"2021-07-26T09:30:51","guid":{"rendered":"http:\/\/vita.sk.vps324.nameserver.sk\/?post_type=product&#038;p=751"},"modified":"2026-02-04T11:15:54","modified_gmt":"2026-02-04T10:15:54","slug":"online-kurz-windows-i-zaciatocnik","status":"publish","type":"product","link":"https:\/\/www.vita.sk\/cs\/online-kurz-windows-i-zaciatocnik\/","title":{"rendered":"Online kurz Microsoft Windows I. Za\u010diato\u010dn\u00edk"},"content":{"rendered":"<p>Online kurz Microsoft Windows I. Za\u010diato\u010dn\u00edk je pre v\u00e1s ide\u00e1lny, ak sa chcete nau\u010di\u0165 z\u00e1kladn\u00fa orient\u00e1ciu a efekt\u00edvnu pr\u00e1cu v opera\u010dnom syst\u00e9me Microsoft Windows. <strong>Ide o akreditovan\u00fd a certifikovan\u00fd kurz na Microsoft Windows<\/strong>. Zameriavame sa na pochopenie fungovania pracovnej plochy, v\u00fdznam ikon, pozadia a pr\u00e1ce s polo\u017ekou Tento po\u010d\u00edta\u010d. Osvoj\u00edme si z\u00e1kladn\u00e9 princ\u00edpy pou\u017e\u00edvania desktopu a jeho prisp\u00f4sobenia pod\u013ea vlastn\u00fdch potrieb vr\u00e1tane nastavenia zobrazenia ikon, rozl\u00ed\u0161enia obrazovky, mierky a jasu. Nau\u010d\u00edme sa spr\u00e1vne pracova\u0165 s obrazovkou a efekt\u00edvne vyu\u017e\u00edva\u0165 dostupn\u00e9 mo\u017enosti zobrazenia v syst\u00e9me Windows. Venujeme sa kl\u00e1vesov\u00fdm skratk\u00e1m, emotikonom a symbolom, ktor\u00e9 v\u00fdrazne zr\u00fdch\u013euj\u00fa ka\u017edodenn\u00fa pr\u00e1cu. Z\u00edskame preh\u013ead o najpou\u017e\u00edvanej\u0161\u00edch skratk\u00e1ch vhodn\u00fdch pre za\u010diato\u010dn\u00edkov. Podrobne si osvoj\u00edme pr\u00e1cu s panelom \u00faloh, prep\u00ednanie jazykov, nastavenia kl\u00e1vesnice a syst\u00e9mov\u00fdch n\u00e1strojov. Nau\u010d\u00edme sa orientova\u0165 v ponuke \u0160tart, prip\u00edna\u0165 programy a efekt\u00edvne sp\u00fa\u0161\u0165a\u0165 aplik\u00e1cie. Zameriame sa na spr\u00e1vu aplik\u00e1ci\u00ed, in\u0161tal\u00e1ciu programov a pou\u017e\u00edvanie Microsoft Store. Z\u00edskame z\u00e1kladn\u00e9 zru\u010dnosti v pr\u00e1ci s diskami, prie\u010dinkami, \u010disten\u00edm syst\u00e9mu a pochopen\u00ed z\u00e1kladn\u00fdch syst\u00e9mov\u00fdch funkci\u00ed Windows. Ak sa chcete skuto\u010dne nau\u010di\u0165 pracova\u0165 so syst\u00e9mom Microsoft Windows a sta\u0165 sa samostatn\u00fdm a ist\u00fdm pou\u017e\u00edvate\u013eom po\u010d\u00edta\u010da, tak toto je ide\u00e1lny online kurz pre v\u00e1s.<\/p>\n","protected":false},"excerpt":{"rendered":"<p data-start=\"0\" data-end=\"376\">Online kurz Microsoft Windows I. Za\u010diato\u010dn\u00edk je ur\u010den\u00fd pre za\u010diato\u010dn\u00edkov, ktor\u00ed sa chc\u00fa nau\u010di\u0165 z\u00e1kladn\u00fa orient\u00e1ciu, nastavenia a efekt\u00edvnu pr\u00e1cu v opera\u010dnom syst\u00e9me Microsoft Windows.","protected":false},"author":4,"featured_media":929,"comment_status":"open","ping_status":"closed","template":"","meta":{"_acf_changed":false},"product_brand":[],"product_cat":[98,96,73],"product_tag":[196,203],"class_list":{"0":"post-751","1":"product","2":"type-product","3":"status-publish","4":"has-post-thumbnail","6":"product_cat-online-kurzy-microsoft-windows","7":"product_cat-online-kurzy-operacne-systemy","8":"product_cat-bez-kategorie","9":"product_tag-operacne-systemy","10":"product_tag-windows","12":"first","13":"instock","14":"sale","15":"sold-individually","16":"taxable","17":"shipping-taxable","18":"purchasable","19":"product-type-simple"},"yoast_head":"<!-- This site is optimized with the Yoast SEO Premium plugin v25.0 (Yoast SEO v25.0) - https:\/\/yoast.com\/wordpress\/plugins\/seo\/ -->\n<title>Online kurz Microsoft Windows pre za\u010diato\u010dn\u00edkov 2026 | VITA<\/title>\n<meta name=\"description\" content=\"V online kurze Microsoft Windows pre za\u010diato\u010dn\u00edkov v\u00e1s nau\u010d\u00edme perfektne orientova\u0165 v najroz\u0161\u00edrenej\u0161om opera\u010dnom syst\u00e9me Windows a pou\u017ei\u0165 ho \u2705.\" \/>\n<meta name=\"robots\" content=\"index, follow, max-snippet:-1, max-image-preview:large, max-video-preview:-1\" \/>\n<link rel=\"canonical\" href=\"https:\/\/www.vita.sk\/online-kurz-windows-i-zaciatocnik\/\" \/>\n<meta property=\"og:locale\" content=\"cs_CZ\" \/>\n<meta property=\"og:type\" content=\"article\" \/>\n<meta property=\"og:title\" content=\"Online kurz Microsoft Windows I. Za\u010diato\u010dn\u00edk\" \/>\n<meta property=\"og:description\" content=\"V online kurze Microsoft Windows pre za\u010diato\u010dn\u00edkov v\u00e1s nau\u010d\u00edme perfektne orientova\u0165 v najroz\u0161\u00edrenej\u0161om opera\u010dnom syst\u00e9me Windows a pou\u017ei\u0165 ho \u2705.\" \/>\n<meta property=\"og:url\" content=\"https:\/\/www.vita.sk\/online-kurz-windows-i-zaciatocnik\/\" \/>\n<meta property=\"og:site_name\" content=\"VITA\" \/>\n<meta property=\"article:publisher\" content=\"https:\/\/www.facebook.com\/VitaAcademySK\" \/>\n<meta property=\"article:modified_time\" content=\"2026-02-04T10:15:54+00:00\" \/>\n<meta property=\"og:image\" content=\"https:\/\/www.vita.sk\/wp-content\/uploads\/2019\/07\/Windows-1.png\" \/>\n\t<meta property=\"og:image:width\" content=\"360\" \/>\n\t<meta property=\"og:image:height\" content=\"360\" \/>\n\t<meta property=\"og:image:type\" content=\"image\/png\" \/>\n<meta name=\"twitter:card\" content=\"summary_large_image\" \/>\n<meta name=\"twitter:label1\" content=\"Odhadovan\u00e1 doba \u010dten\u00ed\" \/>\n\t<meta name=\"twitter:data1\" content=\"2 minuty\" \/>\n<script type=\"application\/ld+json\" class=\"yoast-schema-graph\">{\n\t    \"@context\": \"https:\/\/schema.org\",\n\t    \"@graph\": [\n\t        {\n\t            \"@type\": \"WebPage\",\n\t            \"@id\": \"https:\/\/www.vita.sk\/online-kurz-windows-i-zaciatocnik\/\",\n\t            \"url\": \"https:\/\/www.vita.sk\/online-kurz-windows-i-zaciatocnik\/\",\n\t            \"name\": \"Online kurz Microsoft Windows pre za\u010diato\u010dn\u00edkov {Y} | VITA\",\n\t            \"isPartOf\": {\n\t                \"@id\": \"https:\/\/www.vita.sk\/#website\"\n\t            },\n\t            \"primaryImageOfPage\": {\n\t                \"@id\": \"https:\/\/www.vita.sk\/online-kurz-windows-i-zaciatocnik\/#primaryimage\"\n\t            },\n\t            \"image\": {\n\t                \"@id\": \"https:\/\/www.vita.sk\/online-kurz-windows-i-zaciatocnik\/#primaryimage\"\n\t            },\n\t            \"thumbnailUrl\": \"https:\/\/www.vita.sk\/wp-content\/uploads\/2019\/07\/Windows-1.png\",\n\t            \"datePublished\": \"2021-07-26T09:30:51+00:00\",\n\t            \"dateModified\": \"2026-02-04T10:15:54+00:00\",\n\t            \"description\": \"V online kurze Microsoft Windows pre za\u010diato\u010dn\u00edkov v\u00e1s nau\u010d\u00edme perfektne orientova\u0165 v najroz\u0161\u00edrenej\u0161om opera\u010dnom syst\u00e9me Windows a pou\u017ei\u0165 ho \u2705.\",\n\t            \"breadcrumb\": {\n\t                \"@id\": \"https:\/\/www.vita.sk\/online-kurz-windows-i-zaciatocnik\/#breadcrumb\"\n\t            },\n\t            \"inLanguage\": \"cs\",\n\t            \"potentialAction\": [\n\t                {\n\t                    \"@type\": \"ReadAction\",\n\t                    \"target\": [\n\t                        \"https:\/\/www.vita.sk\/online-kurz-windows-i-zaciatocnik\/\"\n\t                    ]\n\t                }\n\t            ]\n\t        },\n\t        {\n\t            \"@type\": \"ImageObject\",\n\t            \"inLanguage\": \"cs\",\n\t            \"@id\": \"https:\/\/www.vita.sk\/online-kurz-windows-i-zaciatocnik\/#primaryimage\",\n\t            \"url\": \"https:\/\/www.vita.sk\/wp-content\/uploads\/2019\/07\/Windows-1.png\",\n\t            \"contentUrl\": \"https:\/\/www.vita.sk\/wp-content\/uploads\/2019\/07\/Windows-1.png\",\n\t            \"width\": 360,\n\t            \"height\": 360,\n\t            \"caption\": \"Online kurz Windows\"\n\t        },\n\t        {\n\t            \"@type\": \"BreadcrumbList\",\n\t            \"@id\": \"https:\/\/www.vita.sk\/online-kurz-windows-i-zaciatocnik\/#breadcrumb\",\n\t            \"itemListElement\": [\n\t                {\n\t                    \"@type\": \"ListItem\",\n\t                    \"position\": 1,\n\t                    \"name\": \"VITA Academy\",\n\t                    \"item\": \"https:\/\/www.vita.sk\/cs\/\"\n\t                },\n\t                {\n\t                    \"@type\": \"ListItem\",\n\t                    \"position\": 2,\n\t                    \"name\": \"Shop\",\n\t                    \"item\": \"https:\/\/www.vita.sk\/shop\/\"\n\t                },\n\t                {\n\t                    \"@type\": \"ListItem\",\n\t                    \"position\": 3,\n\t                    \"name\": \"Opera\u010dn\u00e9 Syst\u00e9my\",\n\t                    \"item\": \"https:\/\/www.vita.sk\/online-kurzy-operacne-systemy\/\"\n\t                },\n\t                {\n\t                    \"@type\": \"ListItem\",\n\t                    \"position\": 4,\n\t                    \"name\": \"Microsoft Windows\",\n\t                    \"item\": \"https:\/\/www.vita.sk\/online-kurzy-microsoft-windows\/\"\n\t                },\n\t                {\n\t                    \"@type\": \"ListItem\",\n\t                    \"position\": 5,\n\t                    \"name\": \"Online kurz Microsoft Windows I. Za\u010diato\u010dn\u00edk\"\n\t                }\n\t            ]\n\t        },\n\t        {\n\t            \"@type\": \"WebSite\",\n\t            \"@id\": \"https:\/\/www.vita.sk\/#website\",\n\t            \"url\": \"https:\/\/www.vita.sk\/\",\n\t            \"name\": \"VITA\",\n\t            \"description\": \"\",\n\t            \"publisher\": {\n\t                \"@id\": \"https:\/\/www.vita.sk\/#organization\"\n\t            },\n\t            \"potentialAction\": [\n\t                {\n\t                    \"@type\": \"SearchAction\",\n\t                    \"target\": {\n\t                        \"@type\": \"EntryPoint\",\n\t                        \"urlTemplate\": \"https:\/\/www.vita.sk\/?s={search_term_string}\"\n\t                    },\n\t                    \"query-input\": {\n\t                        \"@type\": \"PropertyValueSpecification\",\n\t                        \"valueRequired\": true,\n\t                        \"valueName\": \"search_term_string\"\n\t                    }\n\t                }\n\t            ],\n\t            \"inLanguage\": \"cs\"\n\t        },\n\t        {\n\t            \"email\": \"admin@vita.sk\",\n\t            \"logo\": \"https:\/\/www.vita.sk\/img\/vita_logo.png \",\n\t            \"address\": {\n\t                \"type\": \"PostalAddress\",\n\t                \"streetAddress\": \"Tom\u00e1\u0161ikova 50\/A\",\n\t                \"addressLocality\": \"Bratislava\",\n\t                \"postalCode\": \"83104\",\n\t                \"addressCountry\": {\n\t                    \"name\": \"SK\",\n\t                    \"type\": \"Country\"\n\t                }\n\t            },\n\t            \"contactPoint\": {\n\t                \"type\": \"ContactPoint\",\n\t                \"telephone\": \"+421 907 375\u00a0543\",\n\t                \"Email\": \"admin@vita.sk\",\n\t                \"contactType\": \"customer service\"\n\t            },\n\t            \"sameAs\": [\n\t                \"https:\/\/www.facebook.com\/VitaAcademySK\/\",\n\t                \"https:\/\/www.linkedin.com\/company\/vita-academy\/\"\n\t            ]\n\t        }\n\t    ]\n\t}<\/script>\n<!-- \/ Yoast SEO Premium plugin. -->","yoast_head_json":{"title":"Online kurz Microsoft Windows pre za\u010diato\u010dn\u00edkov 2026 | VITA","description":"V online kurze Microsoft Windows pre za\u010diato\u010dn\u00edkov v\u00e1s nau\u010d\u00edme perfektne orientova\u0165 v najroz\u0161\u00edrenej\u0161om opera\u010dnom syst\u00e9me Windows a pou\u017ei\u0165 ho \u2705.","robots":{"index":"index","follow":"follow","max-snippet":"max-snippet:-1","max-image-preview":"max-image-preview:large","max-video-preview":"max-video-preview:-1"},"canonical":"https:\/\/www.vita.sk\/online-kurz-windows-i-zaciatocnik\/","og_locale":"cs_CZ","og_type":"article","og_title":"Online kurz Microsoft Windows I. Za\u010diato\u010dn\u00edk","og_description":"V online kurze Microsoft Windows pre za\u010diato\u010dn\u00edkov v\u00e1s nau\u010d\u00edme perfektne orientova\u0165 v najroz\u0161\u00edrenej\u0161om opera\u010dnom syst\u00e9me Windows a pou\u017ei\u0165 ho \u2705.","og_url":"https:\/\/www.vita.sk\/online-kurz-windows-i-zaciatocnik\/","og_site_name":"VITA","article_publisher":"https:\/\/www.facebook.com\/VitaAcademySK","article_modified_time":"2026-02-04T10:15:54+00:00","og_image":[{"width":360,"height":360,"url":"https:\/\/www.vita.sk\/wp-content\/uploads\/2019\/07\/Windows-1.png","type":"image\/png"}],"twitter_card":"summary_large_image","twitter_misc":{"Odhadovan\u00e1 doba \u010dten\u00ed":"2 minuty"},"schema":{"@context":"https:\/\/schema.org","@graph":[{"@type":"WebPage","@id":"https:\/\/www.vita.sk\/online-kurz-windows-i-zaciatocnik\/","url":"https:\/\/www.vita.sk\/online-kurz-windows-i-zaciatocnik\/","name":"Online kurz Microsoft Windows pre za\u010diato\u010dn\u00edkov {Y} | VITA","isPartOf":{"@id":"https:\/\/www.vita.sk\/#website"},"primaryImageOfPage":{"@id":"https:\/\/www.vita.sk\/online-kurz-windows-i-zaciatocnik\/#primaryimage"},"image":{"@id":"https:\/\/www.vita.sk\/online-kurz-windows-i-zaciatocnik\/#primaryimage"},"thumbnailUrl":"https:\/\/www.vita.sk\/wp-content\/uploads\/2019\/07\/Windows-1.png","datePublished":"2021-07-26T09:30:51+00:00","dateModified":"2026-02-04T10:15:54+00:00","description":"V online kurze Microsoft Windows pre za\u010diato\u010dn\u00edkov v\u00e1s nau\u010d\u00edme perfektne orientova\u0165 v najroz\u0161\u00edrenej\u0161om opera\u010dnom syst\u00e9me Windows a pou\u017ei\u0165 ho \u2705.","breadcrumb":{"@id":"https:\/\/www.vita.sk\/online-kurz-windows-i-zaciatocnik\/#breadcrumb"},"inLanguage":"cs","potentialAction":[{"@type":"ReadAction","target":["https:\/\/www.vita.sk\/online-kurz-windows-i-zaciatocnik\/"]}]},{"@type":"ImageObject","inLanguage":"cs","@id":"https:\/\/www.vita.sk\/online-kurz-windows-i-zaciatocnik\/#primaryimage","url":"https:\/\/www.vita.sk\/wp-content\/uploads\/2019\/07\/Windows-1.png","contentUrl":"https:\/\/www.vita.sk\/wp-content\/uploads\/2019\/07\/Windows-1.png","width":360,"height":360,"caption":"Online kurz Windows"},{"@type":"BreadcrumbList","@id":"https:\/\/www.vita.sk\/online-kurz-windows-i-zaciatocnik\/#breadcrumb","itemListElement":[{"@type":"ListItem","position":1,"name":"VITA Academy","item":"https:\/\/www.vita.sk\/cs\/"},{"@type":"ListItem","position":2,"name":"Shop","item":"https:\/\/www.vita.sk\/shop\/"},{"@type":"ListItem","position":3,"name":"Opera\u010dn\u00e9 Syst\u00e9my","item":"https:\/\/www.vita.sk\/online-kurzy-operacne-systemy\/"},{"@type":"ListItem","position":4,"name":"Microsoft Windows","item":"https:\/\/www.vita.sk\/online-kurzy-microsoft-windows\/"},{"@type":"ListItem","position":5,"name":"Online kurz Microsoft Windows I. Za\u010diato\u010dn\u00edk"}]},{"@type":"WebSite","@id":"https:\/\/www.vita.sk\/#website","url":"https:\/\/www.vita.sk\/","name":"VITA","description":"","publisher":{"@id":"https:\/\/www.vita.sk\/#organization"},"potentialAction":[{"@type":"SearchAction","target":{"@type":"EntryPoint","urlTemplate":"https:\/\/www.vita.sk\/?s={search_term_string}"},"query-input":{"@type":"PropertyValueSpecification","valueRequired":true,"valueName":"search_term_string"}}],"inLanguage":"cs"},{"email":"admin@vita.sk","logo":"https:\/\/www.vita.sk\/img\/vita_logo.png ","address":{"type":"PostalAddress","streetAddress":"Tom\u00e1\u0161ikova 50\/A","addressLocality":"Bratislava","postalCode":"83104","addressCountry":{"name":"SK","type":"Country"}},"contactPoint":{"type":"ContactPoint","telephone":"+421 907 375\u00a0543","Email":"admin@vita.sk","contactType":"customer service"},"sameAs":["https:\/\/www.facebook.com\/VitaAcademySK\/","https:\/\/www.linkedin.com\/company\/vita-academy\/"]}]}},"acf":[],"_links":{"self":[{"href":"https:\/\/www.vita.sk\/cs\/wp-json\/wp\/v2\/product\/751","targetHints":{"allow":["GET"]}}],"collection":[{"href":"https:\/\/www.vita.sk\/cs\/wp-json\/wp\/v2\/product"}],"about":[{"href":"https:\/\/www.vita.sk\/cs\/wp-json\/wp\/v2\/types\/product"}],"author":[{"embeddable":true,"href":"https:\/\/www.vita.sk\/cs\/wp-json\/wp\/v2\/users\/4"}],"replies":[{"embeddable":true,"href":"https:\/\/www.vita.sk\/cs\/wp-json\/wp\/v2\/comments?post=751"}],"wp:featuredmedia":[{"embeddable":true,"href":"https:\/\/www.vita.sk\/cs\/wp-json\/wp\/v2\/media\/929"}],"wp:attachment":[{"href":"https:\/\/www.vita.sk\/cs\/wp-json\/wp\/v2\/media?parent=751"}],"wp:term":[{"taxonomy":"product_brand","embeddable":true,"href":"https:\/\/www.vita.sk\/cs\/wp-json\/wp\/v2\/product_brand?post=751"},{"taxonomy":"product_cat","embeddable":true,"href":"https:\/\/www.vita.sk\/cs\/wp-json\/wp\/v2\/product_cat?post=751"},{"taxonomy":"product_tag","embeddable":true,"href":"https:\/\/www.vita.sk\/cs\/wp-json\/wp\/v2\/product_tag?post=751"}],"curies":[{"name":"wp","href":"https:\/\/api.w.org\/{rel}","templated":true}]}}