{"id":765,"date":"2021-07-26T14:12:32","date_gmt":"2021-07-26T12:12:32","guid":{"rendered":"http:\/\/vita.sk.vps324.nameserver.sk\/?post_type=product&#038;p=765"},"modified":"2024-06-05T14:48:20","modified_gmt":"2024-06-05T12:48:20","slug":"online-kurz-java-iv-pokrocily","status":"publish","type":"product","link":"https:\/\/www.vita.sk\/cs\/online-kurz-java-iv-pokrocily\/","title":{"rendered":"Online kurz Java IV. Pokro\u010dil\u00fd"},"content":{"rendered":"<p>Online kurz Java IV. Pokro\u010dil\u00fd je ur\u010den\u00fd pre v\u00e1s, ak sa chcete nau\u010di\u0165 programova\u0165 v jazyku Java. <strong>Ide o jedin\u00fd akreditovan\u00fd a certifikovan\u00fd kurz na programovac\u00ed jazyk Java na Slovensku. <\/strong>Nau\u010d\u00edme v\u00e1s vstupno-v\u00fdstupn\u00e9 oper\u00e1cie, \u010do s\u00fa to pr\u00fady a vyu\u017e\u00edva\u0165 ich. Prevedieme v\u00e1s \u00favodom do viacvl\u00e1knov\u00e9ho programovania, aj met\u00f3dami synchroniz\u00e1cie. Vyu\u017e\u00edva\u0165 pr\u00edkaz synchronized a met\u00f3dy komunik\u00e1cie s vl\u00e1knom bude pre v\u00e1s samozrejmos\u0165ou. Nau\u010d\u00edme v\u00e1s tie\u017e realizova\u0165 automatick\u00e9 zaba\u013eovanie, statick\u00e9 importy a anot\u00e1cie. V z\u00e1vere kurzu v\u00e1s obozn\u00e1mime s generick\u00fdmi typmi. Ako absolvent kurzu Java IV. Pokro\u010dil\u00fd zvl\u00e1dnete vytv\u00e1ra\u0165 Java aplik\u00e1cie pokro\u010dilej\u0161\u00edmi met\u00f3dami. Ak sa chcete skuto\u010dne nau\u010di\u0165 pou\u017e\u00edva\u0165 programovac\u00ed jazyk Java, tak toto je ide\u00e1lny online kurz pre v\u00e1s.<\/p>\n","protected":false},"excerpt":{"rendered":"<p>Online kurz Java IV. Pokro\u010dil\u00fd je ur\u010den\u00fd pre v\u00e1s, ak sa chcete nau\u010di\u0165 programova\u0165 v jazyku Java. Ide o jedin\u00fd akreditovan\u00fd a certifikovan\u00fd kurz na programovac\u00ed jazyk Java na Slovensku. Nau\u010d\u00edme v\u00e1s vstupno-v\u00fdstupn\u00e9 oper\u00e1cie, \u010do s\u00fa to pr\u00fady a vyu\u017e\u00edva\u0165 ich. Prevedieme v\u00e1s \u00favodom do viacvl\u00e1knov\u00e9ho programovania, aj met\u00f3dami synchroniz\u00e1cie.","protected":false},"author":4,"featured_media":950,"comment_status":"open","ping_status":"closed","template":"","meta":{"_acf_changed":false},"product_brand":[],"product_cat":[103,99,73],"product_tag":[189,192],"class_list":{"0":"post-765","1":"product","2":"type-product","3":"status-publish","4":"has-post-thumbnail","6":"product_cat-online-kurzy-java","7":"product_cat-online-kurzy-programovacie-jazyky","8":"product_cat-bez-kategorie","9":"product_tag-programovacie-jazyky","10":"product_tag-java","12":"first","13":"instock","14":"sale","15":"sold-individually","16":"taxable","17":"shipping-taxable","18":"purchasable","19":"product-type-simple"},"yoast_head":"<!-- This site is optimized with the Yoast SEO Premium plugin v25.0 (Yoast SEO v25.0) - https:\/\/yoast.com\/wordpress\/plugins\/seo\/ -->\n<title>Online kurz Java IV. Pokro\u010dil\u00fd  | VITA<\/title>\n<meta name=\"description\" content=\"V online kurze Java pre pokro\u010dil\u00fdch 2020 sa nau\u010di\u0161 vstupno-v\u00fdstupn\u00e9 oper\u00e1cie, \u010do s\u00fa to pr\u00fady a\u00a0vyu\u017e\u00edva\u0165 ich. Prevedieme \u0165a \u00favodom viacvl\u00e1knov\u00e9ho programovania.\" \/>\n<meta name=\"robots\" content=\"index, follow, max-snippet:-1, max-image-preview:large, max-video-preview:-1\" \/>\n<link rel=\"canonical\" href=\"https:\/\/www.vita.sk\/online-kurz-java-iv-pokrocily\/\" \/>\n<meta property=\"og:locale\" content=\"cs_CZ\" \/>\n<meta property=\"og:type\" content=\"article\" \/>\n<meta property=\"og:title\" content=\"Online kurz Java IV. Pokro\u010dil\u00fd\" \/>\n<meta property=\"og:description\" content=\"V online kurze Java pre pokro\u010dil\u00fdch 2020 sa nau\u010di\u0161 vstupno-v\u00fdstupn\u00e9 oper\u00e1cie, \u010do s\u00fa to pr\u00fady a\u00a0vyu\u017e\u00edva\u0165 ich. Prevedieme \u0165a \u00favodom viacvl\u00e1knov\u00e9ho programovania.\" \/>\n<meta property=\"og:url\" content=\"https:\/\/www.vita.sk\/online-kurz-java-iv-pokrocily\/\" \/>\n<meta property=\"og:site_name\" content=\"VITA\" \/>\n<meta property=\"article:publisher\" content=\"https:\/\/www.facebook.com\/VitaAcademySK\" \/>\n<meta property=\"article:modified_time\" content=\"2024-06-05T12:48:20+00:00\" \/>\n<meta property=\"og:image\" content=\"https:\/\/www.vita.sk\/wp-content\/uploads\/2019\/07\/java-2.png\" \/>\n\t<meta property=\"og:image:width\" content=\"360\" \/>\n\t<meta property=\"og:image:height\" content=\"360\" \/>\n\t<meta property=\"og:image:type\" content=\"image\/png\" \/>\n<meta name=\"twitter:card\" content=\"summary_large_image\" \/>\n<meta name=\"twitter:label1\" content=\"Odhadovan\u00e1 doba \u010dten\u00ed\" \/>\n\t<meta name=\"twitter:data1\" content=\"1 minuta\" \/>\n<script type=\"application\/ld+json\" class=\"yoast-schema-graph\">{\n\t    \"@context\": \"https:\/\/schema.org\",\n\t    \"@graph\": [\n\t        {\n\t            \"@type\": \"WebPage\",\n\t            \"@id\": \"https:\/\/www.vita.sk\/online-kurz-java-iv-pokrocily\/\",\n\t            \"url\": \"https:\/\/www.vita.sk\/online-kurz-java-iv-pokrocily\/\",\n\t            \"name\": \"Online kurz Java IV. Pokro\u010dil\u00fd 2023 | VITA\",\n\t            \"isPartOf\": {\n\t                \"@id\": \"https:\/\/www.vita.sk\/#website\"\n\t            },\n\t            \"primaryImageOfPage\": {\n\t                \"@id\": \"https:\/\/www.vita.sk\/online-kurz-java-iv-pokrocily\/#primaryimage\"\n\t            },\n\t            \"image\": {\n\t                \"@id\": \"https:\/\/www.vita.sk\/online-kurz-java-iv-pokrocily\/#primaryimage\"\n\t            },\n\t            \"thumbnailUrl\": \"https:\/\/www.vita.sk\/wp-content\/uploads\/2019\/07\/java-2.png\",\n\t            \"datePublished\": \"2021-07-26T12:12:32+00:00\",\n\t            \"dateModified\": \"2024-06-05T12:48:20+00:00\",\n\t            \"description\": \"V online kurze Java pre pokro\u010dil\u00fdch 2020 sa nau\u010di\u0161 vstupno-v\u00fdstupn\u00e9 oper\u00e1cie, \u010do s\u00fa to pr\u00fady a\u00a0vyu\u017e\u00edva\u0165 ich. Prevedieme \u0165a \u00favodom viacvl\u00e1knov\u00e9ho programovania.\",\n\t            \"breadcrumb\": {\n\t                \"@id\": \"https:\/\/www.vita.sk\/online-kurz-java-iv-pokrocily\/#breadcrumb\"\n\t            },\n\t            \"inLanguage\": \"cs\",\n\t            \"potentialAction\": [\n\t                {\n\t                    \"@type\": \"ReadAction\",\n\t                    \"target\": [\n\t                        \"https:\/\/www.vita.sk\/online-kurz-java-iv-pokrocily\/\"\n\t                    ]\n\t                }\n\t            ]\n\t        },\n\t        {\n\t            \"@type\": \"ImageObject\",\n\t            \"inLanguage\": \"cs\",\n\t            \"@id\": \"https:\/\/www.vita.sk\/online-kurz-java-iv-pokrocily\/#primaryimage\",\n\t            \"url\": \"https:\/\/www.vita.sk\/wp-content\/uploads\/2019\/07\/java-2.png\",\n\t            \"contentUrl\": \"https:\/\/www.vita.sk\/wp-content\/uploads\/2019\/07\/java-2.png\",\n\t            \"width\": 360,\n\t            \"height\": 360,\n\t            \"caption\": \"Online kurz Java\"\n\t        },\n\t        {\n\t            \"@type\": \"BreadcrumbList\",\n\t            \"@id\": \"https:\/\/www.vita.sk\/online-kurz-java-iv-pokrocily\/#breadcrumb\",\n\t            \"itemListElement\": [\n\t                {\n\t                    \"@type\": \"ListItem\",\n\t                    \"position\": 1,\n\t                    \"name\": \"VITA Academy\",\n\t                    \"item\": \"https:\/\/www.vita.sk\/cs\/\"\n\t                },\n\t                {\n\t                    \"@type\": \"ListItem\",\n\t                    \"position\": 2,\n\t                    \"name\": \"Shop\",\n\t                    \"item\": \"https:\/\/www.vita.sk\/shop\/\"\n\t                },\n\t                {\n\t                    \"@type\": \"ListItem\",\n\t                    \"position\": 3,\n\t                    \"name\": \"Programovacie Jazyky\",\n\t                    \"item\": \"https:\/\/www.vita.sk\/online-kurzy-programovacie-jazyky\/\"\n\t                },\n\t                {\n\t                    \"@type\": \"ListItem\",\n\t                    \"position\": 4,\n\t                    \"name\": \"Java\",\n\t                    \"item\": \"https:\/\/www.vita.sk\/online-kurzy-java\/\"\n\t                },\n\t                {\n\t                    \"@type\": \"ListItem\",\n\t                    \"position\": 5,\n\t                    \"name\": \"Online kurz Java IV. Pokro\u010dil\u00fd\"\n\t                }\n\t            ]\n\t        },\n\t        {\n\t            \"@type\": \"WebSite\",\n\t            \"@id\": \"https:\/\/www.vita.sk\/#website\",\n\t            \"url\": \"https:\/\/www.vita.sk\/\",\n\t            \"name\": \"VITA\",\n\t            \"description\": \"\",\n\t            \"publisher\": {\n\t                \"@id\": \"https:\/\/www.vita.sk\/#organization\"\n\t            },\n\t            \"potentialAction\": [\n\t                {\n\t                    \"@type\": \"SearchAction\",\n\t                    \"target\": {\n\t                        \"@type\": \"EntryPoint\",\n\t                        \"urlTemplate\": \"https:\/\/www.vita.sk\/?s={search_term_string}\"\n\t                    },\n\t                    \"query-input\": {\n\t                        \"@type\": \"PropertyValueSpecification\",\n\t                        \"valueRequired\": true,\n\t                        \"valueName\": \"search_term_string\"\n\t                    }\n\t                }\n\t            ],\n\t            \"inLanguage\": \"cs\"\n\t        },\n\t        {\n\t            \"email\": \"admin@vita.sk\",\n\t            \"logo\": \"https:\/\/www.vita.sk\/img\/vita_logo.png \",\n\t            \"address\": {\n\t                \"type\": \"PostalAddress\",\n\t                \"streetAddress\": \"Tom\u00e1\u0161ikova 50\/A\",\n\t                \"addressLocality\": \"Bratislava\",\n\t                \"postalCode\": \"83104\",\n\t                \"addressCountry\": {\n\t                    \"name\": \"SK\",\n\t                    \"type\": \"Country\"\n\t                }\n\t            },\n\t            \"contactPoint\": {\n\t                \"type\": \"ContactPoint\",\n\t                \"telephone\": \"+421 907 375\u00a0543\",\n\t                \"Email\": \"admin@vita.sk\",\n\t                \"contactType\": \"customer service\"\n\t            },\n\t            \"sameAs\": [\n\t                \"https:\/\/www.facebook.com\/VitaAcademySK\/\",\n\t                \"https:\/\/www.linkedin.com\/company\/vita-academy\/\"\n\t            ]\n\t        }\n\t    ]\n\t}<\/script>\n<!-- \/ Yoast SEO Premium plugin. -->","yoast_head_json":{"title":"Online kurz Java IV. Pokro\u010dil\u00fd  | VITA","description":"V online kurze Java pre pokro\u010dil\u00fdch 2020 sa nau\u010di\u0161 vstupno-v\u00fdstupn\u00e9 oper\u00e1cie, \u010do s\u00fa to pr\u00fady a\u00a0vyu\u017e\u00edva\u0165 ich. Prevedieme \u0165a \u00favodom viacvl\u00e1knov\u00e9ho programovania.","robots":{"index":"index","follow":"follow","max-snippet":"max-snippet:-1","max-image-preview":"max-image-preview:large","max-video-preview":"max-video-preview:-1"},"canonical":"https:\/\/www.vita.sk\/online-kurz-java-iv-pokrocily\/","og_locale":"cs_CZ","og_type":"article","og_title":"Online kurz Java IV. Pokro\u010dil\u00fd","og_description":"V online kurze Java pre pokro\u010dil\u00fdch 2020 sa nau\u010di\u0161 vstupno-v\u00fdstupn\u00e9 oper\u00e1cie, \u010do s\u00fa to pr\u00fady a\u00a0vyu\u017e\u00edva\u0165 ich. Prevedieme \u0165a \u00favodom viacvl\u00e1knov\u00e9ho programovania.","og_url":"https:\/\/www.vita.sk\/online-kurz-java-iv-pokrocily\/","og_site_name":"VITA","article_publisher":"https:\/\/www.facebook.com\/VitaAcademySK","article_modified_time":"2024-06-05T12:48:20+00:00","og_image":[{"width":360,"height":360,"url":"https:\/\/www.vita.sk\/wp-content\/uploads\/2019\/07\/java-2.png","type":"image\/png"}],"twitter_card":"summary_large_image","twitter_misc":{"Odhadovan\u00e1 doba \u010dten\u00ed":"1 minuta"},"schema":{"@context":"https:\/\/schema.org","@graph":[{"@type":"WebPage","@id":"https:\/\/www.vita.sk\/online-kurz-java-iv-pokrocily\/","url":"https:\/\/www.vita.sk\/online-kurz-java-iv-pokrocily\/","name":"Online kurz Java IV. Pokro\u010dil\u00fd 2023 | VITA","isPartOf":{"@id":"https:\/\/www.vita.sk\/#website"},"primaryImageOfPage":{"@id":"https:\/\/www.vita.sk\/online-kurz-java-iv-pokrocily\/#primaryimage"},"image":{"@id":"https:\/\/www.vita.sk\/online-kurz-java-iv-pokrocily\/#primaryimage"},"thumbnailUrl":"https:\/\/www.vita.sk\/wp-content\/uploads\/2019\/07\/java-2.png","datePublished":"2021-07-26T12:12:32+00:00","dateModified":"2024-06-05T12:48:20+00:00","description":"V online kurze Java pre pokro\u010dil\u00fdch 2020 sa nau\u010di\u0161 vstupno-v\u00fdstupn\u00e9 oper\u00e1cie, \u010do s\u00fa to pr\u00fady a\u00a0vyu\u017e\u00edva\u0165 ich. Prevedieme \u0165a \u00favodom viacvl\u00e1knov\u00e9ho programovania.","breadcrumb":{"@id":"https:\/\/www.vita.sk\/online-kurz-java-iv-pokrocily\/#breadcrumb"},"inLanguage":"cs","potentialAction":[{"@type":"ReadAction","target":["https:\/\/www.vita.sk\/online-kurz-java-iv-pokrocily\/"]}]},{"@type":"ImageObject","inLanguage":"cs","@id":"https:\/\/www.vita.sk\/online-kurz-java-iv-pokrocily\/#primaryimage","url":"https:\/\/www.vita.sk\/wp-content\/uploads\/2019\/07\/java-2.png","contentUrl":"https:\/\/www.vita.sk\/wp-content\/uploads\/2019\/07\/java-2.png","width":360,"height":360,"caption":"Online kurz Java"},{"@type":"BreadcrumbList","@id":"https:\/\/www.vita.sk\/online-kurz-java-iv-pokrocily\/#breadcrumb","itemListElement":[{"@type":"ListItem","position":1,"name":"VITA Academy","item":"https:\/\/www.vita.sk\/cs\/"},{"@type":"ListItem","position":2,"name":"Shop","item":"https:\/\/www.vita.sk\/shop\/"},{"@type":"ListItem","position":3,"name":"Programovacie Jazyky","item":"https:\/\/www.vita.sk\/online-kurzy-programovacie-jazyky\/"},{"@type":"ListItem","position":4,"name":"Java","item":"https:\/\/www.vita.sk\/online-kurzy-java\/"},{"@type":"ListItem","position":5,"name":"Online kurz Java IV. Pokro\u010dil\u00fd"}]},{"@type":"WebSite","@id":"https:\/\/www.vita.sk\/#website","url":"https:\/\/www.vita.sk\/","name":"VITA","description":"","publisher":{"@id":"https:\/\/www.vita.sk\/#organization"},"potentialAction":[{"@type":"SearchAction","target":{"@type":"EntryPoint","urlTemplate":"https:\/\/www.vita.sk\/?s={search_term_string}"},"query-input":{"@type":"PropertyValueSpecification","valueRequired":true,"valueName":"search_term_string"}}],"inLanguage":"cs"},{"email":"admin@vita.sk","logo":"https:\/\/www.vita.sk\/img\/vita_logo.png ","address":{"type":"PostalAddress","streetAddress":"Tom\u00e1\u0161ikova 50\/A","addressLocality":"Bratislava","postalCode":"83104","addressCountry":{"name":"SK","type":"Country"}},"contactPoint":{"type":"ContactPoint","telephone":"+421 907 375\u00a0543","Email":"admin@vita.sk","contactType":"customer service"},"sameAs":["https:\/\/www.facebook.com\/VitaAcademySK\/","https:\/\/www.linkedin.com\/company\/vita-academy\/"]}]}},"acf":[],"_links":{"self":[{"href":"https:\/\/www.vita.sk\/cs\/wp-json\/wp\/v2\/product\/765","targetHints":{"allow":["GET"]}}],"collection":[{"href":"https:\/\/www.vita.sk\/cs\/wp-json\/wp\/v2\/product"}],"about":[{"href":"https:\/\/www.vita.sk\/cs\/wp-json\/wp\/v2\/types\/product"}],"author":[{"embeddable":true,"href":"https:\/\/www.vita.sk\/cs\/wp-json\/wp\/v2\/users\/4"}],"replies":[{"embeddable":true,"href":"https:\/\/www.vita.sk\/cs\/wp-json\/wp\/v2\/comments?post=765"}],"wp:featuredmedia":[{"embeddable":true,"href":"https:\/\/www.vita.sk\/cs\/wp-json\/wp\/v2\/media\/950"}],"wp:attachment":[{"href":"https:\/\/www.vita.sk\/cs\/wp-json\/wp\/v2\/media?parent=765"}],"wp:term":[{"taxonomy":"product_brand","embeddable":true,"href":"https:\/\/www.vita.sk\/cs\/wp-json\/wp\/v2\/product_brand?post=765"},{"taxonomy":"product_cat","embeddable":true,"href":"https:\/\/www.vita.sk\/cs\/wp-json\/wp\/v2\/product_cat?post=765"},{"taxonomy":"product_tag","embeddable":true,"href":"https:\/\/www.vita.sk\/cs\/wp-json\/wp\/v2\/product_tag?post=765"}],"curies":[{"name":"wp","href":"https:\/\/api.w.org\/{rel}","templated":true}]}}