{"id":768,"date":"2021-07-26T14:33:48","date_gmt":"2021-07-26T12:33:48","guid":{"rendered":"http:\/\/vita.sk.vps324.nameserver.sk\/?post_type=product&#038;p=768"},"modified":"2024-06-05T14:49:37","modified_gmt":"2024-06-05T12:49:37","slug":"online-kurz-java-xiv-liferay","status":"publish","type":"product","link":"https:\/\/www.vita.sk\/cs\/online-kurz-java-xiv-liferay\/","title":{"rendered":"Online kurz Java XIV. Liferay"},"content":{"rendered":"<p>Online kurz Java XIV. Liferay je pre v\u00e1s ide\u00e1lnou vo\u013ebou, ak sa chcete nau\u010di\u0165 pracova\u0165 vo frameworku Liferay prostredn\u00edctvom jazyka Java. <strong>Ide o jedin\u00fd akreditovan\u00fd a certifikovan\u00fd kurz na programovac\u00ed jazyk Java na Slovensku. <\/strong>Nau\u010d\u00edme v\u00e1s vybera\u0165 v\u00fdvojov\u00e9 n\u00e1stroje a pluginy. Zvl\u00e1dnete vytv\u00e1ra\u0165 Liferay t\u00e9my a Layout \u0161abl\u00f3ny. Obozn\u00e1mime v\u00e1s s pojmom Portlety a ako sa daj\u00fa vyu\u017e\u00edva\u0165 extern\u00e9 pluginy. Dostanete sa aj k v\u00fdvoju vlastn\u00e9ho Liferay projektu. Nau\u010d\u00edme v\u00e1s pracova\u0165 s Liferay Marketplace a spr\u00e1vne publikova\u0165 aplik\u00e1cie. Ako absolvent kurzu Java XIV. Liferay hravo zvl\u00e1dnete vytvori\u0165 projekt vo frameworku Liferay. Ak sa chcete skuto\u010dne nau\u010di\u0165 pou\u017e\u00edva\u0165 programovac\u00ed jazyk Java, tak toto je ide\u00e1lny online kurz pre v\u00e1s.<\/p>\n","protected":false},"excerpt":{"rendered":"<p>Online kurz Java XIV. Liferay je pre v\u00e1s ide\u00e1lnou vo\u013ebou, ak sa chcete nau\u010di\u0165 pracova\u0165 vo frameworku Liferay prostredn\u00edctvom jazyka Java. Ide o jedin\u00fd akreditovan\u00fd a certifikovan\u00fd kurz na programovac\u00ed jazyk Java na Slovensku. Nau\u010d\u00edme v\u00e1s vybera\u0165 v\u00fdvojov\u00e9 n\u00e1stroje a pluginy. Zvl\u00e1dnete vytv\u00e1ra\u0165 Liferay t\u00e9my a Layout \u0161abl\u00f3ny.","protected":false},"author":4,"featured_media":4574,"comment_status":"open","ping_status":"closed","template":"","meta":{"_acf_changed":false},"product_brand":[],"product_cat":[103,99,73],"product_tag":[189,192],"class_list":{"0":"post-768","1":"product","2":"type-product","3":"status-publish","4":"has-post-thumbnail","6":"product_cat-online-kurzy-java","7":"product_cat-online-kurzy-programovacie-jazyky","8":"product_cat-bez-kategorie","9":"product_tag-programovacie-jazyky","10":"product_tag-java","12":"first","13":"instock","14":"sale","15":"sold-individually","16":"taxable","17":"shipping-taxable","18":"purchasable","19":"product-type-simple"},"yoast_head":"<!-- This site is optimized with the Yoast SEO Premium plugin v25.0 (Yoast SEO v25.0) - https:\/\/yoast.com\/wordpress\/plugins\/seo\/ -->\n<title>Online kurz Java XIV. Liferay  | VITA<\/title>\n<meta name=\"description\" content=\"V online kurze Java XIV. Liferay sa nau\u010di\u0161 pracova\u0165 vo frameworku Liferay prostredn\u00edctvom jazyka Java. Nau\u010d\u00edme \u0165a vybera\u0165 v\u00fdvojov\u00e9 n\u00e1stroje a\u00a0pluginy.\" \/>\n<meta name=\"robots\" content=\"index, follow, max-snippet:-1, max-image-preview:large, max-video-preview:-1\" \/>\n<link rel=\"canonical\" href=\"https:\/\/www.vita.sk\/online-kurz-java-xiv-liferay\/\" \/>\n<meta property=\"og:locale\" content=\"cs_CZ\" \/>\n<meta property=\"og:type\" content=\"article\" \/>\n<meta property=\"og:title\" content=\"Online kurz Java XIV. Liferay\" \/>\n<meta property=\"og:description\" content=\"V online kurze Java XIV. Liferay sa nau\u010di\u0161 pracova\u0165 vo frameworku Liferay prostredn\u00edctvom jazyka Java. Nau\u010d\u00edme \u0165a vybera\u0165 v\u00fdvojov\u00e9 n\u00e1stroje a\u00a0pluginy.\" \/>\n<meta property=\"og:url\" content=\"https:\/\/www.vita.sk\/online-kurz-java-xiv-liferay\/\" \/>\n<meta property=\"og:site_name\" content=\"VITA\" \/>\n<meta property=\"article:publisher\" content=\"https:\/\/www.facebook.com\/VitaAcademySK\" \/>\n<meta property=\"article:modified_time\" content=\"2024-06-05T12:49:37+00:00\" \/>\n<meta property=\"og:image\" content=\"https:\/\/www.vita.sk\/wp-content\/uploads\/2020\/11\/kurz-java-liferay.png\" \/>\n\t<meta property=\"og:image:width\" content=\"360\" \/>\n\t<meta property=\"og:image:height\" content=\"360\" \/>\n\t<meta property=\"og:image:type\" content=\"image\/png\" \/>\n<meta name=\"twitter:card\" content=\"summary_large_image\" \/>\n<meta name=\"twitter:label1\" content=\"Odhadovan\u00e1 doba \u010dten\u00ed\" \/>\n\t<meta name=\"twitter:data1\" content=\"1 minuta\" \/>\n<script type=\"application\/ld+json\" class=\"yoast-schema-graph\">{\n\t    \"@context\": \"https:\/\/schema.org\",\n\t    \"@graph\": [\n\t        {\n\t            \"@type\": \"WebPage\",\n\t            \"@id\": \"https:\/\/www.vita.sk\/online-kurz-java-xiv-liferay\/\",\n\t            \"url\": \"https:\/\/www.vita.sk\/online-kurz-java-xiv-liferay\/\",\n\t            \"name\": \"Online kurz Java XIV. Liferay 2023 | VITA\",\n\t            \"isPartOf\": {\n\t                \"@id\": \"https:\/\/www.vita.sk\/#website\"\n\t            },\n\t            \"primaryImageOfPage\": {\n\t                \"@id\": \"https:\/\/www.vita.sk\/online-kurz-java-xiv-liferay\/#primaryimage\"\n\t            },\n\t            \"image\": {\n\t                \"@id\": \"https:\/\/www.vita.sk\/online-kurz-java-xiv-liferay\/#primaryimage\"\n\t            },\n\t            \"thumbnailUrl\": \"https:\/\/www.vita.sk\/wp-content\/uploads\/2020\/11\/kurz-java-liferay.png\",\n\t            \"datePublished\": \"2021-07-26T12:33:48+00:00\",\n\t            \"dateModified\": \"2024-06-05T12:49:37+00:00\",\n\t            \"description\": \"V online kurze Java XIV. Liferay sa nau\u010di\u0161 pracova\u0165 vo frameworku Liferay prostredn\u00edctvom jazyka Java. Nau\u010d\u00edme \u0165a vybera\u0165 v\u00fdvojov\u00e9 n\u00e1stroje a\u00a0pluginy.\",\n\t            \"breadcrumb\": {\n\t                \"@id\": \"https:\/\/www.vita.sk\/online-kurz-java-xiv-liferay\/#breadcrumb\"\n\t            },\n\t            \"inLanguage\": \"cs\",\n\t            \"potentialAction\": [\n\t                {\n\t                    \"@type\": \"ReadAction\",\n\t                    \"target\": [\n\t                        \"https:\/\/www.vita.sk\/online-kurz-java-xiv-liferay\/\"\n\t                    ]\n\t                }\n\t            ]\n\t        },\n\t        {\n\t            \"@type\": \"ImageObject\",\n\t            \"inLanguage\": \"cs\",\n\t            \"@id\": \"https:\/\/www.vita.sk\/online-kurz-java-xiv-liferay\/#primaryimage\",\n\t            \"url\": \"https:\/\/www.vita.sk\/wp-content\/uploads\/2020\/11\/kurz-java-liferay.png\",\n\t            \"contentUrl\": \"https:\/\/www.vita.sk\/wp-content\/uploads\/2020\/11\/kurz-java-liferay.png\",\n\t            \"width\": 360,\n\t            \"height\": 360,\n\t            \"caption\": \"Online kurz Java Liferay\"\n\t        },\n\t        {\n\t            \"@type\": \"BreadcrumbList\",\n\t            \"@id\": \"https:\/\/www.vita.sk\/online-kurz-java-xiv-liferay\/#breadcrumb\",\n\t            \"itemListElement\": [\n\t                {\n\t                    \"@type\": \"ListItem\",\n\t                    \"position\": 1,\n\t                    \"name\": \"VITA Academy\",\n\t                    \"item\": \"https:\/\/www.vita.sk\/cs\/\"\n\t                },\n\t                {\n\t                    \"@type\": \"ListItem\",\n\t                    \"position\": 2,\n\t                    \"name\": \"Shop\",\n\t                    \"item\": \"https:\/\/www.vita.sk\/shop\/\"\n\t                },\n\t                {\n\t                    \"@type\": \"ListItem\",\n\t                    \"position\": 3,\n\t                    \"name\": \"Programovacie Jazyky\",\n\t                    \"item\": \"https:\/\/www.vita.sk\/online-kurzy-programovacie-jazyky\/\"\n\t                },\n\t                {\n\t                    \"@type\": \"ListItem\",\n\t                    \"position\": 4,\n\t                    \"name\": \"Java\",\n\t                    \"item\": \"https:\/\/www.vita.sk\/online-kurzy-java\/\"\n\t                },\n\t                {\n\t                    \"@type\": \"ListItem\",\n\t                    \"position\": 5,\n\t                    \"name\": \"Online kurz Java XIV. Liferay\"\n\t                }\n\t            ]\n\t        },\n\t        {\n\t            \"@type\": \"WebSite\",\n\t            \"@id\": \"https:\/\/www.vita.sk\/#website\",\n\t            \"url\": \"https:\/\/www.vita.sk\/\",\n\t            \"name\": \"VITA\",\n\t            \"description\": \"\",\n\t            \"publisher\": {\n\t                \"@id\": \"https:\/\/www.vita.sk\/#organization\"\n\t            },\n\t            \"potentialAction\": [\n\t                {\n\t                    \"@type\": \"SearchAction\",\n\t                    \"target\": {\n\t                        \"@type\": \"EntryPoint\",\n\t                        \"urlTemplate\": \"https:\/\/www.vita.sk\/?s={search_term_string}\"\n\t                    },\n\t                    \"query-input\": {\n\t                        \"@type\": \"PropertyValueSpecification\",\n\t                        \"valueRequired\": true,\n\t                        \"valueName\": \"search_term_string\"\n\t                    }\n\t                }\n\t            ],\n\t            \"inLanguage\": \"cs\"\n\t        },\n\t        {\n\t            \"email\": \"admin@vita.sk\",\n\t            \"logo\": \"https:\/\/www.vita.sk\/img\/vita_logo.png \",\n\t            \"address\": {\n\t                \"type\": \"PostalAddress\",\n\t                \"streetAddress\": \"Tom\u00e1\u0161ikova 50\/A\",\n\t                \"addressLocality\": \"Bratislava\",\n\t                \"postalCode\": \"83104\",\n\t                \"addressCountry\": {\n\t                    \"name\": \"SK\",\n\t                    \"type\": \"Country\"\n\t                }\n\t            },\n\t            \"contactPoint\": {\n\t                \"type\": \"ContactPoint\",\n\t                \"telephone\": \"+421 907 375\u00a0543\",\n\t                \"Email\": \"admin@vita.sk\",\n\t                \"contactType\": \"customer service\"\n\t            },\n\t            \"sameAs\": [\n\t                \"https:\/\/www.facebook.com\/VitaAcademySK\/\",\n\t                \"https:\/\/www.linkedin.com\/company\/vita-academy\/\"\n\t            ]\n\t        }\n\t    ]\n\t}<\/script>\n<!-- \/ Yoast SEO Premium plugin. -->","yoast_head_json":{"title":"Online kurz Java XIV. Liferay  | VITA","description":"V online kurze Java XIV. Liferay sa nau\u010di\u0161 pracova\u0165 vo frameworku Liferay prostredn\u00edctvom jazyka Java. Nau\u010d\u00edme \u0165a vybera\u0165 v\u00fdvojov\u00e9 n\u00e1stroje a\u00a0pluginy.","robots":{"index":"index","follow":"follow","max-snippet":"max-snippet:-1","max-image-preview":"max-image-preview:large","max-video-preview":"max-video-preview:-1"},"canonical":"https:\/\/www.vita.sk\/online-kurz-java-xiv-liferay\/","og_locale":"cs_CZ","og_type":"article","og_title":"Online kurz Java XIV. Liferay","og_description":"V online kurze Java XIV. Liferay sa nau\u010di\u0161 pracova\u0165 vo frameworku Liferay prostredn\u00edctvom jazyka Java. Nau\u010d\u00edme \u0165a vybera\u0165 v\u00fdvojov\u00e9 n\u00e1stroje a\u00a0pluginy.","og_url":"https:\/\/www.vita.sk\/online-kurz-java-xiv-liferay\/","og_site_name":"VITA","article_publisher":"https:\/\/www.facebook.com\/VitaAcademySK","article_modified_time":"2024-06-05T12:49:37+00:00","og_image":[{"width":360,"height":360,"url":"https:\/\/www.vita.sk\/wp-content\/uploads\/2020\/11\/kurz-java-liferay.png","type":"image\/png"}],"twitter_card":"summary_large_image","twitter_misc":{"Odhadovan\u00e1 doba \u010dten\u00ed":"1 minuta"},"schema":{"@context":"https:\/\/schema.org","@graph":[{"@type":"WebPage","@id":"https:\/\/www.vita.sk\/online-kurz-java-xiv-liferay\/","url":"https:\/\/www.vita.sk\/online-kurz-java-xiv-liferay\/","name":"Online kurz Java XIV. Liferay 2023 | VITA","isPartOf":{"@id":"https:\/\/www.vita.sk\/#website"},"primaryImageOfPage":{"@id":"https:\/\/www.vita.sk\/online-kurz-java-xiv-liferay\/#primaryimage"},"image":{"@id":"https:\/\/www.vita.sk\/online-kurz-java-xiv-liferay\/#primaryimage"},"thumbnailUrl":"https:\/\/www.vita.sk\/wp-content\/uploads\/2020\/11\/kurz-java-liferay.png","datePublished":"2021-07-26T12:33:48+00:00","dateModified":"2024-06-05T12:49:37+00:00","description":"V online kurze Java XIV. Liferay sa nau\u010di\u0161 pracova\u0165 vo frameworku Liferay prostredn\u00edctvom jazyka Java. Nau\u010d\u00edme \u0165a vybera\u0165 v\u00fdvojov\u00e9 n\u00e1stroje a\u00a0pluginy.","breadcrumb":{"@id":"https:\/\/www.vita.sk\/online-kurz-java-xiv-liferay\/#breadcrumb"},"inLanguage":"cs","potentialAction":[{"@type":"ReadAction","target":["https:\/\/www.vita.sk\/online-kurz-java-xiv-liferay\/"]}]},{"@type":"ImageObject","inLanguage":"cs","@id":"https:\/\/www.vita.sk\/online-kurz-java-xiv-liferay\/#primaryimage","url":"https:\/\/www.vita.sk\/wp-content\/uploads\/2020\/11\/kurz-java-liferay.png","contentUrl":"https:\/\/www.vita.sk\/wp-content\/uploads\/2020\/11\/kurz-java-liferay.png","width":360,"height":360,"caption":"Online kurz Java Liferay"},{"@type":"BreadcrumbList","@id":"https:\/\/www.vita.sk\/online-kurz-java-xiv-liferay\/#breadcrumb","itemListElement":[{"@type":"ListItem","position":1,"name":"VITA Academy","item":"https:\/\/www.vita.sk\/cs\/"},{"@type":"ListItem","position":2,"name":"Shop","item":"https:\/\/www.vita.sk\/shop\/"},{"@type":"ListItem","position":3,"name":"Programovacie Jazyky","item":"https:\/\/www.vita.sk\/online-kurzy-programovacie-jazyky\/"},{"@type":"ListItem","position":4,"name":"Java","item":"https:\/\/www.vita.sk\/online-kurzy-java\/"},{"@type":"ListItem","position":5,"name":"Online kurz Java XIV. Liferay"}]},{"@type":"WebSite","@id":"https:\/\/www.vita.sk\/#website","url":"https:\/\/www.vita.sk\/","name":"VITA","description":"","publisher":{"@id":"https:\/\/www.vita.sk\/#organization"},"potentialAction":[{"@type":"SearchAction","target":{"@type":"EntryPoint","urlTemplate":"https:\/\/www.vita.sk\/?s={search_term_string}"},"query-input":{"@type":"PropertyValueSpecification","valueRequired":true,"valueName":"search_term_string"}}],"inLanguage":"cs"},{"email":"admin@vita.sk","logo":"https:\/\/www.vita.sk\/img\/vita_logo.png ","address":{"type":"PostalAddress","streetAddress":"Tom\u00e1\u0161ikova 50\/A","addressLocality":"Bratislava","postalCode":"83104","addressCountry":{"name":"SK","type":"Country"}},"contactPoint":{"type":"ContactPoint","telephone":"+421 907 375\u00a0543","Email":"admin@vita.sk","contactType":"customer service"},"sameAs":["https:\/\/www.facebook.com\/VitaAcademySK\/","https:\/\/www.linkedin.com\/company\/vita-academy\/"]}]}},"acf":[],"_links":{"self":[{"href":"https:\/\/www.vita.sk\/cs\/wp-json\/wp\/v2\/product\/768","targetHints":{"allow":["GET"]}}],"collection":[{"href":"https:\/\/www.vita.sk\/cs\/wp-json\/wp\/v2\/product"}],"about":[{"href":"https:\/\/www.vita.sk\/cs\/wp-json\/wp\/v2\/types\/product"}],"author":[{"embeddable":true,"href":"https:\/\/www.vita.sk\/cs\/wp-json\/wp\/v2\/users\/4"}],"replies":[{"embeddable":true,"href":"https:\/\/www.vita.sk\/cs\/wp-json\/wp\/v2\/comments?post=768"}],"wp:featuredmedia":[{"embeddable":true,"href":"https:\/\/www.vita.sk\/cs\/wp-json\/wp\/v2\/media\/4574"}],"wp:attachment":[{"href":"https:\/\/www.vita.sk\/cs\/wp-json\/wp\/v2\/media?parent=768"}],"wp:term":[{"taxonomy":"product_brand","embeddable":true,"href":"https:\/\/www.vita.sk\/cs\/wp-json\/wp\/v2\/product_brand?post=768"},{"taxonomy":"product_cat","embeddable":true,"href":"https:\/\/www.vita.sk\/cs\/wp-json\/wp\/v2\/product_cat?post=768"},{"taxonomy":"product_tag","embeddable":true,"href":"https:\/\/www.vita.sk\/cs\/wp-json\/wp\/v2\/product_tag?post=768"}],"curies":[{"name":"wp","href":"https:\/\/api.w.org\/{rel}","templated":true}]}}