{"id":776,"date":"2021-07-26T16:32:34","date_gmt":"2021-07-26T14:32:34","guid":{"rendered":"http:\/\/vita.sk.vps324.nameserver.sk\/?post_type=product&#038;p=776"},"modified":"2024-06-05T14:38:38","modified_gmt":"2024-06-05T12:38:38","slug":"online-kurz-swift-i-zaciatocnik","status":"publish","type":"product","link":"https:\/\/www.vita.sk\/cs\/online-kurz-swift-i-zaciatocnik\/","title":{"rendered":"Online kurz SWIFT I. Za\u010diato\u010dn\u00edk"},"content":{"rendered":"<p>Online kurz SWIFT I. Za\u010diato\u010dn\u00edk je pre v\u00e1s ide\u00e1lnym \u0161tartom do sveta programovania v tomto preh\u013eadnom programovacom jazyku. <strong>Ide o jedin\u00fd akreditovan\u00fd a certifikovan\u00fd kurz na SWIFT na Slovensku.<\/strong> Predstav\u00edme v\u00e1m z\u00e1kladn\u00e9 z\u00e1sady jazyka SWIFT a priprav\u00edme v\u00e1s na tvorbu aplik\u00e1ci\u00ed pre zariadenia s opera\u010dn\u00fdm syst\u00e9mom iOS. D\u00f4kladne v\u00e1s obozn\u00e1mime s rozhran\u00edm SWIFT a nau\u010d\u00edme v\u00e1s vyu\u017e\u00edva\u0165 kni\u017enice. Ak sa chcete skuto\u010dne nau\u010di\u0165 pou\u017e\u00edva\u0165 SWIFT, tak toto je ide\u00e1lny online kurz pre v\u00e1s.<\/p>\n","protected":false},"excerpt":{"rendered":"<p>Online kurz SWIFT I. Za\u010diato\u010dn\u00edk je pre v\u00e1s ide\u00e1lnym \u0161tartom do sveta programovania v tomto preh\u013eadnom programovacom jazyku. Ide o jedin\u00fd akreditovan\u00fd a certifikovan\u00fd kurz na SWIFT na Slovensku. Predstav\u00edme v\u00e1m z\u00e1kladn\u00e9 z\u00e1sady jazyka SWIFT a priprav\u00edme v\u00e1s na tvorbu aplik\u00e1ci\u00ed pre zariadenia s opera\u010dn\u00fdm syst\u00e9mom iOS.","protected":false},"author":4,"featured_media":935,"comment_status":"open","ping_status":"closed","template":"","meta":{"_acf_changed":false},"product_brand":[],"product_cat":[470,99,108,73],"product_tag":[189],"class_list":{"0":"post-776","1":"product","2":"type-product","3":"status-publish","4":"has-post-thumbnail","6":"product_cat-swift","7":"product_cat-online-kurzy-programovacie-jazyky","8":"product_cat-online-kurzy-ios-aplikacie","9":"product_cat-bez-kategorie","10":"product_tag-programovacie-jazyky","12":"first","13":"instock","14":"sale","15":"sold-individually","16":"taxable","17":"shipping-taxable","18":"purchasable","19":"product-type-simple"},"yoast_head":"<!-- This site is optimized with the Yoast SEO Premium plugin v25.0 (Yoast SEO v25.0) - https:\/\/yoast.com\/wordpress\/plugins\/seo\/ -->\n<title>Online kurz SWIFT pre za\u010diato\u010dn\u00edkov  | VITA<\/title>\n<meta name=\"description\" content=\"V online kurze SWIFT pre za\u010diato\u010dn\u00edkov ti predstav\u00edme z\u00e1kladn\u00e9 z\u00e1sady jazyka SWIFT a priprav\u00edme \u0165a na tvorbu aplik\u00e1ci\u00ed pre zariadenia s opera\u010dn\u00fdm syst\u00e9mom iOS.\" \/>\n<meta name=\"robots\" content=\"index, follow, max-snippet:-1, max-image-preview:large, max-video-preview:-1\" \/>\n<link rel=\"canonical\" href=\"https:\/\/www.vita.sk\/online-kurz-swift-i-zaciatocnik\/\" \/>\n<meta property=\"og:locale\" content=\"cs_CZ\" \/>\n<meta property=\"og:type\" content=\"article\" \/>\n<meta property=\"og:title\" content=\"Online kurz SWIFT I. Za\u010diato\u010dn\u00edk\" \/>\n<meta property=\"og:description\" content=\"V online kurze SWIFT pre za\u010diato\u010dn\u00edkov ti predstav\u00edme z\u00e1kladn\u00e9 z\u00e1sady jazyka SWIFT a priprav\u00edme \u0165a na tvorbu aplik\u00e1ci\u00ed pre zariadenia s opera\u010dn\u00fdm syst\u00e9mom iOS.\" \/>\n<meta property=\"og:url\" content=\"https:\/\/www.vita.sk\/online-kurz-swift-i-zaciatocnik\/\" \/>\n<meta property=\"og:site_name\" content=\"VITA\" \/>\n<meta property=\"article:publisher\" content=\"https:\/\/www.facebook.com\/VitaAcademySK\" \/>\n<meta property=\"article:modified_time\" content=\"2024-06-05T12:38:38+00:00\" \/>\n<meta property=\"og:image\" content=\"https:\/\/www.vita.sk\/wp-content\/uploads\/2019\/07\/swift.png\" \/>\n\t<meta property=\"og:image:width\" content=\"360\" \/>\n\t<meta property=\"og:image:height\" content=\"360\" \/>\n\t<meta property=\"og:image:type\" content=\"image\/png\" \/>\n<meta name=\"twitter:card\" content=\"summary_large_image\" \/>\n<meta name=\"twitter:label1\" content=\"Odhadovan\u00e1 doba \u010dten\u00ed\" \/>\n\t<meta name=\"twitter:data1\" content=\"1 minuta\" \/>\n<script type=\"application\/ld+json\" class=\"yoast-schema-graph\">{\n\t    \"@context\": \"https:\/\/schema.org\",\n\t    \"@graph\": [\n\t        {\n\t            \"@type\": \"WebPage\",\n\t            \"@id\": \"https:\/\/www.vita.sk\/online-kurz-swift-i-zaciatocnik\/\",\n\t            \"url\": \"https:\/\/www.vita.sk\/online-kurz-swift-i-zaciatocnik\/\",\n\t            \"name\": \"Online kurz SWIFT pre za\u010diato\u010dn\u00edkov 2023 | VITA\",\n\t            \"isPartOf\": {\n\t                \"@id\": \"https:\/\/www.vita.sk\/#website\"\n\t            },\n\t            \"primaryImageOfPage\": {\n\t                \"@id\": \"https:\/\/www.vita.sk\/online-kurz-swift-i-zaciatocnik\/#primaryimage\"\n\t            },\n\t            \"image\": {\n\t                \"@id\": \"https:\/\/www.vita.sk\/online-kurz-swift-i-zaciatocnik\/#primaryimage\"\n\t            },\n\t            \"thumbnailUrl\": \"https:\/\/www.vita.sk\/wp-content\/uploads\/2019\/07\/swift.png\",\n\t            \"datePublished\": \"2021-07-26T14:32:34+00:00\",\n\t            \"dateModified\": \"2024-06-05T12:38:38+00:00\",\n\t            \"description\": \"V online kurze SWIFT pre za\u010diato\u010dn\u00edkov ti predstav\u00edme z\u00e1kladn\u00e9 z\u00e1sady jazyka SWIFT a priprav\u00edme \u0165a na tvorbu aplik\u00e1ci\u00ed pre zariadenia s opera\u010dn\u00fdm syst\u00e9mom iOS.\",\n\t            \"breadcrumb\": {\n\t                \"@id\": \"https:\/\/www.vita.sk\/online-kurz-swift-i-zaciatocnik\/#breadcrumb\"\n\t            },\n\t            \"inLanguage\": \"cs\",\n\t            \"potentialAction\": [\n\t                {\n\t                    \"@type\": \"ReadAction\",\n\t                    \"target\": [\n\t                        \"https:\/\/www.vita.sk\/online-kurz-swift-i-zaciatocnik\/\"\n\t                    ]\n\t                }\n\t            ]\n\t        },\n\t        {\n\t            \"@type\": \"ImageObject\",\n\t            \"inLanguage\": \"cs\",\n\t            \"@id\": \"https:\/\/www.vita.sk\/online-kurz-swift-i-zaciatocnik\/#primaryimage\",\n\t            \"url\": \"https:\/\/www.vita.sk\/wp-content\/uploads\/2019\/07\/swift.png\",\n\t            \"contentUrl\": \"https:\/\/www.vita.sk\/wp-content\/uploads\/2019\/07\/swift.png\",\n\t            \"width\": 360,\n\t            \"height\": 360,\n\t            \"caption\": \"Online kurz SWIFT\"\n\t        },\n\t        {\n\t            \"@type\": \"BreadcrumbList\",\n\t            \"@id\": \"https:\/\/www.vita.sk\/online-kurz-swift-i-zaciatocnik\/#breadcrumb\",\n\t            \"itemListElement\": [\n\t                {\n\t                    \"@type\": \"ListItem\",\n\t                    \"position\": 1,\n\t                    \"name\": \"VITA Academy\",\n\t                    \"item\": \"https:\/\/www.vita.sk\/cs\/\"\n\t                },\n\t                {\n\t                    \"@type\": \"ListItem\",\n\t                    \"position\": 2,\n\t                    \"name\": \"Shop\",\n\t                    \"item\": \"https:\/\/www.vita.sk\/shop\/\"\n\t                },\n\t                {\n\t                    \"@type\": \"ListItem\",\n\t                    \"position\": 3,\n\t                    \"name\": \"Programovacie Jazyky\",\n\t                    \"item\": \"https:\/\/www.vita.sk\/online-kurzy-programovacie-jazyky\/\"\n\t                },\n\t                {\n\t                    \"@type\": \"ListItem\",\n\t                    \"position\": 4,\n\t                    \"name\": \"SWIFT\",\n\t                    \"item\": \"https:\/\/www.vita.sk\/swift\/\"\n\t                },\n\t                {\n\t                    \"@type\": \"ListItem\",\n\t                    \"position\": 5,\n\t                    \"name\": \"Online kurz SWIFT I. Za\u010diato\u010dn\u00edk\"\n\t                }\n\t            ]\n\t        },\n\t        {\n\t            \"@type\": \"WebSite\",\n\t            \"@id\": \"https:\/\/www.vita.sk\/#website\",\n\t            \"url\": \"https:\/\/www.vita.sk\/\",\n\t            \"name\": \"VITA\",\n\t            \"description\": \"\",\n\t            \"publisher\": {\n\t                \"@id\": \"https:\/\/www.vita.sk\/#organization\"\n\t            },\n\t            \"potentialAction\": [\n\t                {\n\t                    \"@type\": \"SearchAction\",\n\t                    \"target\": {\n\t                        \"@type\": \"EntryPoint\",\n\t                        \"urlTemplate\": \"https:\/\/www.vita.sk\/?s={search_term_string}\"\n\t                    },\n\t                    \"query-input\": {\n\t                        \"@type\": \"PropertyValueSpecification\",\n\t                        \"valueRequired\": true,\n\t                        \"valueName\": \"search_term_string\"\n\t                    }\n\t                }\n\t            ],\n\t            \"inLanguage\": \"cs\"\n\t        },\n\t        {\n\t            \"email\": \"admin@vita.sk\",\n\t            \"logo\": \"https:\/\/www.vita.sk\/img\/vita_logo.png \",\n\t            \"address\": {\n\t                \"type\": \"PostalAddress\",\n\t                \"streetAddress\": \"Tom\u00e1\u0161ikova 50\/A\",\n\t                \"addressLocality\": \"Bratislava\",\n\t                \"postalCode\": \"83104\",\n\t                \"addressCountry\": {\n\t                    \"name\": \"SK\",\n\t                    \"type\": \"Country\"\n\t                }\n\t            },\n\t            \"contactPoint\": {\n\t                \"type\": \"ContactPoint\",\n\t                \"telephone\": \"+421 907 375\u00a0543\",\n\t                \"Email\": \"admin@vita.sk\",\n\t                \"contactType\": \"customer service\"\n\t            },\n\t            \"sameAs\": [\n\t                \"https:\/\/www.facebook.com\/VitaAcademySK\/\",\n\t                \"https:\/\/www.linkedin.com\/company\/vita-academy\/\"\n\t            ]\n\t        }\n\t    ]\n\t}<\/script>\n<!-- \/ Yoast SEO Premium plugin. -->","yoast_head_json":{"title":"Online kurz SWIFT pre za\u010diato\u010dn\u00edkov  | VITA","description":"V online kurze SWIFT pre za\u010diato\u010dn\u00edkov ti predstav\u00edme z\u00e1kladn\u00e9 z\u00e1sady jazyka SWIFT a priprav\u00edme \u0165a na tvorbu aplik\u00e1ci\u00ed pre zariadenia s opera\u010dn\u00fdm syst\u00e9mom iOS.","robots":{"index":"index","follow":"follow","max-snippet":"max-snippet:-1","max-image-preview":"max-image-preview:large","max-video-preview":"max-video-preview:-1"},"canonical":"https:\/\/www.vita.sk\/online-kurz-swift-i-zaciatocnik\/","og_locale":"cs_CZ","og_type":"article","og_title":"Online kurz SWIFT I. Za\u010diato\u010dn\u00edk","og_description":"V online kurze SWIFT pre za\u010diato\u010dn\u00edkov ti predstav\u00edme z\u00e1kladn\u00e9 z\u00e1sady jazyka SWIFT a priprav\u00edme \u0165a na tvorbu aplik\u00e1ci\u00ed pre zariadenia s opera\u010dn\u00fdm syst\u00e9mom iOS.","og_url":"https:\/\/www.vita.sk\/online-kurz-swift-i-zaciatocnik\/","og_site_name":"VITA","article_publisher":"https:\/\/www.facebook.com\/VitaAcademySK","article_modified_time":"2024-06-05T12:38:38+00:00","og_image":[{"width":360,"height":360,"url":"https:\/\/www.vita.sk\/wp-content\/uploads\/2019\/07\/swift.png","type":"image\/png"}],"twitter_card":"summary_large_image","twitter_misc":{"Odhadovan\u00e1 doba \u010dten\u00ed":"1 minuta"},"schema":{"@context":"https:\/\/schema.org","@graph":[{"@type":"WebPage","@id":"https:\/\/www.vita.sk\/online-kurz-swift-i-zaciatocnik\/","url":"https:\/\/www.vita.sk\/online-kurz-swift-i-zaciatocnik\/","name":"Online kurz SWIFT pre za\u010diato\u010dn\u00edkov 2023 | VITA","isPartOf":{"@id":"https:\/\/www.vita.sk\/#website"},"primaryImageOfPage":{"@id":"https:\/\/www.vita.sk\/online-kurz-swift-i-zaciatocnik\/#primaryimage"},"image":{"@id":"https:\/\/www.vita.sk\/online-kurz-swift-i-zaciatocnik\/#primaryimage"},"thumbnailUrl":"https:\/\/www.vita.sk\/wp-content\/uploads\/2019\/07\/swift.png","datePublished":"2021-07-26T14:32:34+00:00","dateModified":"2024-06-05T12:38:38+00:00","description":"V online kurze SWIFT pre za\u010diato\u010dn\u00edkov ti predstav\u00edme z\u00e1kladn\u00e9 z\u00e1sady jazyka SWIFT a priprav\u00edme \u0165a na tvorbu aplik\u00e1ci\u00ed pre zariadenia s opera\u010dn\u00fdm syst\u00e9mom iOS.","breadcrumb":{"@id":"https:\/\/www.vita.sk\/online-kurz-swift-i-zaciatocnik\/#breadcrumb"},"inLanguage":"cs","potentialAction":[{"@type":"ReadAction","target":["https:\/\/www.vita.sk\/online-kurz-swift-i-zaciatocnik\/"]}]},{"@type":"ImageObject","inLanguage":"cs","@id":"https:\/\/www.vita.sk\/online-kurz-swift-i-zaciatocnik\/#primaryimage","url":"https:\/\/www.vita.sk\/wp-content\/uploads\/2019\/07\/swift.png","contentUrl":"https:\/\/www.vita.sk\/wp-content\/uploads\/2019\/07\/swift.png","width":360,"height":360,"caption":"Online kurz SWIFT"},{"@type":"BreadcrumbList","@id":"https:\/\/www.vita.sk\/online-kurz-swift-i-zaciatocnik\/#breadcrumb","itemListElement":[{"@type":"ListItem","position":1,"name":"VITA Academy","item":"https:\/\/www.vita.sk\/cs\/"},{"@type":"ListItem","position":2,"name":"Shop","item":"https:\/\/www.vita.sk\/shop\/"},{"@type":"ListItem","position":3,"name":"Programovacie Jazyky","item":"https:\/\/www.vita.sk\/online-kurzy-programovacie-jazyky\/"},{"@type":"ListItem","position":4,"name":"SWIFT","item":"https:\/\/www.vita.sk\/swift\/"},{"@type":"ListItem","position":5,"name":"Online kurz SWIFT I. Za\u010diato\u010dn\u00edk"}]},{"@type":"WebSite","@id":"https:\/\/www.vita.sk\/#website","url":"https:\/\/www.vita.sk\/","name":"VITA","description":"","publisher":{"@id":"https:\/\/www.vita.sk\/#organization"},"potentialAction":[{"@type":"SearchAction","target":{"@type":"EntryPoint","urlTemplate":"https:\/\/www.vita.sk\/?s={search_term_string}"},"query-input":{"@type":"PropertyValueSpecification","valueRequired":true,"valueName":"search_term_string"}}],"inLanguage":"cs"},{"email":"admin@vita.sk","logo":"https:\/\/www.vita.sk\/img\/vita_logo.png ","address":{"type":"PostalAddress","streetAddress":"Tom\u00e1\u0161ikova 50\/A","addressLocality":"Bratislava","postalCode":"83104","addressCountry":{"name":"SK","type":"Country"}},"contactPoint":{"type":"ContactPoint","telephone":"+421 907 375\u00a0543","Email":"admin@vita.sk","contactType":"customer service"},"sameAs":["https:\/\/www.facebook.com\/VitaAcademySK\/","https:\/\/www.linkedin.com\/company\/vita-academy\/"]}]}},"acf":[],"_links":{"self":[{"href":"https:\/\/www.vita.sk\/cs\/wp-json\/wp\/v2\/product\/776","targetHints":{"allow":["GET"]}}],"collection":[{"href":"https:\/\/www.vita.sk\/cs\/wp-json\/wp\/v2\/product"}],"about":[{"href":"https:\/\/www.vita.sk\/cs\/wp-json\/wp\/v2\/types\/product"}],"author":[{"embeddable":true,"href":"https:\/\/www.vita.sk\/cs\/wp-json\/wp\/v2\/users\/4"}],"replies":[{"embeddable":true,"href":"https:\/\/www.vita.sk\/cs\/wp-json\/wp\/v2\/comments?post=776"}],"wp:featuredmedia":[{"embeddable":true,"href":"https:\/\/www.vita.sk\/cs\/wp-json\/wp\/v2\/media\/935"}],"wp:attachment":[{"href":"https:\/\/www.vita.sk\/cs\/wp-json\/wp\/v2\/media?parent=776"}],"wp:term":[{"taxonomy":"product_brand","embeddable":true,"href":"https:\/\/www.vita.sk\/cs\/wp-json\/wp\/v2\/product_brand?post=776"},{"taxonomy":"product_cat","embeddable":true,"href":"https:\/\/www.vita.sk\/cs\/wp-json\/wp\/v2\/product_cat?post=776"},{"taxonomy":"product_tag","embeddable":true,"href":"https:\/\/www.vita.sk\/cs\/wp-json\/wp\/v2\/product_tag?post=776"}],"curies":[{"name":"wp","href":"https:\/\/api.w.org\/{rel}","templated":true}]}}