{"id":7803,"date":"2021-10-12T10:17:49","date_gmt":"2021-10-12T08:17:49","guid":{"rendered":"https:\/\/www.vita.sk\/?post_type=product&#038;p=7803"},"modified":"2026-01-26T12:19:51","modified_gmt":"2026-01-26T11:19:51","slug":"online-kurz-sqlite-i-zaciatocnik","status":"publish","type":"product","link":"https:\/\/www.vita.sk\/cs\/online-kurz-sqlite-i-zaciatocnik\/","title":{"rendered":"Online kurz SQLite I. Za\u010diato\u010dn\u00edk"},"content":{"rendered":"<p>Online kurz SQLite I. Za\u010diato\u010dn\u00edk je pre v\u00e1s ide\u00e1lny, ak ste sa chcete nau\u010di\u0165 pracova\u0165 s rela\u010dn\u00fdm datab\u00e1zov\u00fdm syst\u00e9mom SQLite. <strong>Ide o jedin\u00fd akreditovan\u00fd a certifikovan\u00fd kurz na SQLite\u00a0 na Slovensku. <\/strong>Osvoj\u00edte si pou\u017e\u00edvate\u013esk\u00e9 rozhranie SQLite, vlastnosti a pou\u017e\u00edvanie SQLite Studio. Nau\u010d\u00edte sa pou\u017e\u00edva\u0165 r\u00f4zne n\u00e1stroje na pr\u00e1cu s SQLite vr\u00e1tane simul\u00e1tora, pr\u00edkazov\u00e9ho riadku (CMD) a grafick\u00e9ho po\u017e\u00edvate\u013esk\u00e9ho rozhrania (GUI). Uk\u00e1\u017eeme si ako spravova\u0165 datab\u00e1zy, manipulova\u0165 s d\u00e1tami a p\u00edsa\u0165 dopyty v jazyku SQL. Osvoj\u00edte si techniky importovania a spracovania datasetov. Nau\u010d\u00edte sa, ako aplikova\u0165 filtre na d\u00e1ta a pracova\u0165 s r\u00f4znymi typmi d\u00e1t, ako s\u00fa cel\u00e9 \u010d\u00edsla (integer). Nau\u010d\u00edte sa, ako aplikova\u0165 filtre na d\u00e1ta a pracova\u0165 s r\u00f4znymi typmi d\u00e1t, tvori\u0165 datab\u00e1zy a tabu\u013eky. Ak sa chcete skuto\u010dne nau\u010di\u0165 pou\u017e\u00edva\u0165 SQLite, tak toto je ide\u00e1lny online kurz pre v\u00e1s.<\/p>\n","protected":false},"excerpt":{"rendered":"<p>Online kurz SQLite I. Za\u010diato\u010dn\u00edk je pre v\u00e1s ide\u00e1lny, ak ste sa chcete nau\u010di\u0165 pracova\u0165 s rela\u010dn\u00fdm datab\u00e1zov\u00fdm syst\u00e9mom SQLite. Ide o jedin\u00fd akreditovan\u00fd a certifikovan\u00fd kurz na SQLite\u00a0 na Slovensku. Osvoj\u00edte si pou\u017e\u00edvate\u013esk\u00e9 rozhranie SQLite, vlastnosti a pou\u017e\u00edvanie SQLite Studio.","protected":false},"author":27,"featured_media":4745,"comment_status":"open","ping_status":"closed","template":"","meta":{"_acf_changed":false},"product_brand":[],"product_cat":[55,49,73],"product_tag":[188,352],"class_list":{"0":"post-7803","1":"product","2":"type-product","3":"status-publish","4":"has-post-thumbnail","6":"product_cat-online-kurzy-sql","7":"product_cat-online-kurzy-databazy-statistika-analytika","8":"product_cat-bez-kategorie","9":"product_tag-databazy-a-analytika","10":"product_tag-sqlite","12":"first","13":"instock","14":"sale","15":"sold-individually","16":"taxable","17":"shipping-taxable","18":"purchasable","19":"product-type-simple"},"yoast_head":"<!-- This site is optimized with the Yoast SEO Premium plugin v25.0 (Yoast SEO v25.0) - https:\/\/yoast.com\/wordpress\/plugins\/seo\/ -->\n<title>Online kurz SQLite I. Za\u010diato\u010dn\u00edk 2026 | VITA<\/title>\n<meta name=\"description\" content=\"Online kurz SQLite I. Za\u010diato\u010dn\u00edk je pre teba vhodn\u00fd, ak si sa rozhodol pre pr\u00e1cu s rela\u010dn\u00fdm datab\u00e1zov\u00fdm syst\u00e9mom SQLite nap\u00edsan\u00fdm v C. Obozn\u00e1mime \u0165a so z\u00e1kladnou dokument\u00e1ciou a predstav\u00edme ti d\u00f4vody pou\u017e\u00edvania tohto syst\u00e9mu. Vyzna\u0165 sa bude\u0161 v programovacom rozhran\u00ed SQLite, zvl\u00e1dne\u0161 kompil\u00e1ciu k\u00f3du a pou\u017e\u00edvanie \u0161peci\u00e1lnych pr\u00edkazov.\" \/>\n<meta name=\"robots\" content=\"index, follow, max-snippet:-1, max-image-preview:large, max-video-preview:-1\" \/>\n<link rel=\"canonical\" href=\"https:\/\/www.vita.sk\/online-kurz-sqlite-i-zaciatocnik\/\" \/>\n<meta property=\"og:locale\" content=\"cs_CZ\" \/>\n<meta property=\"og:type\" content=\"article\" \/>\n<meta property=\"og:title\" content=\"Online kurz SQLite I. Za\u010diato\u010dn\u00edk\" \/>\n<meta property=\"og:description\" content=\"Online kurz SQLite I. Za\u010diato\u010dn\u00edk je pre teba vhodn\u00fd, ak si sa rozhodol pre pr\u00e1cu s rela\u010dn\u00fdm datab\u00e1zov\u00fdm syst\u00e9mom SQLite nap\u00edsan\u00fdm v C. Obozn\u00e1mime \u0165a so z\u00e1kladnou dokument\u00e1ciou a predstav\u00edme ti d\u00f4vody pou\u017e\u00edvania tohto syst\u00e9mu. Vyzna\u0165 sa bude\u0161 v programovacom rozhran\u00ed SQLite, zvl\u00e1dne\u0161 kompil\u00e1ciu k\u00f3du a pou\u017e\u00edvanie \u0161peci\u00e1lnych pr\u00edkazov.\" \/>\n<meta property=\"og:url\" content=\"https:\/\/www.vita.sk\/online-kurz-sqlite-i-zaciatocnik\/\" \/>\n<meta property=\"og:site_name\" content=\"VITA\" \/>\n<meta property=\"article:publisher\" content=\"https:\/\/www.facebook.com\/VitaAcademySK\" \/>\n<meta property=\"article:modified_time\" content=\"2026-01-26T11:19:51+00:00\" \/>\n<meta property=\"og:image\" content=\"https:\/\/www.vita.sk\/wp-content\/uploads\/2020\/12\/kurz-sqlite.png\" \/>\n\t<meta property=\"og:image:width\" content=\"360\" \/>\n\t<meta property=\"og:image:height\" content=\"360\" \/>\n\t<meta property=\"og:image:type\" content=\"image\/png\" \/>\n<meta name=\"twitter:card\" content=\"summary_large_image\" \/>\n<meta name=\"twitter:label1\" content=\"Odhadovan\u00e1 doba \u010dten\u00ed\" \/>\n\t<meta name=\"twitter:data1\" content=\"1 minuta\" \/>\n<script type=\"application\/ld+json\" class=\"yoast-schema-graph\">{\n\t    \"@context\": \"https:\/\/schema.org\",\n\t    \"@graph\": [\n\t        {\n\t            \"@type\": \"WebPage\",\n\t            \"@id\": \"https:\/\/www.vita.sk\/online-kurz-sqlite-i-zaciatocnik\/\",\n\t            \"url\": \"https:\/\/www.vita.sk\/online-kurz-sqlite-i-zaciatocnik\/\",\n\t            \"name\": \"Online kurz SQLite I. Za\u010diato\u010dn\u00edk {Y} | VITA\",\n\t            \"isPartOf\": {\n\t                \"@id\": \"https:\/\/www.vita.sk\/#website\"\n\t            },\n\t            \"primaryImageOfPage\": {\n\t                \"@id\": \"https:\/\/www.vita.sk\/online-kurz-sqlite-i-zaciatocnik\/#primaryimage\"\n\t            },\n\t            \"image\": {\n\t                \"@id\": \"https:\/\/www.vita.sk\/online-kurz-sqlite-i-zaciatocnik\/#primaryimage\"\n\t            },\n\t            \"thumbnailUrl\": \"https:\/\/www.vita.sk\/wp-content\/uploads\/2020\/12\/kurz-sqlite.png\",\n\t            \"datePublished\": \"2021-10-12T08:17:49+00:00\",\n\t            \"dateModified\": \"2026-01-26T11:19:51+00:00\",\n\t            \"description\": \"Online kurz SQLite I. Za\u010diato\u010dn\u00edk je pre teba vhodn\u00fd, ak si sa rozhodol pre pr\u00e1cu s rela\u010dn\u00fdm datab\u00e1zov\u00fdm syst\u00e9mom SQLite nap\u00edsan\u00fdm v C. Obozn\u00e1mime \u0165a so z\u00e1kladnou dokument\u00e1ciou a predstav\u00edme ti d\u00f4vody pou\u017e\u00edvania tohto syst\u00e9mu. Vyzna\u0165 sa bude\u0161 v programovacom rozhran\u00ed SQLite, zvl\u00e1dne\u0161 kompil\u00e1ciu k\u00f3du a pou\u017e\u00edvanie \u0161peci\u00e1lnych pr\u00edkazov.\",\n\t            \"breadcrumb\": {\n\t                \"@id\": \"https:\/\/www.vita.sk\/online-kurz-sqlite-i-zaciatocnik\/#breadcrumb\"\n\t            },\n\t            \"inLanguage\": \"cs\",\n\t            \"potentialAction\": [\n\t                {\n\t                    \"@type\": \"ReadAction\",\n\t                    \"target\": [\n\t                        \"https:\/\/www.vita.sk\/online-kurz-sqlite-i-zaciatocnik\/\"\n\t                    ]\n\t                }\n\t            ]\n\t        },\n\t        {\n\t            \"@type\": \"ImageObject\",\n\t            \"inLanguage\": \"cs\",\n\t            \"@id\": \"https:\/\/www.vita.sk\/online-kurz-sqlite-i-zaciatocnik\/#primaryimage\",\n\t            \"url\": \"https:\/\/www.vita.sk\/wp-content\/uploads\/2020\/12\/kurz-sqlite.png\",\n\t            \"contentUrl\": \"https:\/\/www.vita.sk\/wp-content\/uploads\/2020\/12\/kurz-sqlite.png\",\n\t            \"width\": 360,\n\t            \"height\": 360,\n\t            \"caption\": \"Online kurz SQLite\"\n\t        },\n\t        {\n\t            \"@type\": \"BreadcrumbList\",\n\t            \"@id\": \"https:\/\/www.vita.sk\/online-kurz-sqlite-i-zaciatocnik\/#breadcrumb\",\n\t            \"itemListElement\": [\n\t                {\n\t                    \"@type\": \"ListItem\",\n\t                    \"position\": 1,\n\t                    \"name\": \"VITA Academy\",\n\t                    \"item\": \"https:\/\/www.vita.sk\/cs\/\"\n\t                },\n\t                {\n\t                    \"@type\": \"ListItem\",\n\t                    \"position\": 2,\n\t                    \"name\": \"Shop\",\n\t                    \"item\": \"https:\/\/www.vita.sk\/shop\/\"\n\t                },\n\t                {\n\t                    \"@type\": \"ListItem\",\n\t                    \"position\": 3,\n\t                    \"name\": \"Spr\u00e1va Datab\u00e1z, \u0160tatistika a D\u00e1tov\u00e1 Anal\u00fdza\",\n\t                    \"item\": \"https:\/\/www.vita.sk\/online-kurzy-databazy-analytika\/\"\n\t                },\n\t                {\n\t                    \"@type\": \"ListItem\",\n\t                    \"position\": 4,\n\t                    \"name\": \"SQL\",\n\t                    \"item\": \"https:\/\/www.vita.sk\/online-kurzy-sql\/\"\n\t                },\n\t                {\n\t                    \"@type\": \"ListItem\",\n\t                    \"position\": 5,\n\t                    \"name\": \"Online kurz SQLite I. Za\u010diato\u010dn\u00edk\"\n\t                }\n\t            ]\n\t        },\n\t        {\n\t            \"@type\": \"WebSite\",\n\t            \"@id\": \"https:\/\/www.vita.sk\/#website\",\n\t            \"url\": \"https:\/\/www.vita.sk\/\",\n\t            \"name\": \"VITA\",\n\t            \"description\": \"\",\n\t            \"publisher\": {\n\t                \"@id\": \"https:\/\/www.vita.sk\/#organization\"\n\t            },\n\t            \"potentialAction\": [\n\t                {\n\t                    \"@type\": \"SearchAction\",\n\t                    \"target\": {\n\t                        \"@type\": \"EntryPoint\",\n\t                        \"urlTemplate\": \"https:\/\/www.vita.sk\/?s={search_term_string}\"\n\t                    },\n\t                    \"query-input\": {\n\t                        \"@type\": \"PropertyValueSpecification\",\n\t                        \"valueRequired\": true,\n\t                        \"valueName\": \"search_term_string\"\n\t                    }\n\t                }\n\t            ],\n\t            \"inLanguage\": \"cs\"\n\t        },\n\t        {\n\t            \"email\": \"admin@vita.sk\",\n\t            \"logo\": \"https:\/\/www.vita.sk\/img\/vita_logo.png \",\n\t            \"address\": {\n\t                \"type\": \"PostalAddress\",\n\t                \"streetAddress\": \"Tom\u00e1\u0161ikova 50\/A\",\n\t                \"addressLocality\": \"Bratislava\",\n\t                \"postalCode\": \"83104\",\n\t                \"addressCountry\": {\n\t                    \"name\": \"SK\",\n\t                    \"type\": \"Country\"\n\t                }\n\t            },\n\t            \"contactPoint\": {\n\t                \"type\": \"ContactPoint\",\n\t                \"telephone\": \"+421 907 375\u00a0543\",\n\t                \"Email\": \"admin@vita.sk\",\n\t                \"contactType\": \"customer service\"\n\t            },\n\t            \"sameAs\": [\n\t                \"https:\/\/www.facebook.com\/VitaAcademySK\/\",\n\t                \"https:\/\/www.linkedin.com\/company\/vita-academy\/\"\n\t            ]\n\t        }\n\t    ]\n\t}<\/script>\n<!-- \/ Yoast SEO Premium plugin. -->","yoast_head_json":{"title":"Online kurz SQLite I. Za\u010diato\u010dn\u00edk 2026 | VITA","description":"Online kurz SQLite I. Za\u010diato\u010dn\u00edk je pre teba vhodn\u00fd, ak si sa rozhodol pre pr\u00e1cu s rela\u010dn\u00fdm datab\u00e1zov\u00fdm syst\u00e9mom SQLite nap\u00edsan\u00fdm v C. Obozn\u00e1mime \u0165a so z\u00e1kladnou dokument\u00e1ciou a predstav\u00edme ti d\u00f4vody pou\u017e\u00edvania tohto syst\u00e9mu. Vyzna\u0165 sa bude\u0161 v programovacom rozhran\u00ed SQLite, zvl\u00e1dne\u0161 kompil\u00e1ciu k\u00f3du a pou\u017e\u00edvanie \u0161peci\u00e1lnych pr\u00edkazov.","robots":{"index":"index","follow":"follow","max-snippet":"max-snippet:-1","max-image-preview":"max-image-preview:large","max-video-preview":"max-video-preview:-1"},"canonical":"https:\/\/www.vita.sk\/online-kurz-sqlite-i-zaciatocnik\/","og_locale":"cs_CZ","og_type":"article","og_title":"Online kurz SQLite I. Za\u010diato\u010dn\u00edk","og_description":"Online kurz SQLite I. Za\u010diato\u010dn\u00edk je pre teba vhodn\u00fd, ak si sa rozhodol pre pr\u00e1cu s rela\u010dn\u00fdm datab\u00e1zov\u00fdm syst\u00e9mom SQLite nap\u00edsan\u00fdm v C. Obozn\u00e1mime \u0165a so z\u00e1kladnou dokument\u00e1ciou a predstav\u00edme ti d\u00f4vody pou\u017e\u00edvania tohto syst\u00e9mu. Vyzna\u0165 sa bude\u0161 v programovacom rozhran\u00ed SQLite, zvl\u00e1dne\u0161 kompil\u00e1ciu k\u00f3du a pou\u017e\u00edvanie \u0161peci\u00e1lnych pr\u00edkazov.","og_url":"https:\/\/www.vita.sk\/online-kurz-sqlite-i-zaciatocnik\/","og_site_name":"VITA","article_publisher":"https:\/\/www.facebook.com\/VitaAcademySK","article_modified_time":"2026-01-26T11:19:51+00:00","og_image":[{"width":360,"height":360,"url":"https:\/\/www.vita.sk\/wp-content\/uploads\/2020\/12\/kurz-sqlite.png","type":"image\/png"}],"twitter_card":"summary_large_image","twitter_misc":{"Odhadovan\u00e1 doba \u010dten\u00ed":"1 minuta"},"schema":{"@context":"https:\/\/schema.org","@graph":[{"@type":"WebPage","@id":"https:\/\/www.vita.sk\/online-kurz-sqlite-i-zaciatocnik\/","url":"https:\/\/www.vita.sk\/online-kurz-sqlite-i-zaciatocnik\/","name":"Online kurz SQLite I. Za\u010diato\u010dn\u00edk {Y} | VITA","isPartOf":{"@id":"https:\/\/www.vita.sk\/#website"},"primaryImageOfPage":{"@id":"https:\/\/www.vita.sk\/online-kurz-sqlite-i-zaciatocnik\/#primaryimage"},"image":{"@id":"https:\/\/www.vita.sk\/online-kurz-sqlite-i-zaciatocnik\/#primaryimage"},"thumbnailUrl":"https:\/\/www.vita.sk\/wp-content\/uploads\/2020\/12\/kurz-sqlite.png","datePublished":"2021-10-12T08:17:49+00:00","dateModified":"2026-01-26T11:19:51+00:00","description":"Online kurz SQLite I. Za\u010diato\u010dn\u00edk je pre teba vhodn\u00fd, ak si sa rozhodol pre pr\u00e1cu s rela\u010dn\u00fdm datab\u00e1zov\u00fdm syst\u00e9mom SQLite nap\u00edsan\u00fdm v C. Obozn\u00e1mime \u0165a so z\u00e1kladnou dokument\u00e1ciou a predstav\u00edme ti d\u00f4vody pou\u017e\u00edvania tohto syst\u00e9mu. Vyzna\u0165 sa bude\u0161 v programovacom rozhran\u00ed SQLite, zvl\u00e1dne\u0161 kompil\u00e1ciu k\u00f3du a pou\u017e\u00edvanie \u0161peci\u00e1lnych pr\u00edkazov.","breadcrumb":{"@id":"https:\/\/www.vita.sk\/online-kurz-sqlite-i-zaciatocnik\/#breadcrumb"},"inLanguage":"cs","potentialAction":[{"@type":"ReadAction","target":["https:\/\/www.vita.sk\/online-kurz-sqlite-i-zaciatocnik\/"]}]},{"@type":"ImageObject","inLanguage":"cs","@id":"https:\/\/www.vita.sk\/online-kurz-sqlite-i-zaciatocnik\/#primaryimage","url":"https:\/\/www.vita.sk\/wp-content\/uploads\/2020\/12\/kurz-sqlite.png","contentUrl":"https:\/\/www.vita.sk\/wp-content\/uploads\/2020\/12\/kurz-sqlite.png","width":360,"height":360,"caption":"Online kurz SQLite"},{"@type":"BreadcrumbList","@id":"https:\/\/www.vita.sk\/online-kurz-sqlite-i-zaciatocnik\/#breadcrumb","itemListElement":[{"@type":"ListItem","position":1,"name":"VITA Academy","item":"https:\/\/www.vita.sk\/cs\/"},{"@type":"ListItem","position":2,"name":"Shop","item":"https:\/\/www.vita.sk\/shop\/"},{"@type":"ListItem","position":3,"name":"Spr\u00e1va Datab\u00e1z, \u0160tatistika a D\u00e1tov\u00e1 Anal\u00fdza","item":"https:\/\/www.vita.sk\/online-kurzy-databazy-analytika\/"},{"@type":"ListItem","position":4,"name":"SQL","item":"https:\/\/www.vita.sk\/online-kurzy-sql\/"},{"@type":"ListItem","position":5,"name":"Online kurz SQLite I. Za\u010diato\u010dn\u00edk"}]},{"@type":"WebSite","@id":"https:\/\/www.vita.sk\/#website","url":"https:\/\/www.vita.sk\/","name":"VITA","description":"","publisher":{"@id":"https:\/\/www.vita.sk\/#organization"},"potentialAction":[{"@type":"SearchAction","target":{"@type":"EntryPoint","urlTemplate":"https:\/\/www.vita.sk\/?s={search_term_string}"},"query-input":{"@type":"PropertyValueSpecification","valueRequired":true,"valueName":"search_term_string"}}],"inLanguage":"cs"},{"email":"admin@vita.sk","logo":"https:\/\/www.vita.sk\/img\/vita_logo.png ","address":{"type":"PostalAddress","streetAddress":"Tom\u00e1\u0161ikova 50\/A","addressLocality":"Bratislava","postalCode":"83104","addressCountry":{"name":"SK","type":"Country"}},"contactPoint":{"type":"ContactPoint","telephone":"+421 907 375\u00a0543","Email":"admin@vita.sk","contactType":"customer service"},"sameAs":["https:\/\/www.facebook.com\/VitaAcademySK\/","https:\/\/www.linkedin.com\/company\/vita-academy\/"]}]}},"acf":[],"_links":{"self":[{"href":"https:\/\/www.vita.sk\/cs\/wp-json\/wp\/v2\/product\/7803","targetHints":{"allow":["GET"]}}],"collection":[{"href":"https:\/\/www.vita.sk\/cs\/wp-json\/wp\/v2\/product"}],"about":[{"href":"https:\/\/www.vita.sk\/cs\/wp-json\/wp\/v2\/types\/product"}],"author":[{"embeddable":true,"href":"https:\/\/www.vita.sk\/cs\/wp-json\/wp\/v2\/users\/27"}],"replies":[{"embeddable":true,"href":"https:\/\/www.vita.sk\/cs\/wp-json\/wp\/v2\/comments?post=7803"}],"wp:featuredmedia":[{"embeddable":true,"href":"https:\/\/www.vita.sk\/cs\/wp-json\/wp\/v2\/media\/4745"}],"wp:attachment":[{"href":"https:\/\/www.vita.sk\/cs\/wp-json\/wp\/v2\/media?parent=7803"}],"wp:term":[{"taxonomy":"product_brand","embeddable":true,"href":"https:\/\/www.vita.sk\/cs\/wp-json\/wp\/v2\/product_brand?post=7803"},{"taxonomy":"product_cat","embeddable":true,"href":"https:\/\/www.vita.sk\/cs\/wp-json\/wp\/v2\/product_cat?post=7803"},{"taxonomy":"product_tag","embeddable":true,"href":"https:\/\/www.vita.sk\/cs\/wp-json\/wp\/v2\/product_tag?post=7803"}],"curies":[{"name":"wp","href":"https:\/\/api.w.org\/{rel}","templated":true}]}}