{"id":806,"date":"2021-07-29T14:15:17","date_gmt":"2021-07-29T12:15:17","guid":{"rendered":"http:\/\/vita.sk.vps324.nameserver.sk\/?post_type=product&#038;p=806"},"modified":"2026-03-27T11:34:36","modified_gmt":"2026-03-27T10:34:36","slug":"online-kurz-php-i-zaciatocnik","status":"publish","type":"product","link":"https:\/\/www.vita.sk\/cs\/online-kurz-php-i-zaciatocnik\/","title":{"rendered":"Online kurz PHP I. Za\u010diato\u010dn\u00edk"},"content":{"rendered":"<p>Online kurz PHP I. Za\u010diato\u010dn\u00edk je pre v\u00e1s ide\u00e1lny, ak sa chcete nau\u010di\u0165 vytv\u00e1ra\u0165 dynamick\u00e9 webov\u00e9 aplik\u00e1cie a pochopi\u0165 princ\u00edpy serverov\u00e9ho programovania v jazyku PHP. <strong>Ide o akreditovan\u00fd a certifikovan\u00fd kurz na PHP<\/strong>. V tomto kurze sa nau\u010d\u00edme, ako funguje jazyk PHP v kontexte webov\u00fdch aplik\u00e1ci\u00ed a ako si spr\u00e1vne nastavi\u0165 v\u00fdvojov\u00e9 prostredie pomocou n\u00e1strojov ako WAMP, EasyPHP a datab\u00e1zy MySQL. Zameriame sa na pr\u00e1cu s premenn\u00fdmi, kon\u0161tantami a z\u00e1kladn\u00fdmi d\u00e1tov\u00fdmi typmi a nau\u010d\u00edme sa, ako pren\u00e1\u0161a\u0165 d\u00e1ta pomocou met\u00f3d GET a POST. Nau\u010d\u00edme sa integrova\u0165 PHP s HTML a vytv\u00e1ra\u0165 dynamick\u00e9 webov\u00e9 str\u00e1nky, ktor\u00e9 reaguj\u00fa na vstupy pou\u017e\u00edvate\u013ea. Osvoj\u00edme si riadiace \u0161trukt\u00fary ako podmienky, cykly a logick\u00e9 oper\u00e1cie, ktor\u00e9 s\u00fa nevyhnutn\u00e9 pri tvorbe aplik\u00e1ci\u00ed. Nau\u010d\u00edme sa pracova\u0165 s formul\u00e1rmi, spracov\u00e1va\u0165 vstupn\u00e9 d\u00e1ta a validova\u0165 ich pomocou funkci\u00ed ako isset, empty a \u010fal\u0161\u00edch n\u00e1strojov. D\u00f4le\u017eitou s\u00fa\u010das\u0165ou je aj pr\u00e1ca so stringami, oper\u00e1tormi a pretypovan\u00edm d\u00e1t, ktor\u00e9 umo\u017e\u0148uj\u00fa efekt\u00edvne spracovanie inform\u00e1ci\u00ed. Nau\u010d\u00edme sa vytv\u00e1ra\u0165 vlastn\u00e9 funkcie, pou\u017e\u00edva\u0165 parametre a aplikova\u0165 princ\u00edp DRY pre optimaliz\u00e1ciu k\u00f3du. Zameriame sa aj na pr\u00e1cu so s\u00fabormi, projektovou \u0161trukt\u00farou a rie\u0161enie be\u017en\u00fdch probl\u00e9mov pri v\u00fdvoji. Po absolvovan\u00ed kurzu budeme schopn\u00ed vytv\u00e1ra\u0165 z\u00e1kladn\u00e9 PHP aplik\u00e1cie, spracov\u00e1va\u0165 formul\u00e1re a pracova\u0165 s d\u00e1tami na serverovej strane, ak sa chcete skuto\u010dne nau\u010di\u0165 programova\u0165 v PHP a sta\u0165 sa PHP developerom, tak toto je ide\u00e1lny vstupn\u00fd online kurz pre v\u00e1s.<\/p>\n","protected":false},"excerpt":{"rendered":".","protected":false},"author":27,"featured_media":968,"comment_status":"open","ping_status":"closed","template":"","meta":{"_acf_changed":false},"product_brand":[],"product_cat":[125,114,73],"product_tag":[193],"class_list":{"0":"post-806","1":"product","2":"type-product","3":"status-publish","4":"has-post-thumbnail","6":"product_cat-online-kurzy-php","7":"product_cat-online-kurzy-tvorba-web-stranok","8":"product_cat-bez-kategorie","9":"product_tag-tvorba-web-stranok","11":"first","12":"instock","13":"sale","14":"sold-individually","15":"taxable","16":"shipping-taxable","17":"purchasable","18":"product-type-simple"},"yoast_head":"<!-- This site is optimized with the Yoast SEO Premium plugin v25.0 (Yoast SEO v25.0) - https:\/\/yoast.com\/wordpress\/plugins\/seo\/ -->\n<title>Online kurz PHP pre za\u010diato\u010dn\u00edkov 2026 | VITA<\/title>\n<meta name=\"description\" content=\"V online kurze PHP pre za\u010diato\u010dn\u00edkov sa nau\u010d\u00ed\u0161 z\u00e1klady jazyka PHP, a rozbehne\u0161 svoj prv\u00fd Apache Server. Nau\u010d\u00ed\u0161 sa pou\u017e\u00edva\u0165 premenn\u00e9, polia \u010di oper\u00e1tory.\" \/>\n<meta name=\"robots\" content=\"index, follow, max-snippet:-1, max-image-preview:large, max-video-preview:-1\" \/>\n<link rel=\"canonical\" href=\"https:\/\/www.vita.sk\/online-kurz-php-i-zaciatocnik\/\" \/>\n<meta property=\"og:locale\" content=\"cs_CZ\" \/>\n<meta property=\"og:type\" content=\"article\" \/>\n<meta property=\"og:title\" content=\"Online kurz PHP I. Za\u010diato\u010dn\u00edk\" \/>\n<meta property=\"og:description\" content=\"V online kurze PHP pre za\u010diato\u010dn\u00edkov sa nau\u010d\u00ed\u0161 z\u00e1klady jazyka PHP, a rozbehne\u0161 svoj prv\u00fd Apache Server. Nau\u010d\u00ed\u0161 sa pou\u017e\u00edva\u0165 premenn\u00e9, polia \u010di oper\u00e1tory.\" \/>\n<meta property=\"og:url\" content=\"https:\/\/www.vita.sk\/online-kurz-php-i-zaciatocnik\/\" \/>\n<meta property=\"og:site_name\" content=\"VITA\" \/>\n<meta property=\"article:publisher\" content=\"https:\/\/www.facebook.com\/VitaAcademySK\" \/>\n<meta property=\"article:modified_time\" content=\"2026-03-27T10:34:36+00:00\" \/>\n<meta property=\"og:image\" content=\"https:\/\/www.vita.sk\/wp-content\/uploads\/2019\/07\/php-1.png\" \/>\n\t<meta property=\"og:image:width\" content=\"360\" \/>\n\t<meta property=\"og:image:height\" content=\"360\" \/>\n\t<meta property=\"og:image:type\" content=\"image\/png\" \/>\n<meta name=\"twitter:card\" content=\"summary_large_image\" \/>\n<meta name=\"twitter:label1\" content=\"Odhadovan\u00e1 doba \u010dten\u00ed\" \/>\n\t<meta name=\"twitter:data1\" content=\"2 minuty\" \/>\n<script type=\"application\/ld+json\" class=\"yoast-schema-graph\">{\n\t    \"@context\": \"https:\/\/schema.org\",\n\t    \"@graph\": [\n\t        {\n\t            \"@type\": \"WebPage\",\n\t            \"@id\": \"https:\/\/www.vita.sk\/online-kurz-php-i-zaciatocnik\/\",\n\t            \"url\": \"https:\/\/www.vita.sk\/online-kurz-php-i-zaciatocnik\/\",\n\t            \"name\": \"Online kurz PHP pre za\u010diato\u010dn\u00edkov {Y} | VITA\",\n\t            \"isPartOf\": {\n\t                \"@id\": \"https:\/\/www.vita.sk\/#website\"\n\t            },\n\t            \"primaryImageOfPage\": {\n\t                \"@id\": \"https:\/\/www.vita.sk\/online-kurz-php-i-zaciatocnik\/#primaryimage\"\n\t            },\n\t            \"image\": {\n\t                \"@id\": \"https:\/\/www.vita.sk\/online-kurz-php-i-zaciatocnik\/#primaryimage\"\n\t            },\n\t            \"thumbnailUrl\": \"https:\/\/www.vita.sk\/wp-content\/uploads\/2019\/07\/php-1.png\",\n\t            \"datePublished\": \"2021-07-29T12:15:17+00:00\",\n\t            \"dateModified\": \"2026-03-27T10:34:36+00:00\",\n\t            \"description\": \"V online kurze PHP pre za\u010diato\u010dn\u00edkov sa nau\u010d\u00ed\u0161 z\u00e1klady jazyka PHP, a rozbehne\u0161 svoj prv\u00fd Apache Server. Nau\u010d\u00ed\u0161 sa pou\u017e\u00edva\u0165 premenn\u00e9, polia \u010di oper\u00e1tory.\",\n\t            \"breadcrumb\": {\n\t                \"@id\": \"https:\/\/www.vita.sk\/online-kurz-php-i-zaciatocnik\/#breadcrumb\"\n\t            },\n\t            \"inLanguage\": \"cs\",\n\t            \"potentialAction\": [\n\t                {\n\t                    \"@type\": \"ReadAction\",\n\t                    \"target\": [\n\t                        \"https:\/\/www.vita.sk\/online-kurz-php-i-zaciatocnik\/\"\n\t                    ]\n\t                }\n\t            ]\n\t        },\n\t        {\n\t            \"@type\": \"ImageObject\",\n\t            \"inLanguage\": \"cs\",\n\t            \"@id\": \"https:\/\/www.vita.sk\/online-kurz-php-i-zaciatocnik\/#primaryimage\",\n\t            \"url\": \"https:\/\/www.vita.sk\/wp-content\/uploads\/2019\/07\/php-1.png\",\n\t            \"contentUrl\": \"https:\/\/www.vita.sk\/wp-content\/uploads\/2019\/07\/php-1.png\",\n\t            \"width\": 360,\n\t            \"height\": 360,\n\t            \"caption\": \"Online kurz PHP\"\n\t        },\n\t        {\n\t            \"@type\": \"BreadcrumbList\",\n\t            \"@id\": \"https:\/\/www.vita.sk\/online-kurz-php-i-zaciatocnik\/#breadcrumb\",\n\t            \"itemListElement\": [\n\t                {\n\t                    \"@type\": \"ListItem\",\n\t                    \"position\": 1,\n\t                    \"name\": \"VITA Academy\",\n\t                    \"item\": \"https:\/\/www.vita.sk\/cs\/\"\n\t                },\n\t                {\n\t                    \"@type\": \"ListItem\",\n\t                    \"position\": 2,\n\t                    \"name\": \"Shop\",\n\t                    \"item\": \"https:\/\/www.vita.sk\/shop\/\"\n\t                },\n\t                {\n\t                    \"@type\": \"ListItem\",\n\t                    \"position\": 3,\n\t                    \"name\": \"Tvorba Web Str\u00e1nok\",\n\t                    \"item\": \"https:\/\/www.vita.sk\/online-kurzy-tvorba-web-stranok\/\"\n\t                },\n\t                {\n\t                    \"@type\": \"ListItem\",\n\t                    \"position\": 4,\n\t                    \"name\": \"PHP\",\n\t                    \"item\": \"https:\/\/www.vita.sk\/online-kurzy-php\/\"\n\t                },\n\t                {\n\t                    \"@type\": \"ListItem\",\n\t                    \"position\": 5,\n\t                    \"name\": \"Online kurz PHP I. Za\u010diato\u010dn\u00edk\"\n\t                }\n\t            ]\n\t        },\n\t        {\n\t            \"@type\": \"WebSite\",\n\t            \"@id\": \"https:\/\/www.vita.sk\/#website\",\n\t            \"url\": \"https:\/\/www.vita.sk\/\",\n\t            \"name\": \"VITA\",\n\t            \"description\": \"\",\n\t            \"publisher\": {\n\t                \"@id\": \"https:\/\/www.vita.sk\/#organization\"\n\t            },\n\t            \"potentialAction\": [\n\t                {\n\t                    \"@type\": \"SearchAction\",\n\t                    \"target\": {\n\t                        \"@type\": \"EntryPoint\",\n\t                        \"urlTemplate\": \"https:\/\/www.vita.sk\/?s={search_term_string}\"\n\t                    },\n\t                    \"query-input\": {\n\t                        \"@type\": \"PropertyValueSpecification\",\n\t                        \"valueRequired\": true,\n\t                        \"valueName\": \"search_term_string\"\n\t                    }\n\t                }\n\t            ],\n\t            \"inLanguage\": \"cs\"\n\t        },\n\t        {\n\t            \"email\": \"admin@vita.sk\",\n\t            \"logo\": \"https:\/\/www.vita.sk\/img\/vita_logo.png \",\n\t            \"address\": {\n\t                \"type\": \"PostalAddress\",\n\t                \"streetAddress\": \"Tom\u00e1\u0161ikova 50\/A\",\n\t                \"addressLocality\": \"Bratislava\",\n\t                \"postalCode\": \"83104\",\n\t                \"addressCountry\": {\n\t                    \"name\": \"SK\",\n\t                    \"type\": \"Country\"\n\t                }\n\t            },\n\t            \"contactPoint\": {\n\t                \"type\": \"ContactPoint\",\n\t                \"telephone\": \"+421 907 375\u00a0543\",\n\t                \"Email\": \"admin@vita.sk\",\n\t                \"contactType\": \"customer service\"\n\t            },\n\t            \"sameAs\": [\n\t                \"https:\/\/www.facebook.com\/VitaAcademySK\/\",\n\t                \"https:\/\/www.linkedin.com\/company\/vita-academy\/\"\n\t            ]\n\t        }\n\t    ]\n\t}<\/script>\n<!-- \/ Yoast SEO Premium plugin. -->","yoast_head_json":{"title":"Online kurz PHP pre za\u010diato\u010dn\u00edkov 2026 | VITA","description":"V online kurze PHP pre za\u010diato\u010dn\u00edkov sa nau\u010d\u00ed\u0161 z\u00e1klady jazyka PHP, a rozbehne\u0161 svoj prv\u00fd Apache Server. Nau\u010d\u00ed\u0161 sa pou\u017e\u00edva\u0165 premenn\u00e9, polia \u010di oper\u00e1tory.","robots":{"index":"index","follow":"follow","max-snippet":"max-snippet:-1","max-image-preview":"max-image-preview:large","max-video-preview":"max-video-preview:-1"},"canonical":"https:\/\/www.vita.sk\/online-kurz-php-i-zaciatocnik\/","og_locale":"cs_CZ","og_type":"article","og_title":"Online kurz PHP I. Za\u010diato\u010dn\u00edk","og_description":"V online kurze PHP pre za\u010diato\u010dn\u00edkov sa nau\u010d\u00ed\u0161 z\u00e1klady jazyka PHP, a rozbehne\u0161 svoj prv\u00fd Apache Server. Nau\u010d\u00ed\u0161 sa pou\u017e\u00edva\u0165 premenn\u00e9, polia \u010di oper\u00e1tory.","og_url":"https:\/\/www.vita.sk\/online-kurz-php-i-zaciatocnik\/","og_site_name":"VITA","article_publisher":"https:\/\/www.facebook.com\/VitaAcademySK","article_modified_time":"2026-03-27T10:34:36+00:00","og_image":[{"width":360,"height":360,"url":"https:\/\/www.vita.sk\/wp-content\/uploads\/2019\/07\/php-1.png","type":"image\/png"}],"twitter_card":"summary_large_image","twitter_misc":{"Odhadovan\u00e1 doba \u010dten\u00ed":"2 minuty"},"schema":{"@context":"https:\/\/schema.org","@graph":[{"@type":"WebPage","@id":"https:\/\/www.vita.sk\/online-kurz-php-i-zaciatocnik\/","url":"https:\/\/www.vita.sk\/online-kurz-php-i-zaciatocnik\/","name":"Online kurz PHP pre za\u010diato\u010dn\u00edkov {Y} | VITA","isPartOf":{"@id":"https:\/\/www.vita.sk\/#website"},"primaryImageOfPage":{"@id":"https:\/\/www.vita.sk\/online-kurz-php-i-zaciatocnik\/#primaryimage"},"image":{"@id":"https:\/\/www.vita.sk\/online-kurz-php-i-zaciatocnik\/#primaryimage"},"thumbnailUrl":"https:\/\/www.vita.sk\/wp-content\/uploads\/2019\/07\/php-1.png","datePublished":"2021-07-29T12:15:17+00:00","dateModified":"2026-03-27T10:34:36+00:00","description":"V online kurze PHP pre za\u010diato\u010dn\u00edkov sa nau\u010d\u00ed\u0161 z\u00e1klady jazyka PHP, a rozbehne\u0161 svoj prv\u00fd Apache Server. Nau\u010d\u00ed\u0161 sa pou\u017e\u00edva\u0165 premenn\u00e9, polia \u010di oper\u00e1tory.","breadcrumb":{"@id":"https:\/\/www.vita.sk\/online-kurz-php-i-zaciatocnik\/#breadcrumb"},"inLanguage":"cs","potentialAction":[{"@type":"ReadAction","target":["https:\/\/www.vita.sk\/online-kurz-php-i-zaciatocnik\/"]}]},{"@type":"ImageObject","inLanguage":"cs","@id":"https:\/\/www.vita.sk\/online-kurz-php-i-zaciatocnik\/#primaryimage","url":"https:\/\/www.vita.sk\/wp-content\/uploads\/2019\/07\/php-1.png","contentUrl":"https:\/\/www.vita.sk\/wp-content\/uploads\/2019\/07\/php-1.png","width":360,"height":360,"caption":"Online kurz PHP"},{"@type":"BreadcrumbList","@id":"https:\/\/www.vita.sk\/online-kurz-php-i-zaciatocnik\/#breadcrumb","itemListElement":[{"@type":"ListItem","position":1,"name":"VITA Academy","item":"https:\/\/www.vita.sk\/cs\/"},{"@type":"ListItem","position":2,"name":"Shop","item":"https:\/\/www.vita.sk\/shop\/"},{"@type":"ListItem","position":3,"name":"Tvorba Web Str\u00e1nok","item":"https:\/\/www.vita.sk\/online-kurzy-tvorba-web-stranok\/"},{"@type":"ListItem","position":4,"name":"PHP","item":"https:\/\/www.vita.sk\/online-kurzy-php\/"},{"@type":"ListItem","position":5,"name":"Online kurz PHP I. Za\u010diato\u010dn\u00edk"}]},{"@type":"WebSite","@id":"https:\/\/www.vita.sk\/#website","url":"https:\/\/www.vita.sk\/","name":"VITA","description":"","publisher":{"@id":"https:\/\/www.vita.sk\/#organization"},"potentialAction":[{"@type":"SearchAction","target":{"@type":"EntryPoint","urlTemplate":"https:\/\/www.vita.sk\/?s={search_term_string}"},"query-input":{"@type":"PropertyValueSpecification","valueRequired":true,"valueName":"search_term_string"}}],"inLanguage":"cs"},{"email":"admin@vita.sk","logo":"https:\/\/www.vita.sk\/img\/vita_logo.png ","address":{"type":"PostalAddress","streetAddress":"Tom\u00e1\u0161ikova 50\/A","addressLocality":"Bratislava","postalCode":"83104","addressCountry":{"name":"SK","type":"Country"}},"contactPoint":{"type":"ContactPoint","telephone":"+421 907 375\u00a0543","Email":"admin@vita.sk","contactType":"customer service"},"sameAs":["https:\/\/www.facebook.com\/VitaAcademySK\/","https:\/\/www.linkedin.com\/company\/vita-academy\/"]}]}},"acf":[],"_links":{"self":[{"href":"https:\/\/www.vita.sk\/cs\/wp-json\/wp\/v2\/product\/806","targetHints":{"allow":["GET"]}}],"collection":[{"href":"https:\/\/www.vita.sk\/cs\/wp-json\/wp\/v2\/product"}],"about":[{"href":"https:\/\/www.vita.sk\/cs\/wp-json\/wp\/v2\/types\/product"}],"author":[{"embeddable":true,"href":"https:\/\/www.vita.sk\/cs\/wp-json\/wp\/v2\/users\/27"}],"replies":[{"embeddable":true,"href":"https:\/\/www.vita.sk\/cs\/wp-json\/wp\/v2\/comments?post=806"}],"wp:featuredmedia":[{"embeddable":true,"href":"https:\/\/www.vita.sk\/cs\/wp-json\/wp\/v2\/media\/968"}],"wp:attachment":[{"href":"https:\/\/www.vita.sk\/cs\/wp-json\/wp\/v2\/media?parent=806"}],"wp:term":[{"taxonomy":"product_brand","embeddable":true,"href":"https:\/\/www.vita.sk\/cs\/wp-json\/wp\/v2\/product_brand?post=806"},{"taxonomy":"product_cat","embeddable":true,"href":"https:\/\/www.vita.sk\/cs\/wp-json\/wp\/v2\/product_cat?post=806"},{"taxonomy":"product_tag","embeddable":true,"href":"https:\/\/www.vita.sk\/cs\/wp-json\/wp\/v2\/product_tag?post=806"}],"curies":[{"name":"wp","href":"https:\/\/api.w.org\/{rel}","templated":true}]}}