{"id":810,"date":"2021-07-29T14:44:20","date_gmt":"2021-07-29T12:44:20","guid":{"rendered":"http:\/\/vita.sk.vps324.nameserver.sk\/?post_type=product&#038;p=810"},"modified":"2024-05-27T14:26:40","modified_gmt":"2024-05-27T12:26:40","slug":"online-kurz-symfony-i-zaciatocnik","status":"publish","type":"product","link":"https:\/\/www.vita.sk\/cs\/online-kurz-symfony-i-zaciatocnik\/","title":{"rendered":"Online kurz Symfony I. Za\u010diato\u010dn\u00edk"},"content":{"rendered":"<p>Online kurz Symfony I. Za\u010diato\u010dn\u00edk je pre v\u00e1s ide\u00e1lnou vo\u013ebou, ak si chcete osvoji\u0165 pr\u00e1cu s PHP frameworkom Symfony. <strong>Ide o jedin\u00fd akreditovan\u00fd a certifikovan\u00fd kurz na Symfony na Slovensku. <\/strong>Uk\u00e1\u017eeme v\u00e1m jej jednotliv\u00e9 s\u00fa\u010dasti a preh\u013ead EGO. Nau\u010d\u00edme v\u00e1s, ako spravova\u0165 t\u00fato platformu a nasadzova\u0165 do nej aplik\u00e1cie. Venova\u0165 sa budeme aj pl\u00e1novaniu, spr\u00e1ve z\u00e1kladn\u00fdch \u00faloh a vytv\u00e1raniu udalost\u00ed. Prejdete si aj in\u0161tal\u00e1ciu a konfigur\u00e1ciu n\u00e1strojov potrebn\u00fdch pre v\u00fdvoj. Nau\u010d\u00edte sa pou\u017e\u00edva\u0165 Symfony CLI na vytv\u00e1ranie a spr\u00e1vu projektov, generovanie k\u00f3du a vykon\u00e1vanie r\u00f4znych \u00faloh. Kurz v\u00e1s tie\u017e nau\u010d\u00ed, ako pou\u017e\u00edva\u0165 Git na spr\u00e1vu k\u00f3du, verzovanie a spolupr\u00e1cu na projektoch. Nau\u010d\u00edte sa pou\u017e\u00edva\u0165 PHP Server Toolbox na spr\u00e1vu a ladenie PHP servera. Prejdete si pr\u00e1cu s Twig \u0161abl\u00f3nov\u00fdm jazykom na tvorbu dynamick\u00fdch str\u00e1nok a integr\u00e1ciu Bootstrapu. Ak sa chcete skuto\u010dne nau\u010di\u0165 pou\u017e\u00edva\u0165 Symfony, tak toto je ide\u00e1lny online kurz pre v\u00e1s.<\/p>\n","protected":false},"excerpt":{"rendered":"<p>Online kurz Symfony I. Za\u010diato\u010dn\u00edk je pre v\u00e1s ide\u00e1lnou vo\u013ebou, ak si chcete osvoji\u0165 pr\u00e1cu s PHP frameworkom Symfony. Ide o jedin\u00fd akreditovan\u00fd a certifikovan\u00fd kurz na Symfony na Slovensku. Uk\u00e1\u017eeme v\u00e1m jej jednotliv\u00e9 s\u00fa\u010dasti a preh\u013ead EGO. Nau\u010d\u00edme v\u00e1s, ako spravova\u0165 t\u00fato platformu a nasadzova\u0165 do nej aplik\u00e1cie.","protected":false},"author":27,"featured_media":966,"comment_status":"open","ping_status":"closed","template":"","meta":{"_acf_changed":false},"product_brand":[],"product_cat":[126,114,73],"product_tag":[193],"class_list":{"0":"post-810","1":"product","2":"type-product","3":"status-publish","4":"has-post-thumbnail","6":"product_cat-online-kurzy-symfony","7":"product_cat-online-kurzy-tvorba-web-stranok","8":"product_cat-bez-kategorie","9":"product_tag-tvorba-web-stranok","11":"first","12":"instock","13":"sale","14":"sold-individually","15":"taxable","16":"shipping-taxable","17":"purchasable","18":"product-type-simple"},"yoast_head":"<!-- This site is optimized with the Yoast SEO Premium plugin v25.0 (Yoast SEO v25.0) - https:\/\/yoast.com\/wordpress\/plugins\/seo\/ -->\n<title>Online kurz Symfony pre za\u010diato\u010dn\u00edkov  | VITA<\/title>\n<meta name=\"description\" content=\"V online kurze Symfony pre za\u010diato\u010dn\u00edkov \u0165a nau\u010d\u00edme pracova\u0165 s t\u00fdmto PHP frameworkom. Osvoj\u00ed\u0161 si spr\u00e1vu tejto platformy a spr\u00e1vu z\u00e1kladn\u00fdch \u00faloh.\" \/>\n<meta name=\"robots\" content=\"index, follow, max-snippet:-1, max-image-preview:large, max-video-preview:-1\" \/>\n<link rel=\"canonical\" href=\"https:\/\/www.vita.sk\/online-kurz-symfony-i-zaciatocnik\/\" \/>\n<meta property=\"og:locale\" content=\"cs_CZ\" \/>\n<meta property=\"og:type\" content=\"article\" \/>\n<meta property=\"og:title\" content=\"Online kurz Symfony I. Za\u010diato\u010dn\u00edk\" \/>\n<meta property=\"og:description\" content=\"V online kurze Symfony pre za\u010diato\u010dn\u00edkov \u0165a nau\u010d\u00edme pracova\u0165 s t\u00fdmto PHP frameworkom. Osvoj\u00ed\u0161 si spr\u00e1vu tejto platformy a spr\u00e1vu z\u00e1kladn\u00fdch \u00faloh.\" \/>\n<meta property=\"og:url\" content=\"https:\/\/www.vita.sk\/online-kurz-symfony-i-zaciatocnik\/\" \/>\n<meta property=\"og:site_name\" content=\"VITA\" \/>\n<meta property=\"article:publisher\" content=\"https:\/\/www.facebook.com\/VitaAcademySK\" \/>\n<meta property=\"article:modified_time\" content=\"2024-05-27T12:26:40+00:00\" \/>\n<meta property=\"og:image\" content=\"https:\/\/www.vita.sk\/wp-content\/uploads\/2019\/07\/symfony-1.png\" \/>\n\t<meta property=\"og:image:width\" content=\"360\" \/>\n\t<meta property=\"og:image:height\" content=\"360\" \/>\n\t<meta property=\"og:image:type\" content=\"image\/png\" \/>\n<meta name=\"twitter:card\" content=\"summary_large_image\" \/>\n<meta name=\"twitter:label1\" content=\"Odhadovan\u00e1 doba \u010dten\u00ed\" \/>\n\t<meta name=\"twitter:data1\" content=\"1 minuta\" \/>\n<script type=\"application\/ld+json\" class=\"yoast-schema-graph\">{\n\t    \"@context\": \"https:\/\/schema.org\",\n\t    \"@graph\": [\n\t        {\n\t            \"@type\": \"WebPage\",\n\t            \"@id\": \"https:\/\/www.vita.sk\/online-kurz-symfony-i-zaciatocnik\/\",\n\t            \"url\": \"https:\/\/www.vita.sk\/online-kurz-symfony-i-zaciatocnik\/\",\n\t            \"name\": \"Online kurz Symfony pre za\u010diato\u010dn\u00edkov 2024 | VITA\",\n\t            \"isPartOf\": {\n\t                \"@id\": \"https:\/\/www.vita.sk\/#website\"\n\t            },\n\t            \"primaryImageOfPage\": {\n\t                \"@id\": \"https:\/\/www.vita.sk\/online-kurz-symfony-i-zaciatocnik\/#primaryimage\"\n\t            },\n\t            \"image\": {\n\t                \"@id\": \"https:\/\/www.vita.sk\/online-kurz-symfony-i-zaciatocnik\/#primaryimage\"\n\t            },\n\t            \"thumbnailUrl\": \"https:\/\/www.vita.sk\/wp-content\/uploads\/2019\/07\/symfony-1.png\",\n\t            \"datePublished\": \"2021-07-29T12:44:20+00:00\",\n\t            \"dateModified\": \"2024-05-27T12:26:40+00:00\",\n\t            \"description\": \"V online kurze Symfony pre za\u010diato\u010dn\u00edkov \u0165a nau\u010d\u00edme pracova\u0165 s t\u00fdmto PHP frameworkom. Osvoj\u00ed\u0161 si spr\u00e1vu tejto platformy a spr\u00e1vu z\u00e1kladn\u00fdch \u00faloh.\",\n\t            \"breadcrumb\": {\n\t                \"@id\": \"https:\/\/www.vita.sk\/online-kurz-symfony-i-zaciatocnik\/#breadcrumb\"\n\t            },\n\t            \"inLanguage\": \"cs\",\n\t            \"potentialAction\": [\n\t                {\n\t                    \"@type\": \"ReadAction\",\n\t                    \"target\": [\n\t                        \"https:\/\/www.vita.sk\/online-kurz-symfony-i-zaciatocnik\/\"\n\t                    ]\n\t                }\n\t            ]\n\t        },\n\t        {\n\t            \"@type\": \"ImageObject\",\n\t            \"inLanguage\": \"cs\",\n\t            \"@id\": \"https:\/\/www.vita.sk\/online-kurz-symfony-i-zaciatocnik\/#primaryimage\",\n\t            \"url\": \"https:\/\/www.vita.sk\/wp-content\/uploads\/2019\/07\/symfony-1.png\",\n\t            \"contentUrl\": \"https:\/\/www.vita.sk\/wp-content\/uploads\/2019\/07\/symfony-1.png\",\n\t            \"width\": 360,\n\t            \"height\": 360,\n\t            \"caption\": \"Online kurz Symfony\"\n\t        },\n\t        {\n\t            \"@type\": \"BreadcrumbList\",\n\t            \"@id\": \"https:\/\/www.vita.sk\/online-kurz-symfony-i-zaciatocnik\/#breadcrumb\",\n\t            \"itemListElement\": [\n\t                {\n\t                    \"@type\": \"ListItem\",\n\t                    \"position\": 1,\n\t                    \"name\": \"VITA Academy\",\n\t                    \"item\": \"https:\/\/www.vita.sk\/cs\/\"\n\t                },\n\t                {\n\t                    \"@type\": \"ListItem\",\n\t                    \"position\": 2,\n\t                    \"name\": \"Shop\",\n\t                    \"item\": \"https:\/\/www.vita.sk\/shop\/\"\n\t                },\n\t                {\n\t                    \"@type\": \"ListItem\",\n\t                    \"position\": 3,\n\t                    \"name\": \"Tvorba Web Str\u00e1nok\",\n\t                    \"item\": \"https:\/\/www.vita.sk\/online-kurzy-tvorba-web-stranok\/\"\n\t                },\n\t                {\n\t                    \"@type\": \"ListItem\",\n\t                    \"position\": 4,\n\t                    \"name\": \"Symfony\",\n\t                    \"item\": \"https:\/\/www.vita.sk\/online-kurzy-symfony\/\"\n\t                },\n\t                {\n\t                    \"@type\": \"ListItem\",\n\t                    \"position\": 5,\n\t                    \"name\": \"Online kurz Symfony I. Za\u010diato\u010dn\u00edk\"\n\t                }\n\t            ]\n\t        },\n\t        {\n\t            \"@type\": \"WebSite\",\n\t            \"@id\": \"https:\/\/www.vita.sk\/#website\",\n\t            \"url\": \"https:\/\/www.vita.sk\/\",\n\t            \"name\": \"VITA\",\n\t            \"description\": \"\",\n\t            \"publisher\": {\n\t                \"@id\": \"https:\/\/www.vita.sk\/#organization\"\n\t            },\n\t            \"potentialAction\": [\n\t                {\n\t                    \"@type\": \"SearchAction\",\n\t                    \"target\": {\n\t                        \"@type\": \"EntryPoint\",\n\t                        \"urlTemplate\": \"https:\/\/www.vita.sk\/?s={search_term_string}\"\n\t                    },\n\t                    \"query-input\": {\n\t                        \"@type\": \"PropertyValueSpecification\",\n\t                        \"valueRequired\": true,\n\t                        \"valueName\": \"search_term_string\"\n\t                    }\n\t                }\n\t            ],\n\t            \"inLanguage\": \"cs\"\n\t        },\n\t        {\n\t            \"email\": \"admin@vita.sk\",\n\t            \"logo\": \"https:\/\/www.vita.sk\/img\/vita_logo.png \",\n\t            \"address\": {\n\t                \"type\": \"PostalAddress\",\n\t                \"streetAddress\": \"Tom\u00e1\u0161ikova 50\/A\",\n\t                \"addressLocality\": \"Bratislava\",\n\t                \"postalCode\": \"83104\",\n\t                \"addressCountry\": {\n\t                    \"name\": \"SK\",\n\t                    \"type\": \"Country\"\n\t                }\n\t            },\n\t            \"contactPoint\": {\n\t                \"type\": \"ContactPoint\",\n\t                \"telephone\": \"+421 907 375\u00a0543\",\n\t                \"Email\": \"admin@vita.sk\",\n\t                \"contactType\": \"customer service\"\n\t            },\n\t            \"sameAs\": [\n\t                \"https:\/\/www.facebook.com\/VitaAcademySK\/\",\n\t                \"https:\/\/www.linkedin.com\/company\/vita-academy\/\"\n\t            ]\n\t        }\n\t    ]\n\t}<\/script>\n<!-- \/ Yoast SEO Premium plugin. -->","yoast_head_json":{"title":"Online kurz Symfony pre za\u010diato\u010dn\u00edkov  | VITA","description":"V online kurze Symfony pre za\u010diato\u010dn\u00edkov \u0165a nau\u010d\u00edme pracova\u0165 s t\u00fdmto PHP frameworkom. Osvoj\u00ed\u0161 si spr\u00e1vu tejto platformy a spr\u00e1vu z\u00e1kladn\u00fdch \u00faloh.","robots":{"index":"index","follow":"follow","max-snippet":"max-snippet:-1","max-image-preview":"max-image-preview:large","max-video-preview":"max-video-preview:-1"},"canonical":"https:\/\/www.vita.sk\/online-kurz-symfony-i-zaciatocnik\/","og_locale":"cs_CZ","og_type":"article","og_title":"Online kurz Symfony I. Za\u010diato\u010dn\u00edk","og_description":"V online kurze Symfony pre za\u010diato\u010dn\u00edkov \u0165a nau\u010d\u00edme pracova\u0165 s t\u00fdmto PHP frameworkom. Osvoj\u00ed\u0161 si spr\u00e1vu tejto platformy a spr\u00e1vu z\u00e1kladn\u00fdch \u00faloh.","og_url":"https:\/\/www.vita.sk\/online-kurz-symfony-i-zaciatocnik\/","og_site_name":"VITA","article_publisher":"https:\/\/www.facebook.com\/VitaAcademySK","article_modified_time":"2024-05-27T12:26:40+00:00","og_image":[{"width":360,"height":360,"url":"https:\/\/www.vita.sk\/wp-content\/uploads\/2019\/07\/symfony-1.png","type":"image\/png"}],"twitter_card":"summary_large_image","twitter_misc":{"Odhadovan\u00e1 doba \u010dten\u00ed":"1 minuta"},"schema":{"@context":"https:\/\/schema.org","@graph":[{"@type":"WebPage","@id":"https:\/\/www.vita.sk\/online-kurz-symfony-i-zaciatocnik\/","url":"https:\/\/www.vita.sk\/online-kurz-symfony-i-zaciatocnik\/","name":"Online kurz Symfony pre za\u010diato\u010dn\u00edkov 2024 | VITA","isPartOf":{"@id":"https:\/\/www.vita.sk\/#website"},"primaryImageOfPage":{"@id":"https:\/\/www.vita.sk\/online-kurz-symfony-i-zaciatocnik\/#primaryimage"},"image":{"@id":"https:\/\/www.vita.sk\/online-kurz-symfony-i-zaciatocnik\/#primaryimage"},"thumbnailUrl":"https:\/\/www.vita.sk\/wp-content\/uploads\/2019\/07\/symfony-1.png","datePublished":"2021-07-29T12:44:20+00:00","dateModified":"2024-05-27T12:26:40+00:00","description":"V online kurze Symfony pre za\u010diato\u010dn\u00edkov \u0165a nau\u010d\u00edme pracova\u0165 s t\u00fdmto PHP frameworkom. Osvoj\u00ed\u0161 si spr\u00e1vu tejto platformy a spr\u00e1vu z\u00e1kladn\u00fdch \u00faloh.","breadcrumb":{"@id":"https:\/\/www.vita.sk\/online-kurz-symfony-i-zaciatocnik\/#breadcrumb"},"inLanguage":"cs","potentialAction":[{"@type":"ReadAction","target":["https:\/\/www.vita.sk\/online-kurz-symfony-i-zaciatocnik\/"]}]},{"@type":"ImageObject","inLanguage":"cs","@id":"https:\/\/www.vita.sk\/online-kurz-symfony-i-zaciatocnik\/#primaryimage","url":"https:\/\/www.vita.sk\/wp-content\/uploads\/2019\/07\/symfony-1.png","contentUrl":"https:\/\/www.vita.sk\/wp-content\/uploads\/2019\/07\/symfony-1.png","width":360,"height":360,"caption":"Online kurz Symfony"},{"@type":"BreadcrumbList","@id":"https:\/\/www.vita.sk\/online-kurz-symfony-i-zaciatocnik\/#breadcrumb","itemListElement":[{"@type":"ListItem","position":1,"name":"VITA Academy","item":"https:\/\/www.vita.sk\/cs\/"},{"@type":"ListItem","position":2,"name":"Shop","item":"https:\/\/www.vita.sk\/shop\/"},{"@type":"ListItem","position":3,"name":"Tvorba Web Str\u00e1nok","item":"https:\/\/www.vita.sk\/online-kurzy-tvorba-web-stranok\/"},{"@type":"ListItem","position":4,"name":"Symfony","item":"https:\/\/www.vita.sk\/online-kurzy-symfony\/"},{"@type":"ListItem","position":5,"name":"Online kurz Symfony I. Za\u010diato\u010dn\u00edk"}]},{"@type":"WebSite","@id":"https:\/\/www.vita.sk\/#website","url":"https:\/\/www.vita.sk\/","name":"VITA","description":"","publisher":{"@id":"https:\/\/www.vita.sk\/#organization"},"potentialAction":[{"@type":"SearchAction","target":{"@type":"EntryPoint","urlTemplate":"https:\/\/www.vita.sk\/?s={search_term_string}"},"query-input":{"@type":"PropertyValueSpecification","valueRequired":true,"valueName":"search_term_string"}}],"inLanguage":"cs"},{"email":"admin@vita.sk","logo":"https:\/\/www.vita.sk\/img\/vita_logo.png ","address":{"type":"PostalAddress","streetAddress":"Tom\u00e1\u0161ikova 50\/A","addressLocality":"Bratislava","postalCode":"83104","addressCountry":{"name":"SK","type":"Country"}},"contactPoint":{"type":"ContactPoint","telephone":"+421 907 375\u00a0543","Email":"admin@vita.sk","contactType":"customer service"},"sameAs":["https:\/\/www.facebook.com\/VitaAcademySK\/","https:\/\/www.linkedin.com\/company\/vita-academy\/"]}]}},"acf":[],"_links":{"self":[{"href":"https:\/\/www.vita.sk\/cs\/wp-json\/wp\/v2\/product\/810","targetHints":{"allow":["GET"]}}],"collection":[{"href":"https:\/\/www.vita.sk\/cs\/wp-json\/wp\/v2\/product"}],"about":[{"href":"https:\/\/www.vita.sk\/cs\/wp-json\/wp\/v2\/types\/product"}],"author":[{"embeddable":true,"href":"https:\/\/www.vita.sk\/cs\/wp-json\/wp\/v2\/users\/27"}],"replies":[{"embeddable":true,"href":"https:\/\/www.vita.sk\/cs\/wp-json\/wp\/v2\/comments?post=810"}],"wp:featuredmedia":[{"embeddable":true,"href":"https:\/\/www.vita.sk\/cs\/wp-json\/wp\/v2\/media\/966"}],"wp:attachment":[{"href":"https:\/\/www.vita.sk\/cs\/wp-json\/wp\/v2\/media?parent=810"}],"wp:term":[{"taxonomy":"product_brand","embeddable":true,"href":"https:\/\/www.vita.sk\/cs\/wp-json\/wp\/v2\/product_brand?post=810"},{"taxonomy":"product_cat","embeddable":true,"href":"https:\/\/www.vita.sk\/cs\/wp-json\/wp\/v2\/product_cat?post=810"},{"taxonomy":"product_tag","embeddable":true,"href":"https:\/\/www.vita.sk\/cs\/wp-json\/wp\/v2\/product_tag?post=810"}],"curies":[{"name":"wp","href":"https:\/\/api.w.org\/{rel}","templated":true}]}}