{"id":8167,"date":"2021-12-09T10:34:33","date_gmt":"2021-12-09T09:34:33","guid":{"rendered":"https:\/\/www.vita.sk\/?post_type=product&#038;p=8167"},"modified":"2026-02-02T14:28:46","modified_gmt":"2026-02-02T13:28:46","slug":"online-kurz-ako-sa-stat-programator-v-pythone","status":"publish","type":"product","link":"https:\/\/www.vita.sk\/cs\/online-kurz-ako-sa-stat-programator-v-pythone\/","title":{"rendered":"Online kurz Ako sa sta\u0165 program\u00e1torom v Pythone"},"content":{"rendered":"<p>Online kurz Ako sa sta\u0165 program\u00e1torom v Pythone je pre v\u00e1s ide\u00e1lny, ak sa chcete nau\u010di\u0165 programova\u0165 v jazyku Python od \u00fapln\u00fdch z\u00e1kladov a\u017e po tvorbu vlastn\u00fdch skriptov, anal\u00fdzu d\u00e1t a pr\u00e1cu s kni\u017enicami. <strong>Ide o akreditovan\u00fd a certifikovan\u00fd kurz na Ako sa sta\u0165 program\u00e1torom v Pythone<\/strong>. Zameriavame sa na pochopenie z\u00e1kladov jazyka Python, d\u00e1tov\u00fdch typov, oper\u00e1ci\u00ed s d\u00e1tami a pr\u00e1ce vo v\u00fdvojovom prostred\u00ed Anaconda a Jupyter Notebook. Nau\u010d\u00edme sa in\u0161talova\u0165 a spr\u00e1vne pou\u017e\u00edva\u0165 Python, Anacondu, PyGame a \u010fal\u0161ie n\u00e1stroje potrebn\u00e9 na v\u00fdvoj. Osvoj\u00edme si pr\u00e1cu so syntaxou jazyka, vstupmi a v\u00fdstupmi, pretypovan\u00edm, modulmi a importmi. Venujeme sa pr\u00e1ci so zoznamami, po\u013eami, mno\u017einami a d\u00e1tov\u00fdmi \u0161trukt\u00farami vr\u00e1tane vyu\u017eitia kni\u017enice NumPy. Nau\u010d\u00edme sa riadi\u0165 tok programu pomocou podmienok, cyklov a pr\u00e1ce s n\u00e1hodn\u00fdmi hodnotami. Z\u00edskame pevn\u00e9 z\u00e1klady v pr\u00e1ci s \u010dasov\u00fdmi radmi, d\u00e1tumami, \u010dasom a ich spracovan\u00edm v Pythone. Zameriavame sa na vizualiz\u00e1ciu d\u00e1t pomocou kni\u017en\u00edc Matplotlib a SciPy, tvorbu grafov, histogramov a bublinov\u00fdch grafov. Nau\u010d\u00edme sa definova\u0165 a pou\u017e\u00edva\u0165 funkcie vr\u00e1tane lambda funkci\u00ed a analyzova\u0165 obrazov\u00e9 d\u00e1ta. Osvoj\u00edme si spr\u00e1vu bal\u00ed\u010dkov a kni\u017en\u00edc pomocou PIP, in\u0161tal\u00e1ciu a pou\u017e\u00edvanie extern\u00fdch modulov a pr\u00e1cu s prostred\u00edm Visual Studio Code. Venujeme sa pr\u00e1ci s Python s\u00fabormi, modulmi, chybami v k\u00f3de a efekt\u00edvnemu ladeniu programov. Nau\u010d\u00edme sa prep\u00e1ja\u0165 Python s n\u00e1strojmi ako Power BI a vytv\u00e1ra\u0165 vlastn\u00e9 d\u00e1tov\u00e9 modely. Po absolvovan\u00ed kurzu budeme schopn\u00ed samostatne programova\u0165 v Pythone, pracova\u0165 s d\u00e1tami, kni\u017enicami a vytv\u00e1ra\u0165 vlastn\u00e9 program\u00e1torsk\u00e9 rie\u0161enia. Ak sa chcete skuto\u010dne nau\u010di\u0165 programova\u0165 v Pythone a sta\u0165 sa program\u00e1torom, tak toto je ide\u00e1lny vstupn\u00fd online kurz pre v\u00e1s.<\/p>\n","protected":false},"excerpt":{"rendered":"<p>Online kurz Ako sa sta\u0165 program\u00e1torom v Pythone je ur\u010den\u00fd pre za\u010diato\u010dn\u00edkov, ktor\u00ed sa chc\u00fa nau\u010di\u0165 programova\u0165 v jazyku Python, pracova\u0165 s d\u00e1tami, kni\u017enicami a vytv\u00e1ra\u0165 vlastn\u00e9 aplik\u00e1cie a skripty.","protected":false},"author":4,"featured_media":17906,"comment_status":"open","ping_status":"closed","template":"","meta":{"_acf_changed":false},"product_brand":[],"product_cat":[99,106,73],"product_tag":[189,212],"class_list":{"0":"post-8167","1":"product","2":"type-product","3":"status-publish","4":"has-post-thumbnail","6":"product_cat-online-kurzy-programovacie-jazyky","7":"product_cat-online-kurzy-python","8":"product_cat-bez-kategorie","9":"product_tag-programovacie-jazyky","10":"product_tag-python","12":"first","13":"instock","14":"sale","15":"sold-individually","16":"taxable","17":"shipping-taxable","18":"purchasable","19":"product-type-simple"},"yoast_head":"<!-- This site is optimized with the Yoast SEO Premium plugin v25.0 (Yoast SEO v25.0) - https:\/\/yoast.com\/wordpress\/plugins\/seo\/ -->\n<title>Online kurz Ako sa sta\u0165 program\u00e1torom v Pythone 2026 | VITA<\/title>\n<meta name=\"description\" content=\"Bude\u0161 pozna\u0165 z\u00e1kladn\u00e9 princ\u00edpy programovania, bude\u0161 vedie\u0165 samostatne tvori\u0165 jednoduch\u00e9 aplik\u00e1cie v jazyku Python a hlavne bude\u0161 vedie\u0165 ako uva\u017eova\u0165 pri programovan\u00ed a vytv\u00e1ra\u0165 vlastn\u00e9 algoritmy.\" \/>\n<meta name=\"robots\" content=\"index, follow, max-snippet:-1, max-image-preview:large, max-video-preview:-1\" \/>\n<link rel=\"canonical\" href=\"https:\/\/www.vita.sk\/online-kurz-ako-sa-stat-programator-v-pythone\/\" \/>\n<meta property=\"og:locale\" content=\"cs_CZ\" \/>\n<meta property=\"og:type\" content=\"article\" \/>\n<meta property=\"og:title\" content=\"Online kurz Ako sa sta\u0165 program\u00e1torom v Pythone\" \/>\n<meta property=\"og:description\" content=\"Bude\u0161 pozna\u0165 z\u00e1kladn\u00e9 princ\u00edpy programovania, bude\u0161 vedie\u0165 samostatne tvori\u0165 jednoduch\u00e9 aplik\u00e1cie v jazyku Python a hlavne bude\u0161 vedie\u0165 ako uva\u017eova\u0165 pri programovan\u00ed a vytv\u00e1ra\u0165 vlastn\u00e9 algoritmy.\" \/>\n<meta property=\"og:url\" content=\"https:\/\/www.vita.sk\/online-kurz-ako-sa-stat-programator-v-pythone\/\" \/>\n<meta property=\"og:site_name\" content=\"VITA\" \/>\n<meta property=\"article:publisher\" content=\"https:\/\/www.facebook.com\/VitaAcademySK\" \/>\n<meta property=\"article:modified_time\" content=\"2026-02-02T13:28:46+00:00\" \/>\n<meta property=\"og:image\" content=\"https:\/\/www.vita.sk\/wp-content\/uploads\/2021\/12\/Online-kurz-Ako-sa-stat-programatorom-v-Pythone_.png\" \/>\n\t<meta property=\"og:image:width\" content=\"360\" \/>\n\t<meta property=\"og:image:height\" content=\"360\" \/>\n\t<meta property=\"og:image:type\" content=\"image\/png\" \/>\n<meta name=\"twitter:card\" content=\"summary_large_image\" \/>\n<meta name=\"twitter:label1\" content=\"Odhadovan\u00e1 doba \u010dten\u00ed\" \/>\n\t<meta name=\"twitter:data1\" content=\"2 minuty\" \/>\n<script type=\"application\/ld+json\" class=\"yoast-schema-graph\">{\n\t    \"@context\": \"https:\/\/schema.org\",\n\t    \"@graph\": [\n\t        {\n\t            \"@type\": \"WebPage\",\n\t            \"@id\": \"https:\/\/www.vita.sk\/online-kurz-ako-sa-stat-programator-v-pythone\/\",\n\t            \"url\": \"https:\/\/www.vita.sk\/online-kurz-ako-sa-stat-programator-v-pythone\/\",\n\t            \"name\": \"Online kurz Ako sa sta\u0165 program\u00e1torom v Pythone {Y} | VITA\",\n\t            \"isPartOf\": {\n\t                \"@id\": \"https:\/\/www.vita.sk\/#website\"\n\t            },\n\t            \"primaryImageOfPage\": {\n\t                \"@id\": \"https:\/\/www.vita.sk\/online-kurz-ako-sa-stat-programator-v-pythone\/#primaryimage\"\n\t            },\n\t            \"image\": {\n\t                \"@id\": \"https:\/\/www.vita.sk\/online-kurz-ako-sa-stat-programator-v-pythone\/#primaryimage\"\n\t            },\n\t            \"thumbnailUrl\": \"https:\/\/www.vita.sk\/wp-content\/uploads\/2021\/12\/Online-kurz-Ako-sa-stat-programatorom-v-Pythone_.png\",\n\t            \"datePublished\": \"2021-12-09T09:34:33+00:00\",\n\t            \"dateModified\": \"2026-02-02T13:28:46+00:00\",\n\t            \"description\": \"Bude\u0161 pozna\u0165 z\u00e1kladn\u00e9 princ\u00edpy programovania, bude\u0161 vedie\u0165 samostatne tvori\u0165 jednoduch\u00e9 aplik\u00e1cie v jazyku Python a hlavne bude\u0161 vedie\u0165 ako uva\u017eova\u0165 pri programovan\u00ed a vytv\u00e1ra\u0165 vlastn\u00e9 algoritmy.\",\n\t            \"breadcrumb\": {\n\t                \"@id\": \"https:\/\/www.vita.sk\/online-kurz-ako-sa-stat-programator-v-pythone\/#breadcrumb\"\n\t            },\n\t            \"inLanguage\": \"cs\",\n\t            \"potentialAction\": [\n\t                {\n\t                    \"@type\": \"ReadAction\",\n\t                    \"target\": [\n\t                        \"https:\/\/www.vita.sk\/online-kurz-ako-sa-stat-programator-v-pythone\/\"\n\t                    ]\n\t                }\n\t            ]\n\t        },\n\t        {\n\t            \"@type\": \"ImageObject\",\n\t            \"inLanguage\": \"cs\",\n\t            \"@id\": \"https:\/\/www.vita.sk\/online-kurz-ako-sa-stat-programator-v-pythone\/#primaryimage\",\n\t            \"url\": \"https:\/\/www.vita.sk\/wp-content\/uploads\/2021\/12\/Online-kurz-Ako-sa-stat-programatorom-v-Pythone_.png\",\n\t            \"contentUrl\": \"https:\/\/www.vita.sk\/wp-content\/uploads\/2021\/12\/Online-kurz-Ako-sa-stat-programatorom-v-Pythone_.png\",\n\t            \"width\": 360,\n\t            \"height\": 360,\n\t            \"caption\": \"Kurz Ako sa sta\u0165 program\u00e1torom v Pythone\"\n\t        },\n\t        {\n\t            \"@type\": \"BreadcrumbList\",\n\t            \"@id\": \"https:\/\/www.vita.sk\/online-kurz-ako-sa-stat-programator-v-pythone\/#breadcrumb\",\n\t            \"itemListElement\": [\n\t                {\n\t                    \"@type\": \"ListItem\",\n\t                    \"position\": 1,\n\t                    \"name\": \"VITA Academy\",\n\t                    \"item\": \"https:\/\/www.vita.sk\/cs\/\"\n\t                },\n\t                {\n\t                    \"@type\": \"ListItem\",\n\t                    \"position\": 2,\n\t                    \"name\": \"Shop\",\n\t                    \"item\": \"https:\/\/www.vita.sk\/shop\/\"\n\t                },\n\t                {\n\t                    \"@type\": \"ListItem\",\n\t                    \"position\": 3,\n\t                    \"name\": \"Programovacie Jazyky\",\n\t                    \"item\": \"https:\/\/www.vita.sk\/online-kurzy-programovacie-jazyky\/\"\n\t                },\n\t                {\n\t                    \"@type\": \"ListItem\",\n\t                    \"position\": 4,\n\t                    \"name\": \"Python\",\n\t                    \"item\": \"https:\/\/www.vita.sk\/online-kurzy-python\/\"\n\t                },\n\t                {\n\t                    \"@type\": \"ListItem\",\n\t                    \"position\": 5,\n\t                    \"name\": \"Online kurz Ako sa sta\u0165 program\u00e1torom v Pythone\"\n\t                }\n\t            ]\n\t        },\n\t        {\n\t            \"@type\": \"WebSite\",\n\t            \"@id\": \"https:\/\/www.vita.sk\/#website\",\n\t            \"url\": \"https:\/\/www.vita.sk\/\",\n\t            \"name\": \"VITA\",\n\t            \"description\": \"\",\n\t            \"publisher\": {\n\t                \"@id\": \"https:\/\/www.vita.sk\/#organization\"\n\t            },\n\t            \"potentialAction\": [\n\t                {\n\t                    \"@type\": \"SearchAction\",\n\t                    \"target\": {\n\t                        \"@type\": \"EntryPoint\",\n\t                        \"urlTemplate\": \"https:\/\/www.vita.sk\/?s={search_term_string}\"\n\t                    },\n\t                    \"query-input\": {\n\t                        \"@type\": \"PropertyValueSpecification\",\n\t                        \"valueRequired\": true,\n\t                        \"valueName\": \"search_term_string\"\n\t                    }\n\t                }\n\t            ],\n\t            \"inLanguage\": \"cs\"\n\t        },\n\t        {\n\t            \"email\": \"admin@vita.sk\",\n\t            \"logo\": \"https:\/\/www.vita.sk\/img\/vita_logo.png \",\n\t            \"address\": {\n\t                \"type\": \"PostalAddress\",\n\t                \"streetAddress\": \"Tom\u00e1\u0161ikova 50\/A\",\n\t                \"addressLocality\": \"Bratislava\",\n\t                \"postalCode\": \"83104\",\n\t                \"addressCountry\": {\n\t                    \"name\": \"SK\",\n\t                    \"type\": \"Country\"\n\t                }\n\t            },\n\t            \"contactPoint\": {\n\t                \"type\": \"ContactPoint\",\n\t                \"telephone\": \"+421 907 375\u00a0543\",\n\t                \"Email\": \"admin@vita.sk\",\n\t                \"contactType\": \"customer service\"\n\t            },\n\t            \"sameAs\": [\n\t                \"https:\/\/www.facebook.com\/VitaAcademySK\/\",\n\t                \"https:\/\/www.linkedin.com\/company\/vita-academy\/\"\n\t            ]\n\t        }\n\t    ]\n\t}<\/script>\n<!-- \/ Yoast SEO Premium plugin. -->","yoast_head_json":{"title":"Online kurz Ako sa sta\u0165 program\u00e1torom v Pythone 2026 | VITA","description":"Bude\u0161 pozna\u0165 z\u00e1kladn\u00e9 princ\u00edpy programovania, bude\u0161 vedie\u0165 samostatne tvori\u0165 jednoduch\u00e9 aplik\u00e1cie v jazyku Python a hlavne bude\u0161 vedie\u0165 ako uva\u017eova\u0165 pri programovan\u00ed a vytv\u00e1ra\u0165 vlastn\u00e9 algoritmy.","robots":{"index":"index","follow":"follow","max-snippet":"max-snippet:-1","max-image-preview":"max-image-preview:large","max-video-preview":"max-video-preview:-1"},"canonical":"https:\/\/www.vita.sk\/online-kurz-ako-sa-stat-programator-v-pythone\/","og_locale":"cs_CZ","og_type":"article","og_title":"Online kurz Ako sa sta\u0165 program\u00e1torom v Pythone","og_description":"Bude\u0161 pozna\u0165 z\u00e1kladn\u00e9 princ\u00edpy programovania, bude\u0161 vedie\u0165 samostatne tvori\u0165 jednoduch\u00e9 aplik\u00e1cie v jazyku Python a hlavne bude\u0161 vedie\u0165 ako uva\u017eova\u0165 pri programovan\u00ed a vytv\u00e1ra\u0165 vlastn\u00e9 algoritmy.","og_url":"https:\/\/www.vita.sk\/online-kurz-ako-sa-stat-programator-v-pythone\/","og_site_name":"VITA","article_publisher":"https:\/\/www.facebook.com\/VitaAcademySK","article_modified_time":"2026-02-02T13:28:46+00:00","og_image":[{"width":360,"height":360,"url":"https:\/\/www.vita.sk\/wp-content\/uploads\/2021\/12\/Online-kurz-Ako-sa-stat-programatorom-v-Pythone_.png","type":"image\/png"}],"twitter_card":"summary_large_image","twitter_misc":{"Odhadovan\u00e1 doba \u010dten\u00ed":"2 minuty"},"schema":{"@context":"https:\/\/schema.org","@graph":[{"@type":"WebPage","@id":"https:\/\/www.vita.sk\/online-kurz-ako-sa-stat-programator-v-pythone\/","url":"https:\/\/www.vita.sk\/online-kurz-ako-sa-stat-programator-v-pythone\/","name":"Online kurz Ako sa sta\u0165 program\u00e1torom v Pythone {Y} | VITA","isPartOf":{"@id":"https:\/\/www.vita.sk\/#website"},"primaryImageOfPage":{"@id":"https:\/\/www.vita.sk\/online-kurz-ako-sa-stat-programator-v-pythone\/#primaryimage"},"image":{"@id":"https:\/\/www.vita.sk\/online-kurz-ako-sa-stat-programator-v-pythone\/#primaryimage"},"thumbnailUrl":"https:\/\/www.vita.sk\/wp-content\/uploads\/2021\/12\/Online-kurz-Ako-sa-stat-programatorom-v-Pythone_.png","datePublished":"2021-12-09T09:34:33+00:00","dateModified":"2026-02-02T13:28:46+00:00","description":"Bude\u0161 pozna\u0165 z\u00e1kladn\u00e9 princ\u00edpy programovania, bude\u0161 vedie\u0165 samostatne tvori\u0165 jednoduch\u00e9 aplik\u00e1cie v jazyku Python a hlavne bude\u0161 vedie\u0165 ako uva\u017eova\u0165 pri programovan\u00ed a vytv\u00e1ra\u0165 vlastn\u00e9 algoritmy.","breadcrumb":{"@id":"https:\/\/www.vita.sk\/online-kurz-ako-sa-stat-programator-v-pythone\/#breadcrumb"},"inLanguage":"cs","potentialAction":[{"@type":"ReadAction","target":["https:\/\/www.vita.sk\/online-kurz-ako-sa-stat-programator-v-pythone\/"]}]},{"@type":"ImageObject","inLanguage":"cs","@id":"https:\/\/www.vita.sk\/online-kurz-ako-sa-stat-programator-v-pythone\/#primaryimage","url":"https:\/\/www.vita.sk\/wp-content\/uploads\/2021\/12\/Online-kurz-Ako-sa-stat-programatorom-v-Pythone_.png","contentUrl":"https:\/\/www.vita.sk\/wp-content\/uploads\/2021\/12\/Online-kurz-Ako-sa-stat-programatorom-v-Pythone_.png","width":360,"height":360,"caption":"Kurz Ako sa sta\u0165 program\u00e1torom v Pythone"},{"@type":"BreadcrumbList","@id":"https:\/\/www.vita.sk\/online-kurz-ako-sa-stat-programator-v-pythone\/#breadcrumb","itemListElement":[{"@type":"ListItem","position":1,"name":"VITA Academy","item":"https:\/\/www.vita.sk\/cs\/"},{"@type":"ListItem","position":2,"name":"Shop","item":"https:\/\/www.vita.sk\/shop\/"},{"@type":"ListItem","position":3,"name":"Programovacie Jazyky","item":"https:\/\/www.vita.sk\/online-kurzy-programovacie-jazyky\/"},{"@type":"ListItem","position":4,"name":"Python","item":"https:\/\/www.vita.sk\/online-kurzy-python\/"},{"@type":"ListItem","position":5,"name":"Online kurz Ako sa sta\u0165 program\u00e1torom v Pythone"}]},{"@type":"WebSite","@id":"https:\/\/www.vita.sk\/#website","url":"https:\/\/www.vita.sk\/","name":"VITA","description":"","publisher":{"@id":"https:\/\/www.vita.sk\/#organization"},"potentialAction":[{"@type":"SearchAction","target":{"@type":"EntryPoint","urlTemplate":"https:\/\/www.vita.sk\/?s={search_term_string}"},"query-input":{"@type":"PropertyValueSpecification","valueRequired":true,"valueName":"search_term_string"}}],"inLanguage":"cs"},{"email":"admin@vita.sk","logo":"https:\/\/www.vita.sk\/img\/vita_logo.png ","address":{"type":"PostalAddress","streetAddress":"Tom\u00e1\u0161ikova 50\/A","addressLocality":"Bratislava","postalCode":"83104","addressCountry":{"name":"SK","type":"Country"}},"contactPoint":{"type":"ContactPoint","telephone":"+421 907 375\u00a0543","Email":"admin@vita.sk","contactType":"customer service"},"sameAs":["https:\/\/www.facebook.com\/VitaAcademySK\/","https:\/\/www.linkedin.com\/company\/vita-academy\/"]}]}},"acf":[],"_links":{"self":[{"href":"https:\/\/www.vita.sk\/cs\/wp-json\/wp\/v2\/product\/8167","targetHints":{"allow":["GET"]}}],"collection":[{"href":"https:\/\/www.vita.sk\/cs\/wp-json\/wp\/v2\/product"}],"about":[{"href":"https:\/\/www.vita.sk\/cs\/wp-json\/wp\/v2\/types\/product"}],"author":[{"embeddable":true,"href":"https:\/\/www.vita.sk\/cs\/wp-json\/wp\/v2\/users\/4"}],"replies":[{"embeddable":true,"href":"https:\/\/www.vita.sk\/cs\/wp-json\/wp\/v2\/comments?post=8167"}],"wp:featuredmedia":[{"embeddable":true,"href":"https:\/\/www.vita.sk\/cs\/wp-json\/wp\/v2\/media\/17906"}],"wp:attachment":[{"href":"https:\/\/www.vita.sk\/cs\/wp-json\/wp\/v2\/media?parent=8167"}],"wp:term":[{"taxonomy":"product_brand","embeddable":true,"href":"https:\/\/www.vita.sk\/cs\/wp-json\/wp\/v2\/product_brand?post=8167"},{"taxonomy":"product_cat","embeddable":true,"href":"https:\/\/www.vita.sk\/cs\/wp-json\/wp\/v2\/product_cat?post=8167"},{"taxonomy":"product_tag","embeddable":true,"href":"https:\/\/www.vita.sk\/cs\/wp-json\/wp\/v2\/product_tag?post=8167"}],"curies":[{"name":"wp","href":"https:\/\/api.w.org\/{rel}","templated":true}]}}