{"id":8177,"date":"2021-12-09T12:47:08","date_gmt":"2021-12-09T11:47:08","guid":{"rendered":"https:\/\/www.vita.sk\/?post_type=product&#038;p=8177"},"modified":"2026-03-16T19:42:45","modified_gmt":"2026-03-16T18:42:45","slug":"online-kurz-sap-financie-a-controlling-fi-co","status":"publish","type":"product","link":"https:\/\/www.vita.sk\/cs\/online-kurz-sap-financie-a-controlling-fi-co\/","title":{"rendered":"Online kurz SAP Financie a Controlling FICO"},"content":{"rendered":"<p>Online kurz SAP Financie a Controlling FICO je pre v\u00e1s vhodn\u00fd, ak sa chcete nau\u010di\u0165 nar\u00e1ba\u0165 s informa\u010dn\u00fdm syst\u00e9mom SAP. <strong>Ide o akreditovan\u00fd a certifikovan\u00fd kurz na SAP.<\/strong> Nau\u010d\u00edte sa potrebn\u00e9 znalosti pre pr\u00e1cu so syst\u00e9mom, pr\u00e1cu s viacer\u00fdmi oknami, individu\u00e1lne prisp\u00f4sobenie ponuky \u010di pracovn\u00e1 plocha syst\u00e9mu sa stan\u00fa pre v\u00e1s samozrejmos\u0165ou. V kurze n\u00e1jdete n\u00e1vod ako si vysk\u00fa\u0161a\u0165 bezplatne SAP, ale aj n\u00e1vod na jeho in\u0161tal\u00e1ciu krok po kroku. Osvoj\u00edte si controlling re\u017eijn\u00fdch n\u00e1kladov a pr\u00e1cu s FICO SAP transakciami. S online kurzom SAP Financie a Controlling zvl\u00e1dnete pou\u017e\u00edva\u0165 koncepty finan\u010dn\u00e9ho \u00fa\u010dtovn\u00edctva, pr\u00edjem platby a vyrovnanie poh\u013ead\u00e1vky.<\/p>\n","protected":false},"excerpt":{"rendered":"<p>Online kurz SAP Financie a Controlling FICO je pre v\u00e1s vhodn\u00fd, ak sa chcete nau\u010di\u0165 nar\u00e1ba\u0165 s informa\u010dn\u00fdm syst\u00e9mom SAP. Ide o akreditovan\u00fd a certifikovan\u00fd kurz na SAP. Nau\u010d\u00edte sa potrebn\u00e9 znalosti pre pr\u00e1cu so syst\u00e9mom, pr\u00e1cu s viacer\u00fdmi oknami, individu\u00e1lne prisp\u00f4sobenie ponuky \u010di pracovn\u00e1 plocha syst\u00e9mu sa stan\u00fa pre v\u00e1s samozrejmos\u0165ou.","protected":false},"author":4,"featured_media":4244,"comment_status":"open","ping_status":"closed","template":"","meta":{"_acf_changed":false},"product_brand":[],"product_cat":[587,112,169,111,73],"product_tag":[23,181],"class_list":{"0":"post-8177","1":"product","2":"type-product","3":"status-publish","4":"has-post-thumbnail","6":"product_cat-online-kurzy-financie-uctovnictvo","7":"product_cat-online-kurzy-sap-moduly","8":"product_cat-online-kurzy-sap-fi-financials","9":"product_cat-online-kurzy-sap-a-abap","10":"product_cat-bez-kategorie","11":"product_tag-sap","12":"product_tag-sap-a-abap","14":"first","15":"instock","16":"sale","17":"sold-individually","18":"taxable","19":"shipping-taxable","20":"purchasable","21":"product-type-simple"},"yoast_head":"<!-- This site is optimized with the Yoast SEO Premium plugin v25.0 (Yoast SEO v25.0) - https:\/\/yoast.com\/wordpress\/plugins\/seo\/ -->\n<title>Online kurz SAP Financie a Controlling FICO 2026 | VITA<\/title>\n<meta name=\"description\" content=\"V online kurze SAP Financie a Controlling FICO sa nau\u010d\u00edte pracova\u0165 s finan\u010dn\u00fdmi a controllingov\u00fdmi modulmi SAP od z\u00e1kladov a\u017e po pokro\u010dil\u00e9 funkcie. \u2705\" \/>\n<meta name=\"robots\" content=\"index, follow, max-snippet:-1, max-image-preview:large, max-video-preview:-1\" \/>\n<link rel=\"canonical\" href=\"https:\/\/www.vita.sk\/online-kurz-sap-financie-a-controlling-fi-co\/\" \/>\n<meta property=\"og:locale\" content=\"cs_CZ\" \/>\n<meta property=\"og:type\" content=\"article\" \/>\n<meta property=\"og:title\" content=\"Online kurz SAP Financie a Controlling FICO\" \/>\n<meta property=\"og:description\" content=\"V online kurze SAP Financie a Controlling FICO sa nau\u010d\u00edte pracova\u0165 s finan\u010dn\u00fdmi a controllingov\u00fdmi modulmi SAP od z\u00e1kladov a\u017e po pokro\u010dil\u00e9 funkcie. \u2705\" \/>\n<meta property=\"og:url\" content=\"https:\/\/www.vita.sk\/online-kurz-sap-financie-a-controlling-fi-co\/\" \/>\n<meta property=\"og:site_name\" content=\"VITA\" \/>\n<meta property=\"article:publisher\" content=\"https:\/\/www.facebook.com\/VitaAcademySK\" \/>\n<meta property=\"article:modified_time\" content=\"2026-03-16T18:42:45+00:00\" \/>\n<meta property=\"og:image\" content=\"https:\/\/www.vita.sk\/wp-content\/uploads\/2020\/11\/kurz-sap.png\" \/>\n\t<meta property=\"og:image:width\" content=\"360\" \/>\n\t<meta property=\"og:image:height\" content=\"360\" \/>\n\t<meta property=\"og:image:type\" content=\"image\/png\" \/>\n<meta name=\"twitter:card\" content=\"summary_large_image\" \/>\n<meta name=\"twitter:label1\" content=\"Odhadovan\u00e1 doba \u010dten\u00ed\" \/>\n\t<meta name=\"twitter:data1\" content=\"1 minuta\" \/>\n<script type=\"application\/ld+json\" class=\"yoast-schema-graph\">{\n\t    \"@context\": \"https:\/\/schema.org\",\n\t    \"@graph\": [\n\t        {\n\t            \"@type\": \"WebPage\",\n\t            \"@id\": \"https:\/\/www.vita.sk\/online-kurz-sap-financie-a-controlling-fi-co\/\",\n\t            \"url\": \"https:\/\/www.vita.sk\/online-kurz-sap-financie-a-controlling-fi-co\/\",\n\t            \"name\": \"Online kurz SAP Financie a Controlling FICO {Y} | VITA\",\n\t            \"isPartOf\": {\n\t                \"@id\": \"https:\/\/www.vita.sk\/#website\"\n\t            },\n\t            \"primaryImageOfPage\": {\n\t                \"@id\": \"https:\/\/www.vita.sk\/online-kurz-sap-financie-a-controlling-fi-co\/#primaryimage\"\n\t            },\n\t            \"image\": {\n\t                \"@id\": \"https:\/\/www.vita.sk\/online-kurz-sap-financie-a-controlling-fi-co\/#primaryimage\"\n\t            },\n\t            \"thumbnailUrl\": \"https:\/\/www.vita.sk\/wp-content\/uploads\/2020\/11\/kurz-sap.png\",\n\t            \"datePublished\": \"2021-12-09T11:47:08+00:00\",\n\t            \"dateModified\": \"2026-03-16T18:42:45+00:00\",\n\t            \"description\": \"V online kurze SAP Financie a Controlling FICO sa nau\u010d\u00edte pracova\u0165 s finan\u010dn\u00fdmi a controllingov\u00fdmi modulmi SAP od z\u00e1kladov a\u017e po pokro\u010dil\u00e9 funkcie. \u2705\",\n\t            \"breadcrumb\": {\n\t                \"@id\": \"https:\/\/www.vita.sk\/online-kurz-sap-financie-a-controlling-fi-co\/#breadcrumb\"\n\t            },\n\t            \"inLanguage\": \"cs\",\n\t            \"potentialAction\": [\n\t                {\n\t                    \"@type\": \"ReadAction\",\n\t                    \"target\": [\n\t                        \"https:\/\/www.vita.sk\/online-kurz-sap-financie-a-controlling-fi-co\/\"\n\t                    ]\n\t                }\n\t            ]\n\t        },\n\t        {\n\t            \"@type\": \"ImageObject\",\n\t            \"inLanguage\": \"cs\",\n\t            \"@id\": \"https:\/\/www.vita.sk\/online-kurz-sap-financie-a-controlling-fi-co\/#primaryimage\",\n\t            \"url\": \"https:\/\/www.vita.sk\/wp-content\/uploads\/2020\/11\/kurz-sap.png\",\n\t            \"contentUrl\": \"https:\/\/www.vita.sk\/wp-content\/uploads\/2020\/11\/kurz-sap.png\",\n\t            \"width\": 360,\n\t            \"height\": 360,\n\t            \"caption\": \"Online kurz SAP\"\n\t        },\n\t        {\n\t            \"@type\": \"BreadcrumbList\",\n\t            \"@id\": \"https:\/\/www.vita.sk\/online-kurz-sap-financie-a-controlling-fi-co\/#breadcrumb\",\n\t            \"itemListElement\": [\n\t                {\n\t                    \"@type\": \"ListItem\",\n\t                    \"position\": 1,\n\t                    \"name\": \"VITA Academy\",\n\t                    \"item\": \"https:\/\/www.vita.sk\/cs\/\"\n\t                },\n\t                {\n\t                    \"@type\": \"ListItem\",\n\t                    \"position\": 2,\n\t                    \"name\": \"Shop\",\n\t                    \"item\": \"https:\/\/www.vita.sk\/shop\/\"\n\t                },\n\t                {\n\t                    \"@type\": \"ListItem\",\n\t                    \"position\": 3,\n\t                    \"name\": \"SAP a ABAP\",\n\t                    \"item\": \"https:\/\/www.vita.sk\/online-kurzy-sap-a-abap\/\"\n\t                },\n\t                {\n\t                    \"@type\": \"ListItem\",\n\t                    \"position\": 4,\n\t                    \"name\": \"SAP FI Financials\",\n\t                    \"item\": \"https:\/\/www.vita.sk\/online-kurzy-sap-fi-financials\/\"\n\t                },\n\t                {\n\t                    \"@type\": \"ListItem\",\n\t                    \"position\": 5,\n\t                    \"name\": \"Online kurz SAP Financie a Controlling FICO\"\n\t                }\n\t            ]\n\t        },\n\t        {\n\t            \"@type\": \"WebSite\",\n\t            \"@id\": \"https:\/\/www.vita.sk\/#website\",\n\t            \"url\": \"https:\/\/www.vita.sk\/\",\n\t            \"name\": \"VITA\",\n\t            \"description\": \"\",\n\t            \"publisher\": {\n\t                \"@id\": \"https:\/\/www.vita.sk\/#organization\"\n\t            },\n\t            \"potentialAction\": [\n\t                {\n\t                    \"@type\": \"SearchAction\",\n\t                    \"target\": {\n\t                        \"@type\": \"EntryPoint\",\n\t                        \"urlTemplate\": \"https:\/\/www.vita.sk\/?s={search_term_string}\"\n\t                    },\n\t                    \"query-input\": {\n\t                        \"@type\": \"PropertyValueSpecification\",\n\t                        \"valueRequired\": true,\n\t                        \"valueName\": \"search_term_string\"\n\t                    }\n\t                }\n\t            ],\n\t            \"inLanguage\": \"cs\"\n\t        },\n\t        {\n\t            \"email\": \"admin@vita.sk\",\n\t            \"logo\": \"https:\/\/www.vita.sk\/img\/vita_logo.png \",\n\t            \"address\": {\n\t                \"type\": \"PostalAddress\",\n\t                \"streetAddress\": \"Tom\u00e1\u0161ikova 50\/A\",\n\t                \"addressLocality\": \"Bratislava\",\n\t                \"postalCode\": \"83104\",\n\t                \"addressCountry\": {\n\t                    \"name\": \"SK\",\n\t                    \"type\": \"Country\"\n\t                }\n\t            },\n\t            \"contactPoint\": {\n\t                \"type\": \"ContactPoint\",\n\t                \"telephone\": \"+421 907 375\u00a0543\",\n\t                \"Email\": \"admin@vita.sk\",\n\t                \"contactType\": \"customer service\"\n\t            },\n\t            \"sameAs\": [\n\t                \"https:\/\/www.facebook.com\/VitaAcademySK\/\",\n\t                \"https:\/\/www.linkedin.com\/company\/vita-academy\/\"\n\t            ]\n\t        }\n\t    ]\n\t}<\/script>\n<!-- \/ Yoast SEO Premium plugin. -->","yoast_head_json":{"title":"Online kurz SAP Financie a Controlling FICO 2026 | VITA","description":"V online kurze SAP Financie a Controlling FICO sa nau\u010d\u00edte pracova\u0165 s finan\u010dn\u00fdmi a controllingov\u00fdmi modulmi SAP od z\u00e1kladov a\u017e po pokro\u010dil\u00e9 funkcie. \u2705","robots":{"index":"index","follow":"follow","max-snippet":"max-snippet:-1","max-image-preview":"max-image-preview:large","max-video-preview":"max-video-preview:-1"},"canonical":"https:\/\/www.vita.sk\/online-kurz-sap-financie-a-controlling-fi-co\/","og_locale":"cs_CZ","og_type":"article","og_title":"Online kurz SAP Financie a Controlling FICO","og_description":"V online kurze SAP Financie a Controlling FICO sa nau\u010d\u00edte pracova\u0165 s finan\u010dn\u00fdmi a controllingov\u00fdmi modulmi SAP od z\u00e1kladov a\u017e po pokro\u010dil\u00e9 funkcie. \u2705","og_url":"https:\/\/www.vita.sk\/online-kurz-sap-financie-a-controlling-fi-co\/","og_site_name":"VITA","article_publisher":"https:\/\/www.facebook.com\/VitaAcademySK","article_modified_time":"2026-03-16T18:42:45+00:00","og_image":[{"width":360,"height":360,"url":"https:\/\/www.vita.sk\/wp-content\/uploads\/2020\/11\/kurz-sap.png","type":"image\/png"}],"twitter_card":"summary_large_image","twitter_misc":{"Odhadovan\u00e1 doba \u010dten\u00ed":"1 minuta"},"schema":{"@context":"https:\/\/schema.org","@graph":[{"@type":"WebPage","@id":"https:\/\/www.vita.sk\/online-kurz-sap-financie-a-controlling-fi-co\/","url":"https:\/\/www.vita.sk\/online-kurz-sap-financie-a-controlling-fi-co\/","name":"Online kurz SAP Financie a Controlling FICO {Y} | VITA","isPartOf":{"@id":"https:\/\/www.vita.sk\/#website"},"primaryImageOfPage":{"@id":"https:\/\/www.vita.sk\/online-kurz-sap-financie-a-controlling-fi-co\/#primaryimage"},"image":{"@id":"https:\/\/www.vita.sk\/online-kurz-sap-financie-a-controlling-fi-co\/#primaryimage"},"thumbnailUrl":"https:\/\/www.vita.sk\/wp-content\/uploads\/2020\/11\/kurz-sap.png","datePublished":"2021-12-09T11:47:08+00:00","dateModified":"2026-03-16T18:42:45+00:00","description":"V online kurze SAP Financie a Controlling FICO sa nau\u010d\u00edte pracova\u0165 s finan\u010dn\u00fdmi a controllingov\u00fdmi modulmi SAP od z\u00e1kladov a\u017e po pokro\u010dil\u00e9 funkcie. \u2705","breadcrumb":{"@id":"https:\/\/www.vita.sk\/online-kurz-sap-financie-a-controlling-fi-co\/#breadcrumb"},"inLanguage":"cs","potentialAction":[{"@type":"ReadAction","target":["https:\/\/www.vita.sk\/online-kurz-sap-financie-a-controlling-fi-co\/"]}]},{"@type":"ImageObject","inLanguage":"cs","@id":"https:\/\/www.vita.sk\/online-kurz-sap-financie-a-controlling-fi-co\/#primaryimage","url":"https:\/\/www.vita.sk\/wp-content\/uploads\/2020\/11\/kurz-sap.png","contentUrl":"https:\/\/www.vita.sk\/wp-content\/uploads\/2020\/11\/kurz-sap.png","width":360,"height":360,"caption":"Online kurz SAP"},{"@type":"BreadcrumbList","@id":"https:\/\/www.vita.sk\/online-kurz-sap-financie-a-controlling-fi-co\/#breadcrumb","itemListElement":[{"@type":"ListItem","position":1,"name":"VITA Academy","item":"https:\/\/www.vita.sk\/cs\/"},{"@type":"ListItem","position":2,"name":"Shop","item":"https:\/\/www.vita.sk\/shop\/"},{"@type":"ListItem","position":3,"name":"SAP a ABAP","item":"https:\/\/www.vita.sk\/online-kurzy-sap-a-abap\/"},{"@type":"ListItem","position":4,"name":"SAP FI Financials","item":"https:\/\/www.vita.sk\/online-kurzy-sap-fi-financials\/"},{"@type":"ListItem","position":5,"name":"Online kurz SAP Financie a Controlling FICO"}]},{"@type":"WebSite","@id":"https:\/\/www.vita.sk\/#website","url":"https:\/\/www.vita.sk\/","name":"VITA","description":"","publisher":{"@id":"https:\/\/www.vita.sk\/#organization"},"potentialAction":[{"@type":"SearchAction","target":{"@type":"EntryPoint","urlTemplate":"https:\/\/www.vita.sk\/?s={search_term_string}"},"query-input":{"@type":"PropertyValueSpecification","valueRequired":true,"valueName":"search_term_string"}}],"inLanguage":"cs"},{"email":"admin@vita.sk","logo":"https:\/\/www.vita.sk\/img\/vita_logo.png ","address":{"type":"PostalAddress","streetAddress":"Tom\u00e1\u0161ikova 50\/A","addressLocality":"Bratislava","postalCode":"83104","addressCountry":{"name":"SK","type":"Country"}},"contactPoint":{"type":"ContactPoint","telephone":"+421 907 375\u00a0543","Email":"admin@vita.sk","contactType":"customer service"},"sameAs":["https:\/\/www.facebook.com\/VitaAcademySK\/","https:\/\/www.linkedin.com\/company\/vita-academy\/"]}]}},"acf":[],"_links":{"self":[{"href":"https:\/\/www.vita.sk\/cs\/wp-json\/wp\/v2\/product\/8177","targetHints":{"allow":["GET"]}}],"collection":[{"href":"https:\/\/www.vita.sk\/cs\/wp-json\/wp\/v2\/product"}],"about":[{"href":"https:\/\/www.vita.sk\/cs\/wp-json\/wp\/v2\/types\/product"}],"author":[{"embeddable":true,"href":"https:\/\/www.vita.sk\/cs\/wp-json\/wp\/v2\/users\/4"}],"replies":[{"embeddable":true,"href":"https:\/\/www.vita.sk\/cs\/wp-json\/wp\/v2\/comments?post=8177"}],"wp:featuredmedia":[{"embeddable":true,"href":"https:\/\/www.vita.sk\/cs\/wp-json\/wp\/v2\/media\/4244"}],"wp:attachment":[{"href":"https:\/\/www.vita.sk\/cs\/wp-json\/wp\/v2\/media?parent=8177"}],"wp:term":[{"taxonomy":"product_brand","embeddable":true,"href":"https:\/\/www.vita.sk\/cs\/wp-json\/wp\/v2\/product_brand?post=8177"},{"taxonomy":"product_cat","embeddable":true,"href":"https:\/\/www.vita.sk\/cs\/wp-json\/wp\/v2\/product_cat?post=8177"},{"taxonomy":"product_tag","embeddable":true,"href":"https:\/\/www.vita.sk\/cs\/wp-json\/wp\/v2\/product_tag?post=8177"}],"curies":[{"name":"wp","href":"https:\/\/api.w.org\/{rel}","templated":true}]}}